{"id":43739,"date":"2023-04-17T03:32:16","date_gmt":"2023-04-16T19:32:16","guid":{"rendered":"https:\/\/zxdoll.com\/?post_type=product&#038;p=43739"},"modified":"2025-09-10T22:07:14","modified_gmt":"2025-09-10T14:07:14","slug":"super-small-breast-harmony-realdoll","status":"publish","type":"product","link":"https:\/\/zxdoll.com\/de\/product\/super-small-breast-harmony-realdoll\/","title":{"rendered":"Super kleine Brust Harmony Realdoll Loralie 168cm"},"content":{"rendered":"<h4><strong>Bilder von Sexpuppen<\/strong><\/h4>\n\t                <ul class=\"easy-image-gallery thumbnails-18 linked\">\r\n                    <li><a data-fancybox=\"gallery334\" href=\"https:\/\/zxdoll.com\/wp-content\/uploads\/2023\/04\/sex-doll-shop-8u6v1-533x800.jpg\" class=\"eig-popup\" title=\"\" data-caption=\"\" target=\"_blank\"><i class=\"icon-view\"><\/i><span class=\"overlay\"><\/span><img decoding=\"async\" width=\"150\" height=\"150\" src=\"https:\/\/zxdoll.com\/wp-content\/uploads\/2023\/04\/sex-doll-shop-8u6v1-150x150.jpg\" class=\"attachment-thumbnail size-thumbnail\" alt=\"\" title=\"\"><\/a><\/li><li><a data-fancybox=\"gallery334\" href=\"https:\/\/zxdoll.com\/wp-content\/uploads\/2023\/04\/sex-doll-shop-8u6v2-533x800.jpg\" class=\"eig-popup\" title=\"\" data-caption=\"\" target=\"_blank\"><i class=\"icon-view\"><\/i><span class=\"overlay\"><\/span><img decoding=\"async\" width=\"150\" height=\"150\" src=\"https:\/\/zxdoll.com\/wp-content\/uploads\/2023\/04\/sex-doll-shop-8u6v2-150x150.jpg\" class=\"attachment-thumbnail size-thumbnail\" alt=\"\" title=\"\"><\/a><\/li><li><a data-fancybox=\"gallery334\" href=\"https:\/\/zxdoll.com\/wp-content\/uploads\/2023\/04\/sex-doll-shop-8u6v3-533x800.jpg\" class=\"eig-popup\" title=\"\" data-caption=\"\" target=\"_blank\"><i class=\"icon-view\"><\/i><span class=\"overlay\"><\/span><img decoding=\"async\" width=\"150\" height=\"150\" src=\"https:\/\/zxdoll.com\/wp-content\/uploads\/2023\/04\/sex-doll-shop-8u6v3-150x150.jpg\" class=\"attachment-thumbnail size-thumbnail\" alt=\"\" title=\"\"><\/a><\/li><li><a data-fancybox=\"gallery334\" href=\"https:\/\/zxdoll.com\/wp-content\/uploads\/2023\/04\/sex-doll-shop-8u6v4-533x800.jpg\" class=\"eig-popup\" title=\"\" data-caption=\"\" target=\"_blank\"><i class=\"icon-view\"><\/i><span class=\"overlay\"><\/span><img loading=\"lazy\" decoding=\"async\" width=\"150\" height=\"150\" src=\"https:\/\/zxdoll.com\/wp-content\/uploads\/2023\/04\/sex-doll-shop-8u6v4-150x150.jpg\" class=\"attachment-thumbnail size-thumbnail\" alt=\"\" title=\"\"><\/a><\/li><li><a data-fancybox=\"gallery334\" href=\"https:\/\/zxdoll.com\/wp-content\/uploads\/2023\/04\/sex-doll-shop-8u6v5-533x800.jpg\" class=\"eig-popup\" title=\"\" data-caption=\"\" target=\"_blank\"><i class=\"icon-view\"><\/i><span class=\"overlay\"><\/span><img loading=\"lazy\" decoding=\"async\" width=\"150\" height=\"150\" src=\"https:\/\/zxdoll.com\/wp-content\/uploads\/2023\/04\/sex-doll-shop-8u6v5-150x150.jpg\" class=\"attachment-thumbnail size-thumbnail\" alt=\"\" title=\"\"><\/a><\/li><li><a data-fancybox=\"gallery334\" href=\"https:\/\/zxdoll.com\/wp-content\/uploads\/2023\/04\/sex-doll-shop-8u6v6-533x800.jpg\" class=\"eig-popup\" title=\"\" data-caption=\"\" target=\"_blank\"><i class=\"icon-view\"><\/i><span class=\"overlay\"><\/span><img loading=\"lazy\" decoding=\"async\" width=\"150\" height=\"150\" src=\"https:\/\/zxdoll.com\/wp-content\/uploads\/2023\/04\/sex-doll-shop-8u6v6-150x150.jpg\" class=\"attachment-thumbnail size-thumbnail\" alt=\"\" title=\"\"><\/a><\/li><li><a data-fancybox=\"gallery334\" href=\"https:\/\/zxdoll.com\/wp-content\/uploads\/2023\/04\/sex-doll-shop-8u6v7-533x800.jpg\" class=\"eig-popup\" title=\"\" data-caption=\"\" target=\"_blank\"><i class=\"icon-view\"><\/i><span class=\"overlay\"><\/span><img loading=\"lazy\" decoding=\"async\" width=\"150\" height=\"150\" src=\"https:\/\/zxdoll.com\/wp-content\/uploads\/2023\/04\/sex-doll-shop-8u6v7-150x150.jpg\" class=\"attachment-thumbnail size-thumbnail\" alt=\"\" title=\"\"><\/a><\/li><li><a data-fancybox=\"gallery334\" href=\"https:\/\/zxdoll.com\/wp-content\/uploads\/2023\/04\/sex-doll-shop-8u6v8-508x800.jpg\" class=\"eig-popup\" title=\"\" data-caption=\"\" target=\"_blank\"><i class=\"icon-view\"><\/i><span class=\"overlay\"><\/span><img loading=\"lazy\" decoding=\"async\" width=\"150\" height=\"150\" src=\"https:\/\/zxdoll.com\/wp-content\/uploads\/2023\/04\/sex-doll-shop-8u6v8-150x150.jpg\" class=\"attachment-thumbnail size-thumbnail\" alt=\"\" title=\"\"><\/a><\/li><li><a data-fancybox=\"gallery334\" href=\"https:\/\/zxdoll.com\/wp-content\/uploads\/2023\/04\/sex-doll-shop-8u6v9-533x800.jpg\" class=\"eig-popup\" title=\"\" data-caption=\"\" target=\"_blank\"><i class=\"icon-view\"><\/i><span class=\"overlay\"><\/span><img loading=\"lazy\" decoding=\"async\" width=\"150\" height=\"150\" src=\"https:\/\/zxdoll.com\/wp-content\/uploads\/2023\/04\/sex-doll-shop-8u6v9-150x150.jpg\" class=\"attachment-thumbnail size-thumbnail\" alt=\"\" title=\"\"><\/a><\/li><li><a data-fancybox=\"gallery334\" href=\"https:\/\/zxdoll.com\/wp-content\/uploads\/2023\/04\/sex-doll-shop-8u6v10-497x800.jpg\" class=\"eig-popup\" title=\"\" data-caption=\"\" target=\"_blank\"><i class=\"icon-view\"><\/i><span class=\"overlay\"><\/span><img loading=\"lazy\" decoding=\"async\" width=\"150\" height=\"150\" src=\"https:\/\/zxdoll.com\/wp-content\/uploads\/2023\/04\/sex-doll-shop-8u6v10-150x150.jpg\" class=\"attachment-thumbnail size-thumbnail\" alt=\"\" title=\"\"><\/a><\/li><li><a data-fancybox=\"gallery334\" href=\"https:\/\/zxdoll.com\/wp-content\/uploads\/2023\/04\/sex-doll-shop-8u6v12-518x800.jpg\" class=\"eig-popup\" title=\"\" data-caption=\"\" target=\"_blank\"><i class=\"icon-view\"><\/i><span class=\"overlay\"><\/span><img loading=\"lazy\" decoding=\"async\" width=\"150\" height=\"150\" src=\"https:\/\/zxdoll.com\/wp-content\/uploads\/2023\/04\/sex-doll-shop-8u6v12-150x150.jpg\" class=\"attachment-thumbnail size-thumbnail\" alt=\"\" title=\"\"><\/a><\/li><li><a data-fancybox=\"gallery334\" href=\"https:\/\/zxdoll.com\/wp-content\/uploads\/2023\/04\/sex-doll-shop-8u6v13-481x800.jpg\" class=\"eig-popup\" title=\"\" data-caption=\"\" target=\"_blank\"><i class=\"icon-view\"><\/i><span class=\"overlay\"><\/span><img loading=\"lazy\" decoding=\"async\" width=\"150\" height=\"150\" src=\"https:\/\/zxdoll.com\/wp-content\/uploads\/2023\/04\/sex-doll-shop-8u6v13-150x150.jpg\" class=\"attachment-thumbnail size-thumbnail\" alt=\"\" title=\"\"><\/a><\/li><li><a data-fancybox=\"gallery334\" href=\"https:\/\/zxdoll.com\/wp-content\/uploads\/2023\/04\/sex-doll-shop-8u6v14-491x800.jpg\" class=\"eig-popup\" title=\"\" data-caption=\"\" target=\"_blank\"><i class=\"icon-view\"><\/i><span class=\"overlay\"><\/span><img loading=\"lazy\" decoding=\"async\" width=\"150\" height=\"150\" src=\"https:\/\/zxdoll.com\/wp-content\/uploads\/2023\/04\/sex-doll-shop-8u6v14-150x150.jpg\" class=\"attachment-thumbnail size-thumbnail\" alt=\"\" title=\"\"><\/a><\/li><li><a data-fancybox=\"gallery334\" href=\"https:\/\/zxdoll.com\/wp-content\/uploads\/2023\/04\/sex-doll-shop-8u6v15-524x800.jpg\" class=\"eig-popup\" title=\"\" data-caption=\"\" target=\"_blank\"><i class=\"icon-view\"><\/i><span class=\"overlay\"><\/span><img loading=\"lazy\" decoding=\"async\" width=\"150\" height=\"150\" src=\"https:\/\/zxdoll.com\/wp-content\/uploads\/2023\/04\/sex-doll-shop-8u6v15-150x150.jpg\" class=\"attachment-thumbnail size-thumbnail\" alt=\"\" title=\"\"><\/a><\/li><li><a data-fancybox=\"gallery334\" href=\"https:\/\/zxdoll.com\/wp-content\/uploads\/2023\/04\/sex-doll-shop-8u6v16-533x800.jpg\" class=\"eig-popup\" title=\"\" data-caption=\"\" target=\"_blank\"><i class=\"icon-view\"><\/i><span class=\"overlay\"><\/span><img loading=\"lazy\" decoding=\"async\" width=\"150\" height=\"150\" src=\"https:\/\/zxdoll.com\/wp-content\/uploads\/2023\/04\/sex-doll-shop-8u6v16-150x150.jpg\" class=\"attachment-thumbnail size-thumbnail\" alt=\"\" title=\"\"><\/a><\/li><li><a data-fancybox=\"gallery334\" href=\"https:\/\/zxdoll.com\/wp-content\/uploads\/2023\/04\/sex-doll-shop-8u6v17-1-533x800.jpg\" class=\"eig-popup\" title=\"\" data-caption=\"\" target=\"_blank\"><i class=\"icon-view\"><\/i><span class=\"overlay\"><\/span><img loading=\"lazy\" decoding=\"async\" width=\"150\" height=\"150\" src=\"https:\/\/zxdoll.com\/wp-content\/uploads\/2023\/04\/sex-doll-shop-8u6v17-1-150x150.jpg\" class=\"attachment-thumbnail size-thumbnail\" alt=\"\" title=\"\"><\/a><\/li><li><a data-fancybox=\"gallery334\" href=\"https:\/\/zxdoll.com\/wp-content\/uploads\/2023\/04\/sex-doll-shop-8u6v18-533x800.jpg\" class=\"eig-popup\" title=\"\" data-caption=\"\" target=\"_blank\"><i class=\"icon-view\"><\/i><span class=\"overlay\"><\/span><img loading=\"lazy\" decoding=\"async\" width=\"150\" height=\"150\" src=\"https:\/\/zxdoll.com\/wp-content\/uploads\/2023\/04\/sex-doll-shop-8u6v18-150x150.jpg\" class=\"attachment-thumbnail size-thumbnail\" alt=\"\" title=\"\"><\/a><\/li><li><a data-fancybox=\"gallery334\" href=\"https:\/\/zxdoll.com\/wp-content\/uploads\/2023\/04\/sex-doll-shop-8u6v19-531x800.jpg\" class=\"eig-popup\" title=\"\" data-caption=\"\" target=\"_blank\"><i class=\"icon-view\"><\/i><span class=\"overlay\"><\/span><img loading=\"lazy\" decoding=\"async\" width=\"150\" height=\"150\" src=\"https:\/\/zxdoll.com\/wp-content\/uploads\/2023\/04\/sex-doll-shop-8u6v19-150x150.jpg\" class=\"attachment-thumbnail size-thumbnail\" alt=\"\" title=\"\"><\/a><\/li><\/ul>\n<h4>Gr\u00f6\u00dfentabellen<\/h4>\n<table width=\"292\">\n<tbody>\n<tr>\n<td width=\"153\">Material<\/td>\n<td width=\"139\">TPE<\/td>\n<\/tr>\n<tr>\n<td>H\u00f6he<\/td>\n<td>168cm<\/td>\n<\/tr>\n<tr>\n<td>Brustlinie<\/td>\n<td>67cm<\/td>\n<\/tr>\n<tr>\n<td>Taillenlinie<\/td>\n<td>53cm<\/td>\n<\/tr>\n<tr>\n<td>H\u00fcftlinie<\/td>\n<td>73cm<\/td>\n<\/tr>\n<tr>\n<td>Schulterbreite<\/td>\n<td>32cm<\/td>\n<\/tr>\n<tr>\n<td>Arml\u00e4nge<\/td>\n<td>58cm<\/td>\n<\/tr>\n<tr>\n<td>Beinl\u00e4nge<\/td>\n<td>109cm<\/td>\n<\/tr>\n<tr>\n<td>Fu\u00dfgr\u00f6\u00dfe<\/td>\n<td>22cm<\/td>\n<\/tr>\n<tr>\n<td>Oberschenkellinie<\/td>\n<td>44cm<\/td>\n<\/tr>\n<tr>\n<td>Wadenlinie<\/td>\n<td>27cm<\/td>\n<\/tr>\n<tr>\n<td>Reingewicht<\/td>\n<td>28,5 kg<\/td>\n<\/tr>\n<tr>\n<td>M\u00fcndliche Tiefe<\/td>\n<td>13cm<\/td>\n<\/tr>\n<tr>\n<td>Vagina-Tiefe<\/td>\n<td>18cm<\/td>\n<\/tr>\n<tr>\n<td>Anale Tiefe<\/td>\n<td>16cm<\/td>\n<\/tr>\n<\/tbody>\n<\/table>\n<h4>\u00dcber die Sexpuppe<\/h4>\n<p>Wenn Sie sich jemals gefragt haben, wie es ist, eine launische Puppe zu ficken, haben Sie Gl\u00fcck. Lernen Sie Ray kennen, die aktuelle Sexpuppe mit kleinen Br\u00fcsten. Die meisten TPE-Sexpuppen sind nicht so flexibel oder sexy oder auch nur ann\u00e4hernd so verf\u00fchrerisch wie diese Sch\u00f6nheit.<\/p>\n<p>Lassen Sie sich nicht von ihren langen Haaren und ihrem ruhigen Auftreten t\u00e4uschen; Diese Super-Sexpuppe ist mehr als bereit, jede sexuelle Stellung auszuprobieren, und sie beherrscht diese auch. Tats\u00e4chlich findet man nur sehr selten eine lebensechte Liebespuppe wie sie, und das sagen wir nicht leichtfertig. Diese Puppe ist vielleicht keine Pfeiferpuppe, aber sie hat den K\u00f6rperbau einer solchen.<\/p>\n<p>Gro\u00dfe Br\u00fcste, ein heller Teint, ein umwerfendes Gesicht und auff\u00e4llige Haare. Dies sind nicht die einzigen Merkmale, die diese Liebespuppe einzigartig machen. Sie ist eine Shemale-Sexpuppe und hat neben ihrer Puppenmuschi und ihrem Puppenarsch auch einen abnehmbaren Penis. Das macht sie zu einer vielseitig einsetzbaren Puppe, perfekt f\u00fcr M\u00e4nner, Frauen und Menschen au\u00dferhalb dieser beiden Geschlechter.<\/p>\n<p>Und in der gewohnten Harmonie einer echten Puppe verf\u00fcgt diese Liebespuppe \u00fcber einen nahtlos angebrachten Kopf, der zur Abwechslung leicht abgenommen werden kann, sodass Sie mehrere Puppenk\u00f6pfe wie ihren erhalten und diese austauschen k\u00f6nnen, wobei ihr perfekt trainierter K\u00f6rper erhalten bleibt. Ist das nicht erstaunlich?<\/p>","protected":false},"excerpt":{"rendered":"<p>Sexpuppenbilder Gr\u00f6\u00dfentabellen Material TPE H\u00f6he 168 cm Brustumfang 67 cm Taillenumfang 53 cm H\u00fcftumfang 73 cm Schulterbreite<\/p>","protected":false},"featured_media":43740,"comment_status":"open","ping_status":"closed","template":"","meta":[],"product_brand":[],"product_cat":[119,75,228,102,107,117],"product_tag":[],"class_list":{"0":"post-43739","1":"product","2":"type-product","3":"status-publish","4":"has-post-thumbnail","6":"product_cat-tpe-sex-doll","7":"product_cat-160cm-170cm-sex-dolls","8":"product_cat-26kg-30kg","9":"product_cat-fantasy-sex-dolls","10":"product_cat-skinny-sex-dolls","11":"product_cat-small-breast-sex-doll","12":"pa_brand-fire-doll","13":"tm-has-options","15":"first","16":"instock","17":"sale","18":"shipping-taxable","19":"purchasable","20":"product-type-simple"},"_links":{"self":[{"href":"https:\/\/zxdoll.com\/de\/wp-json\/wp\/v2\/product\/43739","targetHints":{"allow":["GET"]}}],"collection":[{"href":"https:\/\/zxdoll.com\/de\/wp-json\/wp\/v2\/product"}],"about":[{"href":"https:\/\/zxdoll.com\/de\/wp-json\/wp\/v2\/types\/product"}],"replies":[{"embeddable":true,"href":"https:\/\/zxdoll.com\/de\/wp-json\/wp\/v2\/comments?post=43739"}],"version-history":[{"count":2,"href":"https:\/\/zxdoll.com\/de\/wp-json\/wp\/v2\/product\/43739\/revisions"}],"predecessor-version":[{"id":155438,"href":"https:\/\/zxdoll.com\/de\/wp-json\/wp\/v2\/product\/43739\/revisions\/155438"}],"wp:featuredmedia":[{"embeddable":true,"href":"https:\/\/zxdoll.com\/de\/wp-json\/wp\/v2\/media\/43740"}],"wp:attachment":[{"href":"https:\/\/zxdoll.com\/de\/wp-json\/wp\/v2\/media?parent=43739"}],"wp:term":[{"taxonomy":"product_brand","embeddable":true,"href":"https:\/\/zxdoll.com\/de\/wp-json\/wp\/v2\/product_brand?post=43739"},{"taxonomy":"product_cat","embeddable":true,"href":"https:\/\/zxdoll.com\/de\/wp-json\/wp\/v2\/product_cat?post=43739"},{"taxonomy":"product_tag","embeddable":true,"href":"https:\/\/zxdoll.com\/de\/wp-json\/wp\/v2\/product_tag?post=43739"}],"curies":[{"name":"wp","href":"https:\/\/api.w.org\/{rel}","templated":true}]}}