{"id":43348,"date":"2023-04-17T02:30:17","date_gmt":"2023-04-16T18:30:17","guid":{"rendered":"https:\/\/zxdoll.com\/?post_type=product&#038;p=43348"},"modified":"2025-09-10T21:43:26","modified_gmt":"2025-09-10T13:43:26","slug":"pretty-face-perfect-body-petite-love-doll","status":"publish","type":"product","link":"https:\/\/zxdoll.com\/de\/product\/pretty-face-perfect-body-petite-love-doll\/","title":{"rendered":"H\u00fcbsches Gesicht Perfekter K\u00f6rper Zierliche Liebespuppe Fidela 166cm"},"content":{"rendered":"<h4><strong>Bilder von Sexpuppen<\/strong><\/h4>\n\t                <ul class=\"easy-image-gallery thumbnails-15 linked\">\r\n                    <li><a data-fancybox=\"gallery319\" href=\"https:\/\/zxdoll.com\/wp-content\/uploads\/2023\/04\/real-doll-vid-87yc1-533x800.jpg\" class=\"eig-popup\" title=\"\" data-caption=\"\" target=\"_blank\"><i class=\"icon-view\"><\/i><span class=\"overlay\"><\/span><img decoding=\"async\" width=\"150\" height=\"150\" src=\"https:\/\/zxdoll.com\/wp-content\/uploads\/2023\/04\/real-doll-vid-87yc1-150x150.jpg\" class=\"attachment-thumbnail size-thumbnail\" alt=\"\" title=\"\"><\/a><\/li><li><a data-fancybox=\"gallery319\" href=\"https:\/\/zxdoll.com\/wp-content\/uploads\/2023\/04\/real-doll-vid-87yc2-533x800.jpg\" class=\"eig-popup\" title=\"\" data-caption=\"\" target=\"_blank\"><i class=\"icon-view\"><\/i><span class=\"overlay\"><\/span><img decoding=\"async\" width=\"150\" height=\"150\" src=\"https:\/\/zxdoll.com\/wp-content\/uploads\/2023\/04\/real-doll-vid-87yc2-150x150.jpg\" class=\"attachment-thumbnail size-thumbnail\" alt=\"\" title=\"\"><\/a><\/li><li><a data-fancybox=\"gallery319\" href=\"https:\/\/zxdoll.com\/wp-content\/uploads\/2023\/04\/real-doll-vid-87yc3-533x800.jpg\" class=\"eig-popup\" title=\"\" data-caption=\"\" target=\"_blank\"><i class=\"icon-view\"><\/i><span class=\"overlay\"><\/span><img decoding=\"async\" width=\"150\" height=\"150\" src=\"https:\/\/zxdoll.com\/wp-content\/uploads\/2023\/04\/real-doll-vid-87yc3-150x150.jpg\" class=\"attachment-thumbnail size-thumbnail\" alt=\"\" title=\"\"><\/a><\/li><li><a data-fancybox=\"gallery319\" href=\"https:\/\/zxdoll.com\/wp-content\/uploads\/2023\/04\/real-doll-vid-87yc4-533x800.jpg\" class=\"eig-popup\" title=\"\" data-caption=\"\" target=\"_blank\"><i class=\"icon-view\"><\/i><span class=\"overlay\"><\/span><img loading=\"lazy\" decoding=\"async\" width=\"150\" height=\"150\" src=\"https:\/\/zxdoll.com\/wp-content\/uploads\/2023\/04\/real-doll-vid-87yc4-150x150.jpg\" class=\"attachment-thumbnail size-thumbnail\" alt=\"\" title=\"\"><\/a><\/li><li><a data-fancybox=\"gallery319\" href=\"https:\/\/zxdoll.com\/wp-content\/uploads\/2023\/04\/real-doll-vid-87yc6-533x800.jpg\" class=\"eig-popup\" title=\"\" data-caption=\"\" target=\"_blank\"><i class=\"icon-view\"><\/i><span class=\"overlay\"><\/span><img loading=\"lazy\" decoding=\"async\" width=\"150\" height=\"150\" src=\"https:\/\/zxdoll.com\/wp-content\/uploads\/2023\/04\/real-doll-vid-87yc6-150x150.jpg\" class=\"attachment-thumbnail size-thumbnail\" alt=\"\" title=\"\"><\/a><\/li><li><a data-fancybox=\"gallery319\" href=\"https:\/\/zxdoll.com\/wp-content\/uploads\/2023\/04\/real-doll-vid-87yc7-533x800.jpg\" class=\"eig-popup\" title=\"\" data-caption=\"\" target=\"_blank\"><i class=\"icon-view\"><\/i><span class=\"overlay\"><\/span><img loading=\"lazy\" decoding=\"async\" width=\"150\" height=\"150\" src=\"https:\/\/zxdoll.com\/wp-content\/uploads\/2023\/04\/real-doll-vid-87yc7-150x150.jpg\" class=\"attachment-thumbnail size-thumbnail\" alt=\"\" title=\"\"><\/a><\/li><li><a data-fancybox=\"gallery319\" href=\"https:\/\/zxdoll.com\/wp-content\/uploads\/2023\/04\/real-doll-vid-87yc8-533x800.jpg\" class=\"eig-popup\" title=\"\" data-caption=\"\" target=\"_blank\"><i class=\"icon-view\"><\/i><span class=\"overlay\"><\/span><img loading=\"lazy\" decoding=\"async\" width=\"150\" height=\"150\" src=\"https:\/\/zxdoll.com\/wp-content\/uploads\/2023\/04\/real-doll-vid-87yc8-150x150.jpg\" class=\"attachment-thumbnail size-thumbnail\" alt=\"\" title=\"\"><\/a><\/li><li><a data-fancybox=\"gallery319\" href=\"https:\/\/zxdoll.com\/wp-content\/uploads\/2023\/04\/real-doll-vid-87yc9-533x800.jpg\" class=\"eig-popup\" title=\"\" data-caption=\"\" target=\"_blank\"><i class=\"icon-view\"><\/i><span class=\"overlay\"><\/span><img loading=\"lazy\" decoding=\"async\" width=\"150\" height=\"150\" src=\"https:\/\/zxdoll.com\/wp-content\/uploads\/2023\/04\/real-doll-vid-87yc9-150x150.jpg\" class=\"attachment-thumbnail size-thumbnail\" alt=\"\" title=\"\"><\/a><\/li><li><a data-fancybox=\"gallery319\" href=\"https:\/\/zxdoll.com\/wp-content\/uploads\/2023\/04\/real-doll-vid-87yc10-533x800.jpg\" class=\"eig-popup\" title=\"\" data-caption=\"\" target=\"_blank\"><i class=\"icon-view\"><\/i><span class=\"overlay\"><\/span><img loading=\"lazy\" decoding=\"async\" width=\"150\" height=\"150\" src=\"https:\/\/zxdoll.com\/wp-content\/uploads\/2023\/04\/real-doll-vid-87yc10-150x150.jpg\" class=\"attachment-thumbnail size-thumbnail\" alt=\"\" title=\"\"><\/a><\/li><li><a data-fancybox=\"gallery319\" href=\"https:\/\/zxdoll.com\/wp-content\/uploads\/2023\/04\/real-doll-vid-87yc11-533x800.jpg\" class=\"eig-popup\" title=\"\" data-caption=\"\" target=\"_blank\"><i class=\"icon-view\"><\/i><span class=\"overlay\"><\/span><img loading=\"lazy\" decoding=\"async\" width=\"150\" height=\"150\" src=\"https:\/\/zxdoll.com\/wp-content\/uploads\/2023\/04\/real-doll-vid-87yc11-150x150.jpg\" class=\"attachment-thumbnail size-thumbnail\" alt=\"\" title=\"\"><\/a><\/li><li><a data-fancybox=\"gallery319\" href=\"https:\/\/zxdoll.com\/wp-content\/uploads\/2023\/04\/real-doll-vid-87yc12-533x800.jpg\" class=\"eig-popup\" title=\"\" data-caption=\"\" target=\"_blank\"><i class=\"icon-view\"><\/i><span class=\"overlay\"><\/span><img loading=\"lazy\" decoding=\"async\" width=\"150\" height=\"150\" src=\"https:\/\/zxdoll.com\/wp-content\/uploads\/2023\/04\/real-doll-vid-87yc12-150x150.jpg\" class=\"attachment-thumbnail size-thumbnail\" alt=\"\" title=\"\"><\/a><\/li><li><a data-fancybox=\"gallery319\" href=\"https:\/\/zxdoll.com\/wp-content\/uploads\/2023\/04\/real-doll-vid-87yc13-533x800.jpg\" class=\"eig-popup\" title=\"\" data-caption=\"\" target=\"_blank\"><i class=\"icon-view\"><\/i><span class=\"overlay\"><\/span><img loading=\"lazy\" decoding=\"async\" width=\"150\" height=\"150\" src=\"https:\/\/zxdoll.com\/wp-content\/uploads\/2023\/04\/real-doll-vid-87yc13-150x150.jpg\" class=\"attachment-thumbnail size-thumbnail\" alt=\"\" title=\"\"><\/a><\/li><li><a data-fancybox=\"gallery319\" href=\"https:\/\/zxdoll.com\/wp-content\/uploads\/2023\/04\/real-doll-vid-87yc14-533x800.jpg\" class=\"eig-popup\" title=\"\" data-caption=\"\" target=\"_blank\"><i class=\"icon-view\"><\/i><span class=\"overlay\"><\/span><img loading=\"lazy\" decoding=\"async\" width=\"150\" height=\"150\" src=\"https:\/\/zxdoll.com\/wp-content\/uploads\/2023\/04\/real-doll-vid-87yc14-150x150.jpg\" class=\"attachment-thumbnail size-thumbnail\" alt=\"\" title=\"\"><\/a><\/li><li><a data-fancybox=\"gallery319\" href=\"https:\/\/zxdoll.com\/wp-content\/uploads\/2023\/04\/real-doll-vid-87yc15-533x800.jpg\" class=\"eig-popup\" title=\"\" data-caption=\"\" target=\"_blank\"><i class=\"icon-view\"><\/i><span class=\"overlay\"><\/span><img loading=\"lazy\" decoding=\"async\" width=\"150\" height=\"150\" src=\"https:\/\/zxdoll.com\/wp-content\/uploads\/2023\/04\/real-doll-vid-87yc15-150x150.jpg\" class=\"attachment-thumbnail size-thumbnail\" alt=\"\" title=\"\"><\/a><\/li><li><a data-fancybox=\"gallery319\" href=\"https:\/\/zxdoll.com\/wp-content\/uploads\/2023\/04\/real-doll-vid-87yc16-533x800.jpg\" class=\"eig-popup\" title=\"\" data-caption=\"\" target=\"_blank\"><i class=\"icon-view\"><\/i><span class=\"overlay\"><\/span><img loading=\"lazy\" decoding=\"async\" width=\"150\" height=\"150\" src=\"https:\/\/zxdoll.com\/wp-content\/uploads\/2023\/04\/real-doll-vid-87yc16-150x150.jpg\" class=\"attachment-thumbnail size-thumbnail\" alt=\"\" title=\"\"><\/a><\/li><\/ul>\n<h4>Gr\u00f6\u00dfentabellen<\/h4>\n<table width=\"292\">\n<tbody>\n<tr>\n<td width=\"153\">Material<\/td>\n<td width=\"139\">TPE<\/td>\n<\/tr>\n<tr>\n<td>H\u00f6he<\/td>\n<td>166cm<\/td>\n<\/tr>\n<tr>\n<td>Brustlinie<\/td>\n<td>80cm<\/td>\n<\/tr>\n<tr>\n<td>Taillenlinie<\/td>\n<td>57,5cm<\/td>\n<\/tr>\n<tr>\n<td>H\u00fcftlinie<\/td>\n<td>87cm<\/td>\n<\/tr>\n<tr>\n<td>Schulterbreite<\/td>\n<td>38cm<\/td>\n<\/tr>\n<tr>\n<td>Arml\u00e4nge<\/td>\n<td>67cm<\/td>\n<\/tr>\n<tr>\n<td>Beinl\u00e4nge<\/td>\n<td>104cm<\/td>\n<\/tr>\n<tr>\n<td>Fu\u00dfgr\u00f6\u00dfe<\/td>\n<td>21cm<\/td>\n<\/tr>\n<tr>\n<td>Oberschenkellinie<\/td>\n<td>46cm<\/td>\n<\/tr>\n<tr>\n<td>Wadenlinie<\/td>\n<td>30cm<\/td>\n<\/tr>\n<tr>\n<td>Reingewicht<\/td>\n<td>37kg<\/td>\n<\/tr>\n<tr>\n<td>M\u00fcndliche Tiefe<\/td>\n<td>13cm<\/td>\n<\/tr>\n<tr>\n<td>Vagina-Tiefe<\/td>\n<td>18cm<\/td>\n<\/tr>\n<tr>\n<td>Anale Tiefe<\/td>\n<td>16cm<\/td>\n<\/tr>\n<\/tbody>\n<\/table>\n<h4>\u00dcber die Sexpuppe<\/h4>\n<p>Haben Sie nach einer sch\u00f6nen Sexpuppe f\u00fcr Erwachsene gesucht, die ein h\u00fcbsches Gesicht und einen perfekten K\u00f6rper hat? Magst du es, beim Ficken mehr Haut zum Halten zu haben? Nun, laut absoluten Sexpuppenbewertungen erf\u00fcllt diese zierliche Liebespuppe all diese Kriterien und mehr!<\/p>\n<p>Von ihren unschuldigen kleinen Z\u00f6pfen bis zu ihren s\u00fc\u00dfen Gesichtsz\u00fcgen hat diese Sexpuppe f\u00fcr Erwachsene alle Looks. Schauen Sie sich alle Bewertungen der Extrapuppen-Website an und lassen Sie sich aufs Neue \u00fcberzeugen. Die einsame Lisa-Puppe ist so geil. Ihre Titten betteln nur um etwas Action.<\/p>\n<p>Sie k\u00f6nnen die riesige Arsch-Sexpuppe ($499) bekommen, aber mal ehrlich, wenn Sie ein Mann mit Br\u00fcsten sind, warum sollten Sie dann das ganze Geld verschwenden? Es gibt so viele Dinge, die diese Liebespuppe kann und die man nicht kann, und au\u00dferdem ist es machbar, diesen blonden Haarton einer Sexpuppe zu bekommen. Alles, was Sie brauchen, ist eine Per\u00fccke. Brauchen Sie nicht eine ganz neue Puppe?<\/p>\n<p>Sie k\u00f6nnen sogar nach einem abnehmbaren Peniseinsatz fragen, damit Ihre Puppe genauso gut funktionieren kann wie jede m\u00e4nnliche aufblasbare Puppe mit Pimmel. Das Einzige ist, dass es keine Muskelpuppe sein wird, aber wer braucht das schon?<\/p>\n<p>Sie k\u00f6nnen Hautton, Schamhaar, Augenfarbe und andere K\u00f6rpermodifikationen nach Ihren W\u00fcnschen anpassen.<\/p>","protected":false},"excerpt":{"rendered":"<p>Sexpuppenbilder Gr\u00f6\u00dfentabellen Material TPE H\u00f6he 166 cm Brustumfang 80 cm Taillenumfang 57,5 cm H\u00fcftumfang 87 cm Schulterbreite<\/p>","protected":false},"featured_media":43350,"comment_status":"open","ping_status":"closed","template":"","meta":[],"product_brand":[],"product_cat":[119,75,230,102,107,117],"product_tag":[],"class_list":{"0":"post-43348","1":"product","2":"type-product","3":"status-publish","4":"has-post-thumbnail","6":"product_cat-tpe-sex-doll","7":"product_cat-160cm-170cm-sex-dolls","8":"product_cat-36kg-40kg","9":"product_cat-fantasy-sex-dolls","10":"product_cat-skinny-sex-dolls","11":"product_cat-small-breast-sex-doll","12":"pa_brand-fire-doll","13":"tm-has-options","15":"first","16":"instock","17":"sale","18":"shipping-taxable","19":"purchasable","20":"product-type-simple"},"_links":{"self":[{"href":"https:\/\/zxdoll.com\/de\/wp-json\/wp\/v2\/product\/43348","targetHints":{"allow":["GET"]}}],"collection":[{"href":"https:\/\/zxdoll.com\/de\/wp-json\/wp\/v2\/product"}],"about":[{"href":"https:\/\/zxdoll.com\/de\/wp-json\/wp\/v2\/types\/product"}],"replies":[{"embeddable":true,"href":"https:\/\/zxdoll.com\/de\/wp-json\/wp\/v2\/comments?post=43348"}],"version-history":[{"count":1,"href":"https:\/\/zxdoll.com\/de\/wp-json\/wp\/v2\/product\/43348\/revisions"}],"predecessor-version":[{"id":101418,"href":"https:\/\/zxdoll.com\/de\/wp-json\/wp\/v2\/product\/43348\/revisions\/101418"}],"wp:featuredmedia":[{"embeddable":true,"href":"https:\/\/zxdoll.com\/de\/wp-json\/wp\/v2\/media\/43350"}],"wp:attachment":[{"href":"https:\/\/zxdoll.com\/de\/wp-json\/wp\/v2\/media?parent=43348"}],"wp:term":[{"taxonomy":"product_brand","embeddable":true,"href":"https:\/\/zxdoll.com\/de\/wp-json\/wp\/v2\/product_brand?post=43348"},{"taxonomy":"product_cat","embeddable":true,"href":"https:\/\/zxdoll.com\/de\/wp-json\/wp\/v2\/product_cat?post=43348"},{"taxonomy":"product_tag","embeddable":true,"href":"https:\/\/zxdoll.com\/de\/wp-json\/wp\/v2\/product_tag?post=43348"}],"curies":[{"name":"wp","href":"https:\/\/api.w.org\/{rel}","templated":true}]}}