{"id":43285,"date":"2023-04-17T02:23:35","date_gmt":"2023-04-16T18:23:35","guid":{"rendered":"https:\/\/zxdoll.com\/?post_type=product&#038;p=43285"},"modified":"2025-09-17T03:25:30","modified_gmt":"2025-09-16T19:25:30","slug":"life-size-pretty-plush-sexy-latex-dolls","status":"publish","type":"product","link":"https:\/\/zxdoll.com\/de\/product\/life-size-pretty-plush-sexy-latex-dolls\/","title":{"rendered":"Lebensgro\u00dfe h\u00fcbsche sexy Latexpuppen aus Pl\u00fcsch Bennie 166cm"},"content":{"rendered":"<h4><strong>Bilder von Sexpuppen<\/strong><\/h4>\n\t                <ul class=\"easy-image-gallery thumbnails-18 linked\">\r\n                    <li><a data-fancybox=\"gallery382\" href=\"https:\/\/zxdoll.com\/wp-content\/uploads\/2023\/04\/video-sex-doll-8u6n1-533x800.jpg\" class=\"eig-popup\" title=\"\" data-caption=\"\" target=\"_blank\"><i class=\"icon-view\"><\/i><span class=\"overlay\"><\/span><img decoding=\"async\" width=\"150\" height=\"150\" src=\"https:\/\/zxdoll.com\/wp-content\/uploads\/2023\/04\/video-sex-doll-8u6n1-150x150.jpg\" class=\"attachment-thumbnail size-thumbnail\" alt=\"\" title=\"\"><\/a><\/li><li><a data-fancybox=\"gallery382\" href=\"https:\/\/zxdoll.com\/wp-content\/uploads\/2023\/04\/video-sex-doll-8u6n2-533x800.jpg\" class=\"eig-popup\" title=\"\" data-caption=\"\" target=\"_blank\"><i class=\"icon-view\"><\/i><span class=\"overlay\"><\/span><img decoding=\"async\" width=\"150\" height=\"150\" src=\"https:\/\/zxdoll.com\/wp-content\/uploads\/2023\/04\/video-sex-doll-8u6n2-150x150.jpg\" class=\"attachment-thumbnail size-thumbnail\" alt=\"\" title=\"\"><\/a><\/li><li><a data-fancybox=\"gallery382\" href=\"https:\/\/zxdoll.com\/wp-content\/uploads\/2023\/04\/video-sex-doll-8u6n3-533x800.jpg\" class=\"eig-popup\" title=\"\" data-caption=\"\" target=\"_blank\"><i class=\"icon-view\"><\/i><span class=\"overlay\"><\/span><img decoding=\"async\" width=\"150\" height=\"150\" src=\"https:\/\/zxdoll.com\/wp-content\/uploads\/2023\/04\/video-sex-doll-8u6n3-150x150.jpg\" class=\"attachment-thumbnail size-thumbnail\" alt=\"\" title=\"\"><\/a><\/li><li><a data-fancybox=\"gallery382\" href=\"https:\/\/zxdoll.com\/wp-content\/uploads\/2023\/04\/video-sex-doll-8u6n4-533x800.jpg\" class=\"eig-popup\" title=\"\" data-caption=\"\" target=\"_blank\"><i class=\"icon-view\"><\/i><span class=\"overlay\"><\/span><img loading=\"lazy\" decoding=\"async\" width=\"150\" height=\"150\" src=\"https:\/\/zxdoll.com\/wp-content\/uploads\/2023\/04\/video-sex-doll-8u6n4-150x150.jpg\" class=\"attachment-thumbnail size-thumbnail\" alt=\"\" title=\"\"><\/a><\/li><li><a data-fancybox=\"gallery382\" href=\"https:\/\/zxdoll.com\/wp-content\/uploads\/2023\/04\/video-sex-doll-8u6n5-533x800.jpg\" class=\"eig-popup\" title=\"\" data-caption=\"\" target=\"_blank\"><i class=\"icon-view\"><\/i><span class=\"overlay\"><\/span><img loading=\"lazy\" decoding=\"async\" width=\"150\" height=\"150\" src=\"https:\/\/zxdoll.com\/wp-content\/uploads\/2023\/04\/video-sex-doll-8u6n5-150x150.jpg\" class=\"attachment-thumbnail size-thumbnail\" alt=\"\" title=\"\"><\/a><\/li><li><a data-fancybox=\"gallery382\" href=\"https:\/\/zxdoll.com\/wp-content\/uploads\/2023\/04\/video-sex-doll-8u6n6-533x800.jpg\" class=\"eig-popup\" title=\"\" data-caption=\"\" target=\"_blank\"><i class=\"icon-view\"><\/i><span class=\"overlay\"><\/span><img loading=\"lazy\" decoding=\"async\" width=\"150\" height=\"150\" src=\"https:\/\/zxdoll.com\/wp-content\/uploads\/2023\/04\/video-sex-doll-8u6n6-150x150.jpg\" class=\"attachment-thumbnail size-thumbnail\" alt=\"\" title=\"\"><\/a><\/li><li><a data-fancybox=\"gallery382\" href=\"https:\/\/zxdoll.com\/wp-content\/uploads\/2023\/04\/video-sex-doll-8u6n10-533x800.jpg\" class=\"eig-popup\" title=\"\" data-caption=\"\" target=\"_blank\"><i class=\"icon-view\"><\/i><span class=\"overlay\"><\/span><img loading=\"lazy\" decoding=\"async\" width=\"150\" height=\"150\" src=\"https:\/\/zxdoll.com\/wp-content\/uploads\/2023\/04\/video-sex-doll-8u6n10-150x150.jpg\" class=\"attachment-thumbnail size-thumbnail\" alt=\"\" title=\"\"><\/a><\/li><li><a data-fancybox=\"gallery382\" href=\"https:\/\/zxdoll.com\/wp-content\/uploads\/2023\/04\/video-sex-doll-8u6n11.jpg\" class=\"eig-popup\" title=\"\" data-caption=\"\" target=\"_blank\"><i class=\"icon-view\"><\/i><span class=\"overlay\"><\/span><img loading=\"lazy\" decoding=\"async\" width=\"150\" height=\"150\" src=\"https:\/\/zxdoll.com\/wp-content\/uploads\/2023\/04\/video-sex-doll-8u6n11-150x150.jpg\" class=\"attachment-thumbnail size-thumbnail\" alt=\"\" title=\"\"><\/a><\/li><li><a data-fancybox=\"gallery382\" href=\"https:\/\/zxdoll.com\/wp-content\/uploads\/2023\/04\/video-sex-doll-8u6n12.jpg\" class=\"eig-popup\" title=\"\" data-caption=\"\" target=\"_blank\"><i class=\"icon-view\"><\/i><span class=\"overlay\"><\/span><img loading=\"lazy\" decoding=\"async\" width=\"150\" height=\"150\" src=\"https:\/\/zxdoll.com\/wp-content\/uploads\/2023\/04\/video-sex-doll-8u6n12-150x150.jpg\" class=\"attachment-thumbnail size-thumbnail\" alt=\"\" title=\"\"><\/a><\/li><li><a data-fancybox=\"gallery382\" href=\"https:\/\/zxdoll.com\/wp-content\/uploads\/2023\/04\/video-sex-doll-8u6n16-533x800.jpg\" class=\"eig-popup\" title=\"\" data-caption=\"\" target=\"_blank\"><i class=\"icon-view\"><\/i><span class=\"overlay\"><\/span><img loading=\"lazy\" decoding=\"async\" width=\"150\" height=\"150\" src=\"https:\/\/zxdoll.com\/wp-content\/uploads\/2023\/04\/video-sex-doll-8u6n16-150x150.jpg\" class=\"attachment-thumbnail size-thumbnail\" alt=\"\" title=\"\"><\/a><\/li><li><a data-fancybox=\"gallery382\" href=\"https:\/\/zxdoll.com\/wp-content\/uploads\/2023\/04\/video-sex-doll-8u6n17-533x800.jpg\" class=\"eig-popup\" title=\"\" data-caption=\"\" target=\"_blank\"><i class=\"icon-view\"><\/i><span class=\"overlay\"><\/span><img loading=\"lazy\" decoding=\"async\" width=\"150\" height=\"150\" src=\"https:\/\/zxdoll.com\/wp-content\/uploads\/2023\/04\/video-sex-doll-8u6n17-150x150.jpg\" class=\"attachment-thumbnail size-thumbnail\" alt=\"\" title=\"\"><\/a><\/li><li><a data-fancybox=\"gallery382\" href=\"https:\/\/zxdoll.com\/wp-content\/uploads\/2023\/04\/video-sex-doll-8u6n18-533x800.jpg\" class=\"eig-popup\" title=\"\" data-caption=\"\" target=\"_blank\"><i class=\"icon-view\"><\/i><span class=\"overlay\"><\/span><img loading=\"lazy\" decoding=\"async\" width=\"150\" height=\"150\" src=\"https:\/\/zxdoll.com\/wp-content\/uploads\/2023\/04\/video-sex-doll-8u6n18-150x150.jpg\" class=\"attachment-thumbnail size-thumbnail\" alt=\"\" title=\"\"><\/a><\/li><li><a data-fancybox=\"gallery382\" href=\"https:\/\/zxdoll.com\/wp-content\/uploads\/2023\/04\/video-sex-doll-8u6n19-533x800.jpg\" class=\"eig-popup\" title=\"\" data-caption=\"\" target=\"_blank\"><i class=\"icon-view\"><\/i><span class=\"overlay\"><\/span><img loading=\"lazy\" decoding=\"async\" width=\"150\" height=\"150\" src=\"https:\/\/zxdoll.com\/wp-content\/uploads\/2023\/04\/video-sex-doll-8u6n19-150x150.jpg\" class=\"attachment-thumbnail size-thumbnail\" alt=\"\" title=\"\"><\/a><\/li><li><a data-fancybox=\"gallery382\" href=\"https:\/\/zxdoll.com\/wp-content\/uploads\/2023\/04\/video-sex-doll-8u6n20.jpg\" class=\"eig-popup\" title=\"\" data-caption=\"\" target=\"_blank\"><i class=\"icon-view\"><\/i><span class=\"overlay\"><\/span><img loading=\"lazy\" decoding=\"async\" width=\"150\" height=\"150\" src=\"https:\/\/zxdoll.com\/wp-content\/uploads\/2023\/04\/video-sex-doll-8u6n20-150x150.jpg\" class=\"attachment-thumbnail size-thumbnail\" alt=\"\" title=\"\"><\/a><\/li><li><a data-fancybox=\"gallery382\" href=\"https:\/\/zxdoll.com\/wp-content\/uploads\/2023\/04\/video-sex-doll-8u6n21-533x800.jpg\" class=\"eig-popup\" title=\"\" data-caption=\"\" target=\"_blank\"><i class=\"icon-view\"><\/i><span class=\"overlay\"><\/span><img loading=\"lazy\" decoding=\"async\" width=\"150\" height=\"150\" src=\"https:\/\/zxdoll.com\/wp-content\/uploads\/2023\/04\/video-sex-doll-8u6n21-150x150.jpg\" class=\"attachment-thumbnail size-thumbnail\" alt=\"\" title=\"\"><\/a><\/li><li><a data-fancybox=\"gallery382\" href=\"https:\/\/zxdoll.com\/wp-content\/uploads\/2023\/04\/video-sex-doll-8u6n23.jpg\" class=\"eig-popup\" title=\"\" data-caption=\"\" target=\"_blank\"><i class=\"icon-view\"><\/i><span class=\"overlay\"><\/span><img loading=\"lazy\" decoding=\"async\" width=\"150\" height=\"150\" src=\"https:\/\/zxdoll.com\/wp-content\/uploads\/2023\/04\/video-sex-doll-8u6n23-150x150.jpg\" class=\"attachment-thumbnail size-thumbnail\" alt=\"\" title=\"\"><\/a><\/li><li><a data-fancybox=\"gallery382\" href=\"https:\/\/zxdoll.com\/wp-content\/uploads\/2023\/04\/video-sex-doll-8u6n24-533x800.jpg\" class=\"eig-popup\" title=\"\" data-caption=\"\" target=\"_blank\"><i class=\"icon-view\"><\/i><span class=\"overlay\"><\/span><img loading=\"lazy\" decoding=\"async\" width=\"150\" height=\"150\" src=\"https:\/\/zxdoll.com\/wp-content\/uploads\/2023\/04\/video-sex-doll-8u6n24-150x150.jpg\" class=\"attachment-thumbnail size-thumbnail\" alt=\"\" title=\"\"><\/a><\/li><li><a data-fancybox=\"gallery382\" href=\"https:\/\/zxdoll.com\/wp-content\/uploads\/2023\/04\/video-sex-doll-8u6n25-533x800.jpg\" class=\"eig-popup\" title=\"\" data-caption=\"\" target=\"_blank\"><i class=\"icon-view\"><\/i><span class=\"overlay\"><\/span><img loading=\"lazy\" decoding=\"async\" width=\"150\" height=\"150\" src=\"https:\/\/zxdoll.com\/wp-content\/uploads\/2023\/04\/video-sex-doll-8u6n25-150x150.jpg\" class=\"attachment-thumbnail size-thumbnail\" alt=\"\" title=\"\"><\/a><\/li><\/ul>\n<h4>Gr\u00f6\u00dfentabellen<\/h4>\n<table width=\"292\">\n<tbody>\n<tr>\n<td width=\"153\">Material<\/td>\n<td width=\"139\">TPE<\/td>\n<\/tr>\n<tr>\n<td>H\u00f6he<\/td>\n<td>166cm<\/td>\n<\/tr>\n<tr>\n<td>Brustlinie<\/td>\n<td>80cm<\/td>\n<\/tr>\n<tr>\n<td>Taillenlinie<\/td>\n<td>57,5cm<\/td>\n<\/tr>\n<tr>\n<td>H\u00fcftlinie<\/td>\n<td>87cm<\/td>\n<\/tr>\n<tr>\n<td>Schulterbreite<\/td>\n<td>38cm<\/td>\n<\/tr>\n<tr>\n<td>Arml\u00e4nge<\/td>\n<td>67cm<\/td>\n<\/tr>\n<tr>\n<td>Beinl\u00e4nge<\/td>\n<td>104cm<\/td>\n<\/tr>\n<tr>\n<td>Fu\u00dfgr\u00f6\u00dfe<\/td>\n<td>21cm<\/td>\n<\/tr>\n<tr>\n<td>Oberschenkellinie<\/td>\n<td>46cm<\/td>\n<\/tr>\n<tr>\n<td>Wadenlinie<\/td>\n<td>30cm<\/td>\n<\/tr>\n<tr>\n<td>Reingewicht<\/td>\n<td>37kg<\/td>\n<\/tr>\n<tr>\n<td>M\u00fcndliche Tiefe<\/td>\n<td>13cm<\/td>\n<\/tr>\n<tr>\n<td>Vagina-Tiefe<\/td>\n<td>18cm<\/td>\n<\/tr>\n<tr>\n<td>Anale Tiefe<\/td>\n<td>16cm<\/td>\n<\/tr>\n<\/tbody>\n<\/table>\n<h4>\u00dcber die Sexpuppe<\/h4>\n<p>Warum sollten Sie sich mit einer lebensgro\u00dfen Puppe zufrieden geben, wenn Sie eine so sexy Pl\u00fcsch-Sexpuppe haben k\u00f6nnen? Wir sind sicher, dass es sexy Latexpuppen gibt, aber nichts ist vergleichbar mit unseren realistischen Vollsilikon-Sexpuppen.<\/p>\n<p>Diese erwachsene Sexpuppe hat einige der besten Haare, die Sie auf einer Sexpuppe finden k\u00f6nnen. \u00dcppig und seidig, es ist so weich, wie es aussieht, und es sitzt h\u00fcbsch neben ihrem wundersch\u00f6nen Gesicht. Dunkel gef\u00fctterte Augen und ein Mund, der \u00fcberrascht aussieht, es ist kein Kampf, von dieser weiblichen Sexpuppe den Kopf zu bekommen.<\/p>\n<p>Abgesehen von ihrem nahtlos angebrachten Kopf wird der h\u00fcbsche K\u00f6rper der lebensgro\u00dfen echten Sexpuppe kaum von ihrem Oberteil verdeckt. Die Sexpuppe tr\u00e4gt ein wei\u00dfes Poloshirt, so dass man das Rosa ihrer Brustwarzen und die Schwellung ihrer D-K\u00f6rbchen-Br\u00fcste sehen kann. Weich und saftig wiegen sie sich, w\u00e4hrend die sportliche Sexpuppe ihre Spiele spielt.<\/p>\n<p>Sie kann mit Hilfe von Luftverl\u00e4ngerungen, die auf unserer Seite und vielen anderen Websites erh\u00e4ltlich sind, leicht in eine Elfen-Sexpuppe umgewandelt werden. Wenn Sie diese Mechadoll erleben, werden Sie dem Erfinder der aufblasbaren Puppe danken, dass er \u00fcberhaupt an Sexpuppen gedacht hat.<\/p>\n<p>Da sie aus Silikon besteht, ist die Pflege der Puppenhygiene sehr einfach.<\/p>","protected":false},"excerpt":{"rendered":"<p>Sexpuppenbilder Gr\u00f6\u00dfentabellen Material TPE H\u00f6he 166 cm Brustumfang 80 cm Taillenumfang 57,5 cm H\u00fcftumfang 87 cm Schulterbreite<\/p>","protected":false},"featured_media":43303,"comment_status":"open","ping_status":"closed","template":"","meta":[],"product_brand":[],"product_cat":[119,75,230,102,107,117],"product_tag":[],"class_list":{"0":"post-43285","1":"product","2":"type-product","3":"status-publish","4":"has-post-thumbnail","6":"product_cat-tpe-sex-doll","7":"product_cat-160cm-170cm-sex-dolls","8":"product_cat-36kg-40kg","9":"product_cat-fantasy-sex-dolls","10":"product_cat-skinny-sex-dolls","11":"product_cat-small-breast-sex-doll","12":"pa_brand-fire-doll","13":"tm-has-options","15":"first","16":"instock","17":"sale","18":"shipping-taxable","19":"purchasable","20":"product-type-simple"},"_links":{"self":[{"href":"https:\/\/zxdoll.com\/de\/wp-json\/wp\/v2\/product\/43285","targetHints":{"allow":["GET"]}}],"collection":[{"href":"https:\/\/zxdoll.com\/de\/wp-json\/wp\/v2\/product"}],"about":[{"href":"https:\/\/zxdoll.com\/de\/wp-json\/wp\/v2\/types\/product"}],"replies":[{"embeddable":true,"href":"https:\/\/zxdoll.com\/de\/wp-json\/wp\/v2\/comments?post=43285"}],"version-history":[{"count":2,"href":"https:\/\/zxdoll.com\/de\/wp-json\/wp\/v2\/product\/43285\/revisions"}],"predecessor-version":[{"id":197930,"href":"https:\/\/zxdoll.com\/de\/wp-json\/wp\/v2\/product\/43285\/revisions\/197930"}],"wp:featuredmedia":[{"embeddable":true,"href":"https:\/\/zxdoll.com\/de\/wp-json\/wp\/v2\/media\/43303"}],"wp:attachment":[{"href":"https:\/\/zxdoll.com\/de\/wp-json\/wp\/v2\/media?parent=43285"}],"wp:term":[{"taxonomy":"product_brand","embeddable":true,"href":"https:\/\/zxdoll.com\/de\/wp-json\/wp\/v2\/product_brand?post=43285"},{"taxonomy":"product_cat","embeddable":true,"href":"https:\/\/zxdoll.com\/de\/wp-json\/wp\/v2\/product_cat?post=43285"},{"taxonomy":"product_tag","embeddable":true,"href":"https:\/\/zxdoll.com\/de\/wp-json\/wp\/v2\/product_tag?post=43285"}],"curies":[{"name":"wp","href":"https:\/\/api.w.org\/{rel}","templated":true}]}}