{"id":43201,"date":"2023-04-17T01:50:12","date_gmt":"2023-04-16T17:50:12","guid":{"rendered":"https:\/\/zxdoll.com\/?post_type=product&#038;p=43201"},"modified":"2025-09-10T21:42:46","modified_gmt":"2025-09-10T13:42:46","slug":"ultimate-fantasy-adult-beautiful-love-doll","status":"publish","type":"product","link":"https:\/\/zxdoll.com\/de\/product\/ultimate-fantasy-adult-beautiful-love-doll\/","title":{"rendered":"Ultimate Fantasy Adult Sch\u00f6ne Liebespuppe Elinore 166cm"},"content":{"rendered":"<h4><strong>Bilder von Sexpuppen<\/strong><\/h4>\n\t                <ul class=\"easy-image-gallery thumbnails-14 linked\">\r\n                    <li><a data-fancybox=\"gallery961\" href=\"https:\/\/zxdoll.com\/wp-content\/uploads\/2023\/04\/fuck-sex-dolls-8u5c1-533x800.jpg\" class=\"eig-popup\" title=\"\" data-caption=\"\" target=\"_blank\"><i class=\"icon-view\"><\/i><span class=\"overlay\"><\/span><img decoding=\"async\" width=\"150\" height=\"150\" src=\"https:\/\/zxdoll.com\/wp-content\/uploads\/2023\/04\/fuck-sex-dolls-8u5c1-150x150.jpg\" class=\"attachment-thumbnail size-thumbnail\" alt=\"\" title=\"\"><\/a><\/li><li><a data-fancybox=\"gallery961\" href=\"https:\/\/zxdoll.com\/wp-content\/uploads\/2023\/04\/fuck-sex-dolls-8u5c2-533x800.jpg\" class=\"eig-popup\" title=\"\" data-caption=\"\" target=\"_blank\"><i class=\"icon-view\"><\/i><span class=\"overlay\"><\/span><img decoding=\"async\" width=\"150\" height=\"150\" src=\"https:\/\/zxdoll.com\/wp-content\/uploads\/2023\/04\/fuck-sex-dolls-8u5c2-150x150.jpg\" class=\"attachment-thumbnail size-thumbnail\" alt=\"\" title=\"\"><\/a><\/li><li><a data-fancybox=\"gallery961\" href=\"https:\/\/zxdoll.com\/wp-content\/uploads\/2023\/04\/fuck-sex-dolls-8u5c3-533x800.jpg\" class=\"eig-popup\" title=\"\" data-caption=\"\" target=\"_blank\"><i class=\"icon-view\"><\/i><span class=\"overlay\"><\/span><img decoding=\"async\" width=\"150\" height=\"150\" src=\"https:\/\/zxdoll.com\/wp-content\/uploads\/2023\/04\/fuck-sex-dolls-8u5c3-150x150.jpg\" class=\"attachment-thumbnail size-thumbnail\" alt=\"\" title=\"\"><\/a><\/li><li><a data-fancybox=\"gallery961\" href=\"https:\/\/zxdoll.com\/wp-content\/uploads\/2023\/04\/fuck-sex-dolls-8u5c4-533x800.jpg\" class=\"eig-popup\" title=\"\" data-caption=\"\" target=\"_blank\"><i class=\"icon-view\"><\/i><span class=\"overlay\"><\/span><img loading=\"lazy\" decoding=\"async\" width=\"150\" height=\"150\" src=\"https:\/\/zxdoll.com\/wp-content\/uploads\/2023\/04\/fuck-sex-dolls-8u5c4-150x150.jpg\" class=\"attachment-thumbnail size-thumbnail\" alt=\"\" title=\"\"><\/a><\/li><li><a data-fancybox=\"gallery961\" href=\"https:\/\/zxdoll.com\/wp-content\/uploads\/2023\/04\/fuck-sex-dolls-8u5c5-533x800.jpg\" class=\"eig-popup\" title=\"\" data-caption=\"\" target=\"_blank\"><i class=\"icon-view\"><\/i><span class=\"overlay\"><\/span><img loading=\"lazy\" decoding=\"async\" width=\"150\" height=\"150\" src=\"https:\/\/zxdoll.com\/wp-content\/uploads\/2023\/04\/fuck-sex-dolls-8u5c5-150x150.jpg\" class=\"attachment-thumbnail size-thumbnail\" alt=\"\" title=\"\"><\/a><\/li><li><a data-fancybox=\"gallery961\" href=\"https:\/\/zxdoll.com\/wp-content\/uploads\/2023\/04\/fuck-sex-dolls-8u5c6-533x800.jpg\" class=\"eig-popup\" title=\"\" data-caption=\"\" target=\"_blank\"><i class=\"icon-view\"><\/i><span class=\"overlay\"><\/span><img loading=\"lazy\" decoding=\"async\" width=\"150\" height=\"150\" src=\"https:\/\/zxdoll.com\/wp-content\/uploads\/2023\/04\/fuck-sex-dolls-8u5c6-150x150.jpg\" class=\"attachment-thumbnail size-thumbnail\" alt=\"\" title=\"\"><\/a><\/li><li><a data-fancybox=\"gallery961\" href=\"https:\/\/zxdoll.com\/wp-content\/uploads\/2023\/04\/fuck-sex-dolls-8u5c7-533x800.jpg\" class=\"eig-popup\" title=\"\" data-caption=\"\" target=\"_blank\"><i class=\"icon-view\"><\/i><span class=\"overlay\"><\/span><img loading=\"lazy\" decoding=\"async\" width=\"150\" height=\"150\" src=\"https:\/\/zxdoll.com\/wp-content\/uploads\/2023\/04\/fuck-sex-dolls-8u5c7-150x150.jpg\" class=\"attachment-thumbnail size-thumbnail\" alt=\"\" title=\"\"><\/a><\/li><li><a data-fancybox=\"gallery961\" href=\"https:\/\/zxdoll.com\/wp-content\/uploads\/2023\/04\/fuck-sex-dolls-8u5c8-533x800.jpg\" class=\"eig-popup\" title=\"\" data-caption=\"\" target=\"_blank\"><i class=\"icon-view\"><\/i><span class=\"overlay\"><\/span><img loading=\"lazy\" decoding=\"async\" width=\"150\" height=\"150\" src=\"https:\/\/zxdoll.com\/wp-content\/uploads\/2023\/04\/fuck-sex-dolls-8u5c8-150x150.jpg\" class=\"attachment-thumbnail size-thumbnail\" alt=\"\" title=\"\"><\/a><\/li><li><a data-fancybox=\"gallery961\" href=\"https:\/\/zxdoll.com\/wp-content\/uploads\/2023\/04\/fuck-sex-dolls-8u5c9-533x800.jpg\" class=\"eig-popup\" title=\"\" data-caption=\"\" target=\"_blank\"><i class=\"icon-view\"><\/i><span class=\"overlay\"><\/span><img loading=\"lazy\" decoding=\"async\" width=\"150\" height=\"150\" src=\"https:\/\/zxdoll.com\/wp-content\/uploads\/2023\/04\/fuck-sex-dolls-8u5c9-150x150.jpg\" class=\"attachment-thumbnail size-thumbnail\" alt=\"\" title=\"\"><\/a><\/li><li><a data-fancybox=\"gallery961\" href=\"https:\/\/zxdoll.com\/wp-content\/uploads\/2023\/04\/fuck-sex-dolls-8u5c10-533x800.jpg\" class=\"eig-popup\" title=\"\" data-caption=\"\" target=\"_blank\"><i class=\"icon-view\"><\/i><span class=\"overlay\"><\/span><img loading=\"lazy\" decoding=\"async\" width=\"150\" height=\"150\" src=\"https:\/\/zxdoll.com\/wp-content\/uploads\/2023\/04\/fuck-sex-dolls-8u5c10-150x150.jpg\" class=\"attachment-thumbnail size-thumbnail\" alt=\"\" title=\"\"><\/a><\/li><li><a data-fancybox=\"gallery961\" href=\"https:\/\/zxdoll.com\/wp-content\/uploads\/2023\/04\/fuck-sex-dolls-8u5c11.jpg\" class=\"eig-popup\" title=\"\" data-caption=\"\" target=\"_blank\"><i class=\"icon-view\"><\/i><span class=\"overlay\"><\/span><img loading=\"lazy\" decoding=\"async\" width=\"150\" height=\"150\" src=\"https:\/\/zxdoll.com\/wp-content\/uploads\/2023\/04\/fuck-sex-dolls-8u5c11-150x150.jpg\" class=\"attachment-thumbnail size-thumbnail\" alt=\"\" title=\"\"><\/a><\/li><li><a data-fancybox=\"gallery961\" href=\"https:\/\/zxdoll.com\/wp-content\/uploads\/2023\/04\/fuck-sex-dolls-8u5c12-533x800.jpg\" class=\"eig-popup\" title=\"\" data-caption=\"\" target=\"_blank\"><i class=\"icon-view\"><\/i><span class=\"overlay\"><\/span><img loading=\"lazy\" decoding=\"async\" width=\"150\" height=\"150\" src=\"https:\/\/zxdoll.com\/wp-content\/uploads\/2023\/04\/fuck-sex-dolls-8u5c12-150x150.jpg\" class=\"attachment-thumbnail size-thumbnail\" alt=\"\" title=\"\"><\/a><\/li><li><a data-fancybox=\"gallery961\" href=\"https:\/\/zxdoll.com\/wp-content\/uploads\/2023\/04\/fuck-sex-dolls-8u5c13.jpg\" class=\"eig-popup\" title=\"\" data-caption=\"\" target=\"_blank\"><i class=\"icon-view\"><\/i><span class=\"overlay\"><\/span><img loading=\"lazy\" decoding=\"async\" width=\"150\" height=\"150\" src=\"https:\/\/zxdoll.com\/wp-content\/uploads\/2023\/04\/fuck-sex-dolls-8u5c13-150x150.jpg\" class=\"attachment-thumbnail size-thumbnail\" alt=\"\" title=\"\"><\/a><\/li><li><a data-fancybox=\"gallery961\" href=\"https:\/\/zxdoll.com\/wp-content\/uploads\/2023\/04\/fuck-sex-dolls-8u5c14-533x800.jpg\" class=\"eig-popup\" title=\"\" data-caption=\"\" target=\"_blank\"><i class=\"icon-view\"><\/i><span class=\"overlay\"><\/span><img loading=\"lazy\" decoding=\"async\" width=\"150\" height=\"150\" src=\"https:\/\/zxdoll.com\/wp-content\/uploads\/2023\/04\/fuck-sex-dolls-8u5c14-150x150.jpg\" class=\"attachment-thumbnail size-thumbnail\" alt=\"\" title=\"\"><\/a><\/li><\/ul>\n<h4>Gr\u00f6\u00dfentabellen<\/h4>\n<table width=\"292\">\n<tbody>\n<tr>\n<td width=\"153\">Material<\/td>\n<td width=\"139\">TPE<\/td>\n<\/tr>\n<tr>\n<td>H\u00f6he<\/td>\n<td>166cm<\/td>\n<\/tr>\n<tr>\n<td>Brustlinie<\/td>\n<td>80cm<\/td>\n<\/tr>\n<tr>\n<td>Taillenlinie<\/td>\n<td>57,5cm<\/td>\n<\/tr>\n<tr>\n<td>H\u00fcftlinie<\/td>\n<td>87cm<\/td>\n<\/tr>\n<tr>\n<td>Schulterbreite<\/td>\n<td>38cm<\/td>\n<\/tr>\n<tr>\n<td>Arml\u00e4nge<\/td>\n<td>67cm<\/td>\n<\/tr>\n<tr>\n<td>Beinl\u00e4nge<\/td>\n<td>104cm<\/td>\n<\/tr>\n<tr>\n<td>Fu\u00dfgr\u00f6\u00dfe<\/td>\n<td>21cm<\/td>\n<\/tr>\n<tr>\n<td>Oberschenkellinie<\/td>\n<td>46cm<\/td>\n<\/tr>\n<tr>\n<td>Wadenlinie<\/td>\n<td>30cm<\/td>\n<\/tr>\n<tr>\n<td>Reingewicht<\/td>\n<td>37kg<\/td>\n<\/tr>\n<tr>\n<td>M\u00fcndliche Tiefe<\/td>\n<td>13cm<\/td>\n<\/tr>\n<tr>\n<td>Vagina-Tiefe<\/td>\n<td>18cm<\/td>\n<\/tr>\n<tr>\n<td>Anale Tiefe<\/td>\n<td>16cm<\/td>\n<\/tr>\n<\/tbody>\n<\/table>\n<h4>\u00dcber die Sexpuppe<\/h4>\n<p>Waren Sie schon auf der Suche nach den ultimativen Fantasy-Puppen? Suchen Sie nicht weiter! Und wenn Sie neu hier sind und sich fragen: Was sind Sexpuppen? Nun, los geht&#039;s. Diese lebensgro\u00dfe echte Sexpuppe vor Ihnen ist eine der Luxus-Sexpuppen, die Sie auf dem Markt finden k\u00f6nnen. Alles, von ihrer Pose \u00fcber ihr Kleid bis hin zu ihrer Haut, deutet darauf hin, dass es sich um eine High-End-Sexpuppe handelt. Sie ist so h\u00fcbsch. Wenn es einen Sexpuppenfilm g\u00e4be, k\u00f6nnte sie tats\u00e4chlich die Hauptrolle spielen.<\/p>\n<p>Sexpuppen f\u00fcr Erwachsene kommen selten so gut. Ihr wundersch\u00f6nes Haar hat enge Locken, und wenn Sie Haare ziehen und ein bisschen BDSM m\u00f6gen, werden Sie ihre langen Locken genie\u00dfen. Sie steht normalerweise auf echte weibliche Puppen, aber wenn Sie dazu bereit sind, k\u00f6nnen Sie diese sch\u00f6ne Liebespuppe ficken.<\/p>\n<p>Obwohl ihr Kopf nahtlos befestigt ist, kann er abgenommen werden, sodass Sie sie als Spielzeug mit Puppenkopf verwenden k\u00f6nnen. Sie ist fantastisch darin, einen Blowjob zu geben, und dank ihres Ein-Loch-Vakuumsystems ist jeder Orgasmus besser als der vorherige. Du hast noch nie den Druck gesp\u00fcrt, der sich so gut angef\u00fchlt hat.<\/p>\n<p>Also komm, zieh ihr das Kleid aus und schl\u00fcpfe hinein. \ud83d\ude09<\/p>","protected":false},"excerpt":{"rendered":"<p>Sexpuppenbilder Gr\u00f6\u00dfentabellen Material TPE H\u00f6he 166 cm Brustumfang 80 cm Taillenumfang 57,5 cm H\u00fcftumfang 87 cm Schulterbreite<\/p>","protected":false},"featured_media":43203,"comment_status":"open","ping_status":"closed","template":"","meta":[],"product_brand":[],"product_cat":[119,75,230,102,107,117],"product_tag":[],"class_list":{"0":"post-43201","1":"product","2":"type-product","3":"status-publish","4":"has-post-thumbnail","6":"product_cat-tpe-sex-doll","7":"product_cat-160cm-170cm-sex-dolls","8":"product_cat-36kg-40kg","9":"product_cat-fantasy-sex-dolls","10":"product_cat-skinny-sex-dolls","11":"product_cat-small-breast-sex-doll","12":"pa_brand-fire-doll","13":"tm-has-options","15":"first","16":"instock","17":"sale","18":"shipping-taxable","19":"purchasable","20":"product-type-simple"},"_links":{"self":[{"href":"https:\/\/zxdoll.com\/de\/wp-json\/wp\/v2\/product\/43201","targetHints":{"allow":["GET"]}}],"collection":[{"href":"https:\/\/zxdoll.com\/de\/wp-json\/wp\/v2\/product"}],"about":[{"href":"https:\/\/zxdoll.com\/de\/wp-json\/wp\/v2\/types\/product"}],"replies":[{"embeddable":true,"href":"https:\/\/zxdoll.com\/de\/wp-json\/wp\/v2\/comments?post=43201"}],"version-history":[{"count":1,"href":"https:\/\/zxdoll.com\/de\/wp-json\/wp\/v2\/product\/43201\/revisions"}],"predecessor-version":[{"id":101529,"href":"https:\/\/zxdoll.com\/de\/wp-json\/wp\/v2\/product\/43201\/revisions\/101529"}],"wp:featuredmedia":[{"embeddable":true,"href":"https:\/\/zxdoll.com\/de\/wp-json\/wp\/v2\/media\/43203"}],"wp:attachment":[{"href":"https:\/\/zxdoll.com\/de\/wp-json\/wp\/v2\/media?parent=43201"}],"wp:term":[{"taxonomy":"product_brand","embeddable":true,"href":"https:\/\/zxdoll.com\/de\/wp-json\/wp\/v2\/product_brand?post=43201"},{"taxonomy":"product_cat","embeddable":true,"href":"https:\/\/zxdoll.com\/de\/wp-json\/wp\/v2\/product_cat?post=43201"},{"taxonomy":"product_tag","embeddable":true,"href":"https:\/\/zxdoll.com\/de\/wp-json\/wp\/v2\/product_tag?post=43201"}],"curies":[{"name":"wp","href":"https:\/\/api.w.org\/{rel}","templated":true}]}}