{"id":41834,"date":"2023-04-15T03:58:57","date_gmt":"2023-04-14T19:58:57","guid":{"rendered":"https:\/\/zxdoll.com\/?post_type=product&#038;p=41834"},"modified":"2025-09-10T01:08:12","modified_gmt":"2025-09-09T17:08:12","slug":"adult-hot-lifelike-love-doll","status":"publish","type":"product","link":"https:\/\/zxdoll.com\/de\/product\/adult-hot-lifelike-love-doll\/","title":{"rendered":"Hei\u00dfe lebensechte Liebespuppe f\u00fcr Erwachsene Chelsie 156 cm"},"content":{"rendered":"<h4><strong>Bilder von Sexpuppen<\/strong><\/h4>\n\t                <ul class=\"easy-image-gallery thumbnails-21 linked\">\r\n                    <li><a data-fancybox=\"gallery626\" href=\"https:\/\/zxdoll.com\/wp-content\/uploads\/2023\/04\/virtual-sex-doll-8ike1-533x800.jpg\" class=\"eig-popup\" title=\"\" data-caption=\"\" target=\"_blank\"><i class=\"icon-view\"><\/i><span class=\"overlay\"><\/span><img decoding=\"async\" width=\"150\" height=\"150\" src=\"https:\/\/zxdoll.com\/wp-content\/uploads\/2023\/04\/virtual-sex-doll-8ike1-150x150.jpg\" class=\"attachment-thumbnail size-thumbnail\" alt=\"\" title=\"\"><\/a><\/li><li><a data-fancybox=\"gallery626\" href=\"https:\/\/zxdoll.com\/wp-content\/uploads\/2023\/04\/virtual-sex-doll-8ike2-533x800.jpg\" class=\"eig-popup\" title=\"\" data-caption=\"\" target=\"_blank\"><i class=\"icon-view\"><\/i><span class=\"overlay\"><\/span><img decoding=\"async\" width=\"150\" height=\"150\" src=\"https:\/\/zxdoll.com\/wp-content\/uploads\/2023\/04\/virtual-sex-doll-8ike2-150x150.jpg\" class=\"attachment-thumbnail size-thumbnail\" alt=\"\" title=\"\"><\/a><\/li><li><a data-fancybox=\"gallery626\" href=\"https:\/\/zxdoll.com\/wp-content\/uploads\/2023\/04\/virtual-sex-doll-8ike4-533x800.jpg\" class=\"eig-popup\" title=\"\" data-caption=\"\" target=\"_blank\"><i class=\"icon-view\"><\/i><span class=\"overlay\"><\/span><img decoding=\"async\" width=\"150\" height=\"150\" src=\"https:\/\/zxdoll.com\/wp-content\/uploads\/2023\/04\/virtual-sex-doll-8ike4-150x150.jpg\" class=\"attachment-thumbnail size-thumbnail\" alt=\"\" title=\"\"><\/a><\/li><li><a data-fancybox=\"gallery626\" href=\"https:\/\/zxdoll.com\/wp-content\/uploads\/2023\/04\/virtual-sex-doll-8ike5-533x800.jpg\" class=\"eig-popup\" title=\"\" data-caption=\"\" target=\"_blank\"><i class=\"icon-view\"><\/i><span class=\"overlay\"><\/span><img loading=\"lazy\" decoding=\"async\" width=\"150\" height=\"150\" src=\"https:\/\/zxdoll.com\/wp-content\/uploads\/2023\/04\/virtual-sex-doll-8ike5-150x150.jpg\" class=\"attachment-thumbnail size-thumbnail\" alt=\"\" title=\"\"><\/a><\/li><li><a data-fancybox=\"gallery626\" href=\"https:\/\/zxdoll.com\/wp-content\/uploads\/2023\/04\/virtual-sex-doll-8ike6-533x800.jpg\" class=\"eig-popup\" title=\"\" data-caption=\"\" target=\"_blank\"><i class=\"icon-view\"><\/i><span class=\"overlay\"><\/span><img loading=\"lazy\" decoding=\"async\" width=\"150\" height=\"150\" src=\"https:\/\/zxdoll.com\/wp-content\/uploads\/2023\/04\/virtual-sex-doll-8ike6-150x150.jpg\" class=\"attachment-thumbnail size-thumbnail\" alt=\"\" title=\"\"><\/a><\/li><li><a data-fancybox=\"gallery626\" href=\"https:\/\/zxdoll.com\/wp-content\/uploads\/2023\/04\/virtual-sex-doll-8ike8-533x800.jpg\" class=\"eig-popup\" title=\"\" data-caption=\"\" target=\"_blank\"><i class=\"icon-view\"><\/i><span class=\"overlay\"><\/span><img loading=\"lazy\" decoding=\"async\" width=\"150\" height=\"150\" src=\"https:\/\/zxdoll.com\/wp-content\/uploads\/2023\/04\/virtual-sex-doll-8ike8-150x150.jpg\" class=\"attachment-thumbnail size-thumbnail\" alt=\"\" title=\"\"><\/a><\/li><li><a data-fancybox=\"gallery626\" href=\"https:\/\/zxdoll.com\/wp-content\/uploads\/2023\/04\/virtual-sex-doll-8ike9-533x800.jpg\" class=\"eig-popup\" title=\"\" data-caption=\"\" target=\"_blank\"><i class=\"icon-view\"><\/i><span class=\"overlay\"><\/span><img loading=\"lazy\" decoding=\"async\" width=\"150\" height=\"150\" src=\"https:\/\/zxdoll.com\/wp-content\/uploads\/2023\/04\/virtual-sex-doll-8ike9-150x150.jpg\" class=\"attachment-thumbnail size-thumbnail\" alt=\"\" title=\"\"><\/a><\/li><li><a data-fancybox=\"gallery626\" href=\"https:\/\/zxdoll.com\/wp-content\/uploads\/2023\/04\/virtual-sex-doll-8ike10-533x800.jpg\" class=\"eig-popup\" title=\"\" data-caption=\"\" target=\"_blank\"><i class=\"icon-view\"><\/i><span class=\"overlay\"><\/span><img loading=\"lazy\" decoding=\"async\" width=\"150\" height=\"150\" src=\"https:\/\/zxdoll.com\/wp-content\/uploads\/2023\/04\/virtual-sex-doll-8ike10-150x150.jpg\" class=\"attachment-thumbnail size-thumbnail\" alt=\"\" title=\"\"><\/a><\/li><li><a data-fancybox=\"gallery626\" href=\"https:\/\/zxdoll.com\/wp-content\/uploads\/2023\/04\/virtual-sex-doll-8ike11-533x800.jpg\" class=\"eig-popup\" title=\"\" data-caption=\"\" target=\"_blank\"><i class=\"icon-view\"><\/i><span class=\"overlay\"><\/span><img loading=\"lazy\" decoding=\"async\" width=\"150\" height=\"150\" src=\"https:\/\/zxdoll.com\/wp-content\/uploads\/2023\/04\/virtual-sex-doll-8ike11-150x150.jpg\" class=\"attachment-thumbnail size-thumbnail\" alt=\"\" title=\"\"><\/a><\/li><li><a data-fancybox=\"gallery626\" href=\"https:\/\/zxdoll.com\/wp-content\/uploads\/2023\/04\/virtual-sex-doll-8ike12-533x800.jpg\" class=\"eig-popup\" title=\"\" data-caption=\"\" target=\"_blank\"><i class=\"icon-view\"><\/i><span class=\"overlay\"><\/span><img loading=\"lazy\" decoding=\"async\" width=\"150\" height=\"150\" src=\"https:\/\/zxdoll.com\/wp-content\/uploads\/2023\/04\/virtual-sex-doll-8ike12-150x150.jpg\" class=\"attachment-thumbnail size-thumbnail\" alt=\"\" title=\"\"><\/a><\/li><li><a data-fancybox=\"gallery626\" href=\"https:\/\/zxdoll.com\/wp-content\/uploads\/2023\/04\/virtual-sex-doll-8ike13-533x800.jpg\" class=\"eig-popup\" title=\"\" data-caption=\"\" target=\"_blank\"><i class=\"icon-view\"><\/i><span class=\"overlay\"><\/span><img loading=\"lazy\" decoding=\"async\" width=\"150\" height=\"150\" src=\"https:\/\/zxdoll.com\/wp-content\/uploads\/2023\/04\/virtual-sex-doll-8ike13-150x150.jpg\" class=\"attachment-thumbnail size-thumbnail\" alt=\"\" title=\"\"><\/a><\/li><li><a data-fancybox=\"gallery626\" href=\"https:\/\/zxdoll.com\/wp-content\/uploads\/2023\/04\/virtual-sex-doll-8ike14-533x800.jpg\" class=\"eig-popup\" title=\"\" data-caption=\"\" target=\"_blank\"><i class=\"icon-view\"><\/i><span class=\"overlay\"><\/span><img loading=\"lazy\" decoding=\"async\" width=\"150\" height=\"150\" src=\"https:\/\/zxdoll.com\/wp-content\/uploads\/2023\/04\/virtual-sex-doll-8ike14-150x150.jpg\" class=\"attachment-thumbnail size-thumbnail\" alt=\"\" title=\"\"><\/a><\/li><li><a data-fancybox=\"gallery626\" href=\"https:\/\/zxdoll.com\/wp-content\/uploads\/2023\/04\/virtual-sex-doll-8ike15-533x800.jpg\" class=\"eig-popup\" title=\"\" data-caption=\"\" target=\"_blank\"><i class=\"icon-view\"><\/i><span class=\"overlay\"><\/span><img loading=\"lazy\" decoding=\"async\" width=\"150\" height=\"150\" src=\"https:\/\/zxdoll.com\/wp-content\/uploads\/2023\/04\/virtual-sex-doll-8ike15-150x150.jpg\" class=\"attachment-thumbnail size-thumbnail\" alt=\"\" title=\"\"><\/a><\/li><li><a data-fancybox=\"gallery626\" href=\"https:\/\/zxdoll.com\/wp-content\/uploads\/2023\/04\/virtual-sex-doll-8ike16-533x800.jpg\" class=\"eig-popup\" title=\"\" data-caption=\"\" target=\"_blank\"><i class=\"icon-view\"><\/i><span class=\"overlay\"><\/span><img loading=\"lazy\" decoding=\"async\" width=\"150\" height=\"150\" src=\"https:\/\/zxdoll.com\/wp-content\/uploads\/2023\/04\/virtual-sex-doll-8ike16-150x150.jpg\" class=\"attachment-thumbnail size-thumbnail\" alt=\"\" title=\"\"><\/a><\/li><li><a data-fancybox=\"gallery626\" href=\"https:\/\/zxdoll.com\/wp-content\/uploads\/2023\/04\/virtual-sex-doll-8ike17-533x800.jpg\" class=\"eig-popup\" title=\"\" data-caption=\"\" target=\"_blank\"><i class=\"icon-view\"><\/i><span class=\"overlay\"><\/span><img loading=\"lazy\" decoding=\"async\" width=\"150\" height=\"150\" src=\"https:\/\/zxdoll.com\/wp-content\/uploads\/2023\/04\/virtual-sex-doll-8ike17-150x150.jpg\" class=\"attachment-thumbnail size-thumbnail\" alt=\"\" title=\"\"><\/a><\/li><li><a data-fancybox=\"gallery626\" href=\"https:\/\/zxdoll.com\/wp-content\/uploads\/2023\/04\/virtual-sex-doll-8ike18-533x800.jpg\" class=\"eig-popup\" title=\"\" data-caption=\"\" target=\"_blank\"><i class=\"icon-view\"><\/i><span class=\"overlay\"><\/span><img loading=\"lazy\" decoding=\"async\" width=\"150\" height=\"150\" src=\"https:\/\/zxdoll.com\/wp-content\/uploads\/2023\/04\/virtual-sex-doll-8ike18-150x150.jpg\" class=\"attachment-thumbnail size-thumbnail\" alt=\"\" title=\"\"><\/a><\/li><li><a data-fancybox=\"gallery626\" href=\"https:\/\/zxdoll.com\/wp-content\/uploads\/2023\/04\/virtual-sex-doll-8ike20-533x800.jpg\" class=\"eig-popup\" title=\"\" data-caption=\"\" target=\"_blank\"><i class=\"icon-view\"><\/i><span class=\"overlay\"><\/span><img loading=\"lazy\" decoding=\"async\" width=\"150\" height=\"150\" src=\"https:\/\/zxdoll.com\/wp-content\/uploads\/2023\/04\/virtual-sex-doll-8ike20-150x150.jpg\" class=\"attachment-thumbnail size-thumbnail\" alt=\"\" title=\"\"><\/a><\/li><li><a data-fancybox=\"gallery626\" href=\"https:\/\/zxdoll.com\/wp-content\/uploads\/2023\/04\/virtual-sex-doll-8ike21-533x800.jpg\" class=\"eig-popup\" title=\"\" data-caption=\"\" target=\"_blank\"><i class=\"icon-view\"><\/i><span class=\"overlay\"><\/span><img loading=\"lazy\" decoding=\"async\" width=\"150\" height=\"150\" src=\"https:\/\/zxdoll.com\/wp-content\/uploads\/2023\/04\/virtual-sex-doll-8ike21-150x150.jpg\" class=\"attachment-thumbnail size-thumbnail\" alt=\"\" title=\"\"><\/a><\/li><li><a data-fancybox=\"gallery626\" href=\"https:\/\/zxdoll.com\/wp-content\/uploads\/2023\/04\/virtual-sex-doll-8ike22-533x800.jpg\" class=\"eig-popup\" title=\"\" data-caption=\"\" target=\"_blank\"><i class=\"icon-view\"><\/i><span class=\"overlay\"><\/span><img loading=\"lazy\" decoding=\"async\" width=\"150\" height=\"150\" src=\"https:\/\/zxdoll.com\/wp-content\/uploads\/2023\/04\/virtual-sex-doll-8ike22-150x150.jpg\" class=\"attachment-thumbnail size-thumbnail\" alt=\"\" title=\"\"><\/a><\/li><li><a data-fancybox=\"gallery626\" href=\"https:\/\/zxdoll.com\/wp-content\/uploads\/2023\/04\/virtual-sex-doll-8ike23-533x800.jpg\" class=\"eig-popup\" title=\"\" data-caption=\"\" target=\"_blank\"><i class=\"icon-view\"><\/i><span class=\"overlay\"><\/span><img loading=\"lazy\" decoding=\"async\" width=\"150\" height=\"150\" src=\"https:\/\/zxdoll.com\/wp-content\/uploads\/2023\/04\/virtual-sex-doll-8ike23-150x150.jpg\" class=\"attachment-thumbnail size-thumbnail\" alt=\"\" title=\"\"><\/a><\/li><li><a data-fancybox=\"gallery626\" href=\"https:\/\/zxdoll.com\/wp-content\/uploads\/2023\/04\/virtual-sex-doll-8ike24-533x800.jpg\" class=\"eig-popup\" title=\"\" data-caption=\"\" target=\"_blank\"><i class=\"icon-view\"><\/i><span class=\"overlay\"><\/span><img loading=\"lazy\" decoding=\"async\" width=\"150\" height=\"150\" src=\"https:\/\/zxdoll.com\/wp-content\/uploads\/2023\/04\/virtual-sex-doll-8ike24-150x150.jpg\" class=\"attachment-thumbnail size-thumbnail\" alt=\"\" title=\"\"><\/a><\/li><\/ul>\n<h4>Gr\u00f6\u00dfentabellen<\/h4>\n<table width=\"292\">\n<tbody>\n<tr>\n<td width=\"153\">Material<\/td>\n<td width=\"139\">TPE<\/td>\n<\/tr>\n<tr>\n<td>H\u00f6he<\/td>\n<td>156cm<\/td>\n<\/tr>\n<tr>\n<td>Brustlinie<\/td>\n<td>78cm<\/td>\n<\/tr>\n<tr>\n<td>Taillenlinie<\/td>\n<td>53cm<\/td>\n<\/tr>\n<tr>\n<td>H\u00fcftlinie<\/td>\n<td>84cm<\/td>\n<\/tr>\n<tr>\n<td>Schulterbreite<\/td>\n<td>30cm<\/td>\n<\/tr>\n<tr>\n<td>Arml\u00e4nge<\/td>\n<td>63cm<\/td>\n<\/tr>\n<tr>\n<td>Beinl\u00e4nge<\/td>\n<td>85cm<\/td>\n<\/tr>\n<tr>\n<td>Fu\u00dfgr\u00f6\u00dfe<\/td>\n<td>20 cm<\/td>\n<\/tr>\n<tr>\n<td>Oberschenkellinie<\/td>\n<td>43cm<\/td>\n<\/tr>\n<tr>\n<td>Wadenlinie<\/td>\n<td>27cm<\/td>\n<\/tr>\n<tr>\n<td>Reingewicht<\/td>\n<td>29kg<\/td>\n<\/tr>\n<tr>\n<td>M\u00fcndliche Tiefe<\/td>\n<td>13cm<\/td>\n<\/tr>\n<tr>\n<td>Vagina-Tiefe<\/td>\n<td>18cm<\/td>\n<\/tr>\n<tr>\n<td>Anale Tiefe<\/td>\n<td>16cm<\/td>\n<\/tr>\n<\/tbody>\n<\/table>\n<h4>\u00dcber die Sexpuppe<\/h4>\n<p>Wir wissen, dass Sie diese hei\u00dfe Sexpuppe aus Ebenholz sehen! Genau wie die Puppen der echten Puppe besteht diese lebensechte Liebespuppe aus den besten Materialien und ist geschmeidig, matschig und sehr einfach zu verwenden und zu reinigen.<\/p>\n<p>F\u00fcr unsere erwachsene Sexpuppe werden nur die besten Materialien verwendet, daher besteht ihr Haar aus hochwertigen Fasern, die den Aotume-Puppen \u00e4hneln. Ihre Gesichtsz\u00fcge enden hier nicht. Sie ist eine benutzerdefinierte Anime-Puppe. Das bedeutet, dass Sie sie ver\u00e4ndern und nach Ihren W\u00fcnschen gestalten k\u00f6nnen.<\/p>\n<p>Sie k\u00f6nnen sie in eine der \u00dcberschall-Sexpuppen aus Ebenholz verwandeln oder ihr leuchtend rosa Haare geben. Sie k\u00f6nnen ihren Hautton und ihre K\u00f6rpergr\u00f6\u00dfe, ihr Puppenkost\u00fcm und viele andere Dinge \u00e4ndern.<\/p>\n<p>Sie ist auch eine Sexpuppe, die sich bewegt. Ja, das hast du richtig geh\u00f6rt. Diese lebensechte Liebespuppe kann sich entsprechend dem von Ihnen vorgegebenen Tempo bewegen und so Ihr sexuelles Erlebnis noch weiter steigern. M\u00f6gen Sie es, schnell oder langsam zu fahren? Vielleicht ein Ort dazwischen? Machen Sie sich dar\u00fcber keine Sorgen. Diese Liebespuppe passt garantiert zu Ihnen.<\/p>\n<p>Laut der Lumidolls-Rezension dieser Puppe ist sie die sich am besten bewegende Sexpuppe f\u00fcr Erwachsene, und wir wissen, dass Sie dem zustimmen werden. Kommst du und bringst sie nach Hause?<\/p>\n<p>&nbsp;<\/p>","protected":false},"excerpt":{"rendered":"<p>Sexpuppenbilder Gr\u00f6\u00dfentabellen Material TPE H\u00f6he 156 cm Brustumfang 78 cm Taillenumfang 53 cm H\u00fcftumfang 84 cm Schulterbreite<\/p>","protected":false},"featured_media":41835,"comment_status":"open","ping_status":"closed","template":"","meta":[],"product_brand":[],"product_cat":[119,112,228,116,118,102,107],"product_tag":[],"class_list":{"0":"post-41834","1":"product","2":"type-product","3":"status-publish","4":"has-post-thumbnail","6":"product_cat-tpe-sex-doll","7":"product_cat-150cm-159cm-sex-dolls","8":"product_cat-26kg-30kg","9":"product_cat-big-boobs-sex-doll","10":"product_cat-ebony-sex-doll","11":"product_cat-fantasy-sex-dolls","12":"product_cat-skinny-sex-dolls","13":"pa_brand-fire-doll","14":"tm-has-options","16":"first","17":"instock","18":"sale","19":"shipping-taxable","20":"purchasable","21":"product-type-simple"},"_links":{"self":[{"href":"https:\/\/zxdoll.com\/de\/wp-json\/wp\/v2\/product\/41834","targetHints":{"allow":["GET"]}}],"collection":[{"href":"https:\/\/zxdoll.com\/de\/wp-json\/wp\/v2\/product"}],"about":[{"href":"https:\/\/zxdoll.com\/de\/wp-json\/wp\/v2\/types\/product"}],"replies":[{"embeddable":true,"href":"https:\/\/zxdoll.com\/de\/wp-json\/wp\/v2\/comments?post=41834"}],"version-history":[{"count":2,"href":"https:\/\/zxdoll.com\/de\/wp-json\/wp\/v2\/product\/41834\/revisions"}],"predecessor-version":[{"id":186842,"href":"https:\/\/zxdoll.com\/de\/wp-json\/wp\/v2\/product\/41834\/revisions\/186842"}],"wp:featuredmedia":[{"embeddable":true,"href":"https:\/\/zxdoll.com\/de\/wp-json\/wp\/v2\/media\/41835"}],"wp:attachment":[{"href":"https:\/\/zxdoll.com\/de\/wp-json\/wp\/v2\/media?parent=41834"}],"wp:term":[{"taxonomy":"product_brand","embeddable":true,"href":"https:\/\/zxdoll.com\/de\/wp-json\/wp\/v2\/product_brand?post=41834"},{"taxonomy":"product_cat","embeddable":true,"href":"https:\/\/zxdoll.com\/de\/wp-json\/wp\/v2\/product_cat?post=41834"},{"taxonomy":"product_tag","embeddable":true,"href":"https:\/\/zxdoll.com\/de\/wp-json\/wp\/v2\/product_tag?post=41834"}],"curies":[{"name":"wp","href":"https:\/\/api.w.org\/{rel}","templated":true}]}}