{"id":37210,"date":"2023-04-10T02:55:44","date_gmt":"2023-04-09T18:55:44","guid":{"rendered":"https:\/\/zxdoll.com\/?post_type=product&#038;p=37210"},"modified":"2025-09-08T01:33:40","modified_gmt":"2025-09-07T17:33:40","slug":"real-life-pretty-lifelike-australia-sex-doll","status":"publish","type":"product","link":"https:\/\/zxdoll.com\/de\/product\/real-life-pretty-lifelike-australia-sex-doll\/","title":{"rendered":"Real Life H\u00fcbsche lebensechte australische Sexpuppe Juliet 158cm"},"content":{"rendered":"<h4><strong>Bilder von Sexpuppen<\/strong><\/h4>\n\t                <ul class=\"easy-image-gallery thumbnails-23 linked\">\r\n                    <li><a data-fancybox=\"gallery544\" href=\"https:\/\/zxdoll.com\/wp-content\/uploads\/2023\/04\/canada-sex-dolls-7u3w1-533x800.jpg\" class=\"eig-popup\" title=\"\" data-caption=\"\" target=\"_blank\"><i class=\"icon-view\"><\/i><span class=\"overlay\"><\/span><img decoding=\"async\" width=\"150\" height=\"150\" src=\"https:\/\/zxdoll.com\/wp-content\/uploads\/2023\/04\/canada-sex-dolls-7u3w1-150x150.jpg\" class=\"attachment-thumbnail size-thumbnail\" alt=\"\" title=\"\"><\/a><\/li><li><a data-fancybox=\"gallery544\" href=\"https:\/\/zxdoll.com\/wp-content\/uploads\/2023\/04\/canada-sex-dolls-7u3w2-533x800.jpg\" class=\"eig-popup\" title=\"\" data-caption=\"\" target=\"_blank\"><i class=\"icon-view\"><\/i><span class=\"overlay\"><\/span><img decoding=\"async\" width=\"150\" height=\"150\" src=\"https:\/\/zxdoll.com\/wp-content\/uploads\/2023\/04\/canada-sex-dolls-7u3w2-150x150.jpg\" class=\"attachment-thumbnail size-thumbnail\" alt=\"\" title=\"\"><\/a><\/li><li><a data-fancybox=\"gallery544\" href=\"https:\/\/zxdoll.com\/wp-content\/uploads\/2023\/04\/canada-sex-dolls-7u3w4-533x800.jpg\" class=\"eig-popup\" title=\"\" data-caption=\"\" target=\"_blank\"><i class=\"icon-view\"><\/i><span class=\"overlay\"><\/span><img decoding=\"async\" width=\"150\" height=\"150\" src=\"https:\/\/zxdoll.com\/wp-content\/uploads\/2023\/04\/canada-sex-dolls-7u3w4-150x150.jpg\" class=\"attachment-thumbnail size-thumbnail\" alt=\"\" title=\"\"><\/a><\/li><li><a data-fancybox=\"gallery544\" href=\"https:\/\/zxdoll.com\/wp-content\/uploads\/2023\/04\/canada-sex-dolls-7u3w5-533x800.jpg\" class=\"eig-popup\" title=\"\" data-caption=\"\" target=\"_blank\"><i class=\"icon-view\"><\/i><span class=\"overlay\"><\/span><img loading=\"lazy\" decoding=\"async\" width=\"150\" height=\"150\" src=\"https:\/\/zxdoll.com\/wp-content\/uploads\/2023\/04\/canada-sex-dolls-7u3w5-150x150.jpg\" class=\"attachment-thumbnail size-thumbnail\" alt=\"\" title=\"\"><\/a><\/li><li><a data-fancybox=\"gallery544\" href=\"https:\/\/zxdoll.com\/wp-content\/uploads\/2023\/04\/canada-sex-dolls-7u3w6-533x800.jpg\" class=\"eig-popup\" title=\"\" data-caption=\"\" target=\"_blank\"><i class=\"icon-view\"><\/i><span class=\"overlay\"><\/span><img loading=\"lazy\" decoding=\"async\" width=\"150\" height=\"150\" src=\"https:\/\/zxdoll.com\/wp-content\/uploads\/2023\/04\/canada-sex-dolls-7u3w6-150x150.jpg\" class=\"attachment-thumbnail size-thumbnail\" alt=\"\" title=\"\"><\/a><\/li><li><a data-fancybox=\"gallery544\" href=\"https:\/\/zxdoll.com\/wp-content\/uploads\/2023\/04\/canada-sex-dolls-7u3w7-533x800.jpg\" class=\"eig-popup\" title=\"\" data-caption=\"\" target=\"_blank\"><i class=\"icon-view\"><\/i><span class=\"overlay\"><\/span><img loading=\"lazy\" decoding=\"async\" width=\"150\" height=\"150\" src=\"https:\/\/zxdoll.com\/wp-content\/uploads\/2023\/04\/canada-sex-dolls-7u3w7-150x150.jpg\" class=\"attachment-thumbnail size-thumbnail\" alt=\"\" title=\"\"><\/a><\/li><li><a data-fancybox=\"gallery544\" href=\"https:\/\/zxdoll.com\/wp-content\/uploads\/2023\/04\/canada-sex-dolls-7u3w8-533x800.jpg\" class=\"eig-popup\" title=\"\" data-caption=\"\" target=\"_blank\"><i class=\"icon-view\"><\/i><span class=\"overlay\"><\/span><img loading=\"lazy\" decoding=\"async\" width=\"150\" height=\"150\" src=\"https:\/\/zxdoll.com\/wp-content\/uploads\/2023\/04\/canada-sex-dolls-7u3w8-150x150.jpg\" class=\"attachment-thumbnail size-thumbnail\" alt=\"\" title=\"\"><\/a><\/li><li><a data-fancybox=\"gallery544\" href=\"https:\/\/zxdoll.com\/wp-content\/uploads\/2023\/04\/canada-sex-dolls-7u3w9-533x800.jpg\" class=\"eig-popup\" title=\"\" data-caption=\"\" target=\"_blank\"><i class=\"icon-view\"><\/i><span class=\"overlay\"><\/span><img loading=\"lazy\" decoding=\"async\" width=\"150\" height=\"150\" src=\"https:\/\/zxdoll.com\/wp-content\/uploads\/2023\/04\/canada-sex-dolls-7u3w9-150x150.jpg\" class=\"attachment-thumbnail size-thumbnail\" alt=\"\" title=\"\"><\/a><\/li><li><a data-fancybox=\"gallery544\" href=\"https:\/\/zxdoll.com\/wp-content\/uploads\/2023\/04\/canada-sex-dolls-7u3w10.jpg\" class=\"eig-popup\" title=\"\" data-caption=\"\" target=\"_blank\"><i class=\"icon-view\"><\/i><span class=\"overlay\"><\/span><img loading=\"lazy\" decoding=\"async\" width=\"150\" height=\"150\" src=\"https:\/\/zxdoll.com\/wp-content\/uploads\/2023\/04\/canada-sex-dolls-7u3w10-150x150.jpg\" class=\"attachment-thumbnail size-thumbnail\" alt=\"\" title=\"\"><\/a><\/li><li><a data-fancybox=\"gallery544\" href=\"https:\/\/zxdoll.com\/wp-content\/uploads\/2023\/04\/canada-sex-dolls-7u3w11-533x800.jpg\" class=\"eig-popup\" title=\"\" data-caption=\"\" target=\"_blank\"><i class=\"icon-view\"><\/i><span class=\"overlay\"><\/span><img loading=\"lazy\" decoding=\"async\" width=\"150\" height=\"150\" src=\"https:\/\/zxdoll.com\/wp-content\/uploads\/2023\/04\/canada-sex-dolls-7u3w11-150x150.jpg\" class=\"attachment-thumbnail size-thumbnail\" alt=\"\" title=\"\"><\/a><\/li><li><a data-fancybox=\"gallery544\" href=\"https:\/\/zxdoll.com\/wp-content\/uploads\/2023\/04\/canada-sex-dolls-7u3w13-533x800.jpg\" class=\"eig-popup\" title=\"\" data-caption=\"\" target=\"_blank\"><i class=\"icon-view\"><\/i><span class=\"overlay\"><\/span><img loading=\"lazy\" decoding=\"async\" width=\"150\" height=\"150\" src=\"https:\/\/zxdoll.com\/wp-content\/uploads\/2023\/04\/canada-sex-dolls-7u3w13-150x150.jpg\" class=\"attachment-thumbnail size-thumbnail\" alt=\"\" title=\"\"><\/a><\/li><li><a data-fancybox=\"gallery544\" href=\"https:\/\/zxdoll.com\/wp-content\/uploads\/2023\/04\/canada-sex-dolls-7u3w14-533x800.jpg\" class=\"eig-popup\" title=\"\" data-caption=\"\" target=\"_blank\"><i class=\"icon-view\"><\/i><span class=\"overlay\"><\/span><img loading=\"lazy\" decoding=\"async\" width=\"150\" height=\"150\" src=\"https:\/\/zxdoll.com\/wp-content\/uploads\/2023\/04\/canada-sex-dolls-7u3w14-150x150.jpg\" class=\"attachment-thumbnail size-thumbnail\" alt=\"\" title=\"\"><\/a><\/li><li><a data-fancybox=\"gallery544\" href=\"https:\/\/zxdoll.com\/wp-content\/uploads\/2023\/04\/canada-sex-dolls-7u3w15-533x800.jpg\" class=\"eig-popup\" title=\"\" data-caption=\"\" target=\"_blank\"><i class=\"icon-view\"><\/i><span class=\"overlay\"><\/span><img loading=\"lazy\" decoding=\"async\" width=\"150\" height=\"150\" src=\"https:\/\/zxdoll.com\/wp-content\/uploads\/2023\/04\/canada-sex-dolls-7u3w15-150x150.jpg\" class=\"attachment-thumbnail size-thumbnail\" alt=\"\" title=\"\"><\/a><\/li><li><a data-fancybox=\"gallery544\" href=\"https:\/\/zxdoll.com\/wp-content\/uploads\/2023\/04\/canada-sex-dolls-7u3w16-533x800.jpg\" class=\"eig-popup\" title=\"\" data-caption=\"\" target=\"_blank\"><i class=\"icon-view\"><\/i><span class=\"overlay\"><\/span><img loading=\"lazy\" decoding=\"async\" width=\"150\" height=\"150\" src=\"https:\/\/zxdoll.com\/wp-content\/uploads\/2023\/04\/canada-sex-dolls-7u3w16-150x150.jpg\" class=\"attachment-thumbnail size-thumbnail\" alt=\"\" title=\"\"><\/a><\/li><li><a data-fancybox=\"gallery544\" href=\"https:\/\/zxdoll.com\/wp-content\/uploads\/2023\/04\/canada-sex-dolls-7u3w17-533x800.jpg\" class=\"eig-popup\" title=\"\" data-caption=\"\" target=\"_blank\"><i class=\"icon-view\"><\/i><span class=\"overlay\"><\/span><img loading=\"lazy\" decoding=\"async\" width=\"150\" height=\"150\" src=\"https:\/\/zxdoll.com\/wp-content\/uploads\/2023\/04\/canada-sex-dolls-7u3w17-150x150.jpg\" class=\"attachment-thumbnail size-thumbnail\" alt=\"\" title=\"\"><\/a><\/li><li><a data-fancybox=\"gallery544\" href=\"https:\/\/zxdoll.com\/wp-content\/uploads\/2023\/04\/canada-sex-dolls-7u3w18-533x800.jpg\" class=\"eig-popup\" title=\"\" data-caption=\"\" target=\"_blank\"><i class=\"icon-view\"><\/i><span class=\"overlay\"><\/span><img loading=\"lazy\" decoding=\"async\" width=\"150\" height=\"150\" src=\"https:\/\/zxdoll.com\/wp-content\/uploads\/2023\/04\/canada-sex-dolls-7u3w18-150x150.jpg\" class=\"attachment-thumbnail size-thumbnail\" alt=\"\" title=\"\"><\/a><\/li><li><a data-fancybox=\"gallery544\" href=\"https:\/\/zxdoll.com\/wp-content\/uploads\/2023\/04\/canada-sex-dolls-7u3w19-533x800.jpg\" class=\"eig-popup\" title=\"\" data-caption=\"\" target=\"_blank\"><i class=\"icon-view\"><\/i><span class=\"overlay\"><\/span><img loading=\"lazy\" decoding=\"async\" width=\"150\" height=\"150\" src=\"https:\/\/zxdoll.com\/wp-content\/uploads\/2023\/04\/canada-sex-dolls-7u3w19-150x150.jpg\" class=\"attachment-thumbnail size-thumbnail\" alt=\"\" title=\"\"><\/a><\/li><li><a data-fancybox=\"gallery544\" href=\"https:\/\/zxdoll.com\/wp-content\/uploads\/2023\/04\/canada-sex-dolls-7u3w20.jpg\" class=\"eig-popup\" title=\"\" data-caption=\"\" target=\"_blank\"><i class=\"icon-view\"><\/i><span class=\"overlay\"><\/span><img loading=\"lazy\" decoding=\"async\" width=\"100\" height=\"150\" src=\"https:\/\/zxdoll.com\/wp-content\/uploads\/2023\/04\/canada-sex-dolls-7u3w20.jpg\" class=\"attachment-thumbnail size-thumbnail\" alt=\"\" title=\"\"><\/a><\/li><li><a data-fancybox=\"gallery544\" href=\"https:\/\/zxdoll.com\/wp-content\/uploads\/2023\/04\/canada-sex-dolls-7u3w21-533x800.jpg\" class=\"eig-popup\" title=\"\" data-caption=\"\" target=\"_blank\"><i class=\"icon-view\"><\/i><span class=\"overlay\"><\/span><img loading=\"lazy\" decoding=\"async\" width=\"150\" height=\"150\" src=\"https:\/\/zxdoll.com\/wp-content\/uploads\/2023\/04\/canada-sex-dolls-7u3w21-150x150.jpg\" class=\"attachment-thumbnail size-thumbnail\" alt=\"\" title=\"\"><\/a><\/li><li><a data-fancybox=\"gallery544\" href=\"https:\/\/zxdoll.com\/wp-content\/uploads\/2023\/04\/canada-sex-dolls-7u3w22-533x800.jpg\" class=\"eig-popup\" title=\"\" data-caption=\"\" target=\"_blank\"><i class=\"icon-view\"><\/i><span class=\"overlay\"><\/span><img loading=\"lazy\" decoding=\"async\" width=\"150\" height=\"150\" src=\"https:\/\/zxdoll.com\/wp-content\/uploads\/2023\/04\/canada-sex-dolls-7u3w22-150x150.jpg\" class=\"attachment-thumbnail size-thumbnail\" alt=\"\" title=\"\"><\/a><\/li><li><a data-fancybox=\"gallery544\" href=\"https:\/\/zxdoll.com\/wp-content\/uploads\/2023\/04\/canada-sex-dolls-7u3w23-533x800.jpg\" class=\"eig-popup\" title=\"\" data-caption=\"\" target=\"_blank\"><i class=\"icon-view\"><\/i><span class=\"overlay\"><\/span><img loading=\"lazy\" decoding=\"async\" width=\"150\" height=\"150\" src=\"https:\/\/zxdoll.com\/wp-content\/uploads\/2023\/04\/canada-sex-dolls-7u3w23-150x150.jpg\" class=\"attachment-thumbnail size-thumbnail\" alt=\"\" title=\"\"><\/a><\/li><li><a data-fancybox=\"gallery544\" href=\"https:\/\/zxdoll.com\/wp-content\/uploads\/2023\/04\/canada-sex-dolls-7u3w24-533x800.jpg\" class=\"eig-popup\" title=\"\" data-caption=\"\" target=\"_blank\"><i class=\"icon-view\"><\/i><span class=\"overlay\"><\/span><img loading=\"lazy\" decoding=\"async\" width=\"150\" height=\"150\" src=\"https:\/\/zxdoll.com\/wp-content\/uploads\/2023\/04\/canada-sex-dolls-7u3w24-150x150.jpg\" class=\"attachment-thumbnail size-thumbnail\" alt=\"\" title=\"\"><\/a><\/li><li><a data-fancybox=\"gallery544\" href=\"https:\/\/zxdoll.com\/wp-content\/uploads\/2023\/04\/canada-sex-dolls-7u3w25-533x800.jpg\" class=\"eig-popup\" title=\"\" data-caption=\"\" target=\"_blank\"><i class=\"icon-view\"><\/i><span class=\"overlay\"><\/span><img loading=\"lazy\" decoding=\"async\" width=\"150\" height=\"150\" src=\"https:\/\/zxdoll.com\/wp-content\/uploads\/2023\/04\/canada-sex-dolls-7u3w25-150x150.jpg\" class=\"attachment-thumbnail size-thumbnail\" alt=\"\" title=\"\"><\/a><\/li><\/ul>\n<h4>Gr\u00f6\u00dfentabellen<\/h4>\n<table width=\"292\">\n<tbody>\n<tr>\n<td width=\"153\">Material<\/td>\n<td width=\"139\">TPE<\/td>\n<\/tr>\n<tr>\n<td>H\u00f6he<\/td>\n<td>158cm<\/td>\n<\/tr>\n<tr>\n<td>B\u00fcste<\/td>\n<td>80cm<\/td>\n<\/tr>\n<tr>\n<td>Taille<\/td>\n<td>50cm<\/td>\n<\/tr>\n<tr>\n<td>H\u00fcfte<\/td>\n<td>80cm<\/td>\n<\/tr>\n<tr>\n<td>Arml\u00e4nge<\/td>\n<td>63cm<\/td>\n<\/tr>\n<tr>\n<td>Fu\u00df<\/td>\n<td>21cm<\/td>\n<\/tr>\n<tr>\n<td>Reingewicht<\/td>\n<td>33kg<\/td>\n<\/tr>\n<tr>\n<td>M\u00fcndliche Tiefe<\/td>\n<td>13cm<\/td>\n<\/tr>\n<tr>\n<td>Vagina-Tiefe<\/td>\n<td>18cm<\/td>\n<\/tr>\n<tr>\n<td>Anale Tiefe<\/td>\n<td>16cm<\/td>\n<\/tr>\n<\/tbody>\n<\/table>\n<h4>\u00dcber die Sexpuppe<\/h4>\n<p>Das ist hochwertig <span title=\"australische realistische Sexpuppe\">Australische Sexpuppe<\/span> das \u00fcber alle Funktionen verf\u00fcgt, um Ihre vollst\u00e4ndige sexuelle Befriedigung zu garantieren. Von einem h\u00fcbschen, lebensechten Gesicht bis zu einem zierlichen, sexy K\u00f6rper. Diese realistische Gynoidpuppe bietet echte visuelle Stimulation. Dank eines gut gemachten K\u00f6rpers, der perfekt zu ihrem guten Aussehen passt. Dies ist eine der besten realistischen Gynoidpuppen, die in unserer Sammlung zum Verkauf stehen. Dar\u00fcber hinaus dank einer detaillierten und realistischen Optik. Diese wundersch\u00f6ne Babette-Puppe aus dem echten Leben eignet sich perfekt f\u00fcr die Erstellung hochaufl\u00f6sender Silikonpuppenvideos.<\/p>\n<p>Dar\u00fcber hinaus ist diese Harmoniepuppe mit einer Vielzahl von kompatibel <span title=\"australische realistische Sexpuppe\">Sexpuppe<\/span> Accessoires vom \u00e4u\u00dferst realistischen TPE-Sexpuppen-Penis bis hin zu Per\u00fccken. Daher verf\u00fcgt diese Jessica-Puppenlinie \u00fcber die besten Eigenschaften und Qualit\u00e4ten, die Sie sich von einem Intimpartner w\u00fcnschen. Dar\u00fcber hinaus dank der detaillierten, realistischen Texturen dieser wundersch\u00f6nen Harmoniepuppe. Sie k\u00f6nnen alles genie\u00dfen, was ein echter Puppenmann f\u00fcr ein umfassendes sexuelles Erlebnis ben\u00f6tigt.<\/p>\n<p>Wenn Sie au\u00dferdem ein Fan von echten Puppenpornovideos sind, dann werden Sie sich auf etwas freuen. Dank einer Kombination aus hochwertigem, gutem Aussehen, realistischen Texturen und anatomisch korrekten Abmessungen. Diese echte Sexpuppe hat alles, was Sie brauchen, um Ihnen ein v\u00f6llig realistisches sexuelles Erlebnis zu erm\u00f6glichen. TPE-Sexpuppe<\/p>","protected":false},"excerpt":{"rendered":"<p>Sexpuppenbilder Gr\u00f6\u00dfentabellen Material TPE H\u00f6he 158 cm Brustumfang 80 cm Taille 50 cm H\u00fcfte 80 cm Arml\u00e4nge 63 cm Fu\u00df 21 cm<\/p>","protected":false},"featured_media":37235,"comment_status":"open","ping_status":"closed","template":"","meta":[],"product_brand":[],"product_cat":[103,112,229,116,115,119],"product_tag":[],"class_list":{"0":"post-37210","1":"product","2":"type-product","3":"status-publish","4":"has-post-thumbnail","6":"product_cat-2b-sex-doll","7":"product_cat-150cm-159cm-sex-dolls","8":"product_cat-31kg-35kg","9":"product_cat-big-boobs-sex-doll","10":"product_cat-big-booty-sex-doll","11":"product_cat-tpe-sex-doll","12":"pa_brand-aibei-doll","13":"tm-has-options","15":"first","16":"instock","17":"sale","18":"shipping-taxable","19":"purchasable","20":"product-type-simple"},"_links":{"self":[{"href":"https:\/\/zxdoll.com\/de\/wp-json\/wp\/v2\/product\/37210","targetHints":{"allow":["GET"]}}],"collection":[{"href":"https:\/\/zxdoll.com\/de\/wp-json\/wp\/v2\/product"}],"about":[{"href":"https:\/\/zxdoll.com\/de\/wp-json\/wp\/v2\/types\/product"}],"replies":[{"embeddable":true,"href":"https:\/\/zxdoll.com\/de\/wp-json\/wp\/v2\/comments?post=37210"}],"version-history":[{"count":3,"href":"https:\/\/zxdoll.com\/de\/wp-json\/wp\/v2\/product\/37210\/revisions"}],"predecessor-version":[{"id":101029,"href":"https:\/\/zxdoll.com\/de\/wp-json\/wp\/v2\/product\/37210\/revisions\/101029"}],"wp:featuredmedia":[{"embeddable":true,"href":"https:\/\/zxdoll.com\/de\/wp-json\/wp\/v2\/media\/37235"}],"wp:attachment":[{"href":"https:\/\/zxdoll.com\/de\/wp-json\/wp\/v2\/media?parent=37210"}],"wp:term":[{"taxonomy":"product_brand","embeddable":true,"href":"https:\/\/zxdoll.com\/de\/wp-json\/wp\/v2\/product_brand?post=37210"},{"taxonomy":"product_cat","embeddable":true,"href":"https:\/\/zxdoll.com\/de\/wp-json\/wp\/v2\/product_cat?post=37210"},{"taxonomy":"product_tag","embeddable":true,"href":"https:\/\/zxdoll.com\/de\/wp-json\/wp\/v2\/product_tag?post=37210"}],"curies":[{"name":"wp","href":"https:\/\/api.w.org\/{rel}","templated":true}]}}