{"id":35441,"date":"2023-04-08T04:42:20","date_gmt":"2023-04-07T20:42:20","guid":{"rendered":"https:\/\/zxdoll.com\/?post_type=product&#038;p=35441"},"modified":"2025-09-07T01:53:17","modified_gmt":"2025-09-06T17:53:17","slug":"pretty-quality-cheap-full-size-love-dolls","status":"publish","type":"product","link":"https:\/\/zxdoll.com\/de\/product\/pretty-quality-cheap-full-size-love-dolls\/","title":{"rendered":"H\u00fcbsche Qualit\u00e4t G\u00fcnstige Liebespuppen in voller Gr\u00f6\u00dfe Vallie 148cm"},"content":{"rendered":"<h4><strong>Bilder von Sexpuppen<\/strong><\/h4>\n\t                <ul class=\"easy-image-gallery thumbnails-18 linked\">\r\n                    <li><a data-fancybox=\"gallery741\" href=\"https:\/\/zxdoll.com\/wp-content\/uploads\/2023\/04\/sex-dolls-buy-5r2s1-533x800.jpg\" class=\"eig-popup\" title=\"\" data-caption=\"\" target=\"_blank\"><i class=\"icon-view\"><\/i><span class=\"overlay\"><\/span><img decoding=\"async\" width=\"150\" height=\"150\" src=\"https:\/\/zxdoll.com\/wp-content\/uploads\/2023\/04\/sex-dolls-buy-5r2s1-150x150.jpg\" class=\"attachment-thumbnail size-thumbnail\" alt=\"\" title=\"\"><\/a><\/li><li><a data-fancybox=\"gallery741\" href=\"https:\/\/zxdoll.com\/wp-content\/uploads\/2023\/04\/sex-dolls-buy-5r2s2.jpg\" class=\"eig-popup\" title=\"\" data-caption=\"\" target=\"_blank\"><i class=\"icon-view\"><\/i><span class=\"overlay\"><\/span><img decoding=\"async\" width=\"150\" height=\"150\" src=\"https:\/\/zxdoll.com\/wp-content\/uploads\/2023\/04\/sex-dolls-buy-5r2s2-150x150.jpg\" class=\"attachment-thumbnail size-thumbnail\" alt=\"\" title=\"\"><\/a><\/li><li><a data-fancybox=\"gallery741\" href=\"https:\/\/zxdoll.com\/wp-content\/uploads\/2023\/04\/sex-dolls-buy-5r2s3-533x800.jpg\" class=\"eig-popup\" title=\"\" data-caption=\"\" target=\"_blank\"><i class=\"icon-view\"><\/i><span class=\"overlay\"><\/span><img decoding=\"async\" width=\"150\" height=\"150\" src=\"https:\/\/zxdoll.com\/wp-content\/uploads\/2023\/04\/sex-dolls-buy-5r2s3-150x150.jpg\" class=\"attachment-thumbnail size-thumbnail\" alt=\"\" title=\"\"><\/a><\/li><li><a data-fancybox=\"gallery741\" href=\"https:\/\/zxdoll.com\/wp-content\/uploads\/2023\/04\/sex-dolls-buy-5r2s4-533x800.jpg\" class=\"eig-popup\" title=\"\" data-caption=\"\" target=\"_blank\"><i class=\"icon-view\"><\/i><span class=\"overlay\"><\/span><img loading=\"lazy\" decoding=\"async\" width=\"150\" height=\"150\" src=\"https:\/\/zxdoll.com\/wp-content\/uploads\/2023\/04\/sex-dolls-buy-5r2s4-150x150.jpg\" class=\"attachment-thumbnail size-thumbnail\" alt=\"\" title=\"\"><\/a><\/li><li><a data-fancybox=\"gallery741\" href=\"https:\/\/zxdoll.com\/wp-content\/uploads\/2023\/04\/sex-dolls-buy-5r2s6-533x800.jpg\" class=\"eig-popup\" title=\"\" data-caption=\"\" target=\"_blank\"><i class=\"icon-view\"><\/i><span class=\"overlay\"><\/span><img loading=\"lazy\" decoding=\"async\" width=\"150\" height=\"150\" src=\"https:\/\/zxdoll.com\/wp-content\/uploads\/2023\/04\/sex-dolls-buy-5r2s6-150x150.jpg\" class=\"attachment-thumbnail size-thumbnail\" alt=\"\" title=\"\"><\/a><\/li><li><a data-fancybox=\"gallery741\" href=\"https:\/\/zxdoll.com\/wp-content\/uploads\/2023\/04\/sex-dolls-buy-5r2s7-533x800.jpg\" class=\"eig-popup\" title=\"\" data-caption=\"\" target=\"_blank\"><i class=\"icon-view\"><\/i><span class=\"overlay\"><\/span><img loading=\"lazy\" decoding=\"async\" width=\"150\" height=\"150\" src=\"https:\/\/zxdoll.com\/wp-content\/uploads\/2023\/04\/sex-dolls-buy-5r2s7-150x150.jpg\" class=\"attachment-thumbnail size-thumbnail\" alt=\"\" title=\"\"><\/a><\/li><li><a data-fancybox=\"gallery741\" href=\"https:\/\/zxdoll.com\/wp-content\/uploads\/2023\/04\/sex-dolls-buy-5r2s8-533x800.jpg\" class=\"eig-popup\" title=\"\" data-caption=\"\" target=\"_blank\"><i class=\"icon-view\"><\/i><span class=\"overlay\"><\/span><img loading=\"lazy\" decoding=\"async\" width=\"150\" height=\"150\" src=\"https:\/\/zxdoll.com\/wp-content\/uploads\/2023\/04\/sex-dolls-buy-5r2s8-150x150.jpg\" class=\"attachment-thumbnail size-thumbnail\" alt=\"\" title=\"\"><\/a><\/li><li><a data-fancybox=\"gallery741\" href=\"https:\/\/zxdoll.com\/wp-content\/uploads\/2023\/04\/sex-dolls-buy-5r2s9-533x800.jpg\" class=\"eig-popup\" title=\"\" data-caption=\"\" target=\"_blank\"><i class=\"icon-view\"><\/i><span class=\"overlay\"><\/span><img loading=\"lazy\" decoding=\"async\" width=\"150\" height=\"150\" src=\"https:\/\/zxdoll.com\/wp-content\/uploads\/2023\/04\/sex-dolls-buy-5r2s9-150x150.jpg\" class=\"attachment-thumbnail size-thumbnail\" alt=\"\" title=\"\"><\/a><\/li><li><a data-fancybox=\"gallery741\" href=\"https:\/\/zxdoll.com\/wp-content\/uploads\/2023\/04\/sex-dolls-buy-5r2s10-533x800.jpg\" class=\"eig-popup\" title=\"\" data-caption=\"\" target=\"_blank\"><i class=\"icon-view\"><\/i><span class=\"overlay\"><\/span><img loading=\"lazy\" decoding=\"async\" width=\"150\" height=\"150\" src=\"https:\/\/zxdoll.com\/wp-content\/uploads\/2023\/04\/sex-dolls-buy-5r2s10-150x150.jpg\" class=\"attachment-thumbnail size-thumbnail\" alt=\"\" title=\"\"><\/a><\/li><li><a data-fancybox=\"gallery741\" href=\"https:\/\/zxdoll.com\/wp-content\/uploads\/2023\/04\/sex-dolls-buy-5r2s11-533x800.jpg\" class=\"eig-popup\" title=\"\" data-caption=\"\" target=\"_blank\"><i class=\"icon-view\"><\/i><span class=\"overlay\"><\/span><img loading=\"lazy\" decoding=\"async\" width=\"150\" height=\"150\" src=\"https:\/\/zxdoll.com\/wp-content\/uploads\/2023\/04\/sex-dolls-buy-5r2s11-150x150.jpg\" class=\"attachment-thumbnail size-thumbnail\" alt=\"\" title=\"\"><\/a><\/li><li><a data-fancybox=\"gallery741\" href=\"https:\/\/zxdoll.com\/wp-content\/uploads\/2023\/04\/sex-dolls-buy-5r2s12-533x800.jpg\" class=\"eig-popup\" title=\"\" data-caption=\"\" target=\"_blank\"><i class=\"icon-view\"><\/i><span class=\"overlay\"><\/span><img loading=\"lazy\" decoding=\"async\" width=\"150\" height=\"150\" src=\"https:\/\/zxdoll.com\/wp-content\/uploads\/2023\/04\/sex-dolls-buy-5r2s12-150x150.jpg\" class=\"attachment-thumbnail size-thumbnail\" alt=\"\" title=\"\"><\/a><\/li><li><a data-fancybox=\"gallery741\" href=\"https:\/\/zxdoll.com\/wp-content\/uploads\/2023\/04\/sex-dolls-buy-5r2s13-533x800.jpg\" class=\"eig-popup\" title=\"\" data-caption=\"\" target=\"_blank\"><i class=\"icon-view\"><\/i><span class=\"overlay\"><\/span><img loading=\"lazy\" decoding=\"async\" width=\"150\" height=\"150\" src=\"https:\/\/zxdoll.com\/wp-content\/uploads\/2023\/04\/sex-dolls-buy-5r2s13-150x150.jpg\" class=\"attachment-thumbnail size-thumbnail\" alt=\"\" title=\"\"><\/a><\/li><li><a data-fancybox=\"gallery741\" href=\"https:\/\/zxdoll.com\/wp-content\/uploads\/2023\/04\/sex-dolls-buy-5r2s14-533x800.jpg\" class=\"eig-popup\" title=\"\" data-caption=\"\" target=\"_blank\"><i class=\"icon-view\"><\/i><span class=\"overlay\"><\/span><img loading=\"lazy\" decoding=\"async\" width=\"150\" height=\"150\" src=\"https:\/\/zxdoll.com\/wp-content\/uploads\/2023\/04\/sex-dolls-buy-5r2s14-150x150.jpg\" class=\"attachment-thumbnail size-thumbnail\" alt=\"\" title=\"\"><\/a><\/li><li><a data-fancybox=\"gallery741\" href=\"https:\/\/zxdoll.com\/wp-content\/uploads\/2023\/04\/sex-dolls-buy-5r2s15-533x800.jpg\" class=\"eig-popup\" title=\"\" data-caption=\"\" target=\"_blank\"><i class=\"icon-view\"><\/i><span class=\"overlay\"><\/span><img loading=\"lazy\" decoding=\"async\" width=\"150\" height=\"150\" src=\"https:\/\/zxdoll.com\/wp-content\/uploads\/2023\/04\/sex-dolls-buy-5r2s15-150x150.jpg\" class=\"attachment-thumbnail size-thumbnail\" alt=\"\" title=\"\"><\/a><\/li><li><a data-fancybox=\"gallery741\" href=\"https:\/\/zxdoll.com\/wp-content\/uploads\/2023\/04\/sex-dolls-buy-5r2s16-533x800.jpg\" class=\"eig-popup\" title=\"\" data-caption=\"\" target=\"_blank\"><i class=\"icon-view\"><\/i><span class=\"overlay\"><\/span><img loading=\"lazy\" decoding=\"async\" width=\"150\" height=\"150\" src=\"https:\/\/zxdoll.com\/wp-content\/uploads\/2023\/04\/sex-dolls-buy-5r2s16-150x150.jpg\" class=\"attachment-thumbnail size-thumbnail\" alt=\"\" title=\"\"><\/a><\/li><li><a data-fancybox=\"gallery741\" href=\"https:\/\/zxdoll.com\/wp-content\/uploads\/2023\/04\/sex-dolls-buy-5r2s17-533x800.jpg\" class=\"eig-popup\" title=\"\" data-caption=\"\" target=\"_blank\"><i class=\"icon-view\"><\/i><span class=\"overlay\"><\/span><img loading=\"lazy\" decoding=\"async\" width=\"150\" height=\"150\" src=\"https:\/\/zxdoll.com\/wp-content\/uploads\/2023\/04\/sex-dolls-buy-5r2s17-150x150.jpg\" class=\"attachment-thumbnail size-thumbnail\" alt=\"\" title=\"\"><\/a><\/li><li><a data-fancybox=\"gallery741\" href=\"https:\/\/zxdoll.com\/wp-content\/uploads\/2023\/04\/sex-dolls-buy-5r2s18-533x800.jpg\" class=\"eig-popup\" title=\"\" data-caption=\"\" target=\"_blank\"><i class=\"icon-view\"><\/i><span class=\"overlay\"><\/span><img loading=\"lazy\" decoding=\"async\" width=\"150\" height=\"150\" src=\"https:\/\/zxdoll.com\/wp-content\/uploads\/2023\/04\/sex-dolls-buy-5r2s18-150x150.jpg\" class=\"attachment-thumbnail size-thumbnail\" alt=\"\" title=\"\"><\/a><\/li><li><a data-fancybox=\"gallery741\" href=\"https:\/\/zxdoll.com\/wp-content\/uploads\/2023\/04\/sex-dolls-buy-5r2s19.jpg\" class=\"eig-popup\" title=\"\" data-caption=\"\" target=\"_blank\"><i class=\"icon-view\"><\/i><span class=\"overlay\"><\/span><img loading=\"lazy\" decoding=\"async\" width=\"150\" height=\"150\" src=\"https:\/\/zxdoll.com\/wp-content\/uploads\/2023\/04\/sex-dolls-buy-5r2s19-150x150.jpg\" class=\"attachment-thumbnail size-thumbnail\" alt=\"\" title=\"\"><\/a><\/li><\/ul>\n<h4>Gr\u00f6\u00dfentabellen<\/h4>\n<table width=\"292\">\n<tbody>\n<tr>\n<td width=\"153\">Material<\/td>\n<td width=\"139\">TPE<\/td>\n<\/tr>\n<tr>\n<td>H\u00f6he<\/td>\n<td>148cm<\/td>\n<\/tr>\n<tr>\n<td>B\u00fcste<\/td>\n<td>76cm<\/td>\n<\/tr>\n<tr>\n<td>Taille<\/td>\n<td>48cm<\/td>\n<\/tr>\n<tr>\n<td>H\u00fcfte<\/td>\n<td>75cm<\/td>\n<\/tr>\n<tr>\n<td>Arml\u00e4nge<\/td>\n<td>57cm<\/td>\n<\/tr>\n<tr>\n<td>Fu\u00df<\/td>\n<td>20 cm<\/td>\n<\/tr>\n<tr>\n<td>Reingewicht<\/td>\n<td>28kg<\/td>\n<\/tr>\n<tr>\n<td>M\u00fcndliche Tiefe<\/td>\n<td>13cm<\/td>\n<\/tr>\n<tr>\n<td>Vagina-Tiefe<\/td>\n<td>18cm<\/td>\n<\/tr>\n<tr>\n<td>Anale Tiefe<\/td>\n<td>16cm<\/td>\n<\/tr>\n<\/tbody>\n<\/table>\n<h4>\u00dcber die Sexpuppe<\/h4>\n<p>Wir stellen unsere Linie billiger Liebespuppen vor, die speziell f\u00fcr Liebhaber eines zierlichen Rahmens entwickelt wurden, der in einer weiblichen Sexpuppe zu finden ist. Diese kleine Puppe mit Br\u00fcsten hat die sanften, sexy Kurven und den zierlichen K\u00f6rper, den Sie lieben. Dar\u00fcber hinaus ist unsere echte Sexpuppe eine gro\u00dfartige Erg\u00e4nzung f\u00fcr jede Sexpuppengalerie. Dank der Detailgenauigkeit, die sich von ihrem wundersch\u00f6nen kupferblonden Haar bis zu ihrem h\u00fcbschen, lebensechten Gesicht widerspiegelt. Wenn Sie also nach einer der besten billigen Sexpuppen in voller Gr\u00f6\u00dfe suchen. Diese B-Cup-Sexpuppe ist die perfekte Wahl f\u00fcr Sie.<\/p>\n<p>Dar\u00fcber hinaus wie die lebensgro\u00dfe Sexpuppe, die mit h\u00f6chster Qualit\u00e4t gebaut wurde. Diese Hasen-Sexpuppe ist mit so vielen Funktionen ausgestattet. Daher bietet diese H\u00e4schen-Sexpuppe f\u00fcr den Preis eines billigen Sexpuppentorsos so viel mehr. Aus diesem Grund bietet diese wundersch\u00f6ne, gut gebaute echte Puppe, wie die besten Samurai-Sexpuppen, so viel mehr. von einem h\u00fcbschen Gesicht zu einem hei\u00dfen sexy K\u00f6rper. Diese echte Liebespuppe ist vollgepackt mit Funktionen, die f\u00fcr sexuelle Stimulation sorgen. Von einem gut detaillierten sexy K\u00f6rper bis zu einem lebensechten Gesicht. Diese lebensgro\u00dfe echte Puppe wurde entworfen, um der Realit\u00e4t sehr \u00e4hnlich zu sein.<\/p>","protected":false},"excerpt":{"rendered":"<p>Sexpuppenbilder Gr\u00f6\u00dfentabellen Material TPE H\u00f6he 148 cm Brustumfang 76 cm Taille 48 cm H\u00fcfte 75 cm Arml\u00e4nge 57 cm Fu\u00df 20 cm<\/p>","protected":false},"featured_media":35442,"comment_status":"open","ping_status":"closed","template":"","meta":[],"product_brand":[],"product_cat":[103,74,228,80,107,117,119],"product_tag":[],"class_list":{"0":"post-35441","1":"product","2":"type-product","3":"status-publish","4":"has-post-thumbnail","6":"product_cat-2b-sex-doll","7":"product_cat-140cm-149cm-sex-dolls","8":"product_cat-26kg-30kg","9":"product_cat-asian-sex-doll","10":"product_cat-skinny-sex-dolls","11":"product_cat-small-breast-sex-doll","12":"product_cat-tpe-sex-doll","13":"pa_brand-aibei-doll","14":"tm-has-options","16":"first","17":"instock","18":"sale","19":"shipping-taxable","20":"purchasable","21":"product-type-simple"},"_links":{"self":[{"href":"https:\/\/zxdoll.com\/de\/wp-json\/wp\/v2\/product\/35441","targetHints":{"allow":["GET"]}}],"collection":[{"href":"https:\/\/zxdoll.com\/de\/wp-json\/wp\/v2\/product"}],"about":[{"href":"https:\/\/zxdoll.com\/de\/wp-json\/wp\/v2\/types\/product"}],"replies":[{"embeddable":true,"href":"https:\/\/zxdoll.com\/de\/wp-json\/wp\/v2\/comments?post=35441"}],"version-history":[{"count":1,"href":"https:\/\/zxdoll.com\/de\/wp-json\/wp\/v2\/product\/35441\/revisions"}],"predecessor-version":[{"id":101420,"href":"https:\/\/zxdoll.com\/de\/wp-json\/wp\/v2\/product\/35441\/revisions\/101420"}],"wp:featuredmedia":[{"embeddable":true,"href":"https:\/\/zxdoll.com\/de\/wp-json\/wp\/v2\/media\/35442"}],"wp:attachment":[{"href":"https:\/\/zxdoll.com\/de\/wp-json\/wp\/v2\/media?parent=35441"}],"wp:term":[{"taxonomy":"product_brand","embeddable":true,"href":"https:\/\/zxdoll.com\/de\/wp-json\/wp\/v2\/product_brand?post=35441"},{"taxonomy":"product_cat","embeddable":true,"href":"https:\/\/zxdoll.com\/de\/wp-json\/wp\/v2\/product_cat?post=35441"},{"taxonomy":"product_tag","embeddable":true,"href":"https:\/\/zxdoll.com\/de\/wp-json\/wp\/v2\/product_tag?post=35441"}],"curies":[{"name":"wp","href":"https:\/\/api.w.org\/{rel}","templated":true}]}}