{"id":34008,"date":"2023-04-06T03:05:23","date_gmt":"2023-04-05T19:05:23","guid":{"rendered":"https:\/\/zxdoll.com\/?post_type=product&#038;p=34008"},"modified":"2025-09-12T16:21:29","modified_gmt":"2025-09-12T08:21:29","slug":"cheap-solid-female-sexy-love-dolls","status":"publish","type":"product","link":"https:\/\/zxdoll.com\/de\/product\/cheap-solid-female-sexy-love-dolls\/","title":{"rendered":"G\u00fcnstige feste weibliche sexy Liebespuppen Helaine 167cm"},"content":{"rendered":"<h4><strong>Bilder von Sexpuppen<\/strong><\/h4>\n\t                <ul class=\"easy-image-gallery thumbnails-14 linked\">\r\n                    <li><a data-fancybox=\"gallery662\" href=\"https:\/\/zxdoll.com\/wp-content\/uploads\/2023\/04\/hentai-sexdoll-6t7n2-533x800.jpg\" class=\"eig-popup\" title=\"\" data-caption=\"\" target=\"_blank\"><i class=\"icon-view\"><\/i><span class=\"overlay\"><\/span><img decoding=\"async\" width=\"150\" height=\"150\" src=\"https:\/\/zxdoll.com\/wp-content\/uploads\/2023\/04\/hentai-sexdoll-6t7n2-150x150.jpg\" class=\"attachment-thumbnail size-thumbnail\" alt=\"\" title=\"\"><\/a><\/li><li><a data-fancybox=\"gallery662\" href=\"https:\/\/zxdoll.com\/wp-content\/uploads\/2023\/04\/hentai-sexdoll-6t7n3-533x800.jpg\" class=\"eig-popup\" title=\"\" data-caption=\"\" target=\"_blank\"><i class=\"icon-view\"><\/i><span class=\"overlay\"><\/span><img decoding=\"async\" width=\"150\" height=\"150\" src=\"https:\/\/zxdoll.com\/wp-content\/uploads\/2023\/04\/hentai-sexdoll-6t7n3-150x150.jpg\" class=\"attachment-thumbnail size-thumbnail\" alt=\"\" title=\"\"><\/a><\/li><li><a data-fancybox=\"gallery662\" href=\"https:\/\/zxdoll.com\/wp-content\/uploads\/2023\/04\/hentai-sexdoll-6t7n4-533x800.jpg\" class=\"eig-popup\" title=\"\" data-caption=\"\" target=\"_blank\"><i class=\"icon-view\"><\/i><span class=\"overlay\"><\/span><img decoding=\"async\" width=\"150\" height=\"150\" src=\"https:\/\/zxdoll.com\/wp-content\/uploads\/2023\/04\/hentai-sexdoll-6t7n4-150x150.jpg\" class=\"attachment-thumbnail size-thumbnail\" alt=\"\" title=\"\"><\/a><\/li><li><a data-fancybox=\"gallery662\" href=\"https:\/\/zxdoll.com\/wp-content\/uploads\/2023\/04\/hentai-sexdoll-6t7n5-533x800.jpg\" class=\"eig-popup\" title=\"\" data-caption=\"\" target=\"_blank\"><i class=\"icon-view\"><\/i><span class=\"overlay\"><\/span><img loading=\"lazy\" decoding=\"async\" width=\"150\" height=\"150\" src=\"https:\/\/zxdoll.com\/wp-content\/uploads\/2023\/04\/hentai-sexdoll-6t7n5-150x150.jpg\" class=\"attachment-thumbnail size-thumbnail\" alt=\"\" title=\"\"><\/a><\/li><li><a data-fancybox=\"gallery662\" href=\"https:\/\/zxdoll.com\/wp-content\/uploads\/2023\/04\/hentai-sexdoll-6t7n6-516x800.jpg\" class=\"eig-popup\" title=\"\" data-caption=\"\" target=\"_blank\"><i class=\"icon-view\"><\/i><span class=\"overlay\"><\/span><img loading=\"lazy\" decoding=\"async\" width=\"150\" height=\"150\" src=\"https:\/\/zxdoll.com\/wp-content\/uploads\/2023\/04\/hentai-sexdoll-6t7n6-150x150.jpg\" class=\"attachment-thumbnail size-thumbnail\" alt=\"\" title=\"\"><\/a><\/li><li><a data-fancybox=\"gallery662\" href=\"https:\/\/zxdoll.com\/wp-content\/uploads\/2023\/04\/hentai-sexdoll-6t7n8-533x800.jpg\" class=\"eig-popup\" title=\"\" data-caption=\"\" target=\"_blank\"><i class=\"icon-view\"><\/i><span class=\"overlay\"><\/span><img loading=\"lazy\" decoding=\"async\" width=\"150\" height=\"150\" src=\"https:\/\/zxdoll.com\/wp-content\/uploads\/2023\/04\/hentai-sexdoll-6t7n8-150x150.jpg\" class=\"attachment-thumbnail size-thumbnail\" alt=\"\" title=\"\"><\/a><\/li><li><a data-fancybox=\"gallery662\" href=\"https:\/\/zxdoll.com\/wp-content\/uploads\/2023\/04\/hentai-sexdoll-6t7n10-476x800.jpg\" class=\"eig-popup\" title=\"\" data-caption=\"\" target=\"_blank\"><i class=\"icon-view\"><\/i><span class=\"overlay\"><\/span><img loading=\"lazy\" decoding=\"async\" width=\"150\" height=\"150\" src=\"https:\/\/zxdoll.com\/wp-content\/uploads\/2023\/04\/hentai-sexdoll-6t7n10-150x150.jpg\" class=\"attachment-thumbnail size-thumbnail\" alt=\"\" title=\"\"><\/a><\/li><li><a data-fancybox=\"gallery662\" href=\"https:\/\/zxdoll.com\/wp-content\/uploads\/2023\/04\/hentai-sexdoll-6t7n11-533x800.jpg\" class=\"eig-popup\" title=\"\" data-caption=\"\" target=\"_blank\"><i class=\"icon-view\"><\/i><span class=\"overlay\"><\/span><img loading=\"lazy\" decoding=\"async\" width=\"150\" height=\"150\" src=\"https:\/\/zxdoll.com\/wp-content\/uploads\/2023\/04\/hentai-sexdoll-6t7n11-150x150.jpg\" class=\"attachment-thumbnail size-thumbnail\" alt=\"\" title=\"\"><\/a><\/li><li><a data-fancybox=\"gallery662\" href=\"https:\/\/zxdoll.com\/wp-content\/uploads\/2023\/04\/hentai-sexdoll-6t7n12-533x800.jpg\" class=\"eig-popup\" title=\"\" data-caption=\"\" target=\"_blank\"><i class=\"icon-view\"><\/i><span class=\"overlay\"><\/span><img loading=\"lazy\" decoding=\"async\" width=\"150\" height=\"150\" src=\"https:\/\/zxdoll.com\/wp-content\/uploads\/2023\/04\/hentai-sexdoll-6t7n12-150x150.jpg\" class=\"attachment-thumbnail size-thumbnail\" alt=\"\" title=\"\"><\/a><\/li><li><a data-fancybox=\"gallery662\" href=\"https:\/\/zxdoll.com\/wp-content\/uploads\/2023\/04\/hentai-sexdoll-6t7n13-533x800.jpg\" class=\"eig-popup\" title=\"\" data-caption=\"\" target=\"_blank\"><i class=\"icon-view\"><\/i><span class=\"overlay\"><\/span><img loading=\"lazy\" decoding=\"async\" width=\"150\" height=\"150\" src=\"https:\/\/zxdoll.com\/wp-content\/uploads\/2023\/04\/hentai-sexdoll-6t7n13-150x150.jpg\" class=\"attachment-thumbnail size-thumbnail\" alt=\"\" title=\"\"><\/a><\/li><li><a data-fancybox=\"gallery662\" href=\"https:\/\/zxdoll.com\/wp-content\/uploads\/2023\/04\/hentai-sexdoll-6t7n16-654x800.jpg\" class=\"eig-popup\" title=\"\" data-caption=\"\" target=\"_blank\"><i class=\"icon-view\"><\/i><span class=\"overlay\"><\/span><img loading=\"lazy\" decoding=\"async\" width=\"150\" height=\"150\" src=\"https:\/\/zxdoll.com\/wp-content\/uploads\/2023\/04\/hentai-sexdoll-6t7n16-150x150.jpg\" class=\"attachment-thumbnail size-thumbnail\" alt=\"\" title=\"\"><\/a><\/li><li><a data-fancybox=\"gallery662\" href=\"https:\/\/zxdoll.com\/wp-content\/uploads\/2023\/04\/hentai-sexdoll-6t7n18-533x800.jpg\" class=\"eig-popup\" title=\"\" data-caption=\"\" target=\"_blank\"><i class=\"icon-view\"><\/i><span class=\"overlay\"><\/span><img loading=\"lazy\" decoding=\"async\" width=\"150\" height=\"150\" src=\"https:\/\/zxdoll.com\/wp-content\/uploads\/2023\/04\/hentai-sexdoll-6t7n18-150x150.jpg\" class=\"attachment-thumbnail size-thumbnail\" alt=\"\" title=\"\"><\/a><\/li><li><a data-fancybox=\"gallery662\" href=\"https:\/\/zxdoll.com\/wp-content\/uploads\/2023\/04\/hentai-sexdoll-6t7n19-533x800.jpg\" class=\"eig-popup\" title=\"\" data-caption=\"\" target=\"_blank\"><i class=\"icon-view\"><\/i><span class=\"overlay\"><\/span><img loading=\"lazy\" decoding=\"async\" width=\"150\" height=\"150\" src=\"https:\/\/zxdoll.com\/wp-content\/uploads\/2023\/04\/hentai-sexdoll-6t7n19-150x150.jpg\" class=\"attachment-thumbnail size-thumbnail\" alt=\"\" title=\"\"><\/a><\/li><li><a data-fancybox=\"gallery662\" href=\"https:\/\/zxdoll.com\/wp-content\/uploads\/2023\/04\/hentai-sexdoll-6t7n20-533x800.jpg\" class=\"eig-popup\" title=\"\" data-caption=\"\" target=\"_blank\"><i class=\"icon-view\"><\/i><span class=\"overlay\"><\/span><img loading=\"lazy\" decoding=\"async\" width=\"150\" height=\"150\" src=\"https:\/\/zxdoll.com\/wp-content\/uploads\/2023\/04\/hentai-sexdoll-6t7n20-150x150.jpg\" class=\"attachment-thumbnail size-thumbnail\" alt=\"\" title=\"\"><\/a><\/li><\/ul>\n<h4>Gr\u00f6\u00dfentabellen<\/h4>\n<table width=\"269\">\n<tbody>\n<tr>\n<td width=\"130\">Material<\/td>\n<td width=\"139\">TPE<\/td>\n<\/tr>\n<tr>\n<td>H\u00f6he<\/td>\n<td>167cm<\/td>\n<\/tr>\n<tr>\n<td>Brustlinie<\/td>\n<td>85cm<\/td>\n<\/tr>\n<tr>\n<td>Taillenlinie<\/td>\n<td>55cm<\/td>\n<\/tr>\n<tr>\n<td>H\u00fcftlinie<\/td>\n<td>90cm<\/td>\n<\/tr>\n<tr>\n<td>Arml\u00e4nge<\/td>\n<td>59cm<\/td>\n<\/tr>\n<tr>\n<td>Schulterbreite<\/td>\n<td>35cm<\/td>\n<\/tr>\n<tr>\n<td>Oberschenkellinie<\/td>\n<td>48cm<\/td>\n<\/tr>\n<tr>\n<td>Beinl\u00e4nge<\/td>\n<td>79cm<\/td>\n<\/tr>\n<tr>\n<td>Fu\u00dfgr\u00f6\u00dfe<\/td>\n<td>21cm<\/td>\n<\/tr>\n<tr>\n<td>Reingewicht<\/td>\n<td>35kg<\/td>\n<\/tr>\n<tr>\n<td>M\u00fcndliche Tiefe<\/td>\n<td>12cm<\/td>\n<\/tr>\n<tr>\n<td>Vagina-Tiefe<\/td>\n<td>18cm<\/td>\n<\/tr>\n<tr>\n<td>Anale Tiefe<\/td>\n<td>16cm<\/td>\n<\/tr>\n<\/tbody>\n<\/table>\n<h4>\u00dcber die Sexpuppe<\/h4>\n<p>Wissen Sie, wie sich eine solide weibliche Puppe anf\u00fchlt? Wenn Sie es nicht getan haben, verpassen Sie eine Welt unvorstellbarer Freuden. Diese Piper-Puppe mit ihren braunen Haaren ist eine lebensechte Sexpuppe und gleichzeitig eine solide weibliche Puppe.<\/p>\n<p>Wenn Sie lebensechte Sexpuppen oder Anime-Sexpuppen bevorzugen, dann sind diese Liebespuppen f\u00fcr Erwachsene genau das Richtige f\u00fcr Sie. Sie haben sich bestimmt gefragt, wer Sexpuppen erfunden hat oder wie sich Sex mit aufblasbaren Puppen anf\u00fchlt. H\u00f6ren Sie auf, sich zu wundern, und entscheiden Sie sich f\u00fcr diese aufblasbare weibliche Puppe.<\/p>\n<p>Sie ist eine echte Anime-Sexpuppe, und obwohl sie eine Puppe sein mag, sind ihre Br\u00fcste nicht klein. Sie hat mittelgro\u00dfe Br\u00fcste, die sich perfekt zum Saugen eignen, und diese Augen. Sie sind die sexiesten Augen aller Zeiten.<\/p>\n<p>Diese weibliche Liebespuppe verf\u00fcgt \u00fcber eine besonders enge und saftige Muschi, und wenn Sie Ihren Penis hineinschieben, reichen die S\u00e4fte aus, um Sie zum Orgasmus zu bringen.<\/p>\n<p>Wenn es um Sex mit aufblasbaren Puppen geht, ist sie erstklassig, und warum fragen Sie, wer Sexpuppen entwickelt hat, wenn sie diese Sexpuppe bereits g\u00fcnstig f\u00fcr Sie hergestellt haben? Interessieren Sie sich daf\u00fcr, wer Sexpuppen entwickelt hat oder was genau diese Sexpuppen k\u00f6nnen?<\/p>","protected":false},"excerpt":{"rendered":"<p>Sexpuppenbilder Gr\u00f6\u00dfentabellen Material TPE H\u00f6he 167 cm Brustumfang 85 cm Taillenumfang 55 cm H\u00fcftumfang 90 cm Arml\u00e4nge<\/p>","protected":false},"featured_media":34021,"comment_status":"open","ping_status":"closed","template":"","meta":[],"product_brand":[],"product_cat":[97,75,229,107,117,119],"product_tag":[],"class_list":{"0":"post-34008","1":"product","2":"type-product","3":"status-publish","4":"has-post-thumbnail","6":"product_cat-real-life-sex-dolls","7":"product_cat-160cm-170cm-sex-dolls","8":"product_cat-31kg-35kg","9":"product_cat-skinny-sex-dolls","10":"product_cat-small-breast-sex-doll","11":"product_cat-tpe-sex-doll","12":"pa_brand-irontech-doll","13":"tm-has-options","15":"first","16":"instock","17":"sale","18":"shipping-taxable","19":"purchasable","20":"product-type-simple"},"_links":{"self":[{"href":"https:\/\/zxdoll.com\/de\/wp-json\/wp\/v2\/product\/34008","targetHints":{"allow":["GET"]}}],"collection":[{"href":"https:\/\/zxdoll.com\/de\/wp-json\/wp\/v2\/product"}],"about":[{"href":"https:\/\/zxdoll.com\/de\/wp-json\/wp\/v2\/types\/product"}],"replies":[{"embeddable":true,"href":"https:\/\/zxdoll.com\/de\/wp-json\/wp\/v2\/comments?post=34008"}],"version-history":[{"count":2,"href":"https:\/\/zxdoll.com\/de\/wp-json\/wp\/v2\/product\/34008\/revisions"}],"predecessor-version":[{"id":100477,"href":"https:\/\/zxdoll.com\/de\/wp-json\/wp\/v2\/product\/34008\/revisions\/100477"}],"wp:featuredmedia":[{"embeddable":true,"href":"https:\/\/zxdoll.com\/de\/wp-json\/wp\/v2\/media\/34021"}],"wp:attachment":[{"href":"https:\/\/zxdoll.com\/de\/wp-json\/wp\/v2\/media?parent=34008"}],"wp:term":[{"taxonomy":"product_brand","embeddable":true,"href":"https:\/\/zxdoll.com\/de\/wp-json\/wp\/v2\/product_brand?post=34008"},{"taxonomy":"product_cat","embeddable":true,"href":"https:\/\/zxdoll.com\/de\/wp-json\/wp\/v2\/product_cat?post=34008"},{"taxonomy":"product_tag","embeddable":true,"href":"https:\/\/zxdoll.com\/de\/wp-json\/wp\/v2\/product_tag?post=34008"}],"curies":[{"name":"wp","href":"https:\/\/api.w.org\/{rel}","templated":true}]}}