{"id":33496,"date":"2023-04-05T05:22:04","date_gmt":"2023-04-04T21:22:04","guid":{"rendered":"https:\/\/zxdoll.com\/?post_type=product&#038;p=33496"},"modified":"2025-09-12T11:58:02","modified_gmt":"2025-09-12T03:58:02","slug":"absolute-lifelike-big-tit-sex-dolls-for-sale","status":"publish","type":"product","link":"https:\/\/zxdoll.com\/de\/product\/absolute-lifelike-big-tit-sex-dolls-for-sale\/","title":{"rendered":"Absolut lebensechte Sexpuppen mit gro\u00dfen Titten zum Verkauf, Krishna, 165 cm"},"content":{"rendered":"<h4><strong>Bilder von Sexpuppen<\/strong><\/h4>\n\t                <ul class=\"easy-image-gallery thumbnails-27 linked\">\r\n                    <li><a data-fancybox=\"gallery961\" href=\"https:\/\/zxdoll.com\/wp-content\/uploads\/2023\/04\/lesbian-real-doll-8u7c1-533x800.jpg\" class=\"eig-popup\" title=\"\" data-caption=\"\" target=\"_blank\"><i class=\"icon-view\"><\/i><span class=\"overlay\"><\/span><img decoding=\"async\" width=\"150\" height=\"150\" src=\"https:\/\/zxdoll.com\/wp-content\/uploads\/2023\/04\/lesbian-real-doll-8u7c1-150x150.jpg\" class=\"attachment-thumbnail size-thumbnail\" alt=\"\" title=\"\"><\/a><\/li><li><a data-fancybox=\"gallery961\" href=\"https:\/\/zxdoll.com\/wp-content\/uploads\/2023\/04\/lesbian-real-doll-8u7c3-533x800.jpg\" class=\"eig-popup\" title=\"\" data-caption=\"\" target=\"_blank\"><i class=\"icon-view\"><\/i><span class=\"overlay\"><\/span><img decoding=\"async\" width=\"150\" height=\"150\" src=\"https:\/\/zxdoll.com\/wp-content\/uploads\/2023\/04\/lesbian-real-doll-8u7c3-150x150.jpg\" class=\"attachment-thumbnail size-thumbnail\" alt=\"\" title=\"\"><\/a><\/li><li><a data-fancybox=\"gallery961\" href=\"https:\/\/zxdoll.com\/wp-content\/uploads\/2023\/04\/lesbian-real-doll-8u7c4-533x800.jpg\" class=\"eig-popup\" title=\"\" data-caption=\"\" target=\"_blank\"><i class=\"icon-view\"><\/i><span class=\"overlay\"><\/span><img decoding=\"async\" width=\"150\" height=\"150\" src=\"https:\/\/zxdoll.com\/wp-content\/uploads\/2023\/04\/lesbian-real-doll-8u7c4-150x150.jpg\" class=\"attachment-thumbnail size-thumbnail\" alt=\"\" title=\"\"><\/a><\/li><li><a data-fancybox=\"gallery961\" href=\"https:\/\/zxdoll.com\/wp-content\/uploads\/2023\/04\/lesbian-real-doll-8u7c5-533x800.jpg\" class=\"eig-popup\" title=\"\" data-caption=\"\" target=\"_blank\"><i class=\"icon-view\"><\/i><span class=\"overlay\"><\/span><img loading=\"lazy\" decoding=\"async\" width=\"150\" height=\"150\" src=\"https:\/\/zxdoll.com\/wp-content\/uploads\/2023\/04\/lesbian-real-doll-8u7c5-150x150.jpg\" class=\"attachment-thumbnail size-thumbnail\" alt=\"\" title=\"\"><\/a><\/li><li><a data-fancybox=\"gallery961\" href=\"https:\/\/zxdoll.com\/wp-content\/uploads\/2023\/04\/lesbian-real-doll-8u7c6-533x800.jpg\" class=\"eig-popup\" title=\"\" data-caption=\"\" target=\"_blank\"><i class=\"icon-view\"><\/i><span class=\"overlay\"><\/span><img loading=\"lazy\" decoding=\"async\" width=\"150\" height=\"150\" src=\"https:\/\/zxdoll.com\/wp-content\/uploads\/2023\/04\/lesbian-real-doll-8u7c6-150x150.jpg\" class=\"attachment-thumbnail size-thumbnail\" alt=\"\" title=\"\"><\/a><\/li><li><a data-fancybox=\"gallery961\" href=\"https:\/\/zxdoll.com\/wp-content\/uploads\/2023\/04\/lesbian-real-doll-8u7c10-533x800.jpg\" class=\"eig-popup\" title=\"\" data-caption=\"\" target=\"_blank\"><i class=\"icon-view\"><\/i><span class=\"overlay\"><\/span><img loading=\"lazy\" decoding=\"async\" width=\"150\" height=\"150\" src=\"https:\/\/zxdoll.com\/wp-content\/uploads\/2023\/04\/lesbian-real-doll-8u7c10-150x150.jpg\" class=\"attachment-thumbnail size-thumbnail\" alt=\"\" title=\"\"><\/a><\/li><li><a data-fancybox=\"gallery961\" href=\"https:\/\/zxdoll.com\/wp-content\/uploads\/2023\/04\/lesbian-real-doll-8u7c15-533x800.jpg\" class=\"eig-popup\" title=\"\" data-caption=\"\" target=\"_blank\"><i class=\"icon-view\"><\/i><span class=\"overlay\"><\/span><img loading=\"lazy\" decoding=\"async\" width=\"150\" height=\"150\" src=\"https:\/\/zxdoll.com\/wp-content\/uploads\/2023\/04\/lesbian-real-doll-8u7c15-150x150.jpg\" class=\"attachment-thumbnail size-thumbnail\" alt=\"\" title=\"\"><\/a><\/li><li><a data-fancybox=\"gallery961\" href=\"https:\/\/zxdoll.com\/wp-content\/uploads\/2023\/04\/lesbian-real-doll-8u7c16-533x800.jpg\" class=\"eig-popup\" title=\"\" data-caption=\"\" target=\"_blank\"><i class=\"icon-view\"><\/i><span class=\"overlay\"><\/span><img loading=\"lazy\" decoding=\"async\" width=\"150\" height=\"150\" src=\"https:\/\/zxdoll.com\/wp-content\/uploads\/2023\/04\/lesbian-real-doll-8u7c16-150x150.jpg\" class=\"attachment-thumbnail size-thumbnail\" alt=\"\" title=\"\"><\/a><\/li><li><a data-fancybox=\"gallery961\" href=\"https:\/\/zxdoll.com\/wp-content\/uploads\/2023\/04\/lesbian-real-doll-8u7c19-533x800.jpg\" class=\"eig-popup\" title=\"\" data-caption=\"\" target=\"_blank\"><i class=\"icon-view\"><\/i><span class=\"overlay\"><\/span><img loading=\"lazy\" decoding=\"async\" width=\"150\" height=\"150\" src=\"https:\/\/zxdoll.com\/wp-content\/uploads\/2023\/04\/lesbian-real-doll-8u7c19-150x150.jpg\" class=\"attachment-thumbnail size-thumbnail\" alt=\"\" title=\"\"><\/a><\/li><li><a data-fancybox=\"gallery961\" href=\"https:\/\/zxdoll.com\/wp-content\/uploads\/2023\/04\/lesbian-real-doll-8u7c20-533x800.jpg\" class=\"eig-popup\" title=\"\" data-caption=\"\" target=\"_blank\"><i class=\"icon-view\"><\/i><span class=\"overlay\"><\/span><img loading=\"lazy\" decoding=\"async\" width=\"150\" height=\"150\" src=\"https:\/\/zxdoll.com\/wp-content\/uploads\/2023\/04\/lesbian-real-doll-8u7c20-150x150.jpg\" class=\"attachment-thumbnail size-thumbnail\" alt=\"\" title=\"\"><\/a><\/li><li><a data-fancybox=\"gallery961\" href=\"https:\/\/zxdoll.com\/wp-content\/uploads\/2023\/04\/lesbian-real-doll-8u7c21-533x800.jpg\" class=\"eig-popup\" title=\"\" data-caption=\"\" target=\"_blank\"><i class=\"icon-view\"><\/i><span class=\"overlay\"><\/span><img loading=\"lazy\" decoding=\"async\" width=\"150\" height=\"150\" src=\"https:\/\/zxdoll.com\/wp-content\/uploads\/2023\/04\/lesbian-real-doll-8u7c21-150x150.jpg\" class=\"attachment-thumbnail size-thumbnail\" alt=\"\" title=\"\"><\/a><\/li><li><a data-fancybox=\"gallery961\" href=\"https:\/\/zxdoll.com\/wp-content\/uploads\/2023\/04\/lesbian-real-doll-8u7c22-533x800.jpg\" class=\"eig-popup\" title=\"\" data-caption=\"\" target=\"_blank\"><i class=\"icon-view\"><\/i><span class=\"overlay\"><\/span><img loading=\"lazy\" decoding=\"async\" width=\"150\" height=\"150\" src=\"https:\/\/zxdoll.com\/wp-content\/uploads\/2023\/04\/lesbian-real-doll-8u7c22-150x150.jpg\" class=\"attachment-thumbnail size-thumbnail\" alt=\"\" title=\"\"><\/a><\/li><li><a data-fancybox=\"gallery961\" href=\"https:\/\/zxdoll.com\/wp-content\/uploads\/2023\/04\/lesbian-real-doll-8u7c23-533x800.jpg\" class=\"eig-popup\" title=\"\" data-caption=\"\" target=\"_blank\"><i class=\"icon-view\"><\/i><span class=\"overlay\"><\/span><img loading=\"lazy\" decoding=\"async\" width=\"150\" height=\"150\" src=\"https:\/\/zxdoll.com\/wp-content\/uploads\/2023\/04\/lesbian-real-doll-8u7c23-150x150.jpg\" class=\"attachment-thumbnail size-thumbnail\" alt=\"\" title=\"\"><\/a><\/li><li><a data-fancybox=\"gallery961\" href=\"https:\/\/zxdoll.com\/wp-content\/uploads\/2023\/04\/lesbian-real-doll-8u7c24-533x800.jpg\" class=\"eig-popup\" title=\"\" data-caption=\"\" target=\"_blank\"><i class=\"icon-view\"><\/i><span class=\"overlay\"><\/span><img loading=\"lazy\" decoding=\"async\" width=\"150\" height=\"150\" src=\"https:\/\/zxdoll.com\/wp-content\/uploads\/2023\/04\/lesbian-real-doll-8u7c24-150x150.jpg\" class=\"attachment-thumbnail size-thumbnail\" alt=\"\" title=\"\"><\/a><\/li><li><a data-fancybox=\"gallery961\" href=\"https:\/\/zxdoll.com\/wp-content\/uploads\/2023\/04\/lesbian-real-doll-8u7c25-533x800.jpg\" class=\"eig-popup\" title=\"\" data-caption=\"\" target=\"_blank\"><i class=\"icon-view\"><\/i><span class=\"overlay\"><\/span><img loading=\"lazy\" decoding=\"async\" width=\"150\" height=\"150\" src=\"https:\/\/zxdoll.com\/wp-content\/uploads\/2023\/04\/lesbian-real-doll-8u7c25-150x150.jpg\" class=\"attachment-thumbnail size-thumbnail\" alt=\"\" title=\"\"><\/a><\/li><li><a data-fancybox=\"gallery961\" href=\"https:\/\/zxdoll.com\/wp-content\/uploads\/2023\/04\/lesbian-real-doll-8u7c27-533x800.jpg\" class=\"eig-popup\" title=\"\" data-caption=\"\" target=\"_blank\"><i class=\"icon-view\"><\/i><span class=\"overlay\"><\/span><img loading=\"lazy\" decoding=\"async\" width=\"150\" height=\"150\" src=\"https:\/\/zxdoll.com\/wp-content\/uploads\/2023\/04\/lesbian-real-doll-8u7c27-150x150.jpg\" class=\"attachment-thumbnail size-thumbnail\" alt=\"\" title=\"\"><\/a><\/li><li><a data-fancybox=\"gallery961\" href=\"https:\/\/zxdoll.com\/wp-content\/uploads\/2023\/04\/lesbian-real-doll-8u7c28-533x800.jpg\" class=\"eig-popup\" title=\"\" data-caption=\"\" target=\"_blank\"><i class=\"icon-view\"><\/i><span class=\"overlay\"><\/span><img loading=\"lazy\" decoding=\"async\" width=\"150\" height=\"150\" src=\"https:\/\/zxdoll.com\/wp-content\/uploads\/2023\/04\/lesbian-real-doll-8u7c28-150x150.jpg\" class=\"attachment-thumbnail size-thumbnail\" alt=\"\" title=\"\"><\/a><\/li><li><a data-fancybox=\"gallery961\" href=\"https:\/\/zxdoll.com\/wp-content\/uploads\/2023\/04\/lesbian-real-doll-8u7c29-533x800.jpg\" class=\"eig-popup\" title=\"\" data-caption=\"\" target=\"_blank\"><i class=\"icon-view\"><\/i><span class=\"overlay\"><\/span><img loading=\"lazy\" decoding=\"async\" width=\"150\" height=\"150\" src=\"https:\/\/zxdoll.com\/wp-content\/uploads\/2023\/04\/lesbian-real-doll-8u7c29-150x150.jpg\" class=\"attachment-thumbnail size-thumbnail\" alt=\"\" title=\"\"><\/a><\/li><li><a data-fancybox=\"gallery961\" href=\"https:\/\/zxdoll.com\/wp-content\/uploads\/2023\/04\/lesbian-real-doll-8u7c30-533x800.jpg\" class=\"eig-popup\" title=\"\" data-caption=\"\" target=\"_blank\"><i class=\"icon-view\"><\/i><span class=\"overlay\"><\/span><img loading=\"lazy\" decoding=\"async\" width=\"150\" height=\"150\" src=\"https:\/\/zxdoll.com\/wp-content\/uploads\/2023\/04\/lesbian-real-doll-8u7c30-150x150.jpg\" class=\"attachment-thumbnail size-thumbnail\" alt=\"\" title=\"\"><\/a><\/li><li><a data-fancybox=\"gallery961\" href=\"https:\/\/zxdoll.com\/wp-content\/uploads\/2023\/04\/lesbian-real-doll-8u7c31-533x800.jpg\" class=\"eig-popup\" title=\"\" data-caption=\"\" target=\"_blank\"><i class=\"icon-view\"><\/i><span class=\"overlay\"><\/span><img loading=\"lazy\" decoding=\"async\" width=\"150\" height=\"150\" src=\"https:\/\/zxdoll.com\/wp-content\/uploads\/2023\/04\/lesbian-real-doll-8u7c31-150x150.jpg\" class=\"attachment-thumbnail size-thumbnail\" alt=\"\" title=\"\"><\/a><\/li><li><a data-fancybox=\"gallery961\" href=\"https:\/\/zxdoll.com\/wp-content\/uploads\/2023\/04\/lesbian-real-doll-8u7c32-533x800.jpg\" class=\"eig-popup\" title=\"\" data-caption=\"\" target=\"_blank\"><i class=\"icon-view\"><\/i><span class=\"overlay\"><\/span><img loading=\"lazy\" decoding=\"async\" width=\"150\" height=\"150\" src=\"https:\/\/zxdoll.com\/wp-content\/uploads\/2023\/04\/lesbian-real-doll-8u7c32-150x150.jpg\" class=\"attachment-thumbnail size-thumbnail\" alt=\"\" title=\"\"><\/a><\/li><li><a data-fancybox=\"gallery961\" href=\"https:\/\/zxdoll.com\/wp-content\/uploads\/2023\/04\/lesbian-real-doll-8u7c33-533x800.jpg\" class=\"eig-popup\" title=\"\" data-caption=\"\" target=\"_blank\"><i class=\"icon-view\"><\/i><span class=\"overlay\"><\/span><img loading=\"lazy\" decoding=\"async\" width=\"150\" height=\"150\" src=\"https:\/\/zxdoll.com\/wp-content\/uploads\/2023\/04\/lesbian-real-doll-8u7c33-150x150.jpg\" class=\"attachment-thumbnail size-thumbnail\" alt=\"\" title=\"\"><\/a><\/li><li><a data-fancybox=\"gallery961\" href=\"https:\/\/zxdoll.com\/wp-content\/uploads\/2023\/04\/lesbian-real-doll-8u7c34-533x800.jpg\" class=\"eig-popup\" title=\"\" data-caption=\"\" target=\"_blank\"><i class=\"icon-view\"><\/i><span class=\"overlay\"><\/span><img loading=\"lazy\" decoding=\"async\" width=\"150\" height=\"150\" src=\"https:\/\/zxdoll.com\/wp-content\/uploads\/2023\/04\/lesbian-real-doll-8u7c34-150x150.jpg\" class=\"attachment-thumbnail size-thumbnail\" alt=\"\" title=\"\"><\/a><\/li><li><a data-fancybox=\"gallery961\" href=\"https:\/\/zxdoll.com\/wp-content\/uploads\/2023\/04\/lesbian-real-doll-8u7c35-533x800.jpg\" class=\"eig-popup\" title=\"\" data-caption=\"\" target=\"_blank\"><i class=\"icon-view\"><\/i><span class=\"overlay\"><\/span><img loading=\"lazy\" decoding=\"async\" width=\"150\" height=\"150\" src=\"https:\/\/zxdoll.com\/wp-content\/uploads\/2023\/04\/lesbian-real-doll-8u7c35-150x150.jpg\" class=\"attachment-thumbnail size-thumbnail\" alt=\"\" title=\"\"><\/a><\/li><li><a data-fancybox=\"gallery961\" href=\"https:\/\/zxdoll.com\/wp-content\/uploads\/2023\/04\/lesbian-real-doll-8u7c36-533x800.jpg\" class=\"eig-popup\" title=\"\" data-caption=\"\" target=\"_blank\"><i class=\"icon-view\"><\/i><span class=\"overlay\"><\/span><img loading=\"lazy\" decoding=\"async\" width=\"150\" height=\"150\" src=\"https:\/\/zxdoll.com\/wp-content\/uploads\/2023\/04\/lesbian-real-doll-8u7c36-150x150.jpg\" class=\"attachment-thumbnail size-thumbnail\" alt=\"\" title=\"\"><\/a><\/li><li><a data-fancybox=\"gallery961\" href=\"https:\/\/zxdoll.com\/wp-content\/uploads\/2023\/04\/lesbian-real-doll-8u7c38-533x800.jpg\" class=\"eig-popup\" title=\"\" data-caption=\"\" target=\"_blank\"><i class=\"icon-view\"><\/i><span class=\"overlay\"><\/span><img loading=\"lazy\" decoding=\"async\" width=\"150\" height=\"150\" src=\"https:\/\/zxdoll.com\/wp-content\/uploads\/2023\/04\/lesbian-real-doll-8u7c38-150x150.jpg\" class=\"attachment-thumbnail size-thumbnail\" alt=\"\" title=\"\"><\/a><\/li><li><a data-fancybox=\"gallery961\" href=\"https:\/\/zxdoll.com\/wp-content\/uploads\/2023\/04\/lesbian-real-doll-8u7c39-533x800.jpg\" class=\"eig-popup\" title=\"\" data-caption=\"\" target=\"_blank\"><i class=\"icon-view\"><\/i><span class=\"overlay\"><\/span><img loading=\"lazy\" decoding=\"async\" width=\"150\" height=\"150\" src=\"https:\/\/zxdoll.com\/wp-content\/uploads\/2023\/04\/lesbian-real-doll-8u7c39-150x150.jpg\" class=\"attachment-thumbnail size-thumbnail\" alt=\"\" title=\"\"><\/a><\/li><\/ul>\n<h4>Gr\u00f6\u00dfentabellen<\/h4>\n<table width=\"269\">\n<tbody>\n<tr>\n<td width=\"130\">Material<\/td>\n<td width=\"139\">TPE<\/td>\n<\/tr>\n<tr>\n<td>H\u00f6he<\/td>\n<td>165cm<\/td>\n<\/tr>\n<tr>\n<td>Brust<\/td>\n<td>76cm<\/td>\n<\/tr>\n<tr>\n<td>Taille<\/td>\n<td>62cm<\/td>\n<\/tr>\n<tr>\n<td>H\u00fcften<\/td>\n<td>88cm<\/td>\n<\/tr>\n<tr>\n<td>Arml\u00e4nge<\/td>\n<td>67cm<\/td>\n<\/tr>\n<tr>\n<td>Schulterbreite<\/td>\n<td>36cm<\/td>\n<\/tr>\n<tr>\n<td>Wadenumfang<\/td>\n<td>29cm<\/td>\n<\/tr>\n<tr>\n<td>Oberschenkelumfang<\/td>\n<td>45,5 cm<\/td>\n<\/tr>\n<tr>\n<td>Beinl\u00e4nge<\/td>\n<td>87cm<\/td>\n<\/tr>\n<tr>\n<td>Fu\u00dfl\u00e4nge<\/td>\n<td>23cm<\/td>\n<\/tr>\n<tr>\n<td>Reingewicht<\/td>\n<td>34kg<\/td>\n<\/tr>\n<tr>\n<td>M\u00fcndliche Tiefe<\/td>\n<td>12cm<\/td>\n<\/tr>\n<tr>\n<td>Vagina-Tiefe<\/td>\n<td>18cm<\/td>\n<\/tr>\n<tr>\n<td>Anale Tiefe<\/td>\n<td>16cm<\/td>\n<\/tr>\n<\/tbody>\n<\/table>\n<h4>\u00dcber die Sexpuppe<\/h4>\n<p>M\u00f6chten Sie eine Familie haben, f\u00fcr die Sie Entscheidungen treffen k\u00f6nnen und der Sie W\u00e4rme und Hingabe entgegenbringen k\u00f6nnen? Dann ist diese 65 cm gro\u00dfe Sexpuppe der beste Partner, um Ihre W\u00fcnsche in die Realit\u00e4t umzusetzen. Diese Sexpuppe mit gro\u00dfen Titten ist wundersch\u00f6n und verf\u00fchrerisch und wird Ihr Sexualleben mit ihrer umwerfenden Sch\u00f6nheit schm\u00fccken.<\/p>\n<p>Sie ist eine reflexive, digital kreative und fr\u00f6hliche Sexpuppe mit gro\u00dfen Titten \u2013 eine gut gestaltete lebensechte Sexpuppe, die f\u00fcr ihre lebensechte Sexpuppen-Taille bekannt ist. Sexpuppen mit riesigen Titten, wie sie liebevoll genannt wird, erm\u00f6glichen das beste Liebesspiel aller Zeiten! Norden sind deine verdammten absoluten Sexpuppen.<\/p>\n<p>Diese zum Verkauf stehende Silikon-Sexpuppe ist sehr erschwinglich, hat einen zierlichen K\u00f6rper und alles, wof\u00fcr man sterben kann \u2013 wundervolle Swxdolls mit einem Kreis, einem glatten Gesicht und einem ausgepr\u00e4gten, einzigartigen Ausdruck.<\/p>\n<p>Sie ist eine lebensechte Sexpuppe mit flexiblen Armen und Beinen ohne Einschr\u00e4nkungen; Alles, was n\u00f6tig ist, ist, vorsichtig mit ihr umzugehen. Eine Sexpuppe mit riesigen Titten, wie diese mit ihren dezenten Br\u00fcsten, ist das beste Angebot f\u00fcr Sie, wenn Sie sich eine Sexpuppe zulegen m\u00f6chten.<\/p>\n<p>Norden ist vermutlich der Sch\u00f6nste, da er das Vergn\u00fcgen aller Sexpuppen bietet, die man bekommen kann, und noch mehr. Mit einem lebensechten Sexpuppenk\u00f6rper hat sie das, und das kann Ihre Boxershorts nass machen.<\/p>","protected":false},"excerpt":{"rendered":"<p>Sexpuppenbilder Gr\u00f6\u00dfentabellen Material TPE H\u00f6he 165 cm Brust 76 cm Taille 62 cm H\u00fcften 88 cm Arml\u00e4nge 67 cm Schulterbreite<\/p>","protected":false},"featured_media":33512,"comment_status":"open","ping_status":"closed","template":"","meta":[],"product_brand":[],"product_cat":[97,75,229,115,117,119],"product_tag":[],"class_list":{"0":"post-33496","1":"product","2":"type-product","3":"status-publish","4":"has-post-thumbnail","6":"product_cat-real-life-sex-dolls","7":"product_cat-160cm-170cm-sex-dolls","8":"product_cat-31kg-35kg","9":"product_cat-big-booty-sex-doll","10":"product_cat-small-breast-sex-doll","11":"product_cat-tpe-sex-doll","12":"pa_brand-irontech-doll","13":"tm-has-options","15":"first","16":"instock","17":"sale","18":"shipping-taxable","19":"purchasable","20":"product-type-simple"},"_links":{"self":[{"href":"https:\/\/zxdoll.com\/de\/wp-json\/wp\/v2\/product\/33496","targetHints":{"allow":["GET"]}}],"collection":[{"href":"https:\/\/zxdoll.com\/de\/wp-json\/wp\/v2\/product"}],"about":[{"href":"https:\/\/zxdoll.com\/de\/wp-json\/wp\/v2\/types\/product"}],"replies":[{"embeddable":true,"href":"https:\/\/zxdoll.com\/de\/wp-json\/wp\/v2\/comments?post=33496"}],"version-history":[{"count":2,"href":"https:\/\/zxdoll.com\/de\/wp-json\/wp\/v2\/product\/33496\/revisions"}],"predecessor-version":[{"id":101168,"href":"https:\/\/zxdoll.com\/de\/wp-json\/wp\/v2\/product\/33496\/revisions\/101168"}],"wp:featuredmedia":[{"embeddable":true,"href":"https:\/\/zxdoll.com\/de\/wp-json\/wp\/v2\/media\/33512"}],"wp:attachment":[{"href":"https:\/\/zxdoll.com\/de\/wp-json\/wp\/v2\/media?parent=33496"}],"wp:term":[{"taxonomy":"product_brand","embeddable":true,"href":"https:\/\/zxdoll.com\/de\/wp-json\/wp\/v2\/product_brand?post=33496"},{"taxonomy":"product_cat","embeddable":true,"href":"https:\/\/zxdoll.com\/de\/wp-json\/wp\/v2\/product_cat?post=33496"},{"taxonomy":"product_tag","embeddable":true,"href":"https:\/\/zxdoll.com\/de\/wp-json\/wp\/v2\/product_tag?post=33496"}],"curies":[{"name":"wp","href":"https:\/\/api.w.org\/{rel}","templated":true}]}}