{"id":33124,"date":"2023-04-05T04:29:27","date_gmt":"2023-04-04T20:29:27","guid":{"rendered":"https:\/\/zxdoll.com\/?post_type=product&#038;p=33124"},"modified":"2025-09-12T11:41:17","modified_gmt":"2025-09-12T03:41:17","slug":"beautiful-big-busty-love-doll","status":"publish","type":"product","link":"https:\/\/zxdoll.com\/de\/product\/beautiful-big-busty-love-doll\/","title":{"rendered":"Sch\u00f6ne gro\u00dfe vollbusige Liebespuppe Trina 164cm"},"content":{"rendered":"<h4><strong>Bilder von Sexpuppen<\/strong><\/h4>\n\t                <ul class=\"easy-image-gallery thumbnails-25 linked\">\r\n                    <li><a data-fancybox=\"gallery633\" href=\"https:\/\/zxdoll.com\/wp-content\/uploads\/2023\/04\/dreamdoll-twerk-6w2j1-533x800.jpg\" class=\"eig-popup\" title=\"\" data-caption=\"\" target=\"_blank\"><i class=\"icon-view\"><\/i><span class=\"overlay\"><\/span><img decoding=\"async\" width=\"150\" height=\"150\" src=\"https:\/\/zxdoll.com\/wp-content\/uploads\/2023\/04\/dreamdoll-twerk-6w2j1-150x150.jpg\" class=\"attachment-thumbnail size-thumbnail\" alt=\"\" title=\"\"><\/a><\/li><li><a data-fancybox=\"gallery633\" href=\"https:\/\/zxdoll.com\/wp-content\/uploads\/2023\/04\/dreamdoll-twerk-6w2j2-533x800.jpg\" class=\"eig-popup\" title=\"\" data-caption=\"\" target=\"_blank\"><i class=\"icon-view\"><\/i><span class=\"overlay\"><\/span><img decoding=\"async\" width=\"150\" height=\"150\" src=\"https:\/\/zxdoll.com\/wp-content\/uploads\/2023\/04\/dreamdoll-twerk-6w2j2-150x150.jpg\" class=\"attachment-thumbnail size-thumbnail\" alt=\"\" title=\"\"><\/a><\/li><li><a data-fancybox=\"gallery633\" href=\"https:\/\/zxdoll.com\/wp-content\/uploads\/2023\/04\/dreamdoll-twerk-6w2j3-533x800.jpg\" class=\"eig-popup\" title=\"\" data-caption=\"\" target=\"_blank\"><i class=\"icon-view\"><\/i><span class=\"overlay\"><\/span><img decoding=\"async\" width=\"150\" height=\"150\" src=\"https:\/\/zxdoll.com\/wp-content\/uploads\/2023\/04\/dreamdoll-twerk-6w2j3-150x150.jpg\" class=\"attachment-thumbnail size-thumbnail\" alt=\"\" title=\"\"><\/a><\/li><li><a data-fancybox=\"gallery633\" href=\"https:\/\/zxdoll.com\/wp-content\/uploads\/2023\/04\/dreamdoll-twerk-6w2j4-533x800.jpg\" class=\"eig-popup\" title=\"\" data-caption=\"\" target=\"_blank\"><i class=\"icon-view\"><\/i><span class=\"overlay\"><\/span><img loading=\"lazy\" decoding=\"async\" width=\"150\" height=\"150\" src=\"https:\/\/zxdoll.com\/wp-content\/uploads\/2023\/04\/dreamdoll-twerk-6w2j4-150x150.jpg\" class=\"attachment-thumbnail size-thumbnail\" alt=\"\" title=\"\"><\/a><\/li><li><a data-fancybox=\"gallery633\" href=\"https:\/\/zxdoll.com\/wp-content\/uploads\/2023\/04\/dreamdoll-twerk-6w2j5-533x800.jpg\" class=\"eig-popup\" title=\"\" data-caption=\"\" target=\"_blank\"><i class=\"icon-view\"><\/i><span class=\"overlay\"><\/span><img loading=\"lazy\" decoding=\"async\" width=\"150\" height=\"150\" src=\"https:\/\/zxdoll.com\/wp-content\/uploads\/2023\/04\/dreamdoll-twerk-6w2j5-150x150.jpg\" class=\"attachment-thumbnail size-thumbnail\" alt=\"\" title=\"\"><\/a><\/li><li><a data-fancybox=\"gallery633\" href=\"https:\/\/zxdoll.com\/wp-content\/uploads\/2023\/04\/dreamdoll-twerk-6w2j6-533x800.jpg\" class=\"eig-popup\" title=\"\" data-caption=\"\" target=\"_blank\"><i class=\"icon-view\"><\/i><span class=\"overlay\"><\/span><img loading=\"lazy\" decoding=\"async\" width=\"150\" height=\"150\" src=\"https:\/\/zxdoll.com\/wp-content\/uploads\/2023\/04\/dreamdoll-twerk-6w2j6-150x150.jpg\" class=\"attachment-thumbnail size-thumbnail\" alt=\"\" title=\"\"><\/a><\/li><li><a data-fancybox=\"gallery633\" href=\"https:\/\/zxdoll.com\/wp-content\/uploads\/2023\/04\/dreamdoll-twerk-6w2j7-533x800.jpg\" class=\"eig-popup\" title=\"\" data-caption=\"\" target=\"_blank\"><i class=\"icon-view\"><\/i><span class=\"overlay\"><\/span><img loading=\"lazy\" decoding=\"async\" width=\"150\" height=\"150\" src=\"https:\/\/zxdoll.com\/wp-content\/uploads\/2023\/04\/dreamdoll-twerk-6w2j7-150x150.jpg\" class=\"attachment-thumbnail size-thumbnail\" alt=\"\" title=\"\"><\/a><\/li><li><a data-fancybox=\"gallery633\" href=\"https:\/\/zxdoll.com\/wp-content\/uploads\/2023\/04\/dreamdoll-twerk-6w2j8-533x800.jpg\" class=\"eig-popup\" title=\"\" data-caption=\"\" target=\"_blank\"><i class=\"icon-view\"><\/i><span class=\"overlay\"><\/span><img loading=\"lazy\" decoding=\"async\" width=\"150\" height=\"150\" src=\"https:\/\/zxdoll.com\/wp-content\/uploads\/2023\/04\/dreamdoll-twerk-6w2j8-150x150.jpg\" class=\"attachment-thumbnail size-thumbnail\" alt=\"\" title=\"\"><\/a><\/li><li><a data-fancybox=\"gallery633\" href=\"https:\/\/zxdoll.com\/wp-content\/uploads\/2023\/04\/dreamdoll-twerk-6w2j9-533x800.jpg\" class=\"eig-popup\" title=\"\" data-caption=\"\" target=\"_blank\"><i class=\"icon-view\"><\/i><span class=\"overlay\"><\/span><img loading=\"lazy\" decoding=\"async\" width=\"150\" height=\"150\" src=\"https:\/\/zxdoll.com\/wp-content\/uploads\/2023\/04\/dreamdoll-twerk-6w2j9-150x150.jpg\" class=\"attachment-thumbnail size-thumbnail\" alt=\"\" title=\"\"><\/a><\/li><li><a data-fancybox=\"gallery633\" href=\"https:\/\/zxdoll.com\/wp-content\/uploads\/2023\/04\/dreamdoll-twerk-6w2j11-533x800.jpg\" class=\"eig-popup\" title=\"\" data-caption=\"\" target=\"_blank\"><i class=\"icon-view\"><\/i><span class=\"overlay\"><\/span><img loading=\"lazy\" decoding=\"async\" width=\"150\" height=\"150\" src=\"https:\/\/zxdoll.com\/wp-content\/uploads\/2023\/04\/dreamdoll-twerk-6w2j11-150x150.jpg\" class=\"attachment-thumbnail size-thumbnail\" alt=\"\" title=\"\"><\/a><\/li><li><a data-fancybox=\"gallery633\" href=\"https:\/\/zxdoll.com\/wp-content\/uploads\/2023\/04\/dreamdoll-twerk-6w2j12-533x800.jpg\" class=\"eig-popup\" title=\"\" data-caption=\"\" target=\"_blank\"><i class=\"icon-view\"><\/i><span class=\"overlay\"><\/span><img loading=\"lazy\" decoding=\"async\" width=\"150\" height=\"150\" src=\"https:\/\/zxdoll.com\/wp-content\/uploads\/2023\/04\/dreamdoll-twerk-6w2j12-150x150.jpg\" class=\"attachment-thumbnail size-thumbnail\" alt=\"\" title=\"\"><\/a><\/li><li><a data-fancybox=\"gallery633\" href=\"https:\/\/zxdoll.com\/wp-content\/uploads\/2023\/04\/dreamdoll-twerk-6w2j13-533x800.jpg\" class=\"eig-popup\" title=\"\" data-caption=\"\" target=\"_blank\"><i class=\"icon-view\"><\/i><span class=\"overlay\"><\/span><img loading=\"lazy\" decoding=\"async\" width=\"150\" height=\"150\" src=\"https:\/\/zxdoll.com\/wp-content\/uploads\/2023\/04\/dreamdoll-twerk-6w2j13-150x150.jpg\" class=\"attachment-thumbnail size-thumbnail\" alt=\"\" title=\"\"><\/a><\/li><li><a data-fancybox=\"gallery633\" href=\"https:\/\/zxdoll.com\/wp-content\/uploads\/2023\/04\/dreamdoll-twerk-6w2j14-533x800.jpg\" class=\"eig-popup\" title=\"\" data-caption=\"\" target=\"_blank\"><i class=\"icon-view\"><\/i><span class=\"overlay\"><\/span><img loading=\"lazy\" decoding=\"async\" width=\"150\" height=\"150\" src=\"https:\/\/zxdoll.com\/wp-content\/uploads\/2023\/04\/dreamdoll-twerk-6w2j14-150x150.jpg\" class=\"attachment-thumbnail size-thumbnail\" alt=\"\" title=\"\"><\/a><\/li><li><a data-fancybox=\"gallery633\" href=\"https:\/\/zxdoll.com\/wp-content\/uploads\/2023\/04\/dreamdoll-twerk-6w2j16-533x800.jpg\" class=\"eig-popup\" title=\"\" data-caption=\"\" target=\"_blank\"><i class=\"icon-view\"><\/i><span class=\"overlay\"><\/span><img loading=\"lazy\" decoding=\"async\" width=\"150\" height=\"150\" src=\"https:\/\/zxdoll.com\/wp-content\/uploads\/2023\/04\/dreamdoll-twerk-6w2j16-150x150.jpg\" class=\"attachment-thumbnail size-thumbnail\" alt=\"\" title=\"\"><\/a><\/li><li><a data-fancybox=\"gallery633\" href=\"https:\/\/zxdoll.com\/wp-content\/uploads\/2023\/04\/dreamdoll-twerk-6w2j17-533x800.jpg\" class=\"eig-popup\" title=\"\" data-caption=\"\" target=\"_blank\"><i class=\"icon-view\"><\/i><span class=\"overlay\"><\/span><img loading=\"lazy\" decoding=\"async\" width=\"150\" height=\"150\" src=\"https:\/\/zxdoll.com\/wp-content\/uploads\/2023\/04\/dreamdoll-twerk-6w2j17-150x150.jpg\" class=\"attachment-thumbnail size-thumbnail\" alt=\"\" title=\"\"><\/a><\/li><li><a data-fancybox=\"gallery633\" href=\"https:\/\/zxdoll.com\/wp-content\/uploads\/2023\/04\/dreamdoll-twerk-6w2j19-533x800.jpg\" class=\"eig-popup\" title=\"\" data-caption=\"\" target=\"_blank\"><i class=\"icon-view\"><\/i><span class=\"overlay\"><\/span><img loading=\"lazy\" decoding=\"async\" width=\"150\" height=\"150\" src=\"https:\/\/zxdoll.com\/wp-content\/uploads\/2023\/04\/dreamdoll-twerk-6w2j19-150x150.jpg\" class=\"attachment-thumbnail size-thumbnail\" alt=\"\" title=\"\"><\/a><\/li><li><a data-fancybox=\"gallery633\" href=\"https:\/\/zxdoll.com\/wp-content\/uploads\/2023\/04\/dreamdoll-twerk-6w2j20-533x800.jpg\" class=\"eig-popup\" title=\"\" data-caption=\"\" target=\"_blank\"><i class=\"icon-view\"><\/i><span class=\"overlay\"><\/span><img loading=\"lazy\" decoding=\"async\" width=\"150\" height=\"150\" src=\"https:\/\/zxdoll.com\/wp-content\/uploads\/2023\/04\/dreamdoll-twerk-6w2j20-150x150.jpg\" class=\"attachment-thumbnail size-thumbnail\" alt=\"\" title=\"\"><\/a><\/li><li><a data-fancybox=\"gallery633\" href=\"https:\/\/zxdoll.com\/wp-content\/uploads\/2023\/04\/dreamdoll-twerk-6w2j22-533x800.jpg\" class=\"eig-popup\" title=\"\" data-caption=\"\" target=\"_blank\"><i class=\"icon-view\"><\/i><span class=\"overlay\"><\/span><img loading=\"lazy\" decoding=\"async\" width=\"150\" height=\"150\" src=\"https:\/\/zxdoll.com\/wp-content\/uploads\/2023\/04\/dreamdoll-twerk-6w2j22-150x150.jpg\" class=\"attachment-thumbnail size-thumbnail\" alt=\"\" title=\"\"><\/a><\/li><li><a data-fancybox=\"gallery633\" href=\"https:\/\/zxdoll.com\/wp-content\/uploads\/2023\/04\/dreamdoll-twerk-6w2j23-533x800.jpg\" class=\"eig-popup\" title=\"\" data-caption=\"\" target=\"_blank\"><i class=\"icon-view\"><\/i><span class=\"overlay\"><\/span><img loading=\"lazy\" decoding=\"async\" width=\"150\" height=\"150\" src=\"https:\/\/zxdoll.com\/wp-content\/uploads\/2023\/04\/dreamdoll-twerk-6w2j23-150x150.jpg\" class=\"attachment-thumbnail size-thumbnail\" alt=\"\" title=\"\"><\/a><\/li><li><a data-fancybox=\"gallery633\" href=\"https:\/\/zxdoll.com\/wp-content\/uploads\/2023\/04\/dreamdoll-twerk-6w2j24-533x800.jpg\" class=\"eig-popup\" title=\"\" data-caption=\"\" target=\"_blank\"><i class=\"icon-view\"><\/i><span class=\"overlay\"><\/span><img loading=\"lazy\" decoding=\"async\" width=\"150\" height=\"150\" src=\"https:\/\/zxdoll.com\/wp-content\/uploads\/2023\/04\/dreamdoll-twerk-6w2j24-150x150.jpg\" class=\"attachment-thumbnail size-thumbnail\" alt=\"\" title=\"\"><\/a><\/li><li><a data-fancybox=\"gallery633\" href=\"https:\/\/zxdoll.com\/wp-content\/uploads\/2023\/04\/dreamdoll-twerk-6w2j25-533x800.jpg\" class=\"eig-popup\" title=\"\" data-caption=\"\" target=\"_blank\"><i class=\"icon-view\"><\/i><span class=\"overlay\"><\/span><img loading=\"lazy\" decoding=\"async\" width=\"150\" height=\"150\" src=\"https:\/\/zxdoll.com\/wp-content\/uploads\/2023\/04\/dreamdoll-twerk-6w2j25-150x150.jpg\" class=\"attachment-thumbnail size-thumbnail\" alt=\"\" title=\"\"><\/a><\/li><li><a data-fancybox=\"gallery633\" href=\"https:\/\/zxdoll.com\/wp-content\/uploads\/2023\/04\/dreamdoll-twerk-6w2j26-533x800.jpg\" class=\"eig-popup\" title=\"\" data-caption=\"\" target=\"_blank\"><i class=\"icon-view\"><\/i><span class=\"overlay\"><\/span><img loading=\"lazy\" decoding=\"async\" width=\"150\" height=\"150\" src=\"https:\/\/zxdoll.com\/wp-content\/uploads\/2023\/04\/dreamdoll-twerk-6w2j26-150x150.jpg\" class=\"attachment-thumbnail size-thumbnail\" alt=\"\" title=\"\"><\/a><\/li><li><a data-fancybox=\"gallery633\" href=\"https:\/\/zxdoll.com\/wp-content\/uploads\/2023\/04\/dreamdoll-twerk-6w2j27-533x800.jpg\" class=\"eig-popup\" title=\"\" data-caption=\"\" target=\"_blank\"><i class=\"icon-view\"><\/i><span class=\"overlay\"><\/span><img loading=\"lazy\" decoding=\"async\" width=\"150\" height=\"150\" src=\"https:\/\/zxdoll.com\/wp-content\/uploads\/2023\/04\/dreamdoll-twerk-6w2j27-150x150.jpg\" class=\"attachment-thumbnail size-thumbnail\" alt=\"\" title=\"\"><\/a><\/li><li><a data-fancybox=\"gallery633\" href=\"https:\/\/zxdoll.com\/wp-content\/uploads\/2023\/04\/dreamdoll-twerk-6w2j28-533x800.jpg\" class=\"eig-popup\" title=\"\" data-caption=\"\" target=\"_blank\"><i class=\"icon-view\"><\/i><span class=\"overlay\"><\/span><img loading=\"lazy\" decoding=\"async\" width=\"150\" height=\"150\" src=\"https:\/\/zxdoll.com\/wp-content\/uploads\/2023\/04\/dreamdoll-twerk-6w2j28-150x150.jpg\" class=\"attachment-thumbnail size-thumbnail\" alt=\"\" title=\"\"><\/a><\/li><li><a data-fancybox=\"gallery633\" href=\"https:\/\/zxdoll.com\/wp-content\/uploads\/2023\/04\/dreamdoll-twerk-6w2j29-533x800.jpg\" class=\"eig-popup\" title=\"\" data-caption=\"\" target=\"_blank\"><i class=\"icon-view\"><\/i><span class=\"overlay\"><\/span><img loading=\"lazy\" decoding=\"async\" width=\"150\" height=\"150\" src=\"https:\/\/zxdoll.com\/wp-content\/uploads\/2023\/04\/dreamdoll-twerk-6w2j29-150x150.jpg\" class=\"attachment-thumbnail size-thumbnail\" alt=\"\" title=\"\"><\/a><\/li><\/ul>\n<h4>Gr\u00f6\u00dfentabellen<\/h4>\n<table width=\"269\">\n<tbody>\n<tr>\n<td width=\"130\">Material<\/td>\n<td width=\"139\">TPE<\/td>\n<\/tr>\n<tr>\n<td>H\u00f6he<\/td>\n<td>164cm plus<\/td>\n<\/tr>\n<tr>\n<td>Brustlinie<\/td>\n<td>81cm<\/td>\n<\/tr>\n<tr>\n<td>Taillenlinie<\/td>\n<td>59cm<\/td>\n<\/tr>\n<tr>\n<td>H\u00fcftlinie<\/td>\n<td>103cm<\/td>\n<\/tr>\n<tr>\n<td>Arml\u00e4nge<\/td>\n<td>63cm<\/td>\n<\/tr>\n<tr>\n<td>Schulterbreite<\/td>\n<td>38cm<\/td>\n<\/tr>\n<tr>\n<td>Wadenlinie<\/td>\n<td>34cm<\/td>\n<\/tr>\n<tr>\n<td>Oberschenkellinie<\/td>\n<td>59cm<\/td>\n<\/tr>\n<tr>\n<td>Beinl\u00e4nge<\/td>\n<td>79cm<\/td>\n<\/tr>\n<tr>\n<td>Fu\u00dfgr\u00f6\u00dfe<\/td>\n<td>22cm<\/td>\n<\/tr>\n<tr>\n<td>Reingewicht<\/td>\n<td>45kg<\/td>\n<\/tr>\n<tr>\n<td>M\u00fcndliche Tiefe<\/td>\n<td>12cm<\/td>\n<\/tr>\n<tr>\n<td>Vagina-Tiefe<\/td>\n<td>18cm<\/td>\n<\/tr>\n<tr>\n<td>Anale Tiefe<\/td>\n<td>16cm<\/td>\n<\/tr>\n<\/tbody>\n<\/table>\n<h4>\u00dcber die Sexpuppe<\/h4>\n<p>Es ist Apriltag und sie kann es kaum erwarten, ihre Welt mit Ihnen zu teilen. Sie ist eine wundersch\u00f6ne Katzen-Sexpuppe mit einem ma\u00dfgeschneiderten Sound. Diese liebenswerte und wohlerzogene Shiori-Sexpuppe mit einer sexy Lippe, langen Haaren und einem begehrenswerten Stimmton k\u00f6nnte Ihnen geh\u00f6ren, wenn Sie nur das Notwendige tun w\u00fcrden.<\/p>\n<p>April ist einfach die sch\u00f6nste TPE-Sexpuppe, die im Bett sehr aktiv ist; Sie hat bezaubernde Augen, die Ihr Herz erweichen; Sie ist absolut die beliebteste Promi-Sexpuppe, die Sie in Ihrem Leben erkunden m\u00f6chten<\/p>\n<p>Dieser wundersch\u00f6ne Schatz ist eine lebensechte Sexpuppe mit Kusslippen. Diese erfahrene Riley-Reid-Puppe und Ebenholz-Liebespuppe mit wundersch\u00f6nen langen Beinen haben einen gut aussehenden, gro\u00dfz\u00fcgigen K\u00f6rper mit dicker Haut, der immer das Licht in Ihrem Leben erstrahlen l\u00e4sst. Sie ist selbstbewusst und immer fr\u00f6hlich. April ist unersetzlich und ihr Anblick wird immer Begeisterung f\u00fcr das Vergn\u00fcgen ausl\u00f6sen.<\/p>\n<p>Diese gro\u00dfe, vollbusige Sexpuppe in Aktion wird in verschiedenen Puppenboxen zum Versand an alle Standorte geliefert. Sie fragen sich, wof\u00fcr schwarze Puppen erfunden wurden? Sie wurden ausschlie\u00dflich entwickelt, um Ihnen maximale Zufriedenheit in Ihrem Sexualleben zu bieten.<\/p>\n<p>Sie ist bescheiden, glaubw\u00fcrdig und einflussreich. Sie ist unglaublich romantisch und flauschig im Umgang, und dar\u00fcber hinaus ist sie sehr mitf\u00fchlend; Wenn Sie die Sexpuppe in echter Aktion sehen m\u00f6chten, entscheiden Sie sich f\u00fcr April.<\/p>","protected":false},"excerpt":{"rendered":"<p>Sexpuppenbilder Gr\u00f6\u00dfentabellen Material TPE H\u00f6he 164 cm plus Brustumfang 81 cm Taillenumfang 59 cm H\u00fcftumfang 103 cm Arm<\/p>","protected":false},"featured_media":33126,"comment_status":"open","ping_status":"closed","template":"","meta":[],"product_brand":[],"product_cat":[97,75,231,116,115,118,119],"product_tag":[],"class_list":{"0":"post-33124","1":"product","2":"type-product","3":"status-publish","4":"has-post-thumbnail","6":"product_cat-real-life-sex-dolls","7":"product_cat-160cm-170cm-sex-dolls","8":"product_cat-41kg-45kg","9":"product_cat-big-boobs-sex-doll","10":"product_cat-big-booty-sex-doll","11":"product_cat-ebony-sex-doll","12":"product_cat-tpe-sex-doll","13":"pa_brand-irontech-doll","14":"tm-has-options","16":"first","17":"instock","18":"sale","19":"shipping-taxable","20":"purchasable","21":"product-type-simple"},"_links":{"self":[{"href":"https:\/\/zxdoll.com\/de\/wp-json\/wp\/v2\/product\/33124","targetHints":{"allow":["GET"]}}],"collection":[{"href":"https:\/\/zxdoll.com\/de\/wp-json\/wp\/v2\/product"}],"about":[{"href":"https:\/\/zxdoll.com\/de\/wp-json\/wp\/v2\/types\/product"}],"replies":[{"embeddable":true,"href":"https:\/\/zxdoll.com\/de\/wp-json\/wp\/v2\/comments?post=33124"}],"version-history":[{"count":2,"href":"https:\/\/zxdoll.com\/de\/wp-json\/wp\/v2\/product\/33124\/revisions"}],"predecessor-version":[{"id":186830,"href":"https:\/\/zxdoll.com\/de\/wp-json\/wp\/v2\/product\/33124\/revisions\/186830"}],"wp:featuredmedia":[{"embeddable":true,"href":"https:\/\/zxdoll.com\/de\/wp-json\/wp\/v2\/media\/33126"}],"wp:attachment":[{"href":"https:\/\/zxdoll.com\/de\/wp-json\/wp\/v2\/media?parent=33124"}],"wp:term":[{"taxonomy":"product_brand","embeddable":true,"href":"https:\/\/zxdoll.com\/de\/wp-json\/wp\/v2\/product_brand?post=33124"},{"taxonomy":"product_cat","embeddable":true,"href":"https:\/\/zxdoll.com\/de\/wp-json\/wp\/v2\/product_cat?post=33124"},{"taxonomy":"product_tag","embeddable":true,"href":"https:\/\/zxdoll.com\/de\/wp-json\/wp\/v2\/product_tag?post=33124"}],"curies":[{"name":"wp","href":"https:\/\/api.w.org\/{rel}","templated":true}]}}