{"id":32039,"date":"2023-04-05T01:51:10","date_gmt":"2023-04-04T17:51:10","guid":{"rendered":"https:\/\/zxdoll.com\/?post_type=product&#038;p=32039"},"modified":"2025-09-12T10:47:27","modified_gmt":"2025-09-12T02:47:27","slug":"amazing-soft-perky-boobs-mlp-sex-doll","status":"publish","type":"product","link":"https:\/\/zxdoll.com\/de\/product\/amazing-soft-perky-boobs-mlp-sex-doll\/","title":{"rendered":"Erstaunliche weiche, freche Br\u00fcste, Mlp-Sexpuppe Coralee, 163 cm"},"content":{"rendered":"<h4><strong>Bilder von Sexpuppen<\/strong><\/h4>\n\t                <ul class=\"easy-image-gallery thumbnails-15 linked\">\r\n                    <li><a data-fancybox=\"gallery388\" href=\"https:\/\/zxdoll.com\/wp-content\/uploads\/2023\/04\/mikayla-doll-2e5t1-533x800.jpg\" class=\"eig-popup\" title=\"\" data-caption=\"\" target=\"_blank\"><i class=\"icon-view\"><\/i><span class=\"overlay\"><\/span><img decoding=\"async\" width=\"150\" height=\"150\" src=\"https:\/\/zxdoll.com\/wp-content\/uploads\/2023\/04\/mikayla-doll-2e5t1-150x150.jpg\" class=\"attachment-thumbnail size-thumbnail\" alt=\"\" title=\"\"><\/a><\/li><li><a data-fancybox=\"gallery388\" href=\"https:\/\/zxdoll.com\/wp-content\/uploads\/2023\/04\/mikayla-doll-2e5t2-533x800.jpg\" class=\"eig-popup\" title=\"\" data-caption=\"\" target=\"_blank\"><i class=\"icon-view\"><\/i><span class=\"overlay\"><\/span><img decoding=\"async\" width=\"150\" height=\"150\" src=\"https:\/\/zxdoll.com\/wp-content\/uploads\/2023\/04\/mikayla-doll-2e5t2-150x150.jpg\" class=\"attachment-thumbnail size-thumbnail\" alt=\"\" title=\"\"><\/a><\/li><li><a data-fancybox=\"gallery388\" href=\"https:\/\/zxdoll.com\/wp-content\/uploads\/2023\/04\/mikayla-doll-2e5t3-533x800.jpg\" class=\"eig-popup\" title=\"\" data-caption=\"\" target=\"_blank\"><i class=\"icon-view\"><\/i><span class=\"overlay\"><\/span><img decoding=\"async\" width=\"150\" height=\"150\" src=\"https:\/\/zxdoll.com\/wp-content\/uploads\/2023\/04\/mikayla-doll-2e5t3-150x150.jpg\" class=\"attachment-thumbnail size-thumbnail\" alt=\"\" title=\"\"><\/a><\/li><li><a data-fancybox=\"gallery388\" href=\"https:\/\/zxdoll.com\/wp-content\/uploads\/2023\/04\/mikayla-doll-2e5t5-533x800.jpg\" class=\"eig-popup\" title=\"\" data-caption=\"\" target=\"_blank\"><i class=\"icon-view\"><\/i><span class=\"overlay\"><\/span><img loading=\"lazy\" decoding=\"async\" width=\"150\" height=\"150\" src=\"https:\/\/zxdoll.com\/wp-content\/uploads\/2023\/04\/mikayla-doll-2e5t5-150x150.jpg\" class=\"attachment-thumbnail size-thumbnail\" alt=\"\" title=\"\"><\/a><\/li><li><a data-fancybox=\"gallery388\" href=\"https:\/\/zxdoll.com\/wp-content\/uploads\/2023\/04\/mikayla-doll-2e5t6-533x800.jpg\" class=\"eig-popup\" title=\"\" data-caption=\"\" target=\"_blank\"><i class=\"icon-view\"><\/i><span class=\"overlay\"><\/span><img loading=\"lazy\" decoding=\"async\" width=\"150\" height=\"150\" src=\"https:\/\/zxdoll.com\/wp-content\/uploads\/2023\/04\/mikayla-doll-2e5t6-150x150.jpg\" class=\"attachment-thumbnail size-thumbnail\" alt=\"\" title=\"\"><\/a><\/li><li><a data-fancybox=\"gallery388\" href=\"https:\/\/zxdoll.com\/wp-content\/uploads\/2023\/04\/mikayla-doll-2e5t7-533x800.jpg\" class=\"eig-popup\" title=\"\" data-caption=\"\" target=\"_blank\"><i class=\"icon-view\"><\/i><span class=\"overlay\"><\/span><img loading=\"lazy\" decoding=\"async\" width=\"150\" height=\"150\" src=\"https:\/\/zxdoll.com\/wp-content\/uploads\/2023\/04\/mikayla-doll-2e5t7-150x150.jpg\" class=\"attachment-thumbnail size-thumbnail\" alt=\"\" title=\"\"><\/a><\/li><li><a data-fancybox=\"gallery388\" href=\"https:\/\/zxdoll.com\/wp-content\/uploads\/2023\/04\/mikayla-doll-2e5t8-533x800.jpg\" class=\"eig-popup\" title=\"\" data-caption=\"\" target=\"_blank\"><i class=\"icon-view\"><\/i><span class=\"overlay\"><\/span><img loading=\"lazy\" decoding=\"async\" width=\"150\" height=\"150\" src=\"https:\/\/zxdoll.com\/wp-content\/uploads\/2023\/04\/mikayla-doll-2e5t8-150x150.jpg\" class=\"attachment-thumbnail size-thumbnail\" alt=\"\" title=\"\"><\/a><\/li><li><a data-fancybox=\"gallery388\" href=\"https:\/\/zxdoll.com\/wp-content\/uploads\/2023\/04\/mikayla-doll-2e5t9-533x800.jpg\" class=\"eig-popup\" title=\"\" data-caption=\"\" target=\"_blank\"><i class=\"icon-view\"><\/i><span class=\"overlay\"><\/span><img loading=\"lazy\" decoding=\"async\" width=\"150\" height=\"150\" src=\"https:\/\/zxdoll.com\/wp-content\/uploads\/2023\/04\/mikayla-doll-2e5t9-150x150.jpg\" class=\"attachment-thumbnail size-thumbnail\" alt=\"\" title=\"\"><\/a><\/li><li><a data-fancybox=\"gallery388\" href=\"https:\/\/zxdoll.com\/wp-content\/uploads\/2023\/04\/mikayla-doll-2e5t11-533x800.jpg\" class=\"eig-popup\" title=\"\" data-caption=\"\" target=\"_blank\"><i class=\"icon-view\"><\/i><span class=\"overlay\"><\/span><img loading=\"lazy\" decoding=\"async\" width=\"150\" height=\"150\" src=\"https:\/\/zxdoll.com\/wp-content\/uploads\/2023\/04\/mikayla-doll-2e5t11-150x150.jpg\" class=\"attachment-thumbnail size-thumbnail\" alt=\"\" title=\"\"><\/a><\/li><li><a data-fancybox=\"gallery388\" href=\"https:\/\/zxdoll.com\/wp-content\/uploads\/2023\/04\/mikayla-doll-2e5t15-533x800.jpg\" class=\"eig-popup\" title=\"\" data-caption=\"\" target=\"_blank\"><i class=\"icon-view\"><\/i><span class=\"overlay\"><\/span><img loading=\"lazy\" decoding=\"async\" width=\"150\" height=\"150\" src=\"https:\/\/zxdoll.com\/wp-content\/uploads\/2023\/04\/mikayla-doll-2e5t15-150x150.jpg\" class=\"attachment-thumbnail size-thumbnail\" alt=\"\" title=\"\"><\/a><\/li><li><a data-fancybox=\"gallery388\" href=\"https:\/\/zxdoll.com\/wp-content\/uploads\/2023\/04\/mikayla-doll-2e5t17-533x800.jpg\" class=\"eig-popup\" title=\"\" data-caption=\"\" target=\"_blank\"><i class=\"icon-view\"><\/i><span class=\"overlay\"><\/span><img loading=\"lazy\" decoding=\"async\" width=\"150\" height=\"150\" src=\"https:\/\/zxdoll.com\/wp-content\/uploads\/2023\/04\/mikayla-doll-2e5t17-150x150.jpg\" class=\"attachment-thumbnail size-thumbnail\" alt=\"\" title=\"\"><\/a><\/li><li><a data-fancybox=\"gallery388\" href=\"https:\/\/zxdoll.com\/wp-content\/uploads\/2023\/04\/mikayla-doll-2e5t18-533x800.jpg\" class=\"eig-popup\" title=\"\" data-caption=\"\" target=\"_blank\"><i class=\"icon-view\"><\/i><span class=\"overlay\"><\/span><img loading=\"lazy\" decoding=\"async\" width=\"150\" height=\"150\" src=\"https:\/\/zxdoll.com\/wp-content\/uploads\/2023\/04\/mikayla-doll-2e5t18-150x150.jpg\" class=\"attachment-thumbnail size-thumbnail\" alt=\"\" title=\"\"><\/a><\/li><li><a data-fancybox=\"gallery388\" href=\"https:\/\/zxdoll.com\/wp-content\/uploads\/2023\/04\/mikayla-doll-2e5t19-533x800.jpg\" class=\"eig-popup\" title=\"\" data-caption=\"\" target=\"_blank\"><i class=\"icon-view\"><\/i><span class=\"overlay\"><\/span><img loading=\"lazy\" decoding=\"async\" width=\"150\" height=\"150\" src=\"https:\/\/zxdoll.com\/wp-content\/uploads\/2023\/04\/mikayla-doll-2e5t19-150x150.jpg\" class=\"attachment-thumbnail size-thumbnail\" alt=\"\" title=\"\"><\/a><\/li><li><a data-fancybox=\"gallery388\" href=\"https:\/\/zxdoll.com\/wp-content\/uploads\/2023\/04\/mikayla-doll-2e5t20-533x800.jpg\" class=\"eig-popup\" title=\"\" data-caption=\"\" target=\"_blank\"><i class=\"icon-view\"><\/i><span class=\"overlay\"><\/span><img loading=\"lazy\" decoding=\"async\" width=\"150\" height=\"150\" src=\"https:\/\/zxdoll.com\/wp-content\/uploads\/2023\/04\/mikayla-doll-2e5t20-150x150.jpg\" class=\"attachment-thumbnail size-thumbnail\" alt=\"\" title=\"\"><\/a><\/li><li><a data-fancybox=\"gallery388\" href=\"https:\/\/zxdoll.com\/wp-content\/uploads\/2023\/04\/mikayla-doll-2e5t21-533x800.jpg\" class=\"eig-popup\" title=\"\" data-caption=\"\" target=\"_blank\"><i class=\"icon-view\"><\/i><span class=\"overlay\"><\/span><img loading=\"lazy\" decoding=\"async\" width=\"150\" height=\"150\" src=\"https:\/\/zxdoll.com\/wp-content\/uploads\/2023\/04\/mikayla-doll-2e5t21-150x150.jpg\" class=\"attachment-thumbnail size-thumbnail\" alt=\"\" title=\"\"><\/a><\/li><\/ul>\n<h4>Gr\u00f6\u00dfentabellen<\/h4>\n<table width=\"269\">\n<tbody>\n<tr>\n<td width=\"130\">Material<\/td>\n<td width=\"139\">TPE<\/td>\n<\/tr>\n<tr>\n<td>H\u00f6he<\/td>\n<td>163 cm Plus<\/td>\n<\/tr>\n<tr>\n<td>Brust<\/td>\n<td>96cm<\/td>\n<\/tr>\n<tr>\n<td>Taille<\/td>\n<td>62cm<\/td>\n<\/tr>\n<tr>\n<td>H\u00fcften<\/td>\n<td>94cm<\/td>\n<\/tr>\n<tr>\n<td>Arml\u00e4nge<\/td>\n<td>67cm<\/td>\n<\/tr>\n<tr>\n<td>Schulterbreite<\/td>\n<td>35cm<\/td>\n<\/tr>\n<tr>\n<td>Wadenumfang<\/td>\n<td>31cm<\/td>\n<\/tr>\n<tr>\n<td>Oberschenkelumfang<\/td>\n<td>51cm<\/td>\n<\/tr>\n<tr>\n<td>Beinl\u00e4nge<\/td>\n<td>88cm<\/td>\n<\/tr>\n<tr>\n<td>Fu\u00dfl\u00e4nge<\/td>\n<td>22,5 cm<\/td>\n<\/tr>\n<tr>\n<td>Reingewicht<\/td>\n<td>37kg<\/td>\n<\/tr>\n<tr>\n<td>M\u00fcndliche Tiefe<\/td>\n<td>12cm<\/td>\n<\/tr>\n<tr>\n<td>Vagina-Tiefe<\/td>\n<td>18cm<\/td>\n<\/tr>\n<tr>\n<td>Anale Tiefe<\/td>\n<td>16cm<\/td>\n<\/tr>\n<\/tbody>\n<\/table>\n<h4>\u00dcber die Sexpuppe<\/h4>\n<p>Eine mit Wasser gef\u00fcllte Sexpuppe ist eine tolle Idee f\u00fcr einen neuen Sexpuppenbenutzer oder einen alten Benutzer. Die mit Wasser gef\u00fcllte Sexpuppe ist eine Anime-Silikonpuppe, die es versteht, Ihren K\u00f6rper k\u00fchl zu machen. Wenn Sie auf der Suche nach einer Premium-Puppe oder einer realistischen Sexpuppe mit s\u00fc\u00dfem Gesicht, weichen, frechen Br\u00fcsten und einer gleitf\u00e4higen Vagina sind, dann sind Sie hier genau richtig.<\/p>\n<p>Der wichtigste Aspekt bei der Auswahl einer Sexpuppe ist, zu wissen, was Sie wollen, und wir haben Ihnen die M\u00f6glichkeit gegeben, Ihre eigene Sexpuppe zu entwerfen. Unsere MLP-Sexpuppe ist eine ma\u00dfgeschneiderte Sexpuppe; Sie k\u00f6nnen jedes ihrer K\u00f6rperteile \u00e4ndern, mit dem Sie sich nicht wohl f\u00fchlen; Sie k\u00f6nnen ihre Haarfarbe, Augenfarbe und die Gr\u00f6\u00dfe ihrer K\u00f6rperteile w\u00e4hlen; Wir sorgen daf\u00fcr, dass sie genau so aussieht, wie Sie es sich w\u00fcnschen. Unsere Anime-Sexpuppe ist eine 140 cm gro\u00dfe TPE-Puppe; Sie ist weder zu klein noch zu gro\u00df, obwohl ihre K\u00f6rpergr\u00f6\u00dfe ein zus\u00e4tzlicher Vorteil ist, da Sie sie so leichter hochheben oder herumtragen k\u00f6nnen<\/p>","protected":false},"excerpt":{"rendered":"<p>Sexpuppenbilder Gr\u00f6\u00dfentabellen Material TPE H\u00f6he 163 cm Plus Brust 96 cm Taille 62 cm H\u00fcften 94 cm Arml\u00e4nge 67 cm Schulter<\/p>","protected":false},"featured_media":32050,"comment_status":"open","ping_status":"closed","template":"","meta":[],"product_brand":[],"product_cat":[97,75,230,116,115,119],"product_tag":[],"class_list":{"0":"post-32039","1":"product","2":"type-product","3":"status-publish","4":"has-post-thumbnail","6":"product_cat-real-life-sex-dolls","7":"product_cat-160cm-170cm-sex-dolls","8":"product_cat-36kg-40kg","9":"product_cat-big-boobs-sex-doll","10":"product_cat-big-booty-sex-doll","11":"product_cat-tpe-sex-doll","12":"pa_brand-irontech-doll","13":"tm-has-options","15":"first","16":"instock","17":"sale","18":"shipping-taxable","19":"purchasable","20":"product-type-simple"},"_links":{"self":[{"href":"https:\/\/zxdoll.com\/de\/wp-json\/wp\/v2\/product\/32039","targetHints":{"allow":["GET"]}}],"collection":[{"href":"https:\/\/zxdoll.com\/de\/wp-json\/wp\/v2\/product"}],"about":[{"href":"https:\/\/zxdoll.com\/de\/wp-json\/wp\/v2\/types\/product"}],"replies":[{"embeddable":true,"href":"https:\/\/zxdoll.com\/de\/wp-json\/wp\/v2\/comments?post=32039"}],"version-history":[{"count":1,"href":"https:\/\/zxdoll.com\/de\/wp-json\/wp\/v2\/product\/32039\/revisions"}],"predecessor-version":[{"id":100533,"href":"https:\/\/zxdoll.com\/de\/wp-json\/wp\/v2\/product\/32039\/revisions\/100533"}],"wp:featuredmedia":[{"embeddable":true,"href":"https:\/\/zxdoll.com\/de\/wp-json\/wp\/v2\/media\/32050"}],"wp:attachment":[{"href":"https:\/\/zxdoll.com\/de\/wp-json\/wp\/v2\/media?parent=32039"}],"wp:term":[{"taxonomy":"product_brand","embeddable":true,"href":"https:\/\/zxdoll.com\/de\/wp-json\/wp\/v2\/product_brand?post=32039"},{"taxonomy":"product_cat","embeddable":true,"href":"https:\/\/zxdoll.com\/de\/wp-json\/wp\/v2\/product_cat?post=32039"},{"taxonomy":"product_tag","embeddable":true,"href":"https:\/\/zxdoll.com\/de\/wp-json\/wp\/v2\/product_tag?post=32039"}],"curies":[{"name":"wp","href":"https:\/\/api.w.org\/{rel}","templated":true}]}}