{"id":30158,"date":"2023-04-02T05:02:32","date_gmt":"2023-04-01T21:02:32","guid":{"rendered":"https:\/\/zxdoll.com\/?post_type=product&#038;p=30158"},"modified":"2025-09-11T01:23:24","modified_gmt":"2025-09-10T17:23:24","slug":"good-looking-real-life-lovely-dream-doll","status":"publish","type":"product","link":"https:\/\/zxdoll.com\/de\/product\/good-looking-real-life-lovely-dream-doll\/","title":{"rendered":"Gut aussehende echte Traumpuppe Anisa, 158 cm"},"content":{"rendered":"<h4><strong>Bilder von Sexpuppen<\/strong><\/h4>\n\t                <ul class=\"easy-image-gallery thumbnails-22 linked\">\r\n                    <li><a data-fancybox=\"gallery319\" href=\"https:\/\/zxdoll.com\/wp-content\/uploads\/2023\/04\/3d-fuck-doll-3sez2-533x800.jpg\" class=\"eig-popup\" title=\"\" data-caption=\"\" target=\"_blank\"><i class=\"icon-view\"><\/i><span class=\"overlay\"><\/span><img decoding=\"async\" width=\"150\" height=\"150\" src=\"https:\/\/zxdoll.com\/wp-content\/uploads\/2023\/04\/3d-fuck-doll-3sez2-150x150.jpg\" class=\"attachment-thumbnail size-thumbnail\" alt=\"\" title=\"\"><\/a><\/li><li><a data-fancybox=\"gallery319\" href=\"https:\/\/zxdoll.com\/wp-content\/uploads\/2023\/04\/3d-fuck-doll-3sez3-533x800.jpg\" class=\"eig-popup\" title=\"\" data-caption=\"\" target=\"_blank\"><i class=\"icon-view\"><\/i><span class=\"overlay\"><\/span><img decoding=\"async\" width=\"150\" height=\"150\" src=\"https:\/\/zxdoll.com\/wp-content\/uploads\/2023\/04\/3d-fuck-doll-3sez3-150x150.jpg\" class=\"attachment-thumbnail size-thumbnail\" alt=\"\" title=\"\"><\/a><\/li><li><a data-fancybox=\"gallery319\" href=\"https:\/\/zxdoll.com\/wp-content\/uploads\/2023\/04\/3d-fuck-doll-3sez4-533x800.jpg\" class=\"eig-popup\" title=\"\" data-caption=\"\" target=\"_blank\"><i class=\"icon-view\"><\/i><span class=\"overlay\"><\/span><img decoding=\"async\" width=\"150\" height=\"150\" src=\"https:\/\/zxdoll.com\/wp-content\/uploads\/2023\/04\/3d-fuck-doll-3sez4-150x150.jpg\" class=\"attachment-thumbnail size-thumbnail\" alt=\"\" title=\"\"><\/a><\/li><li><a data-fancybox=\"gallery319\" href=\"https:\/\/zxdoll.com\/wp-content\/uploads\/2023\/04\/3d-fuck-doll-3sez11-533x800.jpg\" class=\"eig-popup\" title=\"\" data-caption=\"\" target=\"_blank\"><i class=\"icon-view\"><\/i><span class=\"overlay\"><\/span><img loading=\"lazy\" decoding=\"async\" width=\"150\" height=\"150\" src=\"https:\/\/zxdoll.com\/wp-content\/uploads\/2023\/04\/3d-fuck-doll-3sez11-150x150.jpg\" class=\"attachment-thumbnail size-thumbnail\" alt=\"\" title=\"\"><\/a><\/li><li><a data-fancybox=\"gallery319\" href=\"https:\/\/zxdoll.com\/wp-content\/uploads\/2023\/04\/3d-fuck-doll-3sez12-533x800.jpg\" class=\"eig-popup\" title=\"\" data-caption=\"\" target=\"_blank\"><i class=\"icon-view\"><\/i><span class=\"overlay\"><\/span><img loading=\"lazy\" decoding=\"async\" width=\"150\" height=\"150\" src=\"https:\/\/zxdoll.com\/wp-content\/uploads\/2023\/04\/3d-fuck-doll-3sez12-150x150.jpg\" class=\"attachment-thumbnail size-thumbnail\" alt=\"\" title=\"\"><\/a><\/li><li><a data-fancybox=\"gallery319\" href=\"https:\/\/zxdoll.com\/wp-content\/uploads\/2023\/04\/3d-fuck-doll-3sez13-533x800.jpg\" class=\"eig-popup\" title=\"\" data-caption=\"\" target=\"_blank\"><i class=\"icon-view\"><\/i><span class=\"overlay\"><\/span><img loading=\"lazy\" decoding=\"async\" width=\"150\" height=\"150\" src=\"https:\/\/zxdoll.com\/wp-content\/uploads\/2023\/04\/3d-fuck-doll-3sez13-150x150.jpg\" class=\"attachment-thumbnail size-thumbnail\" alt=\"\" title=\"\"><\/a><\/li><li><a data-fancybox=\"gallery319\" href=\"https:\/\/zxdoll.com\/wp-content\/uploads\/2023\/04\/3d-fuck-doll-3sez14-533x800.jpg\" class=\"eig-popup\" title=\"\" data-caption=\"\" target=\"_blank\"><i class=\"icon-view\"><\/i><span class=\"overlay\"><\/span><img loading=\"lazy\" decoding=\"async\" width=\"150\" height=\"150\" src=\"https:\/\/zxdoll.com\/wp-content\/uploads\/2023\/04\/3d-fuck-doll-3sez14-150x150.jpg\" class=\"attachment-thumbnail size-thumbnail\" alt=\"\" title=\"\"><\/a><\/li><li><a data-fancybox=\"gallery319\" href=\"https:\/\/zxdoll.com\/wp-content\/uploads\/2023\/04\/3d-fuck-doll-3sez15-533x800.jpg\" class=\"eig-popup\" title=\"\" data-caption=\"\" target=\"_blank\"><i class=\"icon-view\"><\/i><span class=\"overlay\"><\/span><img loading=\"lazy\" decoding=\"async\" width=\"150\" height=\"150\" src=\"https:\/\/zxdoll.com\/wp-content\/uploads\/2023\/04\/3d-fuck-doll-3sez15-150x150.jpg\" class=\"attachment-thumbnail size-thumbnail\" alt=\"\" title=\"\"><\/a><\/li><li><a data-fancybox=\"gallery319\" href=\"https:\/\/zxdoll.com\/wp-content\/uploads\/2023\/04\/3d-fuck-doll-3sez16-533x800.jpg\" class=\"eig-popup\" title=\"\" data-caption=\"\" target=\"_blank\"><i class=\"icon-view\"><\/i><span class=\"overlay\"><\/span><img loading=\"lazy\" decoding=\"async\" width=\"150\" height=\"150\" src=\"https:\/\/zxdoll.com\/wp-content\/uploads\/2023\/04\/3d-fuck-doll-3sez16-150x150.jpg\" class=\"attachment-thumbnail size-thumbnail\" alt=\"\" title=\"\"><\/a><\/li><li><a data-fancybox=\"gallery319\" href=\"https:\/\/zxdoll.com\/wp-content\/uploads\/2023\/04\/3d-fuck-doll-3sez17-533x800.jpg\" class=\"eig-popup\" title=\"\" data-caption=\"\" target=\"_blank\"><i class=\"icon-view\"><\/i><span class=\"overlay\"><\/span><img loading=\"lazy\" decoding=\"async\" width=\"150\" height=\"150\" src=\"https:\/\/zxdoll.com\/wp-content\/uploads\/2023\/04\/3d-fuck-doll-3sez17-150x150.jpg\" class=\"attachment-thumbnail size-thumbnail\" alt=\"\" title=\"\"><\/a><\/li><li><a data-fancybox=\"gallery319\" href=\"https:\/\/zxdoll.com\/wp-content\/uploads\/2023\/04\/3d-fuck-doll-3sez18-533x800.jpg\" class=\"eig-popup\" title=\"\" data-caption=\"\" target=\"_blank\"><i class=\"icon-view\"><\/i><span class=\"overlay\"><\/span><img loading=\"lazy\" decoding=\"async\" width=\"150\" height=\"150\" src=\"https:\/\/zxdoll.com\/wp-content\/uploads\/2023\/04\/3d-fuck-doll-3sez18-150x150.jpg\" class=\"attachment-thumbnail size-thumbnail\" alt=\"\" title=\"\"><\/a><\/li><li><a data-fancybox=\"gallery319\" href=\"https:\/\/zxdoll.com\/wp-content\/uploads\/2023\/04\/3d-fuck-doll-3sez19-533x800.jpg\" class=\"eig-popup\" title=\"\" data-caption=\"\" target=\"_blank\"><i class=\"icon-view\"><\/i><span class=\"overlay\"><\/span><img loading=\"lazy\" decoding=\"async\" width=\"150\" height=\"150\" src=\"https:\/\/zxdoll.com\/wp-content\/uploads\/2023\/04\/3d-fuck-doll-3sez19-150x150.jpg\" class=\"attachment-thumbnail size-thumbnail\" alt=\"\" title=\"\"><\/a><\/li><li><a data-fancybox=\"gallery319\" href=\"https:\/\/zxdoll.com\/wp-content\/uploads\/2023\/04\/3d-fuck-doll-3sez20-533x800.jpg\" class=\"eig-popup\" title=\"\" data-caption=\"\" target=\"_blank\"><i class=\"icon-view\"><\/i><span class=\"overlay\"><\/span><img loading=\"lazy\" decoding=\"async\" width=\"150\" height=\"150\" src=\"https:\/\/zxdoll.com\/wp-content\/uploads\/2023\/04\/3d-fuck-doll-3sez20-150x150.jpg\" class=\"attachment-thumbnail size-thumbnail\" alt=\"\" title=\"\"><\/a><\/li><li><a data-fancybox=\"gallery319\" href=\"https:\/\/zxdoll.com\/wp-content\/uploads\/2023\/04\/3d-fuck-doll-3sez22-533x800.jpg\" class=\"eig-popup\" title=\"\" data-caption=\"\" target=\"_blank\"><i class=\"icon-view\"><\/i><span class=\"overlay\"><\/span><img loading=\"lazy\" decoding=\"async\" width=\"150\" height=\"150\" src=\"https:\/\/zxdoll.com\/wp-content\/uploads\/2023\/04\/3d-fuck-doll-3sez22-150x150.jpg\" class=\"attachment-thumbnail size-thumbnail\" alt=\"\" title=\"\"><\/a><\/li><li><a data-fancybox=\"gallery319\" href=\"https:\/\/zxdoll.com\/wp-content\/uploads\/2023\/04\/3d-fuck-doll-3sez25-533x800.jpg\" class=\"eig-popup\" title=\"\" data-caption=\"\" target=\"_blank\"><i class=\"icon-view\"><\/i><span class=\"overlay\"><\/span><img loading=\"lazy\" decoding=\"async\" width=\"150\" height=\"150\" src=\"https:\/\/zxdoll.com\/wp-content\/uploads\/2023\/04\/3d-fuck-doll-3sez25-150x150.jpg\" class=\"attachment-thumbnail size-thumbnail\" alt=\"\" title=\"\"><\/a><\/li><li><a data-fancybox=\"gallery319\" href=\"https:\/\/zxdoll.com\/wp-content\/uploads\/2023\/04\/3d-fuck-doll-3sez30-533x800.jpg\" class=\"eig-popup\" title=\"\" data-caption=\"\" target=\"_blank\"><i class=\"icon-view\"><\/i><span class=\"overlay\"><\/span><img loading=\"lazy\" decoding=\"async\" width=\"150\" height=\"150\" src=\"https:\/\/zxdoll.com\/wp-content\/uploads\/2023\/04\/3d-fuck-doll-3sez30-150x150.jpg\" class=\"attachment-thumbnail size-thumbnail\" alt=\"\" title=\"\"><\/a><\/li><li><a data-fancybox=\"gallery319\" href=\"https:\/\/zxdoll.com\/wp-content\/uploads\/2023\/04\/3d-fuck-doll-3sez31-533x800.jpg\" class=\"eig-popup\" title=\"\" data-caption=\"\" target=\"_blank\"><i class=\"icon-view\"><\/i><span class=\"overlay\"><\/span><img loading=\"lazy\" decoding=\"async\" width=\"150\" height=\"150\" src=\"https:\/\/zxdoll.com\/wp-content\/uploads\/2023\/04\/3d-fuck-doll-3sez31-150x150.jpg\" class=\"attachment-thumbnail size-thumbnail\" alt=\"\" title=\"\"><\/a><\/li><li><a data-fancybox=\"gallery319\" href=\"https:\/\/zxdoll.com\/wp-content\/uploads\/2023\/04\/3d-fuck-doll-3sez33-533x800.jpg\" class=\"eig-popup\" title=\"\" data-caption=\"\" target=\"_blank\"><i class=\"icon-view\"><\/i><span class=\"overlay\"><\/span><img loading=\"lazy\" decoding=\"async\" width=\"150\" height=\"150\" src=\"https:\/\/zxdoll.com\/wp-content\/uploads\/2023\/04\/3d-fuck-doll-3sez33-150x150.jpg\" class=\"attachment-thumbnail size-thumbnail\" alt=\"\" title=\"\"><\/a><\/li><li><a data-fancybox=\"gallery319\" href=\"https:\/\/zxdoll.com\/wp-content\/uploads\/2023\/04\/3d-fuck-doll-3sez35-533x800.jpg\" class=\"eig-popup\" title=\"\" data-caption=\"\" target=\"_blank\"><i class=\"icon-view\"><\/i><span class=\"overlay\"><\/span><img loading=\"lazy\" decoding=\"async\" width=\"150\" height=\"150\" src=\"https:\/\/zxdoll.com\/wp-content\/uploads\/2023\/04\/3d-fuck-doll-3sez35-150x150.jpg\" class=\"attachment-thumbnail size-thumbnail\" alt=\"\" title=\"\"><\/a><\/li><li><a data-fancybox=\"gallery319\" href=\"https:\/\/zxdoll.com\/wp-content\/uploads\/2023\/04\/3d-fuck-doll-3sez40-533x800.jpg\" class=\"eig-popup\" title=\"\" data-caption=\"\" target=\"_blank\"><i class=\"icon-view\"><\/i><span class=\"overlay\"><\/span><img loading=\"lazy\" decoding=\"async\" width=\"150\" height=\"150\" src=\"https:\/\/zxdoll.com\/wp-content\/uploads\/2023\/04\/3d-fuck-doll-3sez40-150x150.jpg\" class=\"attachment-thumbnail size-thumbnail\" alt=\"\" title=\"\"><\/a><\/li><li><a data-fancybox=\"gallery319\" href=\"https:\/\/zxdoll.com\/wp-content\/uploads\/2023\/04\/3d-fuck-doll-3sez41-533x800.jpg\" class=\"eig-popup\" title=\"\" data-caption=\"\" target=\"_blank\"><i class=\"icon-view\"><\/i><span class=\"overlay\"><\/span><img loading=\"lazy\" decoding=\"async\" width=\"150\" height=\"150\" src=\"https:\/\/zxdoll.com\/wp-content\/uploads\/2023\/04\/3d-fuck-doll-3sez41-150x150.jpg\" class=\"attachment-thumbnail size-thumbnail\" alt=\"\" title=\"\"><\/a><\/li><li><a data-fancybox=\"gallery319\" href=\"https:\/\/zxdoll.com\/wp-content\/uploads\/2023\/04\/3d-fuck-doll-3sez42-533x800.jpg\" class=\"eig-popup\" title=\"\" data-caption=\"\" target=\"_blank\"><i class=\"icon-view\"><\/i><span class=\"overlay\"><\/span><img loading=\"lazy\" decoding=\"async\" width=\"150\" height=\"150\" src=\"https:\/\/zxdoll.com\/wp-content\/uploads\/2023\/04\/3d-fuck-doll-3sez42-150x150.jpg\" class=\"attachment-thumbnail size-thumbnail\" alt=\"\" title=\"\"><\/a><\/li><\/ul>\n<h4>Gr\u00f6\u00dfentabellen<\/h4>\n<table width=\"269\">\n<tbody>\n<tr>\n<td width=\"130\">Material<\/td>\n<td width=\"139\">TPE<\/td>\n<\/tr>\n<tr>\n<td>H\u00f6he<\/td>\n<td>158cm<\/td>\n<\/tr>\n<tr>\n<td>Brust<\/td>\n<td>95cm<\/td>\n<\/tr>\n<tr>\n<td>Taille<\/td>\n<td>58cm<\/td>\n<\/tr>\n<tr>\n<td>H\u00fcften<\/td>\n<td>105cm<\/td>\n<\/tr>\n<tr>\n<td>Arml\u00e4nge<\/td>\n<td>62,5 cm<\/td>\n<\/tr>\n<tr>\n<td>Schulterbreite<\/td>\n<td>37,5 cm<\/td>\n<\/tr>\n<tr>\n<td>Wadenumfang<\/td>\n<td>38,5 cm<\/td>\n<\/tr>\n<tr>\n<td>Oberschenkelumfang<\/td>\n<td>60cm<\/td>\n<\/tr>\n<tr>\n<td>Beinl\u00e4nge<\/td>\n<td>71cm<\/td>\n<\/tr>\n<tr>\n<td>Fu\u00dfl\u00e4nge<\/td>\n<td>21,5 cm<\/td>\n<\/tr>\n<tr>\n<td>Reingewicht<\/td>\n<td>45kg<\/td>\n<\/tr>\n<tr>\n<td>M\u00fcndliche Tiefe<\/td>\n<td>12cm<\/td>\n<\/tr>\n<tr>\n<td>Vagina-Tiefe<\/td>\n<td>18cm<\/td>\n<\/tr>\n<tr>\n<td>Anale Tiefe<\/td>\n<td>16cm<\/td>\n<\/tr>\n<\/tbody>\n<\/table>\n<h4>\u00dcber die Sexpuppe<\/h4>\n<p>Dies ist eine echte aufblasbare Puppe mit einem realistischen Leben wie einem h\u00fcbschen Gesicht, einem sexy K\u00f6rper mit den richtigen fleisch\u00e4hnlichen Texturen an den richtigen Stellen. Daher ist diese Kimber-Sexpuppe der perfekte Begleiter im Schlafzimmer, um Ihre wildesten sexuellen Fantasien zu befriedigen. Wenn Sie also auf der Suche nach einer der besten lebensechten Sexpuppen auf dem Markt sind, dann sind Sie bei dieser sch\u00f6nen Traumpuppe genau richtig, denn diese sexy Liebespuppe verf\u00fcgt \u00fcber alle Eigenschaften und Qualit\u00e4ten, die eine echte weibliche Puppe lebensecht machen.<\/p>\n<p>Dar\u00fcber hinaus kommen Sie mit dieser lebensechten Liebespuppe in den Genuss einer Kombination von Vorteilen, die eine hochwertige Real-Life-Puppe mit sich bringt. Erstens hat diese realistische echte Puppe das lebensechte Aussehen und die detaillierte Qualit\u00e4t einer gut gemachten Premium-Lebensechten-Sexpuppe. Daher k\u00f6nnen Sie mit dieser echten Sexpuppe ein hohes Ma\u00df an visueller Stimulation genie\u00dfen. Dar\u00fcber hinaus k\u00f6nnen Sie echte fleischige Texturen in jedem intimen K\u00f6rperteil sowie in nicht intimen Teilen erleben. Das bedeutet, dass Sie \u00fcberall dort, wo Ihre H\u00e4nde diese sch\u00f6ne Liebespuppe aus dem echten Leben ber\u00fchren, mit Sicherheit eine realistische Textur sp\u00fcren werden, die zu der hohen Qualit\u00e4t und dem detaillierten visuellen Erscheinungsbild passt.<\/p>","protected":false},"excerpt":{"rendered":"<p>Sexpuppenbilder Gr\u00f6\u00dfentabellen Material TPE H\u00f6he 158 cm Brust 95 cm Taille 58 cm H\u00fcften 105 cm Arml\u00e4nge 62,5 cm Schulterbreite<\/p>","protected":false},"featured_media":94796,"comment_status":"open","ping_status":"closed","template":"","meta":[],"product_brand":[],"product_cat":[97,112,231,77,116,115,119],"product_tag":[],"class_list":{"0":"post-30158","1":"product","2":"type-product","3":"status-publish","4":"has-post-thumbnail","6":"product_cat-real-life-sex-dolls","7":"product_cat-150cm-159cm-sex-dolls","8":"product_cat-41kg-45kg","9":"product_cat-bbw-sex-doll","10":"product_cat-big-boobs-sex-doll","11":"product_cat-big-booty-sex-doll","12":"product_cat-tpe-sex-doll","13":"pa_brand-irontech-doll","14":"tm-has-options","16":"first","17":"instock","18":"sale","19":"shipping-taxable","20":"purchasable","21":"product-type-simple"},"_links":{"self":[{"href":"https:\/\/zxdoll.com\/de\/wp-json\/wp\/v2\/product\/30158","targetHints":{"allow":["GET"]}}],"collection":[{"href":"https:\/\/zxdoll.com\/de\/wp-json\/wp\/v2\/product"}],"about":[{"href":"https:\/\/zxdoll.com\/de\/wp-json\/wp\/v2\/types\/product"}],"replies":[{"embeddable":true,"href":"https:\/\/zxdoll.com\/de\/wp-json\/wp\/v2\/comments?post=30158"}],"version-history":[{"count":1,"href":"https:\/\/zxdoll.com\/de\/wp-json\/wp\/v2\/product\/30158\/revisions"}],"predecessor-version":[{"id":100684,"href":"https:\/\/zxdoll.com\/de\/wp-json\/wp\/v2\/product\/30158\/revisions\/100684"}],"wp:featuredmedia":[{"embeddable":true,"href":"https:\/\/zxdoll.com\/de\/wp-json\/wp\/v2\/media\/94796"}],"wp:attachment":[{"href":"https:\/\/zxdoll.com\/de\/wp-json\/wp\/v2\/media?parent=30158"}],"wp:term":[{"taxonomy":"product_brand","embeddable":true,"href":"https:\/\/zxdoll.com\/de\/wp-json\/wp\/v2\/product_brand?post=30158"},{"taxonomy":"product_cat","embeddable":true,"href":"https:\/\/zxdoll.com\/de\/wp-json\/wp\/v2\/product_cat?post=30158"},{"taxonomy":"product_tag","embeddable":true,"href":"https:\/\/zxdoll.com\/de\/wp-json\/wp\/v2\/product_tag?post=30158"}],"curies":[{"name":"wp","href":"https:\/\/api.w.org\/{rel}","templated":true}]}}