{"id":29269,"date":"2023-04-02T03:19:18","date_gmt":"2023-04-01T19:19:18","guid":{"rendered":"https:\/\/zxdoll.com\/?post_type=product&#038;p=29269"},"modified":"2025-09-11T00:53:33","modified_gmt":"2025-09-10T16:53:33","slug":"cheap-gorgeous-real-life-real-doll","status":"publish","type":"product","link":"https:\/\/zxdoll.com\/de\/product\/cheap-gorgeous-real-life-real-doll\/","title":{"rendered":"Billige, wundersch\u00f6ne Real-Life-Puppe Crysta, 156 cm"},"content":{"rendered":"<h4><strong>Bilder von Sexpuppen<\/strong><\/h4>\n\t                <ul class=\"easy-image-gallery thumbnails-20 linked\">\r\n                    <li><a data-fancybox=\"gallery264\" href=\"https:\/\/zxdoll.com\/wp-content\/uploads\/2023\/04\/nique-sex-doll-s5fb1-533x800.jpg\" class=\"eig-popup\" title=\"\" data-caption=\"\" target=\"_blank\"><i class=\"icon-view\"><\/i><span class=\"overlay\"><\/span><img decoding=\"async\" width=\"150\" height=\"150\" src=\"https:\/\/zxdoll.com\/wp-content\/uploads\/2023\/04\/nique-sex-doll-s5fb1-150x150.jpg\" class=\"attachment-thumbnail size-thumbnail\" alt=\"\" title=\"\"><\/a><\/li><li><a data-fancybox=\"gallery264\" href=\"https:\/\/zxdoll.com\/wp-content\/uploads\/2023\/04\/nique-sex-doll-s5fb2-533x800.jpg\" class=\"eig-popup\" title=\"\" data-caption=\"\" target=\"_blank\"><i class=\"icon-view\"><\/i><span class=\"overlay\"><\/span><img decoding=\"async\" width=\"150\" height=\"150\" src=\"https:\/\/zxdoll.com\/wp-content\/uploads\/2023\/04\/nique-sex-doll-s5fb2-150x150.jpg\" class=\"attachment-thumbnail size-thumbnail\" alt=\"\" title=\"\"><\/a><\/li><li><a data-fancybox=\"gallery264\" href=\"https:\/\/zxdoll.com\/wp-content\/uploads\/2023\/04\/nique-sex-doll-s5fb5-533x800.jpg\" class=\"eig-popup\" title=\"\" data-caption=\"\" target=\"_blank\"><i class=\"icon-view\"><\/i><span class=\"overlay\"><\/span><img decoding=\"async\" width=\"150\" height=\"150\" src=\"https:\/\/zxdoll.com\/wp-content\/uploads\/2023\/04\/nique-sex-doll-s5fb5-150x150.jpg\" class=\"attachment-thumbnail size-thumbnail\" alt=\"\" title=\"\"><\/a><\/li><li><a data-fancybox=\"gallery264\" href=\"https:\/\/zxdoll.com\/wp-content\/uploads\/2023\/04\/nique-sex-doll-s5fb9-533x800.jpg\" class=\"eig-popup\" title=\"\" data-caption=\"\" target=\"_blank\"><i class=\"icon-view\"><\/i><span class=\"overlay\"><\/span><img loading=\"lazy\" decoding=\"async\" width=\"150\" height=\"150\" src=\"https:\/\/zxdoll.com\/wp-content\/uploads\/2023\/04\/nique-sex-doll-s5fb9-150x150.jpg\" class=\"attachment-thumbnail size-thumbnail\" alt=\"\" title=\"\"><\/a><\/li><li><a data-fancybox=\"gallery264\" href=\"https:\/\/zxdoll.com\/wp-content\/uploads\/2023\/04\/nique-sex-doll-s5fb10-533x800.jpg\" class=\"eig-popup\" title=\"\" data-caption=\"\" target=\"_blank\"><i class=\"icon-view\"><\/i><span class=\"overlay\"><\/span><img loading=\"lazy\" decoding=\"async\" width=\"150\" height=\"150\" src=\"https:\/\/zxdoll.com\/wp-content\/uploads\/2023\/04\/nique-sex-doll-s5fb10-150x150.jpg\" class=\"attachment-thumbnail size-thumbnail\" alt=\"\" title=\"\"><\/a><\/li><li><a data-fancybox=\"gallery264\" href=\"https:\/\/zxdoll.com\/wp-content\/uploads\/2023\/04\/nique-sex-doll-s5fb11-533x800.jpg\" class=\"eig-popup\" title=\"\" data-caption=\"\" target=\"_blank\"><i class=\"icon-view\"><\/i><span class=\"overlay\"><\/span><img loading=\"lazy\" decoding=\"async\" width=\"150\" height=\"150\" src=\"https:\/\/zxdoll.com\/wp-content\/uploads\/2023\/04\/nique-sex-doll-s5fb11-150x150.jpg\" class=\"attachment-thumbnail size-thumbnail\" alt=\"\" title=\"\"><\/a><\/li><li><a data-fancybox=\"gallery264\" href=\"https:\/\/zxdoll.com\/wp-content\/uploads\/2023\/04\/nique-sex-doll-s5fb12-533x800.jpg\" class=\"eig-popup\" title=\"\" data-caption=\"\" target=\"_blank\"><i class=\"icon-view\"><\/i><span class=\"overlay\"><\/span><img loading=\"lazy\" decoding=\"async\" width=\"150\" height=\"150\" src=\"https:\/\/zxdoll.com\/wp-content\/uploads\/2023\/04\/nique-sex-doll-s5fb12-150x150.jpg\" class=\"attachment-thumbnail size-thumbnail\" alt=\"\" title=\"\"><\/a><\/li><li><a data-fancybox=\"gallery264\" href=\"https:\/\/zxdoll.com\/wp-content\/uploads\/2023\/04\/nique-sex-doll-s5fb13-533x800.jpg\" class=\"eig-popup\" title=\"\" data-caption=\"\" target=\"_blank\"><i class=\"icon-view\"><\/i><span class=\"overlay\"><\/span><img loading=\"lazy\" decoding=\"async\" width=\"150\" height=\"150\" src=\"https:\/\/zxdoll.com\/wp-content\/uploads\/2023\/04\/nique-sex-doll-s5fb13-150x150.jpg\" class=\"attachment-thumbnail size-thumbnail\" alt=\"\" title=\"\"><\/a><\/li><li><a data-fancybox=\"gallery264\" href=\"https:\/\/zxdoll.com\/wp-content\/uploads\/2023\/04\/nique-sex-doll-s5fb19-533x800.jpg\" class=\"eig-popup\" title=\"\" data-caption=\"\" target=\"_blank\"><i class=\"icon-view\"><\/i><span class=\"overlay\"><\/span><img loading=\"lazy\" decoding=\"async\" width=\"150\" height=\"150\" src=\"https:\/\/zxdoll.com\/wp-content\/uploads\/2023\/04\/nique-sex-doll-s5fb19-150x150.jpg\" class=\"attachment-thumbnail size-thumbnail\" alt=\"\" title=\"\"><\/a><\/li><li><a data-fancybox=\"gallery264\" href=\"https:\/\/zxdoll.com\/wp-content\/uploads\/2023\/04\/nique-sex-doll-s5fb20-533x800.jpg\" class=\"eig-popup\" title=\"\" data-caption=\"\" target=\"_blank\"><i class=\"icon-view\"><\/i><span class=\"overlay\"><\/span><img loading=\"lazy\" decoding=\"async\" width=\"150\" height=\"150\" src=\"https:\/\/zxdoll.com\/wp-content\/uploads\/2023\/04\/nique-sex-doll-s5fb20-150x150.jpg\" class=\"attachment-thumbnail size-thumbnail\" alt=\"\" title=\"\"><\/a><\/li><li><a data-fancybox=\"gallery264\" href=\"https:\/\/zxdoll.com\/wp-content\/uploads\/2023\/04\/nique-sex-doll-s5fb24-533x800.jpg\" class=\"eig-popup\" title=\"\" data-caption=\"\" target=\"_blank\"><i class=\"icon-view\"><\/i><span class=\"overlay\"><\/span><img loading=\"lazy\" decoding=\"async\" width=\"150\" height=\"150\" src=\"https:\/\/zxdoll.com\/wp-content\/uploads\/2023\/04\/nique-sex-doll-s5fb24-150x150.jpg\" class=\"attachment-thumbnail size-thumbnail\" alt=\"\" title=\"\"><\/a><\/li><li><a data-fancybox=\"gallery264\" href=\"https:\/\/zxdoll.com\/wp-content\/uploads\/2023\/04\/nique-sex-doll-s5fb25-533x800.jpg\" class=\"eig-popup\" title=\"\" data-caption=\"\" target=\"_blank\"><i class=\"icon-view\"><\/i><span class=\"overlay\"><\/span><img loading=\"lazy\" decoding=\"async\" width=\"150\" height=\"150\" src=\"https:\/\/zxdoll.com\/wp-content\/uploads\/2023\/04\/nique-sex-doll-s5fb25-150x150.jpg\" class=\"attachment-thumbnail size-thumbnail\" alt=\"\" title=\"\"><\/a><\/li><li><a data-fancybox=\"gallery264\" href=\"https:\/\/zxdoll.com\/wp-content\/uploads\/2023\/04\/nique-sex-doll-s5fb27-533x800.jpg\" class=\"eig-popup\" title=\"\" data-caption=\"\" target=\"_blank\"><i class=\"icon-view\"><\/i><span class=\"overlay\"><\/span><img loading=\"lazy\" decoding=\"async\" width=\"150\" height=\"150\" src=\"https:\/\/zxdoll.com\/wp-content\/uploads\/2023\/04\/nique-sex-doll-s5fb27-150x150.jpg\" class=\"attachment-thumbnail size-thumbnail\" alt=\"\" title=\"\"><\/a><\/li><li><a data-fancybox=\"gallery264\" href=\"https:\/\/zxdoll.com\/wp-content\/uploads\/2023\/04\/nique-sex-doll-s5fb28-533x800.jpg\" class=\"eig-popup\" title=\"\" data-caption=\"\" target=\"_blank\"><i class=\"icon-view\"><\/i><span class=\"overlay\"><\/span><img loading=\"lazy\" decoding=\"async\" width=\"150\" height=\"150\" src=\"https:\/\/zxdoll.com\/wp-content\/uploads\/2023\/04\/nique-sex-doll-s5fb28-150x150.jpg\" class=\"attachment-thumbnail size-thumbnail\" alt=\"\" title=\"\"><\/a><\/li><li><a data-fancybox=\"gallery264\" href=\"https:\/\/zxdoll.com\/wp-content\/uploads\/2023\/04\/nique-sex-doll-s5fb29-533x800.jpg\" class=\"eig-popup\" title=\"\" data-caption=\"\" target=\"_blank\"><i class=\"icon-view\"><\/i><span class=\"overlay\"><\/span><img loading=\"lazy\" decoding=\"async\" width=\"150\" height=\"150\" src=\"https:\/\/zxdoll.com\/wp-content\/uploads\/2023\/04\/nique-sex-doll-s5fb29-150x150.jpg\" class=\"attachment-thumbnail size-thumbnail\" alt=\"\" title=\"\"><\/a><\/li><li><a data-fancybox=\"gallery264\" href=\"https:\/\/zxdoll.com\/wp-content\/uploads\/2023\/04\/nique-sex-doll-s5fb31-533x800.jpg\" class=\"eig-popup\" title=\"\" data-caption=\"\" target=\"_blank\"><i class=\"icon-view\"><\/i><span class=\"overlay\"><\/span><img loading=\"lazy\" decoding=\"async\" width=\"150\" height=\"150\" src=\"https:\/\/zxdoll.com\/wp-content\/uploads\/2023\/04\/nique-sex-doll-s5fb31-150x150.jpg\" class=\"attachment-thumbnail size-thumbnail\" alt=\"\" title=\"\"><\/a><\/li><li><a data-fancybox=\"gallery264\" href=\"https:\/\/zxdoll.com\/wp-content\/uploads\/2023\/04\/nique-sex-doll-s5fb32-533x800.jpg\" class=\"eig-popup\" title=\"\" data-caption=\"\" target=\"_blank\"><i class=\"icon-view\"><\/i><span class=\"overlay\"><\/span><img loading=\"lazy\" decoding=\"async\" width=\"150\" height=\"150\" src=\"https:\/\/zxdoll.com\/wp-content\/uploads\/2023\/04\/nique-sex-doll-s5fb32-150x150.jpg\" class=\"attachment-thumbnail size-thumbnail\" alt=\"\" title=\"\"><\/a><\/li><li><a data-fancybox=\"gallery264\" href=\"https:\/\/zxdoll.com\/wp-content\/uploads\/2023\/04\/nique-sex-doll-s5fb33-533x800.jpg\" class=\"eig-popup\" title=\"\" data-caption=\"\" target=\"_blank\"><i class=\"icon-view\"><\/i><span class=\"overlay\"><\/span><img loading=\"lazy\" decoding=\"async\" width=\"150\" height=\"150\" src=\"https:\/\/zxdoll.com\/wp-content\/uploads\/2023\/04\/nique-sex-doll-s5fb33-150x150.jpg\" class=\"attachment-thumbnail size-thumbnail\" alt=\"\" title=\"\"><\/a><\/li><li><a data-fancybox=\"gallery264\" href=\"https:\/\/zxdoll.com\/wp-content\/uploads\/2023\/04\/nique-sex-doll-s5fb34-533x800.jpg\" class=\"eig-popup\" title=\"\" data-caption=\"\" target=\"_blank\"><i class=\"icon-view\"><\/i><span class=\"overlay\"><\/span><img loading=\"lazy\" decoding=\"async\" width=\"150\" height=\"150\" src=\"https:\/\/zxdoll.com\/wp-content\/uploads\/2023\/04\/nique-sex-doll-s5fb34-150x150.jpg\" class=\"attachment-thumbnail size-thumbnail\" alt=\"\" title=\"\"><\/a><\/li><li><a data-fancybox=\"gallery264\" href=\"https:\/\/zxdoll.com\/wp-content\/uploads\/2023\/04\/nique-sex-doll-s5fb36.jpg\" class=\"eig-popup\" title=\"\" data-caption=\"\" target=\"_blank\"><i class=\"icon-view\"><\/i><span class=\"overlay\"><\/span><img loading=\"lazy\" decoding=\"async\" width=\"100\" height=\"150\" src=\"https:\/\/zxdoll.com\/wp-content\/uploads\/2023\/04\/nique-sex-doll-s5fb36.jpg\" class=\"attachment-thumbnail size-thumbnail\" alt=\"\" title=\"\"><\/a><\/li><\/ul>\n<h4>Gr\u00f6\u00dfentabellen<\/h4>\n<table width=\"269\">\n<tbody>\n<tr>\n<td width=\"130\">Material<\/td>\n<td width=\"139\">TPE<\/td>\n<\/tr>\n<tr>\n<td>H\u00f6he<\/td>\n<td>156cm<\/td>\n<\/tr>\n<tr>\n<td>Brust<\/td>\n<td>95,5 cm<\/td>\n<\/tr>\n<tr>\n<td>Taille<\/td>\n<td>67,5 cm<\/td>\n<\/tr>\n<tr>\n<td>H\u00fcften<\/td>\n<td>125cm<\/td>\n<\/tr>\n<tr>\n<td>Arml\u00e4nge<\/td>\n<td>67,5 cm<\/td>\n<\/tr>\n<tr>\n<td>Schulterbreite<\/td>\n<td>36cm<\/td>\n<\/tr>\n<tr>\n<td>Wadenumfang<\/td>\n<td>36cm<\/td>\n<\/tr>\n<tr>\n<td>Oberschenkelumfang<\/td>\n<td>71cm<\/td>\n<\/tr>\n<tr>\n<td>Beinl\u00e4nge<\/td>\n<td>82cm<\/td>\n<\/tr>\n<tr>\n<td>Fu\u00dfl\u00e4nge<\/td>\n<td>21,5 cm<\/td>\n<\/tr>\n<tr>\n<td>Reingewicht<\/td>\n<td>48kg<\/td>\n<\/tr>\n<tr>\n<td>M\u00fcndliche Tiefe<\/td>\n<td>12cm<\/td>\n<\/tr>\n<tr>\n<td>Vagina-Tiefe<\/td>\n<td>18cm<\/td>\n<\/tr>\n<tr>\n<td>Anale Tiefe<\/td>\n<td>16cm<\/td>\n<\/tr>\n<\/tbody>\n<\/table>\n<h4>\u00dcber die Sexpuppe<\/h4>\n<p>Diese s\u00fc\u00dfe Sexpuppe ist eine der hochwertigsten Billigpuppen auf dem Markt. Dies liegt daran, dass diese solide Liebespuppe f\u00fcr M\u00e4nner auf Langlebigkeit ausgelegt ist und gleichzeitig bei jeder sexuellen Begegnung ein wirklich realistisches Erlebnis bietet. Diese verdammt realistische Sexpuppe hat nicht nur ein sehr realistisches und optisch anregendes Aussehen, sondern verf\u00fcgt auch \u00fcber eine Qualit\u00e4t und einen Detaillierungsgrad, der die meisten billigen Puppen auf dem Markt bei weitem \u00fcbertrifft. Zus\u00e4tzlich zu ihrem soliden K\u00f6rperbau verf\u00fcgt diese wundersch\u00f6ne echte Puppe \u00fcber alle fleisch\u00e4hnlichen Texturen in allen K\u00f6rperteilen, um sicherzustellen, dass Sie sich genauso realistisch wie das Original f\u00fchlen.<\/p>\n<p>Dar\u00fcber hinaus ist diese lebensechte Sexpuppe speziell auf Ihre individuellen Bed\u00fcrfnisse zugeschnitten. Wenn Sie also nach Sexpuppen zum Verkauf in meiner N\u00e4he suchen, ist diese wundersch\u00f6ne lebensechte Liebespuppe die perfekte Wahl f\u00fcr Ihre Bed\u00fcrfnisse. Zus\u00e4tzlich zu ihrem gut gebauten Gesicht und K\u00f6rper ist diese wundersch\u00f6ne echte Liebespuppe eine der besten Sexpuppen f\u00fcr Sexualstraft\u00e4ter, die Sie auf dem Markt finden k\u00f6nnen. Dies liegt daran, dass bei der Herstellung dieser weiblichen echten Puppe besondere Details ber\u00fccksichtigt wurden, um sicherzustellen, dass Sie qualitativ hochwertigen Sex mit echten Puppen in vollen Z\u00fcgen genie\u00dfen k\u00f6nnen. Daher k\u00f6nnen Sie mit dieser wundersch\u00f6nen lebensechten Sexpuppe ein wirklich realistisches sexuelles Erlebnis genie\u00dfen, das auf Ihre individuellen Bed\u00fcrfnisse zugeschnitten ist.<\/p>","protected":false},"excerpt":{"rendered":"<p>Sexpuppenbilder Gr\u00f6\u00dfentabellen Material TPE H\u00f6he 156 cm Brust 95,5 cm Taille 67,5 cm H\u00fcften 125 cm Arml\u00e4nge 67,5 cm Schulterbreite<\/p>","protected":false},"featured_media":29291,"comment_status":"open","ping_status":"closed","template":"","meta":[],"product_brand":[],"product_cat":[97,112,232,77,116,115,119],"product_tag":[],"class_list":{"0":"post-29269","1":"product","2":"type-product","3":"status-publish","4":"has-post-thumbnail","6":"product_cat-real-life-sex-dolls","7":"product_cat-150cm-159cm-sex-dolls","8":"product_cat-46kg-50kg","9":"product_cat-bbw-sex-doll","10":"product_cat-big-boobs-sex-doll","11":"product_cat-big-booty-sex-doll","12":"product_cat-tpe-sex-doll","13":"pa_brand-irontech-doll","14":"tm-has-options","16":"first","17":"instock","18":"sale","19":"shipping-taxable","20":"purchasable","21":"product-type-simple"},"_links":{"self":[{"href":"https:\/\/zxdoll.com\/de\/wp-json\/wp\/v2\/product\/29269","targetHints":{"allow":["GET"]}}],"collection":[{"href":"https:\/\/zxdoll.com\/de\/wp-json\/wp\/v2\/product"}],"about":[{"href":"https:\/\/zxdoll.com\/de\/wp-json\/wp\/v2\/types\/product"}],"replies":[{"embeddable":true,"href":"https:\/\/zxdoll.com\/de\/wp-json\/wp\/v2\/comments?post=29269"}],"version-history":[{"count":3,"href":"https:\/\/zxdoll.com\/de\/wp-json\/wp\/v2\/product\/29269\/revisions"}],"predecessor-version":[{"id":101582,"href":"https:\/\/zxdoll.com\/de\/wp-json\/wp\/v2\/product\/29269\/revisions\/101582"}],"wp:featuredmedia":[{"embeddable":true,"href":"https:\/\/zxdoll.com\/de\/wp-json\/wp\/v2\/media\/29291"}],"wp:attachment":[{"href":"https:\/\/zxdoll.com\/de\/wp-json\/wp\/v2\/media?parent=29269"}],"wp:term":[{"taxonomy":"product_brand","embeddable":true,"href":"https:\/\/zxdoll.com\/de\/wp-json\/wp\/v2\/product_brand?post=29269"},{"taxonomy":"product_cat","embeddable":true,"href":"https:\/\/zxdoll.com\/de\/wp-json\/wp\/v2\/product_cat?post=29269"},{"taxonomy":"product_tag","embeddable":true,"href":"https:\/\/zxdoll.com\/de\/wp-json\/wp\/v2\/product_tag?post=29269"}],"curies":[{"name":"wp","href":"https:\/\/api.w.org\/{rel}","templated":true}]}}