{"id":28019,"date":"2023-04-01T04:47:37","date_gmt":"2023-03-31T20:47:37","guid":{"rendered":"https:\/\/zxdoll.com\/?post_type=product&#038;p=28019"},"modified":"2025-09-11T00:29:05","modified_gmt":"2025-09-10T16:29:05","slug":"gorgeous-real-life-huge-ass-sex-doll","status":"publish","type":"product","link":"https:\/\/zxdoll.com\/de\/product\/gorgeous-real-life-huge-ass-sex-doll\/","title":{"rendered":"Wundersch\u00f6ne echte Sexpuppe mit riesigem Arsch, Deirdre, 140 cm"},"content":{"rendered":"<h4><strong>Bilder von Sexpuppen<\/strong><\/h4>\n\t                <ul class=\"easy-image-gallery thumbnails-23 linked\">\r\n                    <li><a data-fancybox=\"gallery283\" href=\"https:\/\/zxdoll.com\/wp-content\/uploads\/2023\/04\/elsa-sexdoll-s4xy1-533x800.jpg\" class=\"eig-popup\" title=\"\" data-caption=\"\" target=\"_blank\"><i class=\"icon-view\"><\/i><span class=\"overlay\"><\/span><img decoding=\"async\" width=\"150\" height=\"150\" src=\"https:\/\/zxdoll.com\/wp-content\/uploads\/2023\/04\/elsa-sexdoll-s4xy1-150x150.jpg\" class=\"attachment-thumbnail size-thumbnail\" alt=\"\" title=\"\"><\/a><\/li><li><a data-fancybox=\"gallery283\" href=\"https:\/\/zxdoll.com\/wp-content\/uploads\/2023\/04\/elsa-sexdoll-s4xy2-533x800.jpg\" class=\"eig-popup\" title=\"\" data-caption=\"\" target=\"_blank\"><i class=\"icon-view\"><\/i><span class=\"overlay\"><\/span><img decoding=\"async\" width=\"150\" height=\"150\" src=\"https:\/\/zxdoll.com\/wp-content\/uploads\/2023\/04\/elsa-sexdoll-s4xy2-150x150.jpg\" class=\"attachment-thumbnail size-thumbnail\" alt=\"\" title=\"\"><\/a><\/li><li><a data-fancybox=\"gallery283\" href=\"https:\/\/zxdoll.com\/wp-content\/uploads\/2023\/04\/elsa-sexdoll-s4xy3-533x800.jpg\" class=\"eig-popup\" title=\"\" data-caption=\"\" target=\"_blank\"><i class=\"icon-view\"><\/i><span class=\"overlay\"><\/span><img decoding=\"async\" width=\"150\" height=\"150\" src=\"https:\/\/zxdoll.com\/wp-content\/uploads\/2023\/04\/elsa-sexdoll-s4xy3-150x150.jpg\" class=\"attachment-thumbnail size-thumbnail\" alt=\"\" title=\"\"><\/a><\/li><li><a data-fancybox=\"gallery283\" href=\"https:\/\/zxdoll.com\/wp-content\/uploads\/2023\/04\/elsa-sexdoll-s4xy4-533x800.jpg\" class=\"eig-popup\" title=\"\" data-caption=\"\" target=\"_blank\"><i class=\"icon-view\"><\/i><span class=\"overlay\"><\/span><img loading=\"lazy\" decoding=\"async\" width=\"150\" height=\"150\" src=\"https:\/\/zxdoll.com\/wp-content\/uploads\/2023\/04\/elsa-sexdoll-s4xy4-150x150.jpg\" class=\"attachment-thumbnail size-thumbnail\" alt=\"\" title=\"\"><\/a><\/li><li><a data-fancybox=\"gallery283\" href=\"https:\/\/zxdoll.com\/wp-content\/uploads\/2023\/04\/elsa-sexdoll-s4xy10-533x800.jpg\" class=\"eig-popup\" title=\"\" data-caption=\"\" target=\"_blank\"><i class=\"icon-view\"><\/i><span class=\"overlay\"><\/span><img loading=\"lazy\" decoding=\"async\" width=\"150\" height=\"150\" src=\"https:\/\/zxdoll.com\/wp-content\/uploads\/2023\/04\/elsa-sexdoll-s4xy10-150x150.jpg\" class=\"attachment-thumbnail size-thumbnail\" alt=\"\" title=\"\"><\/a><\/li><li><a data-fancybox=\"gallery283\" href=\"https:\/\/zxdoll.com\/wp-content\/uploads\/2023\/04\/elsa-sexdoll-s4xy26-533x800.jpg\" class=\"eig-popup\" title=\"\" data-caption=\"\" target=\"_blank\"><i class=\"icon-view\"><\/i><span class=\"overlay\"><\/span><img loading=\"lazy\" decoding=\"async\" width=\"150\" height=\"150\" src=\"https:\/\/zxdoll.com\/wp-content\/uploads\/2023\/04\/elsa-sexdoll-s4xy26-150x150.jpg\" class=\"attachment-thumbnail size-thumbnail\" alt=\"\" title=\"\"><\/a><\/li><li><a data-fancybox=\"gallery283\" href=\"https:\/\/zxdoll.com\/wp-content\/uploads\/2023\/04\/elsa-sexdoll-s4xy27-533x800.jpg\" class=\"eig-popup\" title=\"\" data-caption=\"\" target=\"_blank\"><i class=\"icon-view\"><\/i><span class=\"overlay\"><\/span><img loading=\"lazy\" decoding=\"async\" width=\"150\" height=\"150\" src=\"https:\/\/zxdoll.com\/wp-content\/uploads\/2023\/04\/elsa-sexdoll-s4xy27-150x150.jpg\" class=\"attachment-thumbnail size-thumbnail\" alt=\"\" title=\"\"><\/a><\/li><li><a data-fancybox=\"gallery283\" href=\"https:\/\/zxdoll.com\/wp-content\/uploads\/2023\/04\/elsa-sexdoll-s4xy31-533x800.jpg\" class=\"eig-popup\" title=\"\" data-caption=\"\" target=\"_blank\"><i class=\"icon-view\"><\/i><span class=\"overlay\"><\/span><img loading=\"lazy\" decoding=\"async\" width=\"150\" height=\"150\" src=\"https:\/\/zxdoll.com\/wp-content\/uploads\/2023\/04\/elsa-sexdoll-s4xy31-150x150.jpg\" class=\"attachment-thumbnail size-thumbnail\" alt=\"\" title=\"\"><\/a><\/li><li><a data-fancybox=\"gallery283\" href=\"https:\/\/zxdoll.com\/wp-content\/uploads\/2023\/04\/elsa-sexdoll-s4xy32-533x800.jpg\" class=\"eig-popup\" title=\"\" data-caption=\"\" target=\"_blank\"><i class=\"icon-view\"><\/i><span class=\"overlay\"><\/span><img loading=\"lazy\" decoding=\"async\" width=\"150\" height=\"150\" src=\"https:\/\/zxdoll.com\/wp-content\/uploads\/2023\/04\/elsa-sexdoll-s4xy32-150x150.jpg\" class=\"attachment-thumbnail size-thumbnail\" alt=\"\" title=\"\"><\/a><\/li><li><a data-fancybox=\"gallery283\" href=\"https:\/\/zxdoll.com\/wp-content\/uploads\/2023\/04\/elsa-sexdoll-s4xy33-533x800.jpg\" class=\"eig-popup\" title=\"\" data-caption=\"\" target=\"_blank\"><i class=\"icon-view\"><\/i><span class=\"overlay\"><\/span><img loading=\"lazy\" decoding=\"async\" width=\"150\" height=\"150\" src=\"https:\/\/zxdoll.com\/wp-content\/uploads\/2023\/04\/elsa-sexdoll-s4xy33-150x150.jpg\" class=\"attachment-thumbnail size-thumbnail\" alt=\"\" title=\"\"><\/a><\/li><li><a data-fancybox=\"gallery283\" href=\"https:\/\/zxdoll.com\/wp-content\/uploads\/2023\/04\/elsa-sexdoll-s4xy34-533x800.jpg\" class=\"eig-popup\" title=\"\" data-caption=\"\" target=\"_blank\"><i class=\"icon-view\"><\/i><span class=\"overlay\"><\/span><img loading=\"lazy\" decoding=\"async\" width=\"150\" height=\"150\" src=\"https:\/\/zxdoll.com\/wp-content\/uploads\/2023\/04\/elsa-sexdoll-s4xy34-150x150.jpg\" class=\"attachment-thumbnail size-thumbnail\" alt=\"\" title=\"\"><\/a><\/li><li><a data-fancybox=\"gallery283\" href=\"https:\/\/zxdoll.com\/wp-content\/uploads\/2023\/04\/elsa-sexdoll-s4xy35-533x800.jpg\" class=\"eig-popup\" title=\"\" data-caption=\"\" target=\"_blank\"><i class=\"icon-view\"><\/i><span class=\"overlay\"><\/span><img loading=\"lazy\" decoding=\"async\" width=\"150\" height=\"150\" src=\"https:\/\/zxdoll.com\/wp-content\/uploads\/2023\/04\/elsa-sexdoll-s4xy35-150x150.jpg\" class=\"attachment-thumbnail size-thumbnail\" alt=\"\" title=\"\"><\/a><\/li><li><a data-fancybox=\"gallery283\" href=\"https:\/\/zxdoll.com\/wp-content\/uploads\/2023\/04\/elsa-sexdoll-s4xy36-533x800.jpg\" class=\"eig-popup\" title=\"\" data-caption=\"\" target=\"_blank\"><i class=\"icon-view\"><\/i><span class=\"overlay\"><\/span><img loading=\"lazy\" decoding=\"async\" width=\"150\" height=\"150\" src=\"https:\/\/zxdoll.com\/wp-content\/uploads\/2023\/04\/elsa-sexdoll-s4xy36-150x150.jpg\" class=\"attachment-thumbnail size-thumbnail\" alt=\"\" title=\"\"><\/a><\/li><li><a data-fancybox=\"gallery283\" href=\"https:\/\/zxdoll.com\/wp-content\/uploads\/2023\/04\/elsa-sexdoll-s4xy37-533x800.jpg\" class=\"eig-popup\" title=\"\" data-caption=\"\" target=\"_blank\"><i class=\"icon-view\"><\/i><span class=\"overlay\"><\/span><img loading=\"lazy\" decoding=\"async\" width=\"150\" height=\"150\" src=\"https:\/\/zxdoll.com\/wp-content\/uploads\/2023\/04\/elsa-sexdoll-s4xy37-150x150.jpg\" class=\"attachment-thumbnail size-thumbnail\" alt=\"\" title=\"\"><\/a><\/li><li><a data-fancybox=\"gallery283\" href=\"https:\/\/zxdoll.com\/wp-content\/uploads\/2023\/04\/elsa-sexdoll-s4xy38.jpg\" class=\"eig-popup\" title=\"\" data-caption=\"\" target=\"_blank\"><i class=\"icon-view\"><\/i><span class=\"overlay\"><\/span><img loading=\"lazy\" decoding=\"async\" width=\"150\" height=\"150\" src=\"https:\/\/zxdoll.com\/wp-content\/uploads\/2023\/04\/elsa-sexdoll-s4xy38-150x150.jpg\" class=\"attachment-thumbnail size-thumbnail\" alt=\"\" title=\"\"><\/a><\/li><li><a data-fancybox=\"gallery283\" href=\"https:\/\/zxdoll.com\/wp-content\/uploads\/2023\/04\/elsa-sexdoll-s4xy45-533x800.jpg\" class=\"eig-popup\" title=\"\" data-caption=\"\" target=\"_blank\"><i class=\"icon-view\"><\/i><span class=\"overlay\"><\/span><img loading=\"lazy\" decoding=\"async\" width=\"150\" height=\"150\" src=\"https:\/\/zxdoll.com\/wp-content\/uploads\/2023\/04\/elsa-sexdoll-s4xy45-150x150.jpg\" class=\"attachment-thumbnail size-thumbnail\" alt=\"\" title=\"\"><\/a><\/li><li><a data-fancybox=\"gallery283\" href=\"https:\/\/zxdoll.com\/wp-content\/uploads\/2023\/04\/elsa-sexdoll-s4xy46-533x800.jpg\" class=\"eig-popup\" title=\"\" data-caption=\"\" target=\"_blank\"><i class=\"icon-view\"><\/i><span class=\"overlay\"><\/span><img loading=\"lazy\" decoding=\"async\" width=\"150\" height=\"150\" src=\"https:\/\/zxdoll.com\/wp-content\/uploads\/2023\/04\/elsa-sexdoll-s4xy46-150x150.jpg\" class=\"attachment-thumbnail size-thumbnail\" alt=\"\" title=\"\"><\/a><\/li><li><a data-fancybox=\"gallery283\" href=\"https:\/\/zxdoll.com\/wp-content\/uploads\/2023\/04\/elsa-sexdoll-s4xy47-533x800.jpg\" class=\"eig-popup\" title=\"\" data-caption=\"\" target=\"_blank\"><i class=\"icon-view\"><\/i><span class=\"overlay\"><\/span><img loading=\"lazy\" decoding=\"async\" width=\"150\" height=\"150\" src=\"https:\/\/zxdoll.com\/wp-content\/uploads\/2023\/04\/elsa-sexdoll-s4xy47-150x150.jpg\" class=\"attachment-thumbnail size-thumbnail\" alt=\"\" title=\"\"><\/a><\/li><li><a data-fancybox=\"gallery283\" href=\"https:\/\/zxdoll.com\/wp-content\/uploads\/2023\/04\/elsa-sexdoll-s4xy49-533x800.jpg\" class=\"eig-popup\" title=\"\" data-caption=\"\" target=\"_blank\"><i class=\"icon-view\"><\/i><span class=\"overlay\"><\/span><img loading=\"lazy\" decoding=\"async\" width=\"150\" height=\"150\" src=\"https:\/\/zxdoll.com\/wp-content\/uploads\/2023\/04\/elsa-sexdoll-s4xy49-150x150.jpg\" class=\"attachment-thumbnail size-thumbnail\" alt=\"\" title=\"\"><\/a><\/li><li><a data-fancybox=\"gallery283\" href=\"https:\/\/zxdoll.com\/wp-content\/uploads\/2023\/04\/elsa-sexdoll-s4xy54-533x800.jpg\" class=\"eig-popup\" title=\"\" data-caption=\"\" target=\"_blank\"><i class=\"icon-view\"><\/i><span class=\"overlay\"><\/span><img loading=\"lazy\" decoding=\"async\" width=\"150\" height=\"150\" src=\"https:\/\/zxdoll.com\/wp-content\/uploads\/2023\/04\/elsa-sexdoll-s4xy54-150x150.jpg\" class=\"attachment-thumbnail size-thumbnail\" alt=\"\" title=\"\"><\/a><\/li><li><a data-fancybox=\"gallery283\" href=\"https:\/\/zxdoll.com\/wp-content\/uploads\/2023\/04\/elsa-sexdoll-s4xy66-533x800.jpg\" class=\"eig-popup\" title=\"\" data-caption=\"\" target=\"_blank\"><i class=\"icon-view\"><\/i><span class=\"overlay\"><\/span><img loading=\"lazy\" decoding=\"async\" width=\"150\" height=\"150\" src=\"https:\/\/zxdoll.com\/wp-content\/uploads\/2023\/04\/elsa-sexdoll-s4xy66-150x150.jpg\" class=\"attachment-thumbnail size-thumbnail\" alt=\"\" title=\"\"><\/a><\/li><li><a data-fancybox=\"gallery283\" href=\"https:\/\/zxdoll.com\/wp-content\/uploads\/2023\/04\/elsa-sexdoll-s4xy67-533x800.jpg\" class=\"eig-popup\" title=\"\" data-caption=\"\" target=\"_blank\"><i class=\"icon-view\"><\/i><span class=\"overlay\"><\/span><img loading=\"lazy\" decoding=\"async\" width=\"150\" height=\"150\" src=\"https:\/\/zxdoll.com\/wp-content\/uploads\/2023\/04\/elsa-sexdoll-s4xy67-150x150.jpg\" class=\"attachment-thumbnail size-thumbnail\" alt=\"\" title=\"\"><\/a><\/li><li><a data-fancybox=\"gallery283\" href=\"https:\/\/zxdoll.com\/wp-content\/uploads\/2023\/04\/elsa-sexdoll-s4xy68-533x800.jpg\" class=\"eig-popup\" title=\"\" data-caption=\"\" target=\"_blank\"><i class=\"icon-view\"><\/i><span class=\"overlay\"><\/span><img loading=\"lazy\" decoding=\"async\" width=\"150\" height=\"150\" src=\"https:\/\/zxdoll.com\/wp-content\/uploads\/2023\/04\/elsa-sexdoll-s4xy68-150x150.jpg\" class=\"attachment-thumbnail size-thumbnail\" alt=\"\" title=\"\"><\/a><\/li><\/ul>\n<h4>Gr\u00f6\u00dfentabellen<\/h4>\n<table width=\"269\">\n<tbody>\n<tr>\n<td width=\"130\">Material<\/td>\n<td width=\"139\">TPE<\/td>\n<\/tr>\n<tr>\n<td>H\u00f6he<\/td>\n<td>140cm<\/td>\n<\/tr>\n<tr>\n<td>Brust<\/td>\n<td>101cm<\/td>\n<\/tr>\n<tr>\n<td>Taille<\/td>\n<td>56cm<\/td>\n<\/tr>\n<tr>\n<td>H\u00fcften<\/td>\n<td>105cm<\/td>\n<\/tr>\n<tr>\n<td>Arml\u00e4nge<\/td>\n<td>66cm<\/td>\n<\/tr>\n<tr>\n<td>Schulterbreite<\/td>\n<td>36cm<\/td>\n<\/tr>\n<tr>\n<td>Wadenumfang<\/td>\n<td>30cm<\/td>\n<\/tr>\n<tr>\n<td>Oberschenkelumfang<\/td>\n<td>57cm<\/td>\n<\/tr>\n<tr>\n<td>Beinl\u00e4nge<\/td>\n<td>74cm<\/td>\n<\/tr>\n<tr>\n<td>Fu\u00dfl\u00e4nge<\/td>\n<td>21,5 cm<\/td>\n<\/tr>\n<tr>\n<td>Reingewicht<\/td>\n<td>38kg<\/td>\n<\/tr>\n<tr>\n<td>M\u00fcndliche Tiefe<\/td>\n<td>12cm<\/td>\n<\/tr>\n<tr>\n<td>Vagina-Tiefe<\/td>\n<td>18cm<\/td>\n<\/tr>\n<tr>\n<td>Anale Tiefe<\/td>\n<td>16cm<\/td>\n<\/tr>\n<\/tbody>\n<\/table>\n<h4>\u00dcber die Sexpuppe<\/h4>\n<p>Diese wundersch\u00f6ne lebensechte Sexpuppe mit riesigem Arsch ist eine der hochwertigsten japanischen lebensechten Sexpuppen auf dem Markt. Dank aller realistischen Eigenschaften der hochwertigsten, langlebigen asiatischen Real-Life-Sexpuppen. Daher ist diese lebensechte Liebespuppe perfekt f\u00fcr Leute, die eine g\u00fcnstige aufblasbare Puppe suchen. Dar\u00fcber hinaus erhalten Sie mit dieser realistischen Liebespuppe zahlreiche Individualisierungsm\u00f6glichkeiten mit einer Vielzahl sexy Puppenkost\u00fcmen, um Ihre Fantasie zu vervollst\u00e4ndigen. So k\u00f6nnen Sie eine realistische, hochwertige Pornoszene mit menschlichen Sexpuppen nachspielen, w\u00e4hrend Sie Ihre tiefsten Fantasien erkunden. Dank der \u00e4u\u00dferst realistischen Eigenschaften dieser realistischen Puppe k\u00f6nnen Sie bei jeder Sitzung ein wirklich immersives und \u00e4u\u00dferst angenehmes Erlebnis erwarten.<\/p>\n<p>Dar\u00fcber hinaus ist diese wundersch\u00f6ne echte Sexpuppe als beste Sexpuppe xxx mit allen realistischen Funktionen ausgestattet, die Ihre vollst\u00e4ndige Zufriedenheit garantieren. Dar\u00fcber hinaus ist diese wundersch\u00f6ne Sexpuppe aus dem echten Leben auf Langlebigkeit ausgelegt. Dank der Langlebigkeit der Konstruktion, des hochwertigen Skelettrahmens und der \u00e4u\u00dferst haltbaren Materialien in allen strukturellen und realistisch strukturierten Teilen. Daher k\u00f6nnen Sie mit dieser wundersch\u00f6nen realistischen echten Puppe ein sehr realistisches Erlebnis erleben, das der Realit\u00e4t so nahe wie m\u00f6glich kommt.<\/p>","protected":false},"excerpt":{"rendered":"<p>Sexpuppenbilder Gr\u00f6\u00dfentabellen Material TPE H\u00f6he 140 cm Brust 101 cm Taille 56 cm H\u00fcften 105 cm Arml\u00e4nge 66 cm Schulterbreite<\/p>","protected":false},"featured_media":87227,"comment_status":"open","ping_status":"closed","template":"","meta":[],"product_brand":[],"product_cat":[97,74,230,77,116,115,119],"product_tag":[],"class_list":{"0":"post-28019","1":"product","2":"type-product","3":"status-publish","4":"has-post-thumbnail","6":"product_cat-real-life-sex-dolls","7":"product_cat-140cm-149cm-sex-dolls","8":"product_cat-36kg-40kg","9":"product_cat-bbw-sex-doll","10":"product_cat-big-boobs-sex-doll","11":"product_cat-big-booty-sex-doll","12":"product_cat-tpe-sex-doll","13":"pa_brand-irontech-doll","14":"tm-has-options","16":"first","17":"instock","18":"sale","19":"shipping-taxable","20":"purchasable","21":"product-type-simple"},"_links":{"self":[{"href":"https:\/\/zxdoll.com\/de\/wp-json\/wp\/v2\/product\/28019","targetHints":{"allow":["GET"]}}],"collection":[{"href":"https:\/\/zxdoll.com\/de\/wp-json\/wp\/v2\/product"}],"about":[{"href":"https:\/\/zxdoll.com\/de\/wp-json\/wp\/v2\/types\/product"}],"replies":[{"embeddable":true,"href":"https:\/\/zxdoll.com\/de\/wp-json\/wp\/v2\/comments?post=28019"}],"version-history":[{"count":2,"href":"https:\/\/zxdoll.com\/de\/wp-json\/wp\/v2\/product\/28019\/revisions"}],"predecessor-version":[{"id":100805,"href":"https:\/\/zxdoll.com\/de\/wp-json\/wp\/v2\/product\/28019\/revisions\/100805"}],"wp:featuredmedia":[{"embeddable":true,"href":"https:\/\/zxdoll.com\/de\/wp-json\/wp\/v2\/media\/87227"}],"wp:attachment":[{"href":"https:\/\/zxdoll.com\/de\/wp-json\/wp\/v2\/media?parent=28019"}],"wp:term":[{"taxonomy":"product_brand","embeddable":true,"href":"https:\/\/zxdoll.com\/de\/wp-json\/wp\/v2\/product_brand?post=28019"},{"taxonomy":"product_cat","embeddable":true,"href":"https:\/\/zxdoll.com\/de\/wp-json\/wp\/v2\/product_cat?post=28019"},{"taxonomy":"product_tag","embeddable":true,"href":"https:\/\/zxdoll.com\/de\/wp-json\/wp\/v2\/product_tag?post=28019"}],"curies":[{"name":"wp","href":"https:\/\/api.w.org\/{rel}","templated":true}]}}