{"id":27492,"date":"2023-03-31T22:48:43","date_gmt":"2023-03-31T14:48:43","guid":{"rendered":"https:\/\/zxdoll.com\/?post_type=product&#038;p=27492"},"modified":"2025-09-16T03:21:38","modified_gmt":"2025-09-15T19:21:38","slug":"life-size-female-life-like-doll-for-men","status":"publish","type":"product","link":"https:\/\/zxdoll.com\/de\/product\/life-size-female-life-like-doll-for-men\/","title":{"rendered":"Lebensgro\u00dfe weibliche lebens\u00e4hnliche Puppe f\u00fcr M\u00e4nner Jessa 170 cm"},"content":{"rendered":"<h4><strong>Bilder von Sexpuppen<\/strong><\/h4>\n\t                <ul class=\"easy-image-gallery thumbnails-26 linked\">\r\n                    <li><a data-fancybox=\"gallery859\" href=\"https:\/\/zxdoll.com\/wp-content\/uploads\/2023\/03\/porn-with-dolls-q4it1-533x800.jpg\" class=\"eig-popup\" title=\"\" data-caption=\"\" target=\"_blank\"><i class=\"icon-view\"><\/i><span class=\"overlay\"><\/span><img decoding=\"async\" width=\"150\" height=\"150\" src=\"https:\/\/zxdoll.com\/wp-content\/uploads\/2023\/03\/porn-with-dolls-q4it1-150x150.jpg\" class=\"attachment-thumbnail size-thumbnail\" alt=\"\" title=\"\"><\/a><\/li><li><a data-fancybox=\"gallery859\" href=\"https:\/\/zxdoll.com\/wp-content\/uploads\/2023\/03\/porn-with-dolls-q4it2-533x800.jpg\" class=\"eig-popup\" title=\"\" data-caption=\"\" target=\"_blank\"><i class=\"icon-view\"><\/i><span class=\"overlay\"><\/span><img decoding=\"async\" width=\"150\" height=\"150\" src=\"https:\/\/zxdoll.com\/wp-content\/uploads\/2023\/03\/porn-with-dolls-q4it2-150x150.jpg\" class=\"attachment-thumbnail size-thumbnail\" alt=\"\" title=\"\"><\/a><\/li><li><a data-fancybox=\"gallery859\" href=\"https:\/\/zxdoll.com\/wp-content\/uploads\/2023\/03\/porn-with-dolls-q4it3-533x800.jpg\" class=\"eig-popup\" title=\"\" data-caption=\"\" target=\"_blank\"><i class=\"icon-view\"><\/i><span class=\"overlay\"><\/span><img decoding=\"async\" width=\"150\" height=\"150\" src=\"https:\/\/zxdoll.com\/wp-content\/uploads\/2023\/03\/porn-with-dolls-q4it3-150x150.jpg\" class=\"attachment-thumbnail size-thumbnail\" alt=\"\" title=\"\"><\/a><\/li><li><a data-fancybox=\"gallery859\" href=\"https:\/\/zxdoll.com\/wp-content\/uploads\/2023\/03\/porn-with-dolls-q4it4-533x800.jpg\" class=\"eig-popup\" title=\"\" data-caption=\"\" target=\"_blank\"><i class=\"icon-view\"><\/i><span class=\"overlay\"><\/span><img loading=\"lazy\" decoding=\"async\" width=\"150\" height=\"150\" src=\"https:\/\/zxdoll.com\/wp-content\/uploads\/2023\/03\/porn-with-dolls-q4it4-150x150.jpg\" class=\"attachment-thumbnail size-thumbnail\" alt=\"\" title=\"\"><\/a><\/li><li><a data-fancybox=\"gallery859\" href=\"https:\/\/zxdoll.com\/wp-content\/uploads\/2023\/03\/porn-with-dolls-q4it5-533x800.jpg\" class=\"eig-popup\" title=\"\" data-caption=\"\" target=\"_blank\"><i class=\"icon-view\"><\/i><span class=\"overlay\"><\/span><img loading=\"lazy\" decoding=\"async\" width=\"150\" height=\"150\" src=\"https:\/\/zxdoll.com\/wp-content\/uploads\/2023\/03\/porn-with-dolls-q4it5-150x150.jpg\" class=\"attachment-thumbnail size-thumbnail\" alt=\"\" title=\"\"><\/a><\/li><li><a data-fancybox=\"gallery859\" href=\"https:\/\/zxdoll.com\/wp-content\/uploads\/2023\/03\/porn-with-dolls-q4it6-533x800.jpg\" class=\"eig-popup\" title=\"\" data-caption=\"\" target=\"_blank\"><i class=\"icon-view\"><\/i><span class=\"overlay\"><\/span><img loading=\"lazy\" decoding=\"async\" width=\"150\" height=\"150\" src=\"https:\/\/zxdoll.com\/wp-content\/uploads\/2023\/03\/porn-with-dolls-q4it6-150x150.jpg\" class=\"attachment-thumbnail size-thumbnail\" alt=\"\" title=\"\"><\/a><\/li><li><a data-fancybox=\"gallery859\" href=\"https:\/\/zxdoll.com\/wp-content\/uploads\/2023\/03\/porn-with-dolls-q4it7-533x800.jpg\" class=\"eig-popup\" title=\"\" data-caption=\"\" target=\"_blank\"><i class=\"icon-view\"><\/i><span class=\"overlay\"><\/span><img loading=\"lazy\" decoding=\"async\" width=\"150\" height=\"150\" src=\"https:\/\/zxdoll.com\/wp-content\/uploads\/2023\/03\/porn-with-dolls-q4it7-150x150.jpg\" class=\"attachment-thumbnail size-thumbnail\" alt=\"\" title=\"\"><\/a><\/li><li><a data-fancybox=\"gallery859\" href=\"https:\/\/zxdoll.com\/wp-content\/uploads\/2023\/03\/porn-with-dolls-q4it8-533x800.jpg\" class=\"eig-popup\" title=\"\" data-caption=\"\" target=\"_blank\"><i class=\"icon-view\"><\/i><span class=\"overlay\"><\/span><img loading=\"lazy\" decoding=\"async\" width=\"150\" height=\"150\" src=\"https:\/\/zxdoll.com\/wp-content\/uploads\/2023\/03\/porn-with-dolls-q4it8-150x150.jpg\" class=\"attachment-thumbnail size-thumbnail\" alt=\"\" title=\"\"><\/a><\/li><li><a data-fancybox=\"gallery859\" href=\"https:\/\/zxdoll.com\/wp-content\/uploads\/2023\/03\/porn-with-dolls-q4it10-533x800.jpg\" class=\"eig-popup\" title=\"\" data-caption=\"\" target=\"_blank\"><i class=\"icon-view\"><\/i><span class=\"overlay\"><\/span><img loading=\"lazy\" decoding=\"async\" width=\"150\" height=\"150\" src=\"https:\/\/zxdoll.com\/wp-content\/uploads\/2023\/03\/porn-with-dolls-q4it10-150x150.jpg\" class=\"attachment-thumbnail size-thumbnail\" alt=\"\" title=\"\"><\/a><\/li><li><a data-fancybox=\"gallery859\" href=\"https:\/\/zxdoll.com\/wp-content\/uploads\/2023\/03\/porn-with-dolls-q4it11-533x800.jpg\" class=\"eig-popup\" title=\"\" data-caption=\"\" target=\"_blank\"><i class=\"icon-view\"><\/i><span class=\"overlay\"><\/span><img loading=\"lazy\" decoding=\"async\" width=\"150\" height=\"150\" src=\"https:\/\/zxdoll.com\/wp-content\/uploads\/2023\/03\/porn-with-dolls-q4it11-150x150.jpg\" class=\"attachment-thumbnail size-thumbnail\" alt=\"\" title=\"\"><\/a><\/li><li><a data-fancybox=\"gallery859\" href=\"https:\/\/zxdoll.com\/wp-content\/uploads\/2023\/03\/porn-with-dolls-q4it12-533x800.jpg\" class=\"eig-popup\" title=\"\" data-caption=\"\" target=\"_blank\"><i class=\"icon-view\"><\/i><span class=\"overlay\"><\/span><img loading=\"lazy\" decoding=\"async\" width=\"150\" height=\"150\" src=\"https:\/\/zxdoll.com\/wp-content\/uploads\/2023\/03\/porn-with-dolls-q4it12-150x150.jpg\" class=\"attachment-thumbnail size-thumbnail\" alt=\"\" title=\"\"><\/a><\/li><li><a data-fancybox=\"gallery859\" href=\"https:\/\/zxdoll.com\/wp-content\/uploads\/2023\/03\/porn-with-dolls-q4it13-533x800.jpg\" class=\"eig-popup\" title=\"\" data-caption=\"\" target=\"_blank\"><i class=\"icon-view\"><\/i><span class=\"overlay\"><\/span><img loading=\"lazy\" decoding=\"async\" width=\"150\" height=\"150\" src=\"https:\/\/zxdoll.com\/wp-content\/uploads\/2023\/03\/porn-with-dolls-q4it13-150x150.jpg\" class=\"attachment-thumbnail size-thumbnail\" alt=\"\" title=\"\"><\/a><\/li><li><a data-fancybox=\"gallery859\" href=\"https:\/\/zxdoll.com\/wp-content\/uploads\/2023\/03\/porn-with-dolls-q4it14-533x800.jpg\" class=\"eig-popup\" title=\"\" data-caption=\"\" target=\"_blank\"><i class=\"icon-view\"><\/i><span class=\"overlay\"><\/span><img loading=\"lazy\" decoding=\"async\" width=\"150\" height=\"150\" src=\"https:\/\/zxdoll.com\/wp-content\/uploads\/2023\/03\/porn-with-dolls-q4it14-150x150.jpg\" class=\"attachment-thumbnail size-thumbnail\" alt=\"\" title=\"\"><\/a><\/li><li><a data-fancybox=\"gallery859\" href=\"https:\/\/zxdoll.com\/wp-content\/uploads\/2023\/03\/porn-with-dolls-q4it15-533x800.jpg\" class=\"eig-popup\" title=\"\" data-caption=\"\" target=\"_blank\"><i class=\"icon-view\"><\/i><span class=\"overlay\"><\/span><img loading=\"lazy\" decoding=\"async\" width=\"150\" height=\"150\" src=\"https:\/\/zxdoll.com\/wp-content\/uploads\/2023\/03\/porn-with-dolls-q4it15-150x150.jpg\" class=\"attachment-thumbnail size-thumbnail\" alt=\"\" title=\"\"><\/a><\/li><li><a data-fancybox=\"gallery859\" href=\"https:\/\/zxdoll.com\/wp-content\/uploads\/2023\/03\/porn-with-dolls-q4it16-533x800.jpg\" class=\"eig-popup\" title=\"\" data-caption=\"\" target=\"_blank\"><i class=\"icon-view\"><\/i><span class=\"overlay\"><\/span><img loading=\"lazy\" decoding=\"async\" width=\"150\" height=\"150\" src=\"https:\/\/zxdoll.com\/wp-content\/uploads\/2023\/03\/porn-with-dolls-q4it16-150x150.jpg\" class=\"attachment-thumbnail size-thumbnail\" alt=\"\" title=\"\"><\/a><\/li><li><a data-fancybox=\"gallery859\" href=\"https:\/\/zxdoll.com\/wp-content\/uploads\/2023\/03\/porn-with-dolls-q4it17-533x800.jpg\" class=\"eig-popup\" title=\"\" data-caption=\"\" target=\"_blank\"><i class=\"icon-view\"><\/i><span class=\"overlay\"><\/span><img loading=\"lazy\" decoding=\"async\" width=\"150\" height=\"150\" src=\"https:\/\/zxdoll.com\/wp-content\/uploads\/2023\/03\/porn-with-dolls-q4it17-150x150.jpg\" class=\"attachment-thumbnail size-thumbnail\" alt=\"\" title=\"\"><\/a><\/li><li><a data-fancybox=\"gallery859\" href=\"https:\/\/zxdoll.com\/wp-content\/uploads\/2023\/03\/porn-with-dolls-q4it18-533x800.jpg\" class=\"eig-popup\" title=\"\" data-caption=\"\" target=\"_blank\"><i class=\"icon-view\"><\/i><span class=\"overlay\"><\/span><img loading=\"lazy\" decoding=\"async\" width=\"150\" height=\"150\" src=\"https:\/\/zxdoll.com\/wp-content\/uploads\/2023\/03\/porn-with-dolls-q4it18-150x150.jpg\" class=\"attachment-thumbnail size-thumbnail\" alt=\"\" title=\"\"><\/a><\/li><li><a data-fancybox=\"gallery859\" href=\"https:\/\/zxdoll.com\/wp-content\/uploads\/2023\/03\/porn-with-dolls-q4it19-533x800.jpg\" class=\"eig-popup\" title=\"\" data-caption=\"\" target=\"_blank\"><i class=\"icon-view\"><\/i><span class=\"overlay\"><\/span><img loading=\"lazy\" decoding=\"async\" width=\"150\" height=\"150\" src=\"https:\/\/zxdoll.com\/wp-content\/uploads\/2023\/03\/porn-with-dolls-q4it19-150x150.jpg\" class=\"attachment-thumbnail size-thumbnail\" alt=\"\" title=\"\"><\/a><\/li><li><a data-fancybox=\"gallery859\" href=\"https:\/\/zxdoll.com\/wp-content\/uploads\/2023\/03\/porn-with-dolls-q4it20-533x800.jpg\" class=\"eig-popup\" title=\"\" data-caption=\"\" target=\"_blank\"><i class=\"icon-view\"><\/i><span class=\"overlay\"><\/span><img loading=\"lazy\" decoding=\"async\" width=\"150\" height=\"150\" src=\"https:\/\/zxdoll.com\/wp-content\/uploads\/2023\/03\/porn-with-dolls-q4it20-150x150.jpg\" class=\"attachment-thumbnail size-thumbnail\" alt=\"\" title=\"\"><\/a><\/li><li><a data-fancybox=\"gallery859\" href=\"https:\/\/zxdoll.com\/wp-content\/uploads\/2023\/03\/porn-with-dolls-q4it21-533x800.jpg\" class=\"eig-popup\" title=\"\" data-caption=\"\" target=\"_blank\"><i class=\"icon-view\"><\/i><span class=\"overlay\"><\/span><img loading=\"lazy\" decoding=\"async\" width=\"150\" height=\"150\" src=\"https:\/\/zxdoll.com\/wp-content\/uploads\/2023\/03\/porn-with-dolls-q4it21-150x150.jpg\" class=\"attachment-thumbnail size-thumbnail\" alt=\"\" title=\"\"><\/a><\/li><li><a data-fancybox=\"gallery859\" href=\"https:\/\/zxdoll.com\/wp-content\/uploads\/2023\/03\/porn-with-dolls-q4it22-533x800.jpg\" class=\"eig-popup\" title=\"\" data-caption=\"\" target=\"_blank\"><i class=\"icon-view\"><\/i><span class=\"overlay\"><\/span><img loading=\"lazy\" decoding=\"async\" width=\"150\" height=\"150\" src=\"https:\/\/zxdoll.com\/wp-content\/uploads\/2023\/03\/porn-with-dolls-q4it22-150x150.jpg\" class=\"attachment-thumbnail size-thumbnail\" alt=\"\" title=\"\"><\/a><\/li><li><a data-fancybox=\"gallery859\" href=\"https:\/\/zxdoll.com\/wp-content\/uploads\/2023\/03\/porn-with-dolls-q4it23-533x800.jpg\" class=\"eig-popup\" title=\"\" data-caption=\"\" target=\"_blank\"><i class=\"icon-view\"><\/i><span class=\"overlay\"><\/span><img loading=\"lazy\" decoding=\"async\" width=\"150\" height=\"150\" src=\"https:\/\/zxdoll.com\/wp-content\/uploads\/2023\/03\/porn-with-dolls-q4it23-150x150.jpg\" class=\"attachment-thumbnail size-thumbnail\" alt=\"\" title=\"\"><\/a><\/li><li><a data-fancybox=\"gallery859\" href=\"https:\/\/zxdoll.com\/wp-content\/uploads\/2023\/03\/porn-with-dolls-q4it24-533x800.jpg\" class=\"eig-popup\" title=\"\" data-caption=\"\" target=\"_blank\"><i class=\"icon-view\"><\/i><span class=\"overlay\"><\/span><img loading=\"lazy\" decoding=\"async\" width=\"150\" height=\"150\" src=\"https:\/\/zxdoll.com\/wp-content\/uploads\/2023\/03\/porn-with-dolls-q4it24-150x150.jpg\" class=\"attachment-thumbnail size-thumbnail\" alt=\"\" title=\"\"><\/a><\/li><li><a data-fancybox=\"gallery859\" href=\"https:\/\/zxdoll.com\/wp-content\/uploads\/2023\/03\/porn-with-dolls-q4it25-533x800.jpg\" class=\"eig-popup\" title=\"\" data-caption=\"\" target=\"_blank\"><i class=\"icon-view\"><\/i><span class=\"overlay\"><\/span><img loading=\"lazy\" decoding=\"async\" width=\"150\" height=\"150\" src=\"https:\/\/zxdoll.com\/wp-content\/uploads\/2023\/03\/porn-with-dolls-q4it25-150x150.jpg\" class=\"attachment-thumbnail size-thumbnail\" alt=\"\" title=\"\"><\/a><\/li><li><a data-fancybox=\"gallery859\" href=\"https:\/\/zxdoll.com\/wp-content\/uploads\/2023\/03\/porn-with-dolls-q4it26-533x800.jpg\" class=\"eig-popup\" title=\"\" data-caption=\"\" target=\"_blank\"><i class=\"icon-view\"><\/i><span class=\"overlay\"><\/span><img loading=\"lazy\" decoding=\"async\" width=\"150\" height=\"150\" src=\"https:\/\/zxdoll.com\/wp-content\/uploads\/2023\/03\/porn-with-dolls-q4it26-150x150.jpg\" class=\"attachment-thumbnail size-thumbnail\" alt=\"\" title=\"\"><\/a><\/li><li><a data-fancybox=\"gallery859\" href=\"https:\/\/zxdoll.com\/wp-content\/uploads\/2023\/03\/porn-with-dolls-q4it27-533x800.jpg\" class=\"eig-popup\" title=\"\" data-caption=\"\" target=\"_blank\"><i class=\"icon-view\"><\/i><span class=\"overlay\"><\/span><img loading=\"lazy\" decoding=\"async\" width=\"150\" height=\"150\" src=\"https:\/\/zxdoll.com\/wp-content\/uploads\/2023\/03\/porn-with-dolls-q4it27-150x150.jpg\" class=\"attachment-thumbnail size-thumbnail\" alt=\"\" title=\"\"><\/a><\/li><\/ul>\n<h4>Gr\u00f6\u00dfentabellen<\/h4>\n<table width=\"203\">\n<tbody>\n<tr>\n<td width=\"124\">Material<\/td>\n<td width=\"79\">TPE<\/td>\n<\/tr>\n<tr>\n<td>H\u00f6he<\/td>\n<td>170cm<\/td>\n<\/tr>\n<tr>\n<td>B\u00fcste<\/td>\n<td>89cm<\/td>\n<\/tr>\n<tr>\n<td>Taille<\/td>\n<td>57cm<\/td>\n<\/tr>\n<tr>\n<td>H\u00fcfte<\/td>\n<td>98cm<\/td>\n<\/tr>\n<tr>\n<td>Schulter<\/td>\n<td>36cm<\/td>\n<\/tr>\n<tr>\n<td>Arm<\/td>\n<td>51cm<\/td>\n<\/tr>\n<tr>\n<td>Bein<\/td>\n<td>80cm<\/td>\n<\/tr>\n<tr>\n<td width=\"124\">Fu\u00df<\/td>\n<td>20 cm<\/td>\n<\/tr>\n<tr>\n<td width=\"124\">Reingewicht<\/td>\n<td>40kg<\/td>\n<\/tr>\n<tr>\n<td>M\u00fcndliche Tiefe<\/td>\n<td>13cm<\/td>\n<\/tr>\n<tr>\n<td>Vagina-Tiefe<\/td>\n<td>18cm<\/td>\n<\/tr>\n<tr>\n<td>Anale Tiefe<\/td>\n<td>17cm<\/td>\n<\/tr>\n<\/tbody>\n<\/table>\n<h4>\u00dcber die Sexpuppe<\/h4>\n<p>M\u00e4nner sehnen sich nach einem Begleiter, und wenn sie keinen finden, kann das ihre Gesundheit und sogar ihr Selbstwertgef\u00fchl beeintr\u00e4chtigen. Wir haben die beste Partnerin geschaffen, die sich ein Mann nur w\u00fcnschen kann. Dies ist ein einmaliges Erlebnis und jeder hat es verdient, daran teilzuhaben. Unsere lebensgro\u00dfe weibliche realistische Sexpuppe ist eine weibliche Sexpuppe in Originalgr\u00f6\u00dfe; Sie wird mit kompletten K\u00f6rperteilen geliefert und ist au\u00dferdem eine lebensechte Liebespuppe. Wenn Sie eine sehr tragbare Puppe w\u00fcnschen, k\u00f6nnen Sie sich diese echte Puppe zulegen. Sie hat freche Br\u00fcste, einen kleinen K\u00f6rper, unwiderstehliche Vaginall\u00f6cher und ein sehr kleines, aber wundersch\u00f6nes Gesicht. Sie m\u00fcssen keine Vorbehalte gegen den Kauf dieser Asha-Puppen haben, da Hitler die Sexpuppen nicht erfunden hat. Diese eBay-Sexpuppe ist sehr erschwinglich; Sie ist auch eine QITA-Puppe und eine sehr realistische Puppe.<\/p>\n<p>Wenn Sie wirklich gleichzeitig sexuelle Befriedigung und Kameradschaft erleben m\u00f6chten, m\u00fcssen Sie sich diese lebensgro\u00dfe Sexpuppe zulegen und vom Moment des Kaufs an sch\u00f6ne Erinnerungen schaffen.<\/p>","protected":false},"excerpt":{"rendered":"<p>Sexpuppenbilder Gr\u00f6\u00dfentabellen Material TPE H\u00f6he 170 cm Brustumfang 89 cm Taille 57 cm H\u00fcfte 98 cm Schulter 36 cm Arm 51 cm Bein<\/p>","protected":false},"featured_media":85431,"comment_status":"open","ping_status":"closed","template":"","meta":[],"product_brand":[],"product_cat":[96,75,230,116,107,119],"product_tag":[],"class_list":{"0":"post-27492","1":"product","2":"type-product","3":"status-publish","4":"has-post-thumbnail","6":"product_cat-real-sex-dolls","7":"product_cat-160cm-170cm-sex-dolls","8":"product_cat-36kg-40kg","9":"product_cat-big-boobs-sex-doll","10":"product_cat-skinny-sex-dolls","11":"product_cat-tpe-sex-doll","12":"pa_brand-sy-doll","13":"tm-has-options","15":"first","16":"instock","17":"sale","18":"shipping-taxable","19":"purchasable","20":"product-type-simple"},"_links":{"self":[{"href":"https:\/\/zxdoll.com\/de\/wp-json\/wp\/v2\/product\/27492","targetHints":{"allow":["GET"]}}],"collection":[{"href":"https:\/\/zxdoll.com\/de\/wp-json\/wp\/v2\/product"}],"about":[{"href":"https:\/\/zxdoll.com\/de\/wp-json\/wp\/v2\/types\/product"}],"replies":[{"embeddable":true,"href":"https:\/\/zxdoll.com\/de\/wp-json\/wp\/v2\/comments?post=27492"}],"version-history":[{"count":2,"href":"https:\/\/zxdoll.com\/de\/wp-json\/wp\/v2\/product\/27492\/revisions"}],"predecessor-version":[{"id":101248,"href":"https:\/\/zxdoll.com\/de\/wp-json\/wp\/v2\/product\/27492\/revisions\/101248"}],"wp:featuredmedia":[{"embeddable":true,"href":"https:\/\/zxdoll.com\/de\/wp-json\/wp\/v2\/media\/85431"}],"wp:attachment":[{"href":"https:\/\/zxdoll.com\/de\/wp-json\/wp\/v2\/media?parent=27492"}],"wp:term":[{"taxonomy":"product_brand","embeddable":true,"href":"https:\/\/zxdoll.com\/de\/wp-json\/wp\/v2\/product_brand?post=27492"},{"taxonomy":"product_cat","embeddable":true,"href":"https:\/\/zxdoll.com\/de\/wp-json\/wp\/v2\/product_cat?post=27492"},{"taxonomy":"product_tag","embeddable":true,"href":"https:\/\/zxdoll.com\/de\/wp-json\/wp\/v2\/product_tag?post=27492"}],"curies":[{"name":"wp","href":"https:\/\/api.w.org\/{rel}","templated":true}]}}