{"id":22984,"date":"2023-03-12T04:12:15","date_gmt":"2023-03-11T20:12:15","guid":{"rendered":"https:\/\/zxdoll.com\/?post_type=product&#038;p=22984"},"modified":"2025-09-11T00:22:01","modified_gmt":"2025-09-10T16:22:01","slug":"life-like-large-boobs-beautiful-real-doll","status":"publish","type":"product","link":"https:\/\/zxdoll.com\/de\/product\/life-like-large-boobs-beautiful-real-doll\/","title":{"rendered":"Lebensechte gro\u00dfe Br\u00fcste Sch\u00f6ne echte Puppe Ciara 174cm"},"content":{"rendered":"<h4><strong>Bilder von Sexpuppen<\/strong><\/h4>\n\t                <ul class=\"easy-image-gallery thumbnails-25 linked\">\r\n                    <li><a data-fancybox=\"gallery434\" href=\"https:\/\/zxdoll.com\/wp-content\/uploads\/2023\/03\/ultimate-sex-doll-z7u1-1-533x800.jpg\" class=\"eig-popup\" title=\"\" data-caption=\"\" target=\"_blank\"><i class=\"icon-view\"><\/i><span class=\"overlay\"><\/span><img decoding=\"async\" width=\"150\" height=\"150\" src=\"https:\/\/zxdoll.com\/wp-content\/uploads\/2023\/03\/ultimate-sex-doll-z7u1-1-150x150.jpg\" class=\"attachment-thumbnail size-thumbnail\" alt=\"\" title=\"\"><\/a><\/li><li><a data-fancybox=\"gallery434\" href=\"https:\/\/zxdoll.com\/wp-content\/uploads\/2023\/03\/ultimate-sex-doll-z7u2-533x800.jpg\" class=\"eig-popup\" title=\"\" data-caption=\"\" target=\"_blank\"><i class=\"icon-view\"><\/i><span class=\"overlay\"><\/span><img decoding=\"async\" width=\"150\" height=\"150\" src=\"https:\/\/zxdoll.com\/wp-content\/uploads\/2023\/03\/ultimate-sex-doll-z7u2-150x150.jpg\" class=\"attachment-thumbnail size-thumbnail\" alt=\"\" title=\"\"><\/a><\/li><li><a data-fancybox=\"gallery434\" href=\"https:\/\/zxdoll.com\/wp-content\/uploads\/2023\/03\/ultimate-sex-doll-z7u3-533x800.jpg\" class=\"eig-popup\" title=\"\" data-caption=\"\" target=\"_blank\"><i class=\"icon-view\"><\/i><span class=\"overlay\"><\/span><img decoding=\"async\" width=\"150\" height=\"150\" src=\"https:\/\/zxdoll.com\/wp-content\/uploads\/2023\/03\/ultimate-sex-doll-z7u3-150x150.jpg\" class=\"attachment-thumbnail size-thumbnail\" alt=\"\" title=\"\"><\/a><\/li><li><a data-fancybox=\"gallery434\" href=\"https:\/\/zxdoll.com\/wp-content\/uploads\/2023\/03\/ultimate-sex-doll-z7u4-533x800.jpg\" class=\"eig-popup\" title=\"\" data-caption=\"\" target=\"_blank\"><i class=\"icon-view\"><\/i><span class=\"overlay\"><\/span><img loading=\"lazy\" decoding=\"async\" width=\"150\" height=\"150\" src=\"https:\/\/zxdoll.com\/wp-content\/uploads\/2023\/03\/ultimate-sex-doll-z7u4-150x150.jpg\" class=\"attachment-thumbnail size-thumbnail\" alt=\"\" title=\"\"><\/a><\/li><li><a data-fancybox=\"gallery434\" href=\"https:\/\/zxdoll.com\/wp-content\/uploads\/2023\/03\/ultimate-sex-doll-z7u5-533x800.jpg\" class=\"eig-popup\" title=\"\" data-caption=\"\" target=\"_blank\"><i class=\"icon-view\"><\/i><span class=\"overlay\"><\/span><img loading=\"lazy\" decoding=\"async\" width=\"150\" height=\"150\" src=\"https:\/\/zxdoll.com\/wp-content\/uploads\/2023\/03\/ultimate-sex-doll-z7u5-150x150.jpg\" class=\"attachment-thumbnail size-thumbnail\" alt=\"\" title=\"\"><\/a><\/li><li><a data-fancybox=\"gallery434\" href=\"https:\/\/zxdoll.com\/wp-content\/uploads\/2023\/03\/ultimate-sex-doll-z7u6-533x800.jpg\" class=\"eig-popup\" title=\"\" data-caption=\"\" target=\"_blank\"><i class=\"icon-view\"><\/i><span class=\"overlay\"><\/span><img loading=\"lazy\" decoding=\"async\" width=\"150\" height=\"150\" src=\"https:\/\/zxdoll.com\/wp-content\/uploads\/2023\/03\/ultimate-sex-doll-z7u6-150x150.jpg\" class=\"attachment-thumbnail size-thumbnail\" alt=\"\" title=\"\"><\/a><\/li><li><a data-fancybox=\"gallery434\" href=\"https:\/\/zxdoll.com\/wp-content\/uploads\/2023\/03\/ultimate-sex-doll-z7u7-552x800.jpg\" class=\"eig-popup\" title=\"\" data-caption=\"\" target=\"_blank\"><i class=\"icon-view\"><\/i><span class=\"overlay\"><\/span><img loading=\"lazy\" decoding=\"async\" width=\"150\" height=\"150\" src=\"https:\/\/zxdoll.com\/wp-content\/uploads\/2023\/03\/ultimate-sex-doll-z7u7-150x150.jpg\" class=\"attachment-thumbnail size-thumbnail\" alt=\"\" title=\"\"><\/a><\/li><li><a data-fancybox=\"gallery434\" href=\"https:\/\/zxdoll.com\/wp-content\/uploads\/2023\/03\/ultimate-sex-doll-z7u8-533x800.jpg\" class=\"eig-popup\" title=\"\" data-caption=\"\" target=\"_blank\"><i class=\"icon-view\"><\/i><span class=\"overlay\"><\/span><img loading=\"lazy\" decoding=\"async\" width=\"150\" height=\"150\" src=\"https:\/\/zxdoll.com\/wp-content\/uploads\/2023\/03\/ultimate-sex-doll-z7u8-150x150.jpg\" class=\"attachment-thumbnail size-thumbnail\" alt=\"\" title=\"\"><\/a><\/li><li><a data-fancybox=\"gallery434\" href=\"https:\/\/zxdoll.com\/wp-content\/uploads\/2023\/03\/ultimate-sex-doll-z7u9-533x800.jpg\" class=\"eig-popup\" title=\"\" data-caption=\"\" target=\"_blank\"><i class=\"icon-view\"><\/i><span class=\"overlay\"><\/span><img loading=\"lazy\" decoding=\"async\" width=\"150\" height=\"150\" src=\"https:\/\/zxdoll.com\/wp-content\/uploads\/2023\/03\/ultimate-sex-doll-z7u9-150x150.jpg\" class=\"attachment-thumbnail size-thumbnail\" alt=\"\" title=\"\"><\/a><\/li><li><a data-fancybox=\"gallery434\" href=\"https:\/\/zxdoll.com\/wp-content\/uploads\/2023\/03\/ultimate-sex-doll-z7u10-533x800.jpg\" class=\"eig-popup\" title=\"\" data-caption=\"\" target=\"_blank\"><i class=\"icon-view\"><\/i><span class=\"overlay\"><\/span><img loading=\"lazy\" decoding=\"async\" width=\"150\" height=\"150\" src=\"https:\/\/zxdoll.com\/wp-content\/uploads\/2023\/03\/ultimate-sex-doll-z7u10-150x150.jpg\" class=\"attachment-thumbnail size-thumbnail\" alt=\"\" title=\"\"><\/a><\/li><li><a data-fancybox=\"gallery434\" href=\"https:\/\/zxdoll.com\/wp-content\/uploads\/2023\/03\/ultimate-sex-doll-z7u11-533x800.jpg\" class=\"eig-popup\" title=\"\" data-caption=\"\" target=\"_blank\"><i class=\"icon-view\"><\/i><span class=\"overlay\"><\/span><img loading=\"lazy\" decoding=\"async\" width=\"150\" height=\"150\" src=\"https:\/\/zxdoll.com\/wp-content\/uploads\/2023\/03\/ultimate-sex-doll-z7u11-150x150.jpg\" class=\"attachment-thumbnail size-thumbnail\" alt=\"\" title=\"\"><\/a><\/li><li><a data-fancybox=\"gallery434\" href=\"https:\/\/zxdoll.com\/wp-content\/uploads\/2023\/03\/ultimate-sex-doll-z7u12-533x800.jpg\" class=\"eig-popup\" title=\"\" data-caption=\"\" target=\"_blank\"><i class=\"icon-view\"><\/i><span class=\"overlay\"><\/span><img loading=\"lazy\" decoding=\"async\" width=\"150\" height=\"150\" src=\"https:\/\/zxdoll.com\/wp-content\/uploads\/2023\/03\/ultimate-sex-doll-z7u12-150x150.jpg\" class=\"attachment-thumbnail size-thumbnail\" alt=\"\" title=\"\"><\/a><\/li><li><a data-fancybox=\"gallery434\" href=\"https:\/\/zxdoll.com\/wp-content\/uploads\/2023\/03\/ultimate-sex-doll-z7u13-533x800.jpg\" class=\"eig-popup\" title=\"\" data-caption=\"\" target=\"_blank\"><i class=\"icon-view\"><\/i><span class=\"overlay\"><\/span><img loading=\"lazy\" decoding=\"async\" width=\"150\" height=\"150\" src=\"https:\/\/zxdoll.com\/wp-content\/uploads\/2023\/03\/ultimate-sex-doll-z7u13-150x150.jpg\" class=\"attachment-thumbnail size-thumbnail\" alt=\"\" title=\"\"><\/a><\/li><li><a data-fancybox=\"gallery434\" href=\"https:\/\/zxdoll.com\/wp-content\/uploads\/2023\/03\/ultimate-sex-doll-z7u14-533x800.jpg\" class=\"eig-popup\" title=\"\" data-caption=\"\" target=\"_blank\"><i class=\"icon-view\"><\/i><span class=\"overlay\"><\/span><img loading=\"lazy\" decoding=\"async\" width=\"150\" height=\"150\" src=\"https:\/\/zxdoll.com\/wp-content\/uploads\/2023\/03\/ultimate-sex-doll-z7u14-150x150.jpg\" class=\"attachment-thumbnail size-thumbnail\" alt=\"\" title=\"\"><\/a><\/li><li><a data-fancybox=\"gallery434\" href=\"https:\/\/zxdoll.com\/wp-content\/uploads\/2023\/03\/ultimate-sex-doll-z7u15-533x800.jpg\" class=\"eig-popup\" title=\"\" data-caption=\"\" target=\"_blank\"><i class=\"icon-view\"><\/i><span class=\"overlay\"><\/span><img loading=\"lazy\" decoding=\"async\" width=\"150\" height=\"150\" src=\"https:\/\/zxdoll.com\/wp-content\/uploads\/2023\/03\/ultimate-sex-doll-z7u15-150x150.jpg\" class=\"attachment-thumbnail size-thumbnail\" alt=\"\" title=\"\"><\/a><\/li><li><a data-fancybox=\"gallery434\" href=\"https:\/\/zxdoll.com\/wp-content\/uploads\/2023\/03\/ultimate-sex-doll-z7u16-533x800.jpg\" class=\"eig-popup\" title=\"\" data-caption=\"\" target=\"_blank\"><i class=\"icon-view\"><\/i><span class=\"overlay\"><\/span><img loading=\"lazy\" decoding=\"async\" width=\"150\" height=\"150\" src=\"https:\/\/zxdoll.com\/wp-content\/uploads\/2023\/03\/ultimate-sex-doll-z7u16-150x150.jpg\" class=\"attachment-thumbnail size-thumbnail\" alt=\"\" title=\"\"><\/a><\/li><li><a data-fancybox=\"gallery434\" href=\"https:\/\/zxdoll.com\/wp-content\/uploads\/2023\/03\/ultimate-sex-doll-z7u17-533x800.jpg\" class=\"eig-popup\" title=\"\" data-caption=\"\" target=\"_blank\"><i class=\"icon-view\"><\/i><span class=\"overlay\"><\/span><img loading=\"lazy\" decoding=\"async\" width=\"150\" height=\"150\" src=\"https:\/\/zxdoll.com\/wp-content\/uploads\/2023\/03\/ultimate-sex-doll-z7u17-150x150.jpg\" class=\"attachment-thumbnail size-thumbnail\" alt=\"\" title=\"\"><\/a><\/li><li><a data-fancybox=\"gallery434\" href=\"https:\/\/zxdoll.com\/wp-content\/uploads\/2023\/03\/ultimate-sex-doll-z7u18-533x800.jpg\" class=\"eig-popup\" title=\"\" data-caption=\"\" target=\"_blank\"><i class=\"icon-view\"><\/i><span class=\"overlay\"><\/span><img loading=\"lazy\" decoding=\"async\" width=\"150\" height=\"150\" src=\"https:\/\/zxdoll.com\/wp-content\/uploads\/2023\/03\/ultimate-sex-doll-z7u18-150x150.jpg\" class=\"attachment-thumbnail size-thumbnail\" alt=\"\" title=\"\"><\/a><\/li><li><a data-fancybox=\"gallery434\" href=\"https:\/\/zxdoll.com\/wp-content\/uploads\/2023\/03\/ultimate-sex-doll-z7u19-533x800.jpg\" class=\"eig-popup\" title=\"\" data-caption=\"\" target=\"_blank\"><i class=\"icon-view\"><\/i><span class=\"overlay\"><\/span><img loading=\"lazy\" decoding=\"async\" width=\"150\" height=\"150\" src=\"https:\/\/zxdoll.com\/wp-content\/uploads\/2023\/03\/ultimate-sex-doll-z7u19-150x150.jpg\" class=\"attachment-thumbnail size-thumbnail\" alt=\"\" title=\"\"><\/a><\/li><li><a data-fancybox=\"gallery434\" href=\"https:\/\/zxdoll.com\/wp-content\/uploads\/2023\/03\/ultimate-sex-doll-z7u20.jpg\" class=\"eig-popup\" title=\"\" data-caption=\"\" target=\"_blank\"><i class=\"icon-view\"><\/i><span class=\"overlay\"><\/span><img loading=\"lazy\" decoding=\"async\" width=\"100\" height=\"150\" src=\"https:\/\/zxdoll.com\/wp-content\/uploads\/2023\/03\/ultimate-sex-doll-z7u20.jpg\" class=\"attachment-thumbnail size-thumbnail\" alt=\"\" title=\"\"><\/a><\/li><li><a data-fancybox=\"gallery434\" href=\"https:\/\/zxdoll.com\/wp-content\/uploads\/2023\/03\/ultimate-sex-doll-z7u21-533x800.jpg\" class=\"eig-popup\" title=\"\" data-caption=\"\" target=\"_blank\"><i class=\"icon-view\"><\/i><span class=\"overlay\"><\/span><img loading=\"lazy\" decoding=\"async\" width=\"150\" height=\"150\" src=\"https:\/\/zxdoll.com\/wp-content\/uploads\/2023\/03\/ultimate-sex-doll-z7u21-150x150.jpg\" class=\"attachment-thumbnail size-thumbnail\" alt=\"\" title=\"\"><\/a><\/li><li><a data-fancybox=\"gallery434\" href=\"https:\/\/zxdoll.com\/wp-content\/uploads\/2023\/03\/ultimate-sex-doll-z7u22-533x800.jpg\" class=\"eig-popup\" title=\"\" data-caption=\"\" target=\"_blank\"><i class=\"icon-view\"><\/i><span class=\"overlay\"><\/span><img loading=\"lazy\" decoding=\"async\" width=\"150\" height=\"150\" src=\"https:\/\/zxdoll.com\/wp-content\/uploads\/2023\/03\/ultimate-sex-doll-z7u22-150x150.jpg\" class=\"attachment-thumbnail size-thumbnail\" alt=\"\" title=\"\"><\/a><\/li><li><a data-fancybox=\"gallery434\" href=\"https:\/\/zxdoll.com\/wp-content\/uploads\/2023\/03\/ultimate-sex-doll-z7u23.jpg\" class=\"eig-popup\" title=\"\" data-caption=\"\" target=\"_blank\"><i class=\"icon-view\"><\/i><span class=\"overlay\"><\/span><img loading=\"lazy\" decoding=\"async\" width=\"150\" height=\"150\" src=\"https:\/\/zxdoll.com\/wp-content\/uploads\/2023\/03\/ultimate-sex-doll-z7u23-150x150.jpg\" class=\"attachment-thumbnail size-thumbnail\" alt=\"\" title=\"\"><\/a><\/li><li><a data-fancybox=\"gallery434\" href=\"https:\/\/zxdoll.com\/wp-content\/uploads\/2023\/03\/ultimate-sex-doll-z7u24-533x800.jpg\" class=\"eig-popup\" title=\"\" data-caption=\"\" target=\"_blank\"><i class=\"icon-view\"><\/i><span class=\"overlay\"><\/span><img loading=\"lazy\" decoding=\"async\" width=\"150\" height=\"150\" src=\"https:\/\/zxdoll.com\/wp-content\/uploads\/2023\/03\/ultimate-sex-doll-z7u24-150x150.jpg\" class=\"attachment-thumbnail size-thumbnail\" alt=\"\" title=\"\"><\/a><\/li><li><a data-fancybox=\"gallery434\" href=\"https:\/\/zxdoll.com\/wp-content\/uploads\/2023\/03\/ultimate-sex-doll-z7u25-533x800.jpg\" class=\"eig-popup\" title=\"\" data-caption=\"\" target=\"_blank\"><i class=\"icon-view\"><\/i><span class=\"overlay\"><\/span><img loading=\"lazy\" decoding=\"async\" width=\"150\" height=\"150\" src=\"https:\/\/zxdoll.com\/wp-content\/uploads\/2023\/03\/ultimate-sex-doll-z7u25-150x150.jpg\" class=\"attachment-thumbnail size-thumbnail\" alt=\"\" title=\"\"><\/a><\/li><\/ul>\n<h4>Gr\u00f6\u00dfentabellen<\/h4>\n<table width=\"269\">\n<tbody>\n<tr>\n<td width=\"130\">Material<\/td>\n<td width=\"139\">TPE<\/td>\n<\/tr>\n<tr>\n<td>H\u00f6he<\/td>\n<td>174cm<\/td>\n<\/tr>\n<tr>\n<td>Brust<\/td>\n<td>96cm<\/td>\n<\/tr>\n<tr>\n<td>Taille<\/td>\n<td>58cm<\/td>\n<\/tr>\n<tr>\n<td>H\u00fcfte<\/td>\n<td>95cm<\/td>\n<\/tr>\n<tr>\n<td>Schulter<\/td>\n<td>38cm<\/td>\n<\/tr>\n<tr>\n<td>Beinl\u00e4nge<\/td>\n<td>85cm<\/td>\n<\/tr>\n<tr>\n<td>Arml\u00e4nge<\/td>\n<td>62cm<\/td>\n<\/tr>\n<tr>\n<td>Fu\u00dfl\u00e4nge<\/td>\n<td>21cm<\/td>\n<\/tr>\n<tr>\n<td>Reingewicht<\/td>\n<td>46 kg<\/td>\n<\/tr>\n<tr>\n<td>M\u00fcndliche Tiefe<\/td>\n<td>12cm<\/td>\n<\/tr>\n<tr>\n<td>Vaginale Tiefe<\/td>\n<td>22cm<\/td>\n<\/tr>\n<tr>\n<td>Anale Tiefe<\/td>\n<td>18cm<\/td>\n<\/tr>\n<\/tbody>\n<\/table>\n<h4>\u00dcber die Sexpuppe<\/h4>\n<p>Langes dunkles Haar, gro\u00dfe Br\u00fcste, die aus ihrem BH zu platzen drohen, mit riesigen Titten, die ihr folgen, ganz zu schweigen vom saftigsten und fettesten Cameltoe, den man sich nur vorstellen kann, was kann man sich an so einer Puppe nicht w\u00fcnschen? Sie ist Ihre wundersch\u00f6ne echte Puppe, Ihr realistisches Spielzeug, das aus einer Reihe wundersch\u00f6ner, erschwinglicher und g\u00fcnstiger echter Liebespuppen stammt. Eine echte Sexpuppe, die Sie vom ersten Moment an in den Wahnsinn treibt.<\/p>\n<p>Als 174 cm gro\u00dfe Sexpuppe hat sie genau die richtige Gr\u00f6\u00dfe f\u00fcr alle Arten von Fantasien. Fesseln Sie sie, halten Sie sie fest und lassen Sie sich mit ihr auf all Ihre dunkelsten BSDM-Fantasien ein. Sie ist der ideale Typ f\u00fcr unglaubliche, lebensechte Sexpuppenpornos. Wenn Sie auf der Suche nach der besten lebensechten Liebespuppe sind, ist dies die richtige Wahl.<\/p>\n<p>Ein Mann mit einer hohen Libido und einem guten Auge f\u00fcr sch\u00f6ne Liebespuppen wird sich f\u00fcr dieses liebenswerte, nuttige kleine St\u00fcck entscheiden. Mit solchen Haaren, einer tollen Statur und einer begehrenswerten Form kann man nichts falsch machen. Sie ist eine gro\u00dfartige Freundin, Liebhaberin oder Fickkameradin, ganz wie Sie m\u00f6chten.<\/p>","protected":false},"excerpt":{"rendered":"<p>Sexpuppenbilder Gr\u00f6\u00dfentabellen Material TPE H\u00f6he 174 cm Brust 96 cm Taille 58 cm H\u00fcfte 95 cm Schulter 38 cm Beinl\u00e4nge 85 cm<\/p>","protected":false},"featured_media":23005,"comment_status":"open","ping_status":"closed","template":"","meta":[],"product_brand":[],"product_cat":[232,124,116,100,107,119],"product_tag":[],"class_list":{"0":"post-22984","1":"product","2":"type-product","3":"status-publish","4":"has-post-thumbnail","6":"product_cat-46kg-50kg","7":"product_cat-above-171cm-sex-dolls","8":"product_cat-big-boobs-sex-doll","9":"product_cat-lifelike-love-dolls","10":"product_cat-skinny-sex-dolls","11":"product_cat-tpe-sex-doll","12":"pa_brand-hr-doll","13":"tm-has-options","15":"first","16":"instock","17":"sale","18":"shipping-taxable","19":"purchasable","20":"product-type-simple"},"_links":{"self":[{"href":"https:\/\/zxdoll.com\/de\/wp-json\/wp\/v2\/product\/22984","targetHints":{"allow":["GET"]}}],"collection":[{"href":"https:\/\/zxdoll.com\/de\/wp-json\/wp\/v2\/product"}],"about":[{"href":"https:\/\/zxdoll.com\/de\/wp-json\/wp\/v2\/types\/product"}],"replies":[{"embeddable":true,"href":"https:\/\/zxdoll.com\/de\/wp-json\/wp\/v2\/comments?post=22984"}],"version-history":[{"count":1,"href":"https:\/\/zxdoll.com\/de\/wp-json\/wp\/v2\/product\/22984\/revisions"}],"predecessor-version":[{"id":186519,"href":"https:\/\/zxdoll.com\/de\/wp-json\/wp\/v2\/product\/22984\/revisions\/186519"}],"wp:featuredmedia":[{"embeddable":true,"href":"https:\/\/zxdoll.com\/de\/wp-json\/wp\/v2\/media\/23005"}],"wp:attachment":[{"href":"https:\/\/zxdoll.com\/de\/wp-json\/wp\/v2\/media?parent=22984"}],"wp:term":[{"taxonomy":"product_brand","embeddable":true,"href":"https:\/\/zxdoll.com\/de\/wp-json\/wp\/v2\/product_brand?post=22984"},{"taxonomy":"product_cat","embeddable":true,"href":"https:\/\/zxdoll.com\/de\/wp-json\/wp\/v2\/product_cat?post=22984"},{"taxonomy":"product_tag","embeddable":true,"href":"https:\/\/zxdoll.com\/de\/wp-json\/wp\/v2\/product_tag?post=22984"}],"curies":[{"name":"wp","href":"https:\/\/api.w.org\/{rel}","templated":true}]}}