{"id":22440,"date":"2023-03-11T16:26:22","date_gmt":"2023-03-11T08:26:22","guid":{"rendered":"https:\/\/zxdoll.com\/?post_type=product&#038;p=22440"},"modified":"2025-09-17T08:29:33","modified_gmt":"2025-09-17T00:29:33","slug":"3d-virtual-live-legal-skin-love-dolls","status":"publish","type":"product","link":"https:\/\/zxdoll.com\/de\/product\/3d-virtual-live-legal-skin-love-dolls\/","title":{"rendered":"3D Virtual Live Legal Skin Liebespuppen Lorelei 165cm"},"content":{"rendered":"<h4><strong>Bilder von Sexpuppen<\/strong><\/h4>\n\t                <ul class=\"easy-image-gallery thumbnails-18 linked\">\r\n                    <li><a data-fancybox=\"gallery349\" href=\"https:\/\/zxdoll.com\/wp-content\/uploads\/2023\/03\/real-doll-buy-z8n1-533x800.jpg\" class=\"eig-popup\" title=\"\" data-caption=\"\" target=\"_blank\"><i class=\"icon-view\"><\/i><span class=\"overlay\"><\/span><img decoding=\"async\" width=\"150\" height=\"150\" src=\"https:\/\/zxdoll.com\/wp-content\/uploads\/2023\/03\/real-doll-buy-z8n1-150x150.jpg\" class=\"attachment-thumbnail size-thumbnail\" alt=\"\" title=\"\"><\/a><\/li><li><a data-fancybox=\"gallery349\" href=\"https:\/\/zxdoll.com\/wp-content\/uploads\/2023\/03\/real-doll-buy-z8n2-533x800.jpg\" class=\"eig-popup\" title=\"\" data-caption=\"\" target=\"_blank\"><i class=\"icon-view\"><\/i><span class=\"overlay\"><\/span><img decoding=\"async\" width=\"150\" height=\"150\" src=\"https:\/\/zxdoll.com\/wp-content\/uploads\/2023\/03\/real-doll-buy-z8n2-150x150.jpg\" class=\"attachment-thumbnail size-thumbnail\" alt=\"\" title=\"\"><\/a><\/li><li><a data-fancybox=\"gallery349\" href=\"https:\/\/zxdoll.com\/wp-content\/uploads\/2023\/03\/real-doll-buy-z8n3-1-533x800.jpg\" class=\"eig-popup\" title=\"\" data-caption=\"\" target=\"_blank\"><i class=\"icon-view\"><\/i><span class=\"overlay\"><\/span><img decoding=\"async\" width=\"150\" height=\"150\" src=\"https:\/\/zxdoll.com\/wp-content\/uploads\/2023\/03\/real-doll-buy-z8n3-1-150x150.jpg\" class=\"attachment-thumbnail size-thumbnail\" alt=\"\" title=\"\"><\/a><\/li><li><a data-fancybox=\"gallery349\" href=\"https:\/\/zxdoll.com\/wp-content\/uploads\/2023\/03\/real-doll-buy-z8n4-533x800.jpg\" class=\"eig-popup\" title=\"\" data-caption=\"\" target=\"_blank\"><i class=\"icon-view\"><\/i><span class=\"overlay\"><\/span><img loading=\"lazy\" decoding=\"async\" width=\"150\" height=\"150\" src=\"https:\/\/zxdoll.com\/wp-content\/uploads\/2023\/03\/real-doll-buy-z8n4-150x150.jpg\" class=\"attachment-thumbnail size-thumbnail\" alt=\"\" title=\"\"><\/a><\/li><li><a data-fancybox=\"gallery349\" href=\"https:\/\/zxdoll.com\/wp-content\/uploads\/2023\/03\/real-doll-buy-z8n5-533x800.jpg\" class=\"eig-popup\" title=\"\" data-caption=\"\" target=\"_blank\"><i class=\"icon-view\"><\/i><span class=\"overlay\"><\/span><img loading=\"lazy\" decoding=\"async\" width=\"150\" height=\"150\" src=\"https:\/\/zxdoll.com\/wp-content\/uploads\/2023\/03\/real-doll-buy-z8n5-150x150.jpg\" class=\"attachment-thumbnail size-thumbnail\" alt=\"\" title=\"\"><\/a><\/li><li><a data-fancybox=\"gallery349\" href=\"https:\/\/zxdoll.com\/wp-content\/uploads\/2023\/03\/real-doll-buy-z8n6.jpg\" class=\"eig-popup\" title=\"\" data-caption=\"\" target=\"_blank\"><i class=\"icon-view\"><\/i><span class=\"overlay\"><\/span><img loading=\"lazy\" decoding=\"async\" width=\"150\" height=\"150\" src=\"https:\/\/zxdoll.com\/wp-content\/uploads\/2023\/03\/real-doll-buy-z8n6-150x150.jpg\" class=\"attachment-thumbnail size-thumbnail\" alt=\"\" title=\"\"><\/a><\/li><li><a data-fancybox=\"gallery349\" href=\"https:\/\/zxdoll.com\/wp-content\/uploads\/2023\/03\/real-doll-buy-z8n7-533x800.jpg\" class=\"eig-popup\" title=\"\" data-caption=\"\" target=\"_blank\"><i class=\"icon-view\"><\/i><span class=\"overlay\"><\/span><img loading=\"lazy\" decoding=\"async\" width=\"150\" height=\"150\" src=\"https:\/\/zxdoll.com\/wp-content\/uploads\/2023\/03\/real-doll-buy-z8n7-150x150.jpg\" class=\"attachment-thumbnail size-thumbnail\" alt=\"\" title=\"\"><\/a><\/li><li><a data-fancybox=\"gallery349\" href=\"https:\/\/zxdoll.com\/wp-content\/uploads\/2023\/03\/real-doll-buy-z8n8-533x800.jpg\" class=\"eig-popup\" title=\"\" data-caption=\"\" target=\"_blank\"><i class=\"icon-view\"><\/i><span class=\"overlay\"><\/span><img loading=\"lazy\" decoding=\"async\" width=\"150\" height=\"150\" src=\"https:\/\/zxdoll.com\/wp-content\/uploads\/2023\/03\/real-doll-buy-z8n8-150x150.jpg\" class=\"attachment-thumbnail size-thumbnail\" alt=\"\" title=\"\"><\/a><\/li><li><a data-fancybox=\"gallery349\" href=\"https:\/\/zxdoll.com\/wp-content\/uploads\/2023\/03\/real-doll-buy-z8n9-533x800.jpg\" class=\"eig-popup\" title=\"\" data-caption=\"\" target=\"_blank\"><i class=\"icon-view\"><\/i><span class=\"overlay\"><\/span><img loading=\"lazy\" decoding=\"async\" width=\"150\" height=\"150\" src=\"https:\/\/zxdoll.com\/wp-content\/uploads\/2023\/03\/real-doll-buy-z8n9-150x150.jpg\" class=\"attachment-thumbnail size-thumbnail\" alt=\"\" title=\"\"><\/a><\/li><li><a data-fancybox=\"gallery349\" href=\"https:\/\/zxdoll.com\/wp-content\/uploads\/2023\/03\/real-doll-buy-z8n10-533x800.jpg\" class=\"eig-popup\" title=\"\" data-caption=\"\" target=\"_blank\"><i class=\"icon-view\"><\/i><span class=\"overlay\"><\/span><img loading=\"lazy\" decoding=\"async\" width=\"150\" height=\"150\" src=\"https:\/\/zxdoll.com\/wp-content\/uploads\/2023\/03\/real-doll-buy-z8n10-150x150.jpg\" class=\"attachment-thumbnail size-thumbnail\" alt=\"\" title=\"\"><\/a><\/li><li><a data-fancybox=\"gallery349\" href=\"https:\/\/zxdoll.com\/wp-content\/uploads\/2023\/03\/real-doll-buy-z8n11.jpg\" class=\"eig-popup\" title=\"\" data-caption=\"\" target=\"_blank\"><i class=\"icon-view\"><\/i><span class=\"overlay\"><\/span><img loading=\"lazy\" decoding=\"async\" width=\"150\" height=\"150\" src=\"https:\/\/zxdoll.com\/wp-content\/uploads\/2023\/03\/real-doll-buy-z8n11-150x150.jpg\" class=\"attachment-thumbnail size-thumbnail\" alt=\"\" title=\"\"><\/a><\/li><li><a data-fancybox=\"gallery349\" href=\"https:\/\/zxdoll.com\/wp-content\/uploads\/2023\/03\/real-doll-buy-z8n12-533x800.jpg\" class=\"eig-popup\" title=\"\" data-caption=\"\" target=\"_blank\"><i class=\"icon-view\"><\/i><span class=\"overlay\"><\/span><img loading=\"lazy\" decoding=\"async\" width=\"150\" height=\"150\" src=\"https:\/\/zxdoll.com\/wp-content\/uploads\/2023\/03\/real-doll-buy-z8n12-150x150.jpg\" class=\"attachment-thumbnail size-thumbnail\" alt=\"\" title=\"\"><\/a><\/li><li><a data-fancybox=\"gallery349\" href=\"https:\/\/zxdoll.com\/wp-content\/uploads\/2023\/03\/real-doll-buy-z8n13-533x800.jpg\" class=\"eig-popup\" title=\"\" data-caption=\"\" target=\"_blank\"><i class=\"icon-view\"><\/i><span class=\"overlay\"><\/span><img loading=\"lazy\" decoding=\"async\" width=\"150\" height=\"150\" src=\"https:\/\/zxdoll.com\/wp-content\/uploads\/2023\/03\/real-doll-buy-z8n13-150x150.jpg\" class=\"attachment-thumbnail size-thumbnail\" alt=\"\" title=\"\"><\/a><\/li><li><a data-fancybox=\"gallery349\" href=\"https:\/\/zxdoll.com\/wp-content\/uploads\/2023\/03\/real-doll-buy-z8n14-533x800.jpg\" class=\"eig-popup\" title=\"\" data-caption=\"\" target=\"_blank\"><i class=\"icon-view\"><\/i><span class=\"overlay\"><\/span><img loading=\"lazy\" decoding=\"async\" width=\"150\" height=\"150\" src=\"https:\/\/zxdoll.com\/wp-content\/uploads\/2023\/03\/real-doll-buy-z8n14-150x150.jpg\" class=\"attachment-thumbnail size-thumbnail\" alt=\"3D virtuelle live legale Haut Liebespuppen\" title=\"\"><\/a><\/li><li><a data-fancybox=\"gallery349\" href=\"https:\/\/zxdoll.com\/wp-content\/uploads\/2023\/03\/real-doll-buy-z8n15-533x800.jpg\" class=\"eig-popup\" title=\"\" data-caption=\"\" target=\"_blank\"><i class=\"icon-view\"><\/i><span class=\"overlay\"><\/span><img loading=\"lazy\" decoding=\"async\" width=\"150\" height=\"150\" src=\"https:\/\/zxdoll.com\/wp-content\/uploads\/2023\/03\/real-doll-buy-z8n15-150x150.jpg\" class=\"attachment-thumbnail size-thumbnail\" alt=\"\" title=\"\"><\/a><\/li><li><a data-fancybox=\"gallery349\" href=\"https:\/\/zxdoll.com\/wp-content\/uploads\/2023\/03\/real-doll-buy-z8n16-533x800.jpg\" class=\"eig-popup\" title=\"\" data-caption=\"\" target=\"_blank\"><i class=\"icon-view\"><\/i><span class=\"overlay\"><\/span><img loading=\"lazy\" decoding=\"async\" width=\"150\" height=\"150\" src=\"https:\/\/zxdoll.com\/wp-content\/uploads\/2023\/03\/real-doll-buy-z8n16-150x150.jpg\" class=\"attachment-thumbnail size-thumbnail\" alt=\"\" title=\"\"><\/a><\/li><li><a data-fancybox=\"gallery349\" href=\"https:\/\/zxdoll.com\/wp-content\/uploads\/2023\/03\/real-doll-buy-z8n17-533x800.jpg\" class=\"eig-popup\" title=\"\" data-caption=\"\" target=\"_blank\"><i class=\"icon-view\"><\/i><span class=\"overlay\"><\/span><img loading=\"lazy\" decoding=\"async\" width=\"150\" height=\"150\" src=\"https:\/\/zxdoll.com\/wp-content\/uploads\/2023\/03\/real-doll-buy-z8n17-150x150.jpg\" class=\"attachment-thumbnail size-thumbnail\" alt=\"\" title=\"\"><\/a><\/li><li><a data-fancybox=\"gallery349\" href=\"https:\/\/zxdoll.com\/wp-content\/uploads\/2023\/03\/real-doll-buy-z8n18-533x800.jpg\" class=\"eig-popup\" title=\"\" data-caption=\"\" target=\"_blank\"><i class=\"icon-view\"><\/i><span class=\"overlay\"><\/span><img loading=\"lazy\" decoding=\"async\" width=\"150\" height=\"150\" src=\"https:\/\/zxdoll.com\/wp-content\/uploads\/2023\/03\/real-doll-buy-z8n18-150x150.jpg\" class=\"attachment-thumbnail size-thumbnail\" alt=\"\" title=\"\"><\/a><\/li><\/ul>\n<h4>Gr\u00f6\u00dfentabellen<\/h4>\n<table width=\"269\">\n<tbody>\n<tr>\n<td width=\"130\">Material<\/td>\n<td width=\"139\">TPE<\/td>\n<\/tr>\n<tr>\n<td>H\u00f6he<\/td>\n<td>165cm<\/td>\n<\/tr>\n<tr>\n<td>Brust<\/td>\n<td>87cm<\/td>\n<\/tr>\n<tr>\n<td>Taille<\/td>\n<td>58cm<\/td>\n<\/tr>\n<tr>\n<td>H\u00fcfte<\/td>\n<td>88cm<\/td>\n<\/tr>\n<tr>\n<td>Schulter<\/td>\n<td>35cm<\/td>\n<\/tr>\n<tr>\n<td>Beinl\u00e4nge<\/td>\n<td>93cm<\/td>\n<\/tr>\n<tr>\n<td>Arml\u00e4nge<\/td>\n<td>67cm<\/td>\n<\/tr>\n<tr>\n<td>Fu\u00dfl\u00e4nge<\/td>\n<td>22cm<\/td>\n<\/tr>\n<tr>\n<td>Reingewicht<\/td>\n<td>36 kg<\/td>\n<\/tr>\n<tr>\n<td>M\u00fcndliche Tiefe<\/td>\n<td>12cm<\/td>\n<\/tr>\n<tr>\n<td>Vaginale Tiefe<\/td>\n<td>22cm<\/td>\n<\/tr>\n<tr>\n<td>Anale Tiefe<\/td>\n<td>18cm<\/td>\n<\/tr>\n<\/tbody>\n<\/table>\n<h4>\u00dcber die Sexpuppe<\/h4>\n<p>Wenn Sie das Gef\u00fchl haben, dass es zu viel Arbeit sein k\u00f6nnte, eine lebende Sexpuppe zu besitzen, dann m\u00fcssen Sie sich nicht ausgeschlossen f\u00fchlen. Es gibt virtuelle 3D-Sexpuppen, die Sie ansehen k\u00f6nnen und die immer noch das gleiche Gef\u00fchl haben, da sie jetzt in die virtuelle Realit\u00e4t umgewandelt werden, wo Sie Sex in der virtuellen Welt mit einer Sexpuppe haben und dabei trotzdem ein tolles Erlebnis haben k\u00f6nnen. Wie immer gibt es beim Sex oder beim Besitz einer Sexpuppe keine Einschr\u00e4nkungen.<\/p>\n<p>Beim Kauf einer Sexpuppe sollten Sie darauf achten, dass Sie das gew\u00fcnschte Liebespuppenfoto haben. Und selbst wenn Sie eine in die H\u00e4nde bekommen, sollten Sie dar\u00fcber nachdenken, sie f\u00fcr ein Liebespuppenfoto vorzubereiten und sexy Aufnahmen von ihr zu machen. Sexpuppen-Spielzeugpornos sind ebenfalls eine M\u00f6glichkeit. W\u00e4hrend der Aufnahme ordentlich mit der Puppe zu ficken, ist auch eine tolle Sache.<\/p>\n<p>Die Liebespuppen werden aus perfekten und bew\u00e4hrten Materialien hergestellt, die sicher sind und der menschlichen Gesundheit keinen Schaden zuf\u00fcgen. Diese Liebespuppen mit legaler Haut passen perfekt. Das Innere einer echten Puppe ist versiegelt und darf nicht manipuliert werden. Sie alle sind darauf ausgelegt, Ihnen die perfekte Zufriedenheit zu verschaffen. Sie k\u00f6nnen genie\u00dfen, was das Leben zu bieten hat, wenn Sie Puppensex haben und mehrere Spielzeugpornos besitzen.<\/p>","protected":false},"excerpt":{"rendered":"<p>Sexpuppenbilder Gr\u00f6\u00dfentabellen Material TPE H\u00f6he 165 cm Brust 87 cm Taille 58 cm H\u00fcfte 88 cm Schulter 35 cm Beinl\u00e4nge 93 cm<\/p>","protected":false},"featured_media":22455,"comment_status":"open","ping_status":"closed","template":"","meta":[],"product_brand":[],"product_cat":[75,230,77,116,100,107,119],"product_tag":[],"class_list":{"0":"post-22440","1":"product","2":"type-product","3":"status-publish","4":"has-post-thumbnail","6":"product_cat-160cm-170cm-sex-dolls","7":"product_cat-36kg-40kg","8":"product_cat-bbw-sex-doll","9":"product_cat-big-boobs-sex-doll","10":"product_cat-lifelike-love-dolls","11":"product_cat-skinny-sex-dolls","12":"product_cat-tpe-sex-doll","13":"pa_brand-hr-doll","14":"tm-has-options","16":"first","17":"instock","18":"sale","19":"shipping-taxable","20":"purchasable","21":"product-type-simple"},"_links":{"self":[{"href":"https:\/\/zxdoll.com\/de\/wp-json\/wp\/v2\/product\/22440","targetHints":{"allow":["GET"]}}],"collection":[{"href":"https:\/\/zxdoll.com\/de\/wp-json\/wp\/v2\/product"}],"about":[{"href":"https:\/\/zxdoll.com\/de\/wp-json\/wp\/v2\/types\/product"}],"replies":[{"embeddable":true,"href":"https:\/\/zxdoll.com\/de\/wp-json\/wp\/v2\/comments?post=22440"}],"version-history":[{"count":1,"href":"https:\/\/zxdoll.com\/de\/wp-json\/wp\/v2\/product\/22440\/revisions"}],"predecessor-version":[{"id":197727,"href":"https:\/\/zxdoll.com\/de\/wp-json\/wp\/v2\/product\/22440\/revisions\/197727"}],"wp:featuredmedia":[{"embeddable":true,"href":"https:\/\/zxdoll.com\/de\/wp-json\/wp\/v2\/media\/22455"}],"wp:attachment":[{"href":"https:\/\/zxdoll.com\/de\/wp-json\/wp\/v2\/media?parent=22440"}],"wp:term":[{"taxonomy":"product_brand","embeddable":true,"href":"https:\/\/zxdoll.com\/de\/wp-json\/wp\/v2\/product_brand?post=22440"},{"taxonomy":"product_cat","embeddable":true,"href":"https:\/\/zxdoll.com\/de\/wp-json\/wp\/v2\/product_cat?post=22440"},{"taxonomy":"product_tag","embeddable":true,"href":"https:\/\/zxdoll.com\/de\/wp-json\/wp\/v2\/product_tag?post=22440"}],"curies":[{"name":"wp","href":"https:\/\/api.w.org\/{rel}","templated":true}]}}