{"id":22271,"date":"2023-03-11T16:03:13","date_gmt":"2023-03-11T08:03:13","guid":{"rendered":"https:\/\/zxdoll.com\/?post_type=product&#038;p=22271"},"modified":"2025-09-17T08:32:25","modified_gmt":"2025-09-17T00:32:25","slug":"4chan-latex-fuck-asian-fair-lady-doll","status":"publish","type":"product","link":"https:\/\/zxdoll.com\/de\/product\/4chan-latex-fuck-asian-fair-lady-doll\/","title":{"rendered":"4chan Latex Fuck Asian Fair Lady Doll Heddi 165cm"},"content":{"rendered":"<h4><strong>Bilder von Sexpuppen<\/strong><\/h4>\n\t                <ul class=\"easy-image-gallery thumbnails-19 linked\">\r\n                    <li><a data-fancybox=\"gallery276\" href=\"https:\/\/zxdoll.com\/wp-content\/uploads\/2023\/03\/hentai-fuck-doll-z9s1-450x800.jpg\" class=\"eig-popup\" title=\"\" data-caption=\"\" target=\"_blank\"><i class=\"icon-view\"><\/i><span class=\"overlay\"><\/span><img decoding=\"async\" width=\"150\" height=\"150\" src=\"https:\/\/zxdoll.com\/wp-content\/uploads\/2023\/03\/hentai-fuck-doll-z9s1-150x150.jpg\" class=\"attachment-thumbnail size-thumbnail\" alt=\"\" title=\"\"><\/a><\/li><li><a data-fancybox=\"gallery276\" href=\"https:\/\/zxdoll.com\/wp-content\/uploads\/2023\/03\/hentai-fuck-doll-z9s2-533x800.jpg\" class=\"eig-popup\" title=\"\" data-caption=\"\" target=\"_blank\"><i class=\"icon-view\"><\/i><span class=\"overlay\"><\/span><img decoding=\"async\" width=\"150\" height=\"150\" src=\"https:\/\/zxdoll.com\/wp-content\/uploads\/2023\/03\/hentai-fuck-doll-z9s2-150x150.jpg\" class=\"attachment-thumbnail size-thumbnail\" alt=\"\" title=\"\"><\/a><\/li><li><a data-fancybox=\"gallery276\" href=\"https:\/\/zxdoll.com\/wp-content\/uploads\/2023\/03\/hentai-fuck-doll-z9s3-1-533x800.jpg\" class=\"eig-popup\" title=\"\" data-caption=\"\" target=\"_blank\"><i class=\"icon-view\"><\/i><span class=\"overlay\"><\/span><img decoding=\"async\" width=\"150\" height=\"150\" src=\"https:\/\/zxdoll.com\/wp-content\/uploads\/2023\/03\/hentai-fuck-doll-z9s3-1-150x150.jpg\" class=\"attachment-thumbnail size-thumbnail\" alt=\"synthetische Sexpuppen\" title=\"\"><\/a><\/li><li><a data-fancybox=\"gallery276\" href=\"https:\/\/zxdoll.com\/wp-content\/uploads\/2023\/03\/hentai-fuck-doll-z9s4.jpg\" class=\"eig-popup\" title=\"\" data-caption=\"\" target=\"_blank\"><i class=\"icon-view\"><\/i><span class=\"overlay\"><\/span><img loading=\"lazy\" decoding=\"async\" width=\"150\" height=\"150\" src=\"https:\/\/zxdoll.com\/wp-content\/uploads\/2023\/03\/hentai-fuck-doll-z9s4-150x150.jpg\" class=\"attachment-thumbnail size-thumbnail\" alt=\"\" title=\"\"><\/a><\/li><li><a data-fancybox=\"gallery276\" href=\"https:\/\/zxdoll.com\/wp-content\/uploads\/2023\/03\/hentai-fuck-doll-z9s5-533x800.jpg\" class=\"eig-popup\" title=\"\" data-caption=\"\" target=\"_blank\"><i class=\"icon-view\"><\/i><span class=\"overlay\"><\/span><img loading=\"lazy\" decoding=\"async\" width=\"150\" height=\"150\" src=\"https:\/\/zxdoll.com\/wp-content\/uploads\/2023\/03\/hentai-fuck-doll-z9s5-150x150.jpg\" class=\"attachment-thumbnail size-thumbnail\" alt=\"\" title=\"\"><\/a><\/li><li><a data-fancybox=\"gallery276\" href=\"https:\/\/zxdoll.com\/wp-content\/uploads\/2023\/03\/hentai-fuck-doll-z9s6-533x800.jpg\" class=\"eig-popup\" title=\"\" data-caption=\"\" target=\"_blank\"><i class=\"icon-view\"><\/i><span class=\"overlay\"><\/span><img loading=\"lazy\" decoding=\"async\" width=\"150\" height=\"150\" src=\"https:\/\/zxdoll.com\/wp-content\/uploads\/2023\/03\/hentai-fuck-doll-z9s6-150x150.jpg\" class=\"attachment-thumbnail size-thumbnail\" alt=\"\" title=\"\"><\/a><\/li><li><a data-fancybox=\"gallery276\" href=\"https:\/\/zxdoll.com\/wp-content\/uploads\/2023\/03\/hentai-fuck-doll-z9s7-533x800.jpg\" class=\"eig-popup\" title=\"\" data-caption=\"\" target=\"_blank\"><i class=\"icon-view\"><\/i><span class=\"overlay\"><\/span><img loading=\"lazy\" decoding=\"async\" width=\"150\" height=\"150\" src=\"https:\/\/zxdoll.com\/wp-content\/uploads\/2023\/03\/hentai-fuck-doll-z9s7-150x150.jpg\" class=\"attachment-thumbnail size-thumbnail\" alt=\"\" title=\"\"><\/a><\/li><li><a data-fancybox=\"gallery276\" href=\"https:\/\/zxdoll.com\/wp-content\/uploads\/2023\/03\/hentai-fuck-doll-z9s8-533x800.jpg\" class=\"eig-popup\" title=\"\" data-caption=\"\" target=\"_blank\"><i class=\"icon-view\"><\/i><span class=\"overlay\"><\/span><img loading=\"lazy\" decoding=\"async\" width=\"150\" height=\"150\" src=\"https:\/\/zxdoll.com\/wp-content\/uploads\/2023\/03\/hentai-fuck-doll-z9s8-150x150.jpg\" class=\"attachment-thumbnail size-thumbnail\" alt=\"\" title=\"\"><\/a><\/li><li><a data-fancybox=\"gallery276\" href=\"https:\/\/zxdoll.com\/wp-content\/uploads\/2023\/03\/hentai-fuck-doll-z9s9-533x800.jpg\" class=\"eig-popup\" title=\"\" data-caption=\"\" target=\"_blank\"><i class=\"icon-view\"><\/i><span class=\"overlay\"><\/span><img loading=\"lazy\" decoding=\"async\" width=\"150\" height=\"150\" src=\"https:\/\/zxdoll.com\/wp-content\/uploads\/2023\/03\/hentai-fuck-doll-z9s9-150x150.jpg\" class=\"attachment-thumbnail size-thumbnail\" alt=\"\" title=\"\"><\/a><\/li><li><a data-fancybox=\"gallery276\" href=\"https:\/\/zxdoll.com\/wp-content\/uploads\/2023\/03\/hentai-fuck-doll-z9s10.jpg\" class=\"eig-popup\" title=\"\" data-caption=\"\" target=\"_blank\"><i class=\"icon-view\"><\/i><span class=\"overlay\"><\/span><img loading=\"lazy\" decoding=\"async\" width=\"150\" height=\"150\" src=\"https:\/\/zxdoll.com\/wp-content\/uploads\/2023\/03\/hentai-fuck-doll-z9s10-150x150.jpg\" class=\"attachment-thumbnail size-thumbnail\" alt=\"\" title=\"\"><\/a><\/li><li><a data-fancybox=\"gallery276\" href=\"https:\/\/zxdoll.com\/wp-content\/uploads\/2023\/03\/hentai-fuck-doll-z9s11.jpg\" class=\"eig-popup\" title=\"\" data-caption=\"\" target=\"_blank\"><i class=\"icon-view\"><\/i><span class=\"overlay\"><\/span><img loading=\"lazy\" decoding=\"async\" width=\"150\" height=\"150\" src=\"https:\/\/zxdoll.com\/wp-content\/uploads\/2023\/03\/hentai-fuck-doll-z9s11-150x150.jpg\" class=\"attachment-thumbnail size-thumbnail\" alt=\"\" title=\"\"><\/a><\/li><li><a data-fancybox=\"gallery276\" href=\"https:\/\/zxdoll.com\/wp-content\/uploads\/2023\/03\/hentai-fuck-doll-z9s12.jpg\" class=\"eig-popup\" title=\"\" data-caption=\"\" target=\"_blank\"><i class=\"icon-view\"><\/i><span class=\"overlay\"><\/span><img loading=\"lazy\" decoding=\"async\" width=\"150\" height=\"150\" src=\"https:\/\/zxdoll.com\/wp-content\/uploads\/2023\/03\/hentai-fuck-doll-z9s12-150x150.jpg\" class=\"attachment-thumbnail size-thumbnail\" alt=\"\" title=\"\"><\/a><\/li><li><a data-fancybox=\"gallery276\" href=\"https:\/\/zxdoll.com\/wp-content\/uploads\/2023\/03\/hentai-fuck-doll-z9s13-533x800.jpg\" class=\"eig-popup\" title=\"\" data-caption=\"\" target=\"_blank\"><i class=\"icon-view\"><\/i><span class=\"overlay\"><\/span><img loading=\"lazy\" decoding=\"async\" width=\"150\" height=\"150\" src=\"https:\/\/zxdoll.com\/wp-content\/uploads\/2023\/03\/hentai-fuck-doll-z9s13-150x150.jpg\" class=\"attachment-thumbnail size-thumbnail\" alt=\"\" title=\"\"><\/a><\/li><li><a data-fancybox=\"gallery276\" href=\"https:\/\/zxdoll.com\/wp-content\/uploads\/2023\/03\/hentai-fuck-doll-z9s14-600x800.jpg\" class=\"eig-popup\" title=\"\" data-caption=\"\" target=\"_blank\"><i class=\"icon-view\"><\/i><span class=\"overlay\"><\/span><img loading=\"lazy\" decoding=\"async\" width=\"150\" height=\"150\" src=\"https:\/\/zxdoll.com\/wp-content\/uploads\/2023\/03\/hentai-fuck-doll-z9s14-150x150.jpg\" class=\"attachment-thumbnail size-thumbnail\" alt=\"\" title=\"\"><\/a><\/li><li><a data-fancybox=\"gallery276\" href=\"https:\/\/zxdoll.com\/wp-content\/uploads\/2023\/03\/hentai-fuck-doll-z9s15-533x800.jpg\" class=\"eig-popup\" title=\"\" data-caption=\"\" target=\"_blank\"><i class=\"icon-view\"><\/i><span class=\"overlay\"><\/span><img loading=\"lazy\" decoding=\"async\" width=\"150\" height=\"150\" src=\"https:\/\/zxdoll.com\/wp-content\/uploads\/2023\/03\/hentai-fuck-doll-z9s15-150x150.jpg\" class=\"attachment-thumbnail size-thumbnail\" alt=\"\" title=\"\"><\/a><\/li><li><a data-fancybox=\"gallery276\" href=\"https:\/\/zxdoll.com\/wp-content\/uploads\/2023\/03\/hentai-fuck-doll-z9s16-533x800.jpg\" class=\"eig-popup\" title=\"\" data-caption=\"\" target=\"_blank\"><i class=\"icon-view\"><\/i><span class=\"overlay\"><\/span><img loading=\"lazy\" decoding=\"async\" width=\"150\" height=\"150\" src=\"https:\/\/zxdoll.com\/wp-content\/uploads\/2023\/03\/hentai-fuck-doll-z9s16-150x150.jpg\" class=\"attachment-thumbnail size-thumbnail\" alt=\"\" title=\"\"><\/a><\/li><li><a data-fancybox=\"gallery276\" href=\"https:\/\/zxdoll.com\/wp-content\/uploads\/2023\/03\/hentai-fuck-doll-z9s17-533x800.jpg\" class=\"eig-popup\" title=\"\" data-caption=\"\" target=\"_blank\"><i class=\"icon-view\"><\/i><span class=\"overlay\"><\/span><img loading=\"lazy\" decoding=\"async\" width=\"150\" height=\"150\" src=\"https:\/\/zxdoll.com\/wp-content\/uploads\/2023\/03\/hentai-fuck-doll-z9s17-150x150.jpg\" class=\"attachment-thumbnail size-thumbnail\" alt=\"\" title=\"\"><\/a><\/li><li><a data-fancybox=\"gallery276\" href=\"https:\/\/zxdoll.com\/wp-content\/uploads\/2023\/03\/hentai-fuck-doll-z9s18.jpg\" class=\"eig-popup\" title=\"\" data-caption=\"\" target=\"_blank\"><i class=\"icon-view\"><\/i><span class=\"overlay\"><\/span><img loading=\"lazy\" decoding=\"async\" width=\"150\" height=\"150\" src=\"https:\/\/zxdoll.com\/wp-content\/uploads\/2023\/03\/hentai-fuck-doll-z9s18-150x150.jpg\" class=\"attachment-thumbnail size-thumbnail\" alt=\"\" title=\"\"><\/a><\/li><li><a data-fancybox=\"gallery276\" href=\"https:\/\/zxdoll.com\/wp-content\/uploads\/2023\/03\/hentai-fuck-doll-z9s19-533x800.jpg\" class=\"eig-popup\" title=\"\" data-caption=\"\" target=\"_blank\"><i class=\"icon-view\"><\/i><span class=\"overlay\"><\/span><img loading=\"lazy\" decoding=\"async\" width=\"150\" height=\"150\" src=\"https:\/\/zxdoll.com\/wp-content\/uploads\/2023\/03\/hentai-fuck-doll-z9s19-150x150.jpg\" class=\"attachment-thumbnail size-thumbnail\" alt=\"\" title=\"\"><\/a><\/li><\/ul>\n<h4>Gr\u00f6\u00dfentabellen<\/h4>\n<table width=\"269\">\n<tbody>\n<tr>\n<td width=\"130\">Material<\/td>\n<td width=\"139\">TPE<\/td>\n<\/tr>\n<tr>\n<td>H\u00f6he<\/td>\n<td>165cm<\/td>\n<\/tr>\n<tr>\n<td>Brust<\/td>\n<td>80cm<\/td>\n<\/tr>\n<tr>\n<td>Taille<\/td>\n<td>56cm<\/td>\n<\/tr>\n<tr>\n<td>H\u00fcfte<\/td>\n<td>89cm<\/td>\n<\/tr>\n<tr>\n<td>Schulter<\/td>\n<td>34cm<\/td>\n<\/tr>\n<tr>\n<td>Beinl\u00e4nge<\/td>\n<td>93cm<\/td>\n<\/tr>\n<tr>\n<td>Arml\u00e4nge<\/td>\n<td>67cm<\/td>\n<\/tr>\n<tr>\n<td>Fu\u00dfl\u00e4nge<\/td>\n<td>23cm<\/td>\n<\/tr>\n<tr>\n<td>Reingewicht<\/td>\n<td>38 kg<\/td>\n<\/tr>\n<tr>\n<td>M\u00fcndliche Tiefe<\/td>\n<td>12cm<\/td>\n<\/tr>\n<tr>\n<td>Vaginale Tiefe<\/td>\n<td>22cm<\/td>\n<\/tr>\n<tr>\n<td>Anale Tiefe<\/td>\n<td>18cm<\/td>\n<\/tr>\n<\/tbody>\n<\/table>\n<h4>\u00dcber die Sexpuppe<\/h4>\n<p>Mit der zunehmenden Technologie, die in das Sexpuppengesch\u00e4ft eingef\u00fchrt wird, ist die animatronische Sexpuppe hier, um die Oberhand zu gewinnen, wenn man bedenkt, dass ihr k\u00fcnstliche Intelligenz hinzugef\u00fcgt wird, um Ihr Sexerlebnis noch besser zu machen und Ihnen das Gef\u00fchl zu geben, mit dabei zu sein Eine echte Frau, die W\u00e4rme ihres K\u00f6rpers, die rhythmischen Bewegungen, denen sie folgt, wenn du einen guten Fick mit ihr hast. Die Latex-Fickpuppen werden von den Herstellern aus den hochwertigsten Materialien hergestellt. Ob nat\u00fcrlich oder synthetisch, diese Materialien sind sicher und haben keine Nebenwirkungen auf Ihre Gesundheit, sodass Sie in Ruhe die sch\u00f6ne Puppe ficken und sie wie verr\u00fcckt ficken k\u00f6nnen.<\/p>\n<p>Tats\u00e4chlich sorgt die 4chan-Sexpuppe online f\u00fcr viele Kontroversen dar\u00fcber, wie gut sie ist. Sie sollten es auch ausprobieren und sehen, wie gut eine Liebespuppe ist. Es gibt auch die besten asiatischen Puppenbilder, die Sie bewerten k\u00f6nnen.<\/p>","protected":false},"excerpt":{"rendered":"<p>Sexpuppenbilder Gr\u00f6\u00dfentabellen Material TPE H\u00f6he 165 cm Brust 80 cm Taille 56 cm H\u00fcfte 89 cm Schulter 34 cm Beinl\u00e4nge 93 cm<\/p>","protected":false},"featured_media":22272,"comment_status":"open","ping_status":"closed","template":"","meta":[],"product_brand":[],"product_cat":[75,230,80,100,107,117,119],"product_tag":[],"class_list":{"0":"post-22271","1":"product","2":"type-product","3":"status-publish","4":"has-post-thumbnail","6":"product_cat-160cm-170cm-sex-dolls","7":"product_cat-36kg-40kg","8":"product_cat-asian-sex-doll","9":"product_cat-lifelike-love-dolls","10":"product_cat-skinny-sex-dolls","11":"product_cat-small-breast-sex-doll","12":"product_cat-tpe-sex-doll","13":"pa_brand-hr-doll","14":"tm-has-options","16":"first","17":"instock","18":"sale","19":"shipping-taxable","20":"purchasable","21":"product-type-simple"},"_links":{"self":[{"href":"https:\/\/zxdoll.com\/de\/wp-json\/wp\/v2\/product\/22271","targetHints":{"allow":["GET"]}}],"collection":[{"href":"https:\/\/zxdoll.com\/de\/wp-json\/wp\/v2\/product"}],"about":[{"href":"https:\/\/zxdoll.com\/de\/wp-json\/wp\/v2\/types\/product"}],"replies":[{"embeddable":true,"href":"https:\/\/zxdoll.com\/de\/wp-json\/wp\/v2\/comments?post=22271"}],"version-history":[{"count":1,"href":"https:\/\/zxdoll.com\/de\/wp-json\/wp\/v2\/product\/22271\/revisions"}],"predecessor-version":[{"id":101219,"href":"https:\/\/zxdoll.com\/de\/wp-json\/wp\/v2\/product\/22271\/revisions\/101219"}],"wp:featuredmedia":[{"embeddable":true,"href":"https:\/\/zxdoll.com\/de\/wp-json\/wp\/v2\/media\/22272"}],"wp:attachment":[{"href":"https:\/\/zxdoll.com\/de\/wp-json\/wp\/v2\/media?parent=22271"}],"wp:term":[{"taxonomy":"product_brand","embeddable":true,"href":"https:\/\/zxdoll.com\/de\/wp-json\/wp\/v2\/product_brand?post=22271"},{"taxonomy":"product_cat","embeddable":true,"href":"https:\/\/zxdoll.com\/de\/wp-json\/wp\/v2\/product_cat?post=22271"},{"taxonomy":"product_tag","embeddable":true,"href":"https:\/\/zxdoll.com\/de\/wp-json\/wp\/v2\/product_tag?post=22271"}],"curies":[{"name":"wp","href":"https:\/\/api.w.org\/{rel}","templated":true}]}}