{"id":21910,"date":"2023-03-11T03:53:12","date_gmt":"2023-03-10T19:53:12","guid":{"rendered":"https:\/\/zxdoll.com\/?post_type=product&#038;p=21910"},"modified":"2025-09-10T23:28:21","modified_gmt":"2025-09-10T15:28:21","slug":"real-carved-pussy-wonderful-sex-doll","status":"publish","type":"product","link":"https:\/\/zxdoll.com\/de\/product\/real-carved-pussy-wonderful-sex-doll\/","title":{"rendered":"Echte geschnitzte Muschi Wunderbare Sexpuppe Xochitl 161cm"},"content":{"rendered":"<h4><strong>Bilder von Sexpuppen<\/strong><\/h4>\n\t                <ul class=\"easy-image-gallery thumbnails-20 linked\">\r\n                    <li><a data-fancybox=\"gallery379\" href=\"https:\/\/zxdoll.com\/wp-content\/uploads\/2023\/03\/life-size-doll-head-s2ui1-533x800.jpg\" class=\"eig-popup\" title=\"\" data-caption=\"\" target=\"_blank\"><i class=\"icon-view\"><\/i><span class=\"overlay\"><\/span><img decoding=\"async\" width=\"150\" height=\"150\" src=\"https:\/\/zxdoll.com\/wp-content\/uploads\/2023\/03\/life-size-doll-head-s2ui1-150x150.jpg\" class=\"attachment-thumbnail size-thumbnail\" alt=\"\" title=\"\"><\/a><\/li><li><a data-fancybox=\"gallery379\" href=\"https:\/\/zxdoll.com\/wp-content\/uploads\/2023\/03\/life-size-doll-head-s2ui2-1-533x800.jpg\" class=\"eig-popup\" title=\"\" data-caption=\"\" target=\"_blank\"><i class=\"icon-view\"><\/i><span class=\"overlay\"><\/span><img decoding=\"async\" width=\"150\" height=\"150\" src=\"https:\/\/zxdoll.com\/wp-content\/uploads\/2023\/03\/life-size-doll-head-s2ui2-1-150x150.jpg\" class=\"attachment-thumbnail size-thumbnail\" alt=\"\" title=\"\"><\/a><\/li><li><a data-fancybox=\"gallery379\" href=\"https:\/\/zxdoll.com\/wp-content\/uploads\/2023\/03\/life-size-doll-head-s2ui3-533x800.jpg\" class=\"eig-popup\" title=\"\" data-caption=\"\" target=\"_blank\"><i class=\"icon-view\"><\/i><span class=\"overlay\"><\/span><img decoding=\"async\" width=\"150\" height=\"150\" src=\"https:\/\/zxdoll.com\/wp-content\/uploads\/2023\/03\/life-size-doll-head-s2ui3-150x150.jpg\" class=\"attachment-thumbnail size-thumbnail\" alt=\"\" title=\"\"><\/a><\/li><li><a data-fancybox=\"gallery379\" href=\"https:\/\/zxdoll.com\/wp-content\/uploads\/2023\/03\/life-size-doll-head-s2ui4-533x800.jpg\" class=\"eig-popup\" title=\"\" data-caption=\"\" target=\"_blank\"><i class=\"icon-view\"><\/i><span class=\"overlay\"><\/span><img loading=\"lazy\" decoding=\"async\" width=\"150\" height=\"150\" src=\"https:\/\/zxdoll.com\/wp-content\/uploads\/2023\/03\/life-size-doll-head-s2ui4-150x150.jpg\" class=\"attachment-thumbnail size-thumbnail\" alt=\"\" title=\"\"><\/a><\/li><li><a data-fancybox=\"gallery379\" href=\"https:\/\/zxdoll.com\/wp-content\/uploads\/2023\/03\/life-size-doll-head-s2ui5-544x800.jpg\" class=\"eig-popup\" title=\"\" data-caption=\"\" target=\"_blank\"><i class=\"icon-view\"><\/i><span class=\"overlay\"><\/span><img loading=\"lazy\" decoding=\"async\" width=\"150\" height=\"150\" src=\"https:\/\/zxdoll.com\/wp-content\/uploads\/2023\/03\/life-size-doll-head-s2ui5-150x150.jpg\" class=\"attachment-thumbnail size-thumbnail\" alt=\"\" title=\"\"><\/a><\/li><li><a data-fancybox=\"gallery379\" href=\"https:\/\/zxdoll.com\/wp-content\/uploads\/2023\/03\/life-size-doll-head-s2ui6-533x800.jpg\" class=\"eig-popup\" title=\"\" data-caption=\"\" target=\"_blank\"><i class=\"icon-view\"><\/i><span class=\"overlay\"><\/span><img loading=\"lazy\" decoding=\"async\" width=\"150\" height=\"150\" src=\"https:\/\/zxdoll.com\/wp-content\/uploads\/2023\/03\/life-size-doll-head-s2ui6-150x150.jpg\" class=\"attachment-thumbnail size-thumbnail\" alt=\"\" title=\"\"><\/a><\/li><li><a data-fancybox=\"gallery379\" href=\"https:\/\/zxdoll.com\/wp-content\/uploads\/2023\/03\/life-size-doll-head-s2ui7-533x800.jpg\" class=\"eig-popup\" title=\"\" data-caption=\"\" target=\"_blank\"><i class=\"icon-view\"><\/i><span class=\"overlay\"><\/span><img loading=\"lazy\" decoding=\"async\" width=\"150\" height=\"150\" src=\"https:\/\/zxdoll.com\/wp-content\/uploads\/2023\/03\/life-size-doll-head-s2ui7-150x150.jpg\" class=\"attachment-thumbnail size-thumbnail\" alt=\"\" title=\"\"><\/a><\/li><li><a data-fancybox=\"gallery379\" href=\"https:\/\/zxdoll.com\/wp-content\/uploads\/2023\/03\/life-size-doll-head-s2ui8-533x800.jpg\" class=\"eig-popup\" title=\"\" data-caption=\"\" target=\"_blank\"><i class=\"icon-view\"><\/i><span class=\"overlay\"><\/span><img loading=\"lazy\" decoding=\"async\" width=\"150\" height=\"150\" src=\"https:\/\/zxdoll.com\/wp-content\/uploads\/2023\/03\/life-size-doll-head-s2ui8-150x150.jpg\" class=\"attachment-thumbnail size-thumbnail\" alt=\"\" title=\"\"><\/a><\/li><li><a data-fancybox=\"gallery379\" href=\"https:\/\/zxdoll.com\/wp-content\/uploads\/2023\/03\/life-size-doll-head-s2ui9.jpg\" class=\"eig-popup\" title=\"\" data-caption=\"\" target=\"_blank\"><i class=\"icon-view\"><\/i><span class=\"overlay\"><\/span><img loading=\"lazy\" decoding=\"async\" width=\"150\" height=\"150\" src=\"https:\/\/zxdoll.com\/wp-content\/uploads\/2023\/03\/life-size-doll-head-s2ui9-150x150.jpg\" class=\"attachment-thumbnail size-thumbnail\" alt=\"\" title=\"\"><\/a><\/li><li><a data-fancybox=\"gallery379\" href=\"https:\/\/zxdoll.com\/wp-content\/uploads\/2023\/03\/life-size-doll-head-s2ui10-533x800.jpg\" class=\"eig-popup\" title=\"\" data-caption=\"\" target=\"_blank\"><i class=\"icon-view\"><\/i><span class=\"overlay\"><\/span><img loading=\"lazy\" decoding=\"async\" width=\"150\" height=\"150\" src=\"https:\/\/zxdoll.com\/wp-content\/uploads\/2023\/03\/life-size-doll-head-s2ui10-150x150.jpg\" class=\"attachment-thumbnail size-thumbnail\" alt=\"\" title=\"\"><\/a><\/li><li><a data-fancybox=\"gallery379\" href=\"https:\/\/zxdoll.com\/wp-content\/uploads\/2023\/03\/life-size-doll-head-s2ui11-533x800.jpg\" class=\"eig-popup\" title=\"\" data-caption=\"\" target=\"_blank\"><i class=\"icon-view\"><\/i><span class=\"overlay\"><\/span><img loading=\"lazy\" decoding=\"async\" width=\"150\" height=\"150\" src=\"https:\/\/zxdoll.com\/wp-content\/uploads\/2023\/03\/life-size-doll-head-s2ui11-150x150.jpg\" class=\"attachment-thumbnail size-thumbnail\" alt=\"\" title=\"\"><\/a><\/li><li><a data-fancybox=\"gallery379\" href=\"https:\/\/zxdoll.com\/wp-content\/uploads\/2023\/03\/life-size-doll-head-s2ui12-533x800.jpg\" class=\"eig-popup\" title=\"\" data-caption=\"\" target=\"_blank\"><i class=\"icon-view\"><\/i><span class=\"overlay\"><\/span><img loading=\"lazy\" decoding=\"async\" width=\"150\" height=\"150\" src=\"https:\/\/zxdoll.com\/wp-content\/uploads\/2023\/03\/life-size-doll-head-s2ui12-150x150.jpg\" class=\"attachment-thumbnail size-thumbnail\" alt=\"\" title=\"\"><\/a><\/li><li><a data-fancybox=\"gallery379\" href=\"https:\/\/zxdoll.com\/wp-content\/uploads\/2023\/03\/life-size-doll-head-s2ui13-533x800.jpg\" class=\"eig-popup\" title=\"\" data-caption=\"\" target=\"_blank\"><i class=\"icon-view\"><\/i><span class=\"overlay\"><\/span><img loading=\"lazy\" decoding=\"async\" width=\"150\" height=\"150\" src=\"https:\/\/zxdoll.com\/wp-content\/uploads\/2023\/03\/life-size-doll-head-s2ui13-150x150.jpg\" class=\"attachment-thumbnail size-thumbnail\" alt=\"\" title=\"\"><\/a><\/li><li><a data-fancybox=\"gallery379\" href=\"https:\/\/zxdoll.com\/wp-content\/uploads\/2023\/03\/life-size-doll-head-s2ui14-533x800.jpg\" class=\"eig-popup\" title=\"\" data-caption=\"\" target=\"_blank\"><i class=\"icon-view\"><\/i><span class=\"overlay\"><\/span><img loading=\"lazy\" decoding=\"async\" width=\"150\" height=\"150\" src=\"https:\/\/zxdoll.com\/wp-content\/uploads\/2023\/03\/life-size-doll-head-s2ui14-150x150.jpg\" class=\"attachment-thumbnail size-thumbnail\" alt=\"\" title=\"\"><\/a><\/li><li><a data-fancybox=\"gallery379\" href=\"https:\/\/zxdoll.com\/wp-content\/uploads\/2023\/03\/life-size-doll-head-s2ui15-533x800.jpg\" class=\"eig-popup\" title=\"\" data-caption=\"\" target=\"_blank\"><i class=\"icon-view\"><\/i><span class=\"overlay\"><\/span><img loading=\"lazy\" decoding=\"async\" width=\"150\" height=\"150\" src=\"https:\/\/zxdoll.com\/wp-content\/uploads\/2023\/03\/life-size-doll-head-s2ui15-150x150.jpg\" class=\"attachment-thumbnail size-thumbnail\" alt=\"\" title=\"\"><\/a><\/li><li><a data-fancybox=\"gallery379\" href=\"https:\/\/zxdoll.com\/wp-content\/uploads\/2023\/03\/life-size-doll-head-s2ui16-533x800.jpg\" class=\"eig-popup\" title=\"\" data-caption=\"\" target=\"_blank\"><i class=\"icon-view\"><\/i><span class=\"overlay\"><\/span><img loading=\"lazy\" decoding=\"async\" width=\"150\" height=\"150\" src=\"https:\/\/zxdoll.com\/wp-content\/uploads\/2023\/03\/life-size-doll-head-s2ui16-150x150.jpg\" class=\"attachment-thumbnail size-thumbnail\" alt=\"\" title=\"\"><\/a><\/li><li><a data-fancybox=\"gallery379\" href=\"https:\/\/zxdoll.com\/wp-content\/uploads\/2023\/03\/life-size-doll-head-s2ui17-533x800.jpg\" class=\"eig-popup\" title=\"\" data-caption=\"\" target=\"_blank\"><i class=\"icon-view\"><\/i><span class=\"overlay\"><\/span><img loading=\"lazy\" decoding=\"async\" width=\"150\" height=\"150\" src=\"https:\/\/zxdoll.com\/wp-content\/uploads\/2023\/03\/life-size-doll-head-s2ui17-150x150.jpg\" class=\"attachment-thumbnail size-thumbnail\" alt=\"\" title=\"\"><\/a><\/li><li><a data-fancybox=\"gallery379\" href=\"https:\/\/zxdoll.com\/wp-content\/uploads\/2023\/03\/life-size-doll-head-s2ui18.jpg\" class=\"eig-popup\" title=\"\" data-caption=\"\" target=\"_blank\"><i class=\"icon-view\"><\/i><span class=\"overlay\"><\/span><img loading=\"lazy\" decoding=\"async\" width=\"150\" height=\"150\" src=\"https:\/\/zxdoll.com\/wp-content\/uploads\/2023\/03\/life-size-doll-head-s2ui18-150x150.jpg\" class=\"attachment-thumbnail size-thumbnail\" alt=\"\" title=\"\"><\/a><\/li><li><a data-fancybox=\"gallery379\" href=\"https:\/\/zxdoll.com\/wp-content\/uploads\/2023\/03\/life-size-doll-head-s2ui19-533x800.jpg\" class=\"eig-popup\" title=\"\" data-caption=\"\" target=\"_blank\"><i class=\"icon-view\"><\/i><span class=\"overlay\"><\/span><img loading=\"lazy\" decoding=\"async\" width=\"150\" height=\"150\" src=\"https:\/\/zxdoll.com\/wp-content\/uploads\/2023\/03\/life-size-doll-head-s2ui19-150x150.jpg\" class=\"attachment-thumbnail size-thumbnail\" alt=\"\" title=\"\"><\/a><\/li><li><a data-fancybox=\"gallery379\" href=\"https:\/\/zxdoll.com\/wp-content\/uploads\/2023\/03\/life-size-doll-head-s2ui20-533x800.jpg\" class=\"eig-popup\" title=\"\" data-caption=\"\" target=\"_blank\"><i class=\"icon-view\"><\/i><span class=\"overlay\"><\/span><img loading=\"lazy\" decoding=\"async\" width=\"150\" height=\"150\" src=\"https:\/\/zxdoll.com\/wp-content\/uploads\/2023\/03\/life-size-doll-head-s2ui20-150x150.jpg\" class=\"attachment-thumbnail size-thumbnail\" alt=\"\" title=\"\"><\/a><\/li><\/ul>\n<h4>Gr\u00f6\u00dfentabellen<\/h4>\n<table width=\"300\">\n<tbody>\n<tr>\n<td width=\"130\">Material<\/td>\n<td width=\"170\">Silikonkopf + TPE-K\u00f6rper<\/td>\n<\/tr>\n<tr>\n<td>H\u00f6he<\/td>\n<td>161cm<\/td>\n<\/tr>\n<tr>\n<td>Brust<\/td>\n<td>90cm<\/td>\n<\/tr>\n<tr>\n<td>Taille<\/td>\n<td>62cm<\/td>\n<\/tr>\n<tr>\n<td>H\u00fcfte<\/td>\n<td>90cm<\/td>\n<\/tr>\n<tr>\n<td>Schulter<\/td>\n<td>37cm<\/td>\n<\/tr>\n<tr>\n<td>Beinl\u00e4nge<\/td>\n<td>82cm<\/td>\n<\/tr>\n<tr>\n<td>Arml\u00e4nge<\/td>\n<td>60cm<\/td>\n<\/tr>\n<tr>\n<td>Fu\u00dfl\u00e4nge<\/td>\n<td>21cm<\/td>\n<\/tr>\n<tr>\n<td>Reingewicht<\/td>\n<td>42 kg<\/td>\n<\/tr>\n<tr>\n<td>M\u00fcndliche Tiefe<\/td>\n<td>12cm<\/td>\n<\/tr>\n<tr>\n<td>Vaginale Tiefe<\/td>\n<td>22cm<\/td>\n<\/tr>\n<tr>\n<td>Anale Tiefe<\/td>\n<td>18cm<\/td>\n<\/tr>\n<\/tbody>\n<\/table>\n<h4>\u00dcber die Sexpuppe<\/h4>\n<p>Hei\u00df in die Muschi Ihrer Sexpuppe zu gehen, ist eine gro\u00dfartige M\u00f6glichkeit, Vergn\u00fcgen zu haben, aber was ist, wenn Sie diese Wichse auf ihr Gesicht entleeren, um ihr eine wunderbare Sexpuppen-Gesichtsbehandlung zu geben? Die einzige Grenze, die Sie mit Ihrer echten Sexpuppe haben, ist Ihre Vorstellungskraft. So weit und wild Ihre Vorstellungskraft sein kann, so k\u00f6nnen auch Ihre sexuellen Aktivit\u00e4ten mit der Sexpuppe sein. Sie k\u00f6nnten Ihre eigene sch\u00f6ne Sammlung eines Muschipuppenpalastes besitzen, in dem Sie eine gro\u00dfe Auswahl an Sexpuppensammlungen haben.<\/p>\n<p>Ein Sammler von Sexpuppen zu sein, ist eigentlich etwas, womit man sich besch\u00e4ftigen und dabei Spa\u00df haben kann. Die TPE-Sexpuppe besteht aus den hochwertigsten Materialien, geschnitzt und modelliert vom besten Hersteller, der sich die Zeit nimmt, jedes winzige St\u00fcck bis ins kleinste Detail zu gestalten, damit Sie die besten Sexabenteuer erleben k\u00f6nnen.<\/p>\n<p>Entweder Sie fangen an, Ihre eigenen Sexpuppenclips zu machen, um andere Menschen zu begeistern und sich \u00fcber die Welt zu erheben, oder Sie k\u00f6nnten anderen dabei zusehen. In jedem Fall z\u00e4hlt Ihre Zufriedenheit, und es w\u00e4re besser, wenn Sie eine f\u00fcr sich alleine h\u00e4tten. Es gibt eine ganze Menge Sexpuppenvideos, die Sie sich ansehen k\u00f6nnen, um die Sexpuppe zu beherrschen.<\/p>","protected":false},"excerpt":{"rendered":"<p>Sexpuppenbilder Gr\u00f6\u00dfentabellen Material Silikon Kopf + TPE K\u00f6rpergr\u00f6\u00dfe 161 cm Brust 90 cm Taille 62 cm H\u00fcfte 90 cm Schulter 37 cm Bein<\/p>","protected":false},"featured_media":21917,"comment_status":"open","ping_status":"closed","template":"","meta":[],"product_brand":[],"product_cat":[75,231,77,116,192,107,226],"product_tag":[],"class_list":{"0":"post-21910","1":"product","2":"type-product","3":"status-publish","4":"has-post-thumbnail","6":"product_cat-160cm-170cm-sex-dolls","7":"product_cat-41kg-45kg","8":"product_cat-bbw-sex-doll","9":"product_cat-big-boobs-sex-doll","10":"product_cat-hybrid-doll","11":"product_cat-skinny-sex-dolls","12":"product_cat-synthetic-sex-doll","13":"pa_brand-hr-doll","14":"tm-has-options","16":"first","17":"instock","18":"sale","19":"shipping-taxable","20":"purchasable","21":"product-type-simple"},"_links":{"self":[{"href":"https:\/\/zxdoll.com\/de\/wp-json\/wp\/v2\/product\/21910","targetHints":{"allow":["GET"]}}],"collection":[{"href":"https:\/\/zxdoll.com\/de\/wp-json\/wp\/v2\/product"}],"about":[{"href":"https:\/\/zxdoll.com\/de\/wp-json\/wp\/v2\/types\/product"}],"replies":[{"embeddable":true,"href":"https:\/\/zxdoll.com\/de\/wp-json\/wp\/v2\/comments?post=21910"}],"version-history":[{"count":1,"href":"https:\/\/zxdoll.com\/de\/wp-json\/wp\/v2\/product\/21910\/revisions"}],"predecessor-version":[{"id":154739,"href":"https:\/\/zxdoll.com\/de\/wp-json\/wp\/v2\/product\/21910\/revisions\/154739"}],"wp:featuredmedia":[{"embeddable":true,"href":"https:\/\/zxdoll.com\/de\/wp-json\/wp\/v2\/media\/21917"}],"wp:attachment":[{"href":"https:\/\/zxdoll.com\/de\/wp-json\/wp\/v2\/media?parent=21910"}],"wp:term":[{"taxonomy":"product_brand","embeddable":true,"href":"https:\/\/zxdoll.com\/de\/wp-json\/wp\/v2\/product_brand?post=21910"},{"taxonomy":"product_cat","embeddable":true,"href":"https:\/\/zxdoll.com\/de\/wp-json\/wp\/v2\/product_cat?post=21910"},{"taxonomy":"product_tag","embeddable":true,"href":"https:\/\/zxdoll.com\/de\/wp-json\/wp\/v2\/product_tag?post=21910"}],"curies":[{"name":"wp","href":"https:\/\/api.w.org\/{rel}","templated":true}]}}