{"id":187173,"date":"2025-08-22T00:17:30","date_gmt":"2025-08-21T16:17:30","guid":{"rendered":"https:\/\/zxdoll.com\/?post_type=product&#038;p=187173"},"modified":"2025-09-03T02:48:21","modified_gmt":"2025-09-02T18:48:21","slug":"lesbian-tribes-with-sex-doll","status":"publish","type":"product","link":"https:\/\/zxdoll.com\/de\/product\/lesbian-tribes-with-sex-doll\/","title":{"rendered":"Lesbian Tribes With Sex Doll Constance 165cm"},"content":{"rendered":"<h4><strong>Bilder von Sexpuppen<\/strong><\/h4>\n\t                <ul class=\"easy-image-gallery thumbnails-9 linked\">\r\n                    <li><a data-fancybox=\"gallery364\" href=\"https:\/\/zxdoll.com\/wp-content\/uploads\/2025\/08\/sex-doll-brittany-gFl98p1-800x800.jpg\" class=\"eig-popup\" title=\"\" data-caption=\"\" target=\"_blank\"><i class=\"icon-view\"><\/i><span class=\"overlay\"><\/span><img decoding=\"async\" width=\"150\" height=\"150\" src=\"https:\/\/zxdoll.com\/wp-content\/uploads\/2025\/08\/sex-doll-brittany-gFl98p1-150x150.jpg\" class=\"attachment-thumbnail size-thumbnail\" alt=\"\" srcset=\"https:\/\/zxdoll.com\/wp-content\/uploads\/2025\/08\/sex-doll-brittany-gFl98p1-150x150.jpg 150w, https:\/\/zxdoll.com\/wp-content\/uploads\/2025\/08\/sex-doll-brittany-gFl98p1-300x300.jpg 300w, https:\/\/zxdoll.com\/wp-content\/uploads\/2025\/08\/sex-doll-brittany-gFl98p1-800x800.jpg 800w, https:\/\/zxdoll.com\/wp-content\/uploads\/2025\/08\/sex-doll-brittany-gFl98p1-768x768.jpg 768w, https:\/\/zxdoll.com\/wp-content\/uploads\/2025\/08\/sex-doll-brittany-gFl98p1-12x12.jpg 12w, https:\/\/zxdoll.com\/wp-content\/uploads\/2025\/08\/sex-doll-brittany-gFl98p1-430x430.jpg 430w, https:\/\/zxdoll.com\/wp-content\/uploads\/2025\/08\/sex-doll-brittany-gFl98p1-700x700.jpg 700w, https:\/\/zxdoll.com\/wp-content\/uploads\/2025\/08\/sex-doll-brittany-gFl98p1.jpg 1000w\" sizes=\"(max-width: 150px) 100vw, 150px\" title=\"\"><\/a><\/li><li><a data-fancybox=\"gallery364\" href=\"https:\/\/zxdoll.com\/wp-content\/uploads\/2025\/08\/sex-doll-brittany-gFl98p2-800x800.jpg\" class=\"eig-popup\" title=\"\" data-caption=\"\" target=\"_blank\"><i class=\"icon-view\"><\/i><span class=\"overlay\"><\/span><img decoding=\"async\" width=\"150\" height=\"150\" src=\"https:\/\/zxdoll.com\/wp-content\/uploads\/2025\/08\/sex-doll-brittany-gFl98p2-150x150.jpg\" class=\"attachment-thumbnail size-thumbnail\" alt=\"\" srcset=\"https:\/\/zxdoll.com\/wp-content\/uploads\/2025\/08\/sex-doll-brittany-gFl98p2-150x150.jpg 150w, https:\/\/zxdoll.com\/wp-content\/uploads\/2025\/08\/sex-doll-brittany-gFl98p2-300x300.jpg 300w, https:\/\/zxdoll.com\/wp-content\/uploads\/2025\/08\/sex-doll-brittany-gFl98p2-800x800.jpg 800w, https:\/\/zxdoll.com\/wp-content\/uploads\/2025\/08\/sex-doll-brittany-gFl98p2-768x768.jpg 768w, https:\/\/zxdoll.com\/wp-content\/uploads\/2025\/08\/sex-doll-brittany-gFl98p2-12x12.jpg 12w, https:\/\/zxdoll.com\/wp-content\/uploads\/2025\/08\/sex-doll-brittany-gFl98p2-430x430.jpg 430w, https:\/\/zxdoll.com\/wp-content\/uploads\/2025\/08\/sex-doll-brittany-gFl98p2-700x700.jpg 700w, https:\/\/zxdoll.com\/wp-content\/uploads\/2025\/08\/sex-doll-brittany-gFl98p2.jpg 1000w\" sizes=\"(max-width: 150px) 100vw, 150px\" title=\"\"><\/a><\/li><li><a data-fancybox=\"gallery364\" href=\"https:\/\/zxdoll.com\/wp-content\/uploads\/2025\/08\/sex-doll-brittany-gFl98p3-800x800.jpg\" class=\"eig-popup\" title=\"\" data-caption=\"\" target=\"_blank\"><i class=\"icon-view\"><\/i><span class=\"overlay\"><\/span><img decoding=\"async\" width=\"150\" height=\"150\" src=\"https:\/\/zxdoll.com\/wp-content\/uploads\/2025\/08\/sex-doll-brittany-gFl98p3-150x150.jpg\" class=\"attachment-thumbnail size-thumbnail\" alt=\"\" srcset=\"https:\/\/zxdoll.com\/wp-content\/uploads\/2025\/08\/sex-doll-brittany-gFl98p3-150x150.jpg 150w, https:\/\/zxdoll.com\/wp-content\/uploads\/2025\/08\/sex-doll-brittany-gFl98p3-300x300.jpg 300w, https:\/\/zxdoll.com\/wp-content\/uploads\/2025\/08\/sex-doll-brittany-gFl98p3-800x800.jpg 800w, https:\/\/zxdoll.com\/wp-content\/uploads\/2025\/08\/sex-doll-brittany-gFl98p3-768x768.jpg 768w, https:\/\/zxdoll.com\/wp-content\/uploads\/2025\/08\/sex-doll-brittany-gFl98p3-12x12.jpg 12w, https:\/\/zxdoll.com\/wp-content\/uploads\/2025\/08\/sex-doll-brittany-gFl98p3-430x430.jpg 430w, https:\/\/zxdoll.com\/wp-content\/uploads\/2025\/08\/sex-doll-brittany-gFl98p3-700x700.jpg 700w, https:\/\/zxdoll.com\/wp-content\/uploads\/2025\/08\/sex-doll-brittany-gFl98p3.jpg 1000w\" sizes=\"(max-width: 150px) 100vw, 150px\" title=\"\"><\/a><\/li><li><a data-fancybox=\"gallery364\" href=\"https:\/\/zxdoll.com\/wp-content\/uploads\/2025\/08\/sex-doll-brittany-gFl98p4-800x800.jpg\" class=\"eig-popup\" title=\"\" data-caption=\"\" target=\"_blank\"><i class=\"icon-view\"><\/i><span class=\"overlay\"><\/span><img loading=\"lazy\" decoding=\"async\" width=\"150\" height=\"150\" src=\"https:\/\/zxdoll.com\/wp-content\/uploads\/2025\/08\/sex-doll-brittany-gFl98p4-150x150.jpg\" class=\"attachment-thumbnail size-thumbnail\" alt=\"\" srcset=\"https:\/\/zxdoll.com\/wp-content\/uploads\/2025\/08\/sex-doll-brittany-gFl98p4-150x150.jpg 150w, https:\/\/zxdoll.com\/wp-content\/uploads\/2025\/08\/sex-doll-brittany-gFl98p4-300x300.jpg 300w, https:\/\/zxdoll.com\/wp-content\/uploads\/2025\/08\/sex-doll-brittany-gFl98p4-800x800.jpg 800w, https:\/\/zxdoll.com\/wp-content\/uploads\/2025\/08\/sex-doll-brittany-gFl98p4-768x768.jpg 768w, https:\/\/zxdoll.com\/wp-content\/uploads\/2025\/08\/sex-doll-brittany-gFl98p4-12x12.jpg 12w, https:\/\/zxdoll.com\/wp-content\/uploads\/2025\/08\/sex-doll-brittany-gFl98p4-430x430.jpg 430w, https:\/\/zxdoll.com\/wp-content\/uploads\/2025\/08\/sex-doll-brittany-gFl98p4-700x700.jpg 700w, https:\/\/zxdoll.com\/wp-content\/uploads\/2025\/08\/sex-doll-brittany-gFl98p4.jpg 1000w\" sizes=\"(max-width: 150px) 100vw, 150px\" title=\"\"><\/a><\/li><li><a data-fancybox=\"gallery364\" href=\"https:\/\/zxdoll.com\/wp-content\/uploads\/2025\/08\/sex-doll-brittany-gFl98p5-800x800.jpg\" class=\"eig-popup\" title=\"\" data-caption=\"\" target=\"_blank\"><i class=\"icon-view\"><\/i><span class=\"overlay\"><\/span><img loading=\"lazy\" decoding=\"async\" width=\"150\" height=\"150\" src=\"https:\/\/zxdoll.com\/wp-content\/uploads\/2025\/08\/sex-doll-brittany-gFl98p5-150x150.jpg\" class=\"attachment-thumbnail size-thumbnail\" alt=\"\" srcset=\"https:\/\/zxdoll.com\/wp-content\/uploads\/2025\/08\/sex-doll-brittany-gFl98p5-150x150.jpg 150w, https:\/\/zxdoll.com\/wp-content\/uploads\/2025\/08\/sex-doll-brittany-gFl98p5-300x300.jpg 300w, https:\/\/zxdoll.com\/wp-content\/uploads\/2025\/08\/sex-doll-brittany-gFl98p5-800x800.jpg 800w, https:\/\/zxdoll.com\/wp-content\/uploads\/2025\/08\/sex-doll-brittany-gFl98p5-768x768.jpg 768w, https:\/\/zxdoll.com\/wp-content\/uploads\/2025\/08\/sex-doll-brittany-gFl98p5-12x12.jpg 12w, https:\/\/zxdoll.com\/wp-content\/uploads\/2025\/08\/sex-doll-brittany-gFl98p5-430x430.jpg 430w, https:\/\/zxdoll.com\/wp-content\/uploads\/2025\/08\/sex-doll-brittany-gFl98p5-700x700.jpg 700w, https:\/\/zxdoll.com\/wp-content\/uploads\/2025\/08\/sex-doll-brittany-gFl98p5.jpg 1000w\" sizes=\"(max-width: 150px) 100vw, 150px\" title=\"\"><\/a><\/li><li><a data-fancybox=\"gallery364\" href=\"https:\/\/zxdoll.com\/wp-content\/uploads\/2025\/08\/sex-doll-brittany-gFl98p6-800x800.jpg\" class=\"eig-popup\" title=\"\" data-caption=\"\" target=\"_blank\"><i class=\"icon-view\"><\/i><span class=\"overlay\"><\/span><img loading=\"lazy\" decoding=\"async\" width=\"150\" height=\"150\" src=\"https:\/\/zxdoll.com\/wp-content\/uploads\/2025\/08\/sex-doll-brittany-gFl98p6-150x150.jpg\" class=\"attachment-thumbnail size-thumbnail\" alt=\"\" srcset=\"https:\/\/zxdoll.com\/wp-content\/uploads\/2025\/08\/sex-doll-brittany-gFl98p6-150x150.jpg 150w, https:\/\/zxdoll.com\/wp-content\/uploads\/2025\/08\/sex-doll-brittany-gFl98p6-300x300.jpg 300w, https:\/\/zxdoll.com\/wp-content\/uploads\/2025\/08\/sex-doll-brittany-gFl98p6-800x800.jpg 800w, https:\/\/zxdoll.com\/wp-content\/uploads\/2025\/08\/sex-doll-brittany-gFl98p6-768x768.jpg 768w, https:\/\/zxdoll.com\/wp-content\/uploads\/2025\/08\/sex-doll-brittany-gFl98p6-12x12.jpg 12w, https:\/\/zxdoll.com\/wp-content\/uploads\/2025\/08\/sex-doll-brittany-gFl98p6-430x430.jpg 430w, https:\/\/zxdoll.com\/wp-content\/uploads\/2025\/08\/sex-doll-brittany-gFl98p6-700x700.jpg 700w, https:\/\/zxdoll.com\/wp-content\/uploads\/2025\/08\/sex-doll-brittany-gFl98p6.jpg 1000w\" sizes=\"(max-width: 150px) 100vw, 150px\" title=\"\"><\/a><\/li><li><a data-fancybox=\"gallery364\" href=\"https:\/\/zxdoll.com\/wp-content\/uploads\/2025\/08\/sex-doll-brittany-gFl98p7-800x800.jpg\" class=\"eig-popup\" title=\"\" data-caption=\"\" target=\"_blank\"><i class=\"icon-view\"><\/i><span class=\"overlay\"><\/span><img loading=\"lazy\" decoding=\"async\" width=\"150\" height=\"150\" src=\"https:\/\/zxdoll.com\/wp-content\/uploads\/2025\/08\/sex-doll-brittany-gFl98p7-150x150.jpg\" class=\"attachment-thumbnail size-thumbnail\" alt=\"\" srcset=\"https:\/\/zxdoll.com\/wp-content\/uploads\/2025\/08\/sex-doll-brittany-gFl98p7-150x150.jpg 150w, https:\/\/zxdoll.com\/wp-content\/uploads\/2025\/08\/sex-doll-brittany-gFl98p7-300x300.jpg 300w, https:\/\/zxdoll.com\/wp-content\/uploads\/2025\/08\/sex-doll-brittany-gFl98p7-800x800.jpg 800w, https:\/\/zxdoll.com\/wp-content\/uploads\/2025\/08\/sex-doll-brittany-gFl98p7-768x768.jpg 768w, https:\/\/zxdoll.com\/wp-content\/uploads\/2025\/08\/sex-doll-brittany-gFl98p7-12x12.jpg 12w, https:\/\/zxdoll.com\/wp-content\/uploads\/2025\/08\/sex-doll-brittany-gFl98p7-430x430.jpg 430w, https:\/\/zxdoll.com\/wp-content\/uploads\/2025\/08\/sex-doll-brittany-gFl98p7-700x700.jpg 700w, https:\/\/zxdoll.com\/wp-content\/uploads\/2025\/08\/sex-doll-brittany-gFl98p7.jpg 1000w\" sizes=\"(max-width: 150px) 100vw, 150px\" title=\"\"><\/a><\/li><li><a data-fancybox=\"gallery364\" href=\"https:\/\/zxdoll.com\/wp-content\/uploads\/2025\/08\/sex-doll-brittany-gFl98p8-800x800.jpg\" class=\"eig-popup\" title=\"\" data-caption=\"\" target=\"_blank\"><i class=\"icon-view\"><\/i><span class=\"overlay\"><\/span><img loading=\"lazy\" decoding=\"async\" width=\"150\" height=\"150\" src=\"https:\/\/zxdoll.com\/wp-content\/uploads\/2025\/08\/sex-doll-brittany-gFl98p8-150x150.jpg\" class=\"attachment-thumbnail size-thumbnail\" alt=\"\" srcset=\"https:\/\/zxdoll.com\/wp-content\/uploads\/2025\/08\/sex-doll-brittany-gFl98p8-150x150.jpg 150w, https:\/\/zxdoll.com\/wp-content\/uploads\/2025\/08\/sex-doll-brittany-gFl98p8-300x300.jpg 300w, https:\/\/zxdoll.com\/wp-content\/uploads\/2025\/08\/sex-doll-brittany-gFl98p8-800x800.jpg 800w, https:\/\/zxdoll.com\/wp-content\/uploads\/2025\/08\/sex-doll-brittany-gFl98p8-768x768.jpg 768w, https:\/\/zxdoll.com\/wp-content\/uploads\/2025\/08\/sex-doll-brittany-gFl98p8-12x12.jpg 12w, https:\/\/zxdoll.com\/wp-content\/uploads\/2025\/08\/sex-doll-brittany-gFl98p8-430x430.jpg 430w, https:\/\/zxdoll.com\/wp-content\/uploads\/2025\/08\/sex-doll-brittany-gFl98p8-700x700.jpg 700w, https:\/\/zxdoll.com\/wp-content\/uploads\/2025\/08\/sex-doll-brittany-gFl98p8.jpg 1000w\" sizes=\"(max-width: 150px) 100vw, 150px\" title=\"\"><\/a><\/li><li><a data-fancybox=\"gallery364\" href=\"https:\/\/zxdoll.com\/wp-content\/uploads\/2025\/08\/sex-doll-brittany-gFl98p9-800x800.jpg\" class=\"eig-popup\" title=\"\" data-caption=\"\" target=\"_blank\"><i class=\"icon-view\"><\/i><span class=\"overlay\"><\/span><img loading=\"lazy\" decoding=\"async\" width=\"150\" height=\"150\" src=\"https:\/\/zxdoll.com\/wp-content\/uploads\/2025\/08\/sex-doll-brittany-gFl98p9-150x150.jpg\" class=\"attachment-thumbnail size-thumbnail\" alt=\"\" srcset=\"https:\/\/zxdoll.com\/wp-content\/uploads\/2025\/08\/sex-doll-brittany-gFl98p9-150x150.jpg 150w, https:\/\/zxdoll.com\/wp-content\/uploads\/2025\/08\/sex-doll-brittany-gFl98p9-300x300.jpg 300w, https:\/\/zxdoll.com\/wp-content\/uploads\/2025\/08\/sex-doll-brittany-gFl98p9-800x800.jpg 800w, https:\/\/zxdoll.com\/wp-content\/uploads\/2025\/08\/sex-doll-brittany-gFl98p9-768x768.jpg 768w, https:\/\/zxdoll.com\/wp-content\/uploads\/2025\/08\/sex-doll-brittany-gFl98p9-12x12.jpg 12w, https:\/\/zxdoll.com\/wp-content\/uploads\/2025\/08\/sex-doll-brittany-gFl98p9-430x430.jpg 430w, https:\/\/zxdoll.com\/wp-content\/uploads\/2025\/08\/sex-doll-brittany-gFl98p9-700x700.jpg 700w, https:\/\/zxdoll.com\/wp-content\/uploads\/2025\/08\/sex-doll-brittany-gFl98p9.jpg 1000w\" sizes=\"(max-width: 150px) 100vw, 150px\" title=\"\"><\/a><\/li><\/ul>\n<h4>Gr\u00f6\u00dfentabellen<\/h4>\n<table width=\"334\">\n<tbody>\n<tr>\n<td width=\"145\">Material<\/td>\n<td width=\"189\">TPE<\/td>\n<\/tr>\n<tr>\n<td>H\u00f6he<\/td>\n<td>165cm<\/td>\n<\/tr>\n<tr>\n<td>Brust<\/td>\n<td>84cm<\/td>\n<\/tr>\n<tr>\n<td>Taille<\/td>\n<td>59cm<\/td>\n<\/tr>\n<tr>\n<td>H\u00fcfte<\/td>\n<td>87cm<\/td>\n<\/tr>\n<tr>\n<td>Beinl\u00e4nge<\/td>\n<td>85cm<\/td>\n<\/tr>\n<tr>\n<td>Fu\u00dfl\u00e4nge<\/td>\n<td>21cm<\/td>\n<\/tr>\n<tr>\n<td>Anale Tiefe<\/td>\n<td>17cm<\/td>\n<\/tr>\n<tr>\n<td>Penis<\/td>\n<td>18cm<\/td>\n<\/tr>\n<tr>\n<td>Reingewicht<\/td>\n<td>35 kg<\/td>\n<\/tr>\n<\/tbody>\n<\/table>\n<h4>\u00dcber die Sexpuppe<\/h4>\n<p>&nbsp;<\/p>","protected":false},"excerpt":{"rendered":"<p>Sexpuppenbilder Gr\u00f6\u00dfentabellen Material TPE H\u00f6he 165 cm Brust 84 cm Taille 59 cm H\u00fcfte 87 cm Beinl\u00e4nge 85 cm Fu\u00dfl\u00e4nge<\/p>","protected":false},"featured_media":187175,"comment_status":"open","ping_status":"closed","template":"","meta":[],"product_brand":[],"product_cat":[253,75,229,197,191,119],"product_tag":[],"class_list":{"0":"post-187173","1":"product","2":"type-product","3":"status-publish","4":"has-post-thumbnail","6":"product_cat-253","7":"product_cat-160cm-170cm-sex-dolls","8":"product_cat-31kg-35kg","9":"product_cat-gay-male-sex-doll","10":"product_cat-male-sex-doll","11":"product_cat-tpe-sex-doll","12":"tm-has-options","14":"first","15":"instock","16":"sale","17":"shipping-taxable","18":"purchasable","19":"product-type-simple"},"_links":{"self":[{"href":"https:\/\/zxdoll.com\/de\/wp-json\/wp\/v2\/product\/187173","targetHints":{"allow":["GET"]}}],"collection":[{"href":"https:\/\/zxdoll.com\/de\/wp-json\/wp\/v2\/product"}],"about":[{"href":"https:\/\/zxdoll.com\/de\/wp-json\/wp\/v2\/types\/product"}],"replies":[{"embeddable":true,"href":"https:\/\/zxdoll.com\/de\/wp-json\/wp\/v2\/comments?post=187173"}],"version-history":[{"count":2,"href":"https:\/\/zxdoll.com\/de\/wp-json\/wp\/v2\/product\/187173\/revisions"}],"predecessor-version":[{"id":187186,"href":"https:\/\/zxdoll.com\/de\/wp-json\/wp\/v2\/product\/187173\/revisions\/187186"}],"wp:featuredmedia":[{"embeddable":true,"href":"https:\/\/zxdoll.com\/de\/wp-json\/wp\/v2\/media\/187175"}],"wp:attachment":[{"href":"https:\/\/zxdoll.com\/de\/wp-json\/wp\/v2\/media?parent=187173"}],"wp:term":[{"taxonomy":"product_brand","embeddable":true,"href":"https:\/\/zxdoll.com\/de\/wp-json\/wp\/v2\/product_brand?post=187173"},{"taxonomy":"product_cat","embeddable":true,"href":"https:\/\/zxdoll.com\/de\/wp-json\/wp\/v2\/product_cat?post=187173"},{"taxonomy":"product_tag","embeddable":true,"href":"https:\/\/zxdoll.com\/de\/wp-json\/wp\/v2\/product_tag?post=187173"}],"curies":[{"name":"wp","href":"https:\/\/api.w.org\/{rel}","templated":true}]}}