{"id":183720,"date":"2024-09-27T01:44:50","date_gmt":"2024-09-26T17:44:50","guid":{"rendered":"https:\/\/zxdoll.com\/?post_type=product&#038;p=183720"},"modified":"2024-10-04T05:39:28","modified_gmt":"2024-10-03T21:39:28","slug":"sex-with-talking-sex-dol","status":"publish","type":"product","link":"https:\/\/zxdoll.com\/de\/product\/sex-with-talking-sex-dol\/","title":{"rendered":"Sex mit redendem Sex Dol Patrica 163cm"},"content":{"rendered":"<h4><strong>Bilder von Sexpuppen<\/strong><\/h4>\n\t                <ul class=\"easy-image-gallery thumbnails-13 linked\">\r\n                    <li><a data-fancybox=\"gallery639\" href=\"https:\/\/zxdoll.com\/wp-content\/uploads\/2024\/09\/sex-doll-wendy-tZj91w1.jpg\" class=\"eig-popup\" title=\"\" data-caption=\"\" target=\"_blank\"><i class=\"icon-view\"><\/i><span class=\"overlay\"><\/span><img decoding=\"async\" width=\"150\" height=\"150\" src=\"https:\/\/zxdoll.com\/wp-content\/uploads\/2024\/09\/sex-doll-wendy-tZj91w1-150x150.jpg\" class=\"attachment-thumbnail size-thumbnail\" alt=\"\" title=\"\"><\/a><\/li><li><a data-fancybox=\"gallery639\" href=\"https:\/\/zxdoll.com\/wp-content\/uploads\/2024\/09\/sex-doll-wendy-tZj91w2-533x800.jpg\" class=\"eig-popup\" title=\"\" data-caption=\"\" target=\"_blank\"><i class=\"icon-view\"><\/i><span class=\"overlay\"><\/span><img decoding=\"async\" width=\"150\" height=\"150\" src=\"https:\/\/zxdoll.com\/wp-content\/uploads\/2024\/09\/sex-doll-wendy-tZj91w2-150x150.jpg\" class=\"attachment-thumbnail size-thumbnail\" alt=\"\" title=\"\"><\/a><\/li><li><a data-fancybox=\"gallery639\" href=\"https:\/\/zxdoll.com\/wp-content\/uploads\/2024\/09\/sex-doll-wendy-tZj91w3-533x800.jpg\" class=\"eig-popup\" title=\"\" data-caption=\"\" target=\"_blank\"><i class=\"icon-view\"><\/i><span class=\"overlay\"><\/span><img decoding=\"async\" width=\"150\" height=\"150\" src=\"https:\/\/zxdoll.com\/wp-content\/uploads\/2024\/09\/sex-doll-wendy-tZj91w3-150x150.jpg\" class=\"attachment-thumbnail size-thumbnail\" alt=\"\" title=\"\"><\/a><\/li><li><a data-fancybox=\"gallery639\" href=\"https:\/\/zxdoll.com\/wp-content\/uploads\/2024\/09\/sex-doll-wendy-tZj91w4-533x800.jpg\" class=\"eig-popup\" title=\"\" data-caption=\"\" target=\"_blank\"><i class=\"icon-view\"><\/i><span class=\"overlay\"><\/span><img loading=\"lazy\" decoding=\"async\" width=\"150\" height=\"150\" src=\"https:\/\/zxdoll.com\/wp-content\/uploads\/2024\/09\/sex-doll-wendy-tZj91w4-150x150.jpg\" class=\"attachment-thumbnail size-thumbnail\" alt=\"\" title=\"\"><\/a><\/li><li><a data-fancybox=\"gallery639\" href=\"https:\/\/zxdoll.com\/wp-content\/uploads\/2024\/09\/sex-doll-wendy-tZj91w5-533x800.jpg\" class=\"eig-popup\" title=\"\" data-caption=\"\" target=\"_blank\"><i class=\"icon-view\"><\/i><span class=\"overlay\"><\/span><img loading=\"lazy\" decoding=\"async\" width=\"150\" height=\"150\" src=\"https:\/\/zxdoll.com\/wp-content\/uploads\/2024\/09\/sex-doll-wendy-tZj91w5-150x150.jpg\" class=\"attachment-thumbnail size-thumbnail\" alt=\"\" title=\"\"><\/a><\/li><li><a data-fancybox=\"gallery639\" href=\"https:\/\/zxdoll.com\/wp-content\/uploads\/2024\/09\/sex-doll-wendy-tZj91w6-533x800.jpg\" class=\"eig-popup\" title=\"\" data-caption=\"\" target=\"_blank\"><i class=\"icon-view\"><\/i><span class=\"overlay\"><\/span><img loading=\"lazy\" decoding=\"async\" width=\"150\" height=\"150\" src=\"https:\/\/zxdoll.com\/wp-content\/uploads\/2024\/09\/sex-doll-wendy-tZj91w6-150x150.jpg\" class=\"attachment-thumbnail size-thumbnail\" alt=\"\" title=\"\"><\/a><\/li><li><a data-fancybox=\"gallery639\" href=\"https:\/\/zxdoll.com\/wp-content\/uploads\/2024\/09\/sex-doll-wendy-tZj91w7-533x800.jpg\" class=\"eig-popup\" title=\"\" data-caption=\"\" target=\"_blank\"><i class=\"icon-view\"><\/i><span class=\"overlay\"><\/span><img loading=\"lazy\" decoding=\"async\" width=\"150\" height=\"150\" src=\"https:\/\/zxdoll.com\/wp-content\/uploads\/2024\/09\/sex-doll-wendy-tZj91w7-150x150.jpg\" class=\"attachment-thumbnail size-thumbnail\" alt=\"\" title=\"\"><\/a><\/li><li><a data-fancybox=\"gallery639\" href=\"https:\/\/zxdoll.com\/wp-content\/uploads\/2024\/09\/sex-doll-wendy-tZj91w8.jpg\" class=\"eig-popup\" title=\"\" data-caption=\"\" target=\"_blank\"><i class=\"icon-view\"><\/i><span class=\"overlay\"><\/span><img loading=\"lazy\" decoding=\"async\" width=\"150\" height=\"150\" src=\"https:\/\/zxdoll.com\/wp-content\/uploads\/2024\/09\/sex-doll-wendy-tZj91w8-150x150.jpg\" class=\"attachment-thumbnail size-thumbnail\" alt=\"\" title=\"\"><\/a><\/li><li><a data-fancybox=\"gallery639\" href=\"https:\/\/zxdoll.com\/wp-content\/uploads\/2024\/09\/sex-doll-wendy-tZj91w9-533x800.jpg\" class=\"eig-popup\" title=\"\" data-caption=\"\" target=\"_blank\"><i class=\"icon-view\"><\/i><span class=\"overlay\"><\/span><img loading=\"lazy\" decoding=\"async\" width=\"150\" height=\"150\" src=\"https:\/\/zxdoll.com\/wp-content\/uploads\/2024\/09\/sex-doll-wendy-tZj91w9-150x150.jpg\" class=\"attachment-thumbnail size-thumbnail\" alt=\"\" title=\"\"><\/a><\/li><li><a data-fancybox=\"gallery639\" href=\"https:\/\/zxdoll.com\/wp-content\/uploads\/2024\/09\/sex-doll-wendy-tZj91w10-533x800.jpg\" class=\"eig-popup\" title=\"\" data-caption=\"\" target=\"_blank\"><i class=\"icon-view\"><\/i><span class=\"overlay\"><\/span><img loading=\"lazy\" decoding=\"async\" width=\"150\" height=\"150\" src=\"https:\/\/zxdoll.com\/wp-content\/uploads\/2024\/09\/sex-doll-wendy-tZj91w10-150x150.jpg\" class=\"attachment-thumbnail size-thumbnail\" alt=\"\" title=\"\"><\/a><\/li><li><a data-fancybox=\"gallery639\" href=\"https:\/\/zxdoll.com\/wp-content\/uploads\/2024\/09\/sex-doll-wendy-tZj91w16.jpg\" class=\"eig-popup\" title=\"\" data-caption=\"\" target=\"_blank\"><i class=\"icon-view\"><\/i><span class=\"overlay\"><\/span><img loading=\"lazy\" decoding=\"async\" width=\"150\" height=\"150\" src=\"https:\/\/zxdoll.com\/wp-content\/uploads\/2024\/09\/sex-doll-wendy-tZj91w16-150x150.jpg\" class=\"attachment-thumbnail size-thumbnail\" alt=\"\" title=\"\"><\/a><\/li><li><a data-fancybox=\"gallery639\" href=\"https:\/\/zxdoll.com\/wp-content\/uploads\/2024\/09\/sex-doll-wendy-tZj91w17.jpg\" class=\"eig-popup\" title=\"\" data-caption=\"\" target=\"_blank\"><i class=\"icon-view\"><\/i><span class=\"overlay\"><\/span><img loading=\"lazy\" decoding=\"async\" width=\"150\" height=\"150\" src=\"https:\/\/zxdoll.com\/wp-content\/uploads\/2024\/09\/sex-doll-wendy-tZj91w17-150x150.jpg\" class=\"attachment-thumbnail size-thumbnail\" alt=\"\" title=\"\"><\/a><\/li><li><a data-fancybox=\"gallery639\" href=\"https:\/\/zxdoll.com\/wp-content\/uploads\/2024\/09\/sex-doll-wendy-tZj91w18-533x800.jpg\" class=\"eig-popup\" title=\"\" data-caption=\"\" target=\"_blank\"><i class=\"icon-view\"><\/i><span class=\"overlay\"><\/span><img loading=\"lazy\" decoding=\"async\" width=\"150\" height=\"150\" src=\"https:\/\/zxdoll.com\/wp-content\/uploads\/2024\/09\/sex-doll-wendy-tZj91w18-150x150.jpg\" class=\"attachment-thumbnail size-thumbnail\" alt=\"\" title=\"\"><\/a><\/li><\/ul>\n<h4>Gr\u00f6\u00dfentabellen<\/h4>\n<table width=\"349\">\n<tbody>\n<tr>\n<td width=\"177\">H\u00f6he<\/td>\n<td width=\"172\">163cm<\/td>\n<\/tr>\n<tr>\n<td>Gewicht<\/td>\n<td>34kg<\/td>\n<\/tr>\n<tr>\n<td>Br\u00fcste<\/td>\n<td>91cm<\/td>\n<\/tr>\n<tr>\n<td>Unter Fehlschlag<\/td>\n<td>66,5 cm<\/td>\n<\/tr>\n<tr>\n<td>Taille<\/td>\n<td>64cm<\/td>\n<\/tr>\n<tr>\n<td>H\u00fcfte<\/td>\n<td>90cm<\/td>\n<\/tr>\n<tr>\n<td>Schulter<\/td>\n<td>37cm<\/td>\n<\/tr>\n<tr>\n<td>Oberschenkel<\/td>\n<td>53cm<\/td>\n<\/tr>\n<tr>\n<td>Fu\u00df<\/td>\n<td>23cm<\/td>\n<\/tr>\n<tr>\n<td>Vagina<\/td>\n<td>18cm<\/td>\n<\/tr>\n<tr>\n<td>Anus<\/td>\n<td>17cm<\/td>\n<\/tr>\n<\/tbody>\n<\/table>\n<h4>\u00dcber die Sexpuppe<\/h4>\n<p>&nbsp;<\/p>","protected":false},"excerpt":{"rendered":"<p>Sexpuppenbilder Gr\u00f6\u00dfentabellen H\u00f6he 163cm Gewicht 34kg Br\u00fcste 91cm Unterbrustumfang 66,5cm Taillenumfang 64cm H\u00fcftumfang 90cm Schulterumfang 37cm<\/p>","protected":false},"featured_media":183743,"comment_status":"open","ping_status":"closed","template":"","meta":[],"product_brand":[],"product_cat":[234,75,229,76,80,192,107,117,201],"product_tag":[],"class_list":{"0":"post-183720","1":"product","2":"type-product","3":"status-publish","4":"has-post-thumbnail","6":"product_cat-234","7":"product_cat-160cm-170cm-sex-dolls","8":"product_cat-31kg-35kg","9":"product_cat-anime-sex-doll","10":"product_cat-asian-sex-doll","11":"product_cat-hybrid-doll","12":"product_cat-skinny-sex-dolls","13":"product_cat-small-breast-sex-doll","14":"product_cat-ultimate-sex-doll","15":"pa_brand-starpery-doll","16":"tm-has-options","18":"first","19":"instock","20":"sale","21":"shipping-taxable","22":"purchasable","23":"product-type-simple"},"_links":{"self":[{"href":"https:\/\/zxdoll.com\/de\/wp-json\/wp\/v2\/product\/183720","targetHints":{"allow":["GET"]}}],"collection":[{"href":"https:\/\/zxdoll.com\/de\/wp-json\/wp\/v2\/product"}],"about":[{"href":"https:\/\/zxdoll.com\/de\/wp-json\/wp\/v2\/types\/product"}],"replies":[{"embeddable":true,"href":"https:\/\/zxdoll.com\/de\/wp-json\/wp\/v2\/comments?post=183720"}],"version-history":[{"count":2,"href":"https:\/\/zxdoll.com\/de\/wp-json\/wp\/v2\/product\/183720\/revisions"}],"predecessor-version":[{"id":183775,"href":"https:\/\/zxdoll.com\/de\/wp-json\/wp\/v2\/product\/183720\/revisions\/183775"}],"wp:featuredmedia":[{"embeddable":true,"href":"https:\/\/zxdoll.com\/de\/wp-json\/wp\/v2\/media\/183743"}],"wp:attachment":[{"href":"https:\/\/zxdoll.com\/de\/wp-json\/wp\/v2\/media?parent=183720"}],"wp:term":[{"taxonomy":"product_brand","embeddable":true,"href":"https:\/\/zxdoll.com\/de\/wp-json\/wp\/v2\/product_brand?post=183720"},{"taxonomy":"product_cat","embeddable":true,"href":"https:\/\/zxdoll.com\/de\/wp-json\/wp\/v2\/product_cat?post=183720"},{"taxonomy":"product_tag","embeddable":true,"href":"https:\/\/zxdoll.com\/de\/wp-json\/wp\/v2\/product_tag?post=183720"}],"curies":[{"name":"wp","href":"https:\/\/api.w.org\/{rel}","templated":true}]}}