{"id":182385,"date":"2024-09-26T03:15:26","date_gmt":"2024-09-25T19:15:26","guid":{"rendered":"https:\/\/zxdoll.com\/?post_type=product&#038;p=182385"},"modified":"2024-10-02T02:09:04","modified_gmt":"2024-10-01T18:09:04","slug":"woman-with-hot-doll-sex-videos","status":"publish","type":"product","link":"https:\/\/zxdoll.com\/de\/product\/woman-with-hot-doll-sex-videos\/","title":{"rendered":"Frau mit hei\u00dfen Puppen-Sexvideos Marketa 150cm"},"content":{"rendered":"<h4><strong>Bilder von Sexpuppen<\/strong><\/h4>\n\t                <ul class=\"easy-image-gallery thumbnails-10 linked\">\r\n                    <li><a data-fancybox=\"gallery549\" href=\"https:\/\/zxdoll.com\/wp-content\/uploads\/2024\/09\/sex-pussy-doll-cLv14j2-533x800.jpg\" class=\"eig-popup\" title=\"\" data-caption=\"\" target=\"_blank\"><i class=\"icon-view\"><\/i><span class=\"overlay\"><\/span><img decoding=\"async\" width=\"150\" height=\"150\" src=\"https:\/\/zxdoll.com\/wp-content\/uploads\/2024\/09\/sex-pussy-doll-cLv14j2-150x150.jpg\" class=\"attachment-thumbnail size-thumbnail\" alt=\"\" title=\"\"><\/a><\/li><li><a data-fancybox=\"gallery549\" href=\"https:\/\/zxdoll.com\/wp-content\/uploads\/2024\/09\/sex-pussy-doll-cLv14j3-533x800.jpg\" class=\"eig-popup\" title=\"\" data-caption=\"\" target=\"_blank\"><i class=\"icon-view\"><\/i><span class=\"overlay\"><\/span><img decoding=\"async\" width=\"150\" height=\"150\" src=\"https:\/\/zxdoll.com\/wp-content\/uploads\/2024\/09\/sex-pussy-doll-cLv14j3-150x150.jpg\" class=\"attachment-thumbnail size-thumbnail\" alt=\"\" title=\"\"><\/a><\/li><li><a data-fancybox=\"gallery549\" href=\"https:\/\/zxdoll.com\/wp-content\/uploads\/2024\/09\/sex-pussy-doll-cLv14j4-533x800.jpg\" class=\"eig-popup\" title=\"\" data-caption=\"\" target=\"_blank\"><i class=\"icon-view\"><\/i><span class=\"overlay\"><\/span><img decoding=\"async\" width=\"150\" height=\"150\" src=\"https:\/\/zxdoll.com\/wp-content\/uploads\/2024\/09\/sex-pussy-doll-cLv14j4-150x150.jpg\" class=\"attachment-thumbnail size-thumbnail\" alt=\"\" title=\"\"><\/a><\/li><li><a data-fancybox=\"gallery549\" href=\"https:\/\/zxdoll.com\/wp-content\/uploads\/2024\/09\/sex-pussy-doll-cLv14j5.jpg\" class=\"eig-popup\" title=\"\" data-caption=\"\" target=\"_blank\"><i class=\"icon-view\"><\/i><span class=\"overlay\"><\/span><img loading=\"lazy\" decoding=\"async\" width=\"150\" height=\"150\" src=\"https:\/\/zxdoll.com\/wp-content\/uploads\/2024\/09\/sex-pussy-doll-cLv14j5-150x150.jpg\" class=\"attachment-thumbnail size-thumbnail\" alt=\"\" title=\"\"><\/a><\/li><li><a data-fancybox=\"gallery549\" href=\"https:\/\/zxdoll.com\/wp-content\/uploads\/2024\/09\/sex-pussy-doll-cLv14j6-533x800.jpg\" class=\"eig-popup\" title=\"\" data-caption=\"\" target=\"_blank\"><i class=\"icon-view\"><\/i><span class=\"overlay\"><\/span><img loading=\"lazy\" decoding=\"async\" width=\"150\" height=\"150\" src=\"https:\/\/zxdoll.com\/wp-content\/uploads\/2024\/09\/sex-pussy-doll-cLv14j6-150x150.jpg\" class=\"attachment-thumbnail size-thumbnail\" alt=\"\" title=\"\"><\/a><\/li><li><a data-fancybox=\"gallery549\" href=\"https:\/\/zxdoll.com\/wp-content\/uploads\/2024\/09\/sex-pussy-doll-cLv14j7-533x800.jpg\" class=\"eig-popup\" title=\"\" data-caption=\"\" target=\"_blank\"><i class=\"icon-view\"><\/i><span class=\"overlay\"><\/span><img loading=\"lazy\" decoding=\"async\" width=\"150\" height=\"150\" src=\"https:\/\/zxdoll.com\/wp-content\/uploads\/2024\/09\/sex-pussy-doll-cLv14j7-150x150.jpg\" class=\"attachment-thumbnail size-thumbnail\" alt=\"\" title=\"\"><\/a><\/li><li><a data-fancybox=\"gallery549\" href=\"https:\/\/zxdoll.com\/wp-content\/uploads\/2024\/09\/sex-pussy-doll-cLv14j8.jpg\" class=\"eig-popup\" title=\"\" data-caption=\"\" target=\"_blank\"><i class=\"icon-view\"><\/i><span class=\"overlay\"><\/span><img loading=\"lazy\" decoding=\"async\" width=\"150\" height=\"150\" src=\"https:\/\/zxdoll.com\/wp-content\/uploads\/2024\/09\/sex-pussy-doll-cLv14j8-150x150.jpg\" class=\"attachment-thumbnail size-thumbnail\" alt=\"\" title=\"\"><\/a><\/li><li><a data-fancybox=\"gallery549\" href=\"https:\/\/zxdoll.com\/wp-content\/uploads\/2024\/09\/sex-pussy-doll-cLv14j9.jpg\" class=\"eig-popup\" title=\"\" data-caption=\"\" target=\"_blank\"><i class=\"icon-view\"><\/i><span class=\"overlay\"><\/span><img loading=\"lazy\" decoding=\"async\" width=\"150\" height=\"150\" src=\"https:\/\/zxdoll.com\/wp-content\/uploads\/2024\/09\/sex-pussy-doll-cLv14j9-150x150.jpg\" class=\"attachment-thumbnail size-thumbnail\" alt=\"\" title=\"\"><\/a><\/li><li><a data-fancybox=\"gallery549\" href=\"https:\/\/zxdoll.com\/wp-content\/uploads\/2024\/09\/sex-pussy-doll-cLv14j10.jpg\" class=\"eig-popup\" title=\"\" data-caption=\"\" target=\"_blank\"><i class=\"icon-view\"><\/i><span class=\"overlay\"><\/span><img loading=\"lazy\" decoding=\"async\" width=\"150\" height=\"150\" src=\"https:\/\/zxdoll.com\/wp-content\/uploads\/2024\/09\/sex-pussy-doll-cLv14j10-150x150.jpg\" class=\"attachment-thumbnail size-thumbnail\" alt=\"\" title=\"\"><\/a><\/li><li><a data-fancybox=\"gallery549\" href=\"https:\/\/zxdoll.com\/wp-content\/uploads\/2024\/09\/sex-pussy-doll-cLv14j11.jpg\" class=\"eig-popup\" title=\"\" data-caption=\"\" target=\"_blank\"><i class=\"icon-view\"><\/i><span class=\"overlay\"><\/span><img loading=\"lazy\" decoding=\"async\" width=\"150\" height=\"150\" src=\"https:\/\/zxdoll.com\/wp-content\/uploads\/2024\/09\/sex-pussy-doll-cLv14j11-150x150.jpg\" class=\"attachment-thumbnail size-thumbnail\" alt=\"\" title=\"\"><\/a><\/li><\/ul>\n<h4>Gr\u00f6\u00dfentabellen<\/h4>\n<table width=\"345\">\n<tbody>\n<tr>\n<td width=\"145\">Material<\/td>\n<td width=\"200\">Silikonkopf + TPE-K\u00f6rper<\/td>\n<\/tr>\n<tr>\n<td>H\u00f6he<\/td>\n<td>150cm<\/td>\n<\/tr>\n<tr>\n<td>B\u00fcste<\/td>\n<td>72cm<\/td>\n<\/tr>\n<tr>\n<td>Taille<\/td>\n<td>52cm<\/td>\n<\/tr>\n<tr>\n<td>H\u00fcfte<\/td>\n<td>79cm<\/td>\n<\/tr>\n<tr>\n<td>Armbreite<\/td>\n<td>55cm<\/td>\n<\/tr>\n<tr>\n<td>Schulterbreite<\/td>\n<td>32cm<\/td>\n<\/tr>\n<tr>\n<td>Beinl\u00e4nge<\/td>\n<td>74,5 cm<\/td>\n<\/tr>\n<tr>\n<td>Fu\u00dfl\u00e4nge<\/td>\n<td>20 cm<\/td>\n<\/tr>\n<tr>\n<td>Vagina-Tiefe<\/td>\n<td>18cm<\/td>\n<\/tr>\n<tr>\n<td>Anale Tiefe<\/td>\n<td>14cm<\/td>\n<\/tr>\n<tr>\n<td>Reingewicht<\/td>\n<td>32kg<\/td>\n<\/tr>\n<\/tbody>\n<\/table>\n<h4>\u00dcber die Sexpuppe<\/h4>\n<p>&nbsp;<\/p>","protected":false},"excerpt":{"rendered":"<p>Sexpuppenbilder, Gr\u00f6\u00dfentabellen, Material: Silikon, Kopf + TPE, K\u00f6rpergr\u00f6\u00dfe: 150 cm, Brustumfang: 72 cm, Taille: 52 cm, H\u00fcfte: 79 cm, Arm<\/p>","protected":false},"featured_media":182405,"comment_status":"open","ping_status":"closed","template":"","meta":[],"product_brand":[],"product_cat":[234,112,229,80,192,107,117,161],"product_tag":[],"class_list":{"0":"post-182385","1":"product","2":"type-product","3":"status-publish","4":"has-post-thumbnail","6":"product_cat-234","7":"product_cat-150cm-159cm-sex-dolls","8":"product_cat-31kg-35kg","9":"product_cat-asian-sex-doll","10":"product_cat-hybrid-doll","11":"product_cat-skinny-sex-dolls","12":"product_cat-small-breast-sex-doll","13":"product_cat-xxx-dolls","14":"pa_brand-fu-doll","15":"tm-has-options","17":"first","18":"instock","19":"sale","20":"shipping-taxable","21":"purchasable","22":"product-type-simple"},"_links":{"self":[{"href":"https:\/\/zxdoll.com\/de\/wp-json\/wp\/v2\/product\/182385","targetHints":{"allow":["GET"]}}],"collection":[{"href":"https:\/\/zxdoll.com\/de\/wp-json\/wp\/v2\/product"}],"about":[{"href":"https:\/\/zxdoll.com\/de\/wp-json\/wp\/v2\/types\/product"}],"replies":[{"embeddable":true,"href":"https:\/\/zxdoll.com\/de\/wp-json\/wp\/v2\/comments?post=182385"}],"version-history":[{"count":2,"href":"https:\/\/zxdoll.com\/de\/wp-json\/wp\/v2\/product\/182385\/revisions"}],"predecessor-version":[{"id":182430,"href":"https:\/\/zxdoll.com\/de\/wp-json\/wp\/v2\/product\/182385\/revisions\/182430"}],"wp:featuredmedia":[{"embeddable":true,"href":"https:\/\/zxdoll.com\/de\/wp-json\/wp\/v2\/media\/182405"}],"wp:attachment":[{"href":"https:\/\/zxdoll.com\/de\/wp-json\/wp\/v2\/media?parent=182385"}],"wp:term":[{"taxonomy":"product_brand","embeddable":true,"href":"https:\/\/zxdoll.com\/de\/wp-json\/wp\/v2\/product_brand?post=182385"},{"taxonomy":"product_cat","embeddable":true,"href":"https:\/\/zxdoll.com\/de\/wp-json\/wp\/v2\/product_cat?post=182385"},{"taxonomy":"product_tag","embeddable":true,"href":"https:\/\/zxdoll.com\/de\/wp-json\/wp\/v2\/product_tag?post=182385"}],"curies":[{"name":"wp","href":"https:\/\/api.w.org\/{rel}","templated":true}]}}