{"id":181013,"date":"2024-09-25T14:56:41","date_gmt":"2024-09-25T06:56:41","guid":{"rendered":"https:\/\/zxdoll.com\/?post_type=product&#038;p=181013"},"modified":"2024-10-02T01:29:31","modified_gmt":"2024-10-01T17:29:31","slug":"having-sex-with-a-leather-doll","status":"publish","type":"product","link":"https:\/\/zxdoll.com\/de\/product\/having-sex-with-a-leather-doll\/","title":{"rendered":"Sex mit einer Lederpuppe Madelle 169cm"},"content":{"rendered":"<h4><strong>Bilder von Sexpuppen<\/strong><\/h4>\n\t                <ul class=\"easy-image-gallery thumbnails-10 linked\">\r\n                    <li><a data-fancybox=\"gallery549\" href=\"https:\/\/zxdoll.com\/wp-content\/uploads\/2024\/09\/angel-doll-sex-kBm51p1-Copy-533x800.jpg\" class=\"eig-popup\" title=\"\" data-caption=\"\" target=\"_blank\"><i class=\"icon-view\"><\/i><span class=\"overlay\"><\/span><img decoding=\"async\" width=\"150\" height=\"150\" src=\"https:\/\/zxdoll.com\/wp-content\/uploads\/2024\/09\/angel-doll-sex-kBm51p1-Copy-150x150.jpg\" class=\"attachment-thumbnail size-thumbnail\" alt=\"\" title=\"\"><\/a><\/li><li><a data-fancybox=\"gallery549\" href=\"https:\/\/zxdoll.com\/wp-content\/uploads\/2024\/09\/angel-doll-sex-kBm51p2-Copy-533x800.jpg\" class=\"eig-popup\" title=\"\" data-caption=\"\" target=\"_blank\"><i class=\"icon-view\"><\/i><span class=\"overlay\"><\/span><img decoding=\"async\" width=\"150\" height=\"150\" src=\"https:\/\/zxdoll.com\/wp-content\/uploads\/2024\/09\/angel-doll-sex-kBm51p2-Copy-150x150.jpg\" class=\"attachment-thumbnail size-thumbnail\" alt=\"\" title=\"\"><\/a><\/li><li><a data-fancybox=\"gallery549\" href=\"https:\/\/zxdoll.com\/wp-content\/uploads\/2024\/09\/angel-doll-sex-kBm51p3-Copy-533x800.jpg\" class=\"eig-popup\" title=\"\" data-caption=\"\" target=\"_blank\"><i class=\"icon-view\"><\/i><span class=\"overlay\"><\/span><img decoding=\"async\" width=\"150\" height=\"150\" src=\"https:\/\/zxdoll.com\/wp-content\/uploads\/2024\/09\/angel-doll-sex-kBm51p3-Copy-150x150.jpg\" class=\"attachment-thumbnail size-thumbnail\" alt=\"\" title=\"\"><\/a><\/li><li><a data-fancybox=\"gallery549\" href=\"https:\/\/zxdoll.com\/wp-content\/uploads\/2024\/09\/angel-doll-sex-kBm51p4-Copy-533x800.jpg\" class=\"eig-popup\" title=\"\" data-caption=\"\" target=\"_blank\"><i class=\"icon-view\"><\/i><span class=\"overlay\"><\/span><img loading=\"lazy\" decoding=\"async\" width=\"150\" height=\"150\" src=\"https:\/\/zxdoll.com\/wp-content\/uploads\/2024\/09\/angel-doll-sex-kBm51p4-Copy-150x150.jpg\" class=\"attachment-thumbnail size-thumbnail\" alt=\"\" title=\"\"><\/a><\/li><li><a data-fancybox=\"gallery549\" href=\"https:\/\/zxdoll.com\/wp-content\/uploads\/2024\/09\/angel-doll-sex-kBm51p5-Copy-533x800.jpg\" class=\"eig-popup\" title=\"\" data-caption=\"\" target=\"_blank\"><i class=\"icon-view\"><\/i><span class=\"overlay\"><\/span><img loading=\"lazy\" decoding=\"async\" width=\"150\" height=\"150\" src=\"https:\/\/zxdoll.com\/wp-content\/uploads\/2024\/09\/angel-doll-sex-kBm51p5-Copy-150x150.jpg\" class=\"attachment-thumbnail size-thumbnail\" alt=\"\" title=\"\"><\/a><\/li><li><a data-fancybox=\"gallery549\" href=\"https:\/\/zxdoll.com\/wp-content\/uploads\/2024\/09\/angel-doll-sex-kBm51p6-Copy-533x800.jpg\" class=\"eig-popup\" title=\"\" data-caption=\"\" target=\"_blank\"><i class=\"icon-view\"><\/i><span class=\"overlay\"><\/span><img loading=\"lazy\" decoding=\"async\" width=\"150\" height=\"150\" src=\"https:\/\/zxdoll.com\/wp-content\/uploads\/2024\/09\/angel-doll-sex-kBm51p6-Copy-150x150.jpg\" class=\"attachment-thumbnail size-thumbnail\" alt=\"\" title=\"\"><\/a><\/li><li><a data-fancybox=\"gallery549\" href=\"https:\/\/zxdoll.com\/wp-content\/uploads\/2024\/09\/angel-doll-sex-kBm51p7-Copy.jpg\" class=\"eig-popup\" title=\"\" data-caption=\"\" target=\"_blank\"><i class=\"icon-view\"><\/i><span class=\"overlay\"><\/span><img loading=\"lazy\" decoding=\"async\" width=\"150\" height=\"150\" src=\"https:\/\/zxdoll.com\/wp-content\/uploads\/2024\/09\/angel-doll-sex-kBm51p7-Copy-150x150.jpg\" class=\"attachment-thumbnail size-thumbnail\" alt=\"\" title=\"\"><\/a><\/li><li><a data-fancybox=\"gallery549\" href=\"https:\/\/zxdoll.com\/wp-content\/uploads\/2024\/09\/angel-doll-sex-kBm51p8-Copy-533x800.jpg\" class=\"eig-popup\" title=\"\" data-caption=\"\" target=\"_blank\"><i class=\"icon-view\"><\/i><span class=\"overlay\"><\/span><img loading=\"lazy\" decoding=\"async\" width=\"150\" height=\"150\" src=\"https:\/\/zxdoll.com\/wp-content\/uploads\/2024\/09\/angel-doll-sex-kBm51p8-Copy-150x150.jpg\" class=\"attachment-thumbnail size-thumbnail\" alt=\"\" title=\"\"><\/a><\/li><li><a data-fancybox=\"gallery549\" href=\"https:\/\/zxdoll.com\/wp-content\/uploads\/2024\/09\/angel-doll-sex-kBm51p9-Copy-533x800.jpg\" class=\"eig-popup\" title=\"\" data-caption=\"\" target=\"_blank\"><i class=\"icon-view\"><\/i><span class=\"overlay\"><\/span><img loading=\"lazy\" decoding=\"async\" width=\"150\" height=\"150\" src=\"https:\/\/zxdoll.com\/wp-content\/uploads\/2024\/09\/angel-doll-sex-kBm51p9-Copy-150x150.jpg\" class=\"attachment-thumbnail size-thumbnail\" alt=\"\" title=\"\"><\/a><\/li><li><a data-fancybox=\"gallery549\" href=\"https:\/\/zxdoll.com\/wp-content\/uploads\/2024\/09\/angel-doll-sex-kBm51p22-Copy-533x800.jpg\" class=\"eig-popup\" title=\"\" data-caption=\"\" target=\"_blank\"><i class=\"icon-view\"><\/i><span class=\"overlay\"><\/span><img loading=\"lazy\" decoding=\"async\" width=\"150\" height=\"150\" src=\"https:\/\/zxdoll.com\/wp-content\/uploads\/2024\/09\/angel-doll-sex-kBm51p22-Copy-150x150.jpg\" class=\"attachment-thumbnail size-thumbnail\" alt=\"\" title=\"\"><\/a><\/li><\/ul>\n<h4>Gr\u00f6\u00dfentabellen<\/h4>\n<table width=\"376\">\n<tbody>\n<tr>\n<td width=\"129\">Material<\/td>\n<td width=\"247\">Silikonkopf + TPE-K\u00f6rper<\/td>\n<\/tr>\n<tr>\n<td>H\u00f6he<\/td>\n<td>169 cm D-K\u00f6rbchen<\/td>\n<\/tr>\n<tr>\n<td>Reingewicht<\/td>\n<td>50kg<\/td>\n<\/tr>\n<tr>\n<td>B\u00fcste<\/td>\n<td>91cm<\/td>\n<\/tr>\n<tr>\n<td>Taille<\/td>\n<td>66cm<\/td>\n<\/tr>\n<tr>\n<td>H\u00fcfte<\/td>\n<td>103cm<\/td>\n<\/tr>\n<tr>\n<td>Schulter<\/td>\n<td>33cm<\/td>\n<\/tr>\n<tr>\n<td>Arm<\/td>\n<td>55cm<\/td>\n<\/tr>\n<tr>\n<td>Hand<\/td>\n<td>16cm<\/td>\n<\/tr>\n<tr>\n<td>Bein<\/td>\n<td>80cm<\/td>\n<\/tr>\n<tr>\n<td>Fu\u00df<\/td>\n<td>21cm<\/td>\n<\/tr>\n<tr>\n<td>Vaginale Tiefe<\/td>\n<td>18cm<\/td>\n<\/tr>\n<tr>\n<td>Anale Tiefe<\/td>\n<td>17cm<\/td>\n<\/tr>\n<\/tbody>\n<\/table>\n<p>&nbsp;<\/p>\n<p>&nbsp;<\/p>\n<h4>\u00dcber die Sexpuppe<\/h4>\n<p>&nbsp;<\/p>","protected":false},"excerpt":{"rendered":"<p>Sexpuppenbilder Gr\u00f6\u00dfentabellen Material Silikonkopf + TPE K\u00f6rpergr\u00f6\u00dfe 169 cm D-K\u00f6rbchen Nettogewicht 50 kg Brustumfang 91 cm<\/p>","protected":false},"featured_media":181015,"comment_status":"open","ping_status":"closed","template":"","meta":[],"product_brand":[],"product_cat":[234,75,232,80,116,224,192,107],"product_tag":[],"class_list":{"0":"post-181013","1":"product","2":"type-product","3":"status-publish","4":"has-post-thumbnail","6":"product_cat-234","7":"product_cat-160cm-170cm-sex-dolls","8":"product_cat-46kg-50kg","9":"product_cat-asian-sex-doll","10":"product_cat-big-boobs-sex-doll","11":"product_cat-high-tech-sex-doll","12":"product_cat-hybrid-doll","13":"product_cat-skinny-sex-dolls","14":"pa_brand-rosretty-doll","15":"tm-has-options","17":"first","18":"instock","19":"sale","20":"shipping-taxable","21":"purchasable","22":"product-type-simple"},"_links":{"self":[{"href":"https:\/\/zxdoll.com\/de\/wp-json\/wp\/v2\/product\/181013","targetHints":{"allow":["GET"]}}],"collection":[{"href":"https:\/\/zxdoll.com\/de\/wp-json\/wp\/v2\/product"}],"about":[{"href":"https:\/\/zxdoll.com\/de\/wp-json\/wp\/v2\/types\/product"}],"replies":[{"embeddable":true,"href":"https:\/\/zxdoll.com\/de\/wp-json\/wp\/v2\/comments?post=181013"}],"version-history":[{"count":2,"href":"https:\/\/zxdoll.com\/de\/wp-json\/wp\/v2\/product\/181013\/revisions"}],"predecessor-version":[{"id":181030,"href":"https:\/\/zxdoll.com\/de\/wp-json\/wp\/v2\/product\/181013\/revisions\/181030"}],"wp:featuredmedia":[{"embeddable":true,"href":"https:\/\/zxdoll.com\/de\/wp-json\/wp\/v2\/media\/181015"}],"wp:attachment":[{"href":"https:\/\/zxdoll.com\/de\/wp-json\/wp\/v2\/media?parent=181013"}],"wp:term":[{"taxonomy":"product_brand","embeddable":true,"href":"https:\/\/zxdoll.com\/de\/wp-json\/wp\/v2\/product_brand?post=181013"},{"taxonomy":"product_cat","embeddable":true,"href":"https:\/\/zxdoll.com\/de\/wp-json\/wp\/v2\/product_cat?post=181013"},{"taxonomy":"product_tag","embeddable":true,"href":"https:\/\/zxdoll.com\/de\/wp-json\/wp\/v2\/product_tag?post=181013"}],"curies":[{"name":"wp","href":"https:\/\/api.w.org\/{rel}","templated":true}]}}