{"id":178404,"date":"2024-09-23T02:33:13","date_gmt":"2024-09-22T18:33:13","guid":{"rendered":"https:\/\/zxdoll.com\/?post_type=product&#038;p=178404"},"modified":"2024-10-02T00:42:38","modified_gmt":"2024-10-01T16:42:38","slug":"french-hot-busty-sex-doll","status":"publish","type":"product","link":"https:\/\/zxdoll.com\/de\/product\/french-hot-busty-sex-doll\/","title":{"rendered":"Hei\u00dfe, vollbusige franz\u00f6sische Sexpuppe Rhona 157 cm"},"content":{"rendered":"<h4><strong>Bilder von Sexpuppen<\/strong><\/h4>\n\t                <ul class=\"easy-image-gallery thumbnails-6 linked\">\r\n                    <li><a data-fancybox=\"gallery248\" href=\"https:\/\/zxdoll.com\/wp-content\/uploads\/2024\/09\/bimbo-sex-doll-tBb84r25-600x800.jpg\" class=\"eig-popup\" title=\"\" data-caption=\"\" target=\"_blank\"><i class=\"icon-view\"><\/i><span class=\"overlay\"><\/span><img decoding=\"async\" width=\"150\" height=\"150\" src=\"https:\/\/zxdoll.com\/wp-content\/uploads\/2024\/09\/bimbo-sex-doll-tBb84r25-150x150.jpg\" class=\"attachment-thumbnail size-thumbnail\" alt=\"\" title=\"\"><\/a><\/li><li><a data-fancybox=\"gallery248\" href=\"https:\/\/zxdoll.com\/wp-content\/uploads\/2024\/09\/bimbo-sex-doll-tBb84r26-600x800.jpg\" class=\"eig-popup\" title=\"\" data-caption=\"\" target=\"_blank\"><i class=\"icon-view\"><\/i><span class=\"overlay\"><\/span><img decoding=\"async\" width=\"150\" height=\"150\" src=\"https:\/\/zxdoll.com\/wp-content\/uploads\/2024\/09\/bimbo-sex-doll-tBb84r26-150x150.jpg\" class=\"attachment-thumbnail size-thumbnail\" alt=\"\" title=\"\"><\/a><\/li><li><a data-fancybox=\"gallery248\" href=\"https:\/\/zxdoll.com\/wp-content\/uploads\/2024\/09\/bimbo-sex-doll-tBb84r27-600x800.jpg\" class=\"eig-popup\" title=\"\" data-caption=\"\" target=\"_blank\"><i class=\"icon-view\"><\/i><span class=\"overlay\"><\/span><img decoding=\"async\" width=\"150\" height=\"150\" src=\"https:\/\/zxdoll.com\/wp-content\/uploads\/2024\/09\/bimbo-sex-doll-tBb84r27-150x150.jpg\" class=\"attachment-thumbnail size-thumbnail\" alt=\"\" title=\"\"><\/a><\/li><li><a data-fancybox=\"gallery248\" href=\"https:\/\/zxdoll.com\/wp-content\/uploads\/2024\/09\/bimbo-sex-doll-tBb84r28.jpg\" class=\"eig-popup\" title=\"\" data-caption=\"\" target=\"_blank\"><i class=\"icon-view\"><\/i><span class=\"overlay\"><\/span><img loading=\"lazy\" decoding=\"async\" width=\"150\" height=\"150\" src=\"https:\/\/zxdoll.com\/wp-content\/uploads\/2024\/09\/bimbo-sex-doll-tBb84r28-150x150.jpg\" class=\"attachment-thumbnail size-thumbnail\" alt=\"\" title=\"\"><\/a><\/li><li><a data-fancybox=\"gallery248\" href=\"https:\/\/zxdoll.com\/wp-content\/uploads\/2024\/09\/bimbo-sex-doll-tBb84r29.jpg\" class=\"eig-popup\" title=\"\" data-caption=\"\" target=\"_blank\"><i class=\"icon-view\"><\/i><span class=\"overlay\"><\/span><img loading=\"lazy\" decoding=\"async\" width=\"150\" height=\"150\" src=\"https:\/\/zxdoll.com\/wp-content\/uploads\/2024\/09\/bimbo-sex-doll-tBb84r29-150x150.jpg\" class=\"attachment-thumbnail size-thumbnail\" alt=\"\" title=\"\"><\/a><\/li><li><a data-fancybox=\"gallery248\" href=\"https:\/\/zxdoll.com\/wp-content\/uploads\/2024\/09\/bimbo-sex-doll-tBb84r30-600x800.jpg\" class=\"eig-popup\" title=\"\" data-caption=\"\" target=\"_blank\"><i class=\"icon-view\"><\/i><span class=\"overlay\"><\/span><img loading=\"lazy\" decoding=\"async\" width=\"150\" height=\"150\" src=\"https:\/\/zxdoll.com\/wp-content\/uploads\/2024\/09\/bimbo-sex-doll-tBb84r30-150x150.jpg\" class=\"attachment-thumbnail size-thumbnail\" alt=\"\" title=\"\"><\/a><\/li><\/ul>\n<h4>Gr\u00f6\u00dfentabellen<\/h4>\n<table width=\"376\">\n<tbody>\n<tr>\n<td width=\"129\">Material<\/td>\n<td width=\"247\">Silikonkopf + TPE-K\u00f6rper<\/td>\n<\/tr>\n<tr>\n<td>H\u00f6he<\/td>\n<td>157cm<\/td>\n<\/tr>\n<tr>\n<td>Obere Brust<\/td>\n<td>87cm<\/td>\n<\/tr>\n<tr>\n<td>Untere Brust<\/td>\n<td>71cm<\/td>\n<\/tr>\n<tr>\n<td>Taille<\/td>\n<td>60cm<\/td>\n<\/tr>\n<tr>\n<td>H\u00fcfte<\/td>\n<td>87cm<\/td>\n<\/tr>\n<tr>\n<td>Schulter<\/td>\n<td>35cm<\/td>\n<\/tr>\n<tr>\n<td>Beinl\u00e4nge<\/td>\n<td>89cm<\/td>\n<\/tr>\n<tr>\n<td>Oberschenkel<\/td>\n<td>52cm<\/td>\n<\/tr>\n<tr>\n<td>Arml\u00e4nge<\/td>\n<td>68cm<\/td>\n<\/tr>\n<tr>\n<td>Sohle, einzig, alleinig<\/td>\n<td>22cm<\/td>\n<\/tr>\n<tr>\n<td>Reingewicht<\/td>\n<td>38kg<\/td>\n<\/tr>\n<tr>\n<td>M\u00fcndliche Tiefe<\/td>\n<td>12cm<\/td>\n<\/tr>\n<tr>\n<td>Vagina-Tiefe<\/td>\n<td>18cm<\/td>\n<\/tr>\n<tr>\n<td>Anustiefe<\/td>\n<td>15cm<\/td>\n<\/tr>\n<\/tbody>\n<\/table>\n<h4>\u00dcber die Sexpuppe<\/h4>\n<p>&nbsp;<\/p>","protected":false},"excerpt":{"rendered":"<p>Sex Doll Bilder Gr\u00f6\u00dfentabellen Material Silikon Kopf + TPE K\u00f6rpergr\u00f6\u00dfe 157cm Oberer Brustumfang 87cm Unterer Brustumfang 71cm Taille<\/p>","protected":false},"featured_media":178436,"comment_status":"open","ping_status":"closed","template":"","meta":[],"product_brand":[],"product_cat":[234,112,230,80,192,222,107,117],"product_tag":[],"class_list":{"0":"post-178404","1":"product","2":"type-product","3":"status-publish","4":"has-post-thumbnail","6":"product_cat-234","7":"product_cat-150cm-159cm-sex-dolls","8":"product_cat-36kg-40kg","9":"product_cat-asian-sex-doll","10":"product_cat-hybrid-doll","11":"product_cat-lust-sex-doll","12":"product_cat-skinny-sex-dolls","13":"product_cat-small-breast-sex-doll","14":"pa_brand-climax-doll","15":"tm-has-options","17":"first","18":"instock","19":"sale","20":"shipping-taxable","21":"purchasable","22":"product-type-simple"},"_links":{"self":[{"href":"https:\/\/zxdoll.com\/de\/wp-json\/wp\/v2\/product\/178404","targetHints":{"allow":["GET"]}}],"collection":[{"href":"https:\/\/zxdoll.com\/de\/wp-json\/wp\/v2\/product"}],"about":[{"href":"https:\/\/zxdoll.com\/de\/wp-json\/wp\/v2\/types\/product"}],"replies":[{"embeddable":true,"href":"https:\/\/zxdoll.com\/de\/wp-json\/wp\/v2\/comments?post=178404"}],"version-history":[{"count":2,"href":"https:\/\/zxdoll.com\/de\/wp-json\/wp\/v2\/product\/178404\/revisions"}],"predecessor-version":[{"id":178448,"href":"https:\/\/zxdoll.com\/de\/wp-json\/wp\/v2\/product\/178404\/revisions\/178448"}],"wp:featuredmedia":[{"embeddable":true,"href":"https:\/\/zxdoll.com\/de\/wp-json\/wp\/v2\/media\/178436"}],"wp:attachment":[{"href":"https:\/\/zxdoll.com\/de\/wp-json\/wp\/v2\/media?parent=178404"}],"wp:term":[{"taxonomy":"product_brand","embeddable":true,"href":"https:\/\/zxdoll.com\/de\/wp-json\/wp\/v2\/product_brand?post=178404"},{"taxonomy":"product_cat","embeddable":true,"href":"https:\/\/zxdoll.com\/de\/wp-json\/wp\/v2\/product_cat?post=178404"},{"taxonomy":"product_tag","embeddable":true,"href":"https:\/\/zxdoll.com\/de\/wp-json\/wp\/v2\/product_tag?post=178404"}],"curies":[{"name":"wp","href":"https:\/\/api.w.org\/{rel}","templated":true}]}}