{"id":165512,"date":"2024-09-16T02:52:26","date_gmt":"2024-09-15T18:52:26","guid":{"rendered":"https:\/\/zxdoll.com\/?post_type=product&#038;p=165512"},"modified":"2024-10-04T05:21:59","modified_gmt":"2024-10-03T21:21:59","slug":"guy-fucks-small-sized-sex-doll","status":"publish","type":"product","link":"https:\/\/zxdoll.com\/de\/product\/guy-fucks-small-sized-sex-doll\/","title":{"rendered":"Typ fickt kleine Sexpuppe Daphne 161cm"},"content":{"rendered":"<h4><strong>Bilder von Sexpuppen<\/strong><\/h4>\n\t                <ul class=\"easy-image-gallery thumbnails-20 linked\">\r\n                    <li><a data-fancybox=\"gallery110\" href=\"https:\/\/zxdoll.com\/wp-content\/uploads\/2024\/09\/pinay-sex-doll-uOp33i1-533x800.jpg\" class=\"eig-popup\" title=\"\" data-caption=\"\" target=\"_blank\"><i class=\"icon-view\"><\/i><span class=\"overlay\"><\/span><img decoding=\"async\" width=\"150\" height=\"150\" src=\"https:\/\/zxdoll.com\/wp-content\/uploads\/2024\/09\/pinay-sex-doll-uOp33i1-150x150.jpg\" class=\"attachment-thumbnail size-thumbnail\" alt=\"\" title=\"\"><\/a><\/li><li><a data-fancybox=\"gallery110\" href=\"https:\/\/zxdoll.com\/wp-content\/uploads\/2024\/09\/pinay-sex-doll-uOp33i2-533x800.jpg\" class=\"eig-popup\" title=\"\" data-caption=\"\" target=\"_blank\"><i class=\"icon-view\"><\/i><span class=\"overlay\"><\/span><img decoding=\"async\" width=\"150\" height=\"150\" src=\"https:\/\/zxdoll.com\/wp-content\/uploads\/2024\/09\/pinay-sex-doll-uOp33i2-150x150.jpg\" class=\"attachment-thumbnail size-thumbnail\" alt=\"\" title=\"\"><\/a><\/li><li><a data-fancybox=\"gallery110\" href=\"https:\/\/zxdoll.com\/wp-content\/uploads\/2024\/09\/pinay-sex-doll-uOp33i3.jpg\" class=\"eig-popup\" title=\"\" data-caption=\"\" target=\"_blank\"><i class=\"icon-view\"><\/i><span class=\"overlay\"><\/span><img decoding=\"async\" width=\"150\" height=\"150\" src=\"https:\/\/zxdoll.com\/wp-content\/uploads\/2024\/09\/pinay-sex-doll-uOp33i3-150x150.jpg\" class=\"attachment-thumbnail size-thumbnail\" alt=\"\" title=\"\"><\/a><\/li><li><a data-fancybox=\"gallery110\" href=\"https:\/\/zxdoll.com\/wp-content\/uploads\/2024\/09\/pinay-sex-doll-uOp33i4-533x800.jpg\" class=\"eig-popup\" title=\"\" data-caption=\"\" target=\"_blank\"><i class=\"icon-view\"><\/i><span class=\"overlay\"><\/span><img loading=\"lazy\" decoding=\"async\" width=\"150\" height=\"150\" src=\"https:\/\/zxdoll.com\/wp-content\/uploads\/2024\/09\/pinay-sex-doll-uOp33i4-150x150.jpg\" class=\"attachment-thumbnail size-thumbnail\" alt=\"\" title=\"\"><\/a><\/li><li><a data-fancybox=\"gallery110\" href=\"https:\/\/zxdoll.com\/wp-content\/uploads\/2024\/09\/pinay-sex-doll-uOp33i5-533x800.jpg\" class=\"eig-popup\" title=\"\" data-caption=\"\" target=\"_blank\"><i class=\"icon-view\"><\/i><span class=\"overlay\"><\/span><img loading=\"lazy\" decoding=\"async\" width=\"150\" height=\"150\" src=\"https:\/\/zxdoll.com\/wp-content\/uploads\/2024\/09\/pinay-sex-doll-uOp33i5-150x150.jpg\" class=\"attachment-thumbnail size-thumbnail\" alt=\"\" title=\"\"><\/a><\/li><li><a data-fancybox=\"gallery110\" href=\"https:\/\/zxdoll.com\/wp-content\/uploads\/2024\/09\/pinay-sex-doll-uOp33i6-1-533x800.jpg\" class=\"eig-popup\" title=\"\" data-caption=\"\" target=\"_blank\"><i class=\"icon-view\"><\/i><span class=\"overlay\"><\/span><img loading=\"lazy\" decoding=\"async\" width=\"150\" height=\"150\" src=\"https:\/\/zxdoll.com\/wp-content\/uploads\/2024\/09\/pinay-sex-doll-uOp33i6-1-150x150.jpg\" class=\"attachment-thumbnail size-thumbnail\" alt=\"\" title=\"\"><\/a><\/li><li><a data-fancybox=\"gallery110\" href=\"https:\/\/zxdoll.com\/wp-content\/uploads\/2024\/09\/pinay-sex-doll-uOp33i7-533x800.jpg\" class=\"eig-popup\" title=\"\" data-caption=\"\" target=\"_blank\"><i class=\"icon-view\"><\/i><span class=\"overlay\"><\/span><img loading=\"lazy\" decoding=\"async\" width=\"150\" height=\"150\" src=\"https:\/\/zxdoll.com\/wp-content\/uploads\/2024\/09\/pinay-sex-doll-uOp33i7-150x150.jpg\" class=\"attachment-thumbnail size-thumbnail\" alt=\"\" title=\"\"><\/a><\/li><li><a data-fancybox=\"gallery110\" href=\"https:\/\/zxdoll.com\/wp-content\/uploads\/2024\/09\/pinay-sex-doll-uOp33i8-533x800.jpg\" class=\"eig-popup\" title=\"\" data-caption=\"\" target=\"_blank\"><i class=\"icon-view\"><\/i><span class=\"overlay\"><\/span><img loading=\"lazy\" decoding=\"async\" width=\"150\" height=\"150\" src=\"https:\/\/zxdoll.com\/wp-content\/uploads\/2024\/09\/pinay-sex-doll-uOp33i8-150x150.jpg\" class=\"attachment-thumbnail size-thumbnail\" alt=\"\" title=\"\"><\/a><\/li><li><a data-fancybox=\"gallery110\" href=\"https:\/\/zxdoll.com\/wp-content\/uploads\/2024\/09\/pinay-sex-doll-uOp33i9-533x800.jpg\" class=\"eig-popup\" title=\"\" data-caption=\"\" target=\"_blank\"><i class=\"icon-view\"><\/i><span class=\"overlay\"><\/span><img loading=\"lazy\" decoding=\"async\" width=\"150\" height=\"150\" src=\"https:\/\/zxdoll.com\/wp-content\/uploads\/2024\/09\/pinay-sex-doll-uOp33i9-150x150.jpg\" class=\"attachment-thumbnail size-thumbnail\" alt=\"\" title=\"\"><\/a><\/li><li><a data-fancybox=\"gallery110\" href=\"https:\/\/zxdoll.com\/wp-content\/uploads\/2024\/09\/pinay-sex-doll-uOp33i10-533x800.jpg\" class=\"eig-popup\" title=\"\" data-caption=\"\" target=\"_blank\"><i class=\"icon-view\"><\/i><span class=\"overlay\"><\/span><img loading=\"lazy\" decoding=\"async\" width=\"150\" height=\"150\" src=\"https:\/\/zxdoll.com\/wp-content\/uploads\/2024\/09\/pinay-sex-doll-uOp33i10-150x150.jpg\" class=\"attachment-thumbnail size-thumbnail\" alt=\"\" title=\"\"><\/a><\/li><li><a data-fancybox=\"gallery110\" href=\"https:\/\/zxdoll.com\/wp-content\/uploads\/2024\/09\/pinay-sex-doll-uOp33i11.jpg\" class=\"eig-popup\" title=\"\" data-caption=\"\" target=\"_blank\"><i class=\"icon-view\"><\/i><span class=\"overlay\"><\/span><img loading=\"lazy\" decoding=\"async\" width=\"150\" height=\"150\" src=\"https:\/\/zxdoll.com\/wp-content\/uploads\/2024\/09\/pinay-sex-doll-uOp33i11-150x150.jpg\" class=\"attachment-thumbnail size-thumbnail\" alt=\"\" title=\"\"><\/a><\/li><li><a data-fancybox=\"gallery110\" href=\"https:\/\/zxdoll.com\/wp-content\/uploads\/2024\/09\/pinay-sex-doll-uOp33i12-533x800.jpg\" class=\"eig-popup\" title=\"\" data-caption=\"\" target=\"_blank\"><i class=\"icon-view\"><\/i><span class=\"overlay\"><\/span><img loading=\"lazy\" decoding=\"async\" width=\"150\" height=\"150\" src=\"https:\/\/zxdoll.com\/wp-content\/uploads\/2024\/09\/pinay-sex-doll-uOp33i12-150x150.jpg\" class=\"attachment-thumbnail size-thumbnail\" alt=\"\" title=\"\"><\/a><\/li><li><a data-fancybox=\"gallery110\" href=\"https:\/\/zxdoll.com\/wp-content\/uploads\/2024\/09\/pinay-sex-doll-uOp33i13-533x800.jpg\" class=\"eig-popup\" title=\"\" data-caption=\"\" target=\"_blank\"><i class=\"icon-view\"><\/i><span class=\"overlay\"><\/span><img loading=\"lazy\" decoding=\"async\" width=\"150\" height=\"150\" src=\"https:\/\/zxdoll.com\/wp-content\/uploads\/2024\/09\/pinay-sex-doll-uOp33i13-150x150.jpg\" class=\"attachment-thumbnail size-thumbnail\" alt=\"\" title=\"\"><\/a><\/li><li><a data-fancybox=\"gallery110\" href=\"https:\/\/zxdoll.com\/wp-content\/uploads\/2024\/09\/pinay-sex-doll-uOp33i14.jpg\" class=\"eig-popup\" title=\"\" data-caption=\"\" target=\"_blank\"><i class=\"icon-view\"><\/i><span class=\"overlay\"><\/span><img loading=\"lazy\" decoding=\"async\" width=\"150\" height=\"150\" src=\"https:\/\/zxdoll.com\/wp-content\/uploads\/2024\/09\/pinay-sex-doll-uOp33i14-150x150.jpg\" class=\"attachment-thumbnail size-thumbnail\" alt=\"\" title=\"\"><\/a><\/li><li><a data-fancybox=\"gallery110\" href=\"https:\/\/zxdoll.com\/wp-content\/uploads\/2024\/09\/pinay-sex-doll-uOp33i15-533x800.jpg\" class=\"eig-popup\" title=\"\" data-caption=\"\" target=\"_blank\"><i class=\"icon-view\"><\/i><span class=\"overlay\"><\/span><img loading=\"lazy\" decoding=\"async\" width=\"150\" height=\"150\" src=\"https:\/\/zxdoll.com\/wp-content\/uploads\/2024\/09\/pinay-sex-doll-uOp33i15-150x150.jpg\" class=\"attachment-thumbnail size-thumbnail\" alt=\"\" title=\"\"><\/a><\/li><li><a data-fancybox=\"gallery110\" href=\"https:\/\/zxdoll.com\/wp-content\/uploads\/2024\/09\/pinay-sex-doll-uOp33i16-533x800.jpg\" class=\"eig-popup\" title=\"\" data-caption=\"\" target=\"_blank\"><i class=\"icon-view\"><\/i><span class=\"overlay\"><\/span><img loading=\"lazy\" decoding=\"async\" width=\"150\" height=\"150\" src=\"https:\/\/zxdoll.com\/wp-content\/uploads\/2024\/09\/pinay-sex-doll-uOp33i16-150x150.jpg\" class=\"attachment-thumbnail size-thumbnail\" alt=\"\" title=\"\"><\/a><\/li><li><a data-fancybox=\"gallery110\" href=\"https:\/\/zxdoll.com\/wp-content\/uploads\/2024\/09\/pinay-sex-doll-uOp33i17-533x800.jpg\" class=\"eig-popup\" title=\"\" data-caption=\"\" target=\"_blank\"><i class=\"icon-view\"><\/i><span class=\"overlay\"><\/span><img loading=\"lazy\" decoding=\"async\" width=\"150\" height=\"150\" src=\"https:\/\/zxdoll.com\/wp-content\/uploads\/2024\/09\/pinay-sex-doll-uOp33i17-150x150.jpg\" class=\"attachment-thumbnail size-thumbnail\" alt=\"\" title=\"\"><\/a><\/li><li><a data-fancybox=\"gallery110\" href=\"https:\/\/zxdoll.com\/wp-content\/uploads\/2024\/09\/pinay-sex-doll-uOp33i18-533x800.jpg\" class=\"eig-popup\" title=\"\" data-caption=\"\" target=\"_blank\"><i class=\"icon-view\"><\/i><span class=\"overlay\"><\/span><img loading=\"lazy\" decoding=\"async\" width=\"150\" height=\"150\" src=\"https:\/\/zxdoll.com\/wp-content\/uploads\/2024\/09\/pinay-sex-doll-uOp33i18-150x150.jpg\" class=\"attachment-thumbnail size-thumbnail\" alt=\"\" title=\"\"><\/a><\/li><li><a data-fancybox=\"gallery110\" href=\"https:\/\/zxdoll.com\/wp-content\/uploads\/2024\/09\/pinay-sex-doll-uOp33i19-533x800.jpg\" class=\"eig-popup\" title=\"\" data-caption=\"\" target=\"_blank\"><i class=\"icon-view\"><\/i><span class=\"overlay\"><\/span><img loading=\"lazy\" decoding=\"async\" width=\"150\" height=\"150\" src=\"https:\/\/zxdoll.com\/wp-content\/uploads\/2024\/09\/pinay-sex-doll-uOp33i19-150x150.jpg\" class=\"attachment-thumbnail size-thumbnail\" alt=\"\" title=\"\"><\/a><\/li><li><a data-fancybox=\"gallery110\" href=\"https:\/\/zxdoll.com\/wp-content\/uploads\/2024\/09\/pinay-sex-doll-uOp33i20-533x800.jpg\" class=\"eig-popup\" title=\"\" data-caption=\"\" target=\"_blank\"><i class=\"icon-view\"><\/i><span class=\"overlay\"><\/span><img loading=\"lazy\" decoding=\"async\" width=\"150\" height=\"150\" src=\"https:\/\/zxdoll.com\/wp-content\/uploads\/2024\/09\/pinay-sex-doll-uOp33i20-150x150.jpg\" class=\"attachment-thumbnail size-thumbnail\" alt=\"\" title=\"\"><\/a><\/li><\/ul>\n<h4>Gr\u00f6\u00dfentabellen<\/h4>\n<table width=\"221\">\n<tbody>\n<tr>\n<td width=\"127\">Material<\/td>\n<td width=\"94\">TPE<\/td>\n<\/tr>\n<tr>\n<td>H\u00f6he<\/td>\n<td width=\"94\">161cm<\/td>\n<\/tr>\n<tr>\n<td>Oberweite<\/td>\n<td width=\"94\">28F<\/td>\n<\/tr>\n<tr>\n<td>Volle B\u00fcste<\/td>\n<td width=\"94\">83cm<\/td>\n<\/tr>\n<tr>\n<td>Taille<\/td>\n<td width=\"94\">50cm<\/td>\n<\/tr>\n<tr>\n<td>H\u00fcfte<\/td>\n<td width=\"94\">89cm<\/td>\n<\/tr>\n<tr>\n<td>Fu\u00df<\/td>\n<td width=\"94\">21cm<\/td>\n<\/tr>\n<tr>\n<td>M\u00fcndliche Tiefe<\/td>\n<td width=\"94\">15cm<\/td>\n<\/tr>\n<tr>\n<td>Vagina-Tiefe<\/td>\n<td width=\"94\">17cm<\/td>\n<\/tr>\n<tr>\n<td>Anale Tiefe<\/td>\n<td width=\"94\">17cm<\/td>\n<\/tr>\n<tr>\n<td width=\"127\">Reingewicht<\/td>\n<td width=\"94\">35kg<\/td>\n<\/tr>\n<\/tbody>\n<\/table>\n<h4>\u00dcber die Sexpuppe<\/h4>\n<p>&nbsp;<\/p>","protected":false},"excerpt":{"rendered":"<p>Sexpuppenbilder Gr\u00f6\u00dfentabellen Material TPE H\u00f6he 161 cm Oberweite 28F Volle Brust 83 cm Taille 50 cm H\u00fcfte 89 cm Fu\u00df<\/p>","protected":false},"featured_media":165648,"comment_status":"open","ping_status":"closed","template":"","meta":[],"product_brand":[],"product_cat":[234,75,229,80,116,167,107,119],"product_tag":[],"class_list":{"0":"post-165512","1":"product","2":"type-product","3":"status-publish","4":"has-post-thumbnail","6":"product_cat-234","7":"product_cat-160cm-170cm-sex-dolls","8":"product_cat-31kg-35kg","9":"product_cat-asian-sex-doll","10":"product_cat-big-boobs-sex-doll","11":"product_cat-life-like-sex-dolls","12":"product_cat-skinny-sex-dolls","13":"product_cat-tpe-sex-doll","14":"pa_brand-se-doll","15":"tm-has-options","17":"first","18":"instock","19":"sale","20":"shipping-taxable","21":"purchasable","22":"product-type-simple"},"_links":{"self":[{"href":"https:\/\/zxdoll.com\/de\/wp-json\/wp\/v2\/product\/165512","targetHints":{"allow":["GET"]}}],"collection":[{"href":"https:\/\/zxdoll.com\/de\/wp-json\/wp\/v2\/product"}],"about":[{"href":"https:\/\/zxdoll.com\/de\/wp-json\/wp\/v2\/types\/product"}],"replies":[{"embeddable":true,"href":"https:\/\/zxdoll.com\/de\/wp-json\/wp\/v2\/comments?post=165512"}],"version-history":[{"count":1,"href":"https:\/\/zxdoll.com\/de\/wp-json\/wp\/v2\/product\/165512\/revisions"}],"predecessor-version":[{"id":165725,"href":"https:\/\/zxdoll.com\/de\/wp-json\/wp\/v2\/product\/165512\/revisions\/165725"}],"wp:featuredmedia":[{"embeddable":true,"href":"https:\/\/zxdoll.com\/de\/wp-json\/wp\/v2\/media\/165648"}],"wp:attachment":[{"href":"https:\/\/zxdoll.com\/de\/wp-json\/wp\/v2\/media?parent=165512"}],"wp:term":[{"taxonomy":"product_brand","embeddable":true,"href":"https:\/\/zxdoll.com\/de\/wp-json\/wp\/v2\/product_brand?post=165512"},{"taxonomy":"product_cat","embeddable":true,"href":"https:\/\/zxdoll.com\/de\/wp-json\/wp\/v2\/product_cat?post=165512"},{"taxonomy":"product_tag","embeddable":true,"href":"https:\/\/zxdoll.com\/de\/wp-json\/wp\/v2\/product_tag?post=165512"}],"curies":[{"name":"wp","href":"https:\/\/api.w.org\/{rel}","templated":true}]}}