{"id":127381,"date":"2023-07-29T05:07:37","date_gmt":"2023-07-28T21:07:37","guid":{"rendered":"https:\/\/zxdoll.com\/?post_type=product&#038;p=127381"},"modified":"2025-09-17T01:54:25","modified_gmt":"2025-09-16T17:54:25","slug":"real-human-doll-have-sex-with-man","status":"publish","type":"product","link":"https:\/\/zxdoll.com\/de\/product\/real-human-doll-have-sex-with-man\/","title":{"rendered":"Echte menschliche Puppe hat Sex mit Mann Stasia 170cm"},"content":{"rendered":"<h4><strong>Bilder von Sexpuppen<\/strong><\/h4>\n\t                <ul class=\"easy-image-gallery thumbnails-19 linked\">\r\n                    <li><a data-fancybox=\"gallery735\" href=\"https:\/\/zxdoll.com\/wp-content\/uploads\/2023\/07\/spartan-lover-doll-8u3e1-533x800.jpg\" class=\"eig-popup\" title=\"\" data-caption=\"\" target=\"_blank\"><i class=\"icon-view\"><\/i><span class=\"overlay\"><\/span><img decoding=\"async\" width=\"150\" height=\"150\" src=\"https:\/\/zxdoll.com\/wp-content\/uploads\/2023\/07\/spartan-lover-doll-8u3e1-150x150.jpg\" class=\"attachment-thumbnail size-thumbnail\" alt=\"\" title=\"\"><\/a><\/li><li><a data-fancybox=\"gallery735\" href=\"https:\/\/zxdoll.com\/wp-content\/uploads\/2023\/07\/spartan-lover-doll-8u3e2-533x800.jpg\" class=\"eig-popup\" title=\"\" data-caption=\"\" target=\"_blank\"><i class=\"icon-view\"><\/i><span class=\"overlay\"><\/span><img decoding=\"async\" width=\"150\" height=\"150\" src=\"https:\/\/zxdoll.com\/wp-content\/uploads\/2023\/07\/spartan-lover-doll-8u3e2-150x150.jpg\" class=\"attachment-thumbnail size-thumbnail\" alt=\"\" title=\"\"><\/a><\/li><li><a data-fancybox=\"gallery735\" href=\"https:\/\/zxdoll.com\/wp-content\/uploads\/2023\/07\/spartan-lover-doll-8u3e3-533x800.jpg\" class=\"eig-popup\" title=\"\" data-caption=\"\" target=\"_blank\"><i class=\"icon-view\"><\/i><span class=\"overlay\"><\/span><img decoding=\"async\" width=\"150\" height=\"150\" src=\"https:\/\/zxdoll.com\/wp-content\/uploads\/2023\/07\/spartan-lover-doll-8u3e3-150x150.jpg\" class=\"attachment-thumbnail size-thumbnail\" alt=\"\" title=\"\"><\/a><\/li><li><a data-fancybox=\"gallery735\" href=\"https:\/\/zxdoll.com\/wp-content\/uploads\/2023\/07\/spartan-lover-doll-8u3e4-533x800.jpg\" class=\"eig-popup\" title=\"\" data-caption=\"\" target=\"_blank\"><i class=\"icon-view\"><\/i><span class=\"overlay\"><\/span><img loading=\"lazy\" decoding=\"async\" width=\"150\" height=\"150\" src=\"https:\/\/zxdoll.com\/wp-content\/uploads\/2023\/07\/spartan-lover-doll-8u3e4-150x150.jpg\" class=\"attachment-thumbnail size-thumbnail\" alt=\"\" title=\"\"><\/a><\/li><li><a data-fancybox=\"gallery735\" href=\"https:\/\/zxdoll.com\/wp-content\/uploads\/2023\/07\/spartan-lover-doll-8u3e5-533x800.jpg\" class=\"eig-popup\" title=\"\" data-caption=\"\" target=\"_blank\"><i class=\"icon-view\"><\/i><span class=\"overlay\"><\/span><img loading=\"lazy\" decoding=\"async\" width=\"150\" height=\"150\" src=\"https:\/\/zxdoll.com\/wp-content\/uploads\/2023\/07\/spartan-lover-doll-8u3e5-150x150.jpg\" class=\"attachment-thumbnail size-thumbnail\" alt=\"\" title=\"\"><\/a><\/li><li><a data-fancybox=\"gallery735\" href=\"https:\/\/zxdoll.com\/wp-content\/uploads\/2023\/07\/spartan-lover-doll-8u3e6-533x800.jpg\" class=\"eig-popup\" title=\"\" data-caption=\"\" target=\"_blank\"><i class=\"icon-view\"><\/i><span class=\"overlay\"><\/span><img loading=\"lazy\" decoding=\"async\" width=\"150\" height=\"150\" src=\"https:\/\/zxdoll.com\/wp-content\/uploads\/2023\/07\/spartan-lover-doll-8u3e6-150x150.jpg\" class=\"attachment-thumbnail size-thumbnail\" alt=\"\" title=\"\"><\/a><\/li><li><a data-fancybox=\"gallery735\" href=\"https:\/\/zxdoll.com\/wp-content\/uploads\/2023\/07\/spartan-lover-doll-8u3e7-533x800.jpg\" class=\"eig-popup\" title=\"\" data-caption=\"\" target=\"_blank\"><i class=\"icon-view\"><\/i><span class=\"overlay\"><\/span><img loading=\"lazy\" decoding=\"async\" width=\"150\" height=\"150\" src=\"https:\/\/zxdoll.com\/wp-content\/uploads\/2023\/07\/spartan-lover-doll-8u3e7-150x150.jpg\" class=\"attachment-thumbnail size-thumbnail\" alt=\"\" title=\"\"><\/a><\/li><li><a data-fancybox=\"gallery735\" href=\"https:\/\/zxdoll.com\/wp-content\/uploads\/2023\/07\/spartan-lover-doll-8u3e8-533x800.jpg\" class=\"eig-popup\" title=\"\" data-caption=\"\" target=\"_blank\"><i class=\"icon-view\"><\/i><span class=\"overlay\"><\/span><img loading=\"lazy\" decoding=\"async\" width=\"150\" height=\"150\" src=\"https:\/\/zxdoll.com\/wp-content\/uploads\/2023\/07\/spartan-lover-doll-8u3e8-150x150.jpg\" class=\"attachment-thumbnail size-thumbnail\" alt=\"\" title=\"\"><\/a><\/li><li><a data-fancybox=\"gallery735\" href=\"https:\/\/zxdoll.com\/wp-content\/uploads\/2023\/07\/spartan-lover-doll-8u3e9-533x800.jpg\" class=\"eig-popup\" title=\"\" data-caption=\"\" target=\"_blank\"><i class=\"icon-view\"><\/i><span class=\"overlay\"><\/span><img loading=\"lazy\" decoding=\"async\" width=\"150\" height=\"150\" src=\"https:\/\/zxdoll.com\/wp-content\/uploads\/2023\/07\/spartan-lover-doll-8u3e9-150x150.jpg\" class=\"attachment-thumbnail size-thumbnail\" alt=\"\" title=\"\"><\/a><\/li><li><a data-fancybox=\"gallery735\" href=\"https:\/\/zxdoll.com\/wp-content\/uploads\/2023\/07\/spartan-lover-doll-8u3e10-533x800.jpg\" class=\"eig-popup\" title=\"\" data-caption=\"\" target=\"_blank\"><i class=\"icon-view\"><\/i><span class=\"overlay\"><\/span><img loading=\"lazy\" decoding=\"async\" width=\"150\" height=\"150\" src=\"https:\/\/zxdoll.com\/wp-content\/uploads\/2023\/07\/spartan-lover-doll-8u3e10-150x150.jpg\" class=\"attachment-thumbnail size-thumbnail\" alt=\"\" title=\"\"><\/a><\/li><li><a data-fancybox=\"gallery735\" href=\"https:\/\/zxdoll.com\/wp-content\/uploads\/2023\/07\/spartan-lover-doll-8u3e11-533x800.jpg\" class=\"eig-popup\" title=\"\" data-caption=\"\" target=\"_blank\"><i class=\"icon-view\"><\/i><span class=\"overlay\"><\/span><img loading=\"lazy\" decoding=\"async\" width=\"150\" height=\"150\" src=\"https:\/\/zxdoll.com\/wp-content\/uploads\/2023\/07\/spartan-lover-doll-8u3e11-150x150.jpg\" class=\"attachment-thumbnail size-thumbnail\" alt=\"\" title=\"\"><\/a><\/li><li><a data-fancybox=\"gallery735\" href=\"https:\/\/zxdoll.com\/wp-content\/uploads\/2023\/07\/spartan-lover-doll-8u3e12-533x800.jpg\" class=\"eig-popup\" title=\"\" data-caption=\"\" target=\"_blank\"><i class=\"icon-view\"><\/i><span class=\"overlay\"><\/span><img loading=\"lazy\" decoding=\"async\" width=\"150\" height=\"150\" src=\"https:\/\/zxdoll.com\/wp-content\/uploads\/2023\/07\/spartan-lover-doll-8u3e12-150x150.jpg\" class=\"attachment-thumbnail size-thumbnail\" alt=\"\" title=\"\"><\/a><\/li><li><a data-fancybox=\"gallery735\" href=\"https:\/\/zxdoll.com\/wp-content\/uploads\/2023\/07\/spartan-lover-doll-8u3e13-533x800.jpg\" class=\"eig-popup\" title=\"\" data-caption=\"\" target=\"_blank\"><i class=\"icon-view\"><\/i><span class=\"overlay\"><\/span><img loading=\"lazy\" decoding=\"async\" width=\"150\" height=\"150\" src=\"https:\/\/zxdoll.com\/wp-content\/uploads\/2023\/07\/spartan-lover-doll-8u3e13-150x150.jpg\" class=\"attachment-thumbnail size-thumbnail\" alt=\"\" title=\"\"><\/a><\/li><li><a data-fancybox=\"gallery735\" href=\"https:\/\/zxdoll.com\/wp-content\/uploads\/2023\/07\/spartan-lover-doll-8u3e14-533x800.jpg\" class=\"eig-popup\" title=\"\" data-caption=\"\" target=\"_blank\"><i class=\"icon-view\"><\/i><span class=\"overlay\"><\/span><img loading=\"lazy\" decoding=\"async\" width=\"150\" height=\"150\" src=\"https:\/\/zxdoll.com\/wp-content\/uploads\/2023\/07\/spartan-lover-doll-8u3e14-150x150.jpg\" class=\"attachment-thumbnail size-thumbnail\" alt=\"\" title=\"\"><\/a><\/li><li><a data-fancybox=\"gallery735\" href=\"https:\/\/zxdoll.com\/wp-content\/uploads\/2023\/07\/spartan-lover-doll-8u3e15-533x800.jpg\" class=\"eig-popup\" title=\"\" data-caption=\"\" target=\"_blank\"><i class=\"icon-view\"><\/i><span class=\"overlay\"><\/span><img loading=\"lazy\" decoding=\"async\" width=\"150\" height=\"150\" src=\"https:\/\/zxdoll.com\/wp-content\/uploads\/2023\/07\/spartan-lover-doll-8u3e15-150x150.jpg\" class=\"attachment-thumbnail size-thumbnail\" alt=\"\" title=\"\"><\/a><\/li><li><a data-fancybox=\"gallery735\" href=\"https:\/\/zxdoll.com\/wp-content\/uploads\/2023\/07\/spartan-lover-doll-8u3e16-533x800.jpg\" class=\"eig-popup\" title=\"\" data-caption=\"\" target=\"_blank\"><i class=\"icon-view\"><\/i><span class=\"overlay\"><\/span><img loading=\"lazy\" decoding=\"async\" width=\"150\" height=\"150\" src=\"https:\/\/zxdoll.com\/wp-content\/uploads\/2023\/07\/spartan-lover-doll-8u3e16-150x150.jpg\" class=\"attachment-thumbnail size-thumbnail\" alt=\"\" title=\"\"><\/a><\/li><li><a data-fancybox=\"gallery735\" href=\"https:\/\/zxdoll.com\/wp-content\/uploads\/2023\/07\/spartan-lover-doll-8u3e17-533x800.jpg\" class=\"eig-popup\" title=\"\" data-caption=\"\" target=\"_blank\"><i class=\"icon-view\"><\/i><span class=\"overlay\"><\/span><img loading=\"lazy\" decoding=\"async\" width=\"150\" height=\"150\" src=\"https:\/\/zxdoll.com\/wp-content\/uploads\/2023\/07\/spartan-lover-doll-8u3e17-150x150.jpg\" class=\"attachment-thumbnail size-thumbnail\" alt=\"\" title=\"\"><\/a><\/li><li><a data-fancybox=\"gallery735\" href=\"https:\/\/zxdoll.com\/wp-content\/uploads\/2023\/07\/spartan-lover-doll-8u3e18.jpg\" class=\"eig-popup\" title=\"\" data-caption=\"\" target=\"_blank\"><i class=\"icon-view\"><\/i><span class=\"overlay\"><\/span><img loading=\"lazy\" decoding=\"async\" width=\"100\" height=\"150\" src=\"https:\/\/zxdoll.com\/wp-content\/uploads\/2023\/07\/spartan-lover-doll-8u3e18.jpg\" class=\"attachment-thumbnail size-thumbnail\" alt=\"\" title=\"\"><\/a><\/li><li><a data-fancybox=\"gallery735\" href=\"https:\/\/zxdoll.com\/wp-content\/uploads\/2023\/07\/spartan-lover-doll-8u3e19-533x800.jpg\" class=\"eig-popup\" title=\"\" data-caption=\"\" target=\"_blank\"><i class=\"icon-view\"><\/i><span class=\"overlay\"><\/span><img loading=\"lazy\" decoding=\"async\" width=\"150\" height=\"150\" src=\"https:\/\/zxdoll.com\/wp-content\/uploads\/2023\/07\/spartan-lover-doll-8u3e19-150x150.jpg\" class=\"attachment-thumbnail size-thumbnail\" alt=\"\" title=\"\"><\/a><\/li><\/ul>\n<h4>Gr\u00f6\u00dfentabellen<\/h4>\n<table width=\"284\">\n<tbody>\n<tr>\n<td width=\"145\">Material<\/td>\n<td width=\"139\">Vollsilikon<\/td>\n<\/tr>\n<tr>\n<td>H\u00f6he<\/td>\n<td>170cm<\/td>\n<\/tr>\n<tr>\n<td>Tasse<\/td>\n<td>C<\/td>\n<\/tr>\n<tr>\n<td>Reingewicht<\/td>\n<td>36kg<\/td>\n<\/tr>\n<tr>\n<td>Volle B\u00fcste<\/td>\n<td>88cm<\/td>\n<\/tr>\n<tr>\n<td>Unter Fehlschlag<\/td>\n<td>72cm<\/td>\n<\/tr>\n<tr>\n<td>Taille<\/td>\n<td>65cm<\/td>\n<\/tr>\n<tr>\n<td>H\u00fcfte<\/td>\n<td>94cm<\/td>\n<\/tr>\n<tr>\n<td>Schulterbreite<\/td>\n<td>40cm<\/td>\n<\/tr>\n<tr>\n<td>Arml\u00e4nge<\/td>\n<td>68cm<\/td>\n<\/tr>\n<tr>\n<td>Beinl\u00e4nge<\/td>\n<td>78cm<\/td>\n<\/tr>\n<tr>\n<td>Fu\u00dfgr\u00f6\u00dfe<\/td>\n<td>23cm<\/td>\n<\/tr>\n<tr>\n<td>Vagina-Tiefe<\/td>\n<td>17cm<\/td>\n<\/tr>\n<tr>\n<td>Anale Tiefe<\/td>\n<td>16cm<\/td>\n<\/tr>\n<\/tbody>\n<\/table>\n<h4>\u00dcber die Sexpuppe<\/h4>\n<p>&nbsp;<\/p>","protected":false},"excerpt":{"rendered":"<p>Sexpuppenbilder Gr\u00f6\u00dfentabellen Material Vollsilikon H\u00f6he 170 cm K\u00f6rbchengr\u00f6\u00dfe C Nettogewicht 36 kg Volle Brust 88 cm unter der Brust<\/p>","protected":false},"featured_media":127591,"comment_status":"open","ping_status":"closed","template":"","meta":[],"product_brand":[],"product_cat":[110,75,230,163,107,117],"product_tag":[],"class_list":{"0":"post-127381","1":"product","2":"type-product","3":"status-publish","4":"has-post-thumbnail","6":"product_cat-silicone-sex-doll","7":"product_cat-160cm-170cm-sex-dolls","8":"product_cat-36kg-40kg","9":"product_cat-full-body-sex-doll","10":"product_cat-skinny-sex-dolls","11":"product_cat-small-breast-sex-doll","12":"pa_brand-zelex-doll","13":"tm-has-options","15":"first","16":"instock","17":"sale","18":"shipping-taxable","19":"purchasable","20":"product-type-simple"},"_links":{"self":[{"href":"https:\/\/zxdoll.com\/de\/wp-json\/wp\/v2\/product\/127381","targetHints":{"allow":["GET"]}}],"collection":[{"href":"https:\/\/zxdoll.com\/de\/wp-json\/wp\/v2\/product"}],"about":[{"href":"https:\/\/zxdoll.com\/de\/wp-json\/wp\/v2\/types\/product"}],"replies":[{"embeddable":true,"href":"https:\/\/zxdoll.com\/de\/wp-json\/wp\/v2\/comments?post=127381"}],"version-history":[{"count":2,"href":"https:\/\/zxdoll.com\/de\/wp-json\/wp\/v2\/product\/127381\/revisions"}],"predecessor-version":[{"id":127602,"href":"https:\/\/zxdoll.com\/de\/wp-json\/wp\/v2\/product\/127381\/revisions\/127602"}],"wp:featuredmedia":[{"embeddable":true,"href":"https:\/\/zxdoll.com\/de\/wp-json\/wp\/v2\/media\/127591"}],"wp:attachment":[{"href":"https:\/\/zxdoll.com\/de\/wp-json\/wp\/v2\/media?parent=127381"}],"wp:term":[{"taxonomy":"product_brand","embeddable":true,"href":"https:\/\/zxdoll.com\/de\/wp-json\/wp\/v2\/product_brand?post=127381"},{"taxonomy":"product_cat","embeddable":true,"href":"https:\/\/zxdoll.com\/de\/wp-json\/wp\/v2\/product_cat?post=127381"},{"taxonomy":"product_tag","embeddable":true,"href":"https:\/\/zxdoll.com\/de\/wp-json\/wp\/v2\/product_tag?post=127381"}],"curies":[{"name":"wp","href":"https:\/\/api.w.org\/{rel}","templated":true}]}}