{"id":117480,"date":"2023-07-26T01:06:55","date_gmt":"2023-07-25T17:06:55","guid":{"rendered":"https:\/\/zxdoll.com\/?post_type=product&#038;p=117480"},"modified":"2025-09-12T21:41:59","modified_gmt":"2025-09-12T13:41:59","slug":"amazon-sex-air-doll-boobs","status":"publish","type":"product","link":"https:\/\/zxdoll.com\/de\/product\/amazon-sex-air-doll-boobs\/","title":{"rendered":"Amazon Sex Air Puppe Br\u00fcste Devina 167cm"},"content":{"rendered":"<h4><strong>Bilder von Sexpuppen<\/strong><\/h4>\n\t                <ul class=\"easy-image-gallery thumbnails-14 linked\">\r\n                    <li><a data-fancybox=\"gallery688\" href=\"https:\/\/zxdoll.com\/wp-content\/uploads\/2023\/07\/asuna-sex-doll-dxfvt1-533x800.jpg\" class=\"eig-popup\" title=\"\" data-caption=\"\" target=\"_blank\"><i class=\"icon-view\"><\/i><span class=\"overlay\"><\/span><img decoding=\"async\" width=\"150\" height=\"150\" src=\"https:\/\/zxdoll.com\/wp-content\/uploads\/2023\/07\/asuna-sex-doll-dxfvt1-150x150.jpg\" class=\"attachment-thumbnail size-thumbnail\" alt=\"\" title=\"\"><\/a><\/li><li><a data-fancybox=\"gallery688\" href=\"https:\/\/zxdoll.com\/wp-content\/uploads\/2023\/07\/asuna-sex-doll-dxfvt2.jpg\" class=\"eig-popup\" title=\"\" data-caption=\"\" target=\"_blank\"><i class=\"icon-view\"><\/i><span class=\"overlay\"><\/span><img decoding=\"async\" width=\"150\" height=\"150\" src=\"https:\/\/zxdoll.com\/wp-content\/uploads\/2023\/07\/asuna-sex-doll-dxfvt2-150x150.jpg\" class=\"attachment-thumbnail size-thumbnail\" alt=\"\" title=\"\"><\/a><\/li><li><a data-fancybox=\"gallery688\" href=\"https:\/\/zxdoll.com\/wp-content\/uploads\/2023\/07\/asuna-sex-doll-dxfvt3-533x800.jpg\" class=\"eig-popup\" title=\"\" data-caption=\"\" target=\"_blank\"><i class=\"icon-view\"><\/i><span class=\"overlay\"><\/span><img decoding=\"async\" width=\"150\" height=\"150\" src=\"https:\/\/zxdoll.com\/wp-content\/uploads\/2023\/07\/asuna-sex-doll-dxfvt3-150x150.jpg\" class=\"attachment-thumbnail size-thumbnail\" alt=\"\" title=\"\"><\/a><\/li><li><a data-fancybox=\"gallery688\" href=\"https:\/\/zxdoll.com\/wp-content\/uploads\/2023\/07\/asuna-sex-doll-dxfvt4-533x800.jpg\" class=\"eig-popup\" title=\"\" data-caption=\"\" target=\"_blank\"><i class=\"icon-view\"><\/i><span class=\"overlay\"><\/span><img loading=\"lazy\" decoding=\"async\" width=\"150\" height=\"150\" src=\"https:\/\/zxdoll.com\/wp-content\/uploads\/2023\/07\/asuna-sex-doll-dxfvt4-150x150.jpg\" class=\"attachment-thumbnail size-thumbnail\" alt=\"\" title=\"\"><\/a><\/li><li><a data-fancybox=\"gallery688\" href=\"https:\/\/zxdoll.com\/wp-content\/uploads\/2023\/07\/asuna-sex-doll-dxfvt5.jpg\" class=\"eig-popup\" title=\"\" data-caption=\"\" target=\"_blank\"><i class=\"icon-view\"><\/i><span class=\"overlay\"><\/span><img loading=\"lazy\" decoding=\"async\" width=\"150\" height=\"150\" src=\"https:\/\/zxdoll.com\/wp-content\/uploads\/2023\/07\/asuna-sex-doll-dxfvt5-150x150.jpg\" class=\"attachment-thumbnail size-thumbnail\" alt=\"\" title=\"\"><\/a><\/li><li><a data-fancybox=\"gallery688\" href=\"https:\/\/zxdoll.com\/wp-content\/uploads\/2023\/07\/asuna-sex-doll-dxfvt6-533x800.jpg\" class=\"eig-popup\" title=\"\" data-caption=\"\" target=\"_blank\"><i class=\"icon-view\"><\/i><span class=\"overlay\"><\/span><img loading=\"lazy\" decoding=\"async\" width=\"150\" height=\"150\" src=\"https:\/\/zxdoll.com\/wp-content\/uploads\/2023\/07\/asuna-sex-doll-dxfvt6-150x150.jpg\" class=\"attachment-thumbnail size-thumbnail\" alt=\"\" title=\"\"><\/a><\/li><li><a data-fancybox=\"gallery688\" href=\"https:\/\/zxdoll.com\/wp-content\/uploads\/2023\/07\/asuna-sex-doll-dxfvt7.jpg\" class=\"eig-popup\" title=\"\" data-caption=\"\" target=\"_blank\"><i class=\"icon-view\"><\/i><span class=\"overlay\"><\/span><img loading=\"lazy\" decoding=\"async\" width=\"150\" height=\"150\" src=\"https:\/\/zxdoll.com\/wp-content\/uploads\/2023\/07\/asuna-sex-doll-dxfvt7-150x150.jpg\" class=\"attachment-thumbnail size-thumbnail\" alt=\"\" title=\"\"><\/a><\/li><li><a data-fancybox=\"gallery688\" href=\"https:\/\/zxdoll.com\/wp-content\/uploads\/2023\/07\/asuna-sex-doll-dxfvt8-533x800.jpg\" class=\"eig-popup\" title=\"\" data-caption=\"\" target=\"_blank\"><i class=\"icon-view\"><\/i><span class=\"overlay\"><\/span><img loading=\"lazy\" decoding=\"async\" width=\"150\" height=\"150\" src=\"https:\/\/zxdoll.com\/wp-content\/uploads\/2023\/07\/asuna-sex-doll-dxfvt8-150x150.jpg\" class=\"attachment-thumbnail size-thumbnail\" alt=\"\" title=\"\"><\/a><\/li><li><a data-fancybox=\"gallery688\" href=\"https:\/\/zxdoll.com\/wp-content\/uploads\/2023\/07\/asuna-sex-doll-dxfvt9-533x800.jpg\" class=\"eig-popup\" title=\"\" data-caption=\"\" target=\"_blank\"><i class=\"icon-view\"><\/i><span class=\"overlay\"><\/span><img loading=\"lazy\" decoding=\"async\" width=\"150\" height=\"150\" src=\"https:\/\/zxdoll.com\/wp-content\/uploads\/2023\/07\/asuna-sex-doll-dxfvt9-150x150.jpg\" class=\"attachment-thumbnail size-thumbnail\" alt=\"\" title=\"\"><\/a><\/li><li><a data-fancybox=\"gallery688\" href=\"https:\/\/zxdoll.com\/wp-content\/uploads\/2023\/07\/asuna-sex-doll-dxfvt10-533x800.jpg\" class=\"eig-popup\" title=\"\" data-caption=\"\" target=\"_blank\"><i class=\"icon-view\"><\/i><span class=\"overlay\"><\/span><img loading=\"lazy\" decoding=\"async\" width=\"150\" height=\"150\" src=\"https:\/\/zxdoll.com\/wp-content\/uploads\/2023\/07\/asuna-sex-doll-dxfvt10-150x150.jpg\" class=\"attachment-thumbnail size-thumbnail\" alt=\"\" title=\"\"><\/a><\/li><li><a data-fancybox=\"gallery688\" href=\"https:\/\/zxdoll.com\/wp-content\/uploads\/2023\/07\/asuna-sex-doll-dxfvt11-533x800.jpg\" class=\"eig-popup\" title=\"\" data-caption=\"\" target=\"_blank\"><i class=\"icon-view\"><\/i><span class=\"overlay\"><\/span><img loading=\"lazy\" decoding=\"async\" width=\"150\" height=\"150\" src=\"https:\/\/zxdoll.com\/wp-content\/uploads\/2023\/07\/asuna-sex-doll-dxfvt11-150x150.jpg\" class=\"attachment-thumbnail size-thumbnail\" alt=\"\" title=\"\"><\/a><\/li><li><a data-fancybox=\"gallery688\" href=\"https:\/\/zxdoll.com\/wp-content\/uploads\/2023\/07\/asuna-sex-doll-dxfvt12.jpg\" class=\"eig-popup\" title=\"\" data-caption=\"\" target=\"_blank\"><i class=\"icon-view\"><\/i><span class=\"overlay\"><\/span><img loading=\"lazy\" decoding=\"async\" width=\"150\" height=\"150\" src=\"https:\/\/zxdoll.com\/wp-content\/uploads\/2023\/07\/asuna-sex-doll-dxfvt12-150x150.jpg\" class=\"attachment-thumbnail size-thumbnail\" alt=\"\" title=\"\"><\/a><\/li><li><a data-fancybox=\"gallery688\" href=\"https:\/\/zxdoll.com\/wp-content\/uploads\/2023\/07\/asuna-sex-doll-dxfvt13.jpg\" class=\"eig-popup\" title=\"\" data-caption=\"\" target=\"_blank\"><i class=\"icon-view\"><\/i><span class=\"overlay\"><\/span><img loading=\"lazy\" decoding=\"async\" width=\"100\" height=\"150\" src=\"https:\/\/zxdoll.com\/wp-content\/uploads\/2023\/07\/asuna-sex-doll-dxfvt13.jpg\" class=\"attachment-thumbnail size-thumbnail\" alt=\"\" title=\"\"><\/a><\/li><li><a data-fancybox=\"gallery688\" href=\"https:\/\/zxdoll.com\/wp-content\/uploads\/2023\/07\/asuna-sex-doll-dxfvt14.jpg\" class=\"eig-popup\" title=\"\" data-caption=\"\" target=\"_blank\"><i class=\"icon-view\"><\/i><span class=\"overlay\"><\/span><img loading=\"lazy\" decoding=\"async\" width=\"150\" height=\"150\" src=\"https:\/\/zxdoll.com\/wp-content\/uploads\/2023\/07\/asuna-sex-doll-dxfvt14-150x150.jpg\" class=\"attachment-thumbnail size-thumbnail\" alt=\"\" title=\"\"><\/a><\/li><\/ul>\n<h4>Gr\u00f6\u00dfentabellen<\/h4>\n<table width=\"236\">\n<tbody>\n<tr>\n<td width=\"129\">Material<\/td>\n<td width=\"107\">TPE<\/td>\n<\/tr>\n<tr>\n<td>K\u00f6rpergr\u00f6\u00dfe<\/td>\n<td>167 cm J-K\u00f6rbchen<\/td>\n<\/tr>\n<tr>\n<td>Reingewicht<\/td>\n<td>41kg<\/td>\n<\/tr>\n<tr>\n<td>Volle B\u00fcste<\/td>\n<td>98cm<\/td>\n<\/tr>\n<tr>\n<td>Taille<\/td>\n<td>62cm<\/td>\n<\/tr>\n<tr>\n<td>H\u00fcfte<\/td>\n<td>95cm<\/td>\n<\/tr>\n<tr>\n<td>Fu\u00dfl\u00e4nge<\/td>\n<td>21cm<\/td>\n<\/tr>\n<tr>\n<td>Schulter<\/td>\n<td>34cm<\/td>\n<\/tr>\n<tr>\n<td>Vagina-Tiefe<\/td>\n<td>18cm<\/td>\n<\/tr>\n<tr>\n<td>Anustiefe<\/td>\n<td>15cm<\/td>\n<\/tr>\n<tr>\n<td>M\u00fcndliche Tiefe<\/td>\n<td>12cm<\/td>\n<\/tr>\n<\/tbody>\n<\/table>\n<h4>\u00dcber die Sexpuppe<\/h4>\n<p>&nbsp;<\/p>","protected":false},"excerpt":{"rendered":"<p>Sexpuppenbilder Gr\u00f6\u00dfentabellen Material TPE K\u00f6rpergr\u00f6\u00dfe 167 cm J-K\u00f6rbchen Nettogewicht 41 kg Volle Brust 98 cm Taille 62 cm H\u00fcfte<\/p>","protected":false},"featured_media":117496,"comment_status":"open","ping_status":"closed","template":"","meta":[],"product_brand":[],"product_cat":[119,75,231,116,115,154,107],"product_tag":[],"class_list":{"0":"post-117480","1":"product","2":"type-product","3":"status-publish","4":"has-post-thumbnail","6":"product_cat-tpe-sex-doll","7":"product_cat-160cm-170cm-sex-dolls","8":"product_cat-41kg-45kg","9":"product_cat-big-boobs-sex-doll","10":"product_cat-big-booty-sex-doll","11":"product_cat-full-size-sex-doll","12":"product_cat-skinny-sex-dolls","13":"pa_brand-jinsan-doll","14":"tm-has-options","16":"first","17":"instock","18":"sale","19":"shipping-taxable","20":"purchasable","21":"product-type-simple"},"_links":{"self":[{"href":"https:\/\/zxdoll.com\/de\/wp-json\/wp\/v2\/product\/117480","targetHints":{"allow":["GET"]}}],"collection":[{"href":"https:\/\/zxdoll.com\/de\/wp-json\/wp\/v2\/product"}],"about":[{"href":"https:\/\/zxdoll.com\/de\/wp-json\/wp\/v2\/types\/product"}],"replies":[{"embeddable":true,"href":"https:\/\/zxdoll.com\/de\/wp-json\/wp\/v2\/comments?post=117480"}],"version-history":[{"count":3,"href":"https:\/\/zxdoll.com\/de\/wp-json\/wp\/v2\/product\/117480\/revisions"}],"predecessor-version":[{"id":186753,"href":"https:\/\/zxdoll.com\/de\/wp-json\/wp\/v2\/product\/117480\/revisions\/186753"}],"wp:featuredmedia":[{"embeddable":true,"href":"https:\/\/zxdoll.com\/de\/wp-json\/wp\/v2\/media\/117496"}],"wp:attachment":[{"href":"https:\/\/zxdoll.com\/de\/wp-json\/wp\/v2\/media?parent=117480"}],"wp:term":[{"taxonomy":"product_brand","embeddable":true,"href":"https:\/\/zxdoll.com\/de\/wp-json\/wp\/v2\/product_brand?post=117480"},{"taxonomy":"product_cat","embeddable":true,"href":"https:\/\/zxdoll.com\/de\/wp-json\/wp\/v2\/product_cat?post=117480"},{"taxonomy":"product_tag","embeddable":true,"href":"https:\/\/zxdoll.com\/de\/wp-json\/wp\/v2\/product_tag?post=117480"}],"curies":[{"name":"wp","href":"https:\/\/api.w.org\/{rel}","templated":true}]}}