{"id":102634,"date":"2023-07-18T13:58:56","date_gmt":"2023-07-18T05:58:56","guid":{"rendered":"https:\/\/zxdoll.com\/?post_type=product&#038;p=102634"},"modified":"2023-09-26T17:29:47","modified_gmt":"2023-09-26T09:29:47","slug":"compact-old-man-romantic-doll-sex","status":"publish","type":"product","link":"https:\/\/zxdoll.com\/de\/product\/compact-old-man-romantic-doll-sex\/","title":{"rendered":"Kompakte harte Frau Romantische Sexpuppe Krissy 35,5 cm"},"content":{"rendered":"<h4><strong>Bilder von Sexpuppen<\/strong><\/h4>\n\t                <ul class=\"easy-image-gallery thumbnails-10 linked\">\r\n                    <li><a data-fancybox=\"gallery949\" href=\"https:\/\/zxdoll.com\/wp-content\/uploads\/2023\/07\/doll-ass-sex-shuk1-877x800.jpg\" class=\"eig-popup\" title=\"\" data-caption=\"\" target=\"_blank\"><i class=\"icon-view\"><\/i><span class=\"overlay\"><\/span><img decoding=\"async\" width=\"150\" height=\"150\" src=\"https:\/\/zxdoll.com\/wp-content\/uploads\/2023\/07\/doll-ass-sex-shuk1-150x150.jpg\" class=\"attachment-thumbnail size-thumbnail\" alt=\"\" srcset=\"https:\/\/zxdoll.com\/wp-content\/uploads\/2023\/07\/doll-ass-sex-shuk1-150x150.jpg 150w, https:\/\/zxdoll.com\/wp-content\/uploads\/2023\/07\/doll-ass-sex-shuk1-13x12.jpg 13w\" sizes=\"(max-width: 150px) 100vw, 150px\" title=\"\"><\/a><\/li><li><a data-fancybox=\"gallery949\" href=\"https:\/\/zxdoll.com\/wp-content\/uploads\/2023\/07\/doll-ass-sex-shuk2.jpg\" class=\"eig-popup\" title=\"\" data-caption=\"\" target=\"_blank\"><i class=\"icon-view\"><\/i><span class=\"overlay\"><\/span><img decoding=\"async\" width=\"150\" height=\"150\" src=\"https:\/\/zxdoll.com\/wp-content\/uploads\/2023\/07\/doll-ass-sex-shuk2-150x150.jpg\" class=\"attachment-thumbnail size-thumbnail\" alt=\"\" title=\"\"><\/a><\/li><li><a data-fancybox=\"gallery949\" href=\"https:\/\/zxdoll.com\/wp-content\/uploads\/2023\/07\/doll-ass-sex-shuk3-800x800.jpg\" class=\"eig-popup\" title=\"\" data-caption=\"\" target=\"_blank\"><i class=\"icon-view\"><\/i><span class=\"overlay\"><\/span><img decoding=\"async\" width=\"150\" height=\"150\" src=\"https:\/\/zxdoll.com\/wp-content\/uploads\/2023\/07\/doll-ass-sex-shuk3-150x150.jpg\" class=\"attachment-thumbnail size-thumbnail\" alt=\"\" srcset=\"https:\/\/zxdoll.com\/wp-content\/uploads\/2023\/07\/doll-ass-sex-shuk3-150x150.jpg 150w, https:\/\/zxdoll.com\/wp-content\/uploads\/2023\/07\/doll-ass-sex-shuk3-300x300.jpg 300w, https:\/\/zxdoll.com\/wp-content\/uploads\/2023\/07\/doll-ass-sex-shuk3-800x800.jpg 800w, https:\/\/zxdoll.com\/wp-content\/uploads\/2023\/07\/doll-ass-sex-shuk3-768x768.jpg 768w, https:\/\/zxdoll.com\/wp-content\/uploads\/2023\/07\/doll-ass-sex-shuk3-12x12.jpg 12w, https:\/\/zxdoll.com\/wp-content\/uploads\/2023\/07\/doll-ass-sex-shuk3-860x860.jpg 860w, https:\/\/zxdoll.com\/wp-content\/uploads\/2023\/07\/doll-ass-sex-shuk3-430x430.jpg 430w, https:\/\/zxdoll.com\/wp-content\/uploads\/2023\/07\/doll-ass-sex-shuk3-700x700.jpg 700w, https:\/\/zxdoll.com\/wp-content\/uploads\/2023\/07\/doll-ass-sex-shuk3.jpg 900w\" sizes=\"(max-width: 150px) 100vw, 150px\" title=\"\"><\/a><\/li><li><a data-fancybox=\"gallery949\" href=\"https:\/\/zxdoll.com\/wp-content\/uploads\/2023\/07\/doll-ass-sex-shuk4-638x800.jpg\" class=\"eig-popup\" title=\"\" data-caption=\"\" target=\"_blank\"><i class=\"icon-view\"><\/i><span class=\"overlay\"><\/span><img loading=\"lazy\" decoding=\"async\" width=\"150\" height=\"150\" src=\"https:\/\/zxdoll.com\/wp-content\/uploads\/2023\/07\/doll-ass-sex-shuk4-150x150.jpg\" class=\"attachment-thumbnail size-thumbnail\" alt=\"\" title=\"\"><\/a><\/li><li><a data-fancybox=\"gallery949\" href=\"https:\/\/zxdoll.com\/wp-content\/uploads\/2023\/07\/doll-ass-sex-shuk5-533x800.jpg\" class=\"eig-popup\" title=\"\" data-caption=\"\" target=\"_blank\"><i class=\"icon-view\"><\/i><span class=\"overlay\"><\/span><img loading=\"lazy\" decoding=\"async\" width=\"150\" height=\"150\" src=\"https:\/\/zxdoll.com\/wp-content\/uploads\/2023\/07\/doll-ass-sex-shuk5-150x150.jpg\" class=\"attachment-thumbnail size-thumbnail\" alt=\"\" title=\"\"><\/a><\/li><li><a data-fancybox=\"gallery949\" href=\"https:\/\/zxdoll.com\/wp-content\/uploads\/2023\/07\/doll-ass-sex-shuk6.jpg\" class=\"eig-popup\" title=\"\" data-caption=\"\" target=\"_blank\"><i class=\"icon-view\"><\/i><span class=\"overlay\"><\/span><img loading=\"lazy\" decoding=\"async\" width=\"150\" height=\"150\" src=\"https:\/\/zxdoll.com\/wp-content\/uploads\/2023\/07\/doll-ass-sex-shuk6-150x150.jpg\" class=\"attachment-thumbnail size-thumbnail\" alt=\"\" title=\"\"><\/a><\/li><li><a data-fancybox=\"gallery949\" href=\"https:\/\/zxdoll.com\/wp-content\/uploads\/2023\/07\/doll-ass-sex-shuk7-861x800.jpg\" class=\"eig-popup\" title=\"\" data-caption=\"\" target=\"_blank\"><i class=\"icon-view\"><\/i><span class=\"overlay\"><\/span><img loading=\"lazy\" decoding=\"async\" width=\"150\" height=\"150\" src=\"https:\/\/zxdoll.com\/wp-content\/uploads\/2023\/07\/doll-ass-sex-shuk7-150x150.jpg\" class=\"attachment-thumbnail size-thumbnail\" alt=\"\" srcset=\"https:\/\/zxdoll.com\/wp-content\/uploads\/2023\/07\/doll-ass-sex-shuk7-150x150.jpg 150w, https:\/\/zxdoll.com\/wp-content\/uploads\/2023\/07\/doll-ass-sex-shuk7-13x12.jpg 13w\" sizes=\"(max-width: 150px) 100vw, 150px\" title=\"\"><\/a><\/li><li><a data-fancybox=\"gallery949\" href=\"https:\/\/zxdoll.com\/wp-content\/uploads\/2023\/07\/doll-ass-sex-shuk8-542x800.jpg\" class=\"eig-popup\" title=\"\" data-caption=\"\" target=\"_blank\"><i class=\"icon-view\"><\/i><span class=\"overlay\"><\/span><img loading=\"lazy\" decoding=\"async\" width=\"150\" height=\"150\" src=\"https:\/\/zxdoll.com\/wp-content\/uploads\/2023\/07\/doll-ass-sex-shuk8-150x150.jpg\" class=\"attachment-thumbnail size-thumbnail\" alt=\"\" title=\"\"><\/a><\/li><li><a data-fancybox=\"gallery949\" href=\"https:\/\/zxdoll.com\/wp-content\/uploads\/2023\/07\/doll-ass-sex-shuk9-488x800.jpg\" class=\"eig-popup\" title=\"\" data-caption=\"\" target=\"_blank\"><i class=\"icon-view\"><\/i><span class=\"overlay\"><\/span><img loading=\"lazy\" decoding=\"async\" width=\"150\" height=\"150\" src=\"https:\/\/zxdoll.com\/wp-content\/uploads\/2023\/07\/doll-ass-sex-shuk9-150x150.jpg\" class=\"attachment-thumbnail size-thumbnail\" alt=\"\" title=\"\"><\/a><\/li><li><a data-fancybox=\"gallery949\" href=\"https:\/\/zxdoll.com\/wp-content\/uploads\/2023\/07\/doll-ass-sex-shuk10.jpg\" class=\"eig-popup\" title=\"\" data-caption=\"\" target=\"_blank\"><i class=\"icon-view\"><\/i><span class=\"overlay\"><\/span><img loading=\"lazy\" decoding=\"async\" width=\"150\" height=\"150\" src=\"https:\/\/zxdoll.com\/wp-content\/uploads\/2023\/07\/doll-ass-sex-shuk10-150x150.jpg\" class=\"attachment-thumbnail size-thumbnail\" alt=\"\" title=\"\"><\/a><\/li><\/ul>\n<h4>Gr\u00f6\u00dfentabellen<\/h4>\n<table width=\"269\">\n<tbody>\n<tr>\n<td width=\"130\">Material<\/td>\n<td width=\"139\">TPE<\/td>\n<\/tr>\n<tr>\n<td>H\u00f6he<\/td>\n<td>35,5 cm<\/td>\n<\/tr>\n<tr>\n<td>Breite<\/td>\n<td>16cm<\/td>\n<\/tr>\n<tr>\n<td>B\u00fcste<\/td>\n<td>45cm<\/td>\n<\/tr>\n<tr>\n<td>H\u00fcfte<\/td>\n<td>43cm<\/td>\n<\/tr>\n<tr>\n<td>Vagina<\/td>\n<td>15cm<\/td>\n<\/tr>\n<tr>\n<td>Anal<\/td>\n<td>12cm<\/td>\n<\/tr>\n<tr>\n<td width=\"130\">Reingewicht<\/td>\n<td>3 kg<\/td>\n<\/tr>\n<\/tbody>\n<\/table>\n<h4>\u00dcber die Sexpuppe<\/h4>\n<p>&nbsp;<\/p>","protected":false},"excerpt":{"rendered":"<p>Sexpuppenbilder Gr\u00f6\u00dfentabellen Material TPE H\u00f6he 35,5 cm Breite 16 cm Brust 45 cm H\u00fcfte 43 cm Vagina 15 cm Anal 12 cm Netz<\/p>","protected":false},"featured_media":102639,"comment_status":"open","ping_status":"closed","template":"","meta":[],"product_brand":[],"product_cat":[119,121],"product_tag":[],"class_list":{"0":"post-102634","1":"product","2":"type-product","3":"status-publish","4":"has-post-thumbnail","6":"product_cat-tpe-sex-doll","7":"product_cat-torso-sex-doll","8":"tm-has-options","10":"first","11":"instock","12":"sale","13":"shipping-taxable","14":"purchasable","15":"product-type-simple"},"_links":{"self":[{"href":"https:\/\/zxdoll.com\/de\/wp-json\/wp\/v2\/product\/102634","targetHints":{"allow":["GET"]}}],"collection":[{"href":"https:\/\/zxdoll.com\/de\/wp-json\/wp\/v2\/product"}],"about":[{"href":"https:\/\/zxdoll.com\/de\/wp-json\/wp\/v2\/types\/product"}],"replies":[{"embeddable":true,"href":"https:\/\/zxdoll.com\/de\/wp-json\/wp\/v2\/comments?post=102634"}],"version-history":[{"count":2,"href":"https:\/\/zxdoll.com\/de\/wp-json\/wp\/v2\/product\/102634\/revisions"}],"predecessor-version":[{"id":154491,"href":"https:\/\/zxdoll.com\/de\/wp-json\/wp\/v2\/product\/102634\/revisions\/154491"}],"wp:featuredmedia":[{"embeddable":true,"href":"https:\/\/zxdoll.com\/de\/wp-json\/wp\/v2\/media\/102639"}],"wp:attachment":[{"href":"https:\/\/zxdoll.com\/de\/wp-json\/wp\/v2\/media?parent=102634"}],"wp:term":[{"taxonomy":"product_brand","embeddable":true,"href":"https:\/\/zxdoll.com\/de\/wp-json\/wp\/v2\/product_brand?post=102634"},{"taxonomy":"product_cat","embeddable":true,"href":"https:\/\/zxdoll.com\/de\/wp-json\/wp\/v2\/product_cat?post=102634"},{"taxonomy":"product_tag","embeddable":true,"href":"https:\/\/zxdoll.com\/de\/wp-json\/wp\/v2\/product_tag?post=102634"}],"curies":[{"name":"wp","href":"https:\/\/api.w.org\/{rel}","templated":true}]}}