{"id":102524,"date":"2023-07-18T03:47:24","date_gmt":"2023-07-17T19:47:24","guid":{"rendered":"https:\/\/zxdoll.com\/?post_type=product&#038;p=102524"},"modified":"2023-12-09T21:31:41","modified_gmt":"2023-12-09T13:31:41","slug":"male-sex-doll-hot-romantic-fuck","status":"publish","type":"product","link":"https:\/\/zxdoll.com\/de\/product\/male-sex-doll-hot-romantic-fuck\/","title":{"rendered":"M\u00e4nnliche Sexpuppe Hot Romantic Fuck Amandie 53cm"},"content":{"rendered":"<h4><strong>Bilder von Sexpuppen<\/strong><\/h4>\n\t                <ul class=\"easy-image-gallery thumbnails-20 linked\">\r\n                    <li><a data-fancybox=\"gallery904\" href=\"https:\/\/zxdoll.com\/wp-content\/uploads\/2023\/07\/sex-doll-online-z7x1.jpg\" class=\"eig-popup\" title=\"\" data-caption=\"\" target=\"_blank\"><i class=\"icon-view\"><\/i><span class=\"overlay\"><\/span><img decoding=\"async\" width=\"150\" height=\"150\" src=\"https:\/\/zxdoll.com\/wp-content\/uploads\/2023\/07\/sex-doll-online-z7x1-150x150.jpg\" class=\"attachment-thumbnail size-thumbnail\" alt=\"\" srcset=\"https:\/\/zxdoll.com\/wp-content\/uploads\/2023\/07\/sex-doll-online-z7x1-150x150.jpg 150w, https:\/\/zxdoll.com\/wp-content\/uploads\/2023\/07\/sex-doll-online-z7x1-300x300.jpg 300w, https:\/\/zxdoll.com\/wp-content\/uploads\/2023\/07\/sex-doll-online-z7x1-768x768.jpg 768w, https:\/\/zxdoll.com\/wp-content\/uploads\/2023\/07\/sex-doll-online-z7x1-12x12.jpg 12w, https:\/\/zxdoll.com\/wp-content\/uploads\/2023\/07\/sex-doll-online-z7x1-430x430.jpg 430w, https:\/\/zxdoll.com\/wp-content\/uploads\/2023\/07\/sex-doll-online-z7x1-700x700.jpg 700w, https:\/\/zxdoll.com\/wp-content\/uploads\/2023\/07\/sex-doll-online-z7x1.jpg 800w\" sizes=\"(max-width: 150px) 100vw, 150px\" title=\"\"><\/a><\/li><li><a data-fancybox=\"gallery904\" href=\"https:\/\/zxdoll.com\/wp-content\/uploads\/2023\/07\/sex-doll-online-z7x2-800x800.jpg\" class=\"eig-popup\" title=\"\" data-caption=\"\" target=\"_blank\"><i class=\"icon-view\"><\/i><span class=\"overlay\"><\/span><img decoding=\"async\" width=\"150\" height=\"150\" src=\"https:\/\/zxdoll.com\/wp-content\/uploads\/2023\/07\/sex-doll-online-z7x2-150x150.jpg\" class=\"attachment-thumbnail size-thumbnail\" alt=\"\" srcset=\"https:\/\/zxdoll.com\/wp-content\/uploads\/2023\/07\/sex-doll-online-z7x2-150x150.jpg 150w, https:\/\/zxdoll.com\/wp-content\/uploads\/2023\/07\/sex-doll-online-z7x2-300x300.jpg 300w, https:\/\/zxdoll.com\/wp-content\/uploads\/2023\/07\/sex-doll-online-z7x2-800x800.jpg 800w, https:\/\/zxdoll.com\/wp-content\/uploads\/2023\/07\/sex-doll-online-z7x2-768x768.jpg 768w, https:\/\/zxdoll.com\/wp-content\/uploads\/2023\/07\/sex-doll-online-z7x2-12x12.jpg 12w, https:\/\/zxdoll.com\/wp-content\/uploads\/2023\/07\/sex-doll-online-z7x2-860x860.jpg 860w, https:\/\/zxdoll.com\/wp-content\/uploads\/2023\/07\/sex-doll-online-z7x2-430x430.jpg 430w, https:\/\/zxdoll.com\/wp-content\/uploads\/2023\/07\/sex-doll-online-z7x2-700x700.jpg 700w, https:\/\/zxdoll.com\/wp-content\/uploads\/2023\/07\/sex-doll-online-z7x2.jpg 1000w\" sizes=\"(max-width: 150px) 100vw, 150px\" title=\"\"><\/a><\/li><li><a data-fancybox=\"gallery904\" href=\"https:\/\/zxdoll.com\/wp-content\/uploads\/2023\/07\/sex-doll-online-z7x3-801x800.jpg\" class=\"eig-popup\" title=\"\" data-caption=\"\" target=\"_blank\"><i class=\"icon-view\"><\/i><span class=\"overlay\"><\/span><img decoding=\"async\" width=\"150\" height=\"150\" src=\"https:\/\/zxdoll.com\/wp-content\/uploads\/2023\/07\/sex-doll-online-z7x3-150x150.jpg\" class=\"attachment-thumbnail size-thumbnail\" alt=\"\" srcset=\"https:\/\/zxdoll.com\/wp-content\/uploads\/2023\/07\/sex-doll-online-z7x3-150x150.jpg 150w, https:\/\/zxdoll.com\/wp-content\/uploads\/2023\/07\/sex-doll-online-z7x3-300x300.jpg 300w, https:\/\/zxdoll.com\/wp-content\/uploads\/2023\/07\/sex-doll-online-z7x3-801x800.jpg 801w, https:\/\/zxdoll.com\/wp-content\/uploads\/2023\/07\/sex-doll-online-z7x3-768x767.jpg 768w, https:\/\/zxdoll.com\/wp-content\/uploads\/2023\/07\/sex-doll-online-z7x3-12x12.jpg 12w, https:\/\/zxdoll.com\/wp-content\/uploads\/2023\/07\/sex-doll-online-z7x3-860x859.jpg 860w, https:\/\/zxdoll.com\/wp-content\/uploads\/2023\/07\/sex-doll-online-z7x3-430x430.jpg 430w, https:\/\/zxdoll.com\/wp-content\/uploads\/2023\/07\/sex-doll-online-z7x3-700x699.jpg 700w, https:\/\/zxdoll.com\/wp-content\/uploads\/2023\/07\/sex-doll-online-z7x3.jpg 900w\" sizes=\"(max-width: 150px) 100vw, 150px\" title=\"\"><\/a><\/li><li><a data-fancybox=\"gallery904\" href=\"https:\/\/zxdoll.com\/wp-content\/uploads\/2023\/07\/sex-doll-online-z7x4-800x800.jpg\" class=\"eig-popup\" title=\"\" data-caption=\"\" target=\"_blank\"><i class=\"icon-view\"><\/i><span class=\"overlay\"><\/span><img loading=\"lazy\" decoding=\"async\" width=\"150\" height=\"150\" src=\"https:\/\/zxdoll.com\/wp-content\/uploads\/2023\/07\/sex-doll-online-z7x4-150x150.jpg\" class=\"attachment-thumbnail size-thumbnail\" alt=\"\" srcset=\"https:\/\/zxdoll.com\/wp-content\/uploads\/2023\/07\/sex-doll-online-z7x4-150x150.jpg 150w, https:\/\/zxdoll.com\/wp-content\/uploads\/2023\/07\/sex-doll-online-z7x4-300x300.jpg 300w, https:\/\/zxdoll.com\/wp-content\/uploads\/2023\/07\/sex-doll-online-z7x4-800x800.jpg 800w, https:\/\/zxdoll.com\/wp-content\/uploads\/2023\/07\/sex-doll-online-z7x4-768x768.jpg 768w, https:\/\/zxdoll.com\/wp-content\/uploads\/2023\/07\/sex-doll-online-z7x4-12x12.jpg 12w, https:\/\/zxdoll.com\/wp-content\/uploads\/2023\/07\/sex-doll-online-z7x4-860x860.jpg 860w, https:\/\/zxdoll.com\/wp-content\/uploads\/2023\/07\/sex-doll-online-z7x4-430x430.jpg 430w, https:\/\/zxdoll.com\/wp-content\/uploads\/2023\/07\/sex-doll-online-z7x4-700x700.jpg 700w, https:\/\/zxdoll.com\/wp-content\/uploads\/2023\/07\/sex-doll-online-z7x4.jpg 1000w\" sizes=\"(max-width: 150px) 100vw, 150px\" title=\"\"><\/a><\/li><li><a data-fancybox=\"gallery904\" href=\"https:\/\/zxdoll.com\/wp-content\/uploads\/2023\/07\/sex-doll-online-z7x5-800x800.jpg\" class=\"eig-popup\" title=\"\" data-caption=\"\" target=\"_blank\"><i class=\"icon-view\"><\/i><span class=\"overlay\"><\/span><img loading=\"lazy\" decoding=\"async\" width=\"150\" height=\"150\" src=\"https:\/\/zxdoll.com\/wp-content\/uploads\/2023\/07\/sex-doll-online-z7x5-150x150.jpg\" class=\"attachment-thumbnail size-thumbnail\" alt=\"\" srcset=\"https:\/\/zxdoll.com\/wp-content\/uploads\/2023\/07\/sex-doll-online-z7x5-150x150.jpg 150w, https:\/\/zxdoll.com\/wp-content\/uploads\/2023\/07\/sex-doll-online-z7x5-300x300.jpg 300w, https:\/\/zxdoll.com\/wp-content\/uploads\/2023\/07\/sex-doll-online-z7x5-800x800.jpg 800w, https:\/\/zxdoll.com\/wp-content\/uploads\/2023\/07\/sex-doll-online-z7x5-768x768.jpg 768w, https:\/\/zxdoll.com\/wp-content\/uploads\/2023\/07\/sex-doll-online-z7x5-12x12.jpg 12w, https:\/\/zxdoll.com\/wp-content\/uploads\/2023\/07\/sex-doll-online-z7x5-860x860.jpg 860w, https:\/\/zxdoll.com\/wp-content\/uploads\/2023\/07\/sex-doll-online-z7x5-430x430.jpg 430w, https:\/\/zxdoll.com\/wp-content\/uploads\/2023\/07\/sex-doll-online-z7x5-700x700.jpg 700w, https:\/\/zxdoll.com\/wp-content\/uploads\/2023\/07\/sex-doll-online-z7x5.jpg 900w\" sizes=\"(max-width: 150px) 100vw, 150px\" title=\"\"><\/a><\/li><li><a data-fancybox=\"gallery904\" href=\"https:\/\/zxdoll.com\/wp-content\/uploads\/2023\/07\/sex-doll-online-z7x6.jpg\" class=\"eig-popup\" title=\"\" data-caption=\"\" target=\"_blank\"><i class=\"icon-view\"><\/i><span class=\"overlay\"><\/span><img loading=\"lazy\" decoding=\"async\" width=\"150\" height=\"150\" src=\"https:\/\/zxdoll.com\/wp-content\/uploads\/2023\/07\/sex-doll-online-z7x6-150x150.jpg\" class=\"attachment-thumbnail size-thumbnail\" alt=\"\" title=\"\"><\/a><\/li><li><a data-fancybox=\"gallery904\" href=\"https:\/\/zxdoll.com\/wp-content\/uploads\/2023\/07\/sex-doll-online-z7x7-800x800.jpg\" class=\"eig-popup\" title=\"\" data-caption=\"\" target=\"_blank\"><i class=\"icon-view\"><\/i><span class=\"overlay\"><\/span><img loading=\"lazy\" decoding=\"async\" width=\"150\" height=\"150\" src=\"https:\/\/zxdoll.com\/wp-content\/uploads\/2023\/07\/sex-doll-online-z7x7-150x150.jpg\" class=\"attachment-thumbnail size-thumbnail\" alt=\"\" srcset=\"https:\/\/zxdoll.com\/wp-content\/uploads\/2023\/07\/sex-doll-online-z7x7-150x150.jpg 150w, https:\/\/zxdoll.com\/wp-content\/uploads\/2023\/07\/sex-doll-online-z7x7-300x300.jpg 300w, https:\/\/zxdoll.com\/wp-content\/uploads\/2023\/07\/sex-doll-online-z7x7-800x800.jpg 800w, https:\/\/zxdoll.com\/wp-content\/uploads\/2023\/07\/sex-doll-online-z7x7-768x768.jpg 768w, https:\/\/zxdoll.com\/wp-content\/uploads\/2023\/07\/sex-doll-online-z7x7-12x12.jpg 12w, https:\/\/zxdoll.com\/wp-content\/uploads\/2023\/07\/sex-doll-online-z7x7-860x860.jpg 860w, https:\/\/zxdoll.com\/wp-content\/uploads\/2023\/07\/sex-doll-online-z7x7-430x430.jpg 430w, https:\/\/zxdoll.com\/wp-content\/uploads\/2023\/07\/sex-doll-online-z7x7-700x700.jpg 700w, https:\/\/zxdoll.com\/wp-content\/uploads\/2023\/07\/sex-doll-online-z7x7.jpg 1000w\" sizes=\"(max-width: 150px) 100vw, 150px\" title=\"\"><\/a><\/li><li><a data-fancybox=\"gallery904\" href=\"https:\/\/zxdoll.com\/wp-content\/uploads\/2023\/07\/sex-doll-online-z7x8.jpg\" class=\"eig-popup\" title=\"\" data-caption=\"\" target=\"_blank\"><i class=\"icon-view\"><\/i><span class=\"overlay\"><\/span><img loading=\"lazy\" decoding=\"async\" width=\"150\" height=\"150\" src=\"https:\/\/zxdoll.com\/wp-content\/uploads\/2023\/07\/sex-doll-online-z7x8-150x150.jpg\" class=\"attachment-thumbnail size-thumbnail\" alt=\"\" title=\"\"><\/a><\/li><li><a data-fancybox=\"gallery904\" href=\"https:\/\/zxdoll.com\/wp-content\/uploads\/2023\/07\/sex-doll-online-z7x9-800x800.jpg\" class=\"eig-popup\" title=\"\" data-caption=\"\" target=\"_blank\"><i class=\"icon-view\"><\/i><span class=\"overlay\"><\/span><img loading=\"lazy\" decoding=\"async\" width=\"150\" height=\"150\" src=\"https:\/\/zxdoll.com\/wp-content\/uploads\/2023\/07\/sex-doll-online-z7x9-150x150.jpg\" class=\"attachment-thumbnail size-thumbnail\" alt=\"\" srcset=\"https:\/\/zxdoll.com\/wp-content\/uploads\/2023\/07\/sex-doll-online-z7x9-150x150.jpg 150w, https:\/\/zxdoll.com\/wp-content\/uploads\/2023\/07\/sex-doll-online-z7x9-300x300.jpg 300w, https:\/\/zxdoll.com\/wp-content\/uploads\/2023\/07\/sex-doll-online-z7x9-800x800.jpg 800w, https:\/\/zxdoll.com\/wp-content\/uploads\/2023\/07\/sex-doll-online-z7x9-768x768.jpg 768w, https:\/\/zxdoll.com\/wp-content\/uploads\/2023\/07\/sex-doll-online-z7x9-12x12.jpg 12w, https:\/\/zxdoll.com\/wp-content\/uploads\/2023\/07\/sex-doll-online-z7x9-860x860.jpg 860w, https:\/\/zxdoll.com\/wp-content\/uploads\/2023\/07\/sex-doll-online-z7x9-430x430.jpg 430w, https:\/\/zxdoll.com\/wp-content\/uploads\/2023\/07\/sex-doll-online-z7x9-700x700.jpg 700w, https:\/\/zxdoll.com\/wp-content\/uploads\/2023\/07\/sex-doll-online-z7x9.jpg 1000w\" sizes=\"(max-width: 150px) 100vw, 150px\" title=\"\"><\/a><\/li><li><a data-fancybox=\"gallery904\" href=\"https:\/\/zxdoll.com\/wp-content\/uploads\/2023\/07\/sex-doll-online-z7x10.jpg\" class=\"eig-popup\" title=\"\" data-caption=\"\" target=\"_blank\"><i class=\"icon-view\"><\/i><span class=\"overlay\"><\/span><img loading=\"lazy\" decoding=\"async\" width=\"150\" height=\"150\" src=\"https:\/\/zxdoll.com\/wp-content\/uploads\/2023\/07\/sex-doll-online-z7x10-150x150.jpg\" class=\"attachment-thumbnail size-thumbnail\" alt=\"\" title=\"\"><\/a><\/li><li><a data-fancybox=\"gallery904\" href=\"https:\/\/zxdoll.com\/wp-content\/uploads\/2023\/07\/sex-doll-online-z7x11-800x800.jpg\" class=\"eig-popup\" title=\"\" data-caption=\"\" target=\"_blank\"><i class=\"icon-view\"><\/i><span class=\"overlay\"><\/span><img loading=\"lazy\" decoding=\"async\" width=\"150\" height=\"150\" src=\"https:\/\/zxdoll.com\/wp-content\/uploads\/2023\/07\/sex-doll-online-z7x11-150x150.jpg\" class=\"attachment-thumbnail size-thumbnail\" alt=\"\" srcset=\"https:\/\/zxdoll.com\/wp-content\/uploads\/2023\/07\/sex-doll-online-z7x11-150x150.jpg 150w, https:\/\/zxdoll.com\/wp-content\/uploads\/2023\/07\/sex-doll-online-z7x11-300x300.jpg 300w, https:\/\/zxdoll.com\/wp-content\/uploads\/2023\/07\/sex-doll-online-z7x11-800x800.jpg 800w, https:\/\/zxdoll.com\/wp-content\/uploads\/2023\/07\/sex-doll-online-z7x11-768x768.jpg 768w, https:\/\/zxdoll.com\/wp-content\/uploads\/2023\/07\/sex-doll-online-z7x11-12x12.jpg 12w, https:\/\/zxdoll.com\/wp-content\/uploads\/2023\/07\/sex-doll-online-z7x11-860x860.jpg 860w, https:\/\/zxdoll.com\/wp-content\/uploads\/2023\/07\/sex-doll-online-z7x11-430x430.jpg 430w, https:\/\/zxdoll.com\/wp-content\/uploads\/2023\/07\/sex-doll-online-z7x11-700x700.jpg 700w, https:\/\/zxdoll.com\/wp-content\/uploads\/2023\/07\/sex-doll-online-z7x11.jpg 1000w\" sizes=\"(max-width: 150px) 100vw, 150px\" title=\"\"><\/a><\/li><li><a data-fancybox=\"gallery904\" href=\"https:\/\/zxdoll.com\/wp-content\/uploads\/2023\/07\/sex-doll-online-z7x11-1-533x800.jpg\" class=\"eig-popup\" title=\"\" data-caption=\"\" target=\"_blank\"><i class=\"icon-view\"><\/i><span class=\"overlay\"><\/span><img loading=\"lazy\" decoding=\"async\" width=\"150\" height=\"150\" src=\"https:\/\/zxdoll.com\/wp-content\/uploads\/2023\/07\/sex-doll-online-z7x11-1-150x150.jpg\" class=\"attachment-thumbnail size-thumbnail\" alt=\"\" title=\"\"><\/a><\/li><li><a data-fancybox=\"gallery904\" href=\"https:\/\/zxdoll.com\/wp-content\/uploads\/2023\/07\/sex-doll-online-z7x12.jpg\" class=\"eig-popup\" title=\"\" data-caption=\"\" target=\"_blank\"><i class=\"icon-view\"><\/i><span class=\"overlay\"><\/span><img loading=\"lazy\" decoding=\"async\" width=\"150\" height=\"150\" src=\"https:\/\/zxdoll.com\/wp-content\/uploads\/2023\/07\/sex-doll-online-z7x12-150x150.jpg\" class=\"attachment-thumbnail size-thumbnail\" alt=\"\" title=\"\"><\/a><\/li><li><a data-fancybox=\"gallery904\" href=\"https:\/\/zxdoll.com\/wp-content\/uploads\/2023\/07\/sex-doll-online-z7x13.jpg\" class=\"eig-popup\" title=\"\" data-caption=\"\" target=\"_blank\"><i class=\"icon-view\"><\/i><span class=\"overlay\"><\/span><img loading=\"lazy\" decoding=\"async\" width=\"150\" height=\"150\" src=\"https:\/\/zxdoll.com\/wp-content\/uploads\/2023\/07\/sex-doll-online-z7x13-150x150.jpg\" class=\"attachment-thumbnail size-thumbnail\" alt=\"\" title=\"\"><\/a><\/li><li><a data-fancybox=\"gallery904\" href=\"https:\/\/zxdoll.com\/wp-content\/uploads\/2023\/07\/sex-doll-online-z7x14.jpg\" class=\"eig-popup\" title=\"\" data-caption=\"\" target=\"_blank\"><i class=\"icon-view\"><\/i><span class=\"overlay\"><\/span><img loading=\"lazy\" decoding=\"async\" width=\"150\" height=\"150\" src=\"https:\/\/zxdoll.com\/wp-content\/uploads\/2023\/07\/sex-doll-online-z7x14-150x150.jpg\" class=\"attachment-thumbnail size-thumbnail\" alt=\"\" srcset=\"https:\/\/zxdoll.com\/wp-content\/uploads\/2023\/07\/sex-doll-online-z7x14-150x150.jpg 150w, https:\/\/zxdoll.com\/wp-content\/uploads\/2023\/07\/sex-doll-online-z7x14-300x300.jpg 300w, https:\/\/zxdoll.com\/wp-content\/uploads\/2023\/07\/sex-doll-online-z7x14-12x12.jpg 12w, https:\/\/zxdoll.com\/wp-content\/uploads\/2023\/07\/sex-doll-online-z7x14-430x430.jpg 430w, https:\/\/zxdoll.com\/wp-content\/uploads\/2023\/07\/sex-doll-online-z7x14.jpg 522w\" sizes=\"(max-width: 150px) 100vw, 150px\" title=\"\"><\/a><\/li><li><a data-fancybox=\"gallery904\" href=\"https:\/\/zxdoll.com\/wp-content\/uploads\/2023\/07\/sex-doll-online-z7x15.jpg\" class=\"eig-popup\" title=\"\" data-caption=\"\" target=\"_blank\"><i class=\"icon-view\"><\/i><span class=\"overlay\"><\/span><img loading=\"lazy\" decoding=\"async\" width=\"150\" height=\"150\" src=\"https:\/\/zxdoll.com\/wp-content\/uploads\/2023\/07\/sex-doll-online-z7x15-150x150.jpg\" class=\"attachment-thumbnail size-thumbnail\" alt=\"\" srcset=\"https:\/\/zxdoll.com\/wp-content\/uploads\/2023\/07\/sex-doll-online-z7x15-150x150.jpg 150w, https:\/\/zxdoll.com\/wp-content\/uploads\/2023\/07\/sex-doll-online-z7x15-300x300.jpg 300w, https:\/\/zxdoll.com\/wp-content\/uploads\/2023\/07\/sex-doll-online-z7x15-768x768.jpg 768w, https:\/\/zxdoll.com\/wp-content\/uploads\/2023\/07\/sex-doll-online-z7x15-12x12.jpg 12w, https:\/\/zxdoll.com\/wp-content\/uploads\/2023\/07\/sex-doll-online-z7x15-430x430.jpg 430w, https:\/\/zxdoll.com\/wp-content\/uploads\/2023\/07\/sex-doll-online-z7x15-700x700.jpg 700w, https:\/\/zxdoll.com\/wp-content\/uploads\/2023\/07\/sex-doll-online-z7x15.jpg 800w\" sizes=\"(max-width: 150px) 100vw, 150px\" title=\"\"><\/a><\/li><li><a data-fancybox=\"gallery904\" href=\"https:\/\/zxdoll.com\/wp-content\/uploads\/2023\/07\/sex-doll-online-z7x16.jpg\" class=\"eig-popup\" title=\"\" data-caption=\"\" target=\"_blank\"><i class=\"icon-view\"><\/i><span class=\"overlay\"><\/span><img loading=\"lazy\" decoding=\"async\" width=\"150\" height=\"150\" src=\"https:\/\/zxdoll.com\/wp-content\/uploads\/2023\/07\/sex-doll-online-z7x16-150x150.jpg\" class=\"attachment-thumbnail size-thumbnail\" alt=\"\" srcset=\"https:\/\/zxdoll.com\/wp-content\/uploads\/2023\/07\/sex-doll-online-z7x16-150x150.jpg 150w, https:\/\/zxdoll.com\/wp-content\/uploads\/2023\/07\/sex-doll-online-z7x16-300x300.jpg 300w, https:\/\/zxdoll.com\/wp-content\/uploads\/2023\/07\/sex-doll-online-z7x16-768x768.jpg 768w, https:\/\/zxdoll.com\/wp-content\/uploads\/2023\/07\/sex-doll-online-z7x16-12x12.jpg 12w, https:\/\/zxdoll.com\/wp-content\/uploads\/2023\/07\/sex-doll-online-z7x16-430x430.jpg 430w, https:\/\/zxdoll.com\/wp-content\/uploads\/2023\/07\/sex-doll-online-z7x16-700x700.jpg 700w, https:\/\/zxdoll.com\/wp-content\/uploads\/2023\/07\/sex-doll-online-z7x16.jpg 800w\" sizes=\"(max-width: 150px) 100vw, 150px\" title=\"\"><\/a><\/li><li><a data-fancybox=\"gallery904\" href=\"https:\/\/zxdoll.com\/wp-content\/uploads\/2023\/07\/sex-doll-online-z7x17.jpg\" class=\"eig-popup\" title=\"\" data-caption=\"\" target=\"_blank\"><i class=\"icon-view\"><\/i><span class=\"overlay\"><\/span><img loading=\"lazy\" decoding=\"async\" width=\"150\" height=\"150\" src=\"https:\/\/zxdoll.com\/wp-content\/uploads\/2023\/07\/sex-doll-online-z7x17-150x150.jpg\" class=\"attachment-thumbnail size-thumbnail\" alt=\"\" srcset=\"https:\/\/zxdoll.com\/wp-content\/uploads\/2023\/07\/sex-doll-online-z7x17-150x150.jpg 150w, https:\/\/zxdoll.com\/wp-content\/uploads\/2023\/07\/sex-doll-online-z7x17-300x300.jpg 300w, https:\/\/zxdoll.com\/wp-content\/uploads\/2023\/07\/sex-doll-online-z7x17-768x768.jpg 768w, https:\/\/zxdoll.com\/wp-content\/uploads\/2023\/07\/sex-doll-online-z7x17-12x12.jpg 12w, https:\/\/zxdoll.com\/wp-content\/uploads\/2023\/07\/sex-doll-online-z7x17-430x430.jpg 430w, https:\/\/zxdoll.com\/wp-content\/uploads\/2023\/07\/sex-doll-online-z7x17-700x700.jpg 700w, https:\/\/zxdoll.com\/wp-content\/uploads\/2023\/07\/sex-doll-online-z7x17.jpg 800w\" sizes=\"(max-width: 150px) 100vw, 150px\" title=\"\"><\/a><\/li><li><a data-fancybox=\"gallery904\" href=\"https:\/\/zxdoll.com\/wp-content\/uploads\/2023\/07\/sex-doll-online-z7x18-800x800.jpg\" class=\"eig-popup\" title=\"\" data-caption=\"\" target=\"_blank\"><i class=\"icon-view\"><\/i><span class=\"overlay\"><\/span><img loading=\"lazy\" decoding=\"async\" width=\"150\" height=\"150\" src=\"https:\/\/zxdoll.com\/wp-content\/uploads\/2023\/07\/sex-doll-online-z7x18-150x150.jpg\" class=\"attachment-thumbnail size-thumbnail\" alt=\"\" srcset=\"https:\/\/zxdoll.com\/wp-content\/uploads\/2023\/07\/sex-doll-online-z7x18-150x150.jpg 150w, https:\/\/zxdoll.com\/wp-content\/uploads\/2023\/07\/sex-doll-online-z7x18-300x300.jpg 300w, https:\/\/zxdoll.com\/wp-content\/uploads\/2023\/07\/sex-doll-online-z7x18-800x800.jpg 800w, https:\/\/zxdoll.com\/wp-content\/uploads\/2023\/07\/sex-doll-online-z7x18-768x768.jpg 768w, https:\/\/zxdoll.com\/wp-content\/uploads\/2023\/07\/sex-doll-online-z7x18-12x12.jpg 12w, https:\/\/zxdoll.com\/wp-content\/uploads\/2023\/07\/sex-doll-online-z7x18-860x860.jpg 860w, https:\/\/zxdoll.com\/wp-content\/uploads\/2023\/07\/sex-doll-online-z7x18-430x430.jpg 430w, https:\/\/zxdoll.com\/wp-content\/uploads\/2023\/07\/sex-doll-online-z7x18-700x700.jpg 700w, https:\/\/zxdoll.com\/wp-content\/uploads\/2023\/07\/sex-doll-online-z7x18.jpg 1500w\" sizes=\"(max-width: 150px) 100vw, 150px\" title=\"\"><\/a><\/li><li><a data-fancybox=\"gallery904\" href=\"https:\/\/zxdoll.com\/wp-content\/uploads\/2023\/07\/sex-doll-online-z7x19.jpg\" class=\"eig-popup\" title=\"\" data-caption=\"\" target=\"_blank\"><i class=\"icon-view\"><\/i><span class=\"overlay\"><\/span><img loading=\"lazy\" decoding=\"async\" width=\"150\" height=\"150\" src=\"https:\/\/zxdoll.com\/wp-content\/uploads\/2023\/07\/sex-doll-online-z7x19-150x150.jpg\" class=\"attachment-thumbnail size-thumbnail\" alt=\"\" srcset=\"https:\/\/zxdoll.com\/wp-content\/uploads\/2023\/07\/sex-doll-online-z7x19-150x150.jpg 150w, https:\/\/zxdoll.com\/wp-content\/uploads\/2023\/07\/sex-doll-online-z7x19-300x300.jpg 300w, https:\/\/zxdoll.com\/wp-content\/uploads\/2023\/07\/sex-doll-online-z7x19-12x12.jpg 12w, https:\/\/zxdoll.com\/wp-content\/uploads\/2023\/07\/sex-doll-online-z7x19-430x430.jpg 430w, https:\/\/zxdoll.com\/wp-content\/uploads\/2023\/07\/sex-doll-online-z7x19.jpg 522w\" sizes=\"(max-width: 150px) 100vw, 150px\" title=\"\"><\/a><\/li><\/ul>\n<h4>Gr\u00f6\u00dfentabellen<\/h4>\n<table width=\"269\">\n<tbody>\n<tr>\n<td width=\"130\">Material<\/td>\n<td width=\"139\">TPE<\/td>\n<\/tr>\n<tr>\n<td>H\u00f6he<\/td>\n<td>53cm<\/td>\n<\/tr>\n<tr>\n<td>Brust<\/td>\n<td>88cm<\/td>\n<\/tr>\n<tr>\n<td>Penis<\/td>\n<td>20 cm<\/td>\n<\/tr>\n<tr>\n<td width=\"130\">Reingewicht<\/td>\n<td>7 kg<\/td>\n<\/tr>\n<\/tbody>\n<\/table>\n<h4>\u00dcber die Sexpuppe<\/h4>\n<p>&nbsp;<\/p>","protected":false},"excerpt":{"rendered":"<p>Sexpuppenbilder Gr\u00f6\u00dfentabellen Material TPE H\u00f6he 53 cm Brust 88 cm Penis 20 cm Nettogewicht 7 kg \u00dcber die Sexpuppe<\/p>","protected":false},"featured_media":102537,"comment_status":"open","ping_status":"closed","template":"","meta":[],"product_brand":[],"product_cat":[119,191,121],"product_tag":[],"class_list":{"0":"post-102524","1":"product","2":"type-product","3":"status-publish","4":"has-post-thumbnail","6":"product_cat-tpe-sex-doll","7":"product_cat-male-sex-doll","8":"product_cat-torso-sex-doll","9":"tm-has-options","11":"first","12":"instock","13":"sale","14":"shipping-taxable","15":"purchasable","16":"product-type-simple"},"_links":{"self":[{"href":"https:\/\/zxdoll.com\/de\/wp-json\/wp\/v2\/product\/102524","targetHints":{"allow":["GET"]}}],"collection":[{"href":"https:\/\/zxdoll.com\/de\/wp-json\/wp\/v2\/product"}],"about":[{"href":"https:\/\/zxdoll.com\/de\/wp-json\/wp\/v2\/types\/product"}],"replies":[{"embeddable":true,"href":"https:\/\/zxdoll.com\/de\/wp-json\/wp\/v2\/comments?post=102524"}],"version-history":[{"count":2,"href":"https:\/\/zxdoll.com\/de\/wp-json\/wp\/v2\/product\/102524\/revisions"}],"predecessor-version":[{"id":155199,"href":"https:\/\/zxdoll.com\/de\/wp-json\/wp\/v2\/product\/102524\/revisions\/155199"}],"wp:featuredmedia":[{"embeddable":true,"href":"https:\/\/zxdoll.com\/de\/wp-json\/wp\/v2\/media\/102537"}],"wp:attachment":[{"href":"https:\/\/zxdoll.com\/de\/wp-json\/wp\/v2\/media?parent=102524"}],"wp:term":[{"taxonomy":"product_brand","embeddable":true,"href":"https:\/\/zxdoll.com\/de\/wp-json\/wp\/v2\/product_brand?post=102524"},{"taxonomy":"product_cat","embeddable":true,"href":"https:\/\/zxdoll.com\/de\/wp-json\/wp\/v2\/product_cat?post=102524"},{"taxonomy":"product_tag","embeddable":true,"href":"https:\/\/zxdoll.com\/de\/wp-json\/wp\/v2\/product_tag?post=102524"}],"curies":[{"name":"wp","href":"https:\/\/api.w.org\/{rel}","templated":true}]}}