{"id":8476,"date":"2022-12-07T05:44:43","date_gmt":"2022-12-07T05:44:43","guid":{"rendered":"https:\/\/hoxdoll.com\/?page_id=8476"},"modified":"2024-04-03T13:58:32","modified_gmt":"2024-04-03T05:58:32","slug":"sex-doll-faq","status":"publish","type":"page","link":"https:\/\/zxdoll.com\/da\/sex-doll-faq\/","title":{"rendered":"Ofte stillede sp\u00f8rgsm\u00e5l om sexdukke"},"content":{"rendered":"<div data-elementor-type=\"wp-page\" data-elementor-id=\"8476\" class=\"elementor elementor-8476\" data-elementor-post-type=\"page\">\n\t\t\t\t\t\t<section class=\"wd-negative-gap elementor-section elementor-top-section elementor-element elementor-element-52ee36d elementor-section-boxed elementor-section-height-default elementor-section-height-default\" data-id=\"52ee36d\" data-element_type=\"section\" data-e-type=\"section\">\n\t\t\t\t\t\t<div class=\"elementor-container elementor-column-gap-default\">\n\t\t\t\t\t<div class=\"elementor-column elementor-col-100 elementor-top-column elementor-element elementor-element-6a9942c2\" data-id=\"6a9942c2\" data-element_type=\"column\" data-e-type=\"column\">\n\t\t\t<div class=\"elementor-widget-wrap elementor-element-populated\">\n\t\t\t\t\t\t<div class=\"elementor-element elementor-element-75d7772b wd-width-100 elementor-widget elementor-widget-wd_title\" data-id=\"75d7772b\" data-element_type=\"widget\" data-e-type=\"widget\" data-widget_type=\"wd_title.default\">\n\t\t\t\t<div class=\"elementor-widget-container\">\n\t\t\t\t\t\t\t<div class=\"title-wrapper wd-set-mb reset-last-child wd-title-color-primary wd-title-style-default wd-title-size-large text-center\">\n\n\t\t\t\n\t\t\t<div class=\"liner-continer\">\n\t\t\t\t<h4 class=\"woodmart-title-container title wd-fontsize-xxl\">Ofte stillede sp\u00f8rgsm\u00e5l<\/h4> \n\t\t\t\t\t\t\t<\/div>\n\n\t\t\t\t\t<\/div>\n\t\t\t\t\t\t<\/div>\n\t\t\t\t<\/div>\n\t\t\t\t<div class=\"elementor-element elementor-element-b360ea2 elementor-widget elementor-widget-toggle\" data-id=\"b360ea2\" data-element_type=\"widget\" data-e-type=\"widget\" data-widget_type=\"toggle.default\">\n\t\t\t\t<div class=\"elementor-widget-container\">\n\t\t\t\t\t\t\t<div class=\"elementor-toggle\">\n\t\t\t\t\t\t\t<div class=\"elementor-toggle-item\">\n\t\t\t\t\t<h4 id=\"elementor-tab-title-1881\" class=\"elementor-tab-title\" data-tab=\"1\" role=\"button\" aria-controls=\"elementor-tab-content-1881\" aria-expanded=\"false\">\n\t\t\t\t\t\t\t\t\t\t\t\t<span class=\"elementor-toggle-icon elementor-toggle-icon-left\" aria-hidden=\"true\">\n\t\t\t\t\t\t\t\t\t\t\t\t\t\t\t<span class=\"elementor-toggle-icon-closed\"><i class=\"fas fa-caret-right\"><\/i><\/span>\n\t\t\t\t\t\t\t\t<span class=\"elementor-toggle-icon-opened\"><i class=\"elementor-toggle-icon-opened fas fa-caret-up\"><\/i><\/span>\n\t\t\t\t\t\t\t\t\t\t\t\t\t<\/span>\n\t\t\t\t\t\t\t\t\t\t\t\t<a class=\"elementor-toggle-title\" tabindex=\"0\">Sp\u00f8rgsm\u00e5l: Er sexdukker lovlige i mit land?<\/a>\n\t\t\t\t\t<\/h4>\n\n\t\t\t\t\t<div id=\"elementor-tab-content-1881\" class=\"elementor-tab-content elementor-clearfix\" data-tab=\"1\" role=\"region\" aria-labelledby=\"elementor-tab-title-1881\"><p>A: De fleste mennesker, der ejer sexdukker, \u00f8nsker ikke at komme i f\u00e6ngsel for at eje en dukke og har vendt sig til dukker, da de er den sikreste l\u00f8sning. Sexdukkerne er hovedsageligt konstrueret af TPE eller silikonemateriale og har metalskeletter.<\/p><p class=\"normal\"><span lang=\"EN\">Det er lovligt at k\u00f8be og bruge en sexdukke i de fleste lande, men der er et par komplikationer, som du skal v\u00e6re opm\u00e6rksom p\u00e5 i nogle andre lande. <\/span><\/p><p class=\"normal\"><span lang=\"EN\">Alle sexdukker er ikke smuglergods i USA og Europa.<\/span><\/p><p class=\"normal\"><span lang=\"EN\">For kunder inden for EU er alle st\u00f8rrelser af dukker okay for dig at k\u00f8be p\u00e5 vores side. Selvom der i tolden kan opst\u00e5 komplikationer, minimerer vores erfarne transporterfaring risiciene. Gennem jernbanetransport kan 99% af sexdukkerne f\u00e5 succesfulde leveringer. Det eneste problem er, at leveringstiden er lang og kan tage alt fra 40 \u2013 60 dage. Det kr\u00e6ver meget t\u00e5lmodighed fra dig. <\/span><\/p><\/div>\n\t\t\t\t<\/div>\n\t\t\t\t\t\t\t<div class=\"elementor-toggle-item\">\n\t\t\t\t\t<h4 id=\"elementor-tab-title-1882\" class=\"elementor-tab-title\" data-tab=\"2\" role=\"button\" aria-controls=\"elementor-tab-content-1882\" aria-expanded=\"false\">\n\t\t\t\t\t\t\t\t\t\t\t\t<span class=\"elementor-toggle-icon elementor-toggle-icon-left\" aria-hidden=\"true\">\n\t\t\t\t\t\t\t\t\t\t\t\t\t\t\t<span class=\"elementor-toggle-icon-closed\"><i class=\"fas fa-caret-right\"><\/i><\/span>\n\t\t\t\t\t\t\t\t<span class=\"elementor-toggle-icon-opened\"><i class=\"elementor-toggle-icon-opened fas fa-caret-up\"><\/i><\/span>\n\t\t\t\t\t\t\t\t\t\t\t\t\t<\/span>\n\t\t\t\t\t\t\t\t\t\t\t\t<a class=\"elementor-toggle-title\" tabindex=\"0\">Q: Hvor l\u00e6nge varer min sexdukke?<\/a>\n\t\t\t\t\t<\/h4>\n\n\t\t\t\t\t<div id=\"elementor-tab-content-1882\" class=\"elementor-tab-content elementor-clearfix\" data-tab=\"2\" role=\"region\" aria-labelledby=\"elementor-tab-title-1882\"><p class=\"normal\"><span lang=\"EN\">A : Hvis du behandler din dukke som en partner; pas godt p\u00e5 hende, vask hende omhyggeligt og grundigt og opbevar hende ordentligt, hun kunne holde op til 5 \u00e5r.<\/span><\/p><\/div>\n\t\t\t\t<\/div>\n\t\t\t\t\t\t\t<div class=\"elementor-toggle-item\">\n\t\t\t\t\t<h4 id=\"elementor-tab-title-1883\" class=\"elementor-tab-title\" data-tab=\"3\" role=\"button\" aria-controls=\"elementor-tab-content-1883\" aria-expanded=\"false\">\n\t\t\t\t\t\t\t\t\t\t\t\t<span class=\"elementor-toggle-icon elementor-toggle-icon-left\" aria-hidden=\"true\">\n\t\t\t\t\t\t\t\t\t\t\t\t\t\t\t<span class=\"elementor-toggle-icon-closed\"><i class=\"fas fa-caret-right\"><\/i><\/span>\n\t\t\t\t\t\t\t\t<span class=\"elementor-toggle-icon-opened\"><i class=\"elementor-toggle-icon-opened fas fa-caret-up\"><\/i><\/span>\n\t\t\t\t\t\t\t\t\t\t\t\t\t<\/span>\n\t\t\t\t\t\t\t\t\t\t\t\t<a class=\"elementor-toggle-title\" tabindex=\"0\">Sp\u00f8rgsm\u00e5l: Kan jeg have sex med hende umiddelbart efter jeg har f\u00e5et hende?<\/a>\n\t\t\t\t\t<\/h4>\n\n\t\t\t\t\t<div id=\"elementor-tab-content-1883\" class=\"elementor-tab-content elementor-clearfix\" data-tab=\"3\" role=\"region\" aria-labelledby=\"elementor-tab-title-1883\"><p>A: Selvf\u00f8lgelig kan du det, hun er din! Selvom vi vil r\u00e5de dig til at bade hende f\u00f8rst. Dette skyldes, at selvom vi har renset og t\u00f8rret hende, f\u00f8r hun rejste fra fabrikken, har hun v\u00e6ret p\u00e5 transit, og af hygiejneform\u00e5l har hun brug for en frisk vask og t\u00f8r.<\/p><p class=\"normal\"><span lang=\"EN\">Hvorefter hun kan bruges med det samme, hendes f\u00f8rste nat og seksuelle oplevelse er din. <\/span><\/p><\/div>\n\t\t\t\t<\/div>\n\t\t\t\t\t\t\t<div class=\"elementor-toggle-item\">\n\t\t\t\t\t<h4 id=\"elementor-tab-title-1884\" class=\"elementor-tab-title\" data-tab=\"4\" role=\"button\" aria-controls=\"elementor-tab-content-1884\" aria-expanded=\"false\">\n\t\t\t\t\t\t\t\t\t\t\t\t<span class=\"elementor-toggle-icon elementor-toggle-icon-left\" aria-hidden=\"true\">\n\t\t\t\t\t\t\t\t\t\t\t\t\t\t\t<span class=\"elementor-toggle-icon-closed\"><i class=\"fas fa-caret-right\"><\/i><\/span>\n\t\t\t\t\t\t\t\t<span class=\"elementor-toggle-icon-opened\"><i class=\"elementor-toggle-icon-opened fas fa-caret-up\"><\/i><\/span>\n\t\t\t\t\t\t\t\t\t\t\t\t\t<\/span>\n\t\t\t\t\t\t\t\t\t\t\t\t<a class=\"elementor-toggle-title\" tabindex=\"0\">Sp\u00f8rgsm\u00e5l: Vil jeg modtage samme k\u00f8n dukke, som er p\u00e5 billederne p\u00e5 webstedet?<\/a>\n\t\t\t\t\t<\/h4>\n\n\t\t\t\t\t<div id=\"elementor-tab-content-1884\" class=\"elementor-tab-content elementor-clearfix\" data-tab=\"4\" role=\"region\" aria-labelledby=\"elementor-tab-title-1884\">A: Ja. Selvom det er vigtigt at bem\u00e6rke, at billederne er mesterv\u00e6rker, taget af fantastiske fotografer, efter at professionelle makeupartister havde givet dem et touch-up. Modellerne forbliver de samme som p\u00e5 billederne. Vi tvivler ikke p\u00e5, at du kan kl\u00e6de dem endnu bedre, end vi gjorde. Vi har nogle smukke feedbackbilleder af udkl\u00e6dte sexdukker.<\/div>\n\t\t\t\t<\/div>\n\t\t\t\t\t\t\t<div class=\"elementor-toggle-item\">\n\t\t\t\t\t<h4 id=\"elementor-tab-title-1885\" class=\"elementor-tab-title\" data-tab=\"5\" role=\"button\" aria-controls=\"elementor-tab-content-1885\" aria-expanded=\"false\">\n\t\t\t\t\t\t\t\t\t\t\t\t<span class=\"elementor-toggle-icon elementor-toggle-icon-left\" aria-hidden=\"true\">\n\t\t\t\t\t\t\t\t\t\t\t\t\t\t\t<span class=\"elementor-toggle-icon-closed\"><i class=\"fas fa-caret-right\"><\/i><\/span>\n\t\t\t\t\t\t\t\t<span class=\"elementor-toggle-icon-opened\"><i class=\"elementor-toggle-icon-opened fas fa-caret-up\"><\/i><\/span>\n\t\t\t\t\t\t\t\t\t\t\t\t\t<\/span>\n\t\t\t\t\t\t\t\t\t\t\t\t<a class=\"elementor-toggle-title\" tabindex=\"0\">Sp\u00f8rgsm\u00e5l: Hvorfor skal jeg v\u00e6lge en sexdukke lavet af TPE?<\/a>\n\t\t\t\t\t<\/h4>\n\n\t\t\t\t\t<div id=\"elementor-tab-content-1885\" class=\"elementor-tab-content elementor-clearfix\" data-tab=\"5\" role=\"region\" aria-labelledby=\"elementor-tab-title-1885\">A: TPE er et allergivenligt materiale, sikkert, ganske bl\u00f8dt, behageligt og smidigt. Den mest bem\u00e6rkelsesv\u00e6rdige egenskab ved TPE er dens fleksibilitet, s\u00e5 som du kan forestille dig, under samleje med en TPE sexdukke, svinger og svajer hendes naturlige dukkebryster, hvilket f\u00e5r oplevelsen til at f\u00f8les endnu mere overjordisk, end den allerede g\u00f8r. En vigtig faktor at overveje er ogs\u00e5, at TPE-dukker er v\u00e6sentligt billigere end silikonedukker. <\/div>\n\t\t\t\t<\/div>\n\t\t\t\t\t\t\t<div class=\"elementor-toggle-item\">\n\t\t\t\t\t<h4 id=\"elementor-tab-title-1886\" class=\"elementor-tab-title\" data-tab=\"6\" role=\"button\" aria-controls=\"elementor-tab-content-1886\" aria-expanded=\"false\">\n\t\t\t\t\t\t\t\t\t\t\t\t<span class=\"elementor-toggle-icon elementor-toggle-icon-left\" aria-hidden=\"true\">\n\t\t\t\t\t\t\t\t\t\t\t\t\t\t\t<span class=\"elementor-toggle-icon-closed\"><i class=\"fas fa-caret-right\"><\/i><\/span>\n\t\t\t\t\t\t\t\t<span class=\"elementor-toggle-icon-opened\"><i class=\"elementor-toggle-icon-opened fas fa-caret-up\"><\/i><\/span>\n\t\t\t\t\t\t\t\t\t\t\t\t\t<\/span>\n\t\t\t\t\t\t\t\t\t\t\t\t<a class=\"elementor-toggle-title\" tabindex=\"0\">Q: Hvor mange seksuelle stillinger kan min sexdukke komme ind i?<\/a>\n\t\t\t\t\t<\/h4>\n\n\t\t\t\t\t<div id=\"elementor-tab-content-1886\" class=\"elementor-tab-content elementor-clearfix\" data-tab=\"6\" role=\"region\" aria-labelledby=\"elementor-tab-title-1886\">A: Sexdukken har et st\u00e6rkt metalskelet p\u00e5 h\u00f8jt niveau, s\u00e5 du kan nyde et udvalg af seksuelle stillinger.<\/div>\n\t\t\t\t<\/div>\n\t\t\t\t\t\t\t<div class=\"elementor-toggle-item\">\n\t\t\t\t\t<h4 id=\"elementor-tab-title-1887\" class=\"elementor-tab-title\" data-tab=\"7\" role=\"button\" aria-controls=\"elementor-tab-content-1887\" aria-expanded=\"false\">\n\t\t\t\t\t\t\t\t\t\t\t\t<span class=\"elementor-toggle-icon elementor-toggle-icon-left\" aria-hidden=\"true\">\n\t\t\t\t\t\t\t\t\t\t\t\t\t\t\t<span class=\"elementor-toggle-icon-closed\"><i class=\"fas fa-caret-right\"><\/i><\/span>\n\t\t\t\t\t\t\t\t<span class=\"elementor-toggle-icon-opened\"><i class=\"elementor-toggle-icon-opened fas fa-caret-up\"><\/i><\/span>\n\t\t\t\t\t\t\t\t\t\t\t\t\t<\/span>\n\t\t\t\t\t\t\t\t\t\t\t\t<a class=\"elementor-toggle-title\" tabindex=\"0\">Q: Hvor kommer min sexdukke fra?<\/a>\n\t\t\t\t\t<\/h4>\n\n\t\t\t\t\t<div id=\"elementor-tab-content-1887\" class=\"elementor-tab-content elementor-clearfix\" data-tab=\"7\" role=\"region\" aria-labelledby=\"elementor-tab-title-1887\">A: Lige nu er n\u00e6sten alle TPE- og silikone-sexdukker lavet i Asien. Vores fabrik er den mest popul\u00e6re blandt konkurrenterne, og din sexdukke skal sendes direkte fra fabrikken i Kina.<\/div>\n\t\t\t\t<\/div>\n\t\t\t\t\t\t\t<div class=\"elementor-toggle-item\">\n\t\t\t\t\t<h4 id=\"elementor-tab-title-1888\" class=\"elementor-tab-title\" data-tab=\"8\" role=\"button\" aria-controls=\"elementor-tab-content-1888\" aria-expanded=\"false\">\n\t\t\t\t\t\t\t\t\t\t\t\t<span class=\"elementor-toggle-icon elementor-toggle-icon-left\" aria-hidden=\"true\">\n\t\t\t\t\t\t\t\t\t\t\t\t\t\t\t<span class=\"elementor-toggle-icon-closed\"><i class=\"fas fa-caret-right\"><\/i><\/span>\n\t\t\t\t\t\t\t\t<span class=\"elementor-toggle-icon-opened\"><i class=\"elementor-toggle-icon-opened fas fa-caret-up\"><\/i><\/span>\n\t\t\t\t\t\t\t\t\t\t\t\t\t<\/span>\n\t\t\t\t\t\t\t\t\t\t\t\t<a class=\"elementor-toggle-title\" tabindex=\"0\">Q: Kan jeg b\u00e6re t\u00f8j i forskellige farver til min sexdukke?<\/a>\n\t\t\t\t\t<\/h4>\n\n\t\t\t\t\t<div id=\"elementor-tab-content-1888\" class=\"elementor-tab-content elementor-clearfix\" data-tab=\"8\" role=\"region\" aria-labelledby=\"elementor-tab-title-1888\">A : Vi tilbyder dig sexet lingeri og et par sexede dukkekostumer, men hvis du \u00f8nsker at skifte dem, anbefales det, at du ikke kl\u00e6der din dukke i ringere eller m\u00f8rkt t\u00f8j, s\u00e5 de ikke forurener sexdukkens hud. Ved daglig brug skal du holde dukkerne v\u00e6k fra m\u00f8rkt t\u00f8j. <\/div>\n\t\t\t\t<\/div>\n\t\t\t\t\t\t\t<div class=\"elementor-toggle-item\">\n\t\t\t\t\t<h4 id=\"elementor-tab-title-1889\" class=\"elementor-tab-title\" data-tab=\"9\" role=\"button\" aria-controls=\"elementor-tab-content-1889\" aria-expanded=\"false\">\n\t\t\t\t\t\t\t\t\t\t\t\t<span class=\"elementor-toggle-icon elementor-toggle-icon-left\" aria-hidden=\"true\">\n\t\t\t\t\t\t\t\t\t\t\t\t\t\t\t<span class=\"elementor-toggle-icon-closed\"><i class=\"fas fa-caret-right\"><\/i><\/span>\n\t\t\t\t\t\t\t\t<span class=\"elementor-toggle-icon-opened\"><i class=\"elementor-toggle-icon-opened fas fa-caret-up\"><\/i><\/span>\n\t\t\t\t\t\t\t\t\t\t\t\t\t<\/span>\n\t\t\t\t\t\t\t\t\t\t\t\t<a class=\"elementor-toggle-title\" tabindex=\"0\">Q: Kan jeg l\u00e6gge makeup p\u00e5 min sexdukke?<\/a>\n\t\t\t\t\t<\/h4>\n\n\t\t\t\t\t<div id=\"elementor-tab-content-1889\" class=\"elementor-tab-content elementor-clearfix\" data-tab=\"9\" role=\"region\" aria-labelledby=\"elementor-tab-title-1889\">A: Vi anbefaler ikke yderligere makeup, fordi du ikke ved, om det vil plette eller p\u00e5virke dukkens materiale. Hvis du beslutter dig for at \u00e6ndre hendes\/hans udseende, s\u00e5 hold dig til pudder. Og som med andre ting p\u00e5 dukken, test altid i en uset del.<\/div>\n\t\t\t\t<\/div>\n\t\t\t\t\t\t\t<div class=\"elementor-toggle-item\">\n\t\t\t\t\t<h4 id=\"elementor-tab-title-18810\" class=\"elementor-tab-title\" data-tab=\"10\" role=\"button\" aria-controls=\"elementor-tab-content-18810\" aria-expanded=\"false\">\n\t\t\t\t\t\t\t\t\t\t\t\t<span class=\"elementor-toggle-icon elementor-toggle-icon-left\" aria-hidden=\"true\">\n\t\t\t\t\t\t\t\t\t\t\t\t\t\t\t<span class=\"elementor-toggle-icon-closed\"><i class=\"fas fa-caret-right\"><\/i><\/span>\n\t\t\t\t\t\t\t\t<span class=\"elementor-toggle-icon-opened\"><i class=\"elementor-toggle-icon-opened fas fa-caret-up\"><\/i><\/span>\n\t\t\t\t\t\t\t\t\t\t\t\t\t<\/span>\n\t\t\t\t\t\t\t\t\t\t\t\t<a class=\"elementor-toggle-title\" tabindex=\"0\">Sp\u00f8rgsm\u00e5l: Er der noget, jeg b\u00f8r vide, n\u00e5r jeg bruger min sexdukke?<\/a>\n\t\t\t\t\t<\/h4>\n\n\t\t\t\t\t<div id=\"elementor-tab-content-18810\" class=\"elementor-tab-content elementor-clearfix\" data-tab=\"10\" role=\"region\" aria-labelledby=\"elementor-tab-title-18810\"><p>A: Du m\u00e5 under ingen omst\u00e6ndigheder bruge andet end VANDBASERT sexglidecreme. Brug ikke din dukke sammen med andre. Dette vil reducere risikoen for infektioner, yderligere bakterier og dukkeskader.<\/p><p>At b\u00e6re kondom g\u00f8r det lettere at rydde op i din dukke, men du kan g\u00e5 i r\u00e5, hvis det er din pr\u00e6ference.<\/p><\/div>\n\t\t\t\t<\/div>\n\t\t\t\t\t\t\t\t\t\t<script type=\"application\/ld+json\">{\n    \"@context\": \"https:\\\/\\\/schema.org\",\n    \"@type\": \"FAQPage\",\n    \"mainEntity\": [\n        {\n            \"@type\": \"Question\",\n            \"name\": \"Q : Are Sex Dolls Legal In My Country?\",\n            \"acceptedAnswer\": {\n                \"@type\": \"Answer\",\n                \"text\": \"<p>A : Most people who own sex dolls do not want to go to jail for owning a doll and have turned to dolls as they are the safer option. The sex dolls are constructed from TPE or silicone material mainly and have metal skeletons.<\\\/p><p class=\\\"normal\\\"><span lang=\\\"EN\\\">It is legal to purchase and use a sex doll in most countries, but there are a few complications that you have to be aware of in some other countries. <\\\/span><\\\/p><p class=\\\"normal\\\"><span lang=\\\"EN\\\">All sex dolls are not contraband in the United States and Europe country.<\\\/span><\\\/p><p class=\\\"normal\\\"><span lang=\\\"EN\\\">For customers within the European Union, all sizes of dolls are okay for you to buy on our site. Although in customs, complications may arise, our seasoned transportation experience minimizes the risks. Through railway transportation, 99% of the sex dolls can have successful deliveries. The only problem is that shipping time is long and can take anything from 40 &#8211; 60 days. It asks a lot of patience from you. <\\\/span><\\\/p>\"\n            }\n        },\n        {\n            \"@type\": \"Question\",\n            \"name\": \"Q : How Long Does My Sex Doll Last?\",\n            \"acceptedAnswer\": {\n                \"@type\": \"Answer\",\n                \"text\": \"<p class=\\\"normal\\\"><span lang=\\\"EN\\\">A : If you treat your doll as you would a partner; take good care of her, wash her carefully and thoroughly, and store her properly, she could last up to 5 years.<\\\/span><\\\/p>\"\n            }\n        },\n        {\n            \"@type\": \"Question\",\n            \"name\": \"Q : Can I Have Sex With Her Immediately After I Get Her?\",\n            \"acceptedAnswer\": {\n                \"@type\": \"Answer\",\n                \"text\": \"<p>A : Of course, you can, she&#8217;s yours! Although we would advise you to bathe her first. This is because although we cleaned and dried her before she departed from the factory, she has been in transit and for hygiene purposes, she needs a fresh wash and dry.<\\\/p><p class=\\\"normal\\\"><span lang=\\\"EN\\\">After which she can be used immediately, her first night and sexual experience are yours. <\\\/span><\\\/p>\"\n            }\n        },\n        {\n            \"@type\": \"Question\",\n            \"name\": \"Q : Will I Receive The Same Sex Doll As Is In The Pictures On The Site?\",\n            \"acceptedAnswer\": {\n                \"@type\": \"Answer\",\n                \"text\": \"A : Yes. Although it is important to note that the pictures are masterpieces, taken by amazing photographers after professional makeup artists had given them a touch-up. The models remain the same as in the pictures. We don&#8217;t doubt that you can dress them up even better than we did. We&#8217;ve got some beautiful feedback images of dressed-up sex dolls.\"\n            }\n        },\n        {\n            \"@type\": \"Question\",\n            \"name\": \"Q : Why Should I Choose A Sex Doll Made Of TPE?\",\n            \"acceptedAnswer\": {\n                \"@type\": \"Answer\",\n                \"text\": \"A : TPE is a hypoallergenic material, safe, quite soft, comfortable, and supple. The most notable feature of TPE is its flexibility, so as you can imagine, during intercourse with a TPE sex doll, her natural doll breasts swing and sway, making the experience feel even more otherworldly than it already does. An important factor to consider is also that TPE dolls are significantly cheaper than silicone dolls. \"\n            }\n        },\n        {\n            \"@type\": \"Question\",\n            \"name\": \"Q : How Many Sexual Postures Can My Sex Doll Get Into?\",\n            \"acceptedAnswer\": {\n                \"@type\": \"Answer\",\n                \"text\": \"A : The sex doll has a strong, high-level metal skeleton, so you can enjoy an assortment of sexual positions.\"\n            }\n        },\n        {\n            \"@type\": \"Question\",\n            \"name\": \"Q : Where Does My Sex Doll Come From?\",\n            \"acceptedAnswer\": {\n                \"@type\": \"Answer\",\n                \"text\": \"A : As of right now,  almost all TPE and silicone sex dolls are made in Asia. Our factory is the most popular one amongst the competition, and your sex doll is to be shipped directly from the factory in China.\"\n            }\n        },\n        {\n            \"@type\": \"Question\",\n            \"name\": \"Q : Can I Wear Clothes Of Various Colors For My Sex Doll?\",\n            \"acceptedAnswer\": {\n                \"@type\": \"Answer\",\n                \"text\": \"A : We offer you sexy lingerie and a couple of sexy doll costumes, but if you wish to change them, it is recommended that you don&#8217;t clothe your doll in inferior or dark-colored clothes so they don&#8217;t pollute the sex doll&#8217;s skin. In daily use, please keep the dolls away from dark-colored clothes. \"\n            }\n        },\n        {\n            \"@type\": \"Question\",\n            \"name\": \"Q : Can I Put Makeup On My Sex Doll?\",\n            \"acceptedAnswer\": {\n                \"@type\": \"Answer\",\n                \"text\": \"A : We don\\u2019t recommend additional makeup because you don\\u2019t know if it will stain or affect the doll&#8217;s material. If you do decide to change up her\\\/ his look, stick to powders. And, as with other things on the doll, always test in an unseen part.\"\n            }\n        },\n        {\n            \"@type\": \"Question\",\n            \"name\": \"Q : Is There Anything I Should Know When Making Use Of My Sex Doll?\",\n            \"acceptedAnswer\": {\n                \"@type\": \"Answer\",\n                \"text\": \"<p>A : Under no circumstances should you use anything other than WATER-BASED sex lubes. Do not use your doll with any others. This will reduce the chance of infections, additional bacteria, and doll damage.<\\\/p><p>Wearing a condom makes it easier to clean up your doll, but you can go in raw if that is your preference.<\\\/p>\"\n            }\n        }\n    ]\n}<\/script>\n\t\t\t\t\t<\/div>\n\t\t\t\t\t\t<\/div>\n\t\t\t\t<\/div>\n\t\t\t\t\t<\/div>\n\t\t<\/div>\n\t\t\t\t\t<\/div>\n\t\t<\/section>\n\t\t\t\t<\/div>","protected":false},"excerpt":{"rendered":"<p>Ofte stillede sp\u00f8rgsm\u00e5l Q: Er sexdukker lovlige i mit land? A : De fleste mennesker, der ejer sexdukker<\/p>","protected":false},"author":4,"featured_media":0,"parent":0,"menu_order":0,"comment_status":"closed","ping_status":"closed","template":"","meta":{"footnotes":""},"class_list":["post-8476","page","type-page","status-publish","hentry"],"_links":{"self":[{"href":"https:\/\/zxdoll.com\/da\/wp-json\/wp\/v2\/pages\/8476","targetHints":{"allow":["GET"]}}],"collection":[{"href":"https:\/\/zxdoll.com\/da\/wp-json\/wp\/v2\/pages"}],"about":[{"href":"https:\/\/zxdoll.com\/da\/wp-json\/wp\/v2\/types\/page"}],"author":[{"embeddable":true,"href":"https:\/\/zxdoll.com\/da\/wp-json\/wp\/v2\/users\/4"}],"replies":[{"embeddable":true,"href":"https:\/\/zxdoll.com\/da\/wp-json\/wp\/v2\/comments?post=8476"}],"version-history":[{"count":1,"href":"https:\/\/zxdoll.com\/da\/wp-json\/wp\/v2\/pages\/8476\/revisions"}],"predecessor-version":[{"id":155672,"href":"https:\/\/zxdoll.com\/da\/wp-json\/wp\/v2\/pages\/8476\/revisions\/155672"}],"wp:attachment":[{"href":"https:\/\/zxdoll.com\/da\/wp-json\/wp\/v2\/media?parent=8476"}],"curies":[{"name":"wp","href":"https:\/\/api.w.org\/{rel}","templated":true}]}}