{"id":43739,"date":"2023-04-17T03:32:16","date_gmt":"2023-04-16T19:32:16","guid":{"rendered":"https:\/\/zxdoll.com\/?post_type=product&#038;p=43739"},"modified":"2025-09-10T22:07:14","modified_gmt":"2025-09-10T14:07:14","slug":"super-small-breast-harmony-realdoll","status":"publish","type":"product","link":"https:\/\/zxdoll.com\/cs\/product\/super-small-breast-harmony-realdoll\/","title":{"rendered":"Super mal\u00e1 prsa Harmony Realdoll Loralie 168 cm"},"content":{"rendered":"<h4><strong>Obr\u00e1zky Sex Doll<\/strong><\/h4>\n\t                <ul class=\"easy-image-gallery thumbnails-18 linked\">\r\n                    <li><a data-fancybox=\"gallery334\" href=\"https:\/\/zxdoll.com\/wp-content\/uploads\/2023\/04\/sex-doll-shop-8u6v1-533x800.jpg\" class=\"eig-popup\" title=\"\" data-caption=\"\" target=\"_blank\"><i class=\"icon-view\"><\/i><span class=\"overlay\"><\/span><img decoding=\"async\" width=\"150\" height=\"150\" src=\"https:\/\/zxdoll.com\/wp-content\/uploads\/2023\/04\/sex-doll-shop-8u6v1-150x150.jpg\" class=\"attachment-thumbnail size-thumbnail\" alt=\"\" title=\"\"><\/a><\/li><li><a data-fancybox=\"gallery334\" href=\"https:\/\/zxdoll.com\/wp-content\/uploads\/2023\/04\/sex-doll-shop-8u6v2-533x800.jpg\" class=\"eig-popup\" title=\"\" data-caption=\"\" target=\"_blank\"><i class=\"icon-view\"><\/i><span class=\"overlay\"><\/span><img decoding=\"async\" width=\"150\" height=\"150\" src=\"https:\/\/zxdoll.com\/wp-content\/uploads\/2023\/04\/sex-doll-shop-8u6v2-150x150.jpg\" class=\"attachment-thumbnail size-thumbnail\" alt=\"\" title=\"\"><\/a><\/li><li><a data-fancybox=\"gallery334\" href=\"https:\/\/zxdoll.com\/wp-content\/uploads\/2023\/04\/sex-doll-shop-8u6v3-533x800.jpg\" class=\"eig-popup\" title=\"\" data-caption=\"\" target=\"_blank\"><i class=\"icon-view\"><\/i><span class=\"overlay\"><\/span><img decoding=\"async\" width=\"150\" height=\"150\" src=\"https:\/\/zxdoll.com\/wp-content\/uploads\/2023\/04\/sex-doll-shop-8u6v3-150x150.jpg\" class=\"attachment-thumbnail size-thumbnail\" alt=\"\" title=\"\"><\/a><\/li><li><a data-fancybox=\"gallery334\" href=\"https:\/\/zxdoll.com\/wp-content\/uploads\/2023\/04\/sex-doll-shop-8u6v4-533x800.jpg\" class=\"eig-popup\" title=\"\" data-caption=\"\" target=\"_blank\"><i class=\"icon-view\"><\/i><span class=\"overlay\"><\/span><img loading=\"lazy\" decoding=\"async\" width=\"150\" height=\"150\" src=\"https:\/\/zxdoll.com\/wp-content\/uploads\/2023\/04\/sex-doll-shop-8u6v4-150x150.jpg\" class=\"attachment-thumbnail size-thumbnail\" alt=\"\" title=\"\"><\/a><\/li><li><a data-fancybox=\"gallery334\" href=\"https:\/\/zxdoll.com\/wp-content\/uploads\/2023\/04\/sex-doll-shop-8u6v5-533x800.jpg\" class=\"eig-popup\" title=\"\" data-caption=\"\" target=\"_blank\"><i class=\"icon-view\"><\/i><span class=\"overlay\"><\/span><img loading=\"lazy\" decoding=\"async\" width=\"150\" height=\"150\" src=\"https:\/\/zxdoll.com\/wp-content\/uploads\/2023\/04\/sex-doll-shop-8u6v5-150x150.jpg\" class=\"attachment-thumbnail size-thumbnail\" alt=\"\" title=\"\"><\/a><\/li><li><a data-fancybox=\"gallery334\" href=\"https:\/\/zxdoll.com\/wp-content\/uploads\/2023\/04\/sex-doll-shop-8u6v6-533x800.jpg\" class=\"eig-popup\" title=\"\" data-caption=\"\" target=\"_blank\"><i class=\"icon-view\"><\/i><span class=\"overlay\"><\/span><img loading=\"lazy\" decoding=\"async\" width=\"150\" height=\"150\" src=\"https:\/\/zxdoll.com\/wp-content\/uploads\/2023\/04\/sex-doll-shop-8u6v6-150x150.jpg\" class=\"attachment-thumbnail size-thumbnail\" alt=\"\" title=\"\"><\/a><\/li><li><a data-fancybox=\"gallery334\" href=\"https:\/\/zxdoll.com\/wp-content\/uploads\/2023\/04\/sex-doll-shop-8u6v7-533x800.jpg\" class=\"eig-popup\" title=\"\" data-caption=\"\" target=\"_blank\"><i class=\"icon-view\"><\/i><span class=\"overlay\"><\/span><img loading=\"lazy\" decoding=\"async\" width=\"150\" height=\"150\" src=\"https:\/\/zxdoll.com\/wp-content\/uploads\/2023\/04\/sex-doll-shop-8u6v7-150x150.jpg\" class=\"attachment-thumbnail size-thumbnail\" alt=\"\" title=\"\"><\/a><\/li><li><a data-fancybox=\"gallery334\" href=\"https:\/\/zxdoll.com\/wp-content\/uploads\/2023\/04\/sex-doll-shop-8u6v8-508x800.jpg\" class=\"eig-popup\" title=\"\" data-caption=\"\" target=\"_blank\"><i class=\"icon-view\"><\/i><span class=\"overlay\"><\/span><img loading=\"lazy\" decoding=\"async\" width=\"150\" height=\"150\" src=\"https:\/\/zxdoll.com\/wp-content\/uploads\/2023\/04\/sex-doll-shop-8u6v8-150x150.jpg\" class=\"attachment-thumbnail size-thumbnail\" alt=\"\" title=\"\"><\/a><\/li><li><a data-fancybox=\"gallery334\" href=\"https:\/\/zxdoll.com\/wp-content\/uploads\/2023\/04\/sex-doll-shop-8u6v9-533x800.jpg\" class=\"eig-popup\" title=\"\" data-caption=\"\" target=\"_blank\"><i class=\"icon-view\"><\/i><span class=\"overlay\"><\/span><img loading=\"lazy\" decoding=\"async\" width=\"150\" height=\"150\" src=\"https:\/\/zxdoll.com\/wp-content\/uploads\/2023\/04\/sex-doll-shop-8u6v9-150x150.jpg\" class=\"attachment-thumbnail size-thumbnail\" alt=\"\" title=\"\"><\/a><\/li><li><a data-fancybox=\"gallery334\" href=\"https:\/\/zxdoll.com\/wp-content\/uploads\/2023\/04\/sex-doll-shop-8u6v10-497x800.jpg\" class=\"eig-popup\" title=\"\" data-caption=\"\" target=\"_blank\"><i class=\"icon-view\"><\/i><span class=\"overlay\"><\/span><img loading=\"lazy\" decoding=\"async\" width=\"150\" height=\"150\" src=\"https:\/\/zxdoll.com\/wp-content\/uploads\/2023\/04\/sex-doll-shop-8u6v10-150x150.jpg\" class=\"attachment-thumbnail size-thumbnail\" alt=\"\" title=\"\"><\/a><\/li><li><a data-fancybox=\"gallery334\" href=\"https:\/\/zxdoll.com\/wp-content\/uploads\/2023\/04\/sex-doll-shop-8u6v12-518x800.jpg\" class=\"eig-popup\" title=\"\" data-caption=\"\" target=\"_blank\"><i class=\"icon-view\"><\/i><span class=\"overlay\"><\/span><img loading=\"lazy\" decoding=\"async\" width=\"150\" height=\"150\" src=\"https:\/\/zxdoll.com\/wp-content\/uploads\/2023\/04\/sex-doll-shop-8u6v12-150x150.jpg\" class=\"attachment-thumbnail size-thumbnail\" alt=\"\" title=\"\"><\/a><\/li><li><a data-fancybox=\"gallery334\" href=\"https:\/\/zxdoll.com\/wp-content\/uploads\/2023\/04\/sex-doll-shop-8u6v13-481x800.jpg\" class=\"eig-popup\" title=\"\" data-caption=\"\" target=\"_blank\"><i class=\"icon-view\"><\/i><span class=\"overlay\"><\/span><img loading=\"lazy\" decoding=\"async\" width=\"150\" height=\"150\" src=\"https:\/\/zxdoll.com\/wp-content\/uploads\/2023\/04\/sex-doll-shop-8u6v13-150x150.jpg\" class=\"attachment-thumbnail size-thumbnail\" alt=\"\" title=\"\"><\/a><\/li><li><a data-fancybox=\"gallery334\" href=\"https:\/\/zxdoll.com\/wp-content\/uploads\/2023\/04\/sex-doll-shop-8u6v14-491x800.jpg\" class=\"eig-popup\" title=\"\" data-caption=\"\" target=\"_blank\"><i class=\"icon-view\"><\/i><span class=\"overlay\"><\/span><img loading=\"lazy\" decoding=\"async\" width=\"150\" height=\"150\" src=\"https:\/\/zxdoll.com\/wp-content\/uploads\/2023\/04\/sex-doll-shop-8u6v14-150x150.jpg\" class=\"attachment-thumbnail size-thumbnail\" alt=\"\" title=\"\"><\/a><\/li><li><a data-fancybox=\"gallery334\" href=\"https:\/\/zxdoll.com\/wp-content\/uploads\/2023\/04\/sex-doll-shop-8u6v15-524x800.jpg\" class=\"eig-popup\" title=\"\" data-caption=\"\" target=\"_blank\"><i class=\"icon-view\"><\/i><span class=\"overlay\"><\/span><img loading=\"lazy\" decoding=\"async\" width=\"150\" height=\"150\" src=\"https:\/\/zxdoll.com\/wp-content\/uploads\/2023\/04\/sex-doll-shop-8u6v15-150x150.jpg\" class=\"attachment-thumbnail size-thumbnail\" alt=\"\" title=\"\"><\/a><\/li><li><a data-fancybox=\"gallery334\" href=\"https:\/\/zxdoll.com\/wp-content\/uploads\/2023\/04\/sex-doll-shop-8u6v16-533x800.jpg\" class=\"eig-popup\" title=\"\" data-caption=\"\" target=\"_blank\"><i class=\"icon-view\"><\/i><span class=\"overlay\"><\/span><img loading=\"lazy\" decoding=\"async\" width=\"150\" height=\"150\" src=\"https:\/\/zxdoll.com\/wp-content\/uploads\/2023\/04\/sex-doll-shop-8u6v16-150x150.jpg\" class=\"attachment-thumbnail size-thumbnail\" alt=\"\" title=\"\"><\/a><\/li><li><a data-fancybox=\"gallery334\" href=\"https:\/\/zxdoll.com\/wp-content\/uploads\/2023\/04\/sex-doll-shop-8u6v17-1-533x800.jpg\" class=\"eig-popup\" title=\"\" data-caption=\"\" target=\"_blank\"><i class=\"icon-view\"><\/i><span class=\"overlay\"><\/span><img loading=\"lazy\" decoding=\"async\" width=\"150\" height=\"150\" src=\"https:\/\/zxdoll.com\/wp-content\/uploads\/2023\/04\/sex-doll-shop-8u6v17-1-150x150.jpg\" class=\"attachment-thumbnail size-thumbnail\" alt=\"\" title=\"\"><\/a><\/li><li><a data-fancybox=\"gallery334\" href=\"https:\/\/zxdoll.com\/wp-content\/uploads\/2023\/04\/sex-doll-shop-8u6v18-533x800.jpg\" class=\"eig-popup\" title=\"\" data-caption=\"\" target=\"_blank\"><i class=\"icon-view\"><\/i><span class=\"overlay\"><\/span><img loading=\"lazy\" decoding=\"async\" width=\"150\" height=\"150\" src=\"https:\/\/zxdoll.com\/wp-content\/uploads\/2023\/04\/sex-doll-shop-8u6v18-150x150.jpg\" class=\"attachment-thumbnail size-thumbnail\" alt=\"\" title=\"\"><\/a><\/li><li><a data-fancybox=\"gallery334\" href=\"https:\/\/zxdoll.com\/wp-content\/uploads\/2023\/04\/sex-doll-shop-8u6v19-531x800.jpg\" class=\"eig-popup\" title=\"\" data-caption=\"\" target=\"_blank\"><i class=\"icon-view\"><\/i><span class=\"overlay\"><\/span><img loading=\"lazy\" decoding=\"async\" width=\"150\" height=\"150\" src=\"https:\/\/zxdoll.com\/wp-content\/uploads\/2023\/04\/sex-doll-shop-8u6v19-150x150.jpg\" class=\"attachment-thumbnail size-thumbnail\" alt=\"\" title=\"\"><\/a><\/li><\/ul>\n<h4>Velikostn\u00ed tabulky<\/h4>\n<table width=\"292\">\n<tbody>\n<tr>\n<td width=\"153\">Materi\u00e1l<\/td>\n<td width=\"139\">TPE<\/td>\n<\/tr>\n<tr>\n<td>V\u00fd\u0161ka<\/td>\n<td>168 cm<\/td>\n<\/tr>\n<tr>\n<td>Linie prsou<\/td>\n<td>67 cm<\/td>\n<\/tr>\n<tr>\n<td>Linie pasu<\/td>\n<td>53 cm<\/td>\n<\/tr>\n<tr>\n<td>Hip Line<\/td>\n<td>73 cm<\/td>\n<\/tr>\n<tr>\n<td>\u0160\u00ed\u0159e ramen<\/td>\n<td>32 cm<\/td>\n<\/tr>\n<tr>\n<td>D\u00e9lka pa\u017ee<\/td>\n<td>58 cm<\/td>\n<\/tr>\n<tr>\n<td>D\u00e9lka nohy<\/td>\n<td>109 cm<\/td>\n<\/tr>\n<tr>\n<td>Velikost nohou<\/td>\n<td>22 cm<\/td>\n<\/tr>\n<tr>\n<td>Stehenn\u00ed linie<\/td>\n<td>44 cm<\/td>\n<\/tr>\n<tr>\n<td>Linie l\u00fdtek<\/td>\n<td>27 cm<\/td>\n<\/tr>\n<tr>\n<td>\u010cist\u00e1 hmotnost<\/td>\n<td>28,5 kg<\/td>\n<\/tr>\n<tr>\n<td>\u00dastn\u00ed hloubka<\/td>\n<td>13 cm<\/td>\n<\/tr>\n<tr>\n<td>Hloubka vag\u00edny<\/td>\n<td>18 cm<\/td>\n<\/tr>\n<tr>\n<td>An\u00e1ln\u00ed hloubka<\/td>\n<td>16 cm<\/td>\n<\/tr>\n<\/tbody>\n<\/table>\n<h4>O Sex Doll<\/h4>\n<p>Pokud v\u00e1s zaj\u00edm\u00e1, jak\u00e9 to je \u0161ukat s rozmarnou panenkou, m\u00e1te \u0161t\u011bst\u00ed. Seznamte se s Rayem, sou\u010dasnou panenkou na sex s mal\u00fdmi prsy. V\u011bt\u0161ina tpe sex panenek nen\u00ed tak flexibiln\u00ed nebo sexy, nebo dokonce nikde tak sv\u016fdn\u00e1 jako tato kr\u00e1ska.<\/p>\n<p>Nenechte se zm\u00e1st jej\u00edmi dlouh\u00fdmi vlasy a klidn\u00fdm chov\u00e1n\u00edm; tato super sexu\u00e1ln\u00ed panenka je v\u00edce ne\u017e ochotn\u00e1 pokusit se o jak\u00e9koli sexu\u00e1ln\u00ed polohy a je v nich tak\u00e9 zru\u010dn\u00e1. Ve skute\u010dnosti jen velmi z\u0159\u00eddka najdete \u017eivot jako panenka l\u00e1sky, jako je ona, a to nemysl\u00edme na lehkou v\u00e1hu. Tato panenka mo\u017en\u00e1 nen\u00ed panenka dud\u00e1k, ale m\u00e1 takovou postavu.<\/p>\n<p>Velk\u00e1 prsa, sv\u011btl\u00e1 ple\u0165, ohromuj\u00edc\u00ed obli\u010dej a n\u00e1padn\u00e9 vlasy. To nejsou jedin\u00e9 vlastnosti, d\u00edky kter\u00fdm je tato milostn\u00e1 panenka jedine\u010dn\u00e1. Je to sexy panenka a m\u00e1 odn\u00edmateln\u00fd penis, krom\u011b kundi\u010dky a zade\u010dku. D\u00edky tomu je panenka s rozmanit\u00fdm vyu\u017eit\u00edm, ide\u00e1ln\u00ed pro mu\u017ee, \u017eeny a lidi mimo tato dv\u011b pohlav\u00ed.<\/p>\n<p>A ve zn\u00e1m\u00e9 skute\u010dn\u00e9 harmonii panenek m\u00e1 tato milostn\u00e1 panenka hladce p\u0159ipojenou hlavu, kterou lze pro zm\u011bnu snadno odd\u011blit, tak\u017ee m\u016f\u017eete z\u00edskat n\u011bkolik hlav panenek jako ona a vym\u011bnit je, p\u0159i\u010dem\u017e si zachov\u00e1te jej\u00ed dokonale vytvarovanou postavu. Nen\u00ed to \u00fa\u017easn\u00e9?<\/p>","protected":false},"excerpt":{"rendered":"<p>Sex Doll Obr\u00e1zky Velikostn\u00ed tabulky Materi\u00e1l TPE V\u00fd\u0161ka 168 cm Linie prsou 67 cm Linie pasu 53 cm Linie bok\u016f 73 cm \u0160\u00ed\u0159ka ramen<\/p>","protected":false},"featured_media":43740,"comment_status":"open","ping_status":"closed","template":"","meta":[],"product_brand":[],"product_cat":[119,75,228,102,107,117],"product_tag":[],"class_list":{"0":"post-43739","1":"product","2":"type-product","3":"status-publish","4":"has-post-thumbnail","6":"product_cat-tpe-sex-doll","7":"product_cat-160cm-170cm-sex-dolls","8":"product_cat-26kg-30kg","9":"product_cat-fantasy-sex-dolls","10":"product_cat-skinny-sex-dolls","11":"product_cat-small-breast-sex-doll","12":"pa_brand-fire-doll","13":"tm-has-options","15":"first","16":"instock","17":"sale","18":"shipping-taxable","19":"purchasable","20":"product-type-simple"},"_links":{"self":[{"href":"https:\/\/zxdoll.com\/cs\/wp-json\/wp\/v2\/product\/43739","targetHints":{"allow":["GET"]}}],"collection":[{"href":"https:\/\/zxdoll.com\/cs\/wp-json\/wp\/v2\/product"}],"about":[{"href":"https:\/\/zxdoll.com\/cs\/wp-json\/wp\/v2\/types\/product"}],"replies":[{"embeddable":true,"href":"https:\/\/zxdoll.com\/cs\/wp-json\/wp\/v2\/comments?post=43739"}],"version-history":[{"count":2,"href":"https:\/\/zxdoll.com\/cs\/wp-json\/wp\/v2\/product\/43739\/revisions"}],"predecessor-version":[{"id":155438,"href":"https:\/\/zxdoll.com\/cs\/wp-json\/wp\/v2\/product\/43739\/revisions\/155438"}],"wp:featuredmedia":[{"embeddable":true,"href":"https:\/\/zxdoll.com\/cs\/wp-json\/wp\/v2\/media\/43740"}],"wp:attachment":[{"href":"https:\/\/zxdoll.com\/cs\/wp-json\/wp\/v2\/media?parent=43739"}],"wp:term":[{"taxonomy":"product_brand","embeddable":true,"href":"https:\/\/zxdoll.com\/cs\/wp-json\/wp\/v2\/product_brand?post=43739"},{"taxonomy":"product_cat","embeddable":true,"href":"https:\/\/zxdoll.com\/cs\/wp-json\/wp\/v2\/product_cat?post=43739"},{"taxonomy":"product_tag","embeddable":true,"href":"https:\/\/zxdoll.com\/cs\/wp-json\/wp\/v2\/product_tag?post=43739"}],"curies":[{"name":"wp","href":"https:\/\/api.w.org\/{rel}","templated":true}]}}