{"id":41692,"date":"2023-04-15T03:44:12","date_gmt":"2023-04-14T19:44:12","guid":{"rendered":"https:\/\/zxdoll.com\/?post_type=product&#038;p=41692"},"modified":"2025-09-10T00:52:52","modified_gmt":"2025-09-09T16:52:52","slug":"full-size-hairy-pussy-sex-doll-for-men","status":"publish","type":"product","link":"https:\/\/zxdoll.com\/cs\/product\/full-size-hairy-pussy-sex-doll-for-men\/","title":{"rendered":"Plnohodnotn\u00e1 chlupat\u00e1 panenka Pussy Sex pro mu\u017ee Margie 155 cm"},"content":{"rendered":"<h4><strong>Obr\u00e1zky Sex Doll<\/strong><\/h4>\n\t                <ul class=\"easy-image-gallery thumbnails-20 linked\">\r\n                    <li><a data-fancybox=\"gallery213\" href=\"https:\/\/zxdoll.com\/wp-content\/uploads\/2023\/04\/nadinne-doll-8u3d1-533x800.jpg\" class=\"eig-popup\" title=\"\" data-caption=\"\" target=\"_blank\"><i class=\"icon-view\"><\/i><span class=\"overlay\"><\/span><img decoding=\"async\" width=\"150\" height=\"150\" src=\"https:\/\/zxdoll.com\/wp-content\/uploads\/2023\/04\/nadinne-doll-8u3d1-150x150.jpg\" class=\"attachment-thumbnail size-thumbnail\" alt=\"\" title=\"\"><\/a><\/li><li><a data-fancybox=\"gallery213\" href=\"https:\/\/zxdoll.com\/wp-content\/uploads\/2023\/04\/nadinne-doll-8u3d2-533x800.jpg\" class=\"eig-popup\" title=\"\" data-caption=\"\" target=\"_blank\"><i class=\"icon-view\"><\/i><span class=\"overlay\"><\/span><img decoding=\"async\" width=\"150\" height=\"150\" src=\"https:\/\/zxdoll.com\/wp-content\/uploads\/2023\/04\/nadinne-doll-8u3d2-150x150.jpg\" class=\"attachment-thumbnail size-thumbnail\" alt=\"\" title=\"\"><\/a><\/li><li><a data-fancybox=\"gallery213\" href=\"https:\/\/zxdoll.com\/wp-content\/uploads\/2023\/04\/nadinne-doll-8u3d4-533x800.jpg\" class=\"eig-popup\" title=\"\" data-caption=\"\" target=\"_blank\"><i class=\"icon-view\"><\/i><span class=\"overlay\"><\/span><img decoding=\"async\" width=\"150\" height=\"150\" src=\"https:\/\/zxdoll.com\/wp-content\/uploads\/2023\/04\/nadinne-doll-8u3d4-150x150.jpg\" class=\"attachment-thumbnail size-thumbnail\" alt=\"\" title=\"\"><\/a><\/li><li><a data-fancybox=\"gallery213\" href=\"https:\/\/zxdoll.com\/wp-content\/uploads\/2023\/04\/nadinne-doll-8u3d5-533x800.jpg\" class=\"eig-popup\" title=\"\" data-caption=\"\" target=\"_blank\"><i class=\"icon-view\"><\/i><span class=\"overlay\"><\/span><img loading=\"lazy\" decoding=\"async\" width=\"150\" height=\"150\" src=\"https:\/\/zxdoll.com\/wp-content\/uploads\/2023\/04\/nadinne-doll-8u3d5-150x150.jpg\" class=\"attachment-thumbnail size-thumbnail\" alt=\"\" title=\"\"><\/a><\/li><li><a data-fancybox=\"gallery213\" href=\"https:\/\/zxdoll.com\/wp-content\/uploads\/2023\/04\/nadinne-doll-8u3d6-533x800.jpg\" class=\"eig-popup\" title=\"\" data-caption=\"\" target=\"_blank\"><i class=\"icon-view\"><\/i><span class=\"overlay\"><\/span><img loading=\"lazy\" decoding=\"async\" width=\"150\" height=\"150\" src=\"https:\/\/zxdoll.com\/wp-content\/uploads\/2023\/04\/nadinne-doll-8u3d6-150x150.jpg\" class=\"attachment-thumbnail size-thumbnail\" alt=\"\" title=\"\"><\/a><\/li><li><a data-fancybox=\"gallery213\" href=\"https:\/\/zxdoll.com\/wp-content\/uploads\/2023\/04\/nadinne-doll-8u3d7-533x800.jpg\" class=\"eig-popup\" title=\"\" data-caption=\"\" target=\"_blank\"><i class=\"icon-view\"><\/i><span class=\"overlay\"><\/span><img loading=\"lazy\" decoding=\"async\" width=\"150\" height=\"150\" src=\"https:\/\/zxdoll.com\/wp-content\/uploads\/2023\/04\/nadinne-doll-8u3d7-150x150.jpg\" class=\"attachment-thumbnail size-thumbnail\" alt=\"\" title=\"\"><\/a><\/li><li><a data-fancybox=\"gallery213\" href=\"https:\/\/zxdoll.com\/wp-content\/uploads\/2023\/04\/nadinne-doll-8u3d8-533x800.jpg\" class=\"eig-popup\" title=\"\" data-caption=\"\" target=\"_blank\"><i class=\"icon-view\"><\/i><span class=\"overlay\"><\/span><img loading=\"lazy\" decoding=\"async\" width=\"150\" height=\"150\" src=\"https:\/\/zxdoll.com\/wp-content\/uploads\/2023\/04\/nadinne-doll-8u3d8-150x150.jpg\" class=\"attachment-thumbnail size-thumbnail\" alt=\"\" title=\"\"><\/a><\/li><li><a data-fancybox=\"gallery213\" href=\"https:\/\/zxdoll.com\/wp-content\/uploads\/2023\/04\/nadinne-doll-8u3d9-533x800.jpg\" class=\"eig-popup\" title=\"\" data-caption=\"\" target=\"_blank\"><i class=\"icon-view\"><\/i><span class=\"overlay\"><\/span><img loading=\"lazy\" decoding=\"async\" width=\"150\" height=\"150\" src=\"https:\/\/zxdoll.com\/wp-content\/uploads\/2023\/04\/nadinne-doll-8u3d9-150x150.jpg\" class=\"attachment-thumbnail size-thumbnail\" alt=\"\" title=\"\"><\/a><\/li><li><a data-fancybox=\"gallery213\" href=\"https:\/\/zxdoll.com\/wp-content\/uploads\/2023\/04\/nadinne-doll-8u3d10-533x800.jpg\" class=\"eig-popup\" title=\"\" data-caption=\"\" target=\"_blank\"><i class=\"icon-view\"><\/i><span class=\"overlay\"><\/span><img loading=\"lazy\" decoding=\"async\" width=\"150\" height=\"150\" src=\"https:\/\/zxdoll.com\/wp-content\/uploads\/2023\/04\/nadinne-doll-8u3d10-150x150.jpg\" class=\"attachment-thumbnail size-thumbnail\" alt=\"\" title=\"\"><\/a><\/li><li><a data-fancybox=\"gallery213\" href=\"https:\/\/zxdoll.com\/wp-content\/uploads\/2023\/04\/nadinne-doll-8u3d11-533x800.jpg\" class=\"eig-popup\" title=\"\" data-caption=\"\" target=\"_blank\"><i class=\"icon-view\"><\/i><span class=\"overlay\"><\/span><img loading=\"lazy\" decoding=\"async\" width=\"150\" height=\"150\" src=\"https:\/\/zxdoll.com\/wp-content\/uploads\/2023\/04\/nadinne-doll-8u3d11-150x150.jpg\" class=\"attachment-thumbnail size-thumbnail\" alt=\"\" title=\"\"><\/a><\/li><li><a data-fancybox=\"gallery213\" href=\"https:\/\/zxdoll.com\/wp-content\/uploads\/2023\/04\/nadinne-doll-8u3d12-533x800.jpg\" class=\"eig-popup\" title=\"\" data-caption=\"\" target=\"_blank\"><i class=\"icon-view\"><\/i><span class=\"overlay\"><\/span><img loading=\"lazy\" decoding=\"async\" width=\"150\" height=\"150\" src=\"https:\/\/zxdoll.com\/wp-content\/uploads\/2023\/04\/nadinne-doll-8u3d12-150x150.jpg\" class=\"attachment-thumbnail size-thumbnail\" alt=\"\" title=\"\"><\/a><\/li><li><a data-fancybox=\"gallery213\" href=\"https:\/\/zxdoll.com\/wp-content\/uploads\/2023\/04\/nadinne-doll-8u3d13.jpg\" class=\"eig-popup\" title=\"\" data-caption=\"\" target=\"_blank\"><i class=\"icon-view\"><\/i><span class=\"overlay\"><\/span><img loading=\"lazy\" decoding=\"async\" width=\"150\" height=\"150\" src=\"https:\/\/zxdoll.com\/wp-content\/uploads\/2023\/04\/nadinne-doll-8u3d13-150x150.jpg\" class=\"attachment-thumbnail size-thumbnail\" alt=\"\" title=\"\"><\/a><\/li><li><a data-fancybox=\"gallery213\" href=\"https:\/\/zxdoll.com\/wp-content\/uploads\/2023\/04\/nadinne-doll-8u3d14.jpg\" class=\"eig-popup\" title=\"\" data-caption=\"\" target=\"_blank\"><i class=\"icon-view\"><\/i><span class=\"overlay\"><\/span><img loading=\"lazy\" decoding=\"async\" width=\"150\" height=\"150\" src=\"https:\/\/zxdoll.com\/wp-content\/uploads\/2023\/04\/nadinne-doll-8u3d14-150x150.jpg\" class=\"attachment-thumbnail size-thumbnail\" alt=\"\" title=\"\"><\/a><\/li><li><a data-fancybox=\"gallery213\" href=\"https:\/\/zxdoll.com\/wp-content\/uploads\/2023\/04\/nadinne-doll-8u3d15-533x800.jpg\" class=\"eig-popup\" title=\"\" data-caption=\"\" target=\"_blank\"><i class=\"icon-view\"><\/i><span class=\"overlay\"><\/span><img loading=\"lazy\" decoding=\"async\" width=\"150\" height=\"150\" src=\"https:\/\/zxdoll.com\/wp-content\/uploads\/2023\/04\/nadinne-doll-8u3d15-150x150.jpg\" class=\"attachment-thumbnail size-thumbnail\" alt=\"\" title=\"\"><\/a><\/li><li><a data-fancybox=\"gallery213\" href=\"https:\/\/zxdoll.com\/wp-content\/uploads\/2023\/04\/nadinne-doll-8u3d16-533x800.jpg\" class=\"eig-popup\" title=\"\" data-caption=\"\" target=\"_blank\"><i class=\"icon-view\"><\/i><span class=\"overlay\"><\/span><img loading=\"lazy\" decoding=\"async\" width=\"150\" height=\"150\" src=\"https:\/\/zxdoll.com\/wp-content\/uploads\/2023\/04\/nadinne-doll-8u3d16-150x150.jpg\" class=\"attachment-thumbnail size-thumbnail\" alt=\"\" title=\"\"><\/a><\/li><li><a data-fancybox=\"gallery213\" href=\"https:\/\/zxdoll.com\/wp-content\/uploads\/2023\/04\/nadinne-doll-8u3d17-533x800.jpg\" class=\"eig-popup\" title=\"\" data-caption=\"\" target=\"_blank\"><i class=\"icon-view\"><\/i><span class=\"overlay\"><\/span><img loading=\"lazy\" decoding=\"async\" width=\"150\" height=\"150\" src=\"https:\/\/zxdoll.com\/wp-content\/uploads\/2023\/04\/nadinne-doll-8u3d17-150x150.jpg\" class=\"attachment-thumbnail size-thumbnail\" alt=\"\" title=\"\"><\/a><\/li><li><a data-fancybox=\"gallery213\" href=\"https:\/\/zxdoll.com\/wp-content\/uploads\/2023\/04\/nadinne-doll-8u3d18-533x800.jpg\" class=\"eig-popup\" title=\"\" data-caption=\"\" target=\"_blank\"><i class=\"icon-view\"><\/i><span class=\"overlay\"><\/span><img loading=\"lazy\" decoding=\"async\" width=\"150\" height=\"150\" src=\"https:\/\/zxdoll.com\/wp-content\/uploads\/2023\/04\/nadinne-doll-8u3d18-150x150.jpg\" class=\"attachment-thumbnail size-thumbnail\" alt=\"\" title=\"\"><\/a><\/li><li><a data-fancybox=\"gallery213\" href=\"https:\/\/zxdoll.com\/wp-content\/uploads\/2023\/04\/nadinne-doll-8u3d19-533x800.jpg\" class=\"eig-popup\" title=\"\" data-caption=\"\" target=\"_blank\"><i class=\"icon-view\"><\/i><span class=\"overlay\"><\/span><img loading=\"lazy\" decoding=\"async\" width=\"150\" height=\"150\" src=\"https:\/\/zxdoll.com\/wp-content\/uploads\/2023\/04\/nadinne-doll-8u3d19-150x150.jpg\" class=\"attachment-thumbnail size-thumbnail\" alt=\"\" title=\"\"><\/a><\/li><li><a data-fancybox=\"gallery213\" href=\"https:\/\/zxdoll.com\/wp-content\/uploads\/2023\/04\/nadinne-doll-8u3d20-533x800.jpg\" class=\"eig-popup\" title=\"\" data-caption=\"\" target=\"_blank\"><i class=\"icon-view\"><\/i><span class=\"overlay\"><\/span><img loading=\"lazy\" decoding=\"async\" width=\"150\" height=\"150\" src=\"https:\/\/zxdoll.com\/wp-content\/uploads\/2023\/04\/nadinne-doll-8u3d20-150x150.jpg\" class=\"attachment-thumbnail size-thumbnail\" alt=\"\" title=\"\"><\/a><\/li><li><a data-fancybox=\"gallery213\" href=\"https:\/\/zxdoll.com\/wp-content\/uploads\/2023\/04\/nadinne-doll-8u3d21-533x800.jpg\" class=\"eig-popup\" title=\"\" data-caption=\"\" target=\"_blank\"><i class=\"icon-view\"><\/i><span class=\"overlay\"><\/span><img loading=\"lazy\" decoding=\"async\" width=\"150\" height=\"150\" src=\"https:\/\/zxdoll.com\/wp-content\/uploads\/2023\/04\/nadinne-doll-8u3d21-150x150.jpg\" class=\"attachment-thumbnail size-thumbnail\" alt=\"\" title=\"\"><\/a><\/li><\/ul>\n<h4>Velikostn\u00ed tabulky<\/h4>\n<table width=\"292\">\n<tbody>\n<tr>\n<td width=\"153\">Materi\u00e1l<\/td>\n<td width=\"139\">TPE<\/td>\n<\/tr>\n<tr>\n<td>V\u00fd\u0161ka<\/td>\n<td>155 cm<\/td>\n<\/tr>\n<tr>\n<td>Linie prsou<\/td>\n<td>87 cm<\/td>\n<\/tr>\n<tr>\n<td>Linie pasu<\/td>\n<td>57,5 cm<\/td>\n<\/tr>\n<tr>\n<td>Hip Line<\/td>\n<td>101,5 cm<\/td>\n<\/tr>\n<tr>\n<td>\u0160\u00ed\u0159e ramen<\/td>\n<td>31 cm<\/td>\n<\/tr>\n<tr>\n<td>D\u00e9lka pa\u017ee<\/td>\n<td>63 cm<\/td>\n<\/tr>\n<tr>\n<td>D\u00e9lka nohy<\/td>\n<td>90 cm<\/td>\n<\/tr>\n<tr>\n<td>Velikost nohou<\/td>\n<td>22 cm<\/td>\n<\/tr>\n<tr>\n<td>Stehenn\u00ed linie<\/td>\n<td>55 cm<\/td>\n<\/tr>\n<tr>\n<td>Linie l\u00fdtek<\/td>\n<td>31 cm<\/td>\n<\/tr>\n<tr>\n<td>\u010cist\u00e1 hmotnost<\/td>\n<td>40 kg<\/td>\n<\/tr>\n<tr>\n<td>\u00dastn\u00ed hloubka<\/td>\n<td>13 cm<\/td>\n<\/tr>\n<tr>\n<td>Hloubka vag\u00edny<\/td>\n<td>18 cm<\/td>\n<\/tr>\n<tr>\n<td>An\u00e1ln\u00ed hloubka<\/td>\n<td>16 cm<\/td>\n<\/tr>\n<\/tbody>\n<\/table>\n<h4>O Sex Doll<\/h4>\n<p>Tato tpe panenka pro dosp\u011bl\u00e9, kter\u00e1 je mnohem vy\u0161\u0161\u00ed ne\u017e trpasli\u010d\u00ed nafukovac\u00ed panenky, je dokonalou sexu\u00e1ln\u00ed panenkou. Nejen, \u017ee tato asijsk\u00e1 kr\u00e1ska m\u011b\u0159\u00ed 130 cm, je to cel\u00e1 tpe panenka, tak\u017ee si s hygienou panenky nemus\u00edte d\u011blat velk\u00e9 starosti. M\u016f\u017eete ji vz\u00edt pod vodu nebo ji vy\u010distit m\u00fddlovou vodou.<\/p>\n<p>Je to nejlep\u0161\u00ed tpe sex panenka pro mu\u017ee, kte\u0159\u00ed maj\u00ed r\u00e1di orient\u00e1ln\u00ed a kulturn\u00ed panenky. M\u00e1 na sob\u011b \u010derven\u00e9 kv\u011btovan\u00e9 vlasy, kter\u00e9 sotva zakr\u00fdvaj\u00ed jej\u00ed realisticky velk\u00e1 \u0148adra. Je tak\u00e9 v top 10 sexu\u00e1ln\u00edch panenek s vlasy.<\/p>\n<p>Ano, pochopil jsi to spr\u00e1vn\u011b. Je to chlupat\u00e1 ko\u010di\u010dka a je tak nalad\u011bn\u00e1 na mu\u017ee, \u017ee je to ta prav\u00e1 sexu\u00e1ln\u00ed panenka v pln\u00e9 velikosti pro mu\u017ee, kte\u0159\u00ed maj\u00ed r\u00e1di asijsk\u00e9 \u017eeny.<\/p>\n<p>Jej\u00ed kr\u00e1sn\u00fd make-up pro panenky je jen dal\u0161\u00ed z jej\u00edch p\u0159ednost\u00ed, a milostn\u00e1 panenka m\u00e1 dlouh\u00e9, \u0161t\u00edhl\u00e9 nohy, kter\u00e9 mohou zaujmout jakoukoli sexu\u00e1ln\u00ed polohu, kterou chcete. S n\u00ed si m\u016f\u017eete vyzkou\u0161et pejska sex doll, nebo pokud nejste na st\u011bhov\u00e1n\u00ed cel\u00e9 panenky, m\u016f\u017eete vyndat jej\u00ed odn\u00edmatelnou vlo\u017eku do ko\u010di\u010dky a pou\u017e\u00edt ji jako masturb\u00e1tor pro panenky.<\/p>\n<p>Hadr \u2013 \u010disti\u010d pro sexu\u00e1ln\u00ed panenky je u n\u00ed k dispozici bez p\u0159\u00edplatku.<\/p>","protected":false},"excerpt":{"rendered":"<p>Obr\u00e1zky Sex Doll Tabulky velikost\u00ed Materi\u00e1l TPE V\u00fd\u0161ka 155 cm Linie prsou 87 cm Linie pasu 57,5 cm Linie bok\u016f 101,5 cm \u0160\u00ed\u0159ka ramen<\/p>","protected":false},"featured_media":41709,"comment_status":"open","ping_status":"closed","template":"","meta":[],"product_brand":[],"product_cat":[119,112,230,115,102,117],"product_tag":[],"class_list":{"0":"post-41692","1":"product","2":"type-product","3":"status-publish","4":"has-post-thumbnail","6":"product_cat-tpe-sex-doll","7":"product_cat-150cm-159cm-sex-dolls","8":"product_cat-36kg-40kg","9":"product_cat-big-booty-sex-doll","10":"product_cat-fantasy-sex-dolls","11":"product_cat-small-breast-sex-doll","12":"pa_brand-fire-doll","13":"tm-has-options","15":"first","16":"instock","17":"sale","18":"shipping-taxable","19":"purchasable","20":"product-type-simple"},"_links":{"self":[{"href":"https:\/\/zxdoll.com\/cs\/wp-json\/wp\/v2\/product\/41692","targetHints":{"allow":["GET"]}}],"collection":[{"href":"https:\/\/zxdoll.com\/cs\/wp-json\/wp\/v2\/product"}],"about":[{"href":"https:\/\/zxdoll.com\/cs\/wp-json\/wp\/v2\/types\/product"}],"replies":[{"embeddable":true,"href":"https:\/\/zxdoll.com\/cs\/wp-json\/wp\/v2\/comments?post=41692"}],"version-history":[{"count":1,"href":"https:\/\/zxdoll.com\/cs\/wp-json\/wp\/v2\/product\/41692\/revisions"}],"predecessor-version":[{"id":101739,"href":"https:\/\/zxdoll.com\/cs\/wp-json\/wp\/v2\/product\/41692\/revisions\/101739"}],"wp:featuredmedia":[{"embeddable":true,"href":"https:\/\/zxdoll.com\/cs\/wp-json\/wp\/v2\/media\/41709"}],"wp:attachment":[{"href":"https:\/\/zxdoll.com\/cs\/wp-json\/wp\/v2\/media?parent=41692"}],"wp:term":[{"taxonomy":"product_brand","embeddable":true,"href":"https:\/\/zxdoll.com\/cs\/wp-json\/wp\/v2\/product_brand?post=41692"},{"taxonomy":"product_cat","embeddable":true,"href":"https:\/\/zxdoll.com\/cs\/wp-json\/wp\/v2\/product_cat?post=41692"},{"taxonomy":"product_tag","embeddable":true,"href":"https:\/\/zxdoll.com\/cs\/wp-json\/wp\/v2\/product_tag?post=41692"}],"curies":[{"name":"wp","href":"https:\/\/api.w.org\/{rel}","templated":true}]}}