{"id":39173,"date":"2023-04-13T01:23:04","date_gmt":"2023-04-12T17:23:04","guid":{"rendered":"https:\/\/zxdoll.com\/?post_type=product&#038;p=39173"},"modified":"2025-09-08T02:53:03","modified_gmt":"2025-09-07T18:53:03","slug":"perfect-adult-female-ultimate-fantasy-dolls","status":"publish","type":"product","link":"https:\/\/zxdoll.com\/cs\/product\/perfect-adult-female-ultimate-fantasy-dolls\/","title":{"rendered":"Dokonal\u00e9 panenky Ultimate Fantasy pro dosp\u011bl\u00e9 \u017eeny Nakia 158 cm"},"content":{"rendered":"<h4><strong>Obr\u00e1zky Sex Doll<\/strong><\/h4>\n\t                <ul class=\"easy-image-gallery thumbnails-24 linked\">\r\n                    <li><a data-fancybox=\"gallery835\" href=\"https:\/\/zxdoll.com\/wp-content\/uploads\/2023\/04\/kendra-lust-sex-doll-7t6t1-590x800.jpg\" class=\"eig-popup\" title=\"\" data-caption=\"\" target=\"_blank\"><i class=\"icon-view\"><\/i><span class=\"overlay\"><\/span><img decoding=\"async\" width=\"150\" height=\"150\" src=\"https:\/\/zxdoll.com\/wp-content\/uploads\/2023\/04\/kendra-lust-sex-doll-7t6t1-150x150.jpg\" class=\"attachment-thumbnail size-thumbnail\" alt=\"\" title=\"\"><\/a><\/li><li><a data-fancybox=\"gallery835\" href=\"https:\/\/zxdoll.com\/wp-content\/uploads\/2023\/04\/kendra-lust-sex-doll-7t6t2-629x800.jpg\" class=\"eig-popup\" title=\"\" data-caption=\"\" target=\"_blank\"><i class=\"icon-view\"><\/i><span class=\"overlay\"><\/span><img decoding=\"async\" width=\"150\" height=\"150\" src=\"https:\/\/zxdoll.com\/wp-content\/uploads\/2023\/04\/kendra-lust-sex-doll-7t6t2-150x150.jpg\" class=\"attachment-thumbnail size-thumbnail\" alt=\"\" title=\"\"><\/a><\/li><li><a data-fancybox=\"gallery835\" href=\"https:\/\/zxdoll.com\/wp-content\/uploads\/2023\/04\/kendra-lust-sex-doll-7t6t3-622x800.jpg\" class=\"eig-popup\" title=\"\" data-caption=\"\" target=\"_blank\"><i class=\"icon-view\"><\/i><span class=\"overlay\"><\/span><img decoding=\"async\" width=\"150\" height=\"150\" src=\"https:\/\/zxdoll.com\/wp-content\/uploads\/2023\/04\/kendra-lust-sex-doll-7t6t3-150x150.jpg\" class=\"attachment-thumbnail size-thumbnail\" alt=\"\" title=\"\"><\/a><\/li><li><a data-fancybox=\"gallery835\" href=\"https:\/\/zxdoll.com\/wp-content\/uploads\/2023\/04\/kendra-lust-sex-doll-7t6t4-599x800.jpg\" class=\"eig-popup\" title=\"\" data-caption=\"\" target=\"_blank\"><i class=\"icon-view\"><\/i><span class=\"overlay\"><\/span><img loading=\"lazy\" decoding=\"async\" width=\"150\" height=\"150\" src=\"https:\/\/zxdoll.com\/wp-content\/uploads\/2023\/04\/kendra-lust-sex-doll-7t6t4-150x150.jpg\" class=\"attachment-thumbnail size-thumbnail\" alt=\"\" title=\"\"><\/a><\/li><li><a data-fancybox=\"gallery835\" href=\"https:\/\/zxdoll.com\/wp-content\/uploads\/2023\/04\/kendra-lust-sex-doll-7t6t8-599x800.jpg\" class=\"eig-popup\" title=\"\" data-caption=\"\" target=\"_blank\"><i class=\"icon-view\"><\/i><span class=\"overlay\"><\/span><img loading=\"lazy\" decoding=\"async\" width=\"150\" height=\"150\" src=\"https:\/\/zxdoll.com\/wp-content\/uploads\/2023\/04\/kendra-lust-sex-doll-7t6t8-150x150.jpg\" class=\"attachment-thumbnail size-thumbnail\" alt=\"\" title=\"\"><\/a><\/li><li><a data-fancybox=\"gallery835\" href=\"https:\/\/zxdoll.com\/wp-content\/uploads\/2023\/04\/kendra-lust-sex-doll-7t6t16-607x800.jpg\" class=\"eig-popup\" title=\"\" data-caption=\"\" target=\"_blank\"><i class=\"icon-view\"><\/i><span class=\"overlay\"><\/span><img loading=\"lazy\" decoding=\"async\" width=\"150\" height=\"150\" src=\"https:\/\/zxdoll.com\/wp-content\/uploads\/2023\/04\/kendra-lust-sex-doll-7t6t16-150x150.jpg\" class=\"attachment-thumbnail size-thumbnail\" alt=\"\" title=\"\"><\/a><\/li><li><a data-fancybox=\"gallery835\" href=\"https:\/\/zxdoll.com\/wp-content\/uploads\/2023\/04\/kendra-lust-sex-doll-7t6t17-646x800.jpg\" class=\"eig-popup\" title=\"\" data-caption=\"\" target=\"_blank\"><i class=\"icon-view\"><\/i><span class=\"overlay\"><\/span><img loading=\"lazy\" decoding=\"async\" width=\"150\" height=\"150\" src=\"https:\/\/zxdoll.com\/wp-content\/uploads\/2023\/04\/kendra-lust-sex-doll-7t6t17-150x150.jpg\" class=\"attachment-thumbnail size-thumbnail\" alt=\"\" title=\"\"><\/a><\/li><li><a data-fancybox=\"gallery835\" href=\"https:\/\/zxdoll.com\/wp-content\/uploads\/2023\/04\/kendra-lust-sex-doll-7t6t18-533x800.jpg\" class=\"eig-popup\" title=\"\" data-caption=\"\" target=\"_blank\"><i class=\"icon-view\"><\/i><span class=\"overlay\"><\/span><img loading=\"lazy\" decoding=\"async\" width=\"150\" height=\"150\" src=\"https:\/\/zxdoll.com\/wp-content\/uploads\/2023\/04\/kendra-lust-sex-doll-7t6t18-150x150.jpg\" class=\"attachment-thumbnail size-thumbnail\" alt=\"\" title=\"\"><\/a><\/li><li><a data-fancybox=\"gallery835\" href=\"https:\/\/zxdoll.com\/wp-content\/uploads\/2023\/04\/kendra-lust-sex-doll-7t6t19-603x800.jpg\" class=\"eig-popup\" title=\"\" data-caption=\"\" target=\"_blank\"><i class=\"icon-view\"><\/i><span class=\"overlay\"><\/span><img loading=\"lazy\" decoding=\"async\" width=\"150\" height=\"150\" src=\"https:\/\/zxdoll.com\/wp-content\/uploads\/2023\/04\/kendra-lust-sex-doll-7t6t19-150x150.jpg\" class=\"attachment-thumbnail size-thumbnail\" alt=\"\" title=\"\"><\/a><\/li><li><a data-fancybox=\"gallery835\" href=\"https:\/\/zxdoll.com\/wp-content\/uploads\/2023\/04\/kendra-lust-sex-doll-7t6t20-609x800.jpg\" class=\"eig-popup\" title=\"\" data-caption=\"\" target=\"_blank\"><i class=\"icon-view\"><\/i><span class=\"overlay\"><\/span><img loading=\"lazy\" decoding=\"async\" width=\"150\" height=\"150\" src=\"https:\/\/zxdoll.com\/wp-content\/uploads\/2023\/04\/kendra-lust-sex-doll-7t6t20-150x150.jpg\" class=\"attachment-thumbnail size-thumbnail\" alt=\"\" title=\"\"><\/a><\/li><li><a data-fancybox=\"gallery835\" href=\"https:\/\/zxdoll.com\/wp-content\/uploads\/2023\/04\/kendra-lust-sex-doll-7t6t35-533x800.jpg\" class=\"eig-popup\" title=\"\" data-caption=\"\" target=\"_blank\"><i class=\"icon-view\"><\/i><span class=\"overlay\"><\/span><img loading=\"lazy\" decoding=\"async\" width=\"150\" height=\"150\" src=\"https:\/\/zxdoll.com\/wp-content\/uploads\/2023\/04\/kendra-lust-sex-doll-7t6t35-150x150.jpg\" class=\"attachment-thumbnail size-thumbnail\" alt=\"\" title=\"\"><\/a><\/li><li><a data-fancybox=\"gallery835\" href=\"https:\/\/zxdoll.com\/wp-content\/uploads\/2023\/04\/kendra-lust-sex-doll-7t6t36-533x800.jpg\" class=\"eig-popup\" title=\"\" data-caption=\"\" target=\"_blank\"><i class=\"icon-view\"><\/i><span class=\"overlay\"><\/span><img loading=\"lazy\" decoding=\"async\" width=\"150\" height=\"150\" src=\"https:\/\/zxdoll.com\/wp-content\/uploads\/2023\/04\/kendra-lust-sex-doll-7t6t36-150x150.jpg\" class=\"attachment-thumbnail size-thumbnail\" alt=\"\" title=\"\"><\/a><\/li><li><a data-fancybox=\"gallery835\" href=\"https:\/\/zxdoll.com\/wp-content\/uploads\/2023\/04\/kendra-lust-sex-doll-7t6t37-591x800.jpg\" class=\"eig-popup\" title=\"\" data-caption=\"\" target=\"_blank\"><i class=\"icon-view\"><\/i><span class=\"overlay\"><\/span><img loading=\"lazy\" decoding=\"async\" width=\"150\" height=\"150\" src=\"https:\/\/zxdoll.com\/wp-content\/uploads\/2023\/04\/kendra-lust-sex-doll-7t6t37-150x150.jpg\" class=\"attachment-thumbnail size-thumbnail\" alt=\"\" title=\"\"><\/a><\/li><li><a data-fancybox=\"gallery835\" href=\"https:\/\/zxdoll.com\/wp-content\/uploads\/2023\/04\/kendra-lust-sex-doll-7t6t44-533x800.jpg\" class=\"eig-popup\" title=\"\" data-caption=\"\" target=\"_blank\"><i class=\"icon-view\"><\/i><span class=\"overlay\"><\/span><img loading=\"lazy\" decoding=\"async\" width=\"150\" height=\"150\" src=\"https:\/\/zxdoll.com\/wp-content\/uploads\/2023\/04\/kendra-lust-sex-doll-7t6t44-150x150.jpg\" class=\"attachment-thumbnail size-thumbnail\" alt=\"\" title=\"\"><\/a><\/li><li><a data-fancybox=\"gallery835\" href=\"https:\/\/zxdoll.com\/wp-content\/uploads\/2023\/04\/kendra-lust-sex-doll-7t6t45-533x800.jpg\" class=\"eig-popup\" title=\"\" data-caption=\"\" target=\"_blank\"><i class=\"icon-view\"><\/i><span class=\"overlay\"><\/span><img loading=\"lazy\" decoding=\"async\" width=\"150\" height=\"150\" src=\"https:\/\/zxdoll.com\/wp-content\/uploads\/2023\/04\/kendra-lust-sex-doll-7t6t45-150x150.jpg\" class=\"attachment-thumbnail size-thumbnail\" alt=\"\" title=\"\"><\/a><\/li><li><a data-fancybox=\"gallery835\" href=\"https:\/\/zxdoll.com\/wp-content\/uploads\/2023\/04\/kendra-lust-sex-doll-7t6t46-533x800.jpg\" class=\"eig-popup\" title=\"\" data-caption=\"\" target=\"_blank\"><i class=\"icon-view\"><\/i><span class=\"overlay\"><\/span><img loading=\"lazy\" decoding=\"async\" width=\"150\" height=\"150\" src=\"https:\/\/zxdoll.com\/wp-content\/uploads\/2023\/04\/kendra-lust-sex-doll-7t6t46-150x150.jpg\" class=\"attachment-thumbnail size-thumbnail\" alt=\"\" title=\"\"><\/a><\/li><li><a data-fancybox=\"gallery835\" href=\"https:\/\/zxdoll.com\/wp-content\/uploads\/2023\/04\/kendra-lust-sex-doll-7t6t48-533x800.jpg\" class=\"eig-popup\" title=\"\" data-caption=\"\" target=\"_blank\"><i class=\"icon-view\"><\/i><span class=\"overlay\"><\/span><img loading=\"lazy\" decoding=\"async\" width=\"150\" height=\"150\" src=\"https:\/\/zxdoll.com\/wp-content\/uploads\/2023\/04\/kendra-lust-sex-doll-7t6t48-150x150.jpg\" class=\"attachment-thumbnail size-thumbnail\" alt=\"\" title=\"\"><\/a><\/li><li><a data-fancybox=\"gallery835\" href=\"https:\/\/zxdoll.com\/wp-content\/uploads\/2023\/04\/kendra-lust-sex-doll-7t6t61-533x800.jpg\" class=\"eig-popup\" title=\"\" data-caption=\"\" target=\"_blank\"><i class=\"icon-view\"><\/i><span class=\"overlay\"><\/span><img loading=\"lazy\" decoding=\"async\" width=\"150\" height=\"150\" src=\"https:\/\/zxdoll.com\/wp-content\/uploads\/2023\/04\/kendra-lust-sex-doll-7t6t61-150x150.jpg\" class=\"attachment-thumbnail size-thumbnail\" alt=\"\" title=\"\"><\/a><\/li><li><a data-fancybox=\"gallery835\" href=\"https:\/\/zxdoll.com\/wp-content\/uploads\/2023\/04\/kendra-lust-sex-doll-7t6t63-533x800.jpg\" class=\"eig-popup\" title=\"\" data-caption=\"\" target=\"_blank\"><i class=\"icon-view\"><\/i><span class=\"overlay\"><\/span><img loading=\"lazy\" decoding=\"async\" width=\"150\" height=\"150\" src=\"https:\/\/zxdoll.com\/wp-content\/uploads\/2023\/04\/kendra-lust-sex-doll-7t6t63-150x150.jpg\" class=\"attachment-thumbnail size-thumbnail\" alt=\"\" title=\"\"><\/a><\/li><li><a data-fancybox=\"gallery835\" href=\"https:\/\/zxdoll.com\/wp-content\/uploads\/2023\/04\/kendra-lust-sex-doll-7t6t66-533x800.jpg\" class=\"eig-popup\" title=\"\" data-caption=\"\" target=\"_blank\"><i class=\"icon-view\"><\/i><span class=\"overlay\"><\/span><img loading=\"lazy\" decoding=\"async\" width=\"150\" height=\"150\" src=\"https:\/\/zxdoll.com\/wp-content\/uploads\/2023\/04\/kendra-lust-sex-doll-7t6t66-150x150.jpg\" class=\"attachment-thumbnail size-thumbnail\" alt=\"\" title=\"\"><\/a><\/li><li><a data-fancybox=\"gallery835\" href=\"https:\/\/zxdoll.com\/wp-content\/uploads\/2023\/04\/kendra-lust-sex-doll-7t6t75-533x800.jpg\" class=\"eig-popup\" title=\"\" data-caption=\"\" target=\"_blank\"><i class=\"icon-view\"><\/i><span class=\"overlay\"><\/span><img loading=\"lazy\" decoding=\"async\" width=\"150\" height=\"150\" src=\"https:\/\/zxdoll.com\/wp-content\/uploads\/2023\/04\/kendra-lust-sex-doll-7t6t75-150x150.jpg\" class=\"attachment-thumbnail size-thumbnail\" alt=\"\" title=\"\"><\/a><\/li><li><a data-fancybox=\"gallery835\" href=\"https:\/\/zxdoll.com\/wp-content\/uploads\/2023\/04\/kendra-lust-sex-doll-7t6t76-533x800.jpg\" class=\"eig-popup\" title=\"\" data-caption=\"\" target=\"_blank\"><i class=\"icon-view\"><\/i><span class=\"overlay\"><\/span><img loading=\"lazy\" decoding=\"async\" width=\"150\" height=\"150\" src=\"https:\/\/zxdoll.com\/wp-content\/uploads\/2023\/04\/kendra-lust-sex-doll-7t6t76-150x150.jpg\" class=\"attachment-thumbnail size-thumbnail\" alt=\"\" title=\"\"><\/a><\/li><li><a data-fancybox=\"gallery835\" href=\"https:\/\/zxdoll.com\/wp-content\/uploads\/2023\/04\/kendra-lust-sex-doll-7t6t77-682x800.jpg\" class=\"eig-popup\" title=\"\" data-caption=\"\" target=\"_blank\"><i class=\"icon-view\"><\/i><span class=\"overlay\"><\/span><img loading=\"lazy\" decoding=\"async\" width=\"150\" height=\"150\" src=\"https:\/\/zxdoll.com\/wp-content\/uploads\/2023\/04\/kendra-lust-sex-doll-7t6t77-150x150.jpg\" class=\"attachment-thumbnail size-thumbnail\" alt=\"\" title=\"\"><\/a><\/li><li><a data-fancybox=\"gallery835\" href=\"https:\/\/zxdoll.com\/wp-content\/uploads\/2023\/04\/kendra-lust-sex-doll-7t6t78-680x800.jpg\" class=\"eig-popup\" title=\"\" data-caption=\"\" target=\"_blank\"><i class=\"icon-view\"><\/i><span class=\"overlay\"><\/span><img loading=\"lazy\" decoding=\"async\" width=\"150\" height=\"150\" src=\"https:\/\/zxdoll.com\/wp-content\/uploads\/2023\/04\/kendra-lust-sex-doll-7t6t78-150x150.jpg\" class=\"attachment-thumbnail size-thumbnail\" alt=\"\" title=\"\"><\/a><\/li><\/ul>\n<h4>Velikostn\u00ed tabulky<\/h4>\n<table width=\"269\">\n<tbody>\n<tr>\n<td width=\"130\">Materi\u00e1l<\/td>\n<td width=\"139\">TPE<\/td>\n<\/tr>\n<tr>\n<td>V\u00fd\u0161ka<\/td>\n<td>158 cm<\/td>\n<\/tr>\n<tr>\n<td>Linie prsou<\/td>\n<td>85 cm<\/td>\n<\/tr>\n<tr>\n<td>Linie pasu<\/td>\n<td>53 cm<\/td>\n<\/tr>\n<tr>\n<td>Hip Line<\/td>\n<td>82 cm<\/td>\n<\/tr>\n<tr>\n<td>\u0160\u00ed\u0159e ramen<\/td>\n<td>37 cm<\/td>\n<\/tr>\n<tr>\n<td>D\u00e9lka nohy<\/td>\n<td>75 cm<\/td>\n<\/tr>\n<tr>\n<td>D\u00e9lka pa\u017ee<\/td>\n<td>58 cm<\/td>\n<\/tr>\n<tr>\n<td>Stehenn\u00ed linie<\/td>\n<td>43 cm<\/td>\n<\/tr>\n<tr>\n<td>Linie l\u00fdtek<\/td>\n<td>27 cm<\/td>\n<\/tr>\n<tr>\n<td>Velikost nohou<\/td>\n<td>21 cm<\/td>\n<\/tr>\n<tr>\n<td>\u010cist\u00e1 hmotnost<\/td>\n<td>34 kg<\/td>\n<\/tr>\n<tr>\n<td>\u00dastn\u00ed hloubka<\/td>\n<td>13 cm<\/td>\n<\/tr>\n<tr>\n<td>Hloubka vag\u00edny<\/td>\n<td>18 cm<\/td>\n<\/tr>\n<tr>\n<td>An\u00e1ln\u00ed hloubka<\/td>\n<td>16 cm<\/td>\n<\/tr>\n<\/tbody>\n<\/table>\n<h4>O Sex Doll<\/h4>\n<p>Ultimate Fantasy Dolls jsou perfektn\u00ed panenky, kter\u00e9 o\u017eiv\u00ed va\u0161e fantazie. A\u0165 u\u017e hled\u00e1te skute\u010dnou sexu\u00e1ln\u00ed panenku v \u017eivotn\u00ed velikosti, skute\u010dnou panenku, nebo chcete nato\u010dit filmy s panenkami, Ultimate Fantasy Dolls m\u00e1 pro v\u00e1s perfektn\u00ed panenku. Maj\u00ed tak\u00e9 hra\u010dku s hlavou panenky pro vysoce smysln\u00fd z\u00e1\u017eitek z kou\u0159en\u00ed.<\/p>\n<p>Tyto panenky jsou vyrobeny z nejkvalitn\u011bj\u0161\u00edch materi\u00e1l\u016f a jsou navr\u017eeny tak, aby vypadaly a c\u00edtili se jako skute\u010dn\u00ed lid\u00e9. Dod\u00e1vaj\u00ed se v r\u016fzn\u00fdch velikostech a stylech, tak\u017ee si m\u016f\u017eete naj\u00edt ten ide\u00e1ln\u00ed pro va\u0161e pot\u0159eby. Nav\u00edc jsou tyto panenky neuv\u011b\u0159iteln\u011b odoln\u00e9 a p\u0159i spr\u00e1vn\u00e9 p\u00e9\u010di a skladov\u00e1n\u00ed vydr\u017e\u00ed roky.<\/p>\n<p>V p\u0159\u00edpad\u011b, \u017ee v\u00e1s zaj\u00edm\u00e1, co jsou to sexu\u00e1ln\u00ed panenky, jsou to realistick\u00e9 panenky podobn\u00e9 lidem vyroben\u00e9 ze silikonu a TPE, navr\u017een\u00e9 tak, aby napodobovaly lidsk\u00e9 rysy a hlas, a pou\u017e\u00edvaj\u00ed se v\u011bt\u0161inou pro sexu\u00e1ln\u00ed pot\u011b\u0161en\u00ed, a\u0165 u\u017e jako sexu\u00e1ln\u00ed partner nebo p\u0159i v\u00fdrob\u011b porna pro sexu\u00e1ln\u00ed panenky. videa, i kdy\u017e n\u011bkte\u0159\u00ed je mohou pou\u017e\u00edt pro jin\u00e9 \u00fa\u010dely.<\/p>\n<p>Pokud jde o skladov\u00e1n\u00ed, Ultimate Fantasy Dolls v\u00e1s pokryje. Nab\u00edzej\u00ed r\u016fzn\u00e9 n\u00e1pady na skladov\u00e1n\u00ed panenek, od \u00falo\u017en\u00fdch box\u016f po stojany. S t\u011bmito \u00falo\u017en\u00fdmi \u0159e\u0161en\u00edmi m\u016f\u017eete sv\u00e9 panenky udr\u017eet v bezpe\u010d\u00ed, ani\u017e byste museli ob\u011btovat styl. Nav\u00edc m\u016f\u017eete naj\u00edt perfektn\u00ed \u00falo\u017en\u00e9 \u0159e\u0161en\u00ed pro panenku jak\u00e9koli velikosti, od panenky pro dosp\u011bl\u00e9 a\u017e po panenku pro dosp\u011bl\u00e9.<\/p>","protected":false},"excerpt":{"rendered":"<p>Sex Doll Obr\u00e1zky Velikostn\u00ed tabulky Materi\u00e1l TPE V\u00fd\u0161ka 158 cm Linie prsou 85 cm Linie pasu 53 cm Linie bok\u016f 82 cm \u0160\u00ed\u0159ka ramen<\/p>","protected":false},"featured_media":39175,"comment_status":"open","ping_status":"closed","template":"","meta":[],"product_brand":[],"product_cat":[119,112,229,80,116,101,107],"product_tag":[],"class_list":{"0":"post-39173","1":"product","2":"type-product","3":"status-publish","4":"has-post-thumbnail","6":"product_cat-tpe-sex-doll","7":"product_cat-150cm-159cm-sex-dolls","8":"product_cat-31kg-35kg","9":"product_cat-asian-sex-doll","10":"product_cat-big-boobs-sex-doll","11":"product_cat-lesbian-sex-doll","12":"product_cat-skinny-sex-dolls","13":"pa_brand-af-doll","14":"tm-has-options","16":"first","17":"instock","18":"sale","19":"shipping-taxable","20":"purchasable","21":"product-type-simple"},"_links":{"self":[{"href":"https:\/\/zxdoll.com\/cs\/wp-json\/wp\/v2\/product\/39173","targetHints":{"allow":["GET"]}}],"collection":[{"href":"https:\/\/zxdoll.com\/cs\/wp-json\/wp\/v2\/product"}],"about":[{"href":"https:\/\/zxdoll.com\/cs\/wp-json\/wp\/v2\/types\/product"}],"replies":[{"embeddable":true,"href":"https:\/\/zxdoll.com\/cs\/wp-json\/wp\/v2\/comments?post=39173"}],"version-history":[{"count":1,"href":"https:\/\/zxdoll.com\/cs\/wp-json\/wp\/v2\/product\/39173\/revisions"}],"predecessor-version":[{"id":101663,"href":"https:\/\/zxdoll.com\/cs\/wp-json\/wp\/v2\/product\/39173\/revisions\/101663"}],"wp:featuredmedia":[{"embeddable":true,"href":"https:\/\/zxdoll.com\/cs\/wp-json\/wp\/v2\/media\/39175"}],"wp:attachment":[{"href":"https:\/\/zxdoll.com\/cs\/wp-json\/wp\/v2\/media?parent=39173"}],"wp:term":[{"taxonomy":"product_brand","embeddable":true,"href":"https:\/\/zxdoll.com\/cs\/wp-json\/wp\/v2\/product_brand?post=39173"},{"taxonomy":"product_cat","embeddable":true,"href":"https:\/\/zxdoll.com\/cs\/wp-json\/wp\/v2\/product_cat?post=39173"},{"taxonomy":"product_tag","embeddable":true,"href":"https:\/\/zxdoll.com\/cs\/wp-json\/wp\/v2\/product_tag?post=39173"}],"curies":[{"name":"wp","href":"https:\/\/api.w.org\/{rel}","templated":true}]}}