{"id":35024,"date":"2023-04-08T03:02:09","date_gmt":"2023-04-07T19:02:09","guid":{"rendered":"https:\/\/zxdoll.com\/?post_type=product&#038;p=35024"},"modified":"2025-09-12T16:50:05","modified_gmt":"2025-09-12T08:50:05","slug":"beautiful-skinny-blowjob-female-dolls","status":"publish","type":"product","link":"https:\/\/zxdoll.com\/cs\/product\/beautiful-skinny-blowjob-female-dolls\/","title":{"rendered":"Kr\u00e1sn\u00e9 panenky Skinny Blowjob Enedina 175 cm"},"content":{"rendered":"<h4><strong>Obr\u00e1zky Sex Doll<\/strong><\/h4>\n\t                <ul class=\"easy-image-gallery thumbnails-13 linked\">\r\n                    <li><a data-fancybox=\"gallery555\" href=\"https:\/\/zxdoll.com\/wp-content\/uploads\/2023\/04\/realistic-doll-eyes-5r3s1-533x800.jpg\" class=\"eig-popup\" title=\"\" data-caption=\"\" target=\"_blank\"><i class=\"icon-view\"><\/i><span class=\"overlay\"><\/span><img decoding=\"async\" width=\"150\" height=\"150\" src=\"https:\/\/zxdoll.com\/wp-content\/uploads\/2023\/04\/realistic-doll-eyes-5r3s1-150x150.jpg\" class=\"attachment-thumbnail size-thumbnail\" alt=\"\" title=\"\"><\/a><\/li><li><a data-fancybox=\"gallery555\" href=\"https:\/\/zxdoll.com\/wp-content\/uploads\/2023\/04\/realistic-doll-eyes-5r3s3-533x800.jpg\" class=\"eig-popup\" title=\"\" data-caption=\"\" target=\"_blank\"><i class=\"icon-view\"><\/i><span class=\"overlay\"><\/span><img decoding=\"async\" width=\"150\" height=\"150\" src=\"https:\/\/zxdoll.com\/wp-content\/uploads\/2023\/04\/realistic-doll-eyes-5r3s3-150x150.jpg\" class=\"attachment-thumbnail size-thumbnail\" alt=\"\" title=\"\"><\/a><\/li><li><a data-fancybox=\"gallery555\" href=\"https:\/\/zxdoll.com\/wp-content\/uploads\/2023\/04\/realistic-doll-eyes-5r3s4-533x800.jpg\" class=\"eig-popup\" title=\"\" data-caption=\"\" target=\"_blank\"><i class=\"icon-view\"><\/i><span class=\"overlay\"><\/span><img decoding=\"async\" width=\"150\" height=\"150\" src=\"https:\/\/zxdoll.com\/wp-content\/uploads\/2023\/04\/realistic-doll-eyes-5r3s4-150x150.jpg\" class=\"attachment-thumbnail size-thumbnail\" alt=\"\" title=\"\"><\/a><\/li><li><a data-fancybox=\"gallery555\" href=\"https:\/\/zxdoll.com\/wp-content\/uploads\/2023\/04\/realistic-doll-eyes-5r3s6-533x800.jpg\" class=\"eig-popup\" title=\"\" data-caption=\"\" target=\"_blank\"><i class=\"icon-view\"><\/i><span class=\"overlay\"><\/span><img loading=\"lazy\" decoding=\"async\" width=\"150\" height=\"150\" src=\"https:\/\/zxdoll.com\/wp-content\/uploads\/2023\/04\/realistic-doll-eyes-5r3s6-150x150.jpg\" class=\"attachment-thumbnail size-thumbnail\" alt=\"\" title=\"\"><\/a><\/li><li><a data-fancybox=\"gallery555\" href=\"https:\/\/zxdoll.com\/wp-content\/uploads\/2023\/04\/realistic-doll-eyes-5r3s9-533x800.jpg\" class=\"eig-popup\" title=\"\" data-caption=\"\" target=\"_blank\"><i class=\"icon-view\"><\/i><span class=\"overlay\"><\/span><img loading=\"lazy\" decoding=\"async\" width=\"150\" height=\"150\" src=\"https:\/\/zxdoll.com\/wp-content\/uploads\/2023\/04\/realistic-doll-eyes-5r3s9-150x150.jpg\" class=\"attachment-thumbnail size-thumbnail\" alt=\"\" title=\"\"><\/a><\/li><li><a data-fancybox=\"gallery555\" href=\"https:\/\/zxdoll.com\/wp-content\/uploads\/2023\/04\/realistic-doll-eyes-5r3s10-533x800.jpg\" class=\"eig-popup\" title=\"\" data-caption=\"\" target=\"_blank\"><i class=\"icon-view\"><\/i><span class=\"overlay\"><\/span><img loading=\"lazy\" decoding=\"async\" width=\"150\" height=\"150\" src=\"https:\/\/zxdoll.com\/wp-content\/uploads\/2023\/04\/realistic-doll-eyes-5r3s10-150x150.jpg\" class=\"attachment-thumbnail size-thumbnail\" alt=\"\" title=\"\"><\/a><\/li><li><a data-fancybox=\"gallery555\" href=\"https:\/\/zxdoll.com\/wp-content\/uploads\/2023\/04\/realistic-doll-eyes-5r3s11-533x800.jpg\" class=\"eig-popup\" title=\"\" data-caption=\"\" target=\"_blank\"><i class=\"icon-view\"><\/i><span class=\"overlay\"><\/span><img loading=\"lazy\" decoding=\"async\" width=\"150\" height=\"150\" src=\"https:\/\/zxdoll.com\/wp-content\/uploads\/2023\/04\/realistic-doll-eyes-5r3s11-150x150.jpg\" class=\"attachment-thumbnail size-thumbnail\" alt=\"\" title=\"\"><\/a><\/li><li><a data-fancybox=\"gallery555\" href=\"https:\/\/zxdoll.com\/wp-content\/uploads\/2023\/04\/realistic-doll-eyes-5r3s12-533x800.jpg\" class=\"eig-popup\" title=\"\" data-caption=\"\" target=\"_blank\"><i class=\"icon-view\"><\/i><span class=\"overlay\"><\/span><img loading=\"lazy\" decoding=\"async\" width=\"150\" height=\"150\" src=\"https:\/\/zxdoll.com\/wp-content\/uploads\/2023\/04\/realistic-doll-eyes-5r3s12-150x150.jpg\" class=\"attachment-thumbnail size-thumbnail\" alt=\"\" title=\"\"><\/a><\/li><li><a data-fancybox=\"gallery555\" href=\"https:\/\/zxdoll.com\/wp-content\/uploads\/2023\/04\/realistic-doll-eyes-5r3s13-533x800.jpg\" class=\"eig-popup\" title=\"\" data-caption=\"\" target=\"_blank\"><i class=\"icon-view\"><\/i><span class=\"overlay\"><\/span><img loading=\"lazy\" decoding=\"async\" width=\"150\" height=\"150\" src=\"https:\/\/zxdoll.com\/wp-content\/uploads\/2023\/04\/realistic-doll-eyes-5r3s13-150x150.jpg\" class=\"attachment-thumbnail size-thumbnail\" alt=\"\" title=\"\"><\/a><\/li><li><a data-fancybox=\"gallery555\" href=\"https:\/\/zxdoll.com\/wp-content\/uploads\/2023\/04\/realistic-doll-eyes-5r3s14-533x800.jpg\" class=\"eig-popup\" title=\"\" data-caption=\"\" target=\"_blank\"><i class=\"icon-view\"><\/i><span class=\"overlay\"><\/span><img loading=\"lazy\" decoding=\"async\" width=\"150\" height=\"150\" src=\"https:\/\/zxdoll.com\/wp-content\/uploads\/2023\/04\/realistic-doll-eyes-5r3s14-150x150.jpg\" class=\"attachment-thumbnail size-thumbnail\" alt=\"\" title=\"\"><\/a><\/li><li><a data-fancybox=\"gallery555\" href=\"https:\/\/zxdoll.com\/wp-content\/uploads\/2023\/04\/realistic-doll-eyes-5r3s16-533x800.jpg\" class=\"eig-popup\" title=\"\" data-caption=\"\" target=\"_blank\"><i class=\"icon-view\"><\/i><span class=\"overlay\"><\/span><img loading=\"lazy\" decoding=\"async\" width=\"150\" height=\"150\" src=\"https:\/\/zxdoll.com\/wp-content\/uploads\/2023\/04\/realistic-doll-eyes-5r3s16-150x150.jpg\" class=\"attachment-thumbnail size-thumbnail\" alt=\"\" title=\"\"><\/a><\/li><li><a data-fancybox=\"gallery555\" href=\"https:\/\/zxdoll.com\/wp-content\/uploads\/2023\/04\/realistic-doll-eyes-5r3s18-533x800.jpg\" class=\"eig-popup\" title=\"\" data-caption=\"\" target=\"_blank\"><i class=\"icon-view\"><\/i><span class=\"overlay\"><\/span><img loading=\"lazy\" decoding=\"async\" width=\"150\" height=\"150\" src=\"https:\/\/zxdoll.com\/wp-content\/uploads\/2023\/04\/realistic-doll-eyes-5r3s18-150x150.jpg\" class=\"attachment-thumbnail size-thumbnail\" alt=\"\" title=\"\"><\/a><\/li><li><a data-fancybox=\"gallery555\" href=\"https:\/\/zxdoll.com\/wp-content\/uploads\/2023\/04\/realistic-doll-eyes-5r3s20-533x800.jpg\" class=\"eig-popup\" title=\"\" data-caption=\"\" target=\"_blank\"><i class=\"icon-view\"><\/i><span class=\"overlay\"><\/span><img loading=\"lazy\" decoding=\"async\" width=\"150\" height=\"150\" src=\"https:\/\/zxdoll.com\/wp-content\/uploads\/2023\/04\/realistic-doll-eyes-5r3s20-150x150.jpg\" class=\"attachment-thumbnail size-thumbnail\" alt=\"\" title=\"\"><\/a><\/li><\/ul>\n<h4>Velikostn\u00ed tabulky<\/h4>\n<table width=\"269\">\n<tbody>\n<tr>\n<td width=\"130\">Materi\u00e1l<\/td>\n<td width=\"139\">TPE<\/td>\n<\/tr>\n<tr>\n<td>V\u00fd\u0161ka<\/td>\n<td>175 cm<\/td>\n<\/tr>\n<tr>\n<td>Linie prsou<\/td>\n<td>85 cm<\/td>\n<\/tr>\n<tr>\n<td>Linie pasu<\/td>\n<td>57 cm<\/td>\n<\/tr>\n<tr>\n<td>Hip Line<\/td>\n<td>88 cm<\/td>\n<\/tr>\n<tr>\n<td>D\u00e9lka pa\u017ee<\/td>\n<td>65 cm<\/td>\n<\/tr>\n<tr>\n<td>\u0160\u00ed\u0159e ramen<\/td>\n<td>38 cm<\/td>\n<\/tr>\n<tr>\n<td>Linie l\u00fdtek<\/td>\n<td>30 cm<\/td>\n<\/tr>\n<tr>\n<td>Stehenn\u00ed linie<\/td>\n<td>50 cm<\/td>\n<\/tr>\n<tr>\n<td>D\u00e9lka nohy<\/td>\n<td>82 cm<\/td>\n<\/tr>\n<tr>\n<td>Velikost nohou<\/td>\n<td>22 cm<\/td>\n<\/tr>\n<tr>\n<td>\u010cist\u00e1 hmotnost<\/td>\n<td>39,5 kg<\/td>\n<\/tr>\n<tr>\n<td>\u00dastn\u00ed hloubka<\/td>\n<td>12 cm<\/td>\n<\/tr>\n<tr>\n<td>Hloubka vag\u00edny<\/td>\n<td>18 cm<\/td>\n<\/tr>\n<tr>\n<td>An\u00e1ln\u00ed hloubka<\/td>\n<td>16 cm<\/td>\n<\/tr>\n<\/tbody>\n<\/table>\n<h4>O Sex Doll<\/h4>\n<p>Tato sexy panenka v b\u00edl\u00e9 ko\u0161ili a \u010dern\u00e9 te\u010dkovan\u00e9 sukni je skute\u010dn\u00fd padouch. Jedna v\u011bc na tomto \u017eivot\u011b jako sexu\u00e1ln\u00ed panenka je jej\u00ed velikost, je to \u017eivot jako sexu\u00e1ln\u00ed panenka a vypad\u00e1, \u017ee se dotekem zlom\u00ed, ale nerozbije se. Je zn\u00e1m\u00e1 jako Anastasia.<\/p>\n<p>Tato nafukovac\u00ed panenka je ide\u00e1ln\u00ed pro fouk\u00e1n\u00ed. Jej\u00ed mal\u00e1 roztomil\u00e1 \u00fasta jsou p\u0159ipravena s\u00e1t a jej\u00ed \u010derven\u00e9 rty jsou ide\u00e1ln\u00ed k olizov\u00e1n\u00ed. Mo\u017en\u00e1 si mysl\u00edte, \u017ee tato \u017eiv\u00e1 sexu\u00e1ln\u00ed panenka je jen huben\u00e1 sexu\u00e1ln\u00ed panenka, ale ona je v\u00edc ne\u017e to, je to skute\u010dn\u00e1 zasran\u00e1 panenka, kouzeln\u00e1 panenka Mia a sv\u00fdmi sexu\u00e1ln\u00edmi schopnostmi by v\u00e1s vzala do kouzeln\u00e9 zem\u011b.<\/p>\n<p>Toto kou\u0159en\u00ed pro panenku Anastasia je bezkonkuren\u010dn\u00ed, d\u00e1v\u00e1 nejlep\u0161\u00ed kou\u0159en\u00ed v\u0161ech dob a zp\u016fsob, jak\u00fdm jej\u00ed \u00fasta poskakuj\u00ed po va\u0161em penisu, sta\u010d\u00ed k tomu, abyste dos\u00e1hli orgasmu.<\/p>\n<p>Tato sexy milostn\u00e1 panenka, panenka wm, mus\u00ed b\u00fdt sp\u00e1rov\u00e1na se skute\u010dn\u00fdm lidsk\u00fdm partnerem nebo skute\u010dn\u00fdm panenkov\u00fdm mu\u017eem, aby mohla uvolnit v\u0161echny sv\u00e9 dovednosti.<\/p>\n<p>Tato sexu\u00e1ln\u00ed panenka \u010dern\u00e1 je speci\u00e1ln\u011b navr\u017eena tak, aby poskytovala v\u0161echny akce. Co je\u0161t\u011b um\u00ed? Mo\u017en\u00e1 ji budete cht\u00edt napadnout, abyste zjistili v\u00edce o tom, co um\u00ed.<\/p>","protected":false},"excerpt":{"rendered":"<p>Sex Doll Obr\u00e1zky Velikostn\u00ed tabulky Materi\u00e1l TPE V\u00fd\u0161ka 175 cm Linie prsou 85 cm Linie pasu 57 cm Linie bok\u016f 88 cm D\u00e9lka pa\u017ee<\/p>","protected":false},"featured_media":35025,"comment_status":"open","ping_status":"closed","template":"","meta":[],"product_brand":[],"product_cat":[97,230,124,107,117,119],"product_tag":[],"class_list":{"0":"post-35024","1":"product","2":"type-product","3":"status-publish","4":"has-post-thumbnail","6":"product_cat-real-life-sex-dolls","7":"product_cat-36kg-40kg","8":"product_cat-above-171cm-sex-dolls","9":"product_cat-skinny-sex-dolls","10":"product_cat-small-breast-sex-doll","11":"product_cat-tpe-sex-doll","12":"pa_brand-irontech-doll","13":"tm-has-options","15":"first","16":"instock","17":"sale","18":"shipping-taxable","19":"purchasable","20":"product-type-simple"},"_links":{"self":[{"href":"https:\/\/zxdoll.com\/cs\/wp-json\/wp\/v2\/product\/35024","targetHints":{"allow":["GET"]}}],"collection":[{"href":"https:\/\/zxdoll.com\/cs\/wp-json\/wp\/v2\/product"}],"about":[{"href":"https:\/\/zxdoll.com\/cs\/wp-json\/wp\/v2\/types\/product"}],"replies":[{"embeddable":true,"href":"https:\/\/zxdoll.com\/cs\/wp-json\/wp\/v2\/comments?post=35024"}],"version-history":[{"count":2,"href":"https:\/\/zxdoll.com\/cs\/wp-json\/wp\/v2\/product\/35024\/revisions"}],"predecessor-version":[{"id":100375,"href":"https:\/\/zxdoll.com\/cs\/wp-json\/wp\/v2\/product\/35024\/revisions\/100375"}],"wp:featuredmedia":[{"embeddable":true,"href":"https:\/\/zxdoll.com\/cs\/wp-json\/wp\/v2\/media\/35025"}],"wp:attachment":[{"href":"https:\/\/zxdoll.com\/cs\/wp-json\/wp\/v2\/media?parent=35024"}],"wp:term":[{"taxonomy":"product_brand","embeddable":true,"href":"https:\/\/zxdoll.com\/cs\/wp-json\/wp\/v2\/product_brand?post=35024"},{"taxonomy":"product_cat","embeddable":true,"href":"https:\/\/zxdoll.com\/cs\/wp-json\/wp\/v2\/product_cat?post=35024"},{"taxonomy":"product_tag","embeddable":true,"href":"https:\/\/zxdoll.com\/cs\/wp-json\/wp\/v2\/product_tag?post=35024"}],"curies":[{"name":"wp","href":"https:\/\/api.w.org\/{rel}","templated":true}]}}