{"id":33879,"date":"2023-04-06T02:47:22","date_gmt":"2023-04-05T18:47:22","guid":{"rendered":"https:\/\/zxdoll.com\/?post_type=product&#038;p=33879"},"modified":"2025-09-12T16:15:53","modified_gmt":"2025-09-12T08:15:53","slug":"good-quality-irontech-life-like-sex-dolls","status":"publish","type":"product","link":"https:\/\/zxdoll.com\/cs\/product\/good-quality-irontech-life-like-sex-dolls\/","title":{"rendered":"Kvalitn\u00ed Irontech Life Like Sex Dolls Juanita 167cm"},"content":{"rendered":"<h4><strong>Obr\u00e1zky Sex Doll<\/strong><\/h4>\n\t                <ul class=\"easy-image-gallery thumbnails-20 linked\">\r\n                    <li><a data-fancybox=\"gallery196\" href=\"https:\/\/zxdoll.com\/wp-content\/uploads\/2023\/04\/real-love-sex-dolls-8r6b1-533x800.jpg\" class=\"eig-popup\" title=\"\" data-caption=\"\" target=\"_blank\"><i class=\"icon-view\"><\/i><span class=\"overlay\"><\/span><img decoding=\"async\" width=\"150\" height=\"150\" src=\"https:\/\/zxdoll.com\/wp-content\/uploads\/2023\/04\/real-love-sex-dolls-8r6b1-150x150.jpg\" class=\"attachment-thumbnail size-thumbnail\" alt=\"\" title=\"\"><\/a><\/li><li><a data-fancybox=\"gallery196\" href=\"https:\/\/zxdoll.com\/wp-content\/uploads\/2023\/04\/real-love-sex-dolls-8r6b2-533x800.jpg\" class=\"eig-popup\" title=\"\" data-caption=\"\" target=\"_blank\"><i class=\"icon-view\"><\/i><span class=\"overlay\"><\/span><img decoding=\"async\" width=\"150\" height=\"150\" src=\"https:\/\/zxdoll.com\/wp-content\/uploads\/2023\/04\/real-love-sex-dolls-8r6b2-150x150.jpg\" class=\"attachment-thumbnail size-thumbnail\" alt=\"\" title=\"\"><\/a><\/li><li><a data-fancybox=\"gallery196\" href=\"https:\/\/zxdoll.com\/wp-content\/uploads\/2023\/04\/real-love-sex-dolls-8r6b3-533x800.jpg\" class=\"eig-popup\" title=\"\" data-caption=\"\" target=\"_blank\"><i class=\"icon-view\"><\/i><span class=\"overlay\"><\/span><img decoding=\"async\" width=\"150\" height=\"150\" src=\"https:\/\/zxdoll.com\/wp-content\/uploads\/2023\/04\/real-love-sex-dolls-8r6b3-150x150.jpg\" class=\"attachment-thumbnail size-thumbnail\" alt=\"\" title=\"\"><\/a><\/li><li><a data-fancybox=\"gallery196\" href=\"https:\/\/zxdoll.com\/wp-content\/uploads\/2023\/04\/real-love-sex-dolls-8r6b6-533x800.jpg\" class=\"eig-popup\" title=\"\" data-caption=\"\" target=\"_blank\"><i class=\"icon-view\"><\/i><span class=\"overlay\"><\/span><img loading=\"lazy\" decoding=\"async\" width=\"150\" height=\"150\" src=\"https:\/\/zxdoll.com\/wp-content\/uploads\/2023\/04\/real-love-sex-dolls-8r6b6-150x150.jpg\" class=\"attachment-thumbnail size-thumbnail\" alt=\"\" title=\"\"><\/a><\/li><li><a data-fancybox=\"gallery196\" href=\"https:\/\/zxdoll.com\/wp-content\/uploads\/2023\/04\/real-love-sex-dolls-8r6b7-533x800.jpg\" class=\"eig-popup\" title=\"\" data-caption=\"\" target=\"_blank\"><i class=\"icon-view\"><\/i><span class=\"overlay\"><\/span><img loading=\"lazy\" decoding=\"async\" width=\"150\" height=\"150\" src=\"https:\/\/zxdoll.com\/wp-content\/uploads\/2023\/04\/real-love-sex-dolls-8r6b7-150x150.jpg\" class=\"attachment-thumbnail size-thumbnail\" alt=\"\" title=\"\"><\/a><\/li><li><a data-fancybox=\"gallery196\" href=\"https:\/\/zxdoll.com\/wp-content\/uploads\/2023\/04\/real-love-sex-dolls-8r6b9-570x800.jpg\" class=\"eig-popup\" title=\"\" data-caption=\"\" target=\"_blank\"><i class=\"icon-view\"><\/i><span class=\"overlay\"><\/span><img loading=\"lazy\" decoding=\"async\" width=\"150\" height=\"150\" src=\"https:\/\/zxdoll.com\/wp-content\/uploads\/2023\/04\/real-love-sex-dolls-8r6b9-150x150.jpg\" class=\"attachment-thumbnail size-thumbnail\" alt=\"\" title=\"\"><\/a><\/li><li><a data-fancybox=\"gallery196\" href=\"https:\/\/zxdoll.com\/wp-content\/uploads\/2023\/04\/real-love-sex-dolls-8r6b10-593x800.jpg\" class=\"eig-popup\" title=\"\" data-caption=\"\" target=\"_blank\"><i class=\"icon-view\"><\/i><span class=\"overlay\"><\/span><img loading=\"lazy\" decoding=\"async\" width=\"150\" height=\"150\" src=\"https:\/\/zxdoll.com\/wp-content\/uploads\/2023\/04\/real-love-sex-dolls-8r6b10-150x150.jpg\" class=\"attachment-thumbnail size-thumbnail\" alt=\"\" title=\"\"><\/a><\/li><li><a data-fancybox=\"gallery196\" href=\"https:\/\/zxdoll.com\/wp-content\/uploads\/2023\/04\/real-love-sex-dolls-8r6b11-533x800.jpg\" class=\"eig-popup\" title=\"\" data-caption=\"\" target=\"_blank\"><i class=\"icon-view\"><\/i><span class=\"overlay\"><\/span><img loading=\"lazy\" decoding=\"async\" width=\"150\" height=\"150\" src=\"https:\/\/zxdoll.com\/wp-content\/uploads\/2023\/04\/real-love-sex-dolls-8r6b11-150x150.jpg\" class=\"attachment-thumbnail size-thumbnail\" alt=\"\" title=\"\"><\/a><\/li><li><a data-fancybox=\"gallery196\" href=\"https:\/\/zxdoll.com\/wp-content\/uploads\/2023\/04\/real-love-sex-dolls-8r6b12-533x800.jpg\" class=\"eig-popup\" title=\"\" data-caption=\"\" target=\"_blank\"><i class=\"icon-view\"><\/i><span class=\"overlay\"><\/span><img loading=\"lazy\" decoding=\"async\" width=\"150\" height=\"150\" src=\"https:\/\/zxdoll.com\/wp-content\/uploads\/2023\/04\/real-love-sex-dolls-8r6b12-150x150.jpg\" class=\"attachment-thumbnail size-thumbnail\" alt=\"\" title=\"\"><\/a><\/li><li><a data-fancybox=\"gallery196\" href=\"https:\/\/zxdoll.com\/wp-content\/uploads\/2023\/04\/real-love-sex-dolls-8r6b13-533x800.jpg\" class=\"eig-popup\" title=\"\" data-caption=\"\" target=\"_blank\"><i class=\"icon-view\"><\/i><span class=\"overlay\"><\/span><img loading=\"lazy\" decoding=\"async\" width=\"150\" height=\"150\" src=\"https:\/\/zxdoll.com\/wp-content\/uploads\/2023\/04\/real-love-sex-dolls-8r6b13-150x150.jpg\" class=\"attachment-thumbnail size-thumbnail\" alt=\"\" title=\"\"><\/a><\/li><li><a data-fancybox=\"gallery196\" href=\"https:\/\/zxdoll.com\/wp-content\/uploads\/2023\/04\/real-love-sex-dolls-8r6b15-508x800.jpg\" class=\"eig-popup\" title=\"\" data-caption=\"\" target=\"_blank\"><i class=\"icon-view\"><\/i><span class=\"overlay\"><\/span><img loading=\"lazy\" decoding=\"async\" width=\"150\" height=\"150\" src=\"https:\/\/zxdoll.com\/wp-content\/uploads\/2023\/04\/real-love-sex-dolls-8r6b15-150x150.jpg\" class=\"attachment-thumbnail size-thumbnail\" alt=\"\" title=\"\"><\/a><\/li><li><a data-fancybox=\"gallery196\" href=\"https:\/\/zxdoll.com\/wp-content\/uploads\/2023\/04\/real-love-sex-dolls-8r6b16-533x800.jpg\" class=\"eig-popup\" title=\"\" data-caption=\"\" target=\"_blank\"><i class=\"icon-view\"><\/i><span class=\"overlay\"><\/span><img loading=\"lazy\" decoding=\"async\" width=\"150\" height=\"150\" src=\"https:\/\/zxdoll.com\/wp-content\/uploads\/2023\/04\/real-love-sex-dolls-8r6b16-150x150.jpg\" class=\"attachment-thumbnail size-thumbnail\" alt=\"\" title=\"\"><\/a><\/li><li><a data-fancybox=\"gallery196\" href=\"https:\/\/zxdoll.com\/wp-content\/uploads\/2023\/04\/real-love-sex-dolls-8r6b18-533x800.jpg\" class=\"eig-popup\" title=\"\" data-caption=\"\" target=\"_blank\"><i class=\"icon-view\"><\/i><span class=\"overlay\"><\/span><img loading=\"lazy\" decoding=\"async\" width=\"150\" height=\"150\" src=\"https:\/\/zxdoll.com\/wp-content\/uploads\/2023\/04\/real-love-sex-dolls-8r6b18-150x150.jpg\" class=\"attachment-thumbnail size-thumbnail\" alt=\"\" title=\"\"><\/a><\/li><li><a data-fancybox=\"gallery196\" href=\"https:\/\/zxdoll.com\/wp-content\/uploads\/2023\/04\/real-love-sex-dolls-8r6b19-533x800.jpg\" class=\"eig-popup\" title=\"\" data-caption=\"\" target=\"_blank\"><i class=\"icon-view\"><\/i><span class=\"overlay\"><\/span><img loading=\"lazy\" decoding=\"async\" width=\"150\" height=\"150\" src=\"https:\/\/zxdoll.com\/wp-content\/uploads\/2023\/04\/real-love-sex-dolls-8r6b19-150x150.jpg\" class=\"attachment-thumbnail size-thumbnail\" alt=\"\" title=\"\"><\/a><\/li><li><a data-fancybox=\"gallery196\" href=\"https:\/\/zxdoll.com\/wp-content\/uploads\/2023\/04\/real-love-sex-dolls-8r6b20-533x800.jpg\" class=\"eig-popup\" title=\"\" data-caption=\"\" target=\"_blank\"><i class=\"icon-view\"><\/i><span class=\"overlay\"><\/span><img loading=\"lazy\" decoding=\"async\" width=\"150\" height=\"150\" src=\"https:\/\/zxdoll.com\/wp-content\/uploads\/2023\/04\/real-love-sex-dolls-8r6b20-150x150.jpg\" class=\"attachment-thumbnail size-thumbnail\" alt=\"\" title=\"\"><\/a><\/li><li><a data-fancybox=\"gallery196\" href=\"https:\/\/zxdoll.com\/wp-content\/uploads\/2023\/04\/real-love-sex-dolls-8r6b21-533x800.jpg\" class=\"eig-popup\" title=\"\" data-caption=\"\" target=\"_blank\"><i class=\"icon-view\"><\/i><span class=\"overlay\"><\/span><img loading=\"lazy\" decoding=\"async\" width=\"150\" height=\"150\" src=\"https:\/\/zxdoll.com\/wp-content\/uploads\/2023\/04\/real-love-sex-dolls-8r6b21-150x150.jpg\" class=\"attachment-thumbnail size-thumbnail\" alt=\"\" title=\"\"><\/a><\/li><li><a data-fancybox=\"gallery196\" href=\"https:\/\/zxdoll.com\/wp-content\/uploads\/2023\/04\/real-love-sex-dolls-8r6b22-533x800.jpg\" class=\"eig-popup\" title=\"\" data-caption=\"\" target=\"_blank\"><i class=\"icon-view\"><\/i><span class=\"overlay\"><\/span><img loading=\"lazy\" decoding=\"async\" width=\"150\" height=\"150\" src=\"https:\/\/zxdoll.com\/wp-content\/uploads\/2023\/04\/real-love-sex-dolls-8r6b22-150x150.jpg\" class=\"attachment-thumbnail size-thumbnail\" alt=\"\" title=\"\"><\/a><\/li><li><a data-fancybox=\"gallery196\" href=\"https:\/\/zxdoll.com\/wp-content\/uploads\/2023\/04\/real-love-sex-dolls-8r6b23-533x800.jpg\" class=\"eig-popup\" title=\"\" data-caption=\"\" target=\"_blank\"><i class=\"icon-view\"><\/i><span class=\"overlay\"><\/span><img loading=\"lazy\" decoding=\"async\" width=\"150\" height=\"150\" src=\"https:\/\/zxdoll.com\/wp-content\/uploads\/2023\/04\/real-love-sex-dolls-8r6b23-150x150.jpg\" class=\"attachment-thumbnail size-thumbnail\" alt=\"\" title=\"\"><\/a><\/li><li><a data-fancybox=\"gallery196\" href=\"https:\/\/zxdoll.com\/wp-content\/uploads\/2023\/04\/real-love-sex-dolls-8r6b24-533x800.jpg\" class=\"eig-popup\" title=\"\" data-caption=\"\" target=\"_blank\"><i class=\"icon-view\"><\/i><span class=\"overlay\"><\/span><img loading=\"lazy\" decoding=\"async\" width=\"150\" height=\"150\" src=\"https:\/\/zxdoll.com\/wp-content\/uploads\/2023\/04\/real-love-sex-dolls-8r6b24-150x150.jpg\" class=\"attachment-thumbnail size-thumbnail\" alt=\"\" title=\"\"><\/a><\/li><li><a data-fancybox=\"gallery196\" href=\"https:\/\/zxdoll.com\/wp-content\/uploads\/2023\/04\/real-love-sex-dolls-8r6b25-533x800.jpg\" class=\"eig-popup\" title=\"\" data-caption=\"\" target=\"_blank\"><i class=\"icon-view\"><\/i><span class=\"overlay\"><\/span><img loading=\"lazy\" decoding=\"async\" width=\"150\" height=\"150\" src=\"https:\/\/zxdoll.com\/wp-content\/uploads\/2023\/04\/real-love-sex-dolls-8r6b25-150x150.jpg\" class=\"attachment-thumbnail size-thumbnail\" alt=\"\" title=\"\"><\/a><\/li><\/ul>\n<h4>Velikostn\u00ed tabulky<\/h4>\n<table width=\"269\">\n<tbody>\n<tr>\n<td width=\"130\">Materi\u00e1l<\/td>\n<td width=\"139\">TPE<\/td>\n<\/tr>\n<tr>\n<td>V\u00fd\u0161ka<\/td>\n<td>167 cm<\/td>\n<\/tr>\n<tr>\n<td>Linie prsou<\/td>\n<td>85 cm<\/td>\n<\/tr>\n<tr>\n<td>Linie pasu<\/td>\n<td>55 cm<\/td>\n<\/tr>\n<tr>\n<td>Hip Line<\/td>\n<td>90 cm<\/td>\n<\/tr>\n<tr>\n<td>D\u00e9lka pa\u017ee<\/td>\n<td>59 cm<\/td>\n<\/tr>\n<tr>\n<td>\u0160\u00ed\u0159e ramen<\/td>\n<td>35 cm<\/td>\n<\/tr>\n<tr>\n<td>Stehenn\u00ed linie<\/td>\n<td>48 cm<\/td>\n<\/tr>\n<tr>\n<td>D\u00e9lka nohy<\/td>\n<td>79 cm<\/td>\n<\/tr>\n<tr>\n<td>Velikost nohou<\/td>\n<td>21 cm<\/td>\n<\/tr>\n<tr>\n<td>\u010cist\u00e1 hmotnost<\/td>\n<td>35 kg<\/td>\n<\/tr>\n<tr>\n<td>\u00dastn\u00ed hloubka<\/td>\n<td>12 cm<\/td>\n<\/tr>\n<tr>\n<td>Hloubka vag\u00edny<\/td>\n<td>18 cm<\/td>\n<\/tr>\n<tr>\n<td>An\u00e1ln\u00ed hloubka<\/td>\n<td>16 cm<\/td>\n<\/tr>\n<\/tbody>\n<\/table>\n<h4>O Sex Doll<\/h4>\n<p>Kdo m\u016f\u017ee vyzkou\u0161et tento \u017eensk\u00fd sexu\u00e1ln\u00ed dolar, skute\u010dnou sexu\u00e1ln\u00ed panenku Lara croft s nej\u0161\u00edlen\u011bj\u0161\u00edmi a nejob\u0159\u00edmi m\u011bkk\u00fdmi prsy? Masturb\u00e1torka pro panenky ze skute\u010dn\u00e9ho \u017eivota s realistick\u00fdmi prsy a vag\u00ednou a v\u011b\u010dn\u011b nadr\u017een\u00e1 ko\u010di\u010dka a masturb\u00e1torka s ko\u0159istn\u00ed n\u00e1ctiletou \u0161koln\u00ed d\u00edvkou; v\u0161echny se c\u00edt\u00ed realisticky a lze je p\u0159irovnat k tomu skute\u010dn\u00e9ho \u010dlov\u011bka, aby vyl\u00e9\u010dil v\u00e1\u0161 milostn\u00fd \u017eivot.<\/p>\n<p>Tato panenka Nadine se dod\u00e1v\u00e1 v r\u016fzn\u00fdch velikostech a r\u016fzn\u00fdch typech. Je to elektrick\u00e1 panenka s velk\u00fdmi prsy, s tenk\u00fdm zade\u010dkem a hust\u00fdmi rty, kter\u00e9 jsou sexy. A pokud existuje jedna jedine\u010dn\u00e1 v\u011bc, kterou tyto panenky dd ud\u011blaj\u00ed, je to, \u017ee v\u00e1m poskytnou velmi vysokou \u00farove\u0148 sexu\u00e1ln\u00edho napln\u011bn\u00ed a orgasmu v jin\u00e9 dimenzi, abyste p\u0159evedli svou fantazii do reality. To vy m\u00e1te sv\u00e9 fantazie a sny.<\/p>\n<p>Nevad\u00ed j\u00ed ma\u010dkat kdykoliv a kdekoliv. Je velmi p\u0159izp\u016fsobiv\u00e1 a nez\u00e1le\u017e\u00ed na tom, jak\u00fd druh realistick\u00e9 prdelky se rozhodnete vybrat; ur\u010dit\u011b si to u\u017eijete, a\u0165 u\u017e na pol\u0161t\u00e1\u0159i nebo na podlaze, kdekoli.<\/p>\n<p>Tyto vysoce kvalitn\u00ed pr\u00e9miov\u00e9 materi\u00e1ly, japonsk\u00e9 sexu\u00e1ln\u00ed panenky, jsou vyrobeny z m\u011bkk\u00fdch a elastick\u00fdch materi\u00e1l\u016f TPE. Vypadaj\u00ed velmi odli\u0161n\u011b a c\u00edt\u00ed se jako skute\u010dn\u00fd \u017eensk\u00fd zadek; pot\u011b\u0161en\u00ed, kter\u00e9 poskytuj\u00ed, je ohromuj\u00edc\u00ed.<\/p>","protected":false},"excerpt":{"rendered":"<p>Obr\u00e1zky pro panenky Sex Tabulky velikost\u00ed Materi\u00e1l TPE V\u00fd\u0161ka 167 cm Linie prsou 85 cm Linie pasu 55 cm Linie bok\u016f 90 cm D\u00e9lka pa\u017ee<\/p>","protected":false},"featured_media":33907,"comment_status":"open","ping_status":"closed","template":"","meta":[],"product_brand":[],"product_cat":[97,75,229,107,117,119],"product_tag":[],"class_list":{"0":"post-33879","1":"product","2":"type-product","3":"status-publish","4":"has-post-thumbnail","6":"product_cat-real-life-sex-dolls","7":"product_cat-160cm-170cm-sex-dolls","8":"product_cat-31kg-35kg","9":"product_cat-skinny-sex-dolls","10":"product_cat-small-breast-sex-doll","11":"product_cat-tpe-sex-doll","12":"pa_brand-irontech-doll","13":"tm-has-options","15":"first","16":"instock","17":"sale","18":"shipping-taxable","19":"purchasable","20":"product-type-simple"},"_links":{"self":[{"href":"https:\/\/zxdoll.com\/cs\/wp-json\/wp\/v2\/product\/33879","targetHints":{"allow":["GET"]}}],"collection":[{"href":"https:\/\/zxdoll.com\/cs\/wp-json\/wp\/v2\/product"}],"about":[{"href":"https:\/\/zxdoll.com\/cs\/wp-json\/wp\/v2\/types\/product"}],"replies":[{"embeddable":true,"href":"https:\/\/zxdoll.com\/cs\/wp-json\/wp\/v2\/comments?post=33879"}],"version-history":[{"count":2,"href":"https:\/\/zxdoll.com\/cs\/wp-json\/wp\/v2\/product\/33879\/revisions"}],"predecessor-version":[{"id":100469,"href":"https:\/\/zxdoll.com\/cs\/wp-json\/wp\/v2\/product\/33879\/revisions\/100469"}],"wp:featuredmedia":[{"embeddable":true,"href":"https:\/\/zxdoll.com\/cs\/wp-json\/wp\/v2\/media\/33907"}],"wp:attachment":[{"href":"https:\/\/zxdoll.com\/cs\/wp-json\/wp\/v2\/media?parent=33879"}],"wp:term":[{"taxonomy":"product_brand","embeddable":true,"href":"https:\/\/zxdoll.com\/cs\/wp-json\/wp\/v2\/product_brand?post=33879"},{"taxonomy":"product_cat","embeddable":true,"href":"https:\/\/zxdoll.com\/cs\/wp-json\/wp\/v2\/product_cat?post=33879"},{"taxonomy":"product_tag","embeddable":true,"href":"https:\/\/zxdoll.com\/cs\/wp-json\/wp\/v2\/product_tag?post=33879"}],"curies":[{"name":"wp","href":"https:\/\/api.w.org\/{rel}","templated":true}]}}