{"id":30695,"date":"2023-04-03T03:03:41","date_gmt":"2023-04-02T19:03:41","guid":{"rendered":"https:\/\/zxdoll.com\/?post_type=product&#038;p=30695"},"modified":"2025-09-17T03:36:43","modified_gmt":"2025-09-16T19:36:43","slug":"japanese-having-sex-love-dolls-on-sale","status":"publish","type":"product","link":"https:\/\/zxdoll.com\/cs\/product\/japanese-having-sex-love-dolls-on-sale\/","title":{"rendered":"Japonsk\u00e9 panenky Sex Love ve v\u00fdprodeji Katey 160cm"},"content":{"rendered":"<h4><strong>Obr\u00e1zky Sex Doll<\/strong><\/h4>\n\t                <ul class=\"easy-image-gallery thumbnails-18 linked\">\r\n                    <li><a data-fancybox=\"gallery766\" href=\"https:\/\/zxdoll.com\/wp-content\/uploads\/2023\/04\/cheap-tpe-dolls-3u7a7-534x800.jpg\" class=\"eig-popup\" title=\"\" data-caption=\"\" target=\"_blank\"><i class=\"icon-view\"><\/i><span class=\"overlay\"><\/span><img decoding=\"async\" width=\"150\" height=\"150\" src=\"https:\/\/zxdoll.com\/wp-content\/uploads\/2023\/04\/cheap-tpe-dolls-3u7a7-150x150.jpg\" class=\"attachment-thumbnail size-thumbnail\" alt=\"\" title=\"\"><\/a><\/li><li><a data-fancybox=\"gallery766\" href=\"https:\/\/zxdoll.com\/wp-content\/uploads\/2023\/04\/cheap-tpe-dolls-3u7a12-534x800.jpg\" class=\"eig-popup\" title=\"\" data-caption=\"\" target=\"_blank\"><i class=\"icon-view\"><\/i><span class=\"overlay\"><\/span><img decoding=\"async\" width=\"150\" height=\"150\" src=\"https:\/\/zxdoll.com\/wp-content\/uploads\/2023\/04\/cheap-tpe-dolls-3u7a12-150x150.jpg\" class=\"attachment-thumbnail size-thumbnail\" alt=\"\" title=\"\"><\/a><\/li><li><a data-fancybox=\"gallery766\" href=\"https:\/\/zxdoll.com\/wp-content\/uploads\/2023\/04\/cheap-tpe-dolls-3u7a14-534x800.jpg\" class=\"eig-popup\" title=\"\" data-caption=\"\" target=\"_blank\"><i class=\"icon-view\"><\/i><span class=\"overlay\"><\/span><img decoding=\"async\" width=\"150\" height=\"150\" src=\"https:\/\/zxdoll.com\/wp-content\/uploads\/2023\/04\/cheap-tpe-dolls-3u7a14-150x150.jpg\" class=\"attachment-thumbnail size-thumbnail\" alt=\"\" title=\"\"><\/a><\/li><li><a data-fancybox=\"gallery766\" href=\"https:\/\/zxdoll.com\/wp-content\/uploads\/2023\/04\/cheap-tpe-dolls-3u7a16-534x800.jpg\" class=\"eig-popup\" title=\"\" data-caption=\"\" target=\"_blank\"><i class=\"icon-view\"><\/i><span class=\"overlay\"><\/span><img loading=\"lazy\" decoding=\"async\" width=\"150\" height=\"150\" src=\"https:\/\/zxdoll.com\/wp-content\/uploads\/2023\/04\/cheap-tpe-dolls-3u7a16-150x150.jpg\" class=\"attachment-thumbnail size-thumbnail\" alt=\"\" title=\"\"><\/a><\/li><li><a data-fancybox=\"gallery766\" href=\"https:\/\/zxdoll.com\/wp-content\/uploads\/2023\/04\/cheap-tpe-dolls-3u7a18-534x800.jpg\" class=\"eig-popup\" title=\"\" data-caption=\"\" target=\"_blank\"><i class=\"icon-view\"><\/i><span class=\"overlay\"><\/span><img loading=\"lazy\" decoding=\"async\" width=\"150\" height=\"150\" src=\"https:\/\/zxdoll.com\/wp-content\/uploads\/2023\/04\/cheap-tpe-dolls-3u7a18-150x150.jpg\" class=\"attachment-thumbnail size-thumbnail\" alt=\"\" title=\"\"><\/a><\/li><li><a data-fancybox=\"gallery766\" href=\"https:\/\/zxdoll.com\/wp-content\/uploads\/2023\/04\/cheap-tpe-dolls-3u7a20-534x800.jpg\" class=\"eig-popup\" title=\"\" data-caption=\"\" target=\"_blank\"><i class=\"icon-view\"><\/i><span class=\"overlay\"><\/span><img loading=\"lazy\" decoding=\"async\" width=\"150\" height=\"150\" src=\"https:\/\/zxdoll.com\/wp-content\/uploads\/2023\/04\/cheap-tpe-dolls-3u7a20-150x150.jpg\" class=\"attachment-thumbnail size-thumbnail\" alt=\"\" title=\"\"><\/a><\/li><li><a data-fancybox=\"gallery766\" href=\"https:\/\/zxdoll.com\/wp-content\/uploads\/2023\/04\/cheap-tpe-dolls-3u7a21-534x800.jpg\" class=\"eig-popup\" title=\"\" data-caption=\"\" target=\"_blank\"><i class=\"icon-view\"><\/i><span class=\"overlay\"><\/span><img loading=\"lazy\" decoding=\"async\" width=\"150\" height=\"150\" src=\"https:\/\/zxdoll.com\/wp-content\/uploads\/2023\/04\/cheap-tpe-dolls-3u7a21-150x150.jpg\" class=\"attachment-thumbnail size-thumbnail\" alt=\"\" title=\"\"><\/a><\/li><li><a data-fancybox=\"gallery766\" href=\"https:\/\/zxdoll.com\/wp-content\/uploads\/2023\/04\/cheap-tpe-dolls-3u7a22-534x800.jpg\" class=\"eig-popup\" title=\"\" data-caption=\"\" target=\"_blank\"><i class=\"icon-view\"><\/i><span class=\"overlay\"><\/span><img loading=\"lazy\" decoding=\"async\" width=\"150\" height=\"150\" src=\"https:\/\/zxdoll.com\/wp-content\/uploads\/2023\/04\/cheap-tpe-dolls-3u7a22-150x150.jpg\" class=\"attachment-thumbnail size-thumbnail\" alt=\"\" title=\"\"><\/a><\/li><li><a data-fancybox=\"gallery766\" href=\"https:\/\/zxdoll.com\/wp-content\/uploads\/2023\/04\/cheap-tpe-dolls-3u7a23-534x800.jpg\" class=\"eig-popup\" title=\"\" data-caption=\"\" target=\"_blank\"><i class=\"icon-view\"><\/i><span class=\"overlay\"><\/span><img loading=\"lazy\" decoding=\"async\" width=\"150\" height=\"150\" src=\"https:\/\/zxdoll.com\/wp-content\/uploads\/2023\/04\/cheap-tpe-dolls-3u7a23-150x150.jpg\" class=\"attachment-thumbnail size-thumbnail\" alt=\"\" title=\"\"><\/a><\/li><li><a data-fancybox=\"gallery766\" href=\"https:\/\/zxdoll.com\/wp-content\/uploads\/2023\/04\/cheap-tpe-dolls-3u7a25-534x800.jpg\" class=\"eig-popup\" title=\"\" data-caption=\"\" target=\"_blank\"><i class=\"icon-view\"><\/i><span class=\"overlay\"><\/span><img loading=\"lazy\" decoding=\"async\" width=\"150\" height=\"150\" src=\"https:\/\/zxdoll.com\/wp-content\/uploads\/2023\/04\/cheap-tpe-dolls-3u7a25-150x150.jpg\" class=\"attachment-thumbnail size-thumbnail\" alt=\"\" title=\"\"><\/a><\/li><li><a data-fancybox=\"gallery766\" href=\"https:\/\/zxdoll.com\/wp-content\/uploads\/2023\/04\/cheap-tpe-dolls-3u7a26-534x800.jpg\" class=\"eig-popup\" title=\"\" data-caption=\"\" target=\"_blank\"><i class=\"icon-view\"><\/i><span class=\"overlay\"><\/span><img loading=\"lazy\" decoding=\"async\" width=\"150\" height=\"150\" src=\"https:\/\/zxdoll.com\/wp-content\/uploads\/2023\/04\/cheap-tpe-dolls-3u7a26-150x150.jpg\" class=\"attachment-thumbnail size-thumbnail\" alt=\"\" title=\"\"><\/a><\/li><li><a data-fancybox=\"gallery766\" href=\"https:\/\/zxdoll.com\/wp-content\/uploads\/2023\/04\/cheap-tpe-dolls-3u7a31-534x800.jpg\" class=\"eig-popup\" title=\"\" data-caption=\"\" target=\"_blank\"><i class=\"icon-view\"><\/i><span class=\"overlay\"><\/span><img loading=\"lazy\" decoding=\"async\" width=\"150\" height=\"150\" src=\"https:\/\/zxdoll.com\/wp-content\/uploads\/2023\/04\/cheap-tpe-dolls-3u7a31-150x150.jpg\" class=\"attachment-thumbnail size-thumbnail\" alt=\"\" title=\"\"><\/a><\/li><li><a data-fancybox=\"gallery766\" href=\"https:\/\/zxdoll.com\/wp-content\/uploads\/2023\/04\/cheap-tpe-dolls-3u7a35-534x800.jpg\" class=\"eig-popup\" title=\"\" data-caption=\"\" target=\"_blank\"><i class=\"icon-view\"><\/i><span class=\"overlay\"><\/span><img loading=\"lazy\" decoding=\"async\" width=\"150\" height=\"150\" src=\"https:\/\/zxdoll.com\/wp-content\/uploads\/2023\/04\/cheap-tpe-dolls-3u7a35-150x150.jpg\" class=\"attachment-thumbnail size-thumbnail\" alt=\"\" title=\"\"><\/a><\/li><li><a data-fancybox=\"gallery766\" href=\"https:\/\/zxdoll.com\/wp-content\/uploads\/2023\/04\/cheap-tpe-dolls-3u7a36-534x800.jpg\" class=\"eig-popup\" title=\"\" data-caption=\"\" target=\"_blank\"><i class=\"icon-view\"><\/i><span class=\"overlay\"><\/span><img loading=\"lazy\" decoding=\"async\" width=\"150\" height=\"150\" src=\"https:\/\/zxdoll.com\/wp-content\/uploads\/2023\/04\/cheap-tpe-dolls-3u7a36-150x150.jpg\" class=\"attachment-thumbnail size-thumbnail\" alt=\"\" title=\"\"><\/a><\/li><li><a data-fancybox=\"gallery766\" href=\"https:\/\/zxdoll.com\/wp-content\/uploads\/2023\/04\/cheap-tpe-dolls-3u7a37-534x800.jpg\" class=\"eig-popup\" title=\"\" data-caption=\"\" target=\"_blank\"><i class=\"icon-view\"><\/i><span class=\"overlay\"><\/span><img loading=\"lazy\" decoding=\"async\" width=\"150\" height=\"150\" src=\"https:\/\/zxdoll.com\/wp-content\/uploads\/2023\/04\/cheap-tpe-dolls-3u7a37-150x150.jpg\" class=\"attachment-thumbnail size-thumbnail\" alt=\"\" title=\"\"><\/a><\/li><li><a data-fancybox=\"gallery766\" href=\"https:\/\/zxdoll.com\/wp-content\/uploads\/2023\/04\/cheap-tpe-dolls-3u7a40-534x800.jpg\" class=\"eig-popup\" title=\"\" data-caption=\"\" target=\"_blank\"><i class=\"icon-view\"><\/i><span class=\"overlay\"><\/span><img loading=\"lazy\" decoding=\"async\" width=\"150\" height=\"150\" src=\"https:\/\/zxdoll.com\/wp-content\/uploads\/2023\/04\/cheap-tpe-dolls-3u7a40-150x150.jpg\" class=\"attachment-thumbnail size-thumbnail\" alt=\"\" title=\"\"><\/a><\/li><li><a data-fancybox=\"gallery766\" href=\"https:\/\/zxdoll.com\/wp-content\/uploads\/2023\/04\/cheap-tpe-dolls-3u7a42-534x800.jpg\" class=\"eig-popup\" title=\"\" data-caption=\"\" target=\"_blank\"><i class=\"icon-view\"><\/i><span class=\"overlay\"><\/span><img loading=\"lazy\" decoding=\"async\" width=\"150\" height=\"150\" src=\"https:\/\/zxdoll.com\/wp-content\/uploads\/2023\/04\/cheap-tpe-dolls-3u7a42-150x150.jpg\" class=\"attachment-thumbnail size-thumbnail\" alt=\"\" title=\"\"><\/a><\/li><li><a data-fancybox=\"gallery766\" href=\"https:\/\/zxdoll.com\/wp-content\/uploads\/2023\/04\/cheap-tpe-dolls-3u7a44-534x800.jpg\" class=\"eig-popup\" title=\"\" data-caption=\"\" target=\"_blank\"><i class=\"icon-view\"><\/i><span class=\"overlay\"><\/span><img loading=\"lazy\" decoding=\"async\" width=\"150\" height=\"150\" src=\"https:\/\/zxdoll.com\/wp-content\/uploads\/2023\/04\/cheap-tpe-dolls-3u7a44-150x150.jpg\" class=\"attachment-thumbnail size-thumbnail\" alt=\"\" title=\"\"><\/a><\/li><\/ul>\n<h4>Velikostn\u00ed tabulky<\/h4>\n<table width=\"269\">\n<tbody>\n<tr>\n<td width=\"130\">Materi\u00e1l<\/td>\n<td width=\"139\">TPE<\/td>\n<\/tr>\n<tr>\n<td>V\u00fd\u0161ka<\/td>\n<td>160 cm<\/td>\n<\/tr>\n<tr>\n<td>Prsa<\/td>\n<td>91 cm<\/td>\n<\/tr>\n<tr>\n<td>P\u00e1s<\/td>\n<td>64 cm<\/td>\n<\/tr>\n<tr>\n<td>Boky<\/td>\n<td>108 cm<\/td>\n<\/tr>\n<tr>\n<td>D\u00e9lka pa\u017ee<\/td>\n<td>65 cm<\/td>\n<\/tr>\n<tr>\n<td>\u0160\u00ed\u0159e ramen<\/td>\n<td>35 cm<\/td>\n<\/tr>\n<tr>\n<td>Calf Circum<\/td>\n<td>30 cm<\/td>\n<\/tr>\n<tr>\n<td>Stehenn\u00ed obvod<\/td>\n<td>56 cm<\/td>\n<\/tr>\n<tr>\n<td>D\u00e9lka nohy<\/td>\n<td>86 cm<\/td>\n<\/tr>\n<tr>\n<td>D\u00e9lka chodidla<\/td>\n<td>23 cm<\/td>\n<\/tr>\n<tr>\n<td>\u010cist\u00e1 hmotnost<\/td>\n<td>43 kg<\/td>\n<\/tr>\n<tr>\n<td>\u00dastn\u00ed hloubka<\/td>\n<td>12 cm<\/td>\n<\/tr>\n<tr>\n<td>Hloubka vag\u00edny<\/td>\n<td>18 cm<\/td>\n<\/tr>\n<tr>\n<td>An\u00e1ln\u00ed hloubka<\/td>\n<td>16 cm<\/td>\n<\/tr>\n<\/tbody>\n<\/table>\n<h4>O Sex Doll<\/h4>\n<p>&nbsp;<\/p>","protected":false},"excerpt":{"rendered":"<p>Sex Doll Obr\u00e1zky Velikostn\u00ed tabulky Materi\u00e1l TPE V\u00fd\u0161ka 160 cm Prsa 91 cm Pas 64 cm Boky 108 cm D\u00e9lka pa\u017e\u00ed 65 cm \u0160\u00ed\u0159ka ramen<\/p>","protected":false},"featured_media":96700,"comment_status":"open","ping_status":"closed","template":"","meta":[],"product_brand":[],"product_cat":[97,75,231,80,116,107,119],"product_tag":[],"class_list":{"0":"post-30695","1":"product","2":"type-product","3":"status-publish","4":"has-post-thumbnail","6":"product_cat-real-life-sex-dolls","7":"product_cat-160cm-170cm-sex-dolls","8":"product_cat-41kg-45kg","9":"product_cat-asian-sex-doll","10":"product_cat-big-boobs-sex-doll","11":"product_cat-skinny-sex-dolls","12":"product_cat-tpe-sex-doll","13":"pa_brand-irontech-doll","14":"tm-has-options","16":"first","17":"instock","18":"sale","19":"shipping-taxable","20":"purchasable","21":"product-type-simple"},"_links":{"self":[{"href":"https:\/\/zxdoll.com\/cs\/wp-json\/wp\/v2\/product\/30695","targetHints":{"allow":["GET"]}}],"collection":[{"href":"https:\/\/zxdoll.com\/cs\/wp-json\/wp\/v2\/product"}],"about":[{"href":"https:\/\/zxdoll.com\/cs\/wp-json\/wp\/v2\/types\/product"}],"replies":[{"embeddable":true,"href":"https:\/\/zxdoll.com\/cs\/wp-json\/wp\/v2\/comments?post=30695"}],"version-history":[{"count":2,"href":"https:\/\/zxdoll.com\/cs\/wp-json\/wp\/v2\/product\/30695\/revisions"}],"predecessor-version":[{"id":101287,"href":"https:\/\/zxdoll.com\/cs\/wp-json\/wp\/v2\/product\/30695\/revisions\/101287"}],"wp:featuredmedia":[{"embeddable":true,"href":"https:\/\/zxdoll.com\/cs\/wp-json\/wp\/v2\/media\/96700"}],"wp:attachment":[{"href":"https:\/\/zxdoll.com\/cs\/wp-json\/wp\/v2\/media?parent=30695"}],"wp:term":[{"taxonomy":"product_brand","embeddable":true,"href":"https:\/\/zxdoll.com\/cs\/wp-json\/wp\/v2\/product_brand?post=30695"},{"taxonomy":"product_cat","embeddable":true,"href":"https:\/\/zxdoll.com\/cs\/wp-json\/wp\/v2\/product_cat?post=30695"},{"taxonomy":"product_tag","embeddable":true,"href":"https:\/\/zxdoll.com\/cs\/wp-json\/wp\/v2\/product_tag?post=30695"}],"curies":[{"name":"wp","href":"https:\/\/api.w.org\/{rel}","templated":true}]}}