{"id":22085,"date":"2023-03-11T05:22:21","date_gmt":"2023-03-10T21:22:21","guid":{"rendered":"https:\/\/zxdoll.com\/?post_type=product&#038;p=22085"},"modified":"2025-09-10T23:31:10","modified_gmt":"2025-09-10T15:31:10","slug":"riding-realistic-mannequin-vr-fuck-doll","status":"publish","type":"product","link":"https:\/\/zxdoll.com\/cs\/product\/riding-realistic-mannequin-vr-fuck-doll\/","title":{"rendered":"Riding Realistic Mannequin VR Fuck Doll Nerta 164cm"},"content":{"rendered":"<h4><strong>Obr\u00e1zky Sex Doll<\/strong><\/h4>\n\t                <ul class=\"easy-image-gallery thumbnails-23 linked\">\r\n                    <li><a data-fancybox=\"gallery107\" href=\"https:\/\/zxdoll.com\/wp-content\/uploads\/2023\/03\/spread-em-love-doll-z8k1-533x800.jpg\" class=\"eig-popup\" title=\"\" data-caption=\"\" target=\"_blank\"><i class=\"icon-view\"><\/i><span class=\"overlay\"><\/span><img decoding=\"async\" width=\"150\" height=\"150\" src=\"https:\/\/zxdoll.com\/wp-content\/uploads\/2023\/03\/spread-em-love-doll-z8k1-150x150.jpg\" class=\"attachment-thumbnail size-thumbnail\" alt=\"\" title=\"\"><\/a><\/li><li><a data-fancybox=\"gallery107\" href=\"https:\/\/zxdoll.com\/wp-content\/uploads\/2023\/03\/spread-em-love-doll-z8k2-533x800.jpg\" class=\"eig-popup\" title=\"\" data-caption=\"\" target=\"_blank\"><i class=\"icon-view\"><\/i><span class=\"overlay\"><\/span><img decoding=\"async\" width=\"150\" height=\"150\" src=\"https:\/\/zxdoll.com\/wp-content\/uploads\/2023\/03\/spread-em-love-doll-z8k2-150x150.jpg\" class=\"attachment-thumbnail size-thumbnail\" alt=\"\" title=\"\"><\/a><\/li><li><a data-fancybox=\"gallery107\" href=\"https:\/\/zxdoll.com\/wp-content\/uploads\/2023\/03\/spread-em-love-doll-z8k3-533x800.jpg\" class=\"eig-popup\" title=\"\" data-caption=\"\" target=\"_blank\"><i class=\"icon-view\"><\/i><span class=\"overlay\"><\/span><img decoding=\"async\" width=\"150\" height=\"150\" src=\"https:\/\/zxdoll.com\/wp-content\/uploads\/2023\/03\/spread-em-love-doll-z8k3-150x150.jpg\" class=\"attachment-thumbnail size-thumbnail\" alt=\"\" title=\"\"><\/a><\/li><li><a data-fancybox=\"gallery107\" href=\"https:\/\/zxdoll.com\/wp-content\/uploads\/2023\/03\/spread-em-love-doll-z8k4-533x800.jpg\" class=\"eig-popup\" title=\"\" data-caption=\"\" target=\"_blank\"><i class=\"icon-view\"><\/i><span class=\"overlay\"><\/span><img loading=\"lazy\" decoding=\"async\" width=\"150\" height=\"150\" src=\"https:\/\/zxdoll.com\/wp-content\/uploads\/2023\/03\/spread-em-love-doll-z8k4-150x150.jpg\" class=\"attachment-thumbnail size-thumbnail\" alt=\"\" title=\"\"><\/a><\/li><li><a data-fancybox=\"gallery107\" href=\"https:\/\/zxdoll.com\/wp-content\/uploads\/2023\/03\/spread-em-love-doll-z8k5-1-533x800.jpg\" class=\"eig-popup\" title=\"\" data-caption=\"\" target=\"_blank\"><i class=\"icon-view\"><\/i><span class=\"overlay\"><\/span><img loading=\"lazy\" decoding=\"async\" width=\"150\" height=\"150\" src=\"https:\/\/zxdoll.com\/wp-content\/uploads\/2023\/03\/spread-em-love-doll-z8k5-1-150x150.jpg\" class=\"attachment-thumbnail size-thumbnail\" alt=\"\" title=\"\"><\/a><\/li><li><a data-fancybox=\"gallery107\" href=\"https:\/\/zxdoll.com\/wp-content\/uploads\/2023\/03\/spread-em-love-doll-z8k6-533x800.jpg\" class=\"eig-popup\" title=\"\" data-caption=\"\" target=\"_blank\"><i class=\"icon-view\"><\/i><span class=\"overlay\"><\/span><img loading=\"lazy\" decoding=\"async\" width=\"150\" height=\"150\" src=\"https:\/\/zxdoll.com\/wp-content\/uploads\/2023\/03\/spread-em-love-doll-z8k6-150x150.jpg\" class=\"attachment-thumbnail size-thumbnail\" alt=\"\" title=\"\"><\/a><\/li><li><a data-fancybox=\"gallery107\" href=\"https:\/\/zxdoll.com\/wp-content\/uploads\/2023\/03\/spread-em-love-doll-z8k7-533x800.jpg\" class=\"eig-popup\" title=\"\" data-caption=\"\" target=\"_blank\"><i class=\"icon-view\"><\/i><span class=\"overlay\"><\/span><img loading=\"lazy\" decoding=\"async\" width=\"150\" height=\"150\" src=\"https:\/\/zxdoll.com\/wp-content\/uploads\/2023\/03\/spread-em-love-doll-z8k7-150x150.jpg\" class=\"attachment-thumbnail size-thumbnail\" alt=\"\" title=\"\"><\/a><\/li><li><a data-fancybox=\"gallery107\" href=\"https:\/\/zxdoll.com\/wp-content\/uploads\/2023\/03\/spread-em-love-doll-z8k8-800x800.jpg\" class=\"eig-popup\" title=\"\" data-caption=\"\" target=\"_blank\"><i class=\"icon-view\"><\/i><span class=\"overlay\"><\/span><img loading=\"lazy\" decoding=\"async\" width=\"150\" height=\"150\" src=\"https:\/\/zxdoll.com\/wp-content\/uploads\/2023\/03\/spread-em-love-doll-z8k8-150x150.jpg\" class=\"attachment-thumbnail size-thumbnail\" alt=\"\" srcset=\"https:\/\/zxdoll.com\/wp-content\/uploads\/2023\/03\/spread-em-love-doll-z8k8-150x150.jpg 150w, https:\/\/zxdoll.com\/wp-content\/uploads\/2023\/03\/spread-em-love-doll-z8k8-300x300.jpg 300w, https:\/\/zxdoll.com\/wp-content\/uploads\/2023\/03\/spread-em-love-doll-z8k8-800x800.jpg 800w, https:\/\/zxdoll.com\/wp-content\/uploads\/2023\/03\/spread-em-love-doll-z8k8-768x768.jpg 768w, https:\/\/zxdoll.com\/wp-content\/uploads\/2023\/03\/spread-em-love-doll-z8k8-12x12.jpg 12w, https:\/\/zxdoll.com\/wp-content\/uploads\/2023\/03\/spread-em-love-doll-z8k8-860x860.jpg 860w, https:\/\/zxdoll.com\/wp-content\/uploads\/2023\/03\/spread-em-love-doll-z8k8-430x430.jpg 430w, https:\/\/zxdoll.com\/wp-content\/uploads\/2023\/03\/spread-em-love-doll-z8k8-700x700.jpg 700w, https:\/\/zxdoll.com\/wp-content\/uploads\/2023\/03\/spread-em-love-doll-z8k8.jpg 900w\" sizes=\"(max-width: 150px) 100vw, 150px\" title=\"\"><\/a><\/li><li><a data-fancybox=\"gallery107\" href=\"https:\/\/zxdoll.com\/wp-content\/uploads\/2023\/03\/spread-em-love-doll-z8k9-800x800.jpg\" class=\"eig-popup\" title=\"\" data-caption=\"\" target=\"_blank\"><i class=\"icon-view\"><\/i><span class=\"overlay\"><\/span><img loading=\"lazy\" decoding=\"async\" width=\"150\" height=\"150\" src=\"https:\/\/zxdoll.com\/wp-content\/uploads\/2023\/03\/spread-em-love-doll-z8k9-150x150.jpg\" class=\"attachment-thumbnail size-thumbnail\" alt=\"\" srcset=\"https:\/\/zxdoll.com\/wp-content\/uploads\/2023\/03\/spread-em-love-doll-z8k9-150x150.jpg 150w, https:\/\/zxdoll.com\/wp-content\/uploads\/2023\/03\/spread-em-love-doll-z8k9-300x300.jpg 300w, https:\/\/zxdoll.com\/wp-content\/uploads\/2023\/03\/spread-em-love-doll-z8k9-800x800.jpg 800w, https:\/\/zxdoll.com\/wp-content\/uploads\/2023\/03\/spread-em-love-doll-z8k9-768x768.jpg 768w, https:\/\/zxdoll.com\/wp-content\/uploads\/2023\/03\/spread-em-love-doll-z8k9-12x12.jpg 12w, https:\/\/zxdoll.com\/wp-content\/uploads\/2023\/03\/spread-em-love-doll-z8k9-860x860.jpg 860w, https:\/\/zxdoll.com\/wp-content\/uploads\/2023\/03\/spread-em-love-doll-z8k9-430x430.jpg 430w, https:\/\/zxdoll.com\/wp-content\/uploads\/2023\/03\/spread-em-love-doll-z8k9-700x700.jpg 700w, https:\/\/zxdoll.com\/wp-content\/uploads\/2023\/03\/spread-em-love-doll-z8k9.jpg 900w\" sizes=\"(max-width: 150px) 100vw, 150px\" title=\"\"><\/a><\/li><li><a data-fancybox=\"gallery107\" href=\"https:\/\/zxdoll.com\/wp-content\/uploads\/2023\/03\/spread-em-love-doll-z8k10-800x800.jpg\" class=\"eig-popup\" title=\"\" data-caption=\"\" target=\"_blank\"><i class=\"icon-view\"><\/i><span class=\"overlay\"><\/span><img loading=\"lazy\" decoding=\"async\" width=\"150\" height=\"150\" src=\"https:\/\/zxdoll.com\/wp-content\/uploads\/2023\/03\/spread-em-love-doll-z8k10-150x150.jpg\" class=\"attachment-thumbnail size-thumbnail\" alt=\"\" srcset=\"https:\/\/zxdoll.com\/wp-content\/uploads\/2023\/03\/spread-em-love-doll-z8k10-150x150.jpg 150w, https:\/\/zxdoll.com\/wp-content\/uploads\/2023\/03\/spread-em-love-doll-z8k10-300x300.jpg 300w, https:\/\/zxdoll.com\/wp-content\/uploads\/2023\/03\/spread-em-love-doll-z8k10-800x800.jpg 800w, https:\/\/zxdoll.com\/wp-content\/uploads\/2023\/03\/spread-em-love-doll-z8k10-768x768.jpg 768w, https:\/\/zxdoll.com\/wp-content\/uploads\/2023\/03\/spread-em-love-doll-z8k10-12x12.jpg 12w, https:\/\/zxdoll.com\/wp-content\/uploads\/2023\/03\/spread-em-love-doll-z8k10-860x860.jpg 860w, https:\/\/zxdoll.com\/wp-content\/uploads\/2023\/03\/spread-em-love-doll-z8k10-430x430.jpg 430w, https:\/\/zxdoll.com\/wp-content\/uploads\/2023\/03\/spread-em-love-doll-z8k10-700x700.jpg 700w, https:\/\/zxdoll.com\/wp-content\/uploads\/2023\/03\/spread-em-love-doll-z8k10.jpg 900w\" sizes=\"(max-width: 150px) 100vw, 150px\" title=\"\"><\/a><\/li><li><a data-fancybox=\"gallery107\" href=\"https:\/\/zxdoll.com\/wp-content\/uploads\/2023\/03\/spread-em-love-doll-z8k11-800x800.jpg\" class=\"eig-popup\" title=\"\" data-caption=\"\" target=\"_blank\"><i class=\"icon-view\"><\/i><span class=\"overlay\"><\/span><img loading=\"lazy\" decoding=\"async\" width=\"150\" height=\"150\" src=\"https:\/\/zxdoll.com\/wp-content\/uploads\/2023\/03\/spread-em-love-doll-z8k11-150x150.jpg\" class=\"attachment-thumbnail size-thumbnail\" alt=\"\" srcset=\"https:\/\/zxdoll.com\/wp-content\/uploads\/2023\/03\/spread-em-love-doll-z8k11-150x150.jpg 150w, https:\/\/zxdoll.com\/wp-content\/uploads\/2023\/03\/spread-em-love-doll-z8k11-300x300.jpg 300w, https:\/\/zxdoll.com\/wp-content\/uploads\/2023\/03\/spread-em-love-doll-z8k11-800x800.jpg 800w, https:\/\/zxdoll.com\/wp-content\/uploads\/2023\/03\/spread-em-love-doll-z8k11-768x768.jpg 768w, https:\/\/zxdoll.com\/wp-content\/uploads\/2023\/03\/spread-em-love-doll-z8k11-12x12.jpg 12w, https:\/\/zxdoll.com\/wp-content\/uploads\/2023\/03\/spread-em-love-doll-z8k11-860x860.jpg 860w, https:\/\/zxdoll.com\/wp-content\/uploads\/2023\/03\/spread-em-love-doll-z8k11-430x430.jpg 430w, https:\/\/zxdoll.com\/wp-content\/uploads\/2023\/03\/spread-em-love-doll-z8k11-700x700.jpg 700w, https:\/\/zxdoll.com\/wp-content\/uploads\/2023\/03\/spread-em-love-doll-z8k11.jpg 900w\" sizes=\"(max-width: 150px) 100vw, 150px\" title=\"\"><\/a><\/li><li><a data-fancybox=\"gallery107\" href=\"https:\/\/zxdoll.com\/wp-content\/uploads\/2023\/03\/spread-em-love-doll-z8k12-533x800.jpg\" class=\"eig-popup\" title=\"\" data-caption=\"\" target=\"_blank\"><i class=\"icon-view\"><\/i><span class=\"overlay\"><\/span><img loading=\"lazy\" decoding=\"async\" width=\"150\" height=\"150\" src=\"https:\/\/zxdoll.com\/wp-content\/uploads\/2023\/03\/spread-em-love-doll-z8k12-150x150.jpg\" class=\"attachment-thumbnail size-thumbnail\" alt=\"\" title=\"\"><\/a><\/li><li><a data-fancybox=\"gallery107\" href=\"https:\/\/zxdoll.com\/wp-content\/uploads\/2023\/03\/spread-em-love-doll-z8k13-533x800.jpg\" class=\"eig-popup\" title=\"\" data-caption=\"\" target=\"_blank\"><i class=\"icon-view\"><\/i><span class=\"overlay\"><\/span><img loading=\"lazy\" decoding=\"async\" width=\"150\" height=\"150\" src=\"https:\/\/zxdoll.com\/wp-content\/uploads\/2023\/03\/spread-em-love-doll-z8k13-150x150.jpg\" class=\"attachment-thumbnail size-thumbnail\" alt=\"\" title=\"\"><\/a><\/li><li><a data-fancybox=\"gallery107\" href=\"https:\/\/zxdoll.com\/wp-content\/uploads\/2023\/03\/spread-em-love-doll-z8k14.jpg\" class=\"eig-popup\" title=\"\" data-caption=\"\" target=\"_blank\"><i class=\"icon-view\"><\/i><span class=\"overlay\"><\/span><img loading=\"lazy\" decoding=\"async\" width=\"100\" height=\"150\" src=\"https:\/\/zxdoll.com\/wp-content\/uploads\/2023\/03\/spread-em-love-doll-z8k14.jpg\" class=\"attachment-thumbnail size-thumbnail\" alt=\"\" title=\"\"><\/a><\/li><li><a data-fancybox=\"gallery107\" href=\"https:\/\/zxdoll.com\/wp-content\/uploads\/2023\/03\/spread-em-love-doll-z8k15-533x800.jpg\" class=\"eig-popup\" title=\"\" data-caption=\"\" target=\"_blank\"><i class=\"icon-view\"><\/i><span class=\"overlay\"><\/span><img loading=\"lazy\" decoding=\"async\" width=\"150\" height=\"150\" src=\"https:\/\/zxdoll.com\/wp-content\/uploads\/2023\/03\/spread-em-love-doll-z8k15-150x150.jpg\" class=\"attachment-thumbnail size-thumbnail\" alt=\"\" title=\"\"><\/a><\/li><li><a data-fancybox=\"gallery107\" href=\"https:\/\/zxdoll.com\/wp-content\/uploads\/2023\/03\/spread-em-love-doll-z8k16-533x800.jpg\" class=\"eig-popup\" title=\"\" data-caption=\"\" target=\"_blank\"><i class=\"icon-view\"><\/i><span class=\"overlay\"><\/span><img loading=\"lazy\" decoding=\"async\" width=\"150\" height=\"150\" src=\"https:\/\/zxdoll.com\/wp-content\/uploads\/2023\/03\/spread-em-love-doll-z8k16-150x150.jpg\" class=\"attachment-thumbnail size-thumbnail\" alt=\"\" title=\"\"><\/a><\/li><li><a data-fancybox=\"gallery107\" href=\"https:\/\/zxdoll.com\/wp-content\/uploads\/2023\/03\/spread-em-love-doll-z8k17-533x800.jpg\" class=\"eig-popup\" title=\"\" data-caption=\"\" target=\"_blank\"><i class=\"icon-view\"><\/i><span class=\"overlay\"><\/span><img loading=\"lazy\" decoding=\"async\" width=\"150\" height=\"150\" src=\"https:\/\/zxdoll.com\/wp-content\/uploads\/2023\/03\/spread-em-love-doll-z8k17-150x150.jpg\" class=\"attachment-thumbnail size-thumbnail\" alt=\"\" title=\"\"><\/a><\/li><li><a data-fancybox=\"gallery107\" href=\"https:\/\/zxdoll.com\/wp-content\/uploads\/2023\/03\/spread-em-love-doll-z8k18-533x800.jpg\" class=\"eig-popup\" title=\"\" data-caption=\"\" target=\"_blank\"><i class=\"icon-view\"><\/i><span class=\"overlay\"><\/span><img loading=\"lazy\" decoding=\"async\" width=\"150\" height=\"150\" src=\"https:\/\/zxdoll.com\/wp-content\/uploads\/2023\/03\/spread-em-love-doll-z8k18-150x150.jpg\" class=\"attachment-thumbnail size-thumbnail\" alt=\"\" title=\"\"><\/a><\/li><li><a data-fancybox=\"gallery107\" href=\"https:\/\/zxdoll.com\/wp-content\/uploads\/2023\/03\/spread-em-love-doll-z8k19-533x800.jpg\" class=\"eig-popup\" title=\"\" data-caption=\"\" target=\"_blank\"><i class=\"icon-view\"><\/i><span class=\"overlay\"><\/span><img loading=\"lazy\" decoding=\"async\" width=\"150\" height=\"150\" src=\"https:\/\/zxdoll.com\/wp-content\/uploads\/2023\/03\/spread-em-love-doll-z8k19-150x150.jpg\" class=\"attachment-thumbnail size-thumbnail\" alt=\"\" title=\"\"><\/a><\/li><li><a data-fancybox=\"gallery107\" href=\"https:\/\/zxdoll.com\/wp-content\/uploads\/2023\/03\/spread-em-love-doll-z8k20-533x800.jpg\" class=\"eig-popup\" title=\"\" data-caption=\"\" target=\"_blank\"><i class=\"icon-view\"><\/i><span class=\"overlay\"><\/span><img loading=\"lazy\" decoding=\"async\" width=\"150\" height=\"150\" src=\"https:\/\/zxdoll.com\/wp-content\/uploads\/2023\/03\/spread-em-love-doll-z8k20-150x150.jpg\" class=\"attachment-thumbnail size-thumbnail\" alt=\"\" title=\"\"><\/a><\/li><li><a data-fancybox=\"gallery107\" href=\"https:\/\/zxdoll.com\/wp-content\/uploads\/2023\/03\/spread-em-love-doll-z8k21-533x800.jpg\" class=\"eig-popup\" title=\"\" data-caption=\"\" target=\"_blank\"><i class=\"icon-view\"><\/i><span class=\"overlay\"><\/span><img loading=\"lazy\" decoding=\"async\" width=\"150\" height=\"150\" src=\"https:\/\/zxdoll.com\/wp-content\/uploads\/2023\/03\/spread-em-love-doll-z8k21-150x150.jpg\" class=\"attachment-thumbnail size-thumbnail\" alt=\"\" title=\"\"><\/a><\/li><li><a data-fancybox=\"gallery107\" href=\"https:\/\/zxdoll.com\/wp-content\/uploads\/2023\/03\/spread-em-love-doll-z8k22-533x800.jpg\" class=\"eig-popup\" title=\"\" data-caption=\"\" target=\"_blank\"><i class=\"icon-view\"><\/i><span class=\"overlay\"><\/span><img loading=\"lazy\" decoding=\"async\" width=\"150\" height=\"150\" src=\"https:\/\/zxdoll.com\/wp-content\/uploads\/2023\/03\/spread-em-love-doll-z8k22-150x150.jpg\" class=\"attachment-thumbnail size-thumbnail\" alt=\"\" title=\"\"><\/a><\/li><li><a data-fancybox=\"gallery107\" href=\"https:\/\/zxdoll.com\/wp-content\/uploads\/2023\/03\/spread-em-love-doll-z8k23-533x800.jpg\" class=\"eig-popup\" title=\"\" data-caption=\"\" target=\"_blank\"><i class=\"icon-view\"><\/i><span class=\"overlay\"><\/span><img loading=\"lazy\" decoding=\"async\" width=\"150\" height=\"150\" src=\"https:\/\/zxdoll.com\/wp-content\/uploads\/2023\/03\/spread-em-love-doll-z8k23-150x150.jpg\" class=\"attachment-thumbnail size-thumbnail\" alt=\"\" title=\"\"><\/a><\/li><\/ul>\n<h4>Velikostn\u00ed tabulky<\/h4>\n<table width=\"269\">\n<tbody>\n<tr>\n<td width=\"130\">Materi\u00e1l<\/td>\n<td width=\"139\">TPE<\/td>\n<\/tr>\n<tr>\n<td>V\u00fd\u0161ka<\/td>\n<td>164 cm<\/td>\n<\/tr>\n<tr>\n<td>Prsa<\/td>\n<td>99 cm<\/td>\n<\/tr>\n<tr>\n<td>P\u00e1s<\/td>\n<td>62 cm<\/td>\n<\/tr>\n<tr>\n<td>Boky<\/td>\n<td>116 cm<\/td>\n<\/tr>\n<tr>\n<td>Rameno<\/td>\n<td>37 cm<\/td>\n<\/tr>\n<tr>\n<td>D\u00e9lka nohy<\/td>\n<td>71 cm<\/td>\n<\/tr>\n<tr>\n<td>D\u00e9lka pa\u017ee<\/td>\n<td>60 cm<\/td>\n<\/tr>\n<tr>\n<td>D\u00e9lka chodidla<\/td>\n<td>22 cm<\/td>\n<\/tr>\n<tr>\n<td>\u010cist\u00e1 hmotnost<\/td>\n<td>55 kg<\/td>\n<\/tr>\n<tr>\n<td>\u00dastn\u00ed hloubka<\/td>\n<td>12 cm<\/td>\n<\/tr>\n<tr>\n<td>Vagin\u00e1ln\u00ed hloubka<\/td>\n<td>22 cm<\/td>\n<\/tr>\n<tr>\n<td>An\u00e1ln\u00ed hloubka<\/td>\n<td>18 cm<\/td>\n<\/tr>\n<\/tbody>\n<\/table>\n<h4>O Sex Doll<\/h4>\n<p>M\u011bli byste vlastnit ka\u017ed\u00e9 pot\u011b\u0161en\u00ed p\u0159i ka\u017ed\u00e9 p\u0159\u00edle\u017eitosti, kter\u00e1 se v\u00e1m naskytne k milostn\u00e9mu sexu s va\u0161\u00ed realistickou milostnou panenkou. J\u00edzda na sexu\u00e1ln\u00edch panenk\u00e1ch m\u016f\u017ee b\u00fdt u\u017eite\u010dn\u00e1 z r\u016fzn\u00fdch d\u016fvod\u016f, a\u0165 u\u017e ona jede na v\u00e1s, nebo vy na n\u00ed, v\u00fdsledek je ze v\u0161eho nejd\u016fle\u017eit\u011bj\u0161\u00ed a vy si ur\u010dit\u011b u\u017eijete to nejlep\u0161\u00ed, kdy\u017e jste s panenkou l\u00e1sky.<\/p>\n<p>Nafouknut\u00e9 milostn\u00e9 panenky v\u00e1m dokonce usnad\u0148uj\u00ed skv\u011bl\u00fd sex, m\u016f\u017eete ji m\u00edt kdekoli a kdykoli v \u010dase, vzd\u00e1lenosti nebo v\u00e1\u0161 cestovn\u00ed pl\u00e1n u\u017e nen\u00ed p\u0159ek\u00e1\u017ekou. M\u016f\u017eete dokonce pokra\u010dovat ve v\u00fdm\u011bn\u011b hlavy sv\u00e9 sexu\u00e1ln\u00ed panenky. Hlavy panenek manek\u00fdn jsou v r\u016fzn\u00fdch barv\u00e1ch pleti a tvarech obli\u010deje, cokoliv chcete, nebo dokonce chcete-li speci\u00e1ln\u00ed p\u0159izp\u016fsoben\u00ed pro obli\u010dej va\u0161\u00ed panenky. Ply\u0161ov\u00e1 sexu\u00e1ln\u00ed panenka m\u00e1 ten nejlep\u0161\u00ed pocit z k\u016f\u017ee. Pocit a textura poko\u017eky jsou vytvo\u0159eny tak, aby v\u00e1m poskytly teplo a p\u00e9\u010di. Va\u0161e nohy milostn\u00e9 panenky by se mohly v\u011bnovat n\u011bjak\u00e9mu foot feti\u0161u a jin\u00fdm sexu\u00e1ln\u00edm prost\u0159edk\u016fm, na kter\u00e9 si vzpomenete.<\/p>\n<p>P\u0159em\u00fd\u0161leli jste n\u011bkdy nad t\u00edm, jak by vypadala VR zasran\u00e1 panenka nebo s n\u00ed interagovala? Jsme v dob\u011b, kdy sexu\u00e1ln\u00ed panenka p\u0159eb\u00edr\u00e1 trh a neust\u00e1le se zlep\u0161uje v technologii. VR fuck panenka je dal\u0161\u00ed nejlep\u0161\u00ed volbou.<\/p>","protected":false},"excerpt":{"rendered":"<p>Sex Doll Obr\u00e1zky Velikostn\u00ed tabulky Materi\u00e1l TPE V\u00fd\u0161ka 164 cm Prsa 99 cm Pas 62 cm Boky 116 cm Rameno 37 cm D\u00e9lka nohou 71 cm<\/p>","protected":false},"featured_media":22100,"comment_status":"open","ping_status":"closed","template":"","meta":[],"product_brand":[],"product_cat":[75,77,116,115,100,233,119],"product_tag":[],"class_list":{"0":"post-22085","1":"product","2":"type-product","3":"status-publish","4":"has-post-thumbnail","6":"product_cat-160cm-170cm-sex-dolls","7":"product_cat-bbw-sex-doll","8":"product_cat-big-boobs-sex-doll","9":"product_cat-big-booty-sex-doll","10":"product_cat-lifelike-love-dolls","11":"product_cat-over-51kg","12":"product_cat-tpe-sex-doll","13":"pa_brand-hr-doll","14":"tm-has-options","16":"first","17":"instock","18":"sale","19":"shipping-taxable","20":"purchasable","21":"product-type-simple"},"_links":{"self":[{"href":"https:\/\/zxdoll.com\/cs\/wp-json\/wp\/v2\/product\/22085","targetHints":{"allow":["GET"]}}],"collection":[{"href":"https:\/\/zxdoll.com\/cs\/wp-json\/wp\/v2\/product"}],"about":[{"href":"https:\/\/zxdoll.com\/cs\/wp-json\/wp\/v2\/types\/product"}],"replies":[{"embeddable":true,"href":"https:\/\/zxdoll.com\/cs\/wp-json\/wp\/v2\/comments?post=22085"}],"version-history":[{"count":1,"href":"https:\/\/zxdoll.com\/cs\/wp-json\/wp\/v2\/product\/22085\/revisions"}],"predecessor-version":[{"id":101347,"href":"https:\/\/zxdoll.com\/cs\/wp-json\/wp\/v2\/product\/22085\/revisions\/101347"}],"wp:featuredmedia":[{"embeddable":true,"href":"https:\/\/zxdoll.com\/cs\/wp-json\/wp\/v2\/media\/22100"}],"wp:attachment":[{"href":"https:\/\/zxdoll.com\/cs\/wp-json\/wp\/v2\/media?parent=22085"}],"wp:term":[{"taxonomy":"product_brand","embeddable":true,"href":"https:\/\/zxdoll.com\/cs\/wp-json\/wp\/v2\/product_brand?post=22085"},{"taxonomy":"product_cat","embeddable":true,"href":"https:\/\/zxdoll.com\/cs\/wp-json\/wp\/v2\/product_cat?post=22085"},{"taxonomy":"product_tag","embeddable":true,"href":"https:\/\/zxdoll.com\/cs\/wp-json\/wp\/v2\/product_tag?post=22085"}],"curies":[{"name":"wp","href":"https:\/\/api.w.org\/{rel}","templated":true}]}}