{"id":21994,"date":"2023-03-11T05:06:52","date_gmt":"2023-03-10T21:06:52","guid":{"rendered":"https:\/\/zxdoll.com\/?post_type=product&#038;p=21994"},"modified":"2025-09-10T23:26:55","modified_gmt":"2025-09-10T15:26:55","slug":"solid-big-ass-hentai-fuck-dolls-for-sale","status":"publish","type":"product","link":"https:\/\/zxdoll.com\/cs\/product\/solid-big-ass-hentai-fuck-dolls-for-sale\/","title":{"rendered":"Solid Big Ass Hentai Fuck Dolls na prodej Leese 162cm"},"content":{"rendered":"<h4><strong>Obr\u00e1zky Sex Doll<\/strong><\/h4>\n\t                <ul class=\"easy-image-gallery thumbnails-23 linked\">\r\n                    <li><a data-fancybox=\"gallery233\" href=\"https:\/\/zxdoll.com\/wp-content\/uploads\/2023\/03\/sex-doll-creampie-z8u1-533x800.jpg\" class=\"eig-popup\" title=\"\" data-caption=\"\" target=\"_blank\"><i class=\"icon-view\"><\/i><span class=\"overlay\"><\/span><img decoding=\"async\" width=\"150\" height=\"150\" src=\"https:\/\/zxdoll.com\/wp-content\/uploads\/2023\/03\/sex-doll-creampie-z8u1-150x150.jpg\" class=\"attachment-thumbnail size-thumbnail\" alt=\"\" title=\"\"><\/a><\/li><li><a data-fancybox=\"gallery233\" href=\"https:\/\/zxdoll.com\/wp-content\/uploads\/2023\/03\/sex-doll-creampie-z8u2-533x800.jpg\" class=\"eig-popup\" title=\"\" data-caption=\"\" target=\"_blank\"><i class=\"icon-view\"><\/i><span class=\"overlay\"><\/span><img decoding=\"async\" width=\"150\" height=\"150\" src=\"https:\/\/zxdoll.com\/wp-content\/uploads\/2023\/03\/sex-doll-creampie-z8u2-150x150.jpg\" class=\"attachment-thumbnail size-thumbnail\" alt=\"\" title=\"\"><\/a><\/li><li><a data-fancybox=\"gallery233\" href=\"https:\/\/zxdoll.com\/wp-content\/uploads\/2023\/03\/sex-doll-creampie-z8u3-1-533x800.jpg\" class=\"eig-popup\" title=\"\" data-caption=\"\" target=\"_blank\"><i class=\"icon-view\"><\/i><span class=\"overlay\"><\/span><img decoding=\"async\" width=\"150\" height=\"150\" src=\"https:\/\/zxdoll.com\/wp-content\/uploads\/2023\/03\/sex-doll-creampie-z8u3-1-150x150.jpg\" class=\"attachment-thumbnail size-thumbnail\" alt=\"\" title=\"\"><\/a><\/li><li><a data-fancybox=\"gallery233\" href=\"https:\/\/zxdoll.com\/wp-content\/uploads\/2023\/03\/sex-doll-creampie-z8u4-533x800.jpg\" class=\"eig-popup\" title=\"\" data-caption=\"\" target=\"_blank\"><i class=\"icon-view\"><\/i><span class=\"overlay\"><\/span><img loading=\"lazy\" decoding=\"async\" width=\"150\" height=\"150\" src=\"https:\/\/zxdoll.com\/wp-content\/uploads\/2023\/03\/sex-doll-creampie-z8u4-150x150.jpg\" class=\"attachment-thumbnail size-thumbnail\" alt=\"\" title=\"\"><\/a><\/li><li><a data-fancybox=\"gallery233\" href=\"https:\/\/zxdoll.com\/wp-content\/uploads\/2023\/03\/sex-doll-creampie-z8u5-533x800.jpg\" class=\"eig-popup\" title=\"\" data-caption=\"\" target=\"_blank\"><i class=\"icon-view\"><\/i><span class=\"overlay\"><\/span><img loading=\"lazy\" decoding=\"async\" width=\"150\" height=\"150\" src=\"https:\/\/zxdoll.com\/wp-content\/uploads\/2023\/03\/sex-doll-creampie-z8u5-150x150.jpg\" class=\"attachment-thumbnail size-thumbnail\" alt=\"\" title=\"\"><\/a><\/li><li><a data-fancybox=\"gallery233\" href=\"https:\/\/zxdoll.com\/wp-content\/uploads\/2023\/03\/sex-doll-creampie-z8u6-533x800.jpg\" class=\"eig-popup\" title=\"\" data-caption=\"\" target=\"_blank\"><i class=\"icon-view\"><\/i><span class=\"overlay\"><\/span><img loading=\"lazy\" decoding=\"async\" width=\"150\" height=\"150\" src=\"https:\/\/zxdoll.com\/wp-content\/uploads\/2023\/03\/sex-doll-creampie-z8u6-150x150.jpg\" class=\"attachment-thumbnail size-thumbnail\" alt=\"\" title=\"\"><\/a><\/li><li><a data-fancybox=\"gallery233\" href=\"https:\/\/zxdoll.com\/wp-content\/uploads\/2023\/03\/sex-doll-creampie-z8u7-533x800.jpg\" class=\"eig-popup\" title=\"\" data-caption=\"\" target=\"_blank\"><i class=\"icon-view\"><\/i><span class=\"overlay\"><\/span><img loading=\"lazy\" decoding=\"async\" width=\"150\" height=\"150\" src=\"https:\/\/zxdoll.com\/wp-content\/uploads\/2023\/03\/sex-doll-creampie-z8u7-150x150.jpg\" class=\"attachment-thumbnail size-thumbnail\" alt=\"\" title=\"\"><\/a><\/li><li><a data-fancybox=\"gallery233\" href=\"https:\/\/zxdoll.com\/wp-content\/uploads\/2023\/03\/sex-doll-creampie-z8u8.jpg\" class=\"eig-popup\" title=\"\" data-caption=\"\" target=\"_blank\"><i class=\"icon-view\"><\/i><span class=\"overlay\"><\/span><img loading=\"lazy\" decoding=\"async\" width=\"150\" height=\"150\" src=\"https:\/\/zxdoll.com\/wp-content\/uploads\/2023\/03\/sex-doll-creampie-z8u8-150x150.jpg\" class=\"attachment-thumbnail size-thumbnail\" alt=\"\" title=\"\"><\/a><\/li><li><a data-fancybox=\"gallery233\" href=\"https:\/\/zxdoll.com\/wp-content\/uploads\/2023\/03\/sex-doll-creampie-z8u9-533x800.jpg\" class=\"eig-popup\" title=\"\" data-caption=\"\" target=\"_blank\"><i class=\"icon-view\"><\/i><span class=\"overlay\"><\/span><img loading=\"lazy\" decoding=\"async\" width=\"150\" height=\"150\" src=\"https:\/\/zxdoll.com\/wp-content\/uploads\/2023\/03\/sex-doll-creampie-z8u9-150x150.jpg\" class=\"attachment-thumbnail size-thumbnail\" alt=\"\" title=\"\"><\/a><\/li><li><a data-fancybox=\"gallery233\" href=\"https:\/\/zxdoll.com\/wp-content\/uploads\/2023\/03\/sex-doll-creampie-z8u10-533x800.jpg\" class=\"eig-popup\" title=\"\" data-caption=\"\" target=\"_blank\"><i class=\"icon-view\"><\/i><span class=\"overlay\"><\/span><img loading=\"lazy\" decoding=\"async\" width=\"150\" height=\"150\" src=\"https:\/\/zxdoll.com\/wp-content\/uploads\/2023\/03\/sex-doll-creampie-z8u10-150x150.jpg\" class=\"attachment-thumbnail size-thumbnail\" alt=\"\" title=\"\"><\/a><\/li><li><a data-fancybox=\"gallery233\" href=\"https:\/\/zxdoll.com\/wp-content\/uploads\/2023\/03\/sex-doll-creampie-z8u11-533x800.jpg\" class=\"eig-popup\" title=\"\" data-caption=\"\" target=\"_blank\"><i class=\"icon-view\"><\/i><span class=\"overlay\"><\/span><img loading=\"lazy\" decoding=\"async\" width=\"150\" height=\"150\" src=\"https:\/\/zxdoll.com\/wp-content\/uploads\/2023\/03\/sex-doll-creampie-z8u11-150x150.jpg\" class=\"attachment-thumbnail size-thumbnail\" alt=\"\" title=\"\"><\/a><\/li><li><a data-fancybox=\"gallery233\" href=\"https:\/\/zxdoll.com\/wp-content\/uploads\/2023\/03\/sex-doll-creampie-z8u12-533x800.jpg\" class=\"eig-popup\" title=\"\" data-caption=\"\" target=\"_blank\"><i class=\"icon-view\"><\/i><span class=\"overlay\"><\/span><img loading=\"lazy\" decoding=\"async\" width=\"150\" height=\"150\" src=\"https:\/\/zxdoll.com\/wp-content\/uploads\/2023\/03\/sex-doll-creampie-z8u12-150x150.jpg\" class=\"attachment-thumbnail size-thumbnail\" alt=\"\" title=\"\"><\/a><\/li><li><a data-fancybox=\"gallery233\" href=\"https:\/\/zxdoll.com\/wp-content\/uploads\/2023\/03\/sex-doll-creampie-z8u13-533x800.jpg\" class=\"eig-popup\" title=\"\" data-caption=\"\" target=\"_blank\"><i class=\"icon-view\"><\/i><span class=\"overlay\"><\/span><img loading=\"lazy\" decoding=\"async\" width=\"150\" height=\"150\" src=\"https:\/\/zxdoll.com\/wp-content\/uploads\/2023\/03\/sex-doll-creampie-z8u13-150x150.jpg\" class=\"attachment-thumbnail size-thumbnail\" alt=\"\" title=\"\"><\/a><\/li><li><a data-fancybox=\"gallery233\" href=\"https:\/\/zxdoll.com\/wp-content\/uploads\/2023\/03\/sex-doll-creampie-z8u14-533x800.jpg\" class=\"eig-popup\" title=\"\" data-caption=\"\" target=\"_blank\"><i class=\"icon-view\"><\/i><span class=\"overlay\"><\/span><img loading=\"lazy\" decoding=\"async\" width=\"150\" height=\"150\" src=\"https:\/\/zxdoll.com\/wp-content\/uploads\/2023\/03\/sex-doll-creampie-z8u14-150x150.jpg\" class=\"attachment-thumbnail size-thumbnail\" alt=\"\" title=\"\"><\/a><\/li><li><a data-fancybox=\"gallery233\" href=\"https:\/\/zxdoll.com\/wp-content\/uploads\/2023\/03\/sex-doll-creampie-z8u15-533x800.jpg\" class=\"eig-popup\" title=\"\" data-caption=\"\" target=\"_blank\"><i class=\"icon-view\"><\/i><span class=\"overlay\"><\/span><img loading=\"lazy\" decoding=\"async\" width=\"150\" height=\"150\" src=\"https:\/\/zxdoll.com\/wp-content\/uploads\/2023\/03\/sex-doll-creampie-z8u15-150x150.jpg\" class=\"attachment-thumbnail size-thumbnail\" alt=\"\" title=\"\"><\/a><\/li><li><a data-fancybox=\"gallery233\" href=\"https:\/\/zxdoll.com\/wp-content\/uploads\/2023\/03\/sex-doll-creampie-z8u16-533x800.jpg\" class=\"eig-popup\" title=\"\" data-caption=\"\" target=\"_blank\"><i class=\"icon-view\"><\/i><span class=\"overlay\"><\/span><img loading=\"lazy\" decoding=\"async\" width=\"150\" height=\"150\" src=\"https:\/\/zxdoll.com\/wp-content\/uploads\/2023\/03\/sex-doll-creampie-z8u16-150x150.jpg\" class=\"attachment-thumbnail size-thumbnail\" alt=\"\" title=\"\"><\/a><\/li><li><a data-fancybox=\"gallery233\" href=\"https:\/\/zxdoll.com\/wp-content\/uploads\/2023\/03\/sex-doll-creampie-z8u17-533x800.jpg\" class=\"eig-popup\" title=\"\" data-caption=\"\" target=\"_blank\"><i class=\"icon-view\"><\/i><span class=\"overlay\"><\/span><img loading=\"lazy\" decoding=\"async\" width=\"150\" height=\"150\" src=\"https:\/\/zxdoll.com\/wp-content\/uploads\/2023\/03\/sex-doll-creampie-z8u17-150x150.jpg\" class=\"attachment-thumbnail size-thumbnail\" alt=\"\" title=\"\"><\/a><\/li><li><a data-fancybox=\"gallery233\" href=\"https:\/\/zxdoll.com\/wp-content\/uploads\/2023\/03\/sex-doll-creampie-z8u18.jpg\" class=\"eig-popup\" title=\"\" data-caption=\"\" target=\"_blank\"><i class=\"icon-view\"><\/i><span class=\"overlay\"><\/span><img loading=\"lazy\" decoding=\"async\" width=\"150\" height=\"150\" src=\"https:\/\/zxdoll.com\/wp-content\/uploads\/2023\/03\/sex-doll-creampie-z8u18-150x150.jpg\" class=\"attachment-thumbnail size-thumbnail\" alt=\"\" title=\"\"><\/a><\/li><li><a data-fancybox=\"gallery233\" href=\"https:\/\/zxdoll.com\/wp-content\/uploads\/2023\/03\/sex-doll-creampie-z8u19-533x800.jpg\" class=\"eig-popup\" title=\"\" data-caption=\"\" target=\"_blank\"><i class=\"icon-view\"><\/i><span class=\"overlay\"><\/span><img loading=\"lazy\" decoding=\"async\" width=\"150\" height=\"150\" src=\"https:\/\/zxdoll.com\/wp-content\/uploads\/2023\/03\/sex-doll-creampie-z8u19-150x150.jpg\" class=\"attachment-thumbnail size-thumbnail\" alt=\"\" title=\"\"><\/a><\/li><li><a data-fancybox=\"gallery233\" href=\"https:\/\/zxdoll.com\/wp-content\/uploads\/2023\/03\/sex-doll-creampie-z8u20-533x800.jpg\" class=\"eig-popup\" title=\"\" data-caption=\"\" target=\"_blank\"><i class=\"icon-view\"><\/i><span class=\"overlay\"><\/span><img loading=\"lazy\" decoding=\"async\" width=\"150\" height=\"150\" src=\"https:\/\/zxdoll.com\/wp-content\/uploads\/2023\/03\/sex-doll-creampie-z8u20-150x150.jpg\" class=\"attachment-thumbnail size-thumbnail\" alt=\"\" title=\"\"><\/a><\/li><li><a data-fancybox=\"gallery233\" href=\"https:\/\/zxdoll.com\/wp-content\/uploads\/2023\/03\/sex-doll-creampie-z8u21-533x800.jpg\" class=\"eig-popup\" title=\"\" data-caption=\"\" target=\"_blank\"><i class=\"icon-view\"><\/i><span class=\"overlay\"><\/span><img loading=\"lazy\" decoding=\"async\" width=\"150\" height=\"150\" src=\"https:\/\/zxdoll.com\/wp-content\/uploads\/2023\/03\/sex-doll-creampie-z8u21-150x150.jpg\" class=\"attachment-thumbnail size-thumbnail\" alt=\"\" title=\"\"><\/a><\/li><li><a data-fancybox=\"gallery233\" href=\"https:\/\/zxdoll.com\/wp-content\/uploads\/2023\/03\/sex-doll-creampie-z8u22.jpg\" class=\"eig-popup\" title=\"\" data-caption=\"\" target=\"_blank\"><i class=\"icon-view\"><\/i><span class=\"overlay\"><\/span><img loading=\"lazy\" decoding=\"async\" width=\"150\" height=\"150\" src=\"https:\/\/zxdoll.com\/wp-content\/uploads\/2023\/03\/sex-doll-creampie-z8u22-150x150.jpg\" class=\"attachment-thumbnail size-thumbnail\" alt=\"\" title=\"\"><\/a><\/li><li><a data-fancybox=\"gallery233\" href=\"https:\/\/zxdoll.com\/wp-content\/uploads\/2023\/03\/sex-doll-creampie-z8u23.jpg\" class=\"eig-popup\" title=\"\" data-caption=\"\" target=\"_blank\"><i class=\"icon-view\"><\/i><span class=\"overlay\"><\/span><img loading=\"lazy\" decoding=\"async\" width=\"150\" height=\"150\" src=\"https:\/\/zxdoll.com\/wp-content\/uploads\/2023\/03\/sex-doll-creampie-z8u23-150x150.jpg\" class=\"attachment-thumbnail size-thumbnail\" alt=\"\" title=\"\"><\/a><\/li><\/ul>\n<h4>Velikostn\u00ed tabulky<\/h4>\n<table width=\"269\">\n<tbody>\n<tr>\n<td width=\"130\">Materi\u00e1l<\/td>\n<td width=\"139\">TPE<\/td>\n<\/tr>\n<tr>\n<td>V\u00fd\u0161ka<\/td>\n<td>162 cm<\/td>\n<\/tr>\n<tr>\n<td>Prsa<\/td>\n<td>96 cm<\/td>\n<\/tr>\n<tr>\n<td>P\u00e1s<\/td>\n<td>55 cm<\/td>\n<\/tr>\n<tr>\n<td>Boky<\/td>\n<td>98 cm<\/td>\n<\/tr>\n<tr>\n<td>Rameno<\/td>\n<td>38 cm<\/td>\n<\/tr>\n<tr>\n<td>D\u00e9lka nohy<\/td>\n<td>77 cm<\/td>\n<\/tr>\n<tr>\n<td>D\u00e9lka pa\u017ee<\/td>\n<td>65 cm<\/td>\n<\/tr>\n<tr>\n<td>D\u00e9lka chodidla<\/td>\n<td>22 cm<\/td>\n<\/tr>\n<tr>\n<td>\u010cist\u00e1 hmotnost<\/td>\n<td>42 kg<\/td>\n<\/tr>\n<tr>\n<td>\u00dastn\u00ed hloubka<\/td>\n<td>12 cm<\/td>\n<\/tr>\n<tr>\n<td>Vagin\u00e1ln\u00ed hloubka<\/td>\n<td>22 cm<\/td>\n<\/tr>\n<tr>\n<td>An\u00e1ln\u00ed hloubka<\/td>\n<td>18 cm<\/td>\n<\/tr>\n<\/tbody>\n<\/table>\n<h4>O Sex Doll<\/h4>\n<p>Zasekli jste se u hentai vide\u00ed na dlouhou dobu? Nyn\u00ed je \u010das na va\u0161e osvobozen\u00ed a svobodu. Vlastnictv\u00ed hentai zasran\u00e9 panenky v\u00e1m d\u00e1 pokoj a budete muset procvi\u010dovat v\u0161e, co jste kdy sledovali, dokonce j\u00edt i n\u011bco nav\u00edc, zat\u00edmco s n\u00ed budete zkou\u0161et sv\u00e9 vytou\u017een\u00e9 nebo objeven\u00e9 pozice. Polotuh\u00e9 sexu\u00e1ln\u00ed panenky jsou vyrobeny t\u00edm spr\u00e1vn\u00fdm zp\u016fsobem. Spr\u00e1vn\u00fd zp\u016fsob, jak\u00fdm by k\u016f\u017ee m\u011bla c\u00edtit, a ten spr\u00e1vn\u00fd pocit, kter\u00fd byste m\u011bli m\u00edt, kdy\u017e na n\u00ed m\u00e1te svou holou k\u016f\u017ei, to v\u0161e m\u016f\u017eete bez p\u0159ek\u00e1\u017eek za\u017e\u00edt. Nen\u00ed \u017e\u00e1dn\u00fdm p\u0159ekvapen\u00edm, \u017ee na\u0161e milostn\u00e9 panenky p\u0159ich\u00e1zej\u00ed v r\u016fzn\u00fdch variant\u00e1ch, tvarech, barv\u00e1ch a podob\u00e1ch. Zde je tak\u00e9 sexu\u00e1ln\u00ed panenka s penisem. Znamen\u00e1 to m\u00edt v\u00edce z\u00e1bavy, sexu\u00e1ln\u00edch z\u00e1\u017eitk\u016f a tak\u00e9 dobr\u00e9ho kurva.<\/p>\n<p>\u0160ed\u00e1 sexu\u00e1ln\u00ed panenka Sasha je elegantn\u00ed kr\u00e1ska a je to 162cm sexu\u00e1ln\u00ed panenka. V\u00fd\u0161ka velk\u00e9 panenky pro sex zadek je dob\u0159e um\u00edst\u011bna, aby v\u00e1m poskytla ten nejlep\u0161\u00ed sex. M\u016f\u017eete ji m\u00edt v jak\u00e9koli poloze, kter\u00e1 v\u00e1m p\u0159ipad\u00e1 flexibiln\u00ed a d\u00e1v\u00e1 v\u00e1m volnost volnosti. Je dostate\u010dn\u011b flexibiln\u00ed, aby bez st\u00ed\u017enost\u00ed zast\u00e1vala r\u016fzn\u00e9 pozice.<\/p>","protected":false},"excerpt":{"rendered":"<p>Sex Doll Obr\u00e1zky Velikostn\u00ed tabulky Materi\u00e1l TPE V\u00fd\u0161ka 162 cm Prsa 96 cm Pas 55 cm Boky 98 cm Rameno 38 cm D\u00e9lka nohou 77 cm<\/p>","protected":false},"featured_media":22010,"comment_status":"open","ping_status":"closed","template":"","meta":[],"product_brand":[],"product_cat":[75,231,116,115,100,119],"product_tag":[],"class_list":{"0":"post-21994","1":"product","2":"type-product","3":"status-publish","4":"has-post-thumbnail","6":"product_cat-160cm-170cm-sex-dolls","7":"product_cat-41kg-45kg","8":"product_cat-big-boobs-sex-doll","9":"product_cat-big-booty-sex-doll","10":"product_cat-lifelike-love-dolls","11":"product_cat-tpe-sex-doll","12":"pa_brand-hr-doll","13":"tm-has-options","15":"first","16":"instock","17":"sale","18":"shipping-taxable","19":"purchasable","20":"product-type-simple"},"_links":{"self":[{"href":"https:\/\/zxdoll.com\/cs\/wp-json\/wp\/v2\/product\/21994","targetHints":{"allow":["GET"]}}],"collection":[{"href":"https:\/\/zxdoll.com\/cs\/wp-json\/wp\/v2\/product"}],"about":[{"href":"https:\/\/zxdoll.com\/cs\/wp-json\/wp\/v2\/types\/product"}],"replies":[{"embeddable":true,"href":"https:\/\/zxdoll.com\/cs\/wp-json\/wp\/v2\/comments?post=21994"}],"version-history":[{"count":1,"href":"https:\/\/zxdoll.com\/cs\/wp-json\/wp\/v2\/product\/21994\/revisions"}],"predecessor-version":[{"id":101297,"href":"https:\/\/zxdoll.com\/cs\/wp-json\/wp\/v2\/product\/21994\/revisions\/101297"}],"wp:featuredmedia":[{"embeddable":true,"href":"https:\/\/zxdoll.com\/cs\/wp-json\/wp\/v2\/media\/22010"}],"wp:attachment":[{"href":"https:\/\/zxdoll.com\/cs\/wp-json\/wp\/v2\/media?parent=21994"}],"wp:term":[{"taxonomy":"product_brand","embeddable":true,"href":"https:\/\/zxdoll.com\/cs\/wp-json\/wp\/v2\/product_brand?post=21994"},{"taxonomy":"product_cat","embeddable":true,"href":"https:\/\/zxdoll.com\/cs\/wp-json\/wp\/v2\/product_cat?post=21994"},{"taxonomy":"product_tag","embeddable":true,"href":"https:\/\/zxdoll.com\/cs\/wp-json\/wp\/v2\/product_tag?post=21994"}],"curies":[{"name":"wp","href":"https:\/\/api.w.org\/{rel}","templated":true}]}}