{"id":20225,"date":"2023-03-04T13:40:02","date_gmt":"2023-03-04T05:40:02","guid":{"rendered":"https:\/\/zxdoll.com\/?post_type=product&#038;p=20225"},"modified":"2025-09-08T22:48:35","modified_gmt":"2025-09-08T14:48:35","slug":"realistic-fucking-adult-female-sex-doll","status":"publish","type":"product","link":"https:\/\/zxdoll.com\/cs\/product\/realistic-fucking-adult-female-sex-doll\/","title":{"rendered":"Realistick\u00e1 zkurven\u00e1 panenka pro dosp\u011bl\u00e9 \u017eeny Lola 168 cm"},"content":{"rendered":"<h4><strong>Obr\u00e1zky Sex Doll<\/strong><\/h4>\n\t                <ul class=\"easy-image-gallery thumbnails-15 linked\">\r\n                    <li><a data-fancybox=\"gallery472\" href=\"https:\/\/zxdoll.com\/wp-content\/uploads\/2023\/03\/hyper-real-dolls-k51-533x800.jpg\" class=\"eig-popup\" title=\"\" data-caption=\"\" target=\"_blank\"><i class=\"icon-view\"><\/i><span class=\"overlay\"><\/span><img decoding=\"async\" width=\"150\" height=\"150\" src=\"https:\/\/zxdoll.com\/wp-content\/uploads\/2023\/03\/hyper-real-dolls-k51-150x150.jpg\" class=\"attachment-thumbnail size-thumbnail\" alt=\"\" title=\"\"><\/a><\/li><li><a data-fancybox=\"gallery472\" href=\"https:\/\/zxdoll.com\/wp-content\/uploads\/2023\/03\/hyper-real-dolls-k52-533x800.jpg\" class=\"eig-popup\" title=\"\" data-caption=\"\" target=\"_blank\"><i class=\"icon-view\"><\/i><span class=\"overlay\"><\/span><img decoding=\"async\" width=\"150\" height=\"150\" src=\"https:\/\/zxdoll.com\/wp-content\/uploads\/2023\/03\/hyper-real-dolls-k52-150x150.jpg\" class=\"attachment-thumbnail size-thumbnail\" alt=\"\" title=\"\"><\/a><\/li><li><a data-fancybox=\"gallery472\" href=\"https:\/\/zxdoll.com\/wp-content\/uploads\/2023\/03\/hyper-real-dolls-k54-533x800.jpg\" class=\"eig-popup\" title=\"\" data-caption=\"\" target=\"_blank\"><i class=\"icon-view\"><\/i><span class=\"overlay\"><\/span><img decoding=\"async\" width=\"150\" height=\"150\" src=\"https:\/\/zxdoll.com\/wp-content\/uploads\/2023\/03\/hyper-real-dolls-k54-150x150.jpg\" class=\"attachment-thumbnail size-thumbnail\" alt=\"\" title=\"\"><\/a><\/li><li><a data-fancybox=\"gallery472\" href=\"https:\/\/zxdoll.com\/wp-content\/uploads\/2023\/03\/hyper-real-dolls-k55-533x800.jpg\" class=\"eig-popup\" title=\"\" data-caption=\"\" target=\"_blank\"><i class=\"icon-view\"><\/i><span class=\"overlay\"><\/span><img loading=\"lazy\" decoding=\"async\" width=\"150\" height=\"150\" src=\"https:\/\/zxdoll.com\/wp-content\/uploads\/2023\/03\/hyper-real-dolls-k55-150x150.jpg\" class=\"attachment-thumbnail size-thumbnail\" alt=\"\" title=\"\"><\/a><\/li><li><a data-fancybox=\"gallery472\" href=\"https:\/\/zxdoll.com\/wp-content\/uploads\/2023\/03\/hyper-real-dolls-k57-533x800.jpg\" class=\"eig-popup\" title=\"\" data-caption=\"\" target=\"_blank\"><i class=\"icon-view\"><\/i><span class=\"overlay\"><\/span><img loading=\"lazy\" decoding=\"async\" width=\"150\" height=\"150\" src=\"https:\/\/zxdoll.com\/wp-content\/uploads\/2023\/03\/hyper-real-dolls-k57-150x150.jpg\" class=\"attachment-thumbnail size-thumbnail\" alt=\"\" title=\"\"><\/a><\/li><li><a data-fancybox=\"gallery472\" href=\"https:\/\/zxdoll.com\/wp-content\/uploads\/2023\/03\/hyper-real-dolls-k59-533x800.jpg\" class=\"eig-popup\" title=\"\" data-caption=\"\" target=\"_blank\"><i class=\"icon-view\"><\/i><span class=\"overlay\"><\/span><img loading=\"lazy\" decoding=\"async\" width=\"150\" height=\"150\" src=\"https:\/\/zxdoll.com\/wp-content\/uploads\/2023\/03\/hyper-real-dolls-k59-150x150.jpg\" class=\"attachment-thumbnail size-thumbnail\" alt=\"\" title=\"\"><\/a><\/li><li><a data-fancybox=\"gallery472\" href=\"https:\/\/zxdoll.com\/wp-content\/uploads\/2023\/03\/hyper-real-dolls-k510-533x800.jpg\" class=\"eig-popup\" title=\"\" data-caption=\"\" target=\"_blank\"><i class=\"icon-view\"><\/i><span class=\"overlay\"><\/span><img loading=\"lazy\" decoding=\"async\" width=\"150\" height=\"150\" src=\"https:\/\/zxdoll.com\/wp-content\/uploads\/2023\/03\/hyper-real-dolls-k510-150x150.jpg\" class=\"attachment-thumbnail size-thumbnail\" alt=\"\" title=\"\"><\/a><\/li><li><a data-fancybox=\"gallery472\" href=\"https:\/\/zxdoll.com\/wp-content\/uploads\/2023\/03\/hyper-real-dolls-k511-533x800.jpg\" class=\"eig-popup\" title=\"\" data-caption=\"\" target=\"_blank\"><i class=\"icon-view\"><\/i><span class=\"overlay\"><\/span><img loading=\"lazy\" decoding=\"async\" width=\"150\" height=\"150\" src=\"https:\/\/zxdoll.com\/wp-content\/uploads\/2023\/03\/hyper-real-dolls-k511-150x150.jpg\" class=\"attachment-thumbnail size-thumbnail\" alt=\"\" title=\"\"><\/a><\/li><li><a data-fancybox=\"gallery472\" href=\"https:\/\/zxdoll.com\/wp-content\/uploads\/2023\/03\/hyper-real-dolls-k512-533x800.jpg\" class=\"eig-popup\" title=\"\" data-caption=\"\" target=\"_blank\"><i class=\"icon-view\"><\/i><span class=\"overlay\"><\/span><img loading=\"lazy\" decoding=\"async\" width=\"150\" height=\"150\" src=\"https:\/\/zxdoll.com\/wp-content\/uploads\/2023\/03\/hyper-real-dolls-k512-150x150.jpg\" class=\"attachment-thumbnail size-thumbnail\" alt=\"\" title=\"\"><\/a><\/li><li><a data-fancybox=\"gallery472\" href=\"https:\/\/zxdoll.com\/wp-content\/uploads\/2023\/03\/hyper-real-dolls-k513-533x800.jpg\" class=\"eig-popup\" title=\"\" data-caption=\"\" target=\"_blank\"><i class=\"icon-view\"><\/i><span class=\"overlay\"><\/span><img loading=\"lazy\" decoding=\"async\" width=\"150\" height=\"150\" src=\"https:\/\/zxdoll.com\/wp-content\/uploads\/2023\/03\/hyper-real-dolls-k513-150x150.jpg\" class=\"attachment-thumbnail size-thumbnail\" alt=\"\" title=\"\"><\/a><\/li><li><a data-fancybox=\"gallery472\" href=\"https:\/\/zxdoll.com\/wp-content\/uploads\/2023\/03\/hyper-real-dolls-k514-533x800.jpg\" class=\"eig-popup\" title=\"\" data-caption=\"\" target=\"_blank\"><i class=\"icon-view\"><\/i><span class=\"overlay\"><\/span><img loading=\"lazy\" decoding=\"async\" width=\"150\" height=\"150\" src=\"https:\/\/zxdoll.com\/wp-content\/uploads\/2023\/03\/hyper-real-dolls-k514-150x150.jpg\" class=\"attachment-thumbnail size-thumbnail\" alt=\"\" title=\"\"><\/a><\/li><li><a data-fancybox=\"gallery472\" href=\"https:\/\/zxdoll.com\/wp-content\/uploads\/2023\/03\/hyper-real-dolls-k515-533x800.jpg\" class=\"eig-popup\" title=\"\" data-caption=\"\" target=\"_blank\"><i class=\"icon-view\"><\/i><span class=\"overlay\"><\/span><img loading=\"lazy\" decoding=\"async\" width=\"150\" height=\"150\" src=\"https:\/\/zxdoll.com\/wp-content\/uploads\/2023\/03\/hyper-real-dolls-k515-150x150.jpg\" class=\"attachment-thumbnail size-thumbnail\" alt=\"\" title=\"\"><\/a><\/li><li><a data-fancybox=\"gallery472\" href=\"https:\/\/zxdoll.com\/wp-content\/uploads\/2023\/03\/hyper-real-dolls-k516-533x800.jpg\" class=\"eig-popup\" title=\"\" data-caption=\"\" target=\"_blank\"><i class=\"icon-view\"><\/i><span class=\"overlay\"><\/span><img loading=\"lazy\" decoding=\"async\" width=\"150\" height=\"150\" src=\"https:\/\/zxdoll.com\/wp-content\/uploads\/2023\/03\/hyper-real-dolls-k516-150x150.jpg\" class=\"attachment-thumbnail size-thumbnail\" alt=\"\" title=\"\"><\/a><\/li><li><a data-fancybox=\"gallery472\" href=\"https:\/\/zxdoll.com\/wp-content\/uploads\/2023\/03\/hyper-real-dolls-k517-533x800.jpg\" class=\"eig-popup\" title=\"\" data-caption=\"\" target=\"_blank\"><i class=\"icon-view\"><\/i><span class=\"overlay\"><\/span><img loading=\"lazy\" decoding=\"async\" width=\"150\" height=\"150\" src=\"https:\/\/zxdoll.com\/wp-content\/uploads\/2023\/03\/hyper-real-dolls-k517-150x150.jpg\" class=\"attachment-thumbnail size-thumbnail\" alt=\"\" title=\"\"><\/a><\/li><li><a data-fancybox=\"gallery472\" href=\"https:\/\/zxdoll.com\/wp-content\/uploads\/2023\/03\/hyper-real-dolls-k518-533x800.jpg\" class=\"eig-popup\" title=\"\" data-caption=\"\" target=\"_blank\"><i class=\"icon-view\"><\/i><span class=\"overlay\"><\/span><img loading=\"lazy\" decoding=\"async\" width=\"150\" height=\"150\" src=\"https:\/\/zxdoll.com\/wp-content\/uploads\/2023\/03\/hyper-real-dolls-k518-150x150.jpg\" class=\"attachment-thumbnail size-thumbnail\" alt=\"\" title=\"\"><\/a><\/li><\/ul>\n<h4>Velikostn\u00ed tabulky<\/h4>\n<table width=\"384\">\n<tbody>\n<tr>\n<td width=\"173\">Materi\u00e1l<\/td>\n<td width=\"139\">TPE<\/td>\n<\/tr>\n<tr>\n<td width=\"173\">V\u00fd\u0161ka<\/td>\n<td width=\"139\">168 cm<\/td>\n<\/tr>\n<tr>\n<td>poprs\u00ed<\/td>\n<td>80 cm<\/td>\n<\/tr>\n<tr>\n<td>Dol\u016f poprs\u00ed<\/td>\n<td>62 cm<\/td>\n<\/tr>\n<tr>\n<td>Boky<\/td>\n<td>92 cm<\/td>\n<\/tr>\n<tr>\n<td>P\u00e1s<\/td>\n<td>52 cm<\/td>\n<\/tr>\n<tr>\n<td>Rameno<\/td>\n<td>37 cm<\/td>\n<\/tr>\n<tr>\n<td>D\u00e9lka pa\u017ee<\/td>\n<td>68 cm<\/td>\n<\/tr>\n<tr>\n<td>D\u00e9lka ruky<\/td>\n<td>15 cm<\/td>\n<\/tr>\n<tr>\n<td>D\u00e9lka nohy<\/td>\n<td>90 cm<\/td>\n<\/tr>\n<tr>\n<td>\u00dastn\u00ed<\/td>\n<td>12 cm<\/td>\n<\/tr>\n<tr>\n<td>Vagin\u00e1ln\u00ed<\/td>\n<td>22 cm<\/td>\n<\/tr>\n<tr>\n<td>\u0158itn\u00ed otvor<\/td>\n<td>14 cm<\/td>\n<\/tr>\n<tr>\n<td>D\u00e9lka chodidla<\/td>\n<td>23 cm<\/td>\n<\/tr>\n<tr>\n<td>Obvod krku<\/td>\n<td>28 cm<\/td>\n<\/tr>\n<tr>\n<td>\u010cist\u00e1 hmotnost<\/td>\n<td>33 kg<\/td>\n<\/tr>\n<\/tbody>\n<\/table>\n<h4>O Sex Doll<\/h4>\n<p>Nem\u00e1te dokonal\u00fd model pro focen\u00ed nebo v\u00fdstavu. Mo\u017en\u00e1 pot\u0159ebujete dokonal\u00fd model, kter\u00fd m\u016f\u017eete polohovat v r\u016fzn\u00fdch p\u00f3z\u00e1ch a p\u0159itom vypadat perfektn\u011b pro to, co chcete. Dosp\u011bl\u00e1 skute\u010dn\u00e1 panenka je perfektn\u00ed volbou, pro kterou se m\u016f\u017eete rozhodnout. Tyto skute\u010dn\u00e9 d\u00edv\u010d\u00ed sexu\u00e1ln\u00ed panenky jsou vyrobeny tak, aby vypadaly okouzluj\u00edc\u00ed a kr\u00e1sn\u00e9, neodolateln\u00e9 pro o\u010di a nebylo mo\u017en\u00e9 je ignorovat. M\u016f\u017eete ji obl\u00e9knout tak, aby vypadala jako ko\u010di\u010dka, a do l\u00e1kav\u00fdch \u0161at\u016f, kter\u00e9 v n\u00ed vyniknou vnit\u0159n\u00ed kr\u00e1su.<\/p>\n<p>Sexu\u00e1ln\u00ed panenky ve skute\u010dn\u00e9 velikosti, jako je Cathy, jsou to prav\u00e9 a o\u017eiv\u00ed va\u0161i p\u0159edstavivost. M\u011bli byste zv\u00e1\u017eit jejich kontrolu. Tyto \u017eensk\u00e9 panenky l\u00e1sky jsou na prodej a jsou p\u0159ipraveny p\u0159in\u00e9st v\u00e1m v\u0161echnu l\u00e1sku. Moment\u00e1ln\u011b jsou to nejprod\u00e1van\u011bj\u0161\u00ed panenky l\u00e1sky. Prostor postupn\u011b p\u0159eb\u00edraj\u00ed milostn\u00e9 panenky, kter\u00e9 se daj\u00ed pou\u017e\u00edt na filmy.<\/p>\n<p>Dob\u0159e reprezentuj\u00ed modely ve filmech a dokonce i ve fotografii. M\u016f\u017eete ji obl\u00e9knout a ud\u011blat si s n\u00ed hezk\u00e9 obr\u00e1zky sladk\u00e9 chv\u00edle. Vyrovnejte hru, aby se stala realistick\u00fdm videem se sexu\u00e1ln\u00ed panenkou, a to by bylo hezk\u00e9<\/p>\n<p>Jedn\u00e1 se o nejl\u00e9pe hodnocen\u00e9 dosp\u011bl\u00e9 skute\u010dn\u00e9 panenky, kter\u00e9 pros\u00ed o va\u0161i pozornost; po koupi toho mus\u00edte ud\u011blat jen m\u00e1lo, krom\u011b \u0161uk\u00e1n\u00ed dosp\u011bl\u00e9 \u017eensk\u00e9 panenky. M\u016f\u017eete si ji upravit tak, aby vyhovovala va\u0161emu vkusu, a ka\u017edou dal\u0161\u00ed v\u011bc, kter\u00e1 v\u00e1s napadne, s n\u00ed ud\u011blat, aby v\u00e1s mohla pot\u011b\u0161it.<\/p>","protected":false},"excerpt":{"rendered":"<p>Sex Doll Obr\u00e1zky Velikostn\u00ed tabulky Materi\u00e1l TPE V\u00fd\u0161ka 168 cm Prsa 80 cm Spodn\u00ed prsa 62 cm Boky 92 cm Pas 52 cm Rameno 37 cm<\/p>","protected":false},"featured_media":20226,"comment_status":"open","ping_status":"closed","template":"","meta":[],"product_brand":[],"product_cat":[75,229,98,107,117,119],"product_tag":[],"class_list":{"0":"post-20225","1":"product","2":"type-product","3":"status-publish","4":"has-post-thumbnail","6":"product_cat-160cm-170cm-sex-dolls","7":"product_cat-31kg-35kg","8":"product_cat-realistic-sex-dolls","9":"product_cat-skinny-sex-dolls","10":"product_cat-small-breast-sex-doll","11":"product_cat-tpe-sex-doll","12":"pa_brand-as-doll","13":"tm-has-options","15":"first","16":"instock","17":"sale","18":"shipping-taxable","19":"purchasable","20":"product-type-simple"},"_links":{"self":[{"href":"https:\/\/zxdoll.com\/cs\/wp-json\/wp\/v2\/product\/20225","targetHints":{"allow":["GET"]}}],"collection":[{"href":"https:\/\/zxdoll.com\/cs\/wp-json\/wp\/v2\/product"}],"about":[{"href":"https:\/\/zxdoll.com\/cs\/wp-json\/wp\/v2\/types\/product"}],"replies":[{"embeddable":true,"href":"https:\/\/zxdoll.com\/cs\/wp-json\/wp\/v2\/comments?post=20225"}],"version-history":[{"count":1,"href":"https:\/\/zxdoll.com\/cs\/wp-json\/wp\/v2\/product\/20225\/revisions"}],"predecessor-version":[{"id":197672,"href":"https:\/\/zxdoll.com\/cs\/wp-json\/wp\/v2\/product\/20225\/revisions\/197672"}],"wp:featuredmedia":[{"embeddable":true,"href":"https:\/\/zxdoll.com\/cs\/wp-json\/wp\/v2\/media\/20226"}],"wp:attachment":[{"href":"https:\/\/zxdoll.com\/cs\/wp-json\/wp\/v2\/media?parent=20225"}],"wp:term":[{"taxonomy":"product_brand","embeddable":true,"href":"https:\/\/zxdoll.com\/cs\/wp-json\/wp\/v2\/product_brand?post=20225"},{"taxonomy":"product_cat","embeddable":true,"href":"https:\/\/zxdoll.com\/cs\/wp-json\/wp\/v2\/product_cat?post=20225"},{"taxonomy":"product_tag","embeddable":true,"href":"https:\/\/zxdoll.com\/cs\/wp-json\/wp\/v2\/product_tag?post=20225"}],"curies":[{"name":"wp","href":"https:\/\/api.w.org\/{rel}","templated":true}]}}