{"id":20194,"date":"2023-03-04T13:27:37","date_gmt":"2023-03-04T05:27:37","guid":{"rendered":"https:\/\/zxdoll.com\/?post_type=product&#038;p=20194"},"modified":"2025-09-08T22:48:27","modified_gmt":"2025-09-08T14:48:27","slug":"most-lifelike-girl-russian-adult-dolls","status":"publish","type":"product","link":"https:\/\/zxdoll.com\/cs\/product\/most-lifelike-girl-russian-adult-dolls\/","title":{"rendered":"Nejrealisti\u010dt\u011bj\u0161\u00ed rusk\u00e1 panenka pro dosp\u011bl\u00e9 Eden 168 cm"},"content":{"rendered":"<h4><strong>Obr\u00e1zky Sex Doll<\/strong><\/h4>\n\t                <ul class=\"easy-image-gallery thumbnails-7 linked\">\r\n                    <li><a data-fancybox=\"gallery472\" href=\"https:\/\/zxdoll.com\/wp-content\/uploads\/2023\/03\/uk-sex-doll-k69-533x800.jpg\" class=\"eig-popup\" title=\"\" data-caption=\"\" target=\"_blank\"><i class=\"icon-view\"><\/i><span class=\"overlay\"><\/span><img decoding=\"async\" width=\"150\" height=\"150\" src=\"https:\/\/zxdoll.com\/wp-content\/uploads\/2023\/03\/uk-sex-doll-k69-150x150.jpg\" class=\"attachment-thumbnail size-thumbnail\" alt=\"\" title=\"\"><\/a><\/li><li><a data-fancybox=\"gallery472\" href=\"https:\/\/zxdoll.com\/wp-content\/uploads\/2023\/03\/uk-sex-doll-k610-533x800.jpg\" class=\"eig-popup\" title=\"\" data-caption=\"\" target=\"_blank\"><i class=\"icon-view\"><\/i><span class=\"overlay\"><\/span><img decoding=\"async\" width=\"150\" height=\"150\" src=\"https:\/\/zxdoll.com\/wp-content\/uploads\/2023\/03\/uk-sex-doll-k610-150x150.jpg\" class=\"attachment-thumbnail size-thumbnail\" alt=\"\" title=\"\"><\/a><\/li><li><a data-fancybox=\"gallery472\" href=\"https:\/\/zxdoll.com\/wp-content\/uploads\/2023\/03\/uk-sex-doll-k611-533x800.jpg\" class=\"eig-popup\" title=\"\" data-caption=\"\" target=\"_blank\"><i class=\"icon-view\"><\/i><span class=\"overlay\"><\/span><img decoding=\"async\" width=\"150\" height=\"150\" src=\"https:\/\/zxdoll.com\/wp-content\/uploads\/2023\/03\/uk-sex-doll-k611-150x150.jpg\" class=\"attachment-thumbnail size-thumbnail\" alt=\"\" title=\"\"><\/a><\/li><li><a data-fancybox=\"gallery472\" href=\"https:\/\/zxdoll.com\/wp-content\/uploads\/2023\/03\/uk-sex-doll-k612.jpg\" class=\"eig-popup\" title=\"\" data-caption=\"\" target=\"_blank\"><i class=\"icon-view\"><\/i><span class=\"overlay\"><\/span><img loading=\"lazy\" decoding=\"async\" width=\"100\" height=\"150\" src=\"https:\/\/zxdoll.com\/wp-content\/uploads\/2023\/03\/uk-sex-doll-k612.jpg\" class=\"attachment-thumbnail size-thumbnail\" alt=\"\" title=\"\"><\/a><\/li><li><a data-fancybox=\"gallery472\" href=\"https:\/\/zxdoll.com\/wp-content\/uploads\/2023\/03\/uk-sex-doll-k613-533x800.jpg\" class=\"eig-popup\" title=\"\" data-caption=\"\" target=\"_blank\"><i class=\"icon-view\"><\/i><span class=\"overlay\"><\/span><img loading=\"lazy\" decoding=\"async\" width=\"150\" height=\"150\" src=\"https:\/\/zxdoll.com\/wp-content\/uploads\/2023\/03\/uk-sex-doll-k613-150x150.jpg\" class=\"attachment-thumbnail size-thumbnail\" alt=\"\" title=\"\"><\/a><\/li><li><a data-fancybox=\"gallery472\" href=\"https:\/\/zxdoll.com\/wp-content\/uploads\/2023\/03\/uk-sex-doll-k614-533x800.jpg\" class=\"eig-popup\" title=\"\" data-caption=\"\" target=\"_blank\"><i class=\"icon-view\"><\/i><span class=\"overlay\"><\/span><img loading=\"lazy\" decoding=\"async\" width=\"150\" height=\"150\" src=\"https:\/\/zxdoll.com\/wp-content\/uploads\/2023\/03\/uk-sex-doll-k614-150x150.jpg\" class=\"attachment-thumbnail size-thumbnail\" alt=\"\" title=\"\"><\/a><\/li><li><a data-fancybox=\"gallery472\" href=\"https:\/\/zxdoll.com\/wp-content\/uploads\/2023\/03\/uk-sex-doll-k615-533x800.jpg\" class=\"eig-popup\" title=\"\" data-caption=\"\" target=\"_blank\"><i class=\"icon-view\"><\/i><span class=\"overlay\"><\/span><img loading=\"lazy\" decoding=\"async\" width=\"150\" height=\"150\" src=\"https:\/\/zxdoll.com\/wp-content\/uploads\/2023\/03\/uk-sex-doll-k615-150x150.jpg\" class=\"attachment-thumbnail size-thumbnail\" alt=\"\" title=\"\"><\/a><\/li><\/ul>\n<h4>Velikostn\u00ed tabulky<\/h4>\n<table width=\"384\">\n<tbody>\n<tr>\n<td width=\"173\">Materi\u00e1l<\/td>\n<td width=\"139\">TPE<\/td>\n<\/tr>\n<tr>\n<td width=\"173\">V\u00fd\u0161ka<\/td>\n<td width=\"139\">168 cm<\/td>\n<\/tr>\n<tr>\n<td>poprs\u00ed<\/td>\n<td>80 cm<\/td>\n<\/tr>\n<tr>\n<td>Dol\u016f poprs\u00ed<\/td>\n<td>62 cm<\/td>\n<\/tr>\n<tr>\n<td>Boky<\/td>\n<td>92 cm<\/td>\n<\/tr>\n<tr>\n<td>P\u00e1s<\/td>\n<td>52 cm<\/td>\n<\/tr>\n<tr>\n<td>Rameno<\/td>\n<td>37 cm<\/td>\n<\/tr>\n<tr>\n<td>D\u00e9lka pa\u017ee<\/td>\n<td>68 cm<\/td>\n<\/tr>\n<tr>\n<td>D\u00e9lka ruky<\/td>\n<td>15 cm<\/td>\n<\/tr>\n<tr>\n<td>D\u00e9lka nohy<\/td>\n<td>90 cm<\/td>\n<\/tr>\n<tr>\n<td>\u00dastn\u00ed<\/td>\n<td>12 cm<\/td>\n<\/tr>\n<tr>\n<td>Vagin\u00e1ln\u00ed<\/td>\n<td>22 cm<\/td>\n<\/tr>\n<tr>\n<td>\u0158itn\u00ed otvor<\/td>\n<td>14 cm<\/td>\n<\/tr>\n<tr>\n<td>D\u00e9lka chodidla<\/td>\n<td>23 cm<\/td>\n<\/tr>\n<tr>\n<td>Obvod krku<\/td>\n<td>28 cm<\/td>\n<\/tr>\n<tr>\n<td>\u010cist\u00e1 hmotnost<\/td>\n<td>33 kg<\/td>\n<\/tr>\n<\/tbody>\n<\/table>\n<h4>O Sex Doll<\/h4>\n<p>Dal\u0161\u00edm p\u0159ekvapen\u00edm panenky l\u00e1sky, kterou m\u00e1me v z\u00e1sob\u011b, jsou rusk\u00e9 panenky pro dosp\u011bl\u00e9. Neexistuje \u017e\u00e1dn\u00fd limit pro to, jakou realistickou silikonovou panenku m\u016f\u017eete m\u00edt. To znamen\u00e1, \u017ee si m\u016f\u017eete vybrat, co chcete, a p\u0159idat sv\u00e9 speci\u00e1ln\u00ed funkce. Realistick\u00e9 panenky z TPE jsou nov\u00fdm \u0159e\u0161en\u00edm a jsou vyrobeny tak, aby byly tak dobr\u00e9 v sexu, \u017ee m\u016f\u017eete vyu\u017e\u00edt kter\u00fdkoli z otvor\u016f, abyste si dop\u0159\u00e1li uklid\u0148uj\u00edc\u00ed uspokojen\u00ed. Vyu\u017eijte jejich hladkou k\u016f\u017ei, hebk\u00e1 \u0148adra, pevnou kundi\u010dku a dokonale tvarovan\u00fd zadek, kter\u00fd lze p\u0159i sexu napl\u00e1cat zezadu.<\/p>\n<p>D\u00edky tvrd\u00e9 pr\u00e1ci a skv\u011bl\u00e9 pracovn\u00ed etice je sv\u011bt pln\u00fd rozmanit\u00fdch sexu\u00e1ln\u00edch panenek, kter\u00e9 vypadaj\u00ed jako \u017eiv\u00e9. Tak\u017ee nem\u00e1te omluvu, pro\u010d nevlastn\u00edte jednu z t\u011bchto \u017eiv\u00fdch sexu\u00e1ln\u00edch panenek. Skute\u010dn\u00e1 d\u00edv\u010d\u00ed sexu\u00e1ln\u00ed panenka od v\u00e1s o\u010dek\u00e1v\u00e1, \u017ee se p\u0159ihl\u00e1s\u00edte a budete ji m\u00edt celou pro sebe. Va\u0161e sexu\u00e1ln\u00ed uspokojen\u00ed by pro v\u00e1s m\u011blo b\u00fdt prioritou, stejn\u011b jako pro \u017eiv\u00e9 panenky l\u00e1sky. M\u011bli jste si v\u0161imnout, jak tyto rusk\u00e9 sexu\u00e1ln\u00ed panenky snadno zapadaj\u00ed do porno obsahu. Ano, to je to, co nezbytn\u011b pot\u0159ebujete, svou porno panenku, kter\u00e1 uklidn\u00ed va\u0161i pusto\u0161\u00edc\u00ed touhu \u0161ukat.<\/p>\n<p>V\u0161echny d\u00edry skute\u010dn\u00e9 d\u00edv\u010d\u00ed sexu\u00e1ln\u00ed panenky jsou bla\u017een\u00e9 a ka\u017ed\u00e1 d\u00edra se po\u010d\u00edt\u00e1. Ka\u017ed\u00e1 d\u00edra je n\u00e1dhern\u00e1 a ka\u017ed\u00e1 d\u00edra je zkurven\u00e1. M\u011bli byste prozkoumat v\u00edce t\u011bchto d\u011br, a\u017e kone\u010dn\u011b polo\u017e\u00edte ruce na jednu nebo v\u00edce z t\u00e9to kr\u00e1sy a budete m\u00edt skute\u010dn\u00fd pocit se sexu\u00e1ln\u00ed panenkou.<\/p>","protected":false},"excerpt":{"rendered":"<p>Sex Doll Obr\u00e1zky Velikostn\u00ed tabulky Materi\u00e1l TPE V\u00fd\u0161ka 168 cm Prsa 80 cm Spodn\u00ed prsa 62 cm Boky 92 cm Pas 52 cm Rameno 37 cm<\/p>","protected":false},"featured_media":20200,"comment_status":"open","ping_status":"closed","template":"","meta":[],"product_brand":[],"product_cat":[75,229,98,107,117,119],"product_tag":[],"class_list":{"0":"post-20194","1":"product","2":"type-product","3":"status-publish","4":"has-post-thumbnail","6":"product_cat-160cm-170cm-sex-dolls","7":"product_cat-31kg-35kg","8":"product_cat-realistic-sex-dolls","9":"product_cat-skinny-sex-dolls","10":"product_cat-small-breast-sex-doll","11":"product_cat-tpe-sex-doll","12":"pa_brand-as-doll","13":"tm-has-options","15":"first","16":"instock","17":"sale","18":"shipping-taxable","19":"purchasable","20":"product-type-simple"},"_links":{"self":[{"href":"https:\/\/zxdoll.com\/cs\/wp-json\/wp\/v2\/product\/20194","targetHints":{"allow":["GET"]}}],"collection":[{"href":"https:\/\/zxdoll.com\/cs\/wp-json\/wp\/v2\/product"}],"about":[{"href":"https:\/\/zxdoll.com\/cs\/wp-json\/wp\/v2\/types\/product"}],"replies":[{"embeddable":true,"href":"https:\/\/zxdoll.com\/cs\/wp-json\/wp\/v2\/comments?post=20194"}],"version-history":[{"count":1,"href":"https:\/\/zxdoll.com\/cs\/wp-json\/wp\/v2\/product\/20194\/revisions"}],"predecessor-version":[{"id":197671,"href":"https:\/\/zxdoll.com\/cs\/wp-json\/wp\/v2\/product\/20194\/revisions\/197671"}],"wp:featuredmedia":[{"embeddable":true,"href":"https:\/\/zxdoll.com\/cs\/wp-json\/wp\/v2\/media\/20200"}],"wp:attachment":[{"href":"https:\/\/zxdoll.com\/cs\/wp-json\/wp\/v2\/media?parent=20194"}],"wp:term":[{"taxonomy":"product_brand","embeddable":true,"href":"https:\/\/zxdoll.com\/cs\/wp-json\/wp\/v2\/product_brand?post=20194"},{"taxonomy":"product_cat","embeddable":true,"href":"https:\/\/zxdoll.com\/cs\/wp-json\/wp\/v2\/product_cat?post=20194"},{"taxonomy":"product_tag","embeddable":true,"href":"https:\/\/zxdoll.com\/cs\/wp-json\/wp\/v2\/product_tag?post=20194"}],"curies":[{"name":"wp","href":"https:\/\/api.w.org\/{rel}","templated":true}]}}