{"id":19831,"date":"2023-03-04T04:29:25","date_gmt":"2023-03-03T20:29:25","guid":{"rendered":"https:\/\/zxdoll.com\/?post_type=product&#038;p=19831"},"modified":"2025-09-08T22:42:51","modified_gmt":"2025-09-08T14:42:51","slug":"top-rated-large-booty-solid-love-dolls","status":"publish","type":"product","link":"https:\/\/zxdoll.com\/cs\/product\/top-rated-large-booty-solid-love-dolls\/","title":{"rendered":"Nejl\u00e9pe hodnocen\u00e9 velk\u00e9 panenky Solid Love Carrie 166 cm"},"content":{"rendered":"<h4><strong>Obr\u00e1zky Sex Doll<\/strong><\/h4>\n\t                <ul class=\"easy-image-gallery thumbnails-15 linked\">\r\n                    <li><a data-fancybox=\"gallery472\" href=\"https:\/\/zxdoll.com\/wp-content\/uploads\/2023\/03\/sex-doll-pussy-h61-533x800.jpg\" class=\"eig-popup\" title=\"\" data-caption=\"\" target=\"_blank\"><i class=\"icon-view\"><\/i><span class=\"overlay\"><\/span><img decoding=\"async\" width=\"150\" height=\"150\" src=\"https:\/\/zxdoll.com\/wp-content\/uploads\/2023\/03\/sex-doll-pussy-h61-150x150.jpg\" class=\"attachment-thumbnail size-thumbnail\" alt=\"\" title=\"\"><\/a><\/li><li><a data-fancybox=\"gallery472\" href=\"https:\/\/zxdoll.com\/wp-content\/uploads\/2023\/03\/sex-doll-pussy-h62-1-533x800.jpg\" class=\"eig-popup\" title=\"\" data-caption=\"\" target=\"_blank\"><i class=\"icon-view\"><\/i><span class=\"overlay\"><\/span><img decoding=\"async\" width=\"150\" height=\"150\" src=\"https:\/\/zxdoll.com\/wp-content\/uploads\/2023\/03\/sex-doll-pussy-h62-1-150x150.jpg\" class=\"attachment-thumbnail size-thumbnail\" alt=\"\" title=\"\"><\/a><\/li><li><a data-fancybox=\"gallery472\" href=\"https:\/\/zxdoll.com\/wp-content\/uploads\/2023\/03\/sex-doll-pussy-h63-533x800.jpg\" class=\"eig-popup\" title=\"\" data-caption=\"\" target=\"_blank\"><i class=\"icon-view\"><\/i><span class=\"overlay\"><\/span><img decoding=\"async\" width=\"150\" height=\"150\" src=\"https:\/\/zxdoll.com\/wp-content\/uploads\/2023\/03\/sex-doll-pussy-h63-150x150.jpg\" class=\"attachment-thumbnail size-thumbnail\" alt=\"\" title=\"\"><\/a><\/li><li><a data-fancybox=\"gallery472\" href=\"https:\/\/zxdoll.com\/wp-content\/uploads\/2023\/03\/sex-doll-pussy-h64-533x800.jpg\" class=\"eig-popup\" title=\"\" data-caption=\"\" target=\"_blank\"><i class=\"icon-view\"><\/i><span class=\"overlay\"><\/span><img loading=\"lazy\" decoding=\"async\" width=\"150\" height=\"150\" src=\"https:\/\/zxdoll.com\/wp-content\/uploads\/2023\/03\/sex-doll-pussy-h64-150x150.jpg\" class=\"attachment-thumbnail size-thumbnail\" alt=\"\" title=\"\"><\/a><\/li><li><a data-fancybox=\"gallery472\" href=\"https:\/\/zxdoll.com\/wp-content\/uploads\/2023\/03\/sex-doll-pussy-h65-533x800.jpg\" class=\"eig-popup\" title=\"\" data-caption=\"\" target=\"_blank\"><i class=\"icon-view\"><\/i><span class=\"overlay\"><\/span><img loading=\"lazy\" decoding=\"async\" width=\"150\" height=\"150\" src=\"https:\/\/zxdoll.com\/wp-content\/uploads\/2023\/03\/sex-doll-pussy-h65-150x150.jpg\" class=\"attachment-thumbnail size-thumbnail\" alt=\"\" title=\"\"><\/a><\/li><li><a data-fancybox=\"gallery472\" href=\"https:\/\/zxdoll.com\/wp-content\/uploads\/2023\/03\/sex-doll-pussy-h66-533x800.jpg\" class=\"eig-popup\" title=\"\" data-caption=\"\" target=\"_blank\"><i class=\"icon-view\"><\/i><span class=\"overlay\"><\/span><img loading=\"lazy\" decoding=\"async\" width=\"150\" height=\"150\" src=\"https:\/\/zxdoll.com\/wp-content\/uploads\/2023\/03\/sex-doll-pussy-h66-150x150.jpg\" class=\"attachment-thumbnail size-thumbnail\" alt=\"\" title=\"\"><\/a><\/li><li><a data-fancybox=\"gallery472\" href=\"https:\/\/zxdoll.com\/wp-content\/uploads\/2023\/03\/sex-doll-pussy-h67-533x800.jpg\" class=\"eig-popup\" title=\"\" data-caption=\"\" target=\"_blank\"><i class=\"icon-view\"><\/i><span class=\"overlay\"><\/span><img loading=\"lazy\" decoding=\"async\" width=\"150\" height=\"150\" src=\"https:\/\/zxdoll.com\/wp-content\/uploads\/2023\/03\/sex-doll-pussy-h67-150x150.jpg\" class=\"attachment-thumbnail size-thumbnail\" alt=\"\" title=\"\"><\/a><\/li><li><a data-fancybox=\"gallery472\" href=\"https:\/\/zxdoll.com\/wp-content\/uploads\/2023\/03\/sex-doll-pussy-h68-533x800.jpg\" class=\"eig-popup\" title=\"\" data-caption=\"\" target=\"_blank\"><i class=\"icon-view\"><\/i><span class=\"overlay\"><\/span><img loading=\"lazy\" decoding=\"async\" width=\"150\" height=\"150\" src=\"https:\/\/zxdoll.com\/wp-content\/uploads\/2023\/03\/sex-doll-pussy-h68-150x150.jpg\" class=\"attachment-thumbnail size-thumbnail\" alt=\"\" title=\"\"><\/a><\/li><li><a data-fancybox=\"gallery472\" href=\"https:\/\/zxdoll.com\/wp-content\/uploads\/2023\/03\/sex-doll-pussy-h69-533x800.jpg\" class=\"eig-popup\" title=\"\" data-caption=\"\" target=\"_blank\"><i class=\"icon-view\"><\/i><span class=\"overlay\"><\/span><img loading=\"lazy\" decoding=\"async\" width=\"150\" height=\"150\" src=\"https:\/\/zxdoll.com\/wp-content\/uploads\/2023\/03\/sex-doll-pussy-h69-150x150.jpg\" class=\"attachment-thumbnail size-thumbnail\" alt=\"\" title=\"\"><\/a><\/li><li><a data-fancybox=\"gallery472\" href=\"https:\/\/zxdoll.com\/wp-content\/uploads\/2023\/03\/sex-doll-pussy-h610-533x800.jpg\" class=\"eig-popup\" title=\"\" data-caption=\"\" target=\"_blank\"><i class=\"icon-view\"><\/i><span class=\"overlay\"><\/span><img loading=\"lazy\" decoding=\"async\" width=\"150\" height=\"150\" src=\"https:\/\/zxdoll.com\/wp-content\/uploads\/2023\/03\/sex-doll-pussy-h610-150x150.jpg\" class=\"attachment-thumbnail size-thumbnail\" alt=\"\" title=\"\"><\/a><\/li><li><a data-fancybox=\"gallery472\" href=\"https:\/\/zxdoll.com\/wp-content\/uploads\/2023\/03\/sex-doll-pussy-h611-533x800.jpg\" class=\"eig-popup\" title=\"\" data-caption=\"\" target=\"_blank\"><i class=\"icon-view\"><\/i><span class=\"overlay\"><\/span><img loading=\"lazy\" decoding=\"async\" width=\"150\" height=\"150\" src=\"https:\/\/zxdoll.com\/wp-content\/uploads\/2023\/03\/sex-doll-pussy-h611-150x150.jpg\" class=\"attachment-thumbnail size-thumbnail\" alt=\"\" title=\"\"><\/a><\/li><li><a data-fancybox=\"gallery472\" href=\"https:\/\/zxdoll.com\/wp-content\/uploads\/2023\/03\/sex-doll-pussy-h612-533x800.jpg\" class=\"eig-popup\" title=\"\" data-caption=\"\" target=\"_blank\"><i class=\"icon-view\"><\/i><span class=\"overlay\"><\/span><img loading=\"lazy\" decoding=\"async\" width=\"150\" height=\"150\" src=\"https:\/\/zxdoll.com\/wp-content\/uploads\/2023\/03\/sex-doll-pussy-h612-150x150.jpg\" class=\"attachment-thumbnail size-thumbnail\" alt=\"\" title=\"\"><\/a><\/li><li><a data-fancybox=\"gallery472\" href=\"https:\/\/zxdoll.com\/wp-content\/uploads\/2023\/03\/sex-doll-pussy-h613-533x800.jpg\" class=\"eig-popup\" title=\"\" data-caption=\"\" target=\"_blank\"><i class=\"icon-view\"><\/i><span class=\"overlay\"><\/span><img loading=\"lazy\" decoding=\"async\" width=\"150\" height=\"150\" src=\"https:\/\/zxdoll.com\/wp-content\/uploads\/2023\/03\/sex-doll-pussy-h613-150x150.jpg\" class=\"attachment-thumbnail size-thumbnail\" alt=\"\" title=\"\"><\/a><\/li><li><a data-fancybox=\"gallery472\" href=\"https:\/\/zxdoll.com\/wp-content\/uploads\/2023\/03\/sex-doll-pussy-h614-533x800.jpg\" class=\"eig-popup\" title=\"\" data-caption=\"\" target=\"_blank\"><i class=\"icon-view\"><\/i><span class=\"overlay\"><\/span><img loading=\"lazy\" decoding=\"async\" width=\"150\" height=\"150\" src=\"https:\/\/zxdoll.com\/wp-content\/uploads\/2023\/03\/sex-doll-pussy-h614-150x150.jpg\" class=\"attachment-thumbnail size-thumbnail\" alt=\"\" title=\"\"><\/a><\/li><li><a data-fancybox=\"gallery472\" href=\"https:\/\/zxdoll.com\/wp-content\/uploads\/2023\/03\/sex-doll-pussy-h615-533x800.jpg\" class=\"eig-popup\" title=\"\" data-caption=\"\" target=\"_blank\"><i class=\"icon-view\"><\/i><span class=\"overlay\"><\/span><img loading=\"lazy\" decoding=\"async\" width=\"150\" height=\"150\" src=\"https:\/\/zxdoll.com\/wp-content\/uploads\/2023\/03\/sex-doll-pussy-h615-150x150.jpg\" class=\"attachment-thumbnail size-thumbnail\" alt=\"\" title=\"\"><\/a><\/li><\/ul>\n<h4>Velikostn\u00ed tabulky<\/h4>\n<table width=\"384\">\n<tbody>\n<tr>\n<td width=\"173\">Materi\u00e1l<\/td>\n<td width=\"139\">TPE<\/td>\n<\/tr>\n<tr>\n<td width=\"173\">V\u00fd\u0161ka<\/td>\n<td width=\"139\">166 cm<\/td>\n<\/tr>\n<tr>\n<td>poprs\u00ed<\/td>\n<td>85 cm<\/td>\n<\/tr>\n<tr>\n<td>Dol\u016f poprs\u00ed<\/td>\n<td>66 cm<\/td>\n<\/tr>\n<tr>\n<td>Boky<\/td>\n<td>90 cm<\/td>\n<\/tr>\n<tr>\n<td>P\u00e1s<\/td>\n<td>59 cm<\/td>\n<\/tr>\n<tr>\n<td>Rameno<\/td>\n<td>41 cm<\/td>\n<\/tr>\n<tr>\n<td>D\u00e9lka pa\u017ee<\/td>\n<td>45 cm<\/td>\n<\/tr>\n<tr>\n<td>D\u00e9lka ruky<\/td>\n<td>16 cm<\/td>\n<\/tr>\n<tr>\n<td>D\u00e9lka nohy<\/td>\n<td>86 cm<\/td>\n<\/tr>\n<tr>\n<td>\u00dastn\u00ed<\/td>\n<td>12 cm<\/td>\n<\/tr>\n<tr>\n<td>Vagin\u00e1ln\u00ed<\/td>\n<td>16 cm<\/td>\n<\/tr>\n<tr>\n<td>\u0158itn\u00ed otvor<\/td>\n<td>14 cm<\/td>\n<\/tr>\n<tr>\n<td>D\u00e9lka chodidla<\/td>\n<td>22 cm<\/td>\n<\/tr>\n<tr>\n<td>Obvod krku<\/td>\n<td>27 cm<\/td>\n<\/tr>\n<tr>\n<td>\u010cist\u00e1 hmotnost<\/td>\n<td>38 kg<\/td>\n<\/tr>\n<\/tbody>\n<\/table>\n<h4>O Sex Doll<\/h4>\n<p>Bez ohledu na to, jak velk\u00e1 a obda\u0159en\u00e1 m\u016f\u017ee b\u00fdt panenka Sex s obrovskou ko\u0159ist, bez ohledu na to, jak velk\u00e1 jsou jej\u00ed prsa, bez ohledu na to, jak velk\u00e1 je jej\u00ed ko\u0159ist, je st\u00e1le ohebn\u00e1, aby mohla zaujmout r\u016fzn\u00e9 p\u00f3zy a v\u011bnovat se \u00fachvatn\u00e9mu sexu. M\u00edt velk\u00fd zadek pro sebe v pozici pejska bude bla\u017een\u00e9 a mo\u017en\u00e1 se ocitnete uv\u011bzn\u011bni v tomto n\u00e1vykov\u00e9m pot\u011b\u0161en\u00ed na cel\u00e9 hodiny. Tyto vysoce hodnocen\u00e9 pevn\u00e9 milostn\u00e9 panenky \u010dekaj\u00ed, a\u017e je budete vlastnit a za\u010dnete slu\u017ebu. Jakmile jednou vlastn\u00edte, st\u011b\u017e\u00ed chcete prome\u0161kat ka\u017edou p\u0159\u00edle\u017eitost s n\u00ed. Ka\u017ed\u00fd okam\u017eik se skute\u010dnou dosp\u011blou panenkou nen\u00ed nikdy promarn\u011bn.<\/p>\n<p>co v\u00edc? P\u0159em\u00fd\u0161leli jste o tom, \u017ee byste si sundali kalhotky a ud\u011blali si p\u011bkn\u00fd kurva, kdy\u017e jsou stranou od st\u011bn vag\u00edny? Pak m\u00e1te dokonal\u00fd prost\u0159edek, jak un\u00e9st sv\u00e9 divok\u00e9 my\u0161lenky a zhmotnit sv\u00e9 fantazie s obrovskou ko\u0159istn\u00ed sexu\u00e1ln\u00ed panenkou. Jakmile za\u010dnete, p\u0159estanou b\u00fdt fantaziemi a stanou se skute\u010dnost\u00ed. Tak\u017ee p\u0159esta\u0148te sn\u00edt a za\u010dn\u011bte jednat, po\u0159i\u010fte si tlustou panenku se skute\u010dn\u00fdm sexem a m\u011bjte s n\u00ed zvl\u00e1\u0161tn\u00ed pouto, tr\u00e1vte \u010das se skute\u010dnou panenkou BBW, obl\u00e9kn\u011bte ji do \u0161at\u016f a bavte se. Mo\u017enosti jsou nekone\u010dn\u00e9.<\/p>\n<p>Obrovsk\u00e1 ko\u0159ist panenky l\u00e1sky je pro v\u00e1s tak\u00e9 velk\u00fdm plusem. M\u016f\u017eete si u\u017e\u00edt z\u00e1bavu a p\u011bkn\u011b se vysrat s jej\u00edm zadkem.<\/p>","protected":false},"excerpt":{"rendered":"<p>Sex Doll Obr\u00e1zky Tabulky velikost\u00ed Materi\u00e1l TPE V\u00fd\u0161ka 166 cm Prsa 85 cm Spodn\u00ed prsa 66 cm Boky 90 cm Pas 59 cm Rameno 41 cm<\/p>","protected":false},"featured_media":19833,"comment_status":"open","ping_status":"closed","template":"","meta":[],"product_brand":[],"product_cat":[75,230,98,107,117,119],"product_tag":[],"class_list":{"0":"post-19831","1":"product","2":"type-product","3":"status-publish","4":"has-post-thumbnail","6":"product_cat-160cm-170cm-sex-dolls","7":"product_cat-36kg-40kg","8":"product_cat-realistic-sex-dolls","9":"product_cat-skinny-sex-dolls","10":"product_cat-small-breast-sex-doll","11":"product_cat-tpe-sex-doll","12":"pa_brand-as-doll","13":"tm-has-options","15":"first","16":"instock","17":"sale","18":"shipping-taxable","19":"purchasable","20":"product-type-simple"},"_links":{"self":[{"href":"https:\/\/zxdoll.com\/cs\/wp-json\/wp\/v2\/product\/19831","targetHints":{"allow":["GET"]}}],"collection":[{"href":"https:\/\/zxdoll.com\/cs\/wp-json\/wp\/v2\/product"}],"about":[{"href":"https:\/\/zxdoll.com\/cs\/wp-json\/wp\/v2\/types\/product"}],"replies":[{"embeddable":true,"href":"https:\/\/zxdoll.com\/cs\/wp-json\/wp\/v2\/comments?post=19831"}],"version-history":[{"count":1,"href":"https:\/\/zxdoll.com\/cs\/wp-json\/wp\/v2\/product\/19831\/revisions"}],"predecessor-version":[{"id":197655,"href":"https:\/\/zxdoll.com\/cs\/wp-json\/wp\/v2\/product\/19831\/revisions\/197655"}],"wp:featuredmedia":[{"embeddable":true,"href":"https:\/\/zxdoll.com\/cs\/wp-json\/wp\/v2\/media\/19833"}],"wp:attachment":[{"href":"https:\/\/zxdoll.com\/cs\/wp-json\/wp\/v2\/media?parent=19831"}],"wp:term":[{"taxonomy":"product_brand","embeddable":true,"href":"https:\/\/zxdoll.com\/cs\/wp-json\/wp\/v2\/product_brand?post=19831"},{"taxonomy":"product_cat","embeddable":true,"href":"https:\/\/zxdoll.com\/cs\/wp-json\/wp\/v2\/product_cat?post=19831"},{"taxonomy":"product_tag","embeddable":true,"href":"https:\/\/zxdoll.com\/cs\/wp-json\/wp\/v2\/product_tag?post=19831"}],"curies":[{"name":"wp","href":"https:\/\/api.w.org\/{rel}","templated":true}]}}