{"id":19568,"date":"2023-03-04T03:47:57","date_gmt":"2023-03-03T19:47:57","guid":{"rendered":"https:\/\/zxdoll.com\/?post_type=product&#038;p=19568"},"modified":"2025-09-08T22:37:59","modified_gmt":"2025-09-08T14:37:59","slug":"extremely-realistic-cheap-real-life-dolls","status":"publish","type":"product","link":"https:\/\/zxdoll.com\/cs\/product\/extremely-realistic-cheap-real-life-dolls\/","title":{"rendered":"Extr\u00e9mn\u011b realistick\u00e9 levn\u00e9 skute\u010dn\u00e9 panenky Marna 163 cm"},"content":{"rendered":"<h4><strong>Obr\u00e1zky Sex Doll<\/strong><\/h4>\n\t                <ul class=\"easy-image-gallery thumbnails-16 linked\">\r\n                    <li><a data-fancybox=\"gallery472\" href=\"https:\/\/zxdoll.com\/wp-content\/uploads\/2023\/03\/fucking-real-doll-h51-533x800.jpg\" class=\"eig-popup\" title=\"\" data-caption=\"\" target=\"_blank\"><i class=\"icon-view\"><\/i><span class=\"overlay\"><\/span><img decoding=\"async\" width=\"150\" height=\"150\" src=\"https:\/\/zxdoll.com\/wp-content\/uploads\/2023\/03\/fucking-real-doll-h51-150x150.jpg\" class=\"attachment-thumbnail size-thumbnail\" alt=\"\" title=\"\"><\/a><\/li><li><a data-fancybox=\"gallery472\" href=\"https:\/\/zxdoll.com\/wp-content\/uploads\/2023\/03\/fucking-real-doll-h52-533x800.jpg\" class=\"eig-popup\" title=\"\" data-caption=\"\" target=\"_blank\"><i class=\"icon-view\"><\/i><span class=\"overlay\"><\/span><img decoding=\"async\" width=\"150\" height=\"150\" src=\"https:\/\/zxdoll.com\/wp-content\/uploads\/2023\/03\/fucking-real-doll-h52-150x150.jpg\" class=\"attachment-thumbnail size-thumbnail\" alt=\"\" title=\"\"><\/a><\/li><li><a data-fancybox=\"gallery472\" href=\"https:\/\/zxdoll.com\/wp-content\/uploads\/2023\/03\/fucking-real-doll-h53-533x800.jpg\" class=\"eig-popup\" title=\"\" data-caption=\"\" target=\"_blank\"><i class=\"icon-view\"><\/i><span class=\"overlay\"><\/span><img decoding=\"async\" width=\"150\" height=\"150\" src=\"https:\/\/zxdoll.com\/wp-content\/uploads\/2023\/03\/fucking-real-doll-h53-150x150.jpg\" class=\"attachment-thumbnail size-thumbnail\" alt=\"\" title=\"\"><\/a><\/li><li><a data-fancybox=\"gallery472\" href=\"https:\/\/zxdoll.com\/wp-content\/uploads\/2023\/03\/fucking-real-doll-h54-1-533x800.jpg\" class=\"eig-popup\" title=\"\" data-caption=\"\" target=\"_blank\"><i class=\"icon-view\"><\/i><span class=\"overlay\"><\/span><img loading=\"lazy\" decoding=\"async\" width=\"150\" height=\"150\" src=\"https:\/\/zxdoll.com\/wp-content\/uploads\/2023\/03\/fucking-real-doll-h54-1-150x150.jpg\" class=\"attachment-thumbnail size-thumbnail\" alt=\"\" title=\"\"><\/a><\/li><li><a data-fancybox=\"gallery472\" href=\"https:\/\/zxdoll.com\/wp-content\/uploads\/2023\/03\/fucking-real-doll-h55-533x800.jpg\" class=\"eig-popup\" title=\"\" data-caption=\"\" target=\"_blank\"><i class=\"icon-view\"><\/i><span class=\"overlay\"><\/span><img loading=\"lazy\" decoding=\"async\" width=\"150\" height=\"150\" src=\"https:\/\/zxdoll.com\/wp-content\/uploads\/2023\/03\/fucking-real-doll-h55-150x150.jpg\" class=\"attachment-thumbnail size-thumbnail\" alt=\"\" title=\"\"><\/a><\/li><li><a data-fancybox=\"gallery472\" href=\"https:\/\/zxdoll.com\/wp-content\/uploads\/2023\/03\/fucking-real-doll-h56-533x800.jpg\" class=\"eig-popup\" title=\"\" data-caption=\"\" target=\"_blank\"><i class=\"icon-view\"><\/i><span class=\"overlay\"><\/span><img loading=\"lazy\" decoding=\"async\" width=\"150\" height=\"150\" src=\"https:\/\/zxdoll.com\/wp-content\/uploads\/2023\/03\/fucking-real-doll-h56-150x150.jpg\" class=\"attachment-thumbnail size-thumbnail\" alt=\"\" title=\"\"><\/a><\/li><li><a data-fancybox=\"gallery472\" href=\"https:\/\/zxdoll.com\/wp-content\/uploads\/2023\/03\/fucking-real-doll-h57-533x800.jpg\" class=\"eig-popup\" title=\"\" data-caption=\"\" target=\"_blank\"><i class=\"icon-view\"><\/i><span class=\"overlay\"><\/span><img loading=\"lazy\" decoding=\"async\" width=\"150\" height=\"150\" src=\"https:\/\/zxdoll.com\/wp-content\/uploads\/2023\/03\/fucking-real-doll-h57-150x150.jpg\" class=\"attachment-thumbnail size-thumbnail\" alt=\"\" title=\"\"><\/a><\/li><li><a data-fancybox=\"gallery472\" href=\"https:\/\/zxdoll.com\/wp-content\/uploads\/2023\/03\/fucking-real-doll-h58-533x800.jpg\" class=\"eig-popup\" title=\"\" data-caption=\"\" target=\"_blank\"><i class=\"icon-view\"><\/i><span class=\"overlay\"><\/span><img loading=\"lazy\" decoding=\"async\" width=\"150\" height=\"150\" src=\"https:\/\/zxdoll.com\/wp-content\/uploads\/2023\/03\/fucking-real-doll-h58-150x150.jpg\" class=\"attachment-thumbnail size-thumbnail\" alt=\"\" title=\"\"><\/a><\/li><li><a data-fancybox=\"gallery472\" href=\"https:\/\/zxdoll.com\/wp-content\/uploads\/2023\/03\/fucking-real-doll-h59-533x800.jpg\" class=\"eig-popup\" title=\"\" data-caption=\"\" target=\"_blank\"><i class=\"icon-view\"><\/i><span class=\"overlay\"><\/span><img loading=\"lazy\" decoding=\"async\" width=\"150\" height=\"150\" src=\"https:\/\/zxdoll.com\/wp-content\/uploads\/2023\/03\/fucking-real-doll-h59-150x150.jpg\" class=\"attachment-thumbnail size-thumbnail\" alt=\"\" title=\"\"><\/a><\/li><li><a data-fancybox=\"gallery472\" href=\"https:\/\/zxdoll.com\/wp-content\/uploads\/2023\/03\/fucking-real-doll-h510-533x800.jpg\" class=\"eig-popup\" title=\"\" data-caption=\"\" target=\"_blank\"><i class=\"icon-view\"><\/i><span class=\"overlay\"><\/span><img loading=\"lazy\" decoding=\"async\" width=\"150\" height=\"150\" src=\"https:\/\/zxdoll.com\/wp-content\/uploads\/2023\/03\/fucking-real-doll-h510-150x150.jpg\" class=\"attachment-thumbnail size-thumbnail\" alt=\"\" title=\"\"><\/a><\/li><li><a data-fancybox=\"gallery472\" href=\"https:\/\/zxdoll.com\/wp-content\/uploads\/2023\/03\/fucking-real-doll-h511-533x800.jpg\" class=\"eig-popup\" title=\"\" data-caption=\"\" target=\"_blank\"><i class=\"icon-view\"><\/i><span class=\"overlay\"><\/span><img loading=\"lazy\" decoding=\"async\" width=\"150\" height=\"150\" src=\"https:\/\/zxdoll.com\/wp-content\/uploads\/2023\/03\/fucking-real-doll-h511-150x150.jpg\" class=\"attachment-thumbnail size-thumbnail\" alt=\"\" title=\"\"><\/a><\/li><li><a data-fancybox=\"gallery472\" href=\"https:\/\/zxdoll.com\/wp-content\/uploads\/2023\/03\/fucking-real-doll-h512-533x800.jpg\" class=\"eig-popup\" title=\"\" data-caption=\"\" target=\"_blank\"><i class=\"icon-view\"><\/i><span class=\"overlay\"><\/span><img loading=\"lazy\" decoding=\"async\" width=\"150\" height=\"150\" src=\"https:\/\/zxdoll.com\/wp-content\/uploads\/2023\/03\/fucking-real-doll-h512-150x150.jpg\" class=\"attachment-thumbnail size-thumbnail\" alt=\"\" title=\"\"><\/a><\/li><li><a data-fancybox=\"gallery472\" href=\"https:\/\/zxdoll.com\/wp-content\/uploads\/2023\/03\/fucking-real-doll-h513-533x800.jpg\" class=\"eig-popup\" title=\"\" data-caption=\"\" target=\"_blank\"><i class=\"icon-view\"><\/i><span class=\"overlay\"><\/span><img loading=\"lazy\" decoding=\"async\" width=\"150\" height=\"150\" src=\"https:\/\/zxdoll.com\/wp-content\/uploads\/2023\/03\/fucking-real-doll-h513-150x150.jpg\" class=\"attachment-thumbnail size-thumbnail\" alt=\"\" title=\"\"><\/a><\/li><li><a data-fancybox=\"gallery472\" href=\"https:\/\/zxdoll.com\/wp-content\/uploads\/2023\/03\/fucking-real-doll-h514-533x800.jpg\" class=\"eig-popup\" title=\"\" data-caption=\"\" target=\"_blank\"><i class=\"icon-view\"><\/i><span class=\"overlay\"><\/span><img loading=\"lazy\" decoding=\"async\" width=\"150\" height=\"150\" src=\"https:\/\/zxdoll.com\/wp-content\/uploads\/2023\/03\/fucking-real-doll-h514-150x150.jpg\" class=\"attachment-thumbnail size-thumbnail\" alt=\"\" title=\"\"><\/a><\/li><li><a data-fancybox=\"gallery472\" href=\"https:\/\/zxdoll.com\/wp-content\/uploads\/2023\/03\/fucking-real-doll-h515-533x800.jpg\" class=\"eig-popup\" title=\"\" data-caption=\"\" target=\"_blank\"><i class=\"icon-view\"><\/i><span class=\"overlay\"><\/span><img loading=\"lazy\" decoding=\"async\" width=\"150\" height=\"150\" src=\"https:\/\/zxdoll.com\/wp-content\/uploads\/2023\/03\/fucking-real-doll-h515-150x150.jpg\" class=\"attachment-thumbnail size-thumbnail\" alt=\"\" title=\"\"><\/a><\/li><li><a data-fancybox=\"gallery472\" href=\"https:\/\/zxdoll.com\/wp-content\/uploads\/2023\/03\/fucking-real-doll-h516-533x800.jpg\" class=\"eig-popup\" title=\"\" data-caption=\"\" target=\"_blank\"><i class=\"icon-view\"><\/i><span class=\"overlay\"><\/span><img loading=\"lazy\" decoding=\"async\" width=\"150\" height=\"150\" src=\"https:\/\/zxdoll.com\/wp-content\/uploads\/2023\/03\/fucking-real-doll-h516-150x150.jpg\" class=\"attachment-thumbnail size-thumbnail\" alt=\"\" title=\"\"><\/a><\/li><\/ul>\n<h4>Velikostn\u00ed tabulky<\/h4>\n<table width=\"269\">\n<tbody>\n<tr>\n<td width=\"130\">Materi\u00e1l<\/td>\n<td width=\"139\">TPE<\/td>\n<\/tr>\n<tr>\n<td width=\"130\">V\u00fd\u0161ka<\/td>\n<td width=\"139\">163 cm<\/td>\n<\/tr>\n<tr>\n<td>poprs\u00ed<\/td>\n<td>87 cm<\/td>\n<\/tr>\n<tr>\n<td>Dol\u016f poprs\u00ed<\/td>\n<td>54 cm<\/td>\n<\/tr>\n<tr>\n<td>Boky<\/td>\n<td>87 cm<\/td>\n<\/tr>\n<tr>\n<td>P\u00e1s<\/td>\n<td>51 cm<\/td>\n<\/tr>\n<tr>\n<td>Rameno<\/td>\n<td>33 cm<\/td>\n<\/tr>\n<tr>\n<td>D\u00e9lka pa\u017ee<\/td>\n<td>63 cm<\/td>\n<\/tr>\n<tr>\n<td>D\u00e9lka ruky<\/td>\n<td>14 cm<\/td>\n<\/tr>\n<tr>\n<td>D\u00e9lka nohy<\/td>\n<td>88 cm<\/td>\n<\/tr>\n<tr>\n<td>\u00dastn\u00ed<\/td>\n<td>12 cm<\/td>\n<\/tr>\n<tr>\n<td>Vagin\u00e1ln\u00ed<\/td>\n<td>16 cm<\/td>\n<\/tr>\n<tr>\n<td>\u0158itn\u00ed otvor<\/td>\n<td>14 cm<\/td>\n<\/tr>\n<tr>\n<td>D\u00e9lka chodidla<\/td>\n<td>20 cm<\/td>\n<\/tr>\n<tr>\n<td>Obvod krku<\/td>\n<td>31 cm<\/td>\n<\/tr>\n<tr>\n<td>\u010cist\u00e1 hmotnost<\/td>\n<td>33 kg<\/td>\n<\/tr>\n<\/tbody>\n<\/table>\n<h4>O Sex Doll<\/h4>\n<p>Naj\u00edt tu spr\u00e1vnou panenku by nem\u011bl b\u00fdt probl\u00e9m. Pro\u010d hledat porno s panenkami l\u00e1sky, kdy\u017e se m\u016f\u017eete pustit do aktu na vlastn\u00ed k\u016f\u017ei a za\u017e\u00edt to na vlastn\u00ed k\u016f\u017ei se sexu\u00e1ln\u00ed panenkou v \u017eivotn\u00ed velikosti. Milostn\u00e1 panenka m\u00e1 r\u016fzn\u00e9 aspekty, od pohodl\u00ed, spole\u010dnosti a obl\u00edben\u00e9ho d\u016fvodu, kter\u00fdm je sex.<\/p>\n<p>Poj\u010fme si promluvit o tom, jak se s panenkou budete c\u00edtit pohodln\u011b a snadno ji p\u0159emis\u0165ovat. Nafukovac\u00ed sexu\u00e1ln\u00ed panenku lze snadno p\u0159esunout ze vzd\u00e1len\u00e9ho m\u00edsta na jin\u00e9, ani\u017e byste se museli starat o v\u00e1hu a v\u00fd\u0161ku. Tyto levn\u00e9 skute\u010dn\u00e9 panenky jsou tou nejlep\u0161\u00ed novinkou na trhu sexu\u00e1ln\u00edch panenek.<\/p>\n<p>Ve sv\u00e9m pohodl\u00ed m\u016f\u017eete nafukovac\u00ed sexu\u00e1ln\u00ed panenku vyhodit do vzduchu a zapojit ji t\u00edm nejlep\u0161\u00edm mo\u017en\u00fdm zp\u016fsobem. Je to neomezen\u00e9. Tyto panenky lze snadno sbalit a p\u0159em\u00edstit a jsou tou nejlep\u0161\u00ed sexu\u00e1ln\u00ed hra\u010dkou pro mu\u017ee. Nem\u00e1 to pro n\u011b \u017e\u00e1dnou nev\u00fdhodu, nav\u00edc jsou extr\u00e9mn\u011b realistick\u00e9, jak maj\u00ed b\u00fdt. Maxim\u00e1ln\u00ed s\u00edla sexu na dosah ruky. M\u00edt takov\u00e9 sexu\u00e1ln\u00ed povinnosti je mu\u017en\u00fd \u00fakol, kter\u00e9ho byste se m\u011bli s radost\u00ed chopit a zapojit se do sexu\u00e1ln\u00edho porna s panenkami v \u017eivotn\u00ed velikosti, je mnohem v\u00edc ne\u017e fantastick\u00e9.<\/p>\n<p>Jsou extr\u00e9mn\u011b levn\u00e9 a velmi realistick\u00e9 a pro mu\u017ee se perfektn\u011b hod\u00ed. Tyto nafukovac\u00ed panenky jsou t\u00edm, na co byste m\u011bli polo\u017eit ruce a p\u0159idat je do sv\u00e9 sb\u00edrky, nav\u00edc jsou perfektn\u00ed pro nov\u00e9 kupce. Jakou sexu\u00e1ln\u00ed polohu m\u00e1te na mysli? M\u011bli byste to zkusit se sv\u00fdm \u017eivotem jako porno panenka. M\u016f\u017eete dokonce skon\u010dit objevov\u00e1n\u00edm nov\u00fdch a pohodln\u00fdch sexu\u00e1ln\u00edch pozic.<\/p>\n<p>Sp\u00ed\u0161 sex na dosah ruky, zbra\u0148 p\u0159ipraven\u00e1 k pou\u017eit\u00ed, kdykoli je pot\u0159eba, a hod\u00ed se v p\u0159\u00edpad\u011b nouze.<\/p>","protected":false},"excerpt":{"rendered":"<p>Sex Doll Obr\u00e1zky Tabulky velikost\u00ed Materi\u00e1l TPE V\u00fd\u0161ka 163 cm Prsa 87 cm Spodn\u00ed prsa 54 cm Boky 87 cm Pas 51 cm Rameno 33 cm<\/p>","protected":false},"featured_media":19574,"comment_status":"open","ping_status":"closed","template":"","meta":[],"product_brand":[],"product_cat":[75,229,80,116,115,98,119],"product_tag":[],"class_list":{"0":"post-19568","1":"product","2":"type-product","3":"status-publish","4":"has-post-thumbnail","6":"product_cat-160cm-170cm-sex-dolls","7":"product_cat-31kg-35kg","8":"product_cat-asian-sex-doll","9":"product_cat-big-boobs-sex-doll","10":"product_cat-big-booty-sex-doll","11":"product_cat-realistic-sex-dolls","12":"product_cat-tpe-sex-doll","13":"pa_brand-as-doll","14":"tm-has-options","16":"first","17":"instock","18":"sale","19":"shipping-taxable","20":"purchasable","21":"product-type-simple"},"_links":{"self":[{"href":"https:\/\/zxdoll.com\/cs\/wp-json\/wp\/v2\/product\/19568","targetHints":{"allow":["GET"]}}],"collection":[{"href":"https:\/\/zxdoll.com\/cs\/wp-json\/wp\/v2\/product"}],"about":[{"href":"https:\/\/zxdoll.com\/cs\/wp-json\/wp\/v2\/types\/product"}],"replies":[{"embeddable":true,"href":"https:\/\/zxdoll.com\/cs\/wp-json\/wp\/v2\/comments?post=19568"}],"version-history":[{"count":1,"href":"https:\/\/zxdoll.com\/cs\/wp-json\/wp\/v2\/product\/19568\/revisions"}],"predecessor-version":[{"id":197649,"href":"https:\/\/zxdoll.com\/cs\/wp-json\/wp\/v2\/product\/19568\/revisions\/197649"}],"wp:featuredmedia":[{"embeddable":true,"href":"https:\/\/zxdoll.com\/cs\/wp-json\/wp\/v2\/media\/19574"}],"wp:attachment":[{"href":"https:\/\/zxdoll.com\/cs\/wp-json\/wp\/v2\/media?parent=19568"}],"wp:term":[{"taxonomy":"product_brand","embeddable":true,"href":"https:\/\/zxdoll.com\/cs\/wp-json\/wp\/v2\/product_brand?post=19568"},{"taxonomy":"product_cat","embeddable":true,"href":"https:\/\/zxdoll.com\/cs\/wp-json\/wp\/v2\/product_cat?post=19568"},{"taxonomy":"product_tag","embeddable":true,"href":"https:\/\/zxdoll.com\/cs\/wp-json\/wp\/v2\/product_tag?post=19568"}],"curies":[{"name":"wp","href":"https:\/\/api.w.org\/{rel}","templated":true}]}}