{"id":192714,"date":"2025-08-29T16:42:07","date_gmt":"2025-08-29T08:42:07","guid":{"rendered":"https:\/\/zxdoll.com\/?post_type=product&#038;p=192714"},"modified":"2025-09-03T01:41:31","modified_gmt":"2025-09-02T17:41:31","slug":"how-to-buy-an-asian-sex-doll","status":"publish","type":"product","link":"https:\/\/zxdoll.com\/cs\/product\/how-to-buy-an-asian-sex-doll\/","title":{"rendered":"How To Buy An Asian Sex Doll Lucienne 158cm"},"content":{"rendered":"<h4><strong>Obr\u00e1zky Sex Doll<\/strong><\/h4>\n\t                <ul class=\"easy-image-gallery thumbnails-22 linked\">\r\n                    <li><a data-fancybox=\"gallery823\" href=\"https:\/\/zxdoll.com\/wp-content\/uploads\/2025\/08\/kimberly-sex-doll-oRm43z1-533x800.jpg\" class=\"eig-popup\" title=\"\" data-caption=\"\" target=\"_blank\"><i class=\"icon-view\"><\/i><span class=\"overlay\"><\/span><img decoding=\"async\" width=\"150\" height=\"150\" src=\"https:\/\/zxdoll.com\/wp-content\/uploads\/2025\/08\/kimberly-sex-doll-oRm43z1-150x150.jpg\" class=\"attachment-thumbnail size-thumbnail\" alt=\"\" title=\"\"><\/a><\/li><li><a data-fancybox=\"gallery823\" href=\"https:\/\/zxdoll.com\/wp-content\/uploads\/2025\/08\/kimberly-sex-doll-oRm43z2-533x800.jpg\" class=\"eig-popup\" title=\"\" data-caption=\"\" target=\"_blank\"><i class=\"icon-view\"><\/i><span class=\"overlay\"><\/span><img decoding=\"async\" width=\"150\" height=\"150\" src=\"https:\/\/zxdoll.com\/wp-content\/uploads\/2025\/08\/kimberly-sex-doll-oRm43z2-150x150.jpg\" class=\"attachment-thumbnail size-thumbnail\" alt=\"\" title=\"\"><\/a><\/li><li><a data-fancybox=\"gallery823\" href=\"https:\/\/zxdoll.com\/wp-content\/uploads\/2025\/08\/kimberly-sex-doll-oRm43z3-533x800.jpg\" class=\"eig-popup\" title=\"\" data-caption=\"\" target=\"_blank\"><i class=\"icon-view\"><\/i><span class=\"overlay\"><\/span><img decoding=\"async\" width=\"150\" height=\"150\" src=\"https:\/\/zxdoll.com\/wp-content\/uploads\/2025\/08\/kimberly-sex-doll-oRm43z3-150x150.jpg\" class=\"attachment-thumbnail size-thumbnail\" alt=\"\" title=\"\"><\/a><\/li><li><a data-fancybox=\"gallery823\" href=\"https:\/\/zxdoll.com\/wp-content\/uploads\/2025\/08\/kimberly-sex-doll-oRm43z4-533x800.jpg\" class=\"eig-popup\" title=\"\" data-caption=\"\" target=\"_blank\"><i class=\"icon-view\"><\/i><span class=\"overlay\"><\/span><img loading=\"lazy\" decoding=\"async\" width=\"150\" height=\"150\" src=\"https:\/\/zxdoll.com\/wp-content\/uploads\/2025\/08\/kimberly-sex-doll-oRm43z4-150x150.jpg\" class=\"attachment-thumbnail size-thumbnail\" alt=\"\" title=\"\"><\/a><\/li><li><a data-fancybox=\"gallery823\" href=\"https:\/\/zxdoll.com\/wp-content\/uploads\/2025\/08\/kimberly-sex-doll-oRm43z5-533x800.jpg\" class=\"eig-popup\" title=\"\" data-caption=\"\" target=\"_blank\"><i class=\"icon-view\"><\/i><span class=\"overlay\"><\/span><img loading=\"lazy\" decoding=\"async\" width=\"150\" height=\"150\" src=\"https:\/\/zxdoll.com\/wp-content\/uploads\/2025\/08\/kimberly-sex-doll-oRm43z5-150x150.jpg\" class=\"attachment-thumbnail size-thumbnail\" alt=\"\" title=\"\"><\/a><\/li><li><a data-fancybox=\"gallery823\" href=\"https:\/\/zxdoll.com\/wp-content\/uploads\/2025\/08\/kimberly-sex-doll-oRm43z6-533x800.jpg\" class=\"eig-popup\" title=\"\" data-caption=\"\" target=\"_blank\"><i class=\"icon-view\"><\/i><span class=\"overlay\"><\/span><img loading=\"lazy\" decoding=\"async\" width=\"150\" height=\"150\" src=\"https:\/\/zxdoll.com\/wp-content\/uploads\/2025\/08\/kimberly-sex-doll-oRm43z6-150x150.jpg\" class=\"attachment-thumbnail size-thumbnail\" alt=\"\" title=\"\"><\/a><\/li><li><a data-fancybox=\"gallery823\" href=\"https:\/\/zxdoll.com\/wp-content\/uploads\/2025\/08\/kimberly-sex-doll-oRm43z7-533x800.jpg\" class=\"eig-popup\" title=\"\" data-caption=\"\" target=\"_blank\"><i class=\"icon-view\"><\/i><span class=\"overlay\"><\/span><img loading=\"lazy\" decoding=\"async\" width=\"150\" height=\"150\" src=\"https:\/\/zxdoll.com\/wp-content\/uploads\/2025\/08\/kimberly-sex-doll-oRm43z7-150x150.jpg\" class=\"attachment-thumbnail size-thumbnail\" alt=\"\" title=\"\"><\/a><\/li><li><a data-fancybox=\"gallery823\" href=\"https:\/\/zxdoll.com\/wp-content\/uploads\/2025\/08\/kimberly-sex-doll-oRm43z8-533x800.jpg\" class=\"eig-popup\" title=\"\" data-caption=\"\" target=\"_blank\"><i class=\"icon-view\"><\/i><span class=\"overlay\"><\/span><img loading=\"lazy\" decoding=\"async\" width=\"150\" height=\"150\" src=\"https:\/\/zxdoll.com\/wp-content\/uploads\/2025\/08\/kimberly-sex-doll-oRm43z8-150x150.jpg\" class=\"attachment-thumbnail size-thumbnail\" alt=\"\" title=\"\"><\/a><\/li><li><a data-fancybox=\"gallery823\" href=\"https:\/\/zxdoll.com\/wp-content\/uploads\/2025\/08\/kimberly-sex-doll-oRm43z9-533x800.jpg\" class=\"eig-popup\" title=\"\" data-caption=\"\" target=\"_blank\"><i class=\"icon-view\"><\/i><span class=\"overlay\"><\/span><img loading=\"lazy\" decoding=\"async\" width=\"150\" height=\"150\" src=\"https:\/\/zxdoll.com\/wp-content\/uploads\/2025\/08\/kimberly-sex-doll-oRm43z9-150x150.jpg\" class=\"attachment-thumbnail size-thumbnail\" alt=\"\" title=\"\"><\/a><\/li><li><a data-fancybox=\"gallery823\" href=\"https:\/\/zxdoll.com\/wp-content\/uploads\/2025\/08\/kimberly-sex-doll-oRm43z10-533x800.jpg\" class=\"eig-popup\" title=\"\" data-caption=\"\" target=\"_blank\"><i class=\"icon-view\"><\/i><span class=\"overlay\"><\/span><img loading=\"lazy\" decoding=\"async\" width=\"150\" height=\"150\" src=\"https:\/\/zxdoll.com\/wp-content\/uploads\/2025\/08\/kimberly-sex-doll-oRm43z10-150x150.jpg\" class=\"attachment-thumbnail size-thumbnail\" alt=\"\" title=\"\"><\/a><\/li><li><a data-fancybox=\"gallery823\" href=\"https:\/\/zxdoll.com\/wp-content\/uploads\/2025\/08\/kimberly-sex-doll-oRm43z11-533x800.jpg\" class=\"eig-popup\" title=\"\" data-caption=\"\" target=\"_blank\"><i class=\"icon-view\"><\/i><span class=\"overlay\"><\/span><img loading=\"lazy\" decoding=\"async\" width=\"150\" height=\"150\" src=\"https:\/\/zxdoll.com\/wp-content\/uploads\/2025\/08\/kimberly-sex-doll-oRm43z11-150x150.jpg\" class=\"attachment-thumbnail size-thumbnail\" alt=\"\" title=\"\"><\/a><\/li><li><a data-fancybox=\"gallery823\" href=\"https:\/\/zxdoll.com\/wp-content\/uploads\/2025\/08\/kimberly-sex-doll-oRm43z12-533x800.jpg\" class=\"eig-popup\" title=\"\" data-caption=\"\" target=\"_blank\"><i class=\"icon-view\"><\/i><span class=\"overlay\"><\/span><img loading=\"lazy\" decoding=\"async\" width=\"150\" height=\"150\" src=\"https:\/\/zxdoll.com\/wp-content\/uploads\/2025\/08\/kimberly-sex-doll-oRm43z12-150x150.jpg\" class=\"attachment-thumbnail size-thumbnail\" alt=\"\" title=\"\"><\/a><\/li><li><a data-fancybox=\"gallery823\" href=\"https:\/\/zxdoll.com\/wp-content\/uploads\/2025\/08\/kimberly-sex-doll-oRm43z13-533x800.jpg\" class=\"eig-popup\" title=\"\" data-caption=\"\" target=\"_blank\"><i class=\"icon-view\"><\/i><span class=\"overlay\"><\/span><img loading=\"lazy\" decoding=\"async\" width=\"150\" height=\"150\" src=\"https:\/\/zxdoll.com\/wp-content\/uploads\/2025\/08\/kimberly-sex-doll-oRm43z13-150x150.jpg\" class=\"attachment-thumbnail size-thumbnail\" alt=\"\" title=\"\"><\/a><\/li><li><a data-fancybox=\"gallery823\" href=\"https:\/\/zxdoll.com\/wp-content\/uploads\/2025\/08\/kimberly-sex-doll-oRm43z14-533x800.jpg\" class=\"eig-popup\" title=\"\" data-caption=\"\" target=\"_blank\"><i class=\"icon-view\"><\/i><span class=\"overlay\"><\/span><img loading=\"lazy\" decoding=\"async\" width=\"150\" height=\"150\" src=\"https:\/\/zxdoll.com\/wp-content\/uploads\/2025\/08\/kimberly-sex-doll-oRm43z14-150x150.jpg\" class=\"attachment-thumbnail size-thumbnail\" alt=\"\" title=\"\"><\/a><\/li><li><a data-fancybox=\"gallery823\" href=\"https:\/\/zxdoll.com\/wp-content\/uploads\/2025\/08\/kimberly-sex-doll-oRm43z15-533x800.jpg\" class=\"eig-popup\" title=\"\" data-caption=\"\" target=\"_blank\"><i class=\"icon-view\"><\/i><span class=\"overlay\"><\/span><img loading=\"lazy\" decoding=\"async\" width=\"150\" height=\"150\" src=\"https:\/\/zxdoll.com\/wp-content\/uploads\/2025\/08\/kimberly-sex-doll-oRm43z15-150x150.jpg\" class=\"attachment-thumbnail size-thumbnail\" alt=\"\" title=\"\"><\/a><\/li><li><a data-fancybox=\"gallery823\" href=\"https:\/\/zxdoll.com\/wp-content\/uploads\/2025\/08\/kimberly-sex-doll-oRm43z16-533x800.jpg\" class=\"eig-popup\" title=\"\" data-caption=\"\" target=\"_blank\"><i class=\"icon-view\"><\/i><span class=\"overlay\"><\/span><img loading=\"lazy\" decoding=\"async\" width=\"150\" height=\"150\" src=\"https:\/\/zxdoll.com\/wp-content\/uploads\/2025\/08\/kimberly-sex-doll-oRm43z16-150x150.jpg\" class=\"attachment-thumbnail size-thumbnail\" alt=\"\" title=\"\"><\/a><\/li><li><a data-fancybox=\"gallery823\" href=\"https:\/\/zxdoll.com\/wp-content\/uploads\/2025\/08\/kimberly-sex-doll-oRm43z17-1-533x800.jpg\" class=\"eig-popup\" title=\"\" data-caption=\"\" target=\"_blank\"><i class=\"icon-view\"><\/i><span class=\"overlay\"><\/span><img loading=\"lazy\" decoding=\"async\" width=\"150\" height=\"150\" src=\"https:\/\/zxdoll.com\/wp-content\/uploads\/2025\/08\/kimberly-sex-doll-oRm43z17-1-150x150.jpg\" class=\"attachment-thumbnail size-thumbnail\" alt=\"\" title=\"\"><\/a><\/li><li><a data-fancybox=\"gallery823\" href=\"https:\/\/zxdoll.com\/wp-content\/uploads\/2025\/08\/kimberly-sex-doll-oRm43z18-533x800.jpg\" class=\"eig-popup\" title=\"\" data-caption=\"\" target=\"_blank\"><i class=\"icon-view\"><\/i><span class=\"overlay\"><\/span><img loading=\"lazy\" decoding=\"async\" width=\"150\" height=\"150\" src=\"https:\/\/zxdoll.com\/wp-content\/uploads\/2025\/08\/kimberly-sex-doll-oRm43z18-150x150.jpg\" class=\"attachment-thumbnail size-thumbnail\" alt=\"\" title=\"\"><\/a><\/li><li><a data-fancybox=\"gallery823\" href=\"https:\/\/zxdoll.com\/wp-content\/uploads\/2025\/08\/kimberly-sex-doll-oRm43z19-533x800.jpg\" class=\"eig-popup\" title=\"\" data-caption=\"\" target=\"_blank\"><i class=\"icon-view\"><\/i><span class=\"overlay\"><\/span><img loading=\"lazy\" decoding=\"async\" width=\"150\" height=\"150\" src=\"https:\/\/zxdoll.com\/wp-content\/uploads\/2025\/08\/kimberly-sex-doll-oRm43z19-150x150.jpg\" class=\"attachment-thumbnail size-thumbnail\" alt=\"\" title=\"\"><\/a><\/li><li><a data-fancybox=\"gallery823\" href=\"https:\/\/zxdoll.com\/wp-content\/uploads\/2025\/08\/kimberly-sex-doll-oRm43z20-533x800.jpg\" class=\"eig-popup\" title=\"\" data-caption=\"\" target=\"_blank\"><i class=\"icon-view\"><\/i><span class=\"overlay\"><\/span><img loading=\"lazy\" decoding=\"async\" width=\"150\" height=\"150\" src=\"https:\/\/zxdoll.com\/wp-content\/uploads\/2025\/08\/kimberly-sex-doll-oRm43z20-150x150.jpg\" class=\"attachment-thumbnail size-thumbnail\" alt=\"\" title=\"\"><\/a><\/li><li><a data-fancybox=\"gallery823\" href=\"https:\/\/zxdoll.com\/wp-content\/uploads\/2025\/08\/kimberly-sex-doll-oRm43z21-533x800.jpg\" class=\"eig-popup\" title=\"\" data-caption=\"\" target=\"_blank\"><i class=\"icon-view\"><\/i><span class=\"overlay\"><\/span><img loading=\"lazy\" decoding=\"async\" width=\"150\" height=\"150\" src=\"https:\/\/zxdoll.com\/wp-content\/uploads\/2025\/08\/kimberly-sex-doll-oRm43z21-150x150.jpg\" class=\"attachment-thumbnail size-thumbnail\" alt=\"\" title=\"\"><\/a><\/li><li><a data-fancybox=\"gallery823\" href=\"https:\/\/zxdoll.com\/wp-content\/uploads\/2025\/08\/kimberly-sex-doll-oRm43z22-533x800.jpg\" class=\"eig-popup\" title=\"\" data-caption=\"\" target=\"_blank\"><i class=\"icon-view\"><\/i><span class=\"overlay\"><\/span><img loading=\"lazy\" decoding=\"async\" width=\"150\" height=\"150\" src=\"https:\/\/zxdoll.com\/wp-content\/uploads\/2025\/08\/kimberly-sex-doll-oRm43z22-150x150.jpg\" class=\"attachment-thumbnail size-thumbnail\" alt=\"\" title=\"\"><\/a><\/li><\/ul>\n<h4>Velikostn\u00ed tabulky<\/h4>\n<table width=\"292\">\n<tbody>\n<tr>\n<td width=\"153\">Materi\u00e1l<\/td>\n<td width=\"139\">TPE<\/td>\n<\/tr>\n<tr>\n<td>V\u00fd\u0161ka<\/td>\n<td>158 cm<\/td>\n<\/tr>\n<tr>\n<td>Linie prsou<\/td>\n<td>85 cm<\/td>\n<\/tr>\n<tr>\n<td>Linie pasu<\/td>\n<td>60 cm<\/td>\n<\/tr>\n<tr>\n<td>Hip Line<\/td>\n<td>85 cm<\/td>\n<\/tr>\n<tr>\n<td>\u0160\u00ed\u0159e ramen<\/td>\n<td>36 cm<\/td>\n<\/tr>\n<tr>\n<td>D\u00e9lka pa\u017ee<\/td>\n<td>65 cm<\/td>\n<\/tr>\n<tr>\n<td>D\u00e9lka nohy<\/td>\n<td>94 cm<\/td>\n<\/tr>\n<tr>\n<td>Velikost nohou<\/td>\n<td>22 cm<\/td>\n<\/tr>\n<tr>\n<td>Stehenn\u00ed linie<\/td>\n<td>48 cm<\/td>\n<\/tr>\n<tr>\n<td>Linie l\u00fdtek<\/td>\n<td>28 cm<\/td>\n<\/tr>\n<tr>\n<td>\u010cist\u00e1 hmotnost<\/td>\n<td>35 kg<\/td>\n<\/tr>\n<tr>\n<td>\u00dastn\u00ed hloubka<\/td>\n<td>13 cm<\/td>\n<\/tr>\n<tr>\n<td>Hloubka vag\u00edny<\/td>\n<td>18 cm<\/td>\n<\/tr>\n<tr>\n<td>An\u00e1ln\u00ed hloubka<\/td>\n<td>16 cm<\/td>\n<\/tr>\n<\/tbody>\n<\/table>\n<h4>O Sex Doll<\/h4>\n<p>&nbsp;<\/p>","protected":false},"excerpt":{"rendered":"<p>Sex Doll Obr\u00e1zky Velikostn\u00ed tabulky Materi\u00e1l TPE V\u00fd\u0161ka 158 cm Linie prsou 85 cm Linie pasu 60 cm Linie bok\u016f 85 cm \u0160\u00ed\u0159ka ramen<\/p>","protected":false},"featured_media":192733,"comment_status":"open","ping_status":"closed","template":"","meta":[],"product_brand":[],"product_cat":[253,112,229,116,102,107,119],"product_tag":[],"class_list":{"0":"post-192714","1":"product","2":"type-product","3":"status-publish","4":"has-post-thumbnail","6":"product_cat-253","7":"product_cat-150cm-159cm-sex-dolls","8":"product_cat-31kg-35kg","9":"product_cat-big-boobs-sex-doll","10":"product_cat-fantasy-sex-dolls","11":"product_cat-skinny-sex-dolls","12":"product_cat-tpe-sex-doll","13":"pa_brand-fire-doll","14":"tm-has-options","16":"first","17":"instock","18":"sale","19":"shipping-taxable","20":"purchasable","21":"product-type-simple"},"_links":{"self":[{"href":"https:\/\/zxdoll.com\/cs\/wp-json\/wp\/v2\/product\/192714","targetHints":{"allow":["GET"]}}],"collection":[{"href":"https:\/\/zxdoll.com\/cs\/wp-json\/wp\/v2\/product"}],"about":[{"href":"https:\/\/zxdoll.com\/cs\/wp-json\/wp\/v2\/types\/product"}],"replies":[{"embeddable":true,"href":"https:\/\/zxdoll.com\/cs\/wp-json\/wp\/v2\/comments?post=192714"}],"version-history":[{"count":1,"href":"https:\/\/zxdoll.com\/cs\/wp-json\/wp\/v2\/product\/192714\/revisions"}],"predecessor-version":[{"id":192758,"href":"https:\/\/zxdoll.com\/cs\/wp-json\/wp\/v2\/product\/192714\/revisions\/192758"}],"wp:featuredmedia":[{"embeddable":true,"href":"https:\/\/zxdoll.com\/cs\/wp-json\/wp\/v2\/media\/192733"}],"wp:attachment":[{"href":"https:\/\/zxdoll.com\/cs\/wp-json\/wp\/v2\/media?parent=192714"}],"wp:term":[{"taxonomy":"product_brand","embeddable":true,"href":"https:\/\/zxdoll.com\/cs\/wp-json\/wp\/v2\/product_brand?post=192714"},{"taxonomy":"product_cat","embeddable":true,"href":"https:\/\/zxdoll.com\/cs\/wp-json\/wp\/v2\/product_cat?post=192714"},{"taxonomy":"product_tag","embeddable":true,"href":"https:\/\/zxdoll.com\/cs\/wp-json\/wp\/v2\/product_tag?post=192714"}],"curies":[{"name":"wp","href":"https:\/\/api.w.org\/{rel}","templated":true}]}}