{"id":8534,"date":"2022-12-07T07:19:14","date_gmt":"2022-12-07T07:19:14","guid":{"rendered":"https:\/\/hoxdoll.com\/?page_id=8534"},"modified":"2024-04-03T14:00:52","modified_gmt":"2024-04-03T06:00:52","slug":"terms-and-conditions","status":"publish","type":"page","link":"https:\/\/zxdoll.com\/cs\/terms-and-conditions\/","title":{"rendered":"Pravidla a podm\u00ednky"},"content":{"rendered":"<div data-elementor-type=\"wp-page\" data-elementor-id=\"8534\" class=\"elementor elementor-8534\" data-elementor-post-type=\"page\">\n\t\t\t\t\t\t<section class=\"wd-negative-gap elementor-section elementor-top-section elementor-element elementor-element-6c754541 elementor-section-boxed elementor-section-height-default elementor-section-height-default\" data-id=\"6c754541\" data-element_type=\"section\" data-e-type=\"section\">\n\t\t\t\t\t\t<div class=\"elementor-container elementor-column-gap-default\">\n\t\t\t\t\t<div class=\"elementor-column elementor-col-100 elementor-top-column elementor-element elementor-element-7446fdb\" data-id=\"7446fdb\" data-element_type=\"column\" data-e-type=\"column\">\n\t\t\t<div class=\"elementor-widget-wrap elementor-element-populated\">\n\t\t\t\t\t\t<div class=\"elementor-element elementor-element-4d0f3a76 color-scheme-inherit text-left elementor-widget elementor-widget-text-editor\" data-id=\"4d0f3a76\" data-element_type=\"widget\" data-e-type=\"widget\" data-widget_type=\"text-editor.default\">\n\t\t\t\t<div class=\"elementor-widget-container\">\n\t\t\t\t\t\t\t\t\t\n<h2 class=\"wp-block-heading\">P\u0159ehled<\/h2>\n\n<p>Pou\u017e\u00edv\u00e1n\u00ed t\u011bchto webov\u00fdch str\u00e1nek se \u0159\u00edd\u00ed n\u00e1sleduj\u00edc\u00edmi podm\u00ednkami. Pou\u017e\u00edv\u00e1n\u00edm webov\u00e9 str\u00e1nky souhlas\u00edte s t\u011bmito podm\u00ednkami v pln\u00e9m rozsahu. Pokud n\u00e1hodou nesouhlas\u00edte s n\u011bkterou z t\u011bchto podm\u00ednek nebo s jakoukoli jejich \u010d\u00e1st\u00ed, nesm\u00edte tyto webov\u00e9 str\u00e1nky pou\u017e\u00edvat.<\/p>\n<p>Tento web pou\u017e\u00edv\u00e1 soubory cookie a pou\u017e\u00edv\u00e1n\u00edm tohoto webu a souhlasem s na\u0161imi podm\u00ednkami souhlas\u00edte s pou\u017e\u00edv\u00e1n\u00edm soubor\u016f cookie ze strany zxdoll.com ve smyslu z\u00e1sad ochrany osobn\u00edch \u00fadaj\u016f\/cookies webu zxdoll.com.<\/p>\n<p>Mus\u00edte si uv\u011bdomit, \u017ee webov\u00e1 str\u00e1nka adresy zxdoll.com m\u016f\u017ee m\u00edt obsah, kter\u00fd se n\u011bkter\u00fdm u\u017eivatel\u016fm nemus\u00ed l\u00edbit, a je ur\u010dena pouze pro dosp\u011bl\u00e9. Webov\u00e9 str\u00e1nky m\u016f\u017eete pou\u017e\u00edvat pouze pokud je v\u00e1m 18 a v\u00edce let.<\/p>\n\t\t\t\t\t\t\t\t<\/div>\n\t\t\t\t<\/div>\n\t\t\t\t<div class=\"elementor-element elementor-element-f327b42 color-scheme-inherit text-left elementor-widget elementor-widget-text-editor\" data-id=\"f327b42\" data-element_type=\"widget\" data-e-type=\"widget\" data-widget_type=\"text-editor.default\">\n\t\t\t\t<div class=\"elementor-widget-container\">\n\t\t\t\t\t\t\t\t\t\n<h2 class=\"wp-block-heading\">Nesm\u00edte:<\/h2>\n\n\n\n<ul>\n<li>Upravte nebo znovu pou\u017eijte jak\u00fdkoli n\u00e1\u0161 materi\u00e1l (v\u010detn\u011b duplikace na kop\u00edrovanou webovou str\u00e1nku.)<\/li>\n<li>\nProd\u00e1vejte, p\u016fj\u010dujte nebo pir\u00e1tte jak\u00fdkoli materi\u00e1l z na\u0161ich webov\u00fdch str\u00e1nek.\n<\/li>\n<li>\nVe\u0159ejn\u011b zobrazujte jak\u00fdkoli materi\u00e1l z na\u0161ich webov\u00fdch str\u00e1nek.\n<\/li>\n<li>\nReplikovat, kop\u00edrovat nebo reprodukovat nebo jinak vyu\u017e\u00edvat jak\u00fdkoli materi\u00e1l na t\u00e9to webov\u00e9 str\u00e1nce pro komer\u010dn\u00ed \u00fa\u010dely.\n<\/li>\n<li>\nUpravit nebo jakkoli zm\u011bnit cokoli na webu.\n<\/li>\n<li>\nRecyklujte materi\u00e1l z webov\u00e9 str\u00e1nky, pokud jej\u00ed obsah nen\u00ed ur\u010den\/zp\u0159\u00edstupn\u011bn pro dal\u0161\u00ed distribuci.\n<\/li>\n<\/ul>\n\t\t\t\t\t\t\t\t<\/div>\n\t\t\t\t<\/div>\n\t\t\t\t<div class=\"elementor-element elementor-element-9f37b95 color-scheme-inherit text-left elementor-widget elementor-widget-text-editor\" data-id=\"9f37b95\" data-element_type=\"widget\" data-e-type=\"widget\" data-widget_type=\"text-editor.default\">\n\t\t\t\t<div class=\"elementor-widget-container\">\n\t\t\t\t\t\t\t\t\t\n<h2 class=\"wp-block-heading\">U\u017eivatelsk\u00fd obsah:<\/h2>\n\n<ul>\n<li>V podm\u00ednk\u00e1ch \u201eobsah vlastn\u011bn\u00fd u\u017eivatelem\u201c se rozum\u00ed podrobnosti (v\u010detn\u011b a bez omezen\u00ed na text, obr\u00e1zky, zvukov\u00e9 podrobnosti, podrobnosti o videu a audiovizu\u00e1ln\u00ed informace) odeslan\u00e9 na webovou str\u00e1nku kdykoli.<\/li>\n<li>D\u00e1v\u00e1te zxdoll.com celosv\u011btov\u011b v\u00fdslovn\u00e9, bezplatn\u00e9 licence k pou\u017eit\u00ed, reprodukci, \u00faprav\u011b, p\u0159ekladu a tak\u00e9 distribuci va\u0161eho obsahu vlastn\u011bn\u00e9ho u\u017eivatelem ve st\u00e1vaj\u00edc\u00edch nebo budouc\u00edch m\u00e9di\u00edch.<\/li>\n<li>Ud\u011blujete tak\u00e9 zxdoll.com pr\u00e1vo ud\u011blovat sublicence na pr\u00e1va a pr\u00e1vo podniknout kroky v p\u0159\u00edpad\u011b poru\u0161en\u00ed jak\u00e9hokoli druhu t\u011bchto pr\u00e1v.<\/li>\n<li>V\u00e1\u0161 u\u017eivatelsk\u00fd obsah mus\u00ed b\u00fdt v mez\u00edch z\u00e1kona a nesm\u00ed poru\u0161ovat z\u00e1konn\u00e1 pr\u00e1va \u017e\u00e1dn\u00e9 t\u0159et\u00ed strany. Tak\u00e9 to nesm\u00ed b\u00fdt druh, kter\u00fd m\u016f\u017ee v\u00e9st k pr\u00e1vn\u00ed bitv\u011b proti v\u00e1m, zxdoll.com nebo t\u0159et\u00ed stran\u011b podle v\u0161ech platn\u00fdch z\u00e1kon\u016f.<\/li>\n<li>Na webov\u00e9 str\u00e1nky nem\u016f\u017eete vkl\u00e1dat \u017e\u00e1dn\u00fd obsah, kter\u00fd byl p\u0159edm\u011btem vyhro\u017eov\u00e1n\u00ed nebo pr\u00e1vn\u00ed st\u00ed\u017enosti.<\/li>\n<li>Zdoll.com si vyhrazuje pr\u00e1vo upravit nebo odstranit jak\u00fdkoli materi\u00e1l p\u0159edlo\u017een\u00fd nebo ulo\u017een\u00fd na na\u0161ich serverech, hostovan\u00fd nebo publikovan\u00fd na na\u0161ich webov\u00fdch str\u00e1nk\u00e1ch.<\/li>\n<li>Bez ohledu na pr\u00e1va zxdoll.com podle podm\u00ednek t\u00fdkaj\u00edc\u00edch se u\u017eivatelsk\u00e9ho obsahu se nikdy nezavazujeme sledovat odes\u00edl\u00e1n\u00ed nebo zve\u0159ej\u0148ov\u00e1n\u00ed takov\u00e9ho obsahu na na\u0161ich webov\u00fdch str\u00e1nk\u00e1ch.<\/li>\n<\/ul>\n\t\t\t\t\t\t\t\t<\/div>\n\t\t\t\t<\/div>\n\t\t\t\t<div class=\"elementor-element elementor-element-9cc508b color-scheme-inherit text-left elementor-widget elementor-widget-text-editor\" data-id=\"9cc508b\" data-element_type=\"widget\" data-e-type=\"widget\" data-widget_type=\"text-editor.default\">\n\t\t\t\t<div class=\"elementor-widget-container\">\n\t\t\t\t\t\t\t\t\t\n<h2 class=\"wp-block-heading\">Dal\u0161\u00ed strany:<\/h2>\n\n<p>Souhlas\u00edte s t\u00edm, \u017ee jako subjekt s omezenou odpov\u011bdnost\u00ed m\u00e1 zxdoll.com z\u00e1jem na omezen\u00ed osobn\u00edch z\u00e1vazk\u016f v\u0161ech sv\u00fdch \u00fa\u0159edn\u00edk\u016f a zam\u011bstnanc\u016f. Souhlas\u00edme s t\u00edm, \u017ee nebudete osobn\u011b vzn\u00e1\u0161et \u017e\u00e1dn\u00e9 n\u00e1roky na na\u0161e \u00fa\u0159edn\u00edky nebo zam\u011bstnance t\u00fdkaj\u00edc\u00ed se jak\u00fdchkoli ztr\u00e1t, kter\u00e9 byste mohli utrp\u011bt v souvislosti s webovou str\u00e1nkou.<\/p>\n<p>Bez ohledu na p\u0159edchoz\u00ed odstavec souhlas\u00edte s t\u00edm, \u017ee z\u00e1ruky a z\u00e1vazky uveden\u00e9 v prohl\u00e1\u0161en\u00ed o vylou\u010den\u00ed odpov\u011bdnosti z t\u00e9to webov\u00e9 str\u00e1nky budou chr\u00e1nit \u00fa\u0159edn\u00edky, zam\u011bstnance, z\u00e1stupce, dce\u0159in\u00e9 spole\u010dnosti, postupn\u00edky, n\u00e1stupce, subdodavatele a zxdoll.com samotnou.<\/p>\n\t\t\t\t\t\t\t\t<\/div>\n\t\t\t\t<\/div>\n\t\t\t\t<div class=\"elementor-element elementor-element-1357fd3 color-scheme-inherit text-left elementor-widget elementor-widget-text-editor\" data-id=\"1357fd3\" data-element_type=\"widget\" data-e-type=\"widget\" data-widget_type=\"text-editor.default\">\n\t\t\t\t<div class=\"elementor-widget-container\">\n\t\t\t\t\t\t\t\t\t\n<h2 class=\"wp-block-heading\">Poru\u0161en\u00ed t\u011bchto podm\u00ednek:<\/h2>\n\n<p>Bez p\u0159edispozice k dal\u0161\u00edm pr\u00e1v\u016fm zxdoll.com podle smluvn\u00edch podm\u00ednek, pokud dojde jak\u00fdmkoli zp\u016fsobem k poru\u0161en\u00ed z va\u0161\u00ed strany, zxdoll.com m\u016f\u017ee podniknout jak\u00e9koli kroky, kter\u00e9 uzn\u00e1 za vhodn\u00e9 k \u0159e\u0161en\u00ed tohoto poru\u0161en\u00ed, v\u010detn\u011b:<\/p>\n<p>bu\u010f pozastaven\u00edm va\u0161eho p\u0159\u00edstupu na webovou str\u00e1nku, nebo z\u00e1kazem vstupu, zablokov\u00e1n\u00edm p\u0159\u00edstupu na webovou str\u00e1nku po\u010d\u00edta\u010d\u016fm pod va\u0161\u00ed IP adresou, po\u017e\u00e1d\u00e1n\u00edm va\u0161eho poskytovatele slu\u017eeb o zablokov\u00e1n\u00ed va\u0161eho p\u0159\u00edstupu na webovou str\u00e1nku nebo zah\u00e1jen\u00edm soudn\u00edho \u0159\u00edzen\u00ed proti v\u00e1m.<\/p>\n\t\t\t\t\t\t\t\t<\/div>\n\t\t\t\t<\/div>\n\t\t\t\t<div class=\"elementor-element elementor-element-1a84d8e color-scheme-inherit text-left elementor-widget elementor-widget-text-editor\" data-id=\"1a84d8e\" data-element_type=\"widget\" data-e-type=\"widget\" data-widget_type=\"text-editor.default\">\n\t\t\t\t<div class=\"elementor-widget-container\">\n\t\t\t\t\t\t\t\t\t\n<h2 class=\"wp-block-heading\">\u00dakol:<\/h2>\n\n<p>zxdoll.com si ponech\u00e1v\u00e1 pr\u00e1va p\u0159ev\u00e9st, d\u00e1le pronaj\u00edmat nebo jinak nakl\u00e1dat s pr\u00e1vy a\/nebo povinnostmi zxdoll.com podle podm\u00ednek podm\u00ednek, ani\u017e by bylo nutn\u00e9 v\u00e1s informovat nebo \u017e\u00e1dat o va\u0161e povolen\u00ed.<\/p>\n<p>Nejste opr\u00e1vn\u011bni p\u0159ev\u00e1d\u011bt, d\u00e1le pronaj\u00edmat nebo jinak nakl\u00e1dat s pr\u00e1vy a\/nebo povinnostmi zxdoll podle t\u011bchto podm\u00ednek.<\/p>\n\t\t\t\t\t\t\t\t<\/div>\n\t\t\t\t<\/div>\n\t\t\t\t<div class=\"elementor-element elementor-element-6ce1024 color-scheme-inherit text-left elementor-widget elementor-widget-text-editor\" data-id=\"6ce1024\" data-element_type=\"widget\" data-e-type=\"widget\" data-widget_type=\"text-editor.default\">\n\t\t\t\t<div class=\"elementor-widget-container\">\n\t\t\t\t\t\t\t\t\t\n<h2 class=\"wp-block-heading\">Cel\u00fd souhlas:<\/h2>\n\n<p>Tyto smluvn\u00ed podm\u00ednky spolu se Z\u00e1sadami ochrany osobn\u00edch \u00fadaj\u016f zxdoll tvo\u0159\u00ed \u00faplnou dohodu mezi v\u00e1mi a zxdoll.com ve vztahu k va\u0161emu pou\u017e\u00edv\u00e1n\u00ed t\u00e9to webov\u00e9 str\u00e1nky a uplat\u0148uj\u00ed v\u0161echny p\u0159edchoz\u00ed dohody t\u00fdkaj\u00edc\u00ed se va\u0161eho pou\u017e\u00edv\u00e1n\u00ed t\u00e9to webov\u00e9 str\u00e1nky.<\/p>\n\t\t\t\t\t\t\t\t<\/div>\n\t\t\t\t<\/div>\n\t\t\t\t<div class=\"elementor-element elementor-element-5a0ea1b color-scheme-inherit text-left elementor-widget elementor-widget-text-editor\" data-id=\"5a0ea1b\" data-element_type=\"widget\" data-e-type=\"widget\" data-widget_type=\"text-editor.default\">\n\t\t\t\t<div class=\"elementor-widget-container\">\n\t\t\t\t\t\t\t\t\t\n<h2 class=\"wp-block-heading\">Licence k pou\u017e\u00edv\u00e1n\u00ed webu:<\/h2>\n\n<p>Nen\u00ed-li uvedeno jinak, www.zxdoll.com a jej\u00ed poskytovatel\u00e9 licenc\u00ed vlastn\u00ed materi\u00e1ly a cel\u00e1 pr\u00e1va du\u0161evn\u00edho vlastnictv\u00ed na webov\u00fdch str\u00e1nk\u00e1ch. V\u0161echna tato pr\u00e1va du\u0161evn\u00edho vlastnictv\u00ed jsou dr\u017eena na z\u00e1klad\u011b licence.<\/p>\n<p>M\u016f\u017eete stahovat a prohl\u00ed\u017eet pro \u00fa\u010dely ukl\u00e1d\u00e1n\u00ed do mezipam\u011bti (pouze!), tisknout str\u00e1nky, u\u017eivatelsk\u00e9 p\u0159\u00edru\u010dky a dal\u0161\u00ed informace o produktech pro osobn\u00ed pou\u017eit\u00ed, pokud se na v\u00e1s vztahuj\u00ed omezen\u00ed uveden\u00e1 n\u00ed\u017ee v t\u011bchto podm\u00ednk\u00e1ch.<\/p>\n\t\t\t\t\t\t\t\t<\/div>\n\t\t\t\t<\/div>\n\t\t\t\t<div class=\"elementor-element elementor-element-58dcb3e color-scheme-inherit text-left elementor-widget elementor-widget-text-editor\" data-id=\"58dcb3e\" data-element_type=\"widget\" data-e-type=\"widget\" data-widget_type=\"text-editor.default\">\n\t\t\t\t<div class=\"elementor-widget-container\">\n\t\t\t\t\t\t\t\t\t\n<h2 class=\"wp-block-heading\">P\u0159ijateln\u00e9 pou\u017eit\u00ed:<\/h2>\n<ul>\n<li>Webov\u00e9 str\u00e1nky nesm\u00edte pou\u017e\u00edvat zp\u016fsobem, kter\u00fd zp\u016fsobuje nebo by mohl zp\u016fsobit po\u0161kozen\u00ed webu nebo naru\u0161en\u00ed p\u0159\u00edstupnosti nebo dostupnosti webu nebo jak\u00fdmkoli zp\u016fsobem, kter\u00fd je nebo je ve spojen\u00ed s nez\u00e1konn\u00fdm, nez\u00e1konn\u00fdm, podvodn\u00fdm nebo \u0161kodliv\u00e9 \u00fa\u010dely nebo \u010dinnosti<\/li>\n<li>Webov\u00e9 str\u00e1nky nesm\u00edte pou\u017e\u00edvat k duplikov\u00e1n\u00ed, ukl\u00e1d\u00e1n\u00ed, hostov\u00e1n\u00ed, odes\u00edl\u00e1n\u00ed, pou\u017e\u00edv\u00e1n\u00ed, p\u0159ij\u00edm\u00e1n\u00ed, publikov\u00e1n\u00ed nebo distribuci dat, kter\u00e1 obsahuj\u00ed (nebo jsou s nimi propojena) spyware, po\u010d\u00edta\u010dov\u00e9 viry, trojsk\u00e9 kon\u011b, \u010dervy, rootkity, programy pro z\u00e1znam \u00fahoz\u016f nebo jin\u00fd \u0161kodliv\u00fd po\u010d\u00edta\u010d. software.<\/li>\n<li>Bez na\u0161eho v\u00fdslovn\u00e9ho p\u00edsemn\u00e9ho svolen\u00ed nesm\u00edte v souvislosti s touto webovou str\u00e1nkou prov\u00e1d\u011bt systematick\u00e9 nebo automatizovan\u00e9 slu\u017eby shroma\u017e\u010fov\u00e1n\u00ed dat (v\u010detn\u011b a bez omezen\u00ed na \u0161kr\u00e1b\u00e1n\u00ed, dolov\u00e1n\u00ed dat, t\u011b\u017ebu a t\u011b\u017ebu).<\/li>\n<li>Tuto webovou str\u00e1nku nesm\u00edte pou\u017e\u00edvat k p\u0159enosu nebo zas\u00edl\u00e1n\u00ed nevy\u017e\u00e1dan\u00fdch komer\u010dn\u00edch konverzac\u00ed.<\/li>\n<li>Tuto webovou str\u00e1nku nesm\u00edte pou\u017e\u00edvat pro \u00fa\u010dely souvisej\u00edc\u00ed s marketingem bez absolutn\u00edho p\u00edsemn\u00e9ho souhlasu zxdoll.com.<\/li>\n<\/ul>\n\t\t\t\t\t\t\t\t<\/div>\n\t\t\t\t<\/div>\n\t\t\t\t<div class=\"elementor-element elementor-element-d382a76 color-scheme-inherit text-left elementor-widget elementor-widget-text-editor\" data-id=\"d382a76\" data-element_type=\"widget\" data-e-type=\"widget\" data-widget_type=\"text-editor.default\">\n\t\t\t\t<div class=\"elementor-widget-container\">\n\t\t\t\t\t\t\t\t\t\n<h2 class=\"wp-block-heading\">Omezen\u00ed odpov\u011bdnosti:<\/h2>\n\n<p>Zxdoll v\u016f\u010di v\u00e1m nenese odpov\u011bdnost (podle z\u00e1kona o p\u0159estupc\u00edch, z\u00e1kona o styku nebo jinak) v souvislosti s obsahem nebo jinak v souvislosti s touto webovou str\u00e1nkou, zejm\u00e9na proto, \u017ee tato str\u00e1nka je poskytov\u00e1na bezplatn\u011b za jak\u00e9koli p\u0159\u00edm\u00e9 ztr\u00e1ty.<\/p>\n<p>Za jakoukoli nep\u0159\u00edmou, zvl\u00e1\u0161tn\u00ed nebo podstatnou ztr\u00e1tu nebo za jak\u00e9koli obchodn\u00ed ztr\u00e1ty, ztr\u00e1ty p\u0159\u00edjm\u016f, p\u0159\u00edjm\u016f, zisk\u016f nebo o\u010dek\u00e1van\u00fdch \u00faspor, ztr\u00e1tu smlouvy nebo obchodn\u00edch vztah\u016f, po\u0161kozen\u00ed pov\u011bsti nebo dobr\u00e9ho jm\u00e9na, ztr\u00e1tu nebo po\u0161kozen\u00ed informac\u00ed nebo dat.<\/p>\n<p>Tato omezen\u00ed se vztahuj\u00ed na z\u00e1vazky, i kdy\u017e byla zxdoll.com jasn\u011b a \u010destn\u011b informov\u00e1na o mo\u017en\u00e9 ztr\u00e1t\u011b.<\/p>\n\t\t\t\t\t\t\t\t<\/div>\n\t\t\t\t<\/div>\n\t\t\t\t<div class=\"elementor-element elementor-element-092f8a7 color-scheme-inherit text-left elementor-widget elementor-widget-text-editor\" data-id=\"092f8a7\" data-element_type=\"widget\" data-e-type=\"widget\" data-widget_type=\"text-editor.default\">\n\t\t\t\t<div class=\"elementor-widget-container\">\n\t\t\t\t\t\t\t\t\t\n<h2 class=\"wp-block-heading\">P\u0159im\u011b\u0159enost:<\/h2>\n\n\n\n<p>Pou\u017e\u00edv\u00e1n\u00edm t\u00e9to webov\u00e9 str\u00e1nky souhlas\u00edte s t\u00edm, \u017ee v\u00fdjimky a omezen\u00ed odpov\u011bdnosti uveden\u00e9 v prohl\u00e1\u0161en\u00ed o vylou\u010den\u00ed odpov\u011bdnosti na t\u00e9to webov\u00e9 str\u00e1nce jsou p\u0159im\u011b\u0159en\u00e9.<\/p>\n<p>Pokud s t\u00edm nesouhlas\u00edte, nesm\u00edte tento web pou\u017e\u00edvat. <\/p>\n\t\t\t\t\t\t\t\t<\/div>\n\t\t\t\t<\/div>\n\t\t\t\t<div class=\"elementor-element elementor-element-9900a6d color-scheme-inherit text-left elementor-widget elementor-widget-text-editor\" data-id=\"9900a6d\" data-element_type=\"widget\" data-e-type=\"widget\" data-widget_type=\"text-editor.default\">\n\t\t\t\t<div class=\"elementor-widget-container\">\n\t\t\t\t\t\t\t\t\t\n<h2 class=\"wp-block-heading\">Nevymahateln\u00e1 ustanoven\u00ed:<\/h2>\n\n\n\n<p>Pokud bude n\u011bkter\u00e1 ustanoven\u00ed webov\u00e9 str\u00e1nky shled\u00e1na jako nevymahateln\u00e1 podle platn\u00fdch z\u00e1kon\u016f, ostatn\u00ed ustanoven\u00ed webov\u00e9 str\u00e1nky o vylou\u010den\u00ed odpov\u011bdnosti budou fungovat, proto\u017ee nebudou ovlivn\u011bna.<\/p>\n\t\t\t\t\t\t\t\t<\/div>\n\t\t\t\t<\/div>\n\t\t\t\t<div class=\"elementor-element elementor-element-81b2ecb color-scheme-inherit text-left elementor-widget elementor-widget-text-editor\" data-id=\"81b2ecb\" data-element_type=\"widget\" data-e-type=\"widget\" data-widget_type=\"text-editor.default\">\n\t\t\t\t<div class=\"elementor-widget-container\">\n\t\t\t\t\t\t\t\t\t\n<h2 class=\"wp-block-heading\">Od\u0161kodn\u011bn\u00ed:<\/h2>\n\n<p>V budoucnu od\u0161kodn\u00edte zxdoll.com a zavazujete se, \u017ee budete zxdoll.com od\u0161kodnit za v\u0161echny ztr\u00e1ty, po\u0161kozen\u00ed, n\u00e1klady, odpov\u011bdnost a v\u00fddaje (bez omezen\u00ed na pr\u00e1vn\u00ed v\u00fddaje nebo \u010d\u00e1stky zaplacen\u00e9 zxdoll.com t\u0159et\u00ed stran\u011b za urovn\u00e1n\u00ed n\u00e1rok\u016f nebo spor\u016f na radu pr\u00e1vn\u00edch poradc\u016f zxdoll.com) z\u00edskan\u00e9 nebo utrp\u011bn\u00e9 zxdoll.com v d\u016fsledku jak\u00e9hokoli nespr\u00e1vn\u00e9ho kroku z va\u0161\u00ed strany t\u011bchto podm\u00ednek a podm\u00ednek nebo vznikl\u00e9 z d\u016fvodu jak\u00fdchkoli n\u00e1rok\u016f z va\u0161eho poru\u0161en\u00ed kter\u00e9koli z t\u011bchto podm\u00ednek.<\/p>\n\t\t\t\t\t\t\t\t<\/div>\n\t\t\t\t<\/div>\n\t\t\t\t<div class=\"elementor-element elementor-element-2c7d2f2 color-scheme-inherit text-left elementor-widget elementor-widget-text-editor\" data-id=\"2c7d2f2\" data-element_type=\"widget\" data-e-type=\"widget\" data-widget_type=\"text-editor.default\">\n\t\t\t\t<div class=\"elementor-widget-container\">\n\t\t\t\t\t\t\t\t\t\n<h2 class=\"wp-block-heading\">Variace:<\/h2>\n\n<p>Zxdoll.com m\u016f\u017ee tyto podm\u00ednky p\u0159\u00edle\u017eitostn\u011b zm\u011bnit. Revidovan\u00e9 podm\u00ednky budou platit od data zve\u0159ejn\u011bn\u00ed upraven\u00fdch podm\u00ednek na t\u00e9to str\u00e1nce. Pravideln\u011b pros\u00edm kontrolujte str\u00e1nku, abyste se ujistili, \u017ee jste v\u017edy obezn\u00e1meni s aktu\u00e1ln\u00edmi verzemi.<\/p>\n\t\t\t\t\t\t\t\t<\/div>\n\t\t\t\t<\/div>\n\t\t\t\t<div class=\"elementor-element elementor-element-e355b0c color-scheme-inherit text-left elementor-widget elementor-widget-text-editor\" data-id=\"e355b0c\" data-element_type=\"widget\" data-e-type=\"widget\" data-widget_type=\"text-editor.default\">\n\t\t\t\t<div class=\"elementor-widget-container\">\n\t\t\t\t\t\t\t\t\t\n<h2 class=\"wp-block-heading\">Odd\u011blitelnost:<\/h2>\n\n\n\n<p>Pokud bude dod\u00e1n\u00ed t\u011bchto podm\u00ednek pova\u017eov\u00e1no soudem nebo org\u00e1nem \u010dinn\u00fdm v trestn\u00edm \u0159\u00edzen\u00ed za nez\u00e1konn\u00e9 nebo nevymahateln\u00e9, ostatn\u00ed kodicily budou nad\u00e1le fungovat. Pokud by n\u011bkter\u00e1 jeho \u010d\u00e1st byla shled\u00e1na nefunk\u010dn\u00ed nebo nez\u00e1konnou, bude tato \u010d\u00e1st pova\u017eov\u00e1na za vymazanou, ale zbytek ustanoven\u00ed bude nad\u00e1le v platnosti.<\/p>\n\t\t\t\t\t\t\t\t<\/div>\n\t\t\t\t<\/div>\n\t\t\t\t<div class=\"elementor-element elementor-element-800a0e3 color-scheme-inherit text-left elementor-widget elementor-widget-text-editor\" data-id=\"800a0e3\" data-element_type=\"widget\" data-e-type=\"widget\" data-widget_type=\"text-editor.default\">\n\t\t\t\t<div class=\"elementor-widget-container\">\n\t\t\t\t\t\t\t\t\t\n<h2 class=\"wp-block-heading\">Pr\u00e1vo a jurisdikce:<\/h2>\n\n\n\n<p>Tyto podm\u00ednky slu\u017eby a jak\u00e9koli dal\u0161\u00ed dohody, kter\u00e9 v\u00e1m poskytneme, se budou \u0159\u00eddit a vykon\u00e1vat podle z\u00e1kon\u016f Spojen\u00e9ho kr\u00e1lovstv\u00ed a jak\u00e9koli spory t\u00fdkaj\u00edc\u00ed se t\u011bchto podm\u00ednek budou nyn\u00ed podl\u00e9hat zvl\u00e1\u0161tn\u00ed jurisdikci m\u00edstn\u00edch soud\u016f.<\/p>\n\t\t\t\t\t\t\t\t<\/div>\n\t\t\t\t<\/div>\n\t\t\t\t\t<\/div>\n\t\t<\/div>\n\t\t\t\t\t<\/div>\n\t\t<\/section>\n\t\t\t\t<\/div>","protected":false},"excerpt":{"rendered":"<p>P\u0159ehled N\u00e1sleduj\u00edc\u00ed smluvn\u00ed podm\u00ednky \u0159\u00edd\u00ed pou\u017e\u00edv\u00e1n\u00ed t\u00e9to webov\u00e9 str\u00e1nky. Pou\u017e\u00edv\u00e1n\u00edm webov\u00e9 str\u00e1nky vy<\/p>","protected":false},"author":4,"featured_media":0,"parent":0,"menu_order":0,"comment_status":"closed","ping_status":"closed","template":"","meta":{"footnotes":""},"class_list":["post-8534","page","type-page","status-publish","hentry"],"_links":{"self":[{"href":"https:\/\/zxdoll.com\/cs\/wp-json\/wp\/v2\/pages\/8534","targetHints":{"allow":["GET"]}}],"collection":[{"href":"https:\/\/zxdoll.com\/cs\/wp-json\/wp\/v2\/pages"}],"about":[{"href":"https:\/\/zxdoll.com\/cs\/wp-json\/wp\/v2\/types\/page"}],"author":[{"embeddable":true,"href":"https:\/\/zxdoll.com\/cs\/wp-json\/wp\/v2\/users\/4"}],"replies":[{"embeddable":true,"href":"https:\/\/zxdoll.com\/cs\/wp-json\/wp\/v2\/comments?post=8534"}],"version-history":[{"count":1,"href":"https:\/\/zxdoll.com\/cs\/wp-json\/wp\/v2\/pages\/8534\/revisions"}],"predecessor-version":[{"id":155674,"href":"https:\/\/zxdoll.com\/cs\/wp-json\/wp\/v2\/pages\/8534\/revisions\/155674"}],"wp:attachment":[{"href":"https:\/\/zxdoll.com\/cs\/wp-json\/wp\/v2\/media?parent=8534"}],"curies":[{"name":"wp","href":"https:\/\/api.w.org\/{rel}","templated":true}]}}