{"id":12,"date":"2022-12-08T13:39:14","date_gmt":"2022-12-08T13:39:14","guid":{"rendered":"https:\/\/hoxdoll.com\/?page_id=12"},"modified":"2024-04-03T13:55:38","modified_gmt":"2024-04-03T05:55:38","slug":"payment-guide","status":"publish","type":"page","link":"https:\/\/zxdoll.com\/cs\/payment-guide\/","title":{"rendered":"Pr\u016fvodce platbami"},"content":{"rendered":"<div data-elementor-type=\"wp-page\" data-elementor-id=\"12\" class=\"elementor elementor-12\" data-elementor-post-type=\"page\">\n\t\t\t\t\t\t<section class=\"wd-negative-gap elementor-section elementor-top-section elementor-element elementor-element-5d010537 elementor-section-boxed elementor-section-height-default elementor-section-height-default\" data-id=\"5d010537\" data-element_type=\"section\" data-e-type=\"section\">\n\t\t\t\t\t\t<div class=\"elementor-container elementor-column-gap-default\">\n\t\t\t\t\t<div class=\"elementor-column elementor-col-100 elementor-top-column elementor-element elementor-element-26fff623\" data-id=\"26fff623\" data-element_type=\"column\" data-e-type=\"column\">\n\t\t\t<div class=\"elementor-widget-wrap elementor-element-populated\">\n\t\t\t\t\t\t<div class=\"elementor-element elementor-element-4b8f7ed1 color-scheme-inherit text-left elementor-widget elementor-widget-text-editor\" data-id=\"4b8f7ed1\" data-element_type=\"widget\" data-e-type=\"widget\" data-widget_type=\"text-editor.default\">\n\t\t\t\t<div class=\"elementor-widget-container\">\n\t\t\t\t\t\t\t\t\t\n<h3>Nakupov\u00e1n\u00ed u panenky zx je bezpe\u010dn\u00e9, rychl\u00e9 a pohodln\u00e9. Zp\u016fsoby platby jsou uvedeny n\u00ed\u017ee:<\/h3>\n\n<p>\u00a0<\/p>\t\t\t\t\t\t\t\t<\/div>\n\t\t\t\t<\/div>\n\t\t\t\t<div class=\"elementor-element elementor-element-2383ab1 wd-width-100 elementor-widget elementor-widget-wd_title\" data-id=\"2383ab1\" data-element_type=\"widget\" data-e-type=\"widget\" data-widget_type=\"wd_title.default\">\n\t\t\t\t<div class=\"elementor-widget-container\">\n\t\t\t\t\t\t\t<div class=\"title-wrapper wd-set-mb reset-last-child wd-title-color-primary wd-title-style-underlined wd-title-size-custom text-left\">\n\n\t\t\t\n\t\t\t<div class=\"liner-continer\">\n\t\t\t\t<h4 class=\"woodmart-title-container title\">1. Paypal<\/h4> \n\t\t\t\t\t\t\t<\/div>\n\n\t\t\t\t\t<\/div>\n\t\t\t\t\t\t<\/div>\n\t\t\t\t<\/div>\n\t\t\t\t<div class=\"elementor-element elementor-element-05a5752 elementor-widget elementor-widget-wd_text_block\" data-id=\"05a5752\" data-element_type=\"widget\" data-e-type=\"widget\" data-widget_type=\"wd_text_block.default\">\n\t\t\t\t<div class=\"elementor-widget-container\">\n\t\t\t\t\t\t\t<div class=\"wd-text-block reset-last-child text-left\">\n\t\t\t\n\t\t\t<p>M\u016f\u017eete prov\u00e1d\u011bt platby prost\u0159ednictv\u00edm PayPal; p\u0159es PayPal m\u016f\u017eete platit debetn\u00ed\/kreditn\u00ed kartou i bez otev\u0159en\u00ed \u00fa\u010dtu na platform\u011b.<\/p>\n<p>Vezm\u011bte pros\u00edm na v\u011bdom\u00ed, \u017ee pokud se platba nezda\u0159\u00ed, m\u016f\u017eete m\u00edsto toho p\u0159ev\u00e9st na n\u00e1\u0161 \u00fa\u010det PayPal. Aby to fungovalo, mus\u00edte si poznamenat \u010d\u00edslo objedn\u00e1vky, proto\u017ee se nemohou objevit citliv\u00e1 slova t\u00fdkaj\u00edc\u00ed se sexu\u00e1ln\u00edch panenek.<\/p>\n<p>Je to bezpe\u010dn\u00e9 a jste chr\u00e1n\u011bni z\u00e1sadami ochrany kupuj\u00edc\u00edch uplat\u0148ovan\u00fdmi spole\u010dnost\u00ed PayPal.<\/p>\n\t\t\t\t\t<\/div>\n\t\t\t\t\t\t<\/div>\n\t\t\t\t<\/div>\n\t\t\t\t<div class=\"elementor-element elementor-element-284b90e wd-width-100 elementor-widget elementor-widget-wd_title\" data-id=\"284b90e\" data-element_type=\"widget\" data-e-type=\"widget\" data-widget_type=\"wd_title.default\">\n\t\t\t\t<div class=\"elementor-widget-container\">\n\t\t\t\t\t\t\t<div class=\"title-wrapper wd-set-mb reset-last-child wd-title-color-primary wd-title-style-underlined wd-title-size-custom text-left\">\n\n\t\t\t\n\t\t\t<div class=\"liner-continer\">\n\t\t\t\t<h4 class=\"woodmart-title-container title\">2. Kreditn\u00ed karta<\/h4> \n\t\t\t\t\t\t\t<\/div>\n\n\t\t\t\t\t<\/div>\n\t\t\t\t\t\t<\/div>\n\t\t\t\t<\/div>\n\t\t\t\t<div class=\"elementor-element elementor-element-50a1f1a elementor-widget elementor-widget-wd_text_block\" data-id=\"50a1f1a\" data-element_type=\"widget\" data-e-type=\"widget\" data-widget_type=\"wd_text_block.default\">\n\t\t\t\t<div class=\"elementor-widget-container\">\n\t\t\t\t\t\t\t<div class=\"wd-text-block reset-last-child text-left\">\n\t\t\t\n\t\t\t<p>P\u0159ij\u00edm\u00e1me platby prost\u0159ednictv\u00edm n\u011bkter\u00fdch hlavn\u00edch kreditn\u00edch karet: MasterCard, Visa, American Express, Verve atd. Pro \u0161ifrov\u00e1n\u00ed pou\u017e\u00edv\u00e1me nejpokro\u010dilej\u0161\u00ed bezpe\u010dnostn\u00ed protokoly SSL, tak\u017ee si m\u016f\u017eete b\u00fdt jisti, \u017ee va\u0161e platba je bezpe\u010dn\u00e1.<\/p>\n<h5>Tipy, kter\u00e9 mohou pomoci va\u0161emu procesu:<\/h5>\n<p>Pokud platby sel\u017eou, n\u00e1\u0161 z\u00e1kaznick\u00fd servis v\u00e1s bude kontaktovat a najde mo\u017en\u00e9 \u0159e\u0161en\u00ed, abyste to mohli zkusit znovu. <br \/>NEBO <br \/>Pro dokon\u010den\u00ed platby si m\u016f\u017eete vybrat PayPal. Tato metoda je velmi pohodln\u00e1 a m\u00e1 \u00fasp\u011b\u0161nost 100%.<\/p>\n\t\t\t\t\t<\/div>\n\t\t\t\t\t\t<\/div>\n\t\t\t\t<\/div>\n\t\t\t\t<div class=\"elementor-element elementor-element-901f0a3 wd-width-100 elementor-widget elementor-widget-wd_title\" data-id=\"901f0a3\" data-element_type=\"widget\" data-e-type=\"widget\" data-widget_type=\"wd_title.default\">\n\t\t\t\t<div class=\"elementor-widget-container\">\n\t\t\t\t\t\t\t<div class=\"title-wrapper wd-set-mb reset-last-child wd-title-color-primary wd-title-style-underlined wd-title-size-custom text-left\">\n\n\t\t\t\n\t\t\t<div class=\"liner-continer\">\n\t\t\t\t<h4 class=\"woodmart-title-container title\">3. Bankovn\u00ed p\u0159evod v eurech.<\/h4> \n\t\t\t\t\t\t\t<\/div>\n\n\t\t\t\t\t<\/div>\n\t\t\t\t\t\t<\/div>\n\t\t\t\t<\/div>\n\t\t\t\t<div class=\"elementor-element elementor-element-0734c77 elementor-widget elementor-widget-wd_text_block\" data-id=\"0734c77\" data-element_type=\"widget\" data-e-type=\"widget\" data-widget_type=\"wd_text_block.default\">\n\t\t\t\t<div class=\"elementor-widget-container\">\n\t\t\t\t\t\t\t<div class=\"wd-text-block reset-last-child text-left\">\n\t\t\t\n\t\t\t<p>Po zad\u00e1n\u00ed objedn\u00e1vky v\u00e1m n\u00e1\u0161 syst\u00e9m za\u0161le bankovn\u00ed \u00fadaje e-mailem.<\/p>\n\t\t\t\t\t<\/div>\n\t\t\t\t\t\t<\/div>\n\t\t\t\t<\/div>\n\t\t\t\t<div class=\"elementor-element elementor-element-c84a550 wd-width-100 elementor-widget elementor-widget-wd_title\" data-id=\"c84a550\" data-element_type=\"widget\" data-e-type=\"widget\" data-widget_type=\"wd_title.default\">\n\t\t\t\t<div class=\"elementor-widget-container\">\n\t\t\t\t\t\t\t<div class=\"title-wrapper wd-set-mb reset-last-child wd-title-color-primary wd-title-style-underlined wd-title-size-custom text-left\">\n\n\t\t\t\n\t\t\t<div class=\"liner-continer\">\n\t\t\t\t<h4 class=\"woodmart-title-container title\">Co d\u011blat, kdy\u017e se platba nezda\u0159\u00ed?<\/h4> \n\t\t\t\t\t\t\t<\/div>\n\n\t\t\t\t\t<\/div>\n\t\t\t\t\t\t<\/div>\n\t\t\t\t<\/div>\n\t\t\t\t<div class=\"elementor-element elementor-element-41d0db2 elementor-widget elementor-widget-wd_text_block\" data-id=\"41d0db2\" data-element_type=\"widget\" data-e-type=\"widget\" data-widget_type=\"wd_text_block.default\">\n\t\t\t\t<div class=\"elementor-widget-container\">\n\t\t\t\t\t\t\t<div class=\"wd-text-block reset-last-child text-left\">\n\t\t\t\n\t\t\t<p>Kontaktujte svou banku s dotazy a zkuste to znovu, nebo vyu\u017eijte n\u00e1\u0161 platebn\u00ed syst\u00e9m PayPal.<\/p>\n\t\t\t\t\t<\/div>\n\t\t\t\t\t\t<\/div>\n\t\t\t\t<\/div>\n\t\t\t\t<div class=\"elementor-element elementor-element-5bcaa8d wd-width-100 elementor-widget elementor-widget-wd_title\" data-id=\"5bcaa8d\" data-element_type=\"widget\" data-e-type=\"widget\" data-widget_type=\"wd_title.default\">\n\t\t\t\t<div class=\"elementor-widget-container\">\n\t\t\t\t\t\t\t<div class=\"title-wrapper wd-set-mb reset-last-child wd-title-color-primary wd-title-style-underlined wd-title-size-custom text-left\">\n\n\t\t\t\n\t\t\t<div class=\"liner-continer\">\n\t\t\t\t<h4 class=\"woodmart-title-container title\">Internet Explorer nen\u00ed podporov\u00e1n.<\/h4> \n\t\t\t\t\t\t\t<\/div>\n\n\t\t\t\t\t\t\t<div class=\"title-after_title reset-last-child\">\n\t\t\t\t\tUpozor\u0148ujeme, \u017ee v sou\u010dasn\u00e9 dob\u011b n\u00e1\u0161 syst\u00e9m nefunguje dob\u0159e s prohl\u00ed\u017ee\u010dem Internet Explorer. Pokud jej vyu\u017e\u00edv\u00e1te, webov\u00e1 str\u00e1nka se nemus\u00ed na\u010d\u00edst. Firefox a Google Chrome jsou nejlep\u0161\u00edmi volbami pro pou\u017e\u00edv\u00e1n\u00ed webu. Pokud se vyskytne stejn\u00fd probl\u00e9m, p\u0159e\u010dt\u011bte si pros\u00edm n\u00e1sleduj\u00edc\u00ed podrobnosti.\t\t\t\t<\/div>\n\t\t\t\t\t<\/div>\n\t\t\t\t\t\t<\/div>\n\t\t\t\t<\/div>\n\t\t\t\t<div class=\"elementor-element elementor-element-696735a wd-width-100 elementor-widget elementor-widget-wd_title\" data-id=\"696735a\" data-element_type=\"widget\" data-e-type=\"widget\" data-widget_type=\"wd_title.default\">\n\t\t\t\t<div class=\"elementor-widget-container\">\n\t\t\t\t\t\t\t<div class=\"title-wrapper wd-set-mb reset-last-child wd-title-color-primary wd-title-style-underlined wd-title-size-custom text-left\">\n\n\t\t\t\n\t\t\t<div class=\"liner-continer\">\n\t\t\t\t<h4 class=\"woodmart-title-container title\">PayPal blokuje n\u00e1kup.<\/h4> \n\t\t\t\t\t\t\t<\/div>\n\n\t\t\t\t\t<\/div>\n\t\t\t\t\t\t<\/div>\n\t\t\t\t<\/div>\n\t\t\t\t\t<\/div>\n\t\t<\/div>\n\t\t\t\t\t<\/div>\n\t\t<\/section>\n\t\t\t\t<section class=\"wd-negative-gap elementor-section elementor-top-section elementor-element elementor-element-efd7b2e elementor-section-boxed elementor-section-height-default elementor-section-height-default\" data-id=\"efd7b2e\" data-element_type=\"section\" data-e-type=\"section\">\n\t\t\t\t\t\t<div class=\"elementor-container elementor-column-gap-default\">\n\t\t\t\t\t<div class=\"elementor-column elementor-col-100 elementor-top-column elementor-element elementor-element-5484bf5\" data-id=\"5484bf5\" data-element_type=\"column\" data-e-type=\"column\">\n\t\t\t<div class=\"elementor-widget-wrap elementor-element-populated\">\n\t\t\t\t\t\t<div class=\"elementor-element elementor-element-0ba4f96 elementor-widget elementor-widget-wd_text_block\" data-id=\"0ba4f96\" data-element_type=\"widget\" data-e-type=\"widget\" data-widget_type=\"wd_text_block.default\">\n\t\t\t\t<div class=\"elementor-widget-container\">\n\t\t\t\t\t\t\t<div class=\"wd-text-block reset-last-child text-left\">\n\t\t\t\n\t\t\tVa\u0161e kreditn\u00ed nebo debetn\u00ed karta je neplatn\u00e1. P\u0159\u00edklady <p>tento sc\u00e9n\u00e1\u0159 jsou neplatn\u00e9 karty, karty s pro\u0161lou platnost\u00ed, zak\u00e1zan\u00e9 karty nebo p\u0159e\u010derpan\u00e9 karty. <\/p>\n<p>\nVa\u0161e kreditn\u00ed nebo debetn\u00ed karta nen\u00ed autorizov\u00e1na pro mezin\u00e1rodn\u00ed transakce. Ujist\u011bte se, \u017ee va\u0161e karty mohou nakupovat polo\u017eky od zahrani\u010dn\u00edch obchodn\u00edk\u016f.<\/p>\n<p>Pokud se v\u00e1m od PayPalu zobrazuje chyba potvrzen\u00ed, jedn\u00e1 se o chybu z va\u0161eho zdroje financov\u00e1n\u00ed. Pro v\u00edce informac\u00ed kontaktujte podporu PayPal.com.<\/p>\n\n\t\t\t\t\t<\/div>\n\t\t\t\t\t\t<\/div>\n\t\t\t\t<\/div>\n\t\t\t\t<div class=\"elementor-element elementor-element-feac807 wd-width-100 elementor-widget elementor-widget-wd_title\" data-id=\"feac807\" data-element_type=\"widget\" data-e-type=\"widget\" data-widget_type=\"wd_title.default\">\n\t\t\t\t<div class=\"elementor-widget-container\">\n\t\t\t\t\t\t\t<div class=\"title-wrapper wd-set-mb reset-last-child wd-title-color-primary wd-title-style-underlined wd-title-size-custom text-left\">\n\n\t\t\t\n\t\t\t<div class=\"liner-continer\">\n\t\t\t\t<h4 class=\"woodmart-title-container title\">Zkontrolujte svou kartu.<\/h4> \n\t\t\t\t\t\t\t<\/div>\n\n\t\t\t\t\t<\/div>\n\t\t\t\t\t\t<\/div>\n\t\t\t\t<\/div>\n\t\t\t\t<div class=\"elementor-element elementor-element-8ebe305 elementor-widget elementor-widget-wd_text_block\" data-id=\"8ebe305\" data-element_type=\"widget\" data-e-type=\"widget\" data-widget_type=\"wd_text_block.default\">\n\t\t\t\t<div class=\"elementor-widget-container\">\n\t\t\t\t\t\t\t<div class=\"wd-text-block reset-last-child text-left\">\n\t\t\t\n\t\t\t<p><strong>Necti:<\/strong> Banka transakci nechce povolit. Pokud se platba nezda\u0159\u00ed, zavolejte do sv\u00e9 banky a vysv\u011btlete, pro\u010d byla platba odm\u00edtnuta, a po\u017eadujte jej\u00ed uvoln\u011bn\u00ed. Pot\u00e9 n\u00e1s pros\u00edm informujte a my v\u00e1m platbu znovu ode\u0161leme ke schv\u00e1len\u00ed.<\/p>\n<p><strong>Vysok\u00e9 riziko:<\/strong> Banka vy\u017eaduje dal\u0161\u00ed potvrzen\u00ed, aby se vyhnula rizik\u016fm. Vyfo\u0165te svou kartu a po\u0161lete n\u00e1m e-mail, pot\u00e9 ji p\u0159ed\u00e1me bance k ov\u011b\u0159en\u00ed a pokus\u00edme se slu\u017ebu \u00fa\u010dtovat. \u010c\u00edslo uprost\u0159ed m\u016f\u017eete zablokovat, ale ujist\u011bte se, \u017ee jsou viditeln\u00e9 posledn\u00ed \u010dty\u0159i \u010d\u00edslice.<\/p>\n<p><strong>Nedostate\u010dn\u00e9 finan\u010dn\u00ed prost\u0159edky:<\/strong> \u00da\u010det v t\u00e9 dob\u011b neposkytuje dostatek prost\u0159edk\u016f na pokryt\u00ed transakce.<\/p>\n<p><strong>Limit p\u0159ekro\u010den:<\/strong> Transakce, o kterou jste se pokusili, p\u0159ekra\u010duje limit v\u00fdb\u011bru \u00fa\u010dtu.<\/p>\n<p><strong>Platnost karty:<\/strong> Pou\u017eijte pros\u00edm jinou kartu, platnost karty vypr\u0161ela.<\/p>\n<p><strong>Neplatn\u00e9 \u010d\u00edslo kreditn\u00ed karty:<\/strong> Zadali jste neplatn\u00fd zp\u016fsob platby nebo zadali nespr\u00e1vn\u00e9 \u010d\u00edslice karty.<\/p>\n<p><strong>Neplatn\u00e9 datum vypr\u0161en\u00ed platnosti:<\/strong> Neplatn\u00e1 platebn\u00ed metoda nebo jste ud\u011blali p\u0159eklep p\u0159i zad\u00e1v\u00e1n\u00ed data vypr\u0161en\u00ed platnosti karty. Opravte platebn\u00ed \u00fadaje a prove\u010fte dal\u0161\u00ed pokus. Pokud se jedn\u00e1 o trval\u00fd probl\u00e9m, kontaktujte svou banku.<\/p>\n<p><strong>Na z\u00e1klad\u011b um\u00edst\u011bn\u00ed:<\/strong> Transakce byla zam\u00edtnuta z d\u016fvodu um\u00edst\u011bn\u00ed.<\/p>\n<p><strong>Pravidla banky pro podvody:<\/strong> P\u0159edpisy banky o podvodech transakci zablokovaly.<\/p>\n\t\t\t\t\t<\/div>\n\t\t\t\t\t\t<\/div>\n\t\t\t\t<\/div>\n\t\t\t\t<div class=\"elementor-element elementor-element-769c870 wd-width-100 elementor-widget elementor-widget-wd_title\" data-id=\"769c870\" data-element_type=\"widget\" data-e-type=\"widget\" data-widget_type=\"wd_title.default\">\n\t\t\t\t<div class=\"elementor-widget-container\">\n\t\t\t\t\t\t\t<div class=\"title-wrapper wd-set-mb reset-last-child wd-title-color-primary wd-title-style-underlined wd-title-size-custom text-left\">\n\n\t\t\t\n\t\t\t<div class=\"liner-continer\">\n\t\t\t\t<h4 class=\"woodmart-title-container title\">Pokud tyto probl\u00e9my p\u0159etrv\u00e1vaj\u00ed nebo se va\u0161e platba nezpracov\u00e1v\u00e1 p\u0159es PayPal, zkuste: <\/h4> \n\t\t\t\t\t\t\t<\/div>\n\n\t\t\t\t\t<\/div>\n\t\t\t\t\t\t<\/div>\n\t\t\t\t<\/div>\n\t\t\t\t<div class=\"elementor-element elementor-element-1b81e5f elementor-widget elementor-widget-wd_text_block\" data-id=\"1b81e5f\" data-element_type=\"widget\" data-e-type=\"widget\" data-widget_type=\"wd_text_block.default\">\n\t\t\t\t<div class=\"elementor-widget-container\">\n\t\t\t\t\t\t\t<div class=\"wd-text-block reset-last-child text-left\">\n\t\t\t\n\t\t\t<p>Prove\u010fte platbu znovu v prohl\u00ed\u017ee\u010di, kter\u00fd je v anonymn\u00edm re\u017eimu. <\/p>\n<p>Nebo zm\u011bnit zp\u016fsob platby p\u0159i placen\u00ed nebo pou\u017e\u00edt jinou kartu nebo \u00fa\u010det PayPal. <\/p>\n<p>Pokud se \u017e\u00e1dn\u00fd z t\u011bchto probl\u00e9m\u016f net\u00fdk\u00e1, kontaktujte n\u00e1s a uve\u010fte \u010d\u00edslo objedn\u00e1vky, jm\u00e9no a adresu a sn\u00edmek obrazovky s upozorn\u011bn\u00edm na chybu, abychom v\u00e1m mohli pomoci pokra\u010dovat v objedn\u00e1vce a potvrdit probl\u00e9m s chybou. <\/p>\n<p>A kone\u010dn\u011b, m\u011bjte na pam\u011bti, \u017ee m\u00e1te pr\u00e1vo obdr\u017eet podrobnosti o v\u0161ech ne\u00fasp\u011b\u0161n\u00fdch nebo \u00fasp\u011b\u0161n\u00fdch transakc\u00edch od va\u0161\u00ed banky. Bez ohledu na to, pokud n\u011bjak\u00e1 platba neprob\u011bhne, kontaktujte pros\u00edm svou banku nebo n\u00e1s.<\/p>\n\t\t\t\t\t<\/div>\n\t\t\t\t\t\t<\/div>\n\t\t\t\t<\/div>\n\t\t\t\t\t<\/div>\n\t\t<\/div>\n\t\t\t\t\t<\/div>\n\t\t<\/section>\n\t\t\t\t<\/div>","protected":false},"excerpt":{"rendered":"<p>Nakupov\u00e1n\u00ed u panenky zx je bezpe\u010dn\u00e9, rychl\u00e9 a pohodln\u00e9. Zp\u016fsoby platby jsou uvedeny n\u00ed\u017ee: 1. Paypal M\u016f\u017eete<\/p>","protected":false},"author":4,"featured_media":0,"parent":0,"menu_order":0,"comment_status":"closed","ping_status":"closed","template":"","meta":{"footnotes":""},"class_list":["post-12","page","type-page","status-publish","hentry"],"_links":{"self":[{"href":"https:\/\/zxdoll.com\/cs\/wp-json\/wp\/v2\/pages\/12","targetHints":{"allow":["GET"]}}],"collection":[{"href":"https:\/\/zxdoll.com\/cs\/wp-json\/wp\/v2\/pages"}],"about":[{"href":"https:\/\/zxdoll.com\/cs\/wp-json\/wp\/v2\/types\/page"}],"author":[{"embeddable":true,"href":"https:\/\/zxdoll.com\/cs\/wp-json\/wp\/v2\/users\/4"}],"replies":[{"embeddable":true,"href":"https:\/\/zxdoll.com\/cs\/wp-json\/wp\/v2\/comments?post=12"}],"version-history":[{"count":1,"href":"https:\/\/zxdoll.com\/cs\/wp-json\/wp\/v2\/pages\/12\/revisions"}],"predecessor-version":[{"id":155668,"href":"https:\/\/zxdoll.com\/cs\/wp-json\/wp\/v2\/pages\/12\/revisions\/155668"}],"wp:attachment":[{"href":"https:\/\/zxdoll.com\/cs\/wp-json\/wp\/v2\/media?parent=12"}],"curies":[{"name":"wp","href":"https:\/\/api.w.org\/{rel}","templated":true}]}}